{"id":45112,"date":"2019-10-31T15:00:52","date_gmt":"2019-10-31T14:00:52","guid":{"rendered":"https:\/\/www.manetti.com\/termini-e-condizioni\/"},"modified":"2022-05-16T12:12:08","modified_gmt":"2022-05-16T10:12:08","slug":"bedingungen-und-konditionen","status":"publish","type":"page","link":"https:\/\/www.manetti.com\/de\/home\/bedingungen-und-konditionen\/","title":{"rendered":"BEDINGUNGEN UND KONDITIONEN"},"content":{"rendered":"\n<h2 class=\"wp-block-heading\">BEDINGUNGEN UND KONDITIONEN<\/h2>\n\n\n\n<p><strong>Regeln f\u00fcr die Nutzung der Website und Allgemeine Verkaufsbedingungen<\/strong><\/p>\n\n\n\n<p>Eigent\u00fcmer der Website:<\/p>\n\n\n\n<p>Giusto Manetti Battiloro S.p.a., Via Tosca Fiesoli n\u00b0 89\/M &#8211; Campi Bisenzio (FI), eingetragen im Handelsregister von Florenz VAT\/StNr: 00389280488, REA von Florenz n. FI-42738.<\/p>\n\n\n\n<p>Kontakte: giustomanettibattilorospa@pec.it<\/p>\n\n\n\n<p><strong>Vorwort<\/strong><\/p>\n\n\n\n<p>Das vorliegende Dokument enth\u00e4lt die Nutzungsbedingungen (im Folgenden die &#8220;Nutzungsbedingungen&#8221;) der Website www.manetti.com (im Folgenden auch die &#8220;Website&#8221;).<\/p>\n\n\n\n<p>Es gelten die zum Zeitpunkt des Zugriffs auf die Website auf der Website ver\u00f6ffentlichten Nutzungsbedingungen. Alle \u00c4nderungen und\/oder Aktualisierungen der Nutzungsregeln sind ab ihrer Ver\u00f6ffentlichung auf der Website g\u00fcltig und wirksam.<\/p>\n\n\n\n<p>Informationen \u00fcber die Verwendung von personenbezogenen Daten und Cookies finden Sie in den entsprechenden Richtlinien auf der Website.<\/p>\n\n\n\n<p><strong>Regeln f\u00fcr die Nutzung<\/strong><\/p>\n\n\n\n<p>Mit dem Zugriff auf die Website erkl\u00e4rt sich der Nutzer ausdr\u00fccklich damit einverstanden, alle hierin enthaltenen Nutzungsbedingungen einzuhalten.<\/p>\n\n\n\n<p>Giusto Manetti Battiloro S.p.a., als Eigent\u00fcmer der Website, beh\u00e4lt sich das Recht vor, die Nutzung der Website auszuschlie\u00dfen und\/oder einzuschr\u00e4nken, wenn der Nutzer diese Nutzungsbedingungen nicht akzeptiert und nicht beabsichtigt, diese einzuhalten.<\/p>\n\n\n\n<p>Der Zugang zur Website bietet dem Benutzer Informationen \u00fcber die Produkte von Giusto Manetti Battiloro S.p.a. sowie Zugang zu einem reservierten Bereich.<\/p>\n\n\n\n<p><strong>Anmeldung auf der Website<\/strong><\/p>\n\n\n\n<p>Die Anmeldung auf der Website \u00fcber das entsprechende Formular ist kostenlos.<\/p>\n\n\n\n<p>Die Anmeldung erm\u00f6glicht es dem Benutzer, die folgenden Aktivit\u00e4ten durchzuf\u00fchren:<\/p>\n\n\n\n<p><\/p>\n\n\n\n<p>&#8211; Sehen Sie sich ausf\u00fchrliches Material und Dokumentationen zu Vergoldungstechniken und\/oder zu den auf der Website beworbenen Produkten an;<\/p>\n\n\n\n<p>&#8211; Informatives, technisches und\/oder kommerzielles Material zu den Produkten ansehen und\/oder herunterladen;<\/p>\n\n\n\n<p>&#8211; Anfragen f\u00fcr Kostenvoranschl\u00e4ge anzeigen;<\/p>\n\n\n\n<p>&#8211; \u00c4ndern Sie ihre Zugangsdaten;<\/p>\n\n\n\n<p><\/p>\n\n\n\n<p>Der Nutzer kann jederzeit die Deaktivierung und L\u00f6schung seines Kontos \u00fcber den entsprechenden Link auf der Website oder durch direkte Mitteilung an die E-Mail-Adresse <a href=\"mailto:goldleaf@manetti.it\"><strong style=\"color:#c39f5f\">goldleaf@manetti.it<\/strong><\/a> beantragen.<\/p>\n\n\n\n<p>Der Nutzer ist verpflichtet, seine Zugangsdaten zu seinem Konto (Benutzerkennung und Passwort) mit der erforderlichen Sorgfalt zu sch\u00fctzen. Bei Verlust oder Diebstahl der Zugangsdaten aus Gr\u00fcnden, die nicht Giusto Manetti Battiloro S.p.a. zuzuschreiben sind, kann dieser keine Verantwortung f\u00fcr eine unbefugte Abfrage des Kontos durch Dritte zugeschrieben werden.<\/p>\n\n\n\n<p>Giusto Manetti Battiloro S.p.a. beh\u00e4lt sich das Recht vor, ein Kundenkonto jederzeit und ohne vorherige Ank\u00fcndigung zu sperren oder zu schlie\u00dfen, wenn Unregelm\u00e4\u00dfigkeiten beim Zugriff auf die Website festgestellt werden.<\/p>\n\n\n\n<p><strong>Eigentum &#8211; Urheberrecht &amp; Warenzeichen<\/strong><\/p>\n\n\n\n<p>Alle auf der Website ver\u00f6ffentlichten Inhalte, wie z.B. Dokumentation, Bilder, Schriftzeichen, Design, Musik, Software, Codes und Formatskripte, Marken und\/oder andere Unterscheidungsmerkmale, sind Eigentum von Giusto Manetti Battiloro S.p.a. und\/oder in jedem Fall in deren rechtlichem Besitz. Das auf der Website enthaltene Material ist durch das Urheberrecht gesch\u00fctzt. Jede Vervielf\u00e4ltigung, Ver\u00e4nderung, \u00dcbertragung, Ver\u00f6ffentlichung oder Weitergabe an Dritte zu kommerziellen Zwecken ist strengstens untersagt. In jedem Fall ist es den Nutzern ausdr\u00fccklich untersagt, die Inhalte oder Marken auf der Website f\u00fcr andere Zwecke als die Nutzung der auf der Website angebotenen Dienste zu verwenden.<\/p>\n\n\n\n<p><strong>Haftungsausschlu\u00df<\/strong><\/p>\n\n\n\n<p>Alle Informationen, die auf der Website ver\u00f6ffentlicht werden, dienen dazu, dem Benutzer einen Service zu bieten. In jedem Fall lehnt Giusto Manetti Battiloro S.p.a. jede Verantwortung f\u00fcr eventuelle Ungenauigkeiten und\/oder Fehler in den gemeldeten Informationen ab, die nach Benachrichtigung unverz\u00fcglich korrigiert werden.<\/p>\n\n\n\n<p>Giusto Manetti Battiloro S.p.a. beh\u00e4lt sich au\u00dferdem das Recht vor, Korrekturen und \u00c4nderungen an der Website sowie an den in diesem rechtlichen Hinweis enthaltenen Bedingungen vorzunehmen, wann immer sie dies f\u00fcr notwendig erachtet, ohne dies vorher anzuk\u00fcndigen.<\/p>\n\n\n\n<p>Der Benutzer ist verpflichtet, die in diesem rechtlichen Hinweis enthaltenen Bedingungen einzuhalten und regelm\u00e4\u00dfig nach Aktualisierungen, \u00c4nderungen und Korrekturen zu suchen.<\/p>\n\n\n\n<p>Giusto Manetti Battiloro S.p.a. lehnt jede Verantwortung f\u00fcr eventuelle Fehlfunktionen im Zusammenhang mit der Deaktivierung von Cookies im Browser des Benutzers sowie f\u00fcr Unterbrechungen und\/oder Aussetzungen der vollst\u00e4ndigen oder teilweisen Nutzung der Website aufgrund von Problemen technischer Art ab. Im Falle von Problemen beim Betrieb der Website kann der Nutzer die St\u00f6rung melden an: <a href=\"mailto:goldleaf@manetti.it\"><strong style=\"color:#c39f5f\">goldleaf@manetti.it<\/strong><\/a> <\/p>\n\n\n\n<p><br><strong>Italienisches Recht<\/strong><\/p>\n\n\n\n<p>Benutzer, die auf die Website zugreifen, erkl\u00e4ren sich damit einverstanden, dass alle Angelegenheiten im Zusammenhang mit der Nutzung der Website www.manetti.com durch die geltende Gesetzgebung des italienischen Staates geregelt werden. F\u00fcr die Beilegung von Streitigkeiten im Zusammenhang mit der Auslegung, Ausf\u00fchrung oder Beendigung der vorliegenden Nutzungsbedingungen ist gem\u00e4\u00df Artikel 66 bis des Verbraucherschutzgesetzes ausschlie\u00dflich das Gericht des Wohnsitzes oder des Sitzes des Nutzers zust\u00e4ndig, sofern dieser sich auf italienischem Staatsgebiet befindet. F\u00fcr Gesch\u00e4ftskunden (B2B) ist die territoriale Zust\u00e4ndigkeit der Gerichtshof von Florenz.<\/p>\n\n\n\n<p>Giusto Manetti Battiloro S.p.a. garantiert nicht die \u00dcbereinstimmung des Inhalts der Website mit den in anderen L\u00e4ndern geltenden Vorschriften. Der Zugriff auf die Website von Orten aus, an denen die entsprechenden Inhalte als illegal gelten, ist ausdr\u00fccklich verboten. Der Benutzer, der beschlie\u00dft, von diesen L\u00e4ndern aus auf die Website zuzugreifen, ist sich der rechtlichen Konsequenzen und Strafen, die ihm drohen, voll bewusst und ist allein f\u00fcr die Einhaltung der \u00f6rtlichen Gesetze verantwortlich.<\/p>\n\n\n\n<p><strong>Schlussbestimmungen<\/strong><\/p>\n\n\n\n<p>Giusto Manetti Battiloro S.p.a. beh\u00e4lt sich das Recht vor, die Nutzung der Website und der entsprechenden Dienste einseitig zu \u00e4ndern, auszusetzen oder zu unterbrechen.<\/p>\n\n\n\n<p>Giusto Manetti Battiloro S.p.a. beh\u00e4lt sich au\u00dferdem das Recht vor, Werbebanner auf der Website zu platzieren, auch solche von Dritten. In diesem Fall \u00fcbernimmt Giusto Manetti Battiloro S.p.a. keine Verantwortung f\u00fcr den Inhalt der oben genannten Banner sowie f\u00fcr den Zugang des Benutzers zu externen Websites Dritter \u00fcber die auf der Website vorhandenen Links.<\/p>\n","protected":false},"excerpt":{"rendered":"<p>BEDINGUNGEN UND KONDITIONEN Regeln f\u00fcr die Nutzung der Website und Allgemeine Verkaufsbedingungen Eigent\u00fcmer der Website: Giusto Manetti Battiloro S.p.a., Via Tosca Fiesoli n\u00b0 89\/M &#8211; Campi Bisenzio (FI), eingetragen im Handelsregister von Florenz VAT\/StNr: 00389280488, REA von Florenz n. FI-42738. Kontakte: giustomanettibattilorospa@pec.it Vorwort Das vorliegende Dokument enth\u00e4lt die Nutzungsbedingungen (im Folgenden die &#8220;Nutzungsbedingungen&#8221;) der Website [&#8230;]<\/p>\n<p><a class=\"btn btn-secondary understrap-read-more-link\" href=\"https:\/\/www.manetti.com\/de\/home\/bedingungen-und-konditionen\/\">Weiterlesen&#8230;<\/a><\/p>\n","protected":false},"author":1,"featured_media":0,"parent":45481,"menu_order":0,"comment_status":"closed","ping_status":"closed","template":"page-templates\/static_template.php","meta":{"_acf_changed":false,"footnotes":""},"class_list":["post-45112","page","type-page","status-publish","hentry"],"acf":[],"yoast_head":"<!-- This site is optimized with the Yoast SEO plugin v26.5 - https:\/\/yoast.com\/wordpress\/plugins\/seo\/ -->\n<title>BEDINGUNGEN UND KONDITIONEN | Giusto Manetti Battiloro<\/title>\n<meta name=\"robots\" content=\"noindex, follow\" \/>\n<meta property=\"og:locale\" content=\"de_DE\" \/>\n<meta property=\"og:type\" content=\"article\" \/>\n<meta property=\"og:title\" content=\"BEDINGUNGEN UND KONDITIONEN | Giusto Manetti Battiloro\" \/>\n<meta property=\"og:description\" content=\"BEDINGUNGEN UND KONDITIONEN Regeln f\u00fcr die Nutzung der Website und Allgemeine Verkaufsbedingungen Eigent\u00fcmer der Website: Giusto Manetti Battiloro S.p.a., Via Tosca Fiesoli n\u00b0 89\/M &#8211; Campi Bisenzio (FI), eingetragen im Handelsregister von Florenz VAT\/StNr: 00389280488, REA von Florenz n. FI-42738. Kontakte: giustomanettibattilorospa@pec.it Vorwort Das vorliegende Dokument enth\u00e4lt die Nutzungsbedingungen (im Folgenden die &#8220;Nutzungsbedingungen&#8221;) der Website [...]Weiterlesen...\" \/>\n<meta property=\"og:url\" content=\"https:\/\/www.manetti.com\/de\/home\/bedingungen-und-konditionen\/\" \/>\n<meta property=\"og:site_name\" content=\"Giusto Manetti Battiloro\" \/>\n<meta property=\"article:publisher\" content=\"https:\/\/www.facebook.com\/giustomanettibattiloro\" \/>\n<meta property=\"article:modified_time\" content=\"2022-05-16T10:12:08+00:00\" \/>\n<meta name=\"twitter:card\" content=\"summary_large_image\" \/>\n<meta name=\"twitter:label1\" content=\"Gesch\u00e4tzte Lesezeit\" \/>\n\t<meta name=\"twitter:data1\" content=\"4\u00a0Minuten\" \/>\n<script type=\"application\/ld+json\" class=\"yoast-schema-graph\">{\"@context\":\"https:\/\/schema.org\",\"@graph\":[{\"@type\":\"WebPage\",\"@id\":\"https:\/\/www.manetti.com\/de\/home\/bedingungen-und-konditionen\/\",\"url\":\"https:\/\/www.manetti.com\/de\/home\/bedingungen-und-konditionen\/\",\"name\":\"BEDINGUNGEN UND KONDITIONEN | Giusto Manetti Battiloro\",\"isPartOf\":{\"@id\":\"https:\/\/www.manetti.com\/de\/#website\"},\"datePublished\":\"2019-10-31T14:00:52+00:00\",\"dateModified\":\"2022-05-16T10:12:08+00:00\",\"inLanguage\":\"de\",\"potentialAction\":[{\"@type\":\"ReadAction\",\"target\":[\"https:\/\/www.manetti.com\/de\/home\/bedingungen-und-konditionen\/\"]}]},{\"@type\":\"WebSite\",\"@id\":\"https:\/\/www.manetti.com\/de\/#website\",\"url\":\"https:\/\/www.manetti.com\/de\/\",\"name\":\"Giusto Manetti Battiloro\",\"description\":\"\",\"publisher\":{\"@id\":\"https:\/\/www.manetti.com\/de\/#organization\"},\"potentialAction\":[{\"@type\":\"SearchAction\",\"target\":{\"@type\":\"EntryPoint\",\"urlTemplate\":\"https:\/\/www.manetti.com\/de\/?s={search_term_string}\"},\"query-input\":{\"@type\":\"PropertyValueSpecification\",\"valueRequired\":true,\"valueName\":\"search_term_string\"}}],\"inLanguage\":\"de\"},{\"@type\":\"Organization\",\"@id\":\"https:\/\/www.manetti.com\/de\/#organization\",\"name\":\"GIUSTO MANETTI BATTILORO S.P.A.\",\"url\":\"https:\/\/www.manetti.com\/de\/\",\"logo\":{\"@type\":\"ImageObject\",\"inLanguage\":\"de\",\"@id\":\"https:\/\/www.manetti.com\/de\/#\/schema\/logo\/image\/\",\"url\":\"https:\/\/www.manetti.com\/wp-content\/uploads\/2025\/02\/giusto-manetti-blu_300-02.png\",\"contentUrl\":\"https:\/\/www.manetti.com\/wp-content\/uploads\/2025\/02\/giusto-manetti-blu_300-02.png\",\"width\":1123,\"height\":1093,\"caption\":\"GIUSTO MANETTI BATTILORO S.P.A.\"},\"image\":{\"@id\":\"https:\/\/www.manetti.com\/de\/#\/schema\/logo\/image\/\"},\"sameAs\":[\"https:\/\/www.facebook.com\/giustomanettibattiloro\",\"https:\/\/www.instagram.com\/giustomanettibattiloro\/\",\"https:\/\/www.linkedin.com\/company\/giusto-manetti-battiloro-s-p-a-\/\",\"https:\/\/www.youtube.com\/user\/ManettiBattiloro\"]}]}<\/script>\n<!-- \/ Yoast SEO plugin. -->","yoast_head_json":{"title":"BEDINGUNGEN UND KONDITIONEN | Giusto Manetti Battiloro","robots":{"index":"noindex","follow":"follow"},"og_locale":"de_DE","og_type":"article","og_title":"BEDINGUNGEN UND KONDITIONEN | Giusto Manetti Battiloro","og_description":"BEDINGUNGEN UND KONDITIONEN Regeln f\u00fcr die Nutzung der Website und Allgemeine Verkaufsbedingungen Eigent\u00fcmer der Website: Giusto Manetti Battiloro S.p.a., Via Tosca Fiesoli n\u00b0 89\/M &#8211; Campi Bisenzio (FI), eingetragen im Handelsregister von Florenz VAT\/StNr: 00389280488, REA von Florenz n. FI-42738. Kontakte: giustomanettibattilorospa@pec.it Vorwort Das vorliegende Dokument enth\u00e4lt die Nutzungsbedingungen (im Folgenden die &#8220;Nutzungsbedingungen&#8221;) der Website [...]Weiterlesen...","og_url":"https:\/\/www.manetti.com\/de\/home\/bedingungen-und-konditionen\/","og_site_name":"Giusto Manetti Battiloro","article_publisher":"https:\/\/www.facebook.com\/giustomanettibattiloro","article_modified_time":"2022-05-16T10:12:08+00:00","twitter_card":"summary_large_image","twitter_misc":{"Gesch\u00e4tzte Lesezeit":"4\u00a0Minuten"},"schema":{"@context":"https:\/\/schema.org","@graph":[{"@type":"WebPage","@id":"https:\/\/www.manetti.com\/de\/home\/bedingungen-und-konditionen\/","url":"https:\/\/www.manetti.com\/de\/home\/bedingungen-und-konditionen\/","name":"BEDINGUNGEN UND KONDITIONEN | Giusto Manetti Battiloro","isPartOf":{"@id":"https:\/\/www.manetti.com\/de\/#website"},"datePublished":"2019-10-31T14:00:52+00:00","dateModified":"2022-05-16T10:12:08+00:00","inLanguage":"de","potentialAction":[{"@type":"ReadAction","target":["https:\/\/www.manetti.com\/de\/home\/bedingungen-und-konditionen\/"]}]},{"@type":"WebSite","@id":"https:\/\/www.manetti.com\/de\/#website","url":"https:\/\/www.manetti.com\/de\/","name":"Giusto Manetti Battiloro","description":"","publisher":{"@id":"https:\/\/www.manetti.com\/de\/#organization"},"potentialAction":[{"@type":"SearchAction","target":{"@type":"EntryPoint","urlTemplate":"https:\/\/www.manetti.com\/de\/?s={search_term_string}"},"query-input":{"@type":"PropertyValueSpecification","valueRequired":true,"valueName":"search_term_string"}}],"inLanguage":"de"},{"@type":"Organization","@id":"https:\/\/www.manetti.com\/de\/#organization","name":"GIUSTO MANETTI BATTILORO S.P.A.","url":"https:\/\/www.manetti.com\/de\/","logo":{"@type":"ImageObject","inLanguage":"de","@id":"https:\/\/www.manetti.com\/de\/#\/schema\/logo\/image\/","url":"https:\/\/www.manetti.com\/wp-content\/uploads\/2025\/02\/giusto-manetti-blu_300-02.png","contentUrl":"https:\/\/www.manetti.com\/wp-content\/uploads\/2025\/02\/giusto-manetti-blu_300-02.png","width":1123,"height":1093,"caption":"GIUSTO MANETTI BATTILORO S.P.A."},"image":{"@id":"https:\/\/www.manetti.com\/de\/#\/schema\/logo\/image\/"},"sameAs":["https:\/\/www.facebook.com\/giustomanettibattiloro","https:\/\/www.instagram.com\/giustomanettibattiloro\/","https:\/\/www.linkedin.com\/company\/giusto-manetti-battiloro-s-p-a-\/","https:\/\/www.youtube.com\/user\/ManettiBattiloro"]}]}},"_links":{"self":[{"href":"https:\/\/www.manetti.com\/de\/wp-json\/wp\/v2\/pages\/45112","targetHints":{"allow":["GET"]}}],"collection":[{"href":"https:\/\/www.manetti.com\/de\/wp-json\/wp\/v2\/pages"}],"about":[{"href":"https:\/\/www.manetti.com\/de\/wp-json\/wp\/v2\/types\/page"}],"author":[{"embeddable":true,"href":"https:\/\/www.manetti.com\/de\/wp-json\/wp\/v2\/users\/1"}],"replies":[{"embeddable":true,"href":"https:\/\/www.manetti.com\/de\/wp-json\/wp\/v2\/comments?post=45112"}],"version-history":[{"count":0,"href":"https:\/\/www.manetti.com\/de\/wp-json\/wp\/v2\/pages\/45112\/revisions"}],"up":[{"embeddable":true,"href":"https:\/\/www.manetti.com\/de\/wp-json\/wp\/v2\/pages\/45481"}],"wp:attachment":[{"href":"https:\/\/www.manetti.com\/de\/wp-json\/wp\/v2\/media?parent=45112"}],"curies":[{"name":"wp","href":"https:\/\/api.w.org\/{rel}","templated":true}]}}