{"id":45157,"date":"2019-10-29T16:54:04","date_gmt":"2019-10-29T15:54:04","guid":{"rendered":"https:\/\/www.manetti.com\/ueber-uns\/la-nostra-storia\/"},"modified":"2022-03-31T11:12:41","modified_gmt":"2022-03-31T09:12:41","slug":"geschichte","status":"publish","type":"page","link":"https:\/\/www.manetti.com\/de\/ueber-uns\/ueber-uns\/geschichte\/","title":{"rendered":"Geschichte"},"content":{"rendered":"","protected":false},"excerpt":{"rendered":"<p> [&#8230;]<\/p>\n<p><a class=\"btn btn-secondary understrap-read-more-link\" href=\"https:\/\/www.manetti.com\/de\/ueber-uns\/ueber-uns\/geschichte\/\">Weiterlesen&#8230;<\/a><\/p>\n","protected":false},"author":1,"featured_media":0,"parent":45145,"menu_order":0,"comment_status":"closed","ping_status":"closed","template":"page-templates\/about-us-template.php","meta":{"_acf_changed":false,"footnotes":""},"class_list":["post-45157","page","type-page","status-publish","hentry"],"acf":[],"yoast_head":"<!-- This site is optimized with the Yoast SEO plugin v26.5 - https:\/\/yoast.com\/wordpress\/plugins\/seo\/ -->\n<title>Eine 400-j\u00e4hrige Familiengeschichte | Giusto Manetti Battiloro<\/title>\n<meta name=\"description\" content=\"Eine sehr solide goldene Linie zeichnet den Stammbaum der Familie Manetti nach und verbindet die Etappen der Geschichte eines Familienunternehmens, das seit \u00fcber 400 Jahren den h\u00f6chsten Ausdruck des Goldschl\u00e4gers darstellt.\" \/>\n<meta name=\"robots\" content=\"index, follow, max-snippet:-1, max-image-preview:large, max-video-preview:-1\" \/>\n<link rel=\"canonical\" href=\"https:\/\/www.manetti.com\/de\/ueber-uns\/ueber-uns\/geschichte\/\" \/>\n<meta property=\"og:locale\" content=\"de_DE\" \/>\n<meta property=\"og:type\" content=\"article\" \/>\n<meta property=\"og:title\" content=\"Una storia familiare lunga 400 anni | Giusto Manetti Battiloro\" \/>\n<meta property=\"og:description\" content=\"Una solidissima linea dorata disegna l\u2019albero genealogico dei Manetti e lega le tappe della storia di un\u2019azienda familiare da oltre 400 anni.\" \/>\n<meta property=\"og:url\" content=\"https:\/\/www.manetti.com\/de\/ueber-uns\/ueber-uns\/geschichte\/\" \/>\n<meta property=\"og:site_name\" content=\"Giusto Manetti Battiloro\" \/>\n<meta property=\"article:publisher\" content=\"https:\/\/www.facebook.com\/giustomanettibattiloro\" \/>\n<meta property=\"article:modified_time\" content=\"2022-03-31T09:12:41+00:00\" \/>\n<meta property=\"og:image\" content=\"https:\/\/www.manetti.com\/wp-content\/uploads\/2020\/04\/Storia_Slide_1920.jpg\" \/>\n\t<meta property=\"og:image:width\" content=\"1920\" \/>\n\t<meta property=\"og:image:height\" content=\"1166\" \/>\n\t<meta property=\"og:image:type\" content=\"image\/jpeg\" \/>\n<meta name=\"twitter:card\" content=\"summary_large_image\" \/>\n<meta name=\"twitter:title\" content=\"Una storia familiare lunga 400 anni | Giusto Manetti Battiloro\" \/>\n<meta name=\"twitter:description\" content=\"Una solidissima linea dorata disegna l\u2019albero genealogico dei Manetti e lega le tappe della storia di un\u2019azienda familiare da oltre 400 anni.\" \/>\n<meta name=\"twitter:image\" content=\"https:\/\/www.manetti.com\/wp-content\/uploads\/2020\/04\/Storia_Slide_1920.jpg\" \/>\n<script type=\"application\/ld+json\" class=\"yoast-schema-graph\">{\"@context\":\"https:\/\/schema.org\",\"@graph\":[{\"@type\":\"WebPage\",\"@id\":\"https:\/\/www.manetti.com\/de\/ueber-uns\/ueber-uns\/geschichte\/\",\"url\":\"https:\/\/www.manetti.com\/de\/ueber-uns\/ueber-uns\/geschichte\/\",\"name\":\"Eine 400-j\u00e4hrige Familiengeschichte | Giusto Manetti Battiloro\",\"isPartOf\":{\"@id\":\"https:\/\/www.manetti.com\/de\/#website\"},\"datePublished\":\"2019-10-29T15:54:04+00:00\",\"dateModified\":\"2022-03-31T09:12:41+00:00\",\"description\":\"Eine sehr solide goldene Linie zeichnet den Stammbaum der Familie Manetti nach und verbindet die Etappen der Geschichte eines Familienunternehmens, das seit \u00fcber 400 Jahren den h\u00f6chsten Ausdruck des Goldschl\u00e4gers darstellt.\",\"inLanguage\":\"de\",\"potentialAction\":[{\"@type\":\"ReadAction\",\"target\":[\"https:\/\/www.manetti.com\/de\/ueber-uns\/ueber-uns\/geschichte\/\"]}]},{\"@type\":\"WebSite\",\"@id\":\"https:\/\/www.manetti.com\/de\/#website\",\"url\":\"https:\/\/www.manetti.com\/de\/\",\"name\":\"Giusto Manetti Battiloro\",\"description\":\"\",\"publisher\":{\"@id\":\"https:\/\/www.manetti.com\/de\/#organization\"},\"potentialAction\":[{\"@type\":\"SearchAction\",\"target\":{\"@type\":\"EntryPoint\",\"urlTemplate\":\"https:\/\/www.manetti.com\/de\/?s={search_term_string}\"},\"query-input\":{\"@type\":\"PropertyValueSpecification\",\"valueRequired\":true,\"valueName\":\"search_term_string\"}}],\"inLanguage\":\"de\"},{\"@type\":\"Organization\",\"@id\":\"https:\/\/www.manetti.com\/de\/#organization\",\"name\":\"GIUSTO MANETTI BATTILORO S.P.A.\",\"url\":\"https:\/\/www.manetti.com\/de\/\",\"logo\":{\"@type\":\"ImageObject\",\"inLanguage\":\"de\",\"@id\":\"https:\/\/www.manetti.com\/de\/#\/schema\/logo\/image\/\",\"url\":\"https:\/\/www.manetti.com\/wp-content\/uploads\/2025\/02\/giusto-manetti-blu_300-02.png\",\"contentUrl\":\"https:\/\/www.manetti.com\/wp-content\/uploads\/2025\/02\/giusto-manetti-blu_300-02.png\",\"width\":1123,\"height\":1093,\"caption\":\"GIUSTO MANETTI BATTILORO S.P.A.\"},\"image\":{\"@id\":\"https:\/\/www.manetti.com\/de\/#\/schema\/logo\/image\/\"},\"sameAs\":[\"https:\/\/www.facebook.com\/giustomanettibattiloro\",\"https:\/\/www.instagram.com\/giustomanettibattiloro\/\",\"https:\/\/www.linkedin.com\/company\/giusto-manetti-battiloro-s-p-a-\/\",\"https:\/\/www.youtube.com\/user\/ManettiBattiloro\"]}]}<\/script>\n<!-- \/ Yoast SEO plugin. -->","yoast_head_json":{"title":"Eine 400-j\u00e4hrige Familiengeschichte | Giusto Manetti Battiloro","description":"Eine sehr solide goldene Linie zeichnet den Stammbaum der Familie Manetti nach und verbindet die Etappen der Geschichte eines Familienunternehmens, das seit \u00fcber 400 Jahren den h\u00f6chsten Ausdruck des Goldschl\u00e4gers darstellt.","robots":{"index":"index","follow":"follow","max-snippet":"max-snippet:-1","max-image-preview":"max-image-preview:large","max-video-preview":"max-video-preview:-1"},"canonical":"https:\/\/www.manetti.com\/de\/ueber-uns\/ueber-uns\/geschichte\/","og_locale":"de_DE","og_type":"article","og_title":"Una storia familiare lunga 400 anni | Giusto Manetti Battiloro","og_description":"Una solidissima linea dorata disegna l\u2019albero genealogico dei Manetti e lega le tappe della storia di un\u2019azienda familiare da oltre 400 anni.","og_url":"https:\/\/www.manetti.com\/de\/ueber-uns\/ueber-uns\/geschichte\/","og_site_name":"Giusto Manetti Battiloro","article_publisher":"https:\/\/www.facebook.com\/giustomanettibattiloro","article_modified_time":"2022-03-31T09:12:41+00:00","og_image":[{"width":1920,"height":1166,"url":"https:\/\/www.manetti.com\/wp-content\/uploads\/2020\/04\/Storia_Slide_1920.jpg","type":"image\/jpeg"}],"twitter_card":"summary_large_image","twitter_title":"Una storia familiare lunga 400 anni | Giusto Manetti Battiloro","twitter_description":"Una solidissima linea dorata disegna l\u2019albero genealogico dei Manetti e lega le tappe della storia di un\u2019azienda familiare da oltre 400 anni.","twitter_image":"https:\/\/www.manetti.com\/wp-content\/uploads\/2020\/04\/Storia_Slide_1920.jpg","schema":{"@context":"https:\/\/schema.org","@graph":[{"@type":"WebPage","@id":"https:\/\/www.manetti.com\/de\/ueber-uns\/ueber-uns\/geschichte\/","url":"https:\/\/www.manetti.com\/de\/ueber-uns\/ueber-uns\/geschichte\/","name":"Eine 400-j\u00e4hrige Familiengeschichte | Giusto Manetti Battiloro","isPartOf":{"@id":"https:\/\/www.manetti.com\/de\/#website"},"datePublished":"2019-10-29T15:54:04+00:00","dateModified":"2022-03-31T09:12:41+00:00","description":"Eine sehr solide goldene Linie zeichnet den Stammbaum der Familie Manetti nach und verbindet die Etappen der Geschichte eines Familienunternehmens, das seit \u00fcber 400 Jahren den h\u00f6chsten Ausdruck des Goldschl\u00e4gers darstellt.","inLanguage":"de","potentialAction":[{"@type":"ReadAction","target":["https:\/\/www.manetti.com\/de\/ueber-uns\/ueber-uns\/geschichte\/"]}]},{"@type":"WebSite","@id":"https:\/\/www.manetti.com\/de\/#website","url":"https:\/\/www.manetti.com\/de\/","name":"Giusto Manetti Battiloro","description":"","publisher":{"@id":"https:\/\/www.manetti.com\/de\/#organization"},"potentialAction":[{"@type":"SearchAction","target":{"@type":"EntryPoint","urlTemplate":"https:\/\/www.manetti.com\/de\/?s={search_term_string}"},"query-input":{"@type":"PropertyValueSpecification","valueRequired":true,"valueName":"search_term_string"}}],"inLanguage":"de"},{"@type":"Organization","@id":"https:\/\/www.manetti.com\/de\/#organization","name":"GIUSTO MANETTI BATTILORO S.P.A.","url":"https:\/\/www.manetti.com\/de\/","logo":{"@type":"ImageObject","inLanguage":"de","@id":"https:\/\/www.manetti.com\/de\/#\/schema\/logo\/image\/","url":"https:\/\/www.manetti.com\/wp-content\/uploads\/2025\/02\/giusto-manetti-blu_300-02.png","contentUrl":"https:\/\/www.manetti.com\/wp-content\/uploads\/2025\/02\/giusto-manetti-blu_300-02.png","width":1123,"height":1093,"caption":"GIUSTO MANETTI BATTILORO S.P.A."},"image":{"@id":"https:\/\/www.manetti.com\/de\/#\/schema\/logo\/image\/"},"sameAs":["https:\/\/www.facebook.com\/giustomanettibattiloro","https:\/\/www.instagram.com\/giustomanettibattiloro\/","https:\/\/www.linkedin.com\/company\/giusto-manetti-battiloro-s-p-a-\/","https:\/\/www.youtube.com\/user\/ManettiBattiloro"]}]}},"_links":{"self":[{"href":"https:\/\/www.manetti.com\/de\/wp-json\/wp\/v2\/pages\/45157","targetHints":{"allow":["GET"]}}],"collection":[{"href":"https:\/\/www.manetti.com\/de\/wp-json\/wp\/v2\/pages"}],"about":[{"href":"https:\/\/www.manetti.com\/de\/wp-json\/wp\/v2\/types\/page"}],"author":[{"embeddable":true,"href":"https:\/\/www.manetti.com\/de\/wp-json\/wp\/v2\/users\/1"}],"replies":[{"embeddable":true,"href":"https:\/\/www.manetti.com\/de\/wp-json\/wp\/v2\/comments?post=45157"}],"version-history":[{"count":0,"href":"https:\/\/www.manetti.com\/de\/wp-json\/wp\/v2\/pages\/45157\/revisions"}],"up":[{"embeddable":true,"href":"https:\/\/www.manetti.com\/de\/wp-json\/wp\/v2\/pages\/45145"}],"wp:attachment":[{"href":"https:\/\/www.manetti.com\/de\/wp-json\/wp\/v2\/media?parent=45157"}],"curies":[{"name":"wp","href":"https:\/\/api.w.org\/{rel}","templated":true}]}}