{"id":45460,"date":"2020-01-31T09:45:55","date_gmt":"2020-01-31T08:45:55","guid":{"rendered":"https:\/\/www.manetti.com\/formato\/"},"modified":"2024-02-27T10:31:47","modified_gmt":"2024-02-27T09:31:47","slug":"blattformat","status":"publish","type":"page","link":"https:\/\/www.manetti.com\/de\/home\/blattformat\/","title":{"rendered":"Blattformat"},"content":{"rendered":"\r\n<h2 class=\"wp-block-heading\">VERTIEFUNG: DAS BESTE BLATTFORMAT F\u00dcR VERSCHIEDENE VERGOLDUNGSANFORDERUNGEN<\/h2>\r\n\r\n\r\n\r\n<p>Das Heftchenblatt ist sowohl im traditionellen freien Format als auch im Abziehbildformat erh\u00e4ltlich.<\/p>\r\n\r\n\r\n\r\n<h2 class=\"wp-block-heading\">Freies Blatt<\/h2>\r\n\r\n\r\n\r\n<div class=\"wp-block-columns is-layout-flex wp-container-core-columns-is-layout-1 wp-block-columns-is-layout-flex\">\r\n<div class=\"wp-block-column is-layout-flow wp-block-column-is-layout-flow\">\r\n<figure class=\"wp-block-image size-large\"><img loading=\"lazy\" decoding=\"async\" width=\"1024\" height=\"682\" class=\"wp-image-45467\" src=\"https:\/\/www.manetti.com\/wp-content\/uploads\/2020\/04\/FogliaOro_FogliaLibera-2-1024x682.png\" alt=\"\" srcset=\"https:\/\/www.manetti.com\/wp-content\/uploads\/2020\/04\/FogliaOro_FogliaLibera-2-1024x682.png 1024w, https:\/\/www.manetti.com\/wp-content\/uploads\/2020\/04\/FogliaOro_FogliaLibera-2-300x200.png 300w, https:\/\/www.manetti.com\/wp-content\/uploads\/2020\/04\/FogliaOro_FogliaLibera-2-768x512.png 768w, https:\/\/www.manetti.com\/wp-content\/uploads\/2020\/04\/FogliaOro_FogliaLibera-2-600x400.png 600w, https:\/\/www.manetti.com\/wp-content\/uploads\/2020\/04\/FogliaOro_FogliaLibera-2.png 1037w\" sizes=\"auto, (max-width: 1024px) 100vw, 1024px\" \/><\/figure>\r\n<\/div>\r\n\r\n\r\n\r\n<div class=\"wp-block-column is-layout-flow wp-block-column-is-layout-flow\">\r\n<figure class=\"wp-block-image size-large\"><img loading=\"lazy\" decoding=\"async\" width=\"1024\" height=\"682\" class=\"wp-image-45466\" src=\"https:\/\/www.manetti.com\/wp-content\/uploads\/2020\/04\/FogliaArgento_FogliaLibera-2-1024x682.png\" alt=\"\" srcset=\"https:\/\/www.manetti.com\/wp-content\/uploads\/2020\/04\/FogliaArgento_FogliaLibera-2-1024x682.png 1024w, https:\/\/www.manetti.com\/wp-content\/uploads\/2020\/04\/FogliaArgento_FogliaLibera-2-300x200.png 300w, https:\/\/www.manetti.com\/wp-content\/uploads\/2020\/04\/FogliaArgento_FogliaLibera-2-768x512.png 768w, https:\/\/www.manetti.com\/wp-content\/uploads\/2020\/04\/FogliaArgento_FogliaLibera-2-600x400.png 600w, https:\/\/www.manetti.com\/wp-content\/uploads\/2020\/04\/FogliaArgento_FogliaLibera-2.png 1037w\" sizes=\"auto, (max-width: 1024px) 100vw, 1024px\" \/><\/figure>\r\n\r\n\r\n\r\n<p>&nbsp;<\/p>\r\n<\/div>\r\n<\/div>\r\n\r\n\r\n\r\n<p>Freies Blatt wird sowohl f\u00fcr die Dekoration von eingelegten Oberfl\u00e4chen, haupts\u00e4chlich mit der Bole- und Gouache-Vergoldungstechnik, als auch f\u00fcr die Vergoldung von glatten Oberfl\u00e4chen mit der Missionsvergoldungstechnik empfohlen.<\/p>\r\n\r\n\r\n\r\n<p>Um das freie Blatt anzubringen, ben\u00f6tigen Sie spezielle Werkzeuge, wie Zangen oder Vaio-Haarpinsel, die je nach Gr\u00f6\u00dfe des Blattes in verschiedenen Gr\u00f6\u00dfen erh\u00e4ltlich sind. Um Oberfl\u00e4chen aller Art und Gr\u00f6\u00dfe zu dekorieren, kann es auch notwendig sein, das Blatt mit einem speziellen Messer und einem speziellen Kissen in kleinere Portionen zu schneiden.<\/p>\r\n\r\n\r\n\r\n<h2 class=\"wp-block-heading\">Transfer-Blatt<\/h2>\r\n\r\n\r\n\r\n<div class=\"wp-block-columns is-layout-flex wp-container-core-columns-is-layout-2 wp-block-columns-is-layout-flex\">\r\n<div class=\"wp-block-column is-layout-flow wp-block-column-is-layout-flow\">\r\n<figure class=\"wp-block-image size-large\"><img loading=\"lazy\" decoding=\"async\" width=\"1010\" height=\"673\" class=\"wp-image-45468\" src=\"https:\/\/www.manetti.com\/wp-content\/uploads\/2020\/04\/FogliaOro_FogliaADecalco.png\" alt=\"\" srcset=\"https:\/\/www.manetti.com\/wp-content\/uploads\/2020\/04\/FogliaOro_FogliaADecalco.png 1010w, https:\/\/www.manetti.com\/wp-content\/uploads\/2020\/04\/FogliaOro_FogliaADecalco-300x200.png 300w, https:\/\/www.manetti.com\/wp-content\/uploads\/2020\/04\/FogliaOro_FogliaADecalco-768x512.png 768w, https:\/\/www.manetti.com\/wp-content\/uploads\/2020\/04\/FogliaOro_FogliaADecalco-600x400.png 600w\" sizes=\"auto, (max-width: 1010px) 100vw, 1010px\" \/><\/figure>\r\n<\/div>\r\n\r\n\r\n\r\n<div class=\"wp-block-column is-layout-flow wp-block-column-is-layout-flow\">\r\n<figure class=\"wp-block-image size-large\"><img loading=\"lazy\" decoding=\"async\" width=\"1010\" height=\"673\" class=\"wp-image-45469\" src=\"https:\/\/www.manetti.com\/wp-content\/uploads\/2020\/04\/FogliaArgento_FogliaADecalco.png\" alt=\"\" srcset=\"https:\/\/www.manetti.com\/wp-content\/uploads\/2020\/04\/FogliaArgento_FogliaADecalco.png 1010w, https:\/\/www.manetti.com\/wp-content\/uploads\/2020\/04\/FogliaArgento_FogliaADecalco-300x200.png 300w, https:\/\/www.manetti.com\/wp-content\/uploads\/2020\/04\/FogliaArgento_FogliaADecalco-768x512.png 768w, https:\/\/www.manetti.com\/wp-content\/uploads\/2020\/04\/FogliaArgento_FogliaADecalco-600x400.png 600w\" sizes=\"auto, (max-width: 1010px) 100vw, 1010px\" \/><\/figure>\r\n<\/div>\r\n<\/div>\r\n\r\n\r\n\r\n<p>Das Transfer-Blatt unterscheidet sich vom freien Blatt dadurch, dass es auf ein Seidenpapier gelegt wird, das aus dem Heft herausragt und abnehmbar ist, um den Halt und die Anwendung zu erleichtern und zu beschleunigen. Dieses Format wird immer mit der Technik der Missionsvergoldung aufgetragt und wird ausschlie\u00dflich f\u00fcr die Dekoration von vollkommen glatten Oberfl\u00e4chen oder f\u00fcr die Vergoldung im Au\u00dfenbereich empfohlen.<\/p>\r\n\r\n\r\n\r\n<p>Beim gepr\u00e4gten Format haftet das Blatt durch Pressen auf dem Seidenpapier, ohne dass Klebstoff verwendet wird.<\/p>\r\n\r\n\r\n\r\n<p>Sie k\u00f6nnen das Abziehbild-Blatt auch mit einer normalen Schere zuschneiden, um den zu applizierenden Teil des Goldes zu formen.<\/p>\r\n","protected":false},"excerpt":{"rendered":"<p>VERTIEFUNG: DAS BESTE BLATTFORMAT F\u00dcR VERSCHIEDENE VERGOLDUNGSANFORDERUNGEN Das Heftchenblatt ist sowohl im traditionellen freien Format als auch im Abziehbildformat erh\u00e4ltlich. Freies Blatt &nbsp; Freies Blatt wird sowohl f\u00fcr die Dekoration von eingelegten Oberfl\u00e4chen, haupts\u00e4chlich mit der Bole- und Gouache-Vergoldungstechnik, als auch f\u00fcr die Vergoldung von glatten Oberfl\u00e4chen mit der Missionsvergoldungstechnik empfohlen. Um das freie Blatt [&#8230;]<\/p>\n<p><a class=\"btn btn-secondary understrap-read-more-link\" href=\"https:\/\/www.manetti.com\/de\/home\/blattformat\/\">Weiterlesen&#8230;<\/a><\/p>\n","protected":false},"author":1,"featured_media":0,"parent":45481,"menu_order":0,"comment_status":"closed","ping_status":"closed","template":"page-templates\/static_template.php","meta":{"_acf_changed":false,"footnotes":""},"class_list":["post-45460","page","type-page","status-publish","hentry"],"acf":[],"yoast_head":"<!-- This site is optimized with the Yoast SEO plugin v26.5 - https:\/\/yoast.com\/wordpress\/plugins\/seo\/ -->\n<title>Freies\/Dekalformat f\u00fcr Blattgold | Giusto Manetti Battiloro<\/title>\n<meta name=\"description\" content=\"Das Blatt in B\u00fcchern ist sowohl in traditioneller Bulk- als auch in Transferform f\u00fcr viele Vergoldungstechniken erh\u00e4ltlich. Erfahren Sie mehr!\" \/>\n<meta name=\"robots\" content=\"index, follow, max-snippet:-1, max-image-preview:large, max-video-preview:-1\" \/>\n<link rel=\"canonical\" href=\"https:\/\/www.manetti.com\/de\/home\/blattformat\/\" \/>\n<meta property=\"og:locale\" content=\"de_DE\" \/>\n<meta property=\"og:type\" content=\"article\" \/>\n<meta property=\"og:title\" content=\"Freies\/Dekalformat f\u00fcr Blattgold | Giusto Manetti Battiloro\" \/>\n<meta property=\"og:description\" content=\"Das Blatt in B\u00fcchern ist sowohl in traditioneller Bulk- als auch in Transferform f\u00fcr viele Vergoldungstechniken erh\u00e4ltlich. Erfahren Sie mehr!\" \/>\n<meta property=\"og:url\" content=\"https:\/\/www.manetti.com\/de\/home\/blattformat\/\" \/>\n<meta property=\"og:site_name\" content=\"Giusto Manetti Battiloro\" \/>\n<meta property=\"article:publisher\" content=\"https:\/\/www.facebook.com\/giustomanettibattiloro\" \/>\n<meta property=\"article:modified_time\" content=\"2024-02-27T09:31:47+00:00\" \/>\n<meta property=\"og:image\" content=\"https:\/\/www.manetti.com\/wp-content\/uploads\/2020\/04\/FogliaOro_FogliaLibera-2-1024x682.png\" \/>\n<meta name=\"twitter:card\" content=\"summary_large_image\" \/>\n<meta name=\"twitter:label1\" content=\"Gesch\u00e4tzte Lesezeit\" \/>\n\t<meta name=\"twitter:data1\" content=\"2\u00a0Minuten\" \/>\n<script type=\"application\/ld+json\" class=\"yoast-schema-graph\">{\"@context\":\"https:\/\/schema.org\",\"@graph\":[{\"@type\":\"WebPage\",\"@id\":\"https:\/\/www.manetti.com\/de\/home\/blattformat\/\",\"url\":\"https:\/\/www.manetti.com\/de\/home\/blattformat\/\",\"name\":\"Freies\/Dekalformat f\u00fcr Blattgold | Giusto Manetti Battiloro\",\"isPartOf\":{\"@id\":\"https:\/\/www.manetti.com\/de\/#website\"},\"primaryImageOfPage\":{\"@id\":\"https:\/\/www.manetti.com\/de\/home\/blattformat\/#primaryimage\"},\"image\":{\"@id\":\"https:\/\/www.manetti.com\/de\/home\/blattformat\/#primaryimage\"},\"thumbnailUrl\":\"https:\/\/www.manetti.com\/wp-content\/uploads\/2020\/04\/FogliaOro_FogliaLibera-2-1024x682.png\",\"datePublished\":\"2020-01-31T08:45:55+00:00\",\"dateModified\":\"2024-02-27T09:31:47+00:00\",\"description\":\"Das Blatt in B\u00fcchern ist sowohl in traditioneller Bulk- als auch in Transferform f\u00fcr viele Vergoldungstechniken erh\u00e4ltlich. Erfahren Sie mehr!\",\"inLanguage\":\"de\",\"potentialAction\":[{\"@type\":\"ReadAction\",\"target\":[\"https:\/\/www.manetti.com\/de\/home\/blattformat\/\"]}]},{\"@type\":\"ImageObject\",\"inLanguage\":\"de\",\"@id\":\"https:\/\/www.manetti.com\/de\/home\/blattformat\/#primaryimage\",\"url\":\"https:\/\/www.manetti.com\/wp-content\/uploads\/2020\/04\/FogliaOro_FogliaLibera-2-1024x682.png\",\"contentUrl\":\"https:\/\/www.manetti.com\/wp-content\/uploads\/2020\/04\/FogliaOro_FogliaLibera-2-1024x682.png\"},{\"@type\":\"WebSite\",\"@id\":\"https:\/\/www.manetti.com\/de\/#website\",\"url\":\"https:\/\/www.manetti.com\/de\/\",\"name\":\"Giusto Manetti Battiloro\",\"description\":\"\",\"publisher\":{\"@id\":\"https:\/\/www.manetti.com\/de\/#organization\"},\"potentialAction\":[{\"@type\":\"SearchAction\",\"target\":{\"@type\":\"EntryPoint\",\"urlTemplate\":\"https:\/\/www.manetti.com\/de\/?s={search_term_string}\"},\"query-input\":{\"@type\":\"PropertyValueSpecification\",\"valueRequired\":true,\"valueName\":\"search_term_string\"}}],\"inLanguage\":\"de\"},{\"@type\":\"Organization\",\"@id\":\"https:\/\/www.manetti.com\/de\/#organization\",\"name\":\"GIUSTO MANETTI BATTILORO S.P.A.\",\"url\":\"https:\/\/www.manetti.com\/de\/\",\"logo\":{\"@type\":\"ImageObject\",\"inLanguage\":\"de\",\"@id\":\"https:\/\/www.manetti.com\/de\/#\/schema\/logo\/image\/\",\"url\":\"https:\/\/www.manetti.com\/wp-content\/uploads\/2025\/02\/giusto-manetti-blu_300-02.png\",\"contentUrl\":\"https:\/\/www.manetti.com\/wp-content\/uploads\/2025\/02\/giusto-manetti-blu_300-02.png\",\"width\":1123,\"height\":1093,\"caption\":\"GIUSTO MANETTI BATTILORO S.P.A.\"},\"image\":{\"@id\":\"https:\/\/www.manetti.com\/de\/#\/schema\/logo\/image\/\"},\"sameAs\":[\"https:\/\/www.facebook.com\/giustomanettibattiloro\",\"https:\/\/www.instagram.com\/giustomanettibattiloro\/\",\"https:\/\/www.linkedin.com\/company\/giusto-manetti-battiloro-s-p-a-\/\",\"https:\/\/www.youtube.com\/user\/ManettiBattiloro\"]}]}<\/script>\n<!-- \/ Yoast SEO plugin. -->","yoast_head_json":{"title":"Freies\/Dekalformat f\u00fcr Blattgold | Giusto Manetti Battiloro","description":"Das Blatt in B\u00fcchern ist sowohl in traditioneller Bulk- als auch in Transferform f\u00fcr viele Vergoldungstechniken erh\u00e4ltlich. Erfahren Sie mehr!","robots":{"index":"index","follow":"follow","max-snippet":"max-snippet:-1","max-image-preview":"max-image-preview:large","max-video-preview":"max-video-preview:-1"},"canonical":"https:\/\/www.manetti.com\/de\/home\/blattformat\/","og_locale":"de_DE","og_type":"article","og_title":"Freies\/Dekalformat f\u00fcr Blattgold | Giusto Manetti Battiloro","og_description":"Das Blatt in B\u00fcchern ist sowohl in traditioneller Bulk- als auch in Transferform f\u00fcr viele Vergoldungstechniken erh\u00e4ltlich. Erfahren Sie mehr!","og_url":"https:\/\/www.manetti.com\/de\/home\/blattformat\/","og_site_name":"Giusto Manetti Battiloro","article_publisher":"https:\/\/www.facebook.com\/giustomanettibattiloro","article_modified_time":"2024-02-27T09:31:47+00:00","og_image":[{"url":"https:\/\/www.manetti.com\/wp-content\/uploads\/2020\/04\/FogliaOro_FogliaLibera-2-1024x682.png","type":"","width":"","height":""}],"twitter_card":"summary_large_image","twitter_misc":{"Gesch\u00e4tzte Lesezeit":"2\u00a0Minuten"},"schema":{"@context":"https:\/\/schema.org","@graph":[{"@type":"WebPage","@id":"https:\/\/www.manetti.com\/de\/home\/blattformat\/","url":"https:\/\/www.manetti.com\/de\/home\/blattformat\/","name":"Freies\/Dekalformat f\u00fcr Blattgold | Giusto Manetti Battiloro","isPartOf":{"@id":"https:\/\/www.manetti.com\/de\/#website"},"primaryImageOfPage":{"@id":"https:\/\/www.manetti.com\/de\/home\/blattformat\/#primaryimage"},"image":{"@id":"https:\/\/www.manetti.com\/de\/home\/blattformat\/#primaryimage"},"thumbnailUrl":"https:\/\/www.manetti.com\/wp-content\/uploads\/2020\/04\/FogliaOro_FogliaLibera-2-1024x682.png","datePublished":"2020-01-31T08:45:55+00:00","dateModified":"2024-02-27T09:31:47+00:00","description":"Das Blatt in B\u00fcchern ist sowohl in traditioneller Bulk- als auch in Transferform f\u00fcr viele Vergoldungstechniken erh\u00e4ltlich. Erfahren Sie mehr!","inLanguage":"de","potentialAction":[{"@type":"ReadAction","target":["https:\/\/www.manetti.com\/de\/home\/blattformat\/"]}]},{"@type":"ImageObject","inLanguage":"de","@id":"https:\/\/www.manetti.com\/de\/home\/blattformat\/#primaryimage","url":"https:\/\/www.manetti.com\/wp-content\/uploads\/2020\/04\/FogliaOro_FogliaLibera-2-1024x682.png","contentUrl":"https:\/\/www.manetti.com\/wp-content\/uploads\/2020\/04\/FogliaOro_FogliaLibera-2-1024x682.png"},{"@type":"WebSite","@id":"https:\/\/www.manetti.com\/de\/#website","url":"https:\/\/www.manetti.com\/de\/","name":"Giusto Manetti Battiloro","description":"","publisher":{"@id":"https:\/\/www.manetti.com\/de\/#organization"},"potentialAction":[{"@type":"SearchAction","target":{"@type":"EntryPoint","urlTemplate":"https:\/\/www.manetti.com\/de\/?s={search_term_string}"},"query-input":{"@type":"PropertyValueSpecification","valueRequired":true,"valueName":"search_term_string"}}],"inLanguage":"de"},{"@type":"Organization","@id":"https:\/\/www.manetti.com\/de\/#organization","name":"GIUSTO MANETTI BATTILORO S.P.A.","url":"https:\/\/www.manetti.com\/de\/","logo":{"@type":"ImageObject","inLanguage":"de","@id":"https:\/\/www.manetti.com\/de\/#\/schema\/logo\/image\/","url":"https:\/\/www.manetti.com\/wp-content\/uploads\/2025\/02\/giusto-manetti-blu_300-02.png","contentUrl":"https:\/\/www.manetti.com\/wp-content\/uploads\/2025\/02\/giusto-manetti-blu_300-02.png","width":1123,"height":1093,"caption":"GIUSTO MANETTI BATTILORO S.P.A."},"image":{"@id":"https:\/\/www.manetti.com\/de\/#\/schema\/logo\/image\/"},"sameAs":["https:\/\/www.facebook.com\/giustomanettibattiloro","https:\/\/www.instagram.com\/giustomanettibattiloro\/","https:\/\/www.linkedin.com\/company\/giusto-manetti-battiloro-s-p-a-\/","https:\/\/www.youtube.com\/user\/ManettiBattiloro"]}]}},"_links":{"self":[{"href":"https:\/\/www.manetti.com\/de\/wp-json\/wp\/v2\/pages\/45460","targetHints":{"allow":["GET"]}}],"collection":[{"href":"https:\/\/www.manetti.com\/de\/wp-json\/wp\/v2\/pages"}],"about":[{"href":"https:\/\/www.manetti.com\/de\/wp-json\/wp\/v2\/types\/page"}],"author":[{"embeddable":true,"href":"https:\/\/www.manetti.com\/de\/wp-json\/wp\/v2\/users\/1"}],"replies":[{"embeddable":true,"href":"https:\/\/www.manetti.com\/de\/wp-json\/wp\/v2\/comments?post=45460"}],"version-history":[{"count":0,"href":"https:\/\/www.manetti.com\/de\/wp-json\/wp\/v2\/pages\/45460\/revisions"}],"up":[{"embeddable":true,"href":"https:\/\/www.manetti.com\/de\/wp-json\/wp\/v2\/pages\/45481"}],"wp:attachment":[{"href":"https:\/\/www.manetti.com\/de\/wp-json\/wp\/v2\/media?parent=45460"}],"curies":[{"name":"wp","href":"https:\/\/api.w.org\/{rel}","templated":true}]}}