{"id":45481,"date":"2019-10-29T15:55:54","date_gmt":"2019-10-29T14:55:54","guid":{"rendered":"https:\/\/www.manetti.com\/home\/"},"modified":"2026-04-13T10:19:57","modified_gmt":"2026-04-13T08:19:57","slug":"home","status":"publish","type":"page","link":"https:\/\/www.manetti.com\/de\/","title":{"rendered":"Home"},"content":{"rendered":"<h1 class=\"text-color\">Giusto Manetti Battiloro, Hersteller von Blattgold in Florenz seit 1600<\/h1>\n<p>Unsere Familie bewahrt und erneuert die Tradition der Blattmetallverarbeitung seit 1600, wobei die Familie Manetti seit \u00fcber 15 Generationen die Kunst des Vergoldens mit Blattgold aus\u00fcbt. <a href=\"https:\/\/www.manetti.com\/de\/katalog\/blattgold\/\">Blattgold<\/a>, <a href=\"https:\/\/www.manetti.com\/de\/katalog\/blattsilber\/\">-silber<\/a>, &#8211; palladium und -platin sind zu 100 % Made in Italy und werden in unserer Fabrik in Campi Bisenzio, in der N\u00e4he von Florenz, produziert. Das Blattgold aus dem Hause Manetti und die anderen Produkte, die unseren Markennamen tragen, werden unter strenger Qualit\u00e4tskontrolle hergestellt: Wir garantieren die zertifizierte Herkunft von konfliktfreiem Gold und die R\u00fcckverfolgung der Chargen f\u00fcr jede einzelne Produktionsphase bis hin zur Vermarktung.<\/p>\n<p>Um unseren Kunden hochwertige Blattmetalle f\u00fcr die Vergoldung anbieten zu k\u00f6nnen, kombinieren wir die Technologie unserer Maschinen mit dem handwerklichen Geschick unserer hochqualifizierten Mitarbeiter. In unserer Fabrik haben wir unter Einhaltung aller italienischen und europ\u00e4ischen Gesundheitsvorschriften spezielle Abteilungen eingerichtet, einerseits f\u00fcr die Herstellung von Lebensmittelgold, das in den Kreationen der gro\u00dfen internationalen K\u00fcchenchefs nicht fehlen darf, und andererseits f\u00fcr kosmetisches Blattgold, das f\u00fcr die exklusivsten Hautpflegeprodukte und die raffiniertesten Kosmetika verwendet wird.\u00a0 Wir bieten kostenlose Beratungs- und Verkaufsdienstleistungen f\u00fcr Kunden in der ganzen Welt an: Wir fungieren als renommierter Blattgoldlieferant f\u00fcr kleine und gro\u00dfe Auftraggeber weltweit, denen wir auch Blattsilber, Blattplatin, Blattpalladium und Vergoldungswerkzeuge bieten. Gold aus dem Hause Manetti steht seit \u00fcber f\u00fcnf Jahrhunderten f\u00fcr den unverwechselbaren Charakter des florentinischen Flairs und f\u00fcr ein Produkt von absoluter Qualit\u00e4t.<\/p>\n<div class=\"show_more\"><p class=\"wpsm-show\" style=\"color: #c39f5f; font-size: 100%; text-align: left;\"> Weiterlesen<\/p><div class=\"wpsm-content\"><\/p>\n<h2 class=\"text-color\">Die Dienstleistungen von Giusto Manetti Battiloro, signiert mit 100 % Made in Italy<\/h2>\n<p>Wir stehen unseren Kunden jederzeit zur Seite, von der Angebotsanforderung \u00fcber den Kauf bis hin zum After-Sales-Service. Wir stellen ihnen ein hochqualifiziertes Team zur Verf\u00fcgung, das in der Lage ist, den Kunden in allen Belangen zu beraten. Unsere Experten informieren zudem ausf\u00fchrlich \u00fcber die Anwendung der Blattmetalle aus dem Hause Manetti und empfehlen dazu die besten Techniken und Materialien, um ein tadelloses Ergebnis zu erzielen. Wir bieten Ihnen einen Katalog mit Blattgold unterschiedlichen Feingehalts (von 24 Kt bis 6 Kt), sowie Silber, Platin und Palladium. Die Blattmetalle von Manetti sind in 29 Farben und verschiedenen Formaten erh\u00e4ltlich, ideal f\u00fcr jeden Anwendungsbereich.<\/p>\n<p>Dank unserer besonders flexiblen Produktionskapazit\u00e4ten k\u00f6nnen wir Bestellungen in k\u00fcrzester Zeit umsetzen und anpassen. Sowohl die Dicke als auch die Gr\u00f6\u00dfe der Bl\u00e4tter k\u00f6nnen individuell angepasst werden. Blattgold wird f\u00fcr Restaurierungsprojekte, Einrichtungsgegenst\u00e4nde, Geb\u00e4udeverkleidungen, aber auch zur Verzierung von Kunstwerken, Schildern und f\u00fcr unz\u00e4hlige Spezialanwendungen verwendet. Wir k\u00f6nnen unsere Kunden auf Wunsch mit den besten Vergoldern in Verbindung setzen. \u00dcber unsere internationalen Vertriebspartner, die wir im Laufe der Jahre ausgew\u00e4hlt und st\u00e4ndig aktualisiert haben, unterst\u00fctzen wir unsere Kunden in mehr als 70 L\u00e4ndern auf der ganzen Welt.<\/p>\n<p>Die Produktions- und Versandzeiten folgen der Just-in-Time-Politik des Unternehmens und k\u00f6nnen je nach Verf\u00fcgbarkeit des Lagerbestands und des Auftragsvolumens variieren. Die Lieferzeiten f\u00fcr Standardbestellungen sind dank unserer fortschrittlichen Logistik extrem schnell. Um eine p\u00fcnktliche Lieferung des Produkts in einwandfreiem Zustand und in absoluter Sicherheit zu gew\u00e4hrleisten, werden alle unsere Verpackungen aus hochwertigen Produkten hergestellt, die garantiert den h\u00f6chsten Widerstandsstandards entsprechen. Alle Lieferungen, die anhand der LKW-Nummer verfolgt werden k\u00f6nnen, werden bis zur \u00dcbergabe an den Kunden \u00fcberwacht und sind zur zus\u00e4tzlichen Sicherheit f\u00fcr unsere Kunden versichert. Ben\u00f6tigen Sie ein Angebot mit Informationen zum Preis unserer Produkte? Kontaktieren Sie uns!<\/p>\n<p> <p class=\"wpsm-hide\" style=\"color: #c39f5f; font-size: 100%; text-align: left;\"> Schlie\u00dfen<\/p><\/div><\/div>\n","protected":false},"excerpt":{"rendered":"<p>Giusto Manetti Battiloro, Hersteller von Blattgold in Florenz seit 1600 Unsere Familie bewahrt und erneuert die Tradition der Blattmetallverarbeitung seit 1600, wobei die Familie Manetti seit \u00fcber 15 Generationen die Kunst des Vergoldens mit Blattgold aus\u00fcbt. Blattgold, -silber, &#8211; palladium und -platin sind zu 100 % Made in Italy und werden in unserer Fabrik in [&#8230;]<\/p>\n<p><a class=\"btn btn-secondary understrap-read-more-link\" href=\"https:\/\/www.manetti.com\/de\/\">Weiterlesen&#8230;<\/a><\/p>\n","protected":false},"author":1,"featured_media":0,"parent":0,"menu_order":0,"comment_status":"closed","ping_status":"closed","template":"","meta":{"_acf_changed":false,"footnotes":""},"class_list":["post-45481","page","type-page","status-publish","hentry"],"acf":[],"yoast_head":"<!-- This site is optimized with the Yoast SEO plugin v26.5 - https:\/\/yoast.com\/wordpress\/plugins\/seo\/ -->\n<title>Italienisches Blattgold zum Vergolden | Goldschl\u00e4ger Manetti<\/title>\n<meta name=\"description\" content=\"Manetti produziert seit 1600 echtes Blattgold und Blattsilber von bester Qualit\u00e4t und verbindet Tradition und Technologie. 100% Made in Italy\" \/>\n<meta name=\"robots\" content=\"index, follow, max-snippet:-1, max-image-preview:large, max-video-preview:-1\" \/>\n<link rel=\"canonical\" href=\"https:\/\/www.manetti.com\/de\/\" \/>\n<meta property=\"og:locale\" content=\"de_DE\" \/>\n<meta property=\"og:type\" content=\"article\" \/>\n<meta property=\"og:title\" content=\"Giusto Manetti Battiloro | Blattgold und Blattsilber Hersteller Made in Italy\" \/>\n<meta property=\"og:description\" content=\"Die Familie Manetti f\u00fchrt das Unternehmen Battiloro seit 1600 und stellt echtes Blattgold und Blattsilber von h\u00f6chster Qualit\u00e4t her, indem sie Tradition und Technologie verbindet.\" \/>\n<meta property=\"og:url\" content=\"https:\/\/www.manetti.com\/de\/\" \/>\n<meta property=\"og:site_name\" content=\"Giusto Manetti Battiloro\" \/>\n<meta property=\"article:publisher\" content=\"https:\/\/www.facebook.com\/giustomanettibattiloro\" \/>\n<meta property=\"article:modified_time\" content=\"2026-04-13T08:19:57+00:00\" \/>\n<meta property=\"og:image\" content=\"https:\/\/www.manetti.com\/wp-content\/uploads\/2020\/11\/Home-page-giusto-manetti-battiloro.jpg\" \/>\n\t<meta property=\"og:image:width\" content=\"1000\" \/>\n\t<meta property=\"og:image:height\" content=\"974\" \/>\n\t<meta property=\"og:image:type\" content=\"image\/jpeg\" \/>\n<meta name=\"twitter:card\" content=\"summary_large_image\" \/>\n<meta name=\"twitter:title\" content=\"Giusto Manetti Battiloro | Blattgold und Blattsilber Hersteller Made in Italy\" \/>\n<meta name=\"twitter:description\" content=\"Die Familie Manetti f\u00fchrt das Unternehmen Battiloro seit 1600 und stellt echtes Blattgold und Blattsilber von h\u00f6chster Qualit\u00e4t her, indem sie Tradition und Technologie verbindet.\" \/>\n<meta name=\"twitter:image\" content=\"https:\/\/www.manetti.com\/wp-content\/uploads\/2020\/11\/Home-page-giusto-manetti-battiloro.jpg\" \/>\n<meta name=\"twitter:label1\" content=\"Gesch\u00e4tzte Lesezeit\" \/>\n\t<meta name=\"twitter:data1\" content=\"3\u00a0Minuten\" \/>\n<script type=\"application\/ld+json\" class=\"yoast-schema-graph\">{\"@context\":\"https:\/\/schema.org\",\"@graph\":[{\"@type\":\"WebPage\",\"@id\":\"https:\/\/www.manetti.com\/de\/\",\"url\":\"https:\/\/www.manetti.com\/de\/\",\"name\":\"Italienisches Blattgold zum Vergolden | Goldschl\u00e4ger Manetti\",\"isPartOf\":{\"@id\":\"https:\/\/www.manetti.com\/de\/#website\"},\"datePublished\":\"2019-10-29T14:55:54+00:00\",\"dateModified\":\"2026-04-13T08:19:57+00:00\",\"description\":\"Manetti produziert seit 1600 echtes Blattgold und Blattsilber von bester Qualit\u00e4t und verbindet Tradition und Technologie. 100% Made in Italy\",\"inLanguage\":\"de\",\"potentialAction\":[{\"@type\":\"ReadAction\",\"target\":[\"https:\/\/www.manetti.com\/de\/\"]}]},{\"@type\":\"WebSite\",\"@id\":\"https:\/\/www.manetti.com\/de\/#website\",\"url\":\"https:\/\/www.manetti.com\/de\/\",\"name\":\"Giusto Manetti Battiloro\",\"description\":\"\",\"publisher\":{\"@id\":\"https:\/\/www.manetti.com\/de\/#organization\"},\"potentialAction\":[{\"@type\":\"SearchAction\",\"target\":{\"@type\":\"EntryPoint\",\"urlTemplate\":\"https:\/\/www.manetti.com\/de\/?s={search_term_string}\"},\"query-input\":{\"@type\":\"PropertyValueSpecification\",\"valueRequired\":true,\"valueName\":\"search_term_string\"}}],\"inLanguage\":\"de\"},{\"@type\":\"Organization\",\"@id\":\"https:\/\/www.manetti.com\/de\/#organization\",\"name\":\"GIUSTO MANETTI BATTILORO S.P.A.\",\"url\":\"https:\/\/www.manetti.com\/de\/\",\"logo\":{\"@type\":\"ImageObject\",\"inLanguage\":\"de\",\"@id\":\"https:\/\/www.manetti.com\/de\/#\/schema\/logo\/image\/\",\"url\":\"https:\/\/www.manetti.com\/wp-content\/uploads\/2025\/02\/giusto-manetti-blu_300-02.png\",\"contentUrl\":\"https:\/\/www.manetti.com\/wp-content\/uploads\/2025\/02\/giusto-manetti-blu_300-02.png\",\"width\":1123,\"height\":1093,\"caption\":\"GIUSTO MANETTI BATTILORO S.P.A.\"},\"image\":{\"@id\":\"https:\/\/www.manetti.com\/de\/#\/schema\/logo\/image\/\"},\"sameAs\":[\"https:\/\/www.facebook.com\/giustomanettibattiloro\",\"https:\/\/www.instagram.com\/giustomanettibattiloro\/\",\"https:\/\/www.linkedin.com\/company\/giusto-manetti-battiloro-s-p-a-\/\",\"https:\/\/www.youtube.com\/user\/ManettiBattiloro\"]}]}<\/script>\n<!-- \/ Yoast SEO plugin. -->","yoast_head_json":{"title":"Italienisches Blattgold zum Vergolden | Goldschl\u00e4ger Manetti","description":"Manetti produziert seit 1600 echtes Blattgold und Blattsilber von bester Qualit\u00e4t und verbindet Tradition und Technologie. 100% Made in Italy","robots":{"index":"index","follow":"follow","max-snippet":"max-snippet:-1","max-image-preview":"max-image-preview:large","max-video-preview":"max-video-preview:-1"},"canonical":"https:\/\/www.manetti.com\/de\/","og_locale":"de_DE","og_type":"article","og_title":"Giusto Manetti Battiloro | Blattgold und Blattsilber Hersteller Made in Italy","og_description":"Die Familie Manetti f\u00fchrt das Unternehmen Battiloro seit 1600 und stellt echtes Blattgold und Blattsilber von h\u00f6chster Qualit\u00e4t her, indem sie Tradition und Technologie verbindet.","og_url":"https:\/\/www.manetti.com\/de\/","og_site_name":"Giusto Manetti Battiloro","article_publisher":"https:\/\/www.facebook.com\/giustomanettibattiloro","article_modified_time":"2026-04-13T08:19:57+00:00","og_image":[{"width":1000,"height":974,"url":"https:\/\/www.manetti.com\/wp-content\/uploads\/2020\/11\/Home-page-giusto-manetti-battiloro.jpg","type":"image\/jpeg"}],"twitter_card":"summary_large_image","twitter_title":"Giusto Manetti Battiloro | Blattgold und Blattsilber Hersteller Made in Italy","twitter_description":"Die Familie Manetti f\u00fchrt das Unternehmen Battiloro seit 1600 und stellt echtes Blattgold und Blattsilber von h\u00f6chster Qualit\u00e4t her, indem sie Tradition und Technologie verbindet.","twitter_image":"https:\/\/www.manetti.com\/wp-content\/uploads\/2020\/11\/Home-page-giusto-manetti-battiloro.jpg","twitter_misc":{"Gesch\u00e4tzte Lesezeit":"3\u00a0Minuten"},"schema":{"@context":"https:\/\/schema.org","@graph":[{"@type":"WebPage","@id":"https:\/\/www.manetti.com\/de\/","url":"https:\/\/www.manetti.com\/de\/","name":"Italienisches Blattgold zum Vergolden | Goldschl\u00e4ger Manetti","isPartOf":{"@id":"https:\/\/www.manetti.com\/de\/#website"},"datePublished":"2019-10-29T14:55:54+00:00","dateModified":"2026-04-13T08:19:57+00:00","description":"Manetti produziert seit 1600 echtes Blattgold und Blattsilber von bester Qualit\u00e4t und verbindet Tradition und Technologie. 100% Made in Italy","inLanguage":"de","potentialAction":[{"@type":"ReadAction","target":["https:\/\/www.manetti.com\/de\/"]}]},{"@type":"WebSite","@id":"https:\/\/www.manetti.com\/de\/#website","url":"https:\/\/www.manetti.com\/de\/","name":"Giusto Manetti Battiloro","description":"","publisher":{"@id":"https:\/\/www.manetti.com\/de\/#organization"},"potentialAction":[{"@type":"SearchAction","target":{"@type":"EntryPoint","urlTemplate":"https:\/\/www.manetti.com\/de\/?s={search_term_string}"},"query-input":{"@type":"PropertyValueSpecification","valueRequired":true,"valueName":"search_term_string"}}],"inLanguage":"de"},{"@type":"Organization","@id":"https:\/\/www.manetti.com\/de\/#organization","name":"GIUSTO MANETTI BATTILORO S.P.A.","url":"https:\/\/www.manetti.com\/de\/","logo":{"@type":"ImageObject","inLanguage":"de","@id":"https:\/\/www.manetti.com\/de\/#\/schema\/logo\/image\/","url":"https:\/\/www.manetti.com\/wp-content\/uploads\/2025\/02\/giusto-manetti-blu_300-02.png","contentUrl":"https:\/\/www.manetti.com\/wp-content\/uploads\/2025\/02\/giusto-manetti-blu_300-02.png","width":1123,"height":1093,"caption":"GIUSTO MANETTI BATTILORO S.P.A."},"image":{"@id":"https:\/\/www.manetti.com\/de\/#\/schema\/logo\/image\/"},"sameAs":["https:\/\/www.facebook.com\/giustomanettibattiloro","https:\/\/www.instagram.com\/giustomanettibattiloro\/","https:\/\/www.linkedin.com\/company\/giusto-manetti-battiloro-s-p-a-\/","https:\/\/www.youtube.com\/user\/ManettiBattiloro"]}]}},"_links":{"self":[{"href":"https:\/\/www.manetti.com\/de\/wp-json\/wp\/v2\/pages\/45481","targetHints":{"allow":["GET"]}}],"collection":[{"href":"https:\/\/www.manetti.com\/de\/wp-json\/wp\/v2\/pages"}],"about":[{"href":"https:\/\/www.manetti.com\/de\/wp-json\/wp\/v2\/types\/page"}],"author":[{"embeddable":true,"href":"https:\/\/www.manetti.com\/de\/wp-json\/wp\/v2\/users\/1"}],"replies":[{"embeddable":true,"href":"https:\/\/www.manetti.com\/de\/wp-json\/wp\/v2\/comments?post=45481"}],"version-history":[{"count":1,"href":"https:\/\/www.manetti.com\/de\/wp-json\/wp\/v2\/pages\/45481\/revisions"}],"predecessor-version":[{"id":89099,"href":"https:\/\/www.manetti.com\/de\/wp-json\/wp\/v2\/pages\/45481\/revisions\/89099"}],"wp:attachment":[{"href":"https:\/\/www.manetti.com\/de\/wp-json\/wp\/v2\/media?parent=45481"}],"curies":[{"name":"wp","href":"https:\/\/api.w.org\/{rel}","templated":true}]}}