{"id":45497,"date":"2019-10-29T17:00:52","date_gmt":"2019-10-29T16:00:52","guid":{"rendered":"https:\/\/www.manetti.com\/catalogo-prodotti\/"},"modified":"2024-04-08T15:30:20","modified_gmt":"2024-04-08T13:30:20","slug":"katalog","status":"publish","type":"page","link":"https:\/\/www.manetti.com\/de\/katalog\/","title":{"rendered":"Katalog"},"content":{"rendered":"<p>Das umfassendste Sortiment an Vergoldungsprodukten f\u00fcr Fachleute, H\u00e4ndler und gro\u00dfe Player: Blattgold, Silber, Palladium, Platin, Imitation und eine breite Auswahl an Werkzeugen und Produkten f\u00fcr die Wasser- und Auftragsvergoldung, Finish und Schutz.<\/p>\n","protected":false},"excerpt":{"rendered":"<p>Das umfassendste Sortiment an Vergoldungsprodukten f\u00fcr Fachleute, H\u00e4ndler und gro\u00dfe Player: Blattgold, Silber, Palladium, Platin, Imitation und eine breite Auswahl an Werkzeugen und Produkten f\u00fcr die Wasser- und Auftragsvergoldung, Finish und Schutz. [&#8230;]<\/p>\n<p><a class=\"btn btn-secondary understrap-read-more-link\" href=\"https:\/\/www.manetti.com\/de\/katalog\/\">Weiterlesen&#8230;<\/a><\/p>\n","protected":false},"author":1,"featured_media":0,"parent":0,"menu_order":0,"comment_status":"closed","ping_status":"closed","template":"page-templates\/catalogo-template.php","meta":{"_acf_changed":false,"footnotes":""},"class_list":["post-45497","page","type-page","status-publish","hentry"],"acf":[],"yoast_head":"<!-- This site is optimized with the Yoast SEO plugin v26.5 - https:\/\/yoast.com\/wordpress\/plugins\/seo\/ -->\n<title>Produkte Des Vergoldens - Italienischer Goldschl\u00e4ger Manetti<\/title>\n<meta name=\"description\" content=\"\ud83d\udfe1 Goldschl\u00e4ger Manetti, f\u00fchrend in der Herstellung von Blattgold und -silber zum Vergolden von Oberfl\u00e4chen. Durchsuchen Sie den Vergoldungsproduktkatalog!\" \/>\n<meta name=\"robots\" content=\"index, follow, max-snippet:-1, max-image-preview:large, max-video-preview:-1\" \/>\n<link rel=\"canonical\" href=\"https:\/\/www.manetti.com\/de\/katalog\/\" \/>\n<meta property=\"og:locale\" content=\"de_DE\" \/>\n<meta property=\"og:type\" content=\"article\" \/>\n<meta property=\"og:title\" content=\"Blattgold, Silber, Palladium, Platin und Vergoldungszubeh\u00f6r | Giusto Manetti Battiloro\" \/>\n<meta property=\"og:description\" content=\"Bl\u00e4ttern Sie im Produktkatalog von Manetti Battiloro, dem f\u00fchrenden Hersteller von Blattgold und Blattsilber f\u00fcr die Oberfl\u00e4chenvergoldung!\" \/>\n<meta property=\"og:url\" content=\"https:\/\/www.manetti.com\/de\/katalog\/\" \/>\n<meta property=\"og:site_name\" content=\"Giusto Manetti Battiloro\" \/>\n<meta property=\"article:publisher\" content=\"https:\/\/www.facebook.com\/giustomanettibattiloro\" \/>\n<meta property=\"article:modified_time\" content=\"2024-04-08T13:30:20+00:00\" \/>\n<meta property=\"og:image\" content=\"https:\/\/www.manetti.com\/wp-content\/uploads\/2019\/11\/3.FogliaOroManetti_CatalogoHomepage1920.jpg\" \/>\n\t<meta property=\"og:image:width\" content=\"1920\" \/>\n\t<meta property=\"og:image:height\" content=\"1183\" \/>\n\t<meta property=\"og:image:type\" content=\"image\/jpeg\" \/>\n<meta name=\"twitter:card\" content=\"summary_large_image\" \/>\n<meta name=\"twitter:title\" content=\"Blattgold, Silber, Palladium, Platin und Vergoldungszubeh\u00f6r | Giusto Manetti Battiloro\" \/>\n<meta name=\"twitter:description\" content=\"Bl\u00e4ttern Sie im Produktkatalog von Manetti Battiloro, dem f\u00fchrenden Hersteller von Blattgold und Blattsilber f\u00fcr die Oberfl\u00e4chenvergoldung!\" \/>\n<meta name=\"twitter:image\" content=\"https:\/\/www.manetti.com\/wp-content\/uploads\/2019\/11\/3.FogliaOroManetti_CatalogoHomepage1920.jpg\" \/>\n<script type=\"application\/ld+json\" class=\"yoast-schema-graph\">{\"@context\":\"https:\/\/schema.org\",\"@graph\":[{\"@type\":\"WebPage\",\"@id\":\"https:\/\/www.manetti.com\/de\/katalog\/\",\"url\":\"https:\/\/www.manetti.com\/de\/katalog\/\",\"name\":\"Produkte Des Vergoldens - Italienischer Goldschl\u00e4ger Manetti\",\"isPartOf\":{\"@id\":\"https:\/\/www.manetti.com\/de\/#website\"},\"datePublished\":\"2019-10-29T16:00:52+00:00\",\"dateModified\":\"2024-04-08T13:30:20+00:00\",\"description\":\"\ud83d\udfe1 Goldschl\u00e4ger Manetti, f\u00fchrend in der Herstellung von Blattgold und -silber zum Vergolden von Oberfl\u00e4chen. Durchsuchen Sie den Vergoldungsproduktkatalog!\",\"inLanguage\":\"de\",\"potentialAction\":[{\"@type\":\"ReadAction\",\"target\":[\"https:\/\/www.manetti.com\/de\/katalog\/\"]}]},{\"@type\":\"WebSite\",\"@id\":\"https:\/\/www.manetti.com\/de\/#website\",\"url\":\"https:\/\/www.manetti.com\/de\/\",\"name\":\"Giusto Manetti Battiloro\",\"description\":\"\",\"publisher\":{\"@id\":\"https:\/\/www.manetti.com\/de\/#organization\"},\"potentialAction\":[{\"@type\":\"SearchAction\",\"target\":{\"@type\":\"EntryPoint\",\"urlTemplate\":\"https:\/\/www.manetti.com\/de\/?s={search_term_string}\"},\"query-input\":{\"@type\":\"PropertyValueSpecification\",\"valueRequired\":true,\"valueName\":\"search_term_string\"}}],\"inLanguage\":\"de\"},{\"@type\":\"Organization\",\"@id\":\"https:\/\/www.manetti.com\/de\/#organization\",\"name\":\"GIUSTO MANETTI BATTILORO S.P.A.\",\"url\":\"https:\/\/www.manetti.com\/de\/\",\"logo\":{\"@type\":\"ImageObject\",\"inLanguage\":\"de\",\"@id\":\"https:\/\/www.manetti.com\/de\/#\/schema\/logo\/image\/\",\"url\":\"https:\/\/www.manetti.com\/wp-content\/uploads\/2025\/02\/giusto-manetti-blu_300-02.png\",\"contentUrl\":\"https:\/\/www.manetti.com\/wp-content\/uploads\/2025\/02\/giusto-manetti-blu_300-02.png\",\"width\":1123,\"height\":1093,\"caption\":\"GIUSTO MANETTI BATTILORO S.P.A.\"},\"image\":{\"@id\":\"https:\/\/www.manetti.com\/de\/#\/schema\/logo\/image\/\"},\"sameAs\":[\"https:\/\/www.facebook.com\/giustomanettibattiloro\",\"https:\/\/www.instagram.com\/giustomanettibattiloro\/\",\"https:\/\/www.linkedin.com\/company\/giusto-manetti-battiloro-s-p-a-\/\",\"https:\/\/www.youtube.com\/user\/ManettiBattiloro\"]}]}<\/script>\n<!-- \/ Yoast SEO plugin. -->","yoast_head_json":{"title":"Produkte Des Vergoldens - Italienischer Goldschl\u00e4ger Manetti","description":"\ud83d\udfe1 Goldschl\u00e4ger Manetti, f\u00fchrend in der Herstellung von Blattgold und -silber zum Vergolden von Oberfl\u00e4chen. Durchsuchen Sie den Vergoldungsproduktkatalog!","robots":{"index":"index","follow":"follow","max-snippet":"max-snippet:-1","max-image-preview":"max-image-preview:large","max-video-preview":"max-video-preview:-1"},"canonical":"https:\/\/www.manetti.com\/de\/katalog\/","og_locale":"de_DE","og_type":"article","og_title":"Blattgold, Silber, Palladium, Platin und Vergoldungszubeh\u00f6r | Giusto Manetti Battiloro","og_description":"Bl\u00e4ttern Sie im Produktkatalog von Manetti Battiloro, dem f\u00fchrenden Hersteller von Blattgold und Blattsilber f\u00fcr die Oberfl\u00e4chenvergoldung!","og_url":"https:\/\/www.manetti.com\/de\/katalog\/","og_site_name":"Giusto Manetti Battiloro","article_publisher":"https:\/\/www.facebook.com\/giustomanettibattiloro","article_modified_time":"2024-04-08T13:30:20+00:00","og_image":[{"width":1920,"height":1183,"url":"https:\/\/www.manetti.com\/wp-content\/uploads\/2019\/11\/3.FogliaOroManetti_CatalogoHomepage1920.jpg","type":"image\/jpeg"}],"twitter_card":"summary_large_image","twitter_title":"Blattgold, Silber, Palladium, Platin und Vergoldungszubeh\u00f6r | Giusto Manetti Battiloro","twitter_description":"Bl\u00e4ttern Sie im Produktkatalog von Manetti Battiloro, dem f\u00fchrenden Hersteller von Blattgold und Blattsilber f\u00fcr die Oberfl\u00e4chenvergoldung!","twitter_image":"https:\/\/www.manetti.com\/wp-content\/uploads\/2019\/11\/3.FogliaOroManetti_CatalogoHomepage1920.jpg","schema":{"@context":"https:\/\/schema.org","@graph":[{"@type":"WebPage","@id":"https:\/\/www.manetti.com\/de\/katalog\/","url":"https:\/\/www.manetti.com\/de\/katalog\/","name":"Produkte Des Vergoldens - Italienischer Goldschl\u00e4ger Manetti","isPartOf":{"@id":"https:\/\/www.manetti.com\/de\/#website"},"datePublished":"2019-10-29T16:00:52+00:00","dateModified":"2024-04-08T13:30:20+00:00","description":"\ud83d\udfe1 Goldschl\u00e4ger Manetti, f\u00fchrend in der Herstellung von Blattgold und -silber zum Vergolden von Oberfl\u00e4chen. Durchsuchen Sie den Vergoldungsproduktkatalog!","inLanguage":"de","potentialAction":[{"@type":"ReadAction","target":["https:\/\/www.manetti.com\/de\/katalog\/"]}]},{"@type":"WebSite","@id":"https:\/\/www.manetti.com\/de\/#website","url":"https:\/\/www.manetti.com\/de\/","name":"Giusto Manetti Battiloro","description":"","publisher":{"@id":"https:\/\/www.manetti.com\/de\/#organization"},"potentialAction":[{"@type":"SearchAction","target":{"@type":"EntryPoint","urlTemplate":"https:\/\/www.manetti.com\/de\/?s={search_term_string}"},"query-input":{"@type":"PropertyValueSpecification","valueRequired":true,"valueName":"search_term_string"}}],"inLanguage":"de"},{"@type":"Organization","@id":"https:\/\/www.manetti.com\/de\/#organization","name":"GIUSTO MANETTI BATTILORO S.P.A.","url":"https:\/\/www.manetti.com\/de\/","logo":{"@type":"ImageObject","inLanguage":"de","@id":"https:\/\/www.manetti.com\/de\/#\/schema\/logo\/image\/","url":"https:\/\/www.manetti.com\/wp-content\/uploads\/2025\/02\/giusto-manetti-blu_300-02.png","contentUrl":"https:\/\/www.manetti.com\/wp-content\/uploads\/2025\/02\/giusto-manetti-blu_300-02.png","width":1123,"height":1093,"caption":"GIUSTO MANETTI BATTILORO S.P.A."},"image":{"@id":"https:\/\/www.manetti.com\/de\/#\/schema\/logo\/image\/"},"sameAs":["https:\/\/www.facebook.com\/giustomanettibattiloro","https:\/\/www.instagram.com\/giustomanettibattiloro\/","https:\/\/www.linkedin.com\/company\/giusto-manetti-battiloro-s-p-a-\/","https:\/\/www.youtube.com\/user\/ManettiBattiloro"]}]}},"_links":{"self":[{"href":"https:\/\/www.manetti.com\/de\/wp-json\/wp\/v2\/pages\/45497","targetHints":{"allow":["GET"]}}],"collection":[{"href":"https:\/\/www.manetti.com\/de\/wp-json\/wp\/v2\/pages"}],"about":[{"href":"https:\/\/www.manetti.com\/de\/wp-json\/wp\/v2\/types\/page"}],"author":[{"embeddable":true,"href":"https:\/\/www.manetti.com\/de\/wp-json\/wp\/v2\/users\/1"}],"replies":[{"embeddable":true,"href":"https:\/\/www.manetti.com\/de\/wp-json\/wp\/v2\/comments?post=45497"}],"version-history":[{"count":0,"href":"https:\/\/www.manetti.com\/de\/wp-json\/wp\/v2\/pages\/45497\/revisions"}],"wp:attachment":[{"href":"https:\/\/www.manetti.com\/de\/wp-json\/wp\/v2\/media?parent=45497"}],"curies":[{"name":"wp","href":"https:\/\/api.w.org\/{rel}","templated":true}]}}