{"id":46012,"date":"2019-10-30T11:12:54","date_gmt":"2019-10-30T10:12:54","guid":{"rendered":"https:\/\/www.manetti.com\/gilding-academy\/"},"modified":"2022-05-05T09:50:30","modified_gmt":"2022-05-05T07:50:30","slug":"vergoldungsakademie","status":"publish","type":"page","link":"https:\/\/www.manetti.com\/de\/vergoldungsakademie\/","title":{"rendered":"Vergoldungsakademie"},"content":{"rendered":"\n<p><strong>Alles, was Sie \u00fcber die Restaurierung oder Dekoration mit der Vergoldungstechnik wissen m\u00fcssen<\/strong><\/p>\n\n\n\n<p><strong>Anleitungen, eingehende Analysen und Beratung f\u00fcr professionelle Anwendungen<\/strong><\/p>\n\n\n\n<p>In dieser Rubrik stellt Giusto Manetti Battiloro die in \u00fcber vierhundert Jahren gesammelte Erfahrung und das K\u00f6nnen der besten Vergolder, mit denen er zusammenarbeitet, allen zur Verf\u00fcgung. Die Vergoldungsakademie ist ein praktischer Leitfaden zu den wichtigsten Techniken der Blattvergoldung in Edelmetallen (Gold, Silber, Platin, Palladium) und Metallimitaten (Goldimitat, Aluminium, Kupfer), zu den f\u00fcr die Anwendung ben\u00f6tigten Werkzeugen und zur Analyse von Materialien und Oberfl\u00e4chen. Dank der Ratschl\u00e4ge, Bilder und Videos ist es m\u00f6glich, die Welt des <a href=\"https:\/\/www.manetti.com\/de\/katalog\/blattgold\/\">Blattgoldes<\/a>, seine Verwendung in der Restaurierung, im Handwerk und im Design zu entdecken, jeden Schritt des Prozesses zu erlernen und die \u00e4ltesten und m\u00fchsamsten Techniken (wie die Gouache-Vergoldung) und die modernsten (wie die Missionsvergoldung und ihre Wasser-, Alkohol- und Lackversionen) kennen zu lernen.<\/p>\n\n\n\n<p>Jede Phase des Prozesses wird detailliert beschrieben, wobei der Schwerpunkt auf der Anwendung auf einer Vielzahl von Materialien wie Holz, Metall, Marmor, Glas, Kunststoff, Leder, Papier und Karton liegt.<\/p>\n","protected":false},"excerpt":{"rendered":"<p>Alles, was Sie \u00fcber die Restaurierung oder Dekoration mit der Vergoldungstechnik wissen m\u00fcssen Anleitungen, eingehende Analysen und Beratung f\u00fcr professionelle Anwendungen In dieser Rubrik stellt Giusto Manetti Battiloro die in \u00fcber vierhundert Jahren gesammelte Erfahrung und das K\u00f6nnen der besten Vergolder, mit denen er zusammenarbeitet, allen zur Verf\u00fcgung. Die Vergoldungsakademie ist ein praktischer Leitfaden zu [&#8230;]<\/p>\n<p><a class=\"btn btn-secondary understrap-read-more-link\" href=\"https:\/\/www.manetti.com\/de\/vergoldungsakademie\/\">Weiterlesen&#8230;<\/a><\/p>\n","protected":false},"author":1,"featured_media":0,"parent":0,"menu_order":0,"comment_status":"closed","ping_status":"closed","template":"page-templates\/gilding-template.php","meta":{"_acf_changed":false,"footnotes":""},"class_list":["post-46012","page","type-page","status-publish","hentry"],"acf":[],"yoast_head":"<!-- This site is optimized with the Yoast SEO plugin v26.5 - https:\/\/yoast.com\/wordpress\/plugins\/seo\/ -->\n<title>Vergoldung Tutorials mit Blattgold | Goldschl\u00e4ger Manetti<\/title>\n<meta name=\"description\" content=\"Greifen Sie auf die Tutorials der Gilding Academy von Giusto Manetti Battiloro zu, um alle Tricks und Techniken der Vergoldungskunst zu entdecken!\" \/>\n<meta name=\"robots\" content=\"index, follow, max-snippet:-1, max-image-preview:large, max-video-preview:-1\" \/>\n<link rel=\"canonical\" href=\"https:\/\/www.manetti.com\/de\/vergoldungsakademie\/\" \/>\n<meta property=\"og:locale\" content=\"de_DE\" \/>\n<meta property=\"og:type\" content=\"article\" \/>\n<meta property=\"og:title\" content=\"Vergoldung Tutorials mit Blattgold | Goldschl\u00e4ger Manetti\" \/>\n<meta property=\"og:description\" content=\"Greifen Sie auf die Tutorials der Gilding Academy von Giusto Manetti Battiloro zu, um alle Tricks und Techniken der Vergoldungskunst zu entdecken!\" \/>\n<meta property=\"og:url\" content=\"https:\/\/www.manetti.com\/de\/vergoldungsakademie\/\" \/>\n<meta property=\"og:site_name\" content=\"Giusto Manetti Battiloro\" \/>\n<meta property=\"article:publisher\" content=\"https:\/\/www.facebook.com\/giustomanettibattiloro\" \/>\n<meta property=\"article:modified_time\" content=\"2022-05-05T07:50:30+00:00\" \/>\n<meta name=\"twitter:card\" content=\"summary_large_image\" \/>\n<meta name=\"twitter:label1\" content=\"Gesch\u00e4tzte Lesezeit\" \/>\n\t<meta name=\"twitter:data1\" content=\"1\u00a0Minute\" \/>\n<script type=\"application\/ld+json\" class=\"yoast-schema-graph\">{\"@context\":\"https:\/\/schema.org\",\"@graph\":[{\"@type\":\"WebPage\",\"@id\":\"https:\/\/www.manetti.com\/de\/vergoldungsakademie\/\",\"url\":\"https:\/\/www.manetti.com\/de\/vergoldungsakademie\/\",\"name\":\"Vergoldung Tutorials mit Blattgold | Goldschl\u00e4ger Manetti\",\"isPartOf\":{\"@id\":\"https:\/\/www.manetti.com\/de\/#website\"},\"datePublished\":\"2019-10-30T10:12:54+00:00\",\"dateModified\":\"2022-05-05T07:50:30+00:00\",\"description\":\"Greifen Sie auf die Tutorials der Gilding Academy von Giusto Manetti Battiloro zu, um alle Tricks und Techniken der Vergoldungskunst zu entdecken!\",\"inLanguage\":\"de\",\"potentialAction\":[{\"@type\":\"ReadAction\",\"target\":[\"https:\/\/www.manetti.com\/de\/vergoldungsakademie\/\"]}]},{\"@type\":\"WebSite\",\"@id\":\"https:\/\/www.manetti.com\/de\/#website\",\"url\":\"https:\/\/www.manetti.com\/de\/\",\"name\":\"Giusto Manetti Battiloro\",\"description\":\"\",\"publisher\":{\"@id\":\"https:\/\/www.manetti.com\/de\/#organization\"},\"potentialAction\":[{\"@type\":\"SearchAction\",\"target\":{\"@type\":\"EntryPoint\",\"urlTemplate\":\"https:\/\/www.manetti.com\/de\/?s={search_term_string}\"},\"query-input\":{\"@type\":\"PropertyValueSpecification\",\"valueRequired\":true,\"valueName\":\"search_term_string\"}}],\"inLanguage\":\"de\"},{\"@type\":\"Organization\",\"@id\":\"https:\/\/www.manetti.com\/de\/#organization\",\"name\":\"GIUSTO MANETTI BATTILORO S.P.A.\",\"url\":\"https:\/\/www.manetti.com\/de\/\",\"logo\":{\"@type\":\"ImageObject\",\"inLanguage\":\"de\",\"@id\":\"https:\/\/www.manetti.com\/de\/#\/schema\/logo\/image\/\",\"url\":\"https:\/\/www.manetti.com\/wp-content\/uploads\/2025\/02\/giusto-manetti-blu_300-02.png\",\"contentUrl\":\"https:\/\/www.manetti.com\/wp-content\/uploads\/2025\/02\/giusto-manetti-blu_300-02.png\",\"width\":1123,\"height\":1093,\"caption\":\"GIUSTO MANETTI BATTILORO S.P.A.\"},\"image\":{\"@id\":\"https:\/\/www.manetti.com\/de\/#\/schema\/logo\/image\/\"},\"sameAs\":[\"https:\/\/www.facebook.com\/giustomanettibattiloro\",\"https:\/\/www.instagram.com\/giustomanettibattiloro\/\",\"https:\/\/www.linkedin.com\/company\/giusto-manetti-battiloro-s-p-a-\/\",\"https:\/\/www.youtube.com\/user\/ManettiBattiloro\"]}]}<\/script>\n<!-- \/ Yoast SEO plugin. -->","yoast_head_json":{"title":"Vergoldung Tutorials mit Blattgold | Goldschl\u00e4ger Manetti","description":"Greifen Sie auf die Tutorials der Gilding Academy von Giusto Manetti Battiloro zu, um alle Tricks und Techniken der Vergoldungskunst zu entdecken!","robots":{"index":"index","follow":"follow","max-snippet":"max-snippet:-1","max-image-preview":"max-image-preview:large","max-video-preview":"max-video-preview:-1"},"canonical":"https:\/\/www.manetti.com\/de\/vergoldungsakademie\/","og_locale":"de_DE","og_type":"article","og_title":"Vergoldung Tutorials mit Blattgold | Goldschl\u00e4ger Manetti","og_description":"Greifen Sie auf die Tutorials der Gilding Academy von Giusto Manetti Battiloro zu, um alle Tricks und Techniken der Vergoldungskunst zu entdecken!","og_url":"https:\/\/www.manetti.com\/de\/vergoldungsakademie\/","og_site_name":"Giusto Manetti Battiloro","article_publisher":"https:\/\/www.facebook.com\/giustomanettibattiloro","article_modified_time":"2022-05-05T07:50:30+00:00","twitter_card":"summary_large_image","twitter_misc":{"Gesch\u00e4tzte Lesezeit":"1\u00a0Minute"},"schema":{"@context":"https:\/\/schema.org","@graph":[{"@type":"WebPage","@id":"https:\/\/www.manetti.com\/de\/vergoldungsakademie\/","url":"https:\/\/www.manetti.com\/de\/vergoldungsakademie\/","name":"Vergoldung Tutorials mit Blattgold | Goldschl\u00e4ger Manetti","isPartOf":{"@id":"https:\/\/www.manetti.com\/de\/#website"},"datePublished":"2019-10-30T10:12:54+00:00","dateModified":"2022-05-05T07:50:30+00:00","description":"Greifen Sie auf die Tutorials der Gilding Academy von Giusto Manetti Battiloro zu, um alle Tricks und Techniken der Vergoldungskunst zu entdecken!","inLanguage":"de","potentialAction":[{"@type":"ReadAction","target":["https:\/\/www.manetti.com\/de\/vergoldungsakademie\/"]}]},{"@type":"WebSite","@id":"https:\/\/www.manetti.com\/de\/#website","url":"https:\/\/www.manetti.com\/de\/","name":"Giusto Manetti Battiloro","description":"","publisher":{"@id":"https:\/\/www.manetti.com\/de\/#organization"},"potentialAction":[{"@type":"SearchAction","target":{"@type":"EntryPoint","urlTemplate":"https:\/\/www.manetti.com\/de\/?s={search_term_string}"},"query-input":{"@type":"PropertyValueSpecification","valueRequired":true,"valueName":"search_term_string"}}],"inLanguage":"de"},{"@type":"Organization","@id":"https:\/\/www.manetti.com\/de\/#organization","name":"GIUSTO MANETTI BATTILORO S.P.A.","url":"https:\/\/www.manetti.com\/de\/","logo":{"@type":"ImageObject","inLanguage":"de","@id":"https:\/\/www.manetti.com\/de\/#\/schema\/logo\/image\/","url":"https:\/\/www.manetti.com\/wp-content\/uploads\/2025\/02\/giusto-manetti-blu_300-02.png","contentUrl":"https:\/\/www.manetti.com\/wp-content\/uploads\/2025\/02\/giusto-manetti-blu_300-02.png","width":1123,"height":1093,"caption":"GIUSTO MANETTI BATTILORO S.P.A."},"image":{"@id":"https:\/\/www.manetti.com\/de\/#\/schema\/logo\/image\/"},"sameAs":["https:\/\/www.facebook.com\/giustomanettibattiloro","https:\/\/www.instagram.com\/giustomanettibattiloro\/","https:\/\/www.linkedin.com\/company\/giusto-manetti-battiloro-s-p-a-\/","https:\/\/www.youtube.com\/user\/ManettiBattiloro"]}]}},"_links":{"self":[{"href":"https:\/\/www.manetti.com\/de\/wp-json\/wp\/v2\/pages\/46012","targetHints":{"allow":["GET"]}}],"collection":[{"href":"https:\/\/www.manetti.com\/de\/wp-json\/wp\/v2\/pages"}],"about":[{"href":"https:\/\/www.manetti.com\/de\/wp-json\/wp\/v2\/types\/page"}],"author":[{"embeddable":true,"href":"https:\/\/www.manetti.com\/de\/wp-json\/wp\/v2\/users\/1"}],"replies":[{"embeddable":true,"href":"https:\/\/www.manetti.com\/de\/wp-json\/wp\/v2\/comments?post=46012"}],"version-history":[{"count":0,"href":"https:\/\/www.manetti.com\/de\/wp-json\/wp\/v2\/pages\/46012\/revisions"}],"wp:attachment":[{"href":"https:\/\/www.manetti.com\/de\/wp-json\/wp\/v2\/media?parent=46012"}],"curies":[{"name":"wp","href":"https:\/\/api.w.org\/{rel}","templated":true}]}}