{"id":46863,"date":"2019-10-30T11:11:32","date_gmt":"2019-10-30T10:11:32","guid":{"rendered":"https:\/\/www.manetti.com\/katalog\/foglia-palladio\/"},"modified":"2023-04-27T17:48:02","modified_gmt":"2023-04-27T15:48:02","slug":"palladium-blatt","status":"publish","type":"page","link":"https:\/\/www.manetti.com\/de\/katalog\/palladium-blatt\/","title":{"rendered":"Palladium-Blatt"},"content":{"rendered":"","protected":false},"excerpt":{"rendered":"<p> [&#8230;]<\/p>\n<p><a class=\"btn btn-secondary understrap-read-more-link\" href=\"https:\/\/www.manetti.com\/de\/katalog\/palladium-blatt\/\">Weiterlesen&#8230;<\/a><\/p>\n","protected":false},"author":1,"featured_media":0,"parent":45497,"menu_order":0,"comment_status":"closed","ping_status":"closed","template":"page-templates\/catalogo-dettaglio-template.php","meta":{"_acf_changed":false,"footnotes":""},"class_list":["post-46863","page","type-page","status-publish","hentry"],"acf":[],"yoast_head":"<!-- This site is optimized with the Yoast SEO plugin v26.5 - https:\/\/yoast.com\/wordpress\/plugins\/seo\/ -->\n<title>Reines Palladiumblatt, in verschiedenen Dicken | Giusto Manetti Battiloro<\/title>\n<meta name=\"description\" content=\"Das Reines Palladiumblatt 1000\/000 von Manetti ist ein hochwertiges Produkt, das in verschiedenen Gr\u00f6\u00dfen und St\u00e4rken erh\u00e4ltlich ist.\" \/>\n<meta name=\"robots\" content=\"index, follow, max-snippet:-1, max-image-preview:large, max-video-preview:-1\" \/>\n<link rel=\"canonical\" href=\"https:\/\/www.manetti.com\/de\/katalog\/palladium-blatt\/\" \/>\n<meta property=\"og:locale\" content=\"de_DE\" \/>\n<meta property=\"og:type\" content=\"article\" \/>\n<meta property=\"og:title\" content=\"Reines Palladiumblatt, in verschiedenen Dicken | Giusto Manetti Battiloro\" \/>\n<meta property=\"og:description\" content=\"Das Reines Palladiumblatt 1000\/000 von Manetti ist ein hochwertiges Produkt, das in verschiedenen Gr\u00f6\u00dfen und St\u00e4rken erh\u00e4ltlich ist.\" \/>\n<meta property=\"og:url\" content=\"https:\/\/www.manetti.com\/de\/katalog\/palladium-blatt\/\" \/>\n<meta property=\"og:site_name\" content=\"Giusto Manetti Battiloro\" \/>\n<meta property=\"article:publisher\" content=\"https:\/\/www.facebook.com\/giustomanettibattiloro\" \/>\n<meta property=\"article:modified_time\" content=\"2023-04-27T15:48:02+00:00\" \/>\n<meta name=\"twitter:card\" content=\"summary_large_image\" \/>\n<script type=\"application\/ld+json\" class=\"yoast-schema-graph\">{\"@context\":\"https:\/\/schema.org\",\"@graph\":[{\"@type\":\"WebPage\",\"@id\":\"https:\/\/www.manetti.com\/de\/katalog\/palladium-blatt\/\",\"url\":\"https:\/\/www.manetti.com\/de\/katalog\/palladium-blatt\/\",\"name\":\"Reines Palladiumblatt, in verschiedenen Dicken | Giusto Manetti Battiloro\",\"isPartOf\":{\"@id\":\"https:\/\/www.manetti.com\/de\/#website\"},\"datePublished\":\"2019-10-30T10:11:32+00:00\",\"dateModified\":\"2023-04-27T15:48:02+00:00\",\"description\":\"Das Reines Palladiumblatt 1000\/000 von Manetti ist ein hochwertiges Produkt, das in verschiedenen Gr\u00f6\u00dfen und St\u00e4rken erh\u00e4ltlich ist.\",\"inLanguage\":\"de\",\"potentialAction\":[{\"@type\":\"ReadAction\",\"target\":[\"https:\/\/www.manetti.com\/de\/katalog\/palladium-blatt\/\"]}]},{\"@type\":\"WebSite\",\"@id\":\"https:\/\/www.manetti.com\/de\/#website\",\"url\":\"https:\/\/www.manetti.com\/de\/\",\"name\":\"Giusto Manetti Battiloro\",\"description\":\"\",\"publisher\":{\"@id\":\"https:\/\/www.manetti.com\/de\/#organization\"},\"potentialAction\":[{\"@type\":\"SearchAction\",\"target\":{\"@type\":\"EntryPoint\",\"urlTemplate\":\"https:\/\/www.manetti.com\/de\/?s={search_term_string}\"},\"query-input\":{\"@type\":\"PropertyValueSpecification\",\"valueRequired\":true,\"valueName\":\"search_term_string\"}}],\"inLanguage\":\"de\"},{\"@type\":\"Organization\",\"@id\":\"https:\/\/www.manetti.com\/de\/#organization\",\"name\":\"GIUSTO MANETTI BATTILORO S.P.A.\",\"url\":\"https:\/\/www.manetti.com\/de\/\",\"logo\":{\"@type\":\"ImageObject\",\"inLanguage\":\"de\",\"@id\":\"https:\/\/www.manetti.com\/de\/#\/schema\/logo\/image\/\",\"url\":\"https:\/\/www.manetti.com\/wp-content\/uploads\/2025\/02\/giusto-manetti-blu_300-02.png\",\"contentUrl\":\"https:\/\/www.manetti.com\/wp-content\/uploads\/2025\/02\/giusto-manetti-blu_300-02.png\",\"width\":1123,\"height\":1093,\"caption\":\"GIUSTO MANETTI BATTILORO S.P.A.\"},\"image\":{\"@id\":\"https:\/\/www.manetti.com\/de\/#\/schema\/logo\/image\/\"},\"sameAs\":[\"https:\/\/www.facebook.com\/giustomanettibattiloro\",\"https:\/\/www.instagram.com\/giustomanettibattiloro\/\",\"https:\/\/www.linkedin.com\/company\/giusto-manetti-battiloro-s-p-a-\/\",\"https:\/\/www.youtube.com\/user\/ManettiBattiloro\"]}]}<\/script>\n<!-- \/ Yoast SEO plugin. -->","yoast_head_json":{"title":"Reines Palladiumblatt, in verschiedenen Dicken | Giusto Manetti Battiloro","description":"Das Reines Palladiumblatt 1000\/000 von Manetti ist ein hochwertiges Produkt, das in verschiedenen Gr\u00f6\u00dfen und St\u00e4rken erh\u00e4ltlich ist.","robots":{"index":"index","follow":"follow","max-snippet":"max-snippet:-1","max-image-preview":"max-image-preview:large","max-video-preview":"max-video-preview:-1"},"canonical":"https:\/\/www.manetti.com\/de\/katalog\/palladium-blatt\/","og_locale":"de_DE","og_type":"article","og_title":"Reines Palladiumblatt, in verschiedenen Dicken | Giusto Manetti Battiloro","og_description":"Das Reines Palladiumblatt 1000\/000 von Manetti ist ein hochwertiges Produkt, das in verschiedenen Gr\u00f6\u00dfen und St\u00e4rken erh\u00e4ltlich ist.","og_url":"https:\/\/www.manetti.com\/de\/katalog\/palladium-blatt\/","og_site_name":"Giusto Manetti Battiloro","article_publisher":"https:\/\/www.facebook.com\/giustomanettibattiloro","article_modified_time":"2023-04-27T15:48:02+00:00","twitter_card":"summary_large_image","schema":{"@context":"https:\/\/schema.org","@graph":[{"@type":"WebPage","@id":"https:\/\/www.manetti.com\/de\/katalog\/palladium-blatt\/","url":"https:\/\/www.manetti.com\/de\/katalog\/palladium-blatt\/","name":"Reines Palladiumblatt, in verschiedenen Dicken | Giusto Manetti Battiloro","isPartOf":{"@id":"https:\/\/www.manetti.com\/de\/#website"},"datePublished":"2019-10-30T10:11:32+00:00","dateModified":"2023-04-27T15:48:02+00:00","description":"Das Reines Palladiumblatt 1000\/000 von Manetti ist ein hochwertiges Produkt, das in verschiedenen Gr\u00f6\u00dfen und St\u00e4rken erh\u00e4ltlich ist.","inLanguage":"de","potentialAction":[{"@type":"ReadAction","target":["https:\/\/www.manetti.com\/de\/katalog\/palladium-blatt\/"]}]},{"@type":"WebSite","@id":"https:\/\/www.manetti.com\/de\/#website","url":"https:\/\/www.manetti.com\/de\/","name":"Giusto Manetti Battiloro","description":"","publisher":{"@id":"https:\/\/www.manetti.com\/de\/#organization"},"potentialAction":[{"@type":"SearchAction","target":{"@type":"EntryPoint","urlTemplate":"https:\/\/www.manetti.com\/de\/?s={search_term_string}"},"query-input":{"@type":"PropertyValueSpecification","valueRequired":true,"valueName":"search_term_string"}}],"inLanguage":"de"},{"@type":"Organization","@id":"https:\/\/www.manetti.com\/de\/#organization","name":"GIUSTO MANETTI BATTILORO S.P.A.","url":"https:\/\/www.manetti.com\/de\/","logo":{"@type":"ImageObject","inLanguage":"de","@id":"https:\/\/www.manetti.com\/de\/#\/schema\/logo\/image\/","url":"https:\/\/www.manetti.com\/wp-content\/uploads\/2025\/02\/giusto-manetti-blu_300-02.png","contentUrl":"https:\/\/www.manetti.com\/wp-content\/uploads\/2025\/02\/giusto-manetti-blu_300-02.png","width":1123,"height":1093,"caption":"GIUSTO MANETTI BATTILORO S.P.A."},"image":{"@id":"https:\/\/www.manetti.com\/de\/#\/schema\/logo\/image\/"},"sameAs":["https:\/\/www.facebook.com\/giustomanettibattiloro","https:\/\/www.instagram.com\/giustomanettibattiloro\/","https:\/\/www.linkedin.com\/company\/giusto-manetti-battiloro-s-p-a-\/","https:\/\/www.youtube.com\/user\/ManettiBattiloro"]}]}},"_links":{"self":[{"href":"https:\/\/www.manetti.com\/de\/wp-json\/wp\/v2\/pages\/46863","targetHints":{"allow":["GET"]}}],"collection":[{"href":"https:\/\/www.manetti.com\/de\/wp-json\/wp\/v2\/pages"}],"about":[{"href":"https:\/\/www.manetti.com\/de\/wp-json\/wp\/v2\/types\/page"}],"author":[{"embeddable":true,"href":"https:\/\/www.manetti.com\/de\/wp-json\/wp\/v2\/users\/1"}],"replies":[{"embeddable":true,"href":"https:\/\/www.manetti.com\/de\/wp-json\/wp\/v2\/comments?post=46863"}],"version-history":[{"count":0,"href":"https:\/\/www.manetti.com\/de\/wp-json\/wp\/v2\/pages\/46863\/revisions"}],"up":[{"embeddable":true,"href":"https:\/\/www.manetti.com\/de\/wp-json\/wp\/v2\/pages\/45497"}],"wp:attachment":[{"href":"https:\/\/www.manetti.com\/de\/wp-json\/wp\/v2\/media?parent=46863"}],"curies":[{"name":"wp","href":"https:\/\/api.w.org\/{rel}","templated":true}]}}