{"id":46876,"date":"2019-12-13T15:15:56","date_gmt":"2019-12-13T14:15:56","guid":{"rendered":"https:\/\/www.manetti.com\/katalog\/vergoldung-zubehor\/boli\/"},"modified":"2023-04-20T15:34:39","modified_gmt":"2023-04-20T13:34:39","slug":"wasservergoldung","status":"publish","type":"page","link":"https:\/\/www.manetti.com\/de\/katalog\/vergoldung-zubehor\/wasservergoldung\/","title":{"rendered":"Wasservergoldung"},"content":{"rendered":"\n<p>Gips f\u00fcr Vergolder, Kaninchenhautleim und Baumstamm: Die Wasservergoldung wird empfohlen, um die Dreidimensionalit\u00e4t der Oberfl\u00e4chen zu betonen, und wird h\u00e4ufig in der Ikonographie, in Rahmen, bei historischen Artefakten und vor allem in der Restaurierung verwendet, wenn es notwendig ist, fehlende oder besch\u00e4digte Teile zu integrieren M\u00f6bel.<\/p>\n","protected":false},"excerpt":{"rendered":"<p>Gips f\u00fcr Vergolder, Kaninchenhautleim und Baumstamm: Die Wasservergoldung wird empfohlen, um die Dreidimensionalit\u00e4t der Oberfl\u00e4chen zu betonen, und wird h\u00e4ufig in der Ikonographie, in Rahmen, bei historischen Artefakten und vor allem in der Restaurierung verwendet, wenn es notwendig ist, fehlende oder besch\u00e4digte Teile zu integrieren M\u00f6bel. [&#8230;]<\/p>\n<p><a class=\"btn btn-secondary understrap-read-more-link\" href=\"https:\/\/www.manetti.com\/de\/katalog\/vergoldung-zubehor\/wasservergoldung\/\">Weiterlesen&#8230;<\/a><\/p>\n","protected":false},"author":1,"featured_media":46877,"parent":46331,"menu_order":0,"comment_status":"closed","ping_status":"closed","template":"page-templates\/catalogo-dettaglio-accessori-doratura-template.php","meta":{"_acf_changed":false,"footnotes":""},"class_list":["post-46876","page","type-page","status-publish","has-post-thumbnail","hentry"],"acf":[],"yoast_head":"<!-- This site is optimized with the Yoast SEO plugin v26.5 - https:\/\/yoast.com\/wordpress\/plugins\/seo\/ -->\n<title>Gips f\u00fcr Vergolder, Kaninchenhautleim und Baumstamm<\/title>\n<meta name=\"description\" content=\"Um die Dreidimensionalit\u00e4t der Oberfl\u00e4chen zu betonen, wird die Technik der Wasservergoldung vorgeschlagen.\" \/>\n<meta name=\"robots\" content=\"index, follow, max-snippet:-1, max-image-preview:large, max-video-preview:-1\" \/>\n<link rel=\"canonical\" href=\"https:\/\/www.manetti.com\/de\/katalog\/vergoldung-zubehor\/wasservergoldung\/\" \/>\n<meta property=\"og:locale\" content=\"de_DE\" \/>\n<meta property=\"og:type\" content=\"article\" \/>\n<meta property=\"og:title\" content=\"Gips f\u00fcr Vergolder, Kaninchenhautleim und Baumstamm\" \/>\n<meta property=\"og:description\" content=\"Um die Dreidimensionalit\u00e4t der Oberfl\u00e4chen zu betonen, wird die Technik der Wasservergoldung vorgeschlagen.\" \/>\n<meta property=\"og:url\" content=\"https:\/\/www.manetti.com\/de\/katalog\/vergoldung-zubehor\/wasservergoldung\/\" \/>\n<meta property=\"og:site_name\" content=\"Giusto Manetti Battiloro\" \/>\n<meta property=\"article:publisher\" content=\"https:\/\/www.facebook.com\/giustomanettibattiloro\" \/>\n<meta property=\"article:modified_time\" content=\"2023-04-20T13:34:39+00:00\" \/>\n<meta property=\"og:image\" content=\"https:\/\/www.manetti.com\/wp-content\/uploads\/2019\/12\/boli.png\" \/>\n\t<meta property=\"og:image:width\" content=\"200\" \/>\n\t<meta property=\"og:image:height\" content=\"200\" \/>\n\t<meta property=\"og:image:type\" content=\"image\/png\" \/>\n<meta name=\"twitter:card\" content=\"summary_large_image\" \/>\n<meta name=\"twitter:label1\" content=\"Gesch\u00e4tzte Lesezeit\" \/>\n\t<meta name=\"twitter:data1\" content=\"1\u00a0Minute\" \/>\n<script type=\"application\/ld+json\" class=\"yoast-schema-graph\">{\"@context\":\"https:\/\/schema.org\",\"@graph\":[{\"@type\":\"WebPage\",\"@id\":\"https:\/\/www.manetti.com\/de\/katalog\/vergoldung-zubehor\/wasservergoldung\/\",\"url\":\"https:\/\/www.manetti.com\/de\/katalog\/vergoldung-zubehor\/wasservergoldung\/\",\"name\":\"Gips f\u00fcr Vergolder, Kaninchenhautleim und Baumstamm\",\"isPartOf\":{\"@id\":\"https:\/\/www.manetti.com\/de\/#website\"},\"primaryImageOfPage\":{\"@id\":\"https:\/\/www.manetti.com\/de\/katalog\/vergoldung-zubehor\/wasservergoldung\/#primaryimage\"},\"image\":{\"@id\":\"https:\/\/www.manetti.com\/de\/katalog\/vergoldung-zubehor\/wasservergoldung\/#primaryimage\"},\"thumbnailUrl\":\"https:\/\/www.manetti.com\/wp-content\/uploads\/2019\/12\/boli.png\",\"datePublished\":\"2019-12-13T14:15:56+00:00\",\"dateModified\":\"2023-04-20T13:34:39+00:00\",\"description\":\"Um die Dreidimensionalit\u00e4t der Oberfl\u00e4chen zu betonen, wird die Technik der Wasservergoldung vorgeschlagen.\",\"inLanguage\":\"de\",\"potentialAction\":[{\"@type\":\"ReadAction\",\"target\":[\"https:\/\/www.manetti.com\/de\/katalog\/vergoldung-zubehor\/wasservergoldung\/\"]}]},{\"@type\":\"ImageObject\",\"inLanguage\":\"de\",\"@id\":\"https:\/\/www.manetti.com\/de\/katalog\/vergoldung-zubehor\/wasservergoldung\/#primaryimage\",\"url\":\"https:\/\/www.manetti.com\/wp-content\/uploads\/2019\/12\/boli.png\",\"contentUrl\":\"https:\/\/www.manetti.com\/wp-content\/uploads\/2019\/12\/boli.png\",\"width\":200,\"height\":200},{\"@type\":\"WebSite\",\"@id\":\"https:\/\/www.manetti.com\/de\/#website\",\"url\":\"https:\/\/www.manetti.com\/de\/\",\"name\":\"Giusto Manetti Battiloro\",\"description\":\"\",\"publisher\":{\"@id\":\"https:\/\/www.manetti.com\/de\/#organization\"},\"potentialAction\":[{\"@type\":\"SearchAction\",\"target\":{\"@type\":\"EntryPoint\",\"urlTemplate\":\"https:\/\/www.manetti.com\/de\/?s={search_term_string}\"},\"query-input\":{\"@type\":\"PropertyValueSpecification\",\"valueRequired\":true,\"valueName\":\"search_term_string\"}}],\"inLanguage\":\"de\"},{\"@type\":\"Organization\",\"@id\":\"https:\/\/www.manetti.com\/de\/#organization\",\"name\":\"GIUSTO MANETTI BATTILORO S.P.A.\",\"url\":\"https:\/\/www.manetti.com\/de\/\",\"logo\":{\"@type\":\"ImageObject\",\"inLanguage\":\"de\",\"@id\":\"https:\/\/www.manetti.com\/de\/#\/schema\/logo\/image\/\",\"url\":\"https:\/\/www.manetti.com\/wp-content\/uploads\/2025\/02\/giusto-manetti-blu_300-02.png\",\"contentUrl\":\"https:\/\/www.manetti.com\/wp-content\/uploads\/2025\/02\/giusto-manetti-blu_300-02.png\",\"width\":1123,\"height\":1093,\"caption\":\"GIUSTO MANETTI BATTILORO S.P.A.\"},\"image\":{\"@id\":\"https:\/\/www.manetti.com\/de\/#\/schema\/logo\/image\/\"},\"sameAs\":[\"https:\/\/www.facebook.com\/giustomanettibattiloro\",\"https:\/\/www.instagram.com\/giustomanettibattiloro\/\",\"https:\/\/www.linkedin.com\/company\/giusto-manetti-battiloro-s-p-a-\/\",\"https:\/\/www.youtube.com\/user\/ManettiBattiloro\"]}]}<\/script>\n<!-- \/ Yoast SEO plugin. -->","yoast_head_json":{"title":"Gips f\u00fcr Vergolder, Kaninchenhautleim und Baumstamm","description":"Um die Dreidimensionalit\u00e4t der Oberfl\u00e4chen zu betonen, wird die Technik der Wasservergoldung vorgeschlagen.","robots":{"index":"index","follow":"follow","max-snippet":"max-snippet:-1","max-image-preview":"max-image-preview:large","max-video-preview":"max-video-preview:-1"},"canonical":"https:\/\/www.manetti.com\/de\/katalog\/vergoldung-zubehor\/wasservergoldung\/","og_locale":"de_DE","og_type":"article","og_title":"Gips f\u00fcr Vergolder, Kaninchenhautleim und Baumstamm","og_description":"Um die Dreidimensionalit\u00e4t der Oberfl\u00e4chen zu betonen, wird die Technik der Wasservergoldung vorgeschlagen.","og_url":"https:\/\/www.manetti.com\/de\/katalog\/vergoldung-zubehor\/wasservergoldung\/","og_site_name":"Giusto Manetti Battiloro","article_publisher":"https:\/\/www.facebook.com\/giustomanettibattiloro","article_modified_time":"2023-04-20T13:34:39+00:00","og_image":[{"width":200,"height":200,"url":"https:\/\/www.manetti.com\/wp-content\/uploads\/2019\/12\/boli.png","type":"image\/png"}],"twitter_card":"summary_large_image","twitter_misc":{"Gesch\u00e4tzte Lesezeit":"1\u00a0Minute"},"schema":{"@context":"https:\/\/schema.org","@graph":[{"@type":"WebPage","@id":"https:\/\/www.manetti.com\/de\/katalog\/vergoldung-zubehor\/wasservergoldung\/","url":"https:\/\/www.manetti.com\/de\/katalog\/vergoldung-zubehor\/wasservergoldung\/","name":"Gips f\u00fcr Vergolder, Kaninchenhautleim und Baumstamm","isPartOf":{"@id":"https:\/\/www.manetti.com\/de\/#website"},"primaryImageOfPage":{"@id":"https:\/\/www.manetti.com\/de\/katalog\/vergoldung-zubehor\/wasservergoldung\/#primaryimage"},"image":{"@id":"https:\/\/www.manetti.com\/de\/katalog\/vergoldung-zubehor\/wasservergoldung\/#primaryimage"},"thumbnailUrl":"https:\/\/www.manetti.com\/wp-content\/uploads\/2019\/12\/boli.png","datePublished":"2019-12-13T14:15:56+00:00","dateModified":"2023-04-20T13:34:39+00:00","description":"Um die Dreidimensionalit\u00e4t der Oberfl\u00e4chen zu betonen, wird die Technik der Wasservergoldung vorgeschlagen.","inLanguage":"de","potentialAction":[{"@type":"ReadAction","target":["https:\/\/www.manetti.com\/de\/katalog\/vergoldung-zubehor\/wasservergoldung\/"]}]},{"@type":"ImageObject","inLanguage":"de","@id":"https:\/\/www.manetti.com\/de\/katalog\/vergoldung-zubehor\/wasservergoldung\/#primaryimage","url":"https:\/\/www.manetti.com\/wp-content\/uploads\/2019\/12\/boli.png","contentUrl":"https:\/\/www.manetti.com\/wp-content\/uploads\/2019\/12\/boli.png","width":200,"height":200},{"@type":"WebSite","@id":"https:\/\/www.manetti.com\/de\/#website","url":"https:\/\/www.manetti.com\/de\/","name":"Giusto Manetti Battiloro","description":"","publisher":{"@id":"https:\/\/www.manetti.com\/de\/#organization"},"potentialAction":[{"@type":"SearchAction","target":{"@type":"EntryPoint","urlTemplate":"https:\/\/www.manetti.com\/de\/?s={search_term_string}"},"query-input":{"@type":"PropertyValueSpecification","valueRequired":true,"valueName":"search_term_string"}}],"inLanguage":"de"},{"@type":"Organization","@id":"https:\/\/www.manetti.com\/de\/#organization","name":"GIUSTO MANETTI BATTILORO S.P.A.","url":"https:\/\/www.manetti.com\/de\/","logo":{"@type":"ImageObject","inLanguage":"de","@id":"https:\/\/www.manetti.com\/de\/#\/schema\/logo\/image\/","url":"https:\/\/www.manetti.com\/wp-content\/uploads\/2025\/02\/giusto-manetti-blu_300-02.png","contentUrl":"https:\/\/www.manetti.com\/wp-content\/uploads\/2025\/02\/giusto-manetti-blu_300-02.png","width":1123,"height":1093,"caption":"GIUSTO MANETTI BATTILORO S.P.A."},"image":{"@id":"https:\/\/www.manetti.com\/de\/#\/schema\/logo\/image\/"},"sameAs":["https:\/\/www.facebook.com\/giustomanettibattiloro","https:\/\/www.instagram.com\/giustomanettibattiloro\/","https:\/\/www.linkedin.com\/company\/giusto-manetti-battiloro-s-p-a-\/","https:\/\/www.youtube.com\/user\/ManettiBattiloro"]}]}},"_links":{"self":[{"href":"https:\/\/www.manetti.com\/de\/wp-json\/wp\/v2\/pages\/46876","targetHints":{"allow":["GET"]}}],"collection":[{"href":"https:\/\/www.manetti.com\/de\/wp-json\/wp\/v2\/pages"}],"about":[{"href":"https:\/\/www.manetti.com\/de\/wp-json\/wp\/v2\/types\/page"}],"author":[{"embeddable":true,"href":"https:\/\/www.manetti.com\/de\/wp-json\/wp\/v2\/users\/1"}],"replies":[{"embeddable":true,"href":"https:\/\/www.manetti.com\/de\/wp-json\/wp\/v2\/comments?post=46876"}],"version-history":[{"count":0,"href":"https:\/\/www.manetti.com\/de\/wp-json\/wp\/v2\/pages\/46876\/revisions"}],"up":[{"embeddable":true,"href":"https:\/\/www.manetti.com\/de\/wp-json\/wp\/v2\/pages\/46331"}],"wp:featuredmedia":[{"embeddable":true,"href":"https:\/\/www.manetti.com\/de\/wp-json\/wp\/v2\/media\/46877"}],"wp:attachment":[{"href":"https:\/\/www.manetti.com\/de\/wp-json\/wp\/v2\/media?parent=46876"}],"curies":[{"name":"wp","href":"https:\/\/api.w.org\/{rel}","templated":true}]}}