{"id":46889,"date":"2020-02-03T09:54:08","date_gmt":"2020-02-03T08:54:08","guid":{"rendered":"https:\/\/www.manetti.com\/katalog\/vergoldung-zubehor\/altri-prodotti\/"},"modified":"2023-04-20T15:39:05","modified_gmt":"2023-04-20T13:39:05","slug":"schutz","status":"publish","type":"page","link":"https:\/\/www.manetti.com\/de\/katalog\/vergoldung-zubehor\/schutz\/","title":{"rendered":"Schutz"},"content":{"rendered":"\n<p>Die Art des verwendeten Schutzes h\u00e4ngt vom Material ab, aus dem die Oberfl\u00e4che besteht (Holz, Kunststoff, Glas, Metall usw.), der Umgebung, in der die Vergoldung durchgef\u00fchrt wird (innen oder au\u00dfen) und dem verwendeten Metall ( Edelmetallblatt oder Blattmetallimitat). W\u00e4hlen Sie das ideale Produkt aus Kunststoffschutz, Acrylschutz und Schellack (Einsatz im Vergolderbereich zum Polieren des Blattgoldes, als leichter Oberfl\u00e4chenschutz und als Versiegelung por\u00f6ser Oberfl\u00e4chen vor der \u00d6lvergoldung).<\/p>\n","protected":false},"excerpt":{"rendered":"<p>Die Art des verwendeten Schutzes h\u00e4ngt vom Material ab, aus dem die Oberfl\u00e4che besteht (Holz, Kunststoff, Glas, Metall usw.), der Umgebung, in der die Vergoldung durchgef\u00fchrt wird (innen oder au\u00dfen) und dem verwendeten Metall ( Edelmetallblatt oder Blattmetallimitat). W\u00e4hlen Sie das ideale Produkt aus Kunststoffschutz, Acrylschutz und Schellack (Einsatz im Vergolderbereich zum Polieren des Blattgoldes, [&#8230;]<\/p>\n<p><a class=\"btn btn-secondary understrap-read-more-link\" href=\"https:\/\/www.manetti.com\/de\/katalog\/vergoldung-zubehor\/schutz\/\">Weiterlesen&#8230;<\/a><\/p>\n","protected":false},"author":1,"featured_media":46890,"parent":46331,"menu_order":0,"comment_status":"closed","ping_status":"closed","template":"page-templates\/catalogo-dettaglio-accessori-doratura-template.php","meta":{"_acf_changed":false,"footnotes":""},"class_list":["post-46889","page","type-page","status-publish","has-post-thumbnail","hentry"],"acf":[],"yoast_head":"<!-- This site is optimized with the Yoast SEO plugin v26.5 - https:\/\/yoast.com\/wordpress\/plugins\/seo\/ -->\n<title>Vergoldungsprodukte, Vergoldungskleber und Schellack<\/title>\n<meta name=\"description\" content=\"Manetti bietet eine Reihe von erg\u00e4nzenden Produkten f\u00fcr die Vergoldung an: Kaninchenleim, Bitumen und synthetischer Schutz.\" \/>\n<meta name=\"robots\" content=\"index, follow, max-snippet:-1, max-image-preview:large, max-video-preview:-1\" \/>\n<link rel=\"canonical\" href=\"https:\/\/www.manetti.com\/de\/katalog\/vergoldung-zubehor\/schutz\/\" \/>\n<meta property=\"og:locale\" content=\"de_DE\" \/>\n<meta property=\"og:type\" content=\"article\" \/>\n<meta property=\"og:title\" content=\"Vergoldungsprodukte, Vergoldungskleber und Schellack\" \/>\n<meta property=\"og:description\" content=\"Manetti bietet eine Reihe von erg\u00e4nzenden Produkten f\u00fcr die Vergoldung an: Kaninchenleim, Bitumen und synthetischer Schutz.\" \/>\n<meta property=\"og:url\" content=\"https:\/\/www.manetti.com\/de\/katalog\/vergoldung-zubehor\/schutz\/\" \/>\n<meta property=\"og:site_name\" content=\"Giusto Manetti Battiloro\" \/>\n<meta property=\"article:publisher\" content=\"https:\/\/www.facebook.com\/giustomanettibattiloro\" \/>\n<meta property=\"article:modified_time\" content=\"2023-04-20T13:39:05+00:00\" \/>\n<meta property=\"og:image\" content=\"https:\/\/www.manetti.com\/wp-content\/uploads\/2020\/02\/Altri-prodotti.png\" \/>\n\t<meta property=\"og:image:width\" content=\"200\" \/>\n\t<meta property=\"og:image:height\" content=\"200\" \/>\n\t<meta property=\"og:image:type\" content=\"image\/png\" \/>\n<meta name=\"twitter:card\" content=\"summary_large_image\" \/>\n<meta name=\"twitter:label1\" content=\"Gesch\u00e4tzte Lesezeit\" \/>\n\t<meta name=\"twitter:data1\" content=\"1\u00a0Minute\" \/>\n<script type=\"application\/ld+json\" class=\"yoast-schema-graph\">{\"@context\":\"https:\/\/schema.org\",\"@graph\":[{\"@type\":\"WebPage\",\"@id\":\"https:\/\/www.manetti.com\/de\/katalog\/vergoldung-zubehor\/schutz\/\",\"url\":\"https:\/\/www.manetti.com\/de\/katalog\/vergoldung-zubehor\/schutz\/\",\"name\":\"Vergoldungsprodukte, Vergoldungskleber und Schellack\",\"isPartOf\":{\"@id\":\"https:\/\/www.manetti.com\/de\/#website\"},\"primaryImageOfPage\":{\"@id\":\"https:\/\/www.manetti.com\/de\/katalog\/vergoldung-zubehor\/schutz\/#primaryimage\"},\"image\":{\"@id\":\"https:\/\/www.manetti.com\/de\/katalog\/vergoldung-zubehor\/schutz\/#primaryimage\"},\"thumbnailUrl\":\"https:\/\/www.manetti.com\/wp-content\/uploads\/2020\/02\/Altri-prodotti.png\",\"datePublished\":\"2020-02-03T08:54:08+00:00\",\"dateModified\":\"2023-04-20T13:39:05+00:00\",\"description\":\"Manetti bietet eine Reihe von erg\u00e4nzenden Produkten f\u00fcr die Vergoldung an: Kaninchenleim, Bitumen und synthetischer Schutz.\",\"inLanguage\":\"de\",\"potentialAction\":[{\"@type\":\"ReadAction\",\"target\":[\"https:\/\/www.manetti.com\/de\/katalog\/vergoldung-zubehor\/schutz\/\"]}]},{\"@type\":\"ImageObject\",\"inLanguage\":\"de\",\"@id\":\"https:\/\/www.manetti.com\/de\/katalog\/vergoldung-zubehor\/schutz\/#primaryimage\",\"url\":\"https:\/\/www.manetti.com\/wp-content\/uploads\/2020\/02\/Altri-prodotti.png\",\"contentUrl\":\"https:\/\/www.manetti.com\/wp-content\/uploads\/2020\/02\/Altri-prodotti.png\",\"width\":200,\"height\":200},{\"@type\":\"WebSite\",\"@id\":\"https:\/\/www.manetti.com\/de\/#website\",\"url\":\"https:\/\/www.manetti.com\/de\/\",\"name\":\"Giusto Manetti Battiloro\",\"description\":\"\",\"publisher\":{\"@id\":\"https:\/\/www.manetti.com\/de\/#organization\"},\"potentialAction\":[{\"@type\":\"SearchAction\",\"target\":{\"@type\":\"EntryPoint\",\"urlTemplate\":\"https:\/\/www.manetti.com\/de\/?s={search_term_string}\"},\"query-input\":{\"@type\":\"PropertyValueSpecification\",\"valueRequired\":true,\"valueName\":\"search_term_string\"}}],\"inLanguage\":\"de\"},{\"@type\":\"Organization\",\"@id\":\"https:\/\/www.manetti.com\/de\/#organization\",\"name\":\"GIUSTO MANETTI BATTILORO S.P.A.\",\"url\":\"https:\/\/www.manetti.com\/de\/\",\"logo\":{\"@type\":\"ImageObject\",\"inLanguage\":\"de\",\"@id\":\"https:\/\/www.manetti.com\/de\/#\/schema\/logo\/image\/\",\"url\":\"https:\/\/www.manetti.com\/wp-content\/uploads\/2025\/02\/giusto-manetti-blu_300-02.png\",\"contentUrl\":\"https:\/\/www.manetti.com\/wp-content\/uploads\/2025\/02\/giusto-manetti-blu_300-02.png\",\"width\":1123,\"height\":1093,\"caption\":\"GIUSTO MANETTI BATTILORO S.P.A.\"},\"image\":{\"@id\":\"https:\/\/www.manetti.com\/de\/#\/schema\/logo\/image\/\"},\"sameAs\":[\"https:\/\/www.facebook.com\/giustomanettibattiloro\",\"https:\/\/www.instagram.com\/giustomanettibattiloro\/\",\"https:\/\/www.linkedin.com\/company\/giusto-manetti-battiloro-s-p-a-\/\",\"https:\/\/www.youtube.com\/user\/ManettiBattiloro\"]}]}<\/script>\n<!-- \/ Yoast SEO plugin. -->","yoast_head_json":{"title":"Vergoldungsprodukte, Vergoldungskleber und Schellack","description":"Manetti bietet eine Reihe von erg\u00e4nzenden Produkten f\u00fcr die Vergoldung an: Kaninchenleim, Bitumen und synthetischer Schutz.","robots":{"index":"index","follow":"follow","max-snippet":"max-snippet:-1","max-image-preview":"max-image-preview:large","max-video-preview":"max-video-preview:-1"},"canonical":"https:\/\/www.manetti.com\/de\/katalog\/vergoldung-zubehor\/schutz\/","og_locale":"de_DE","og_type":"article","og_title":"Vergoldungsprodukte, Vergoldungskleber und Schellack","og_description":"Manetti bietet eine Reihe von erg\u00e4nzenden Produkten f\u00fcr die Vergoldung an: Kaninchenleim, Bitumen und synthetischer Schutz.","og_url":"https:\/\/www.manetti.com\/de\/katalog\/vergoldung-zubehor\/schutz\/","og_site_name":"Giusto Manetti Battiloro","article_publisher":"https:\/\/www.facebook.com\/giustomanettibattiloro","article_modified_time":"2023-04-20T13:39:05+00:00","og_image":[{"width":200,"height":200,"url":"https:\/\/www.manetti.com\/wp-content\/uploads\/2020\/02\/Altri-prodotti.png","type":"image\/png"}],"twitter_card":"summary_large_image","twitter_misc":{"Gesch\u00e4tzte Lesezeit":"1\u00a0Minute"},"schema":{"@context":"https:\/\/schema.org","@graph":[{"@type":"WebPage","@id":"https:\/\/www.manetti.com\/de\/katalog\/vergoldung-zubehor\/schutz\/","url":"https:\/\/www.manetti.com\/de\/katalog\/vergoldung-zubehor\/schutz\/","name":"Vergoldungsprodukte, Vergoldungskleber und Schellack","isPartOf":{"@id":"https:\/\/www.manetti.com\/de\/#website"},"primaryImageOfPage":{"@id":"https:\/\/www.manetti.com\/de\/katalog\/vergoldung-zubehor\/schutz\/#primaryimage"},"image":{"@id":"https:\/\/www.manetti.com\/de\/katalog\/vergoldung-zubehor\/schutz\/#primaryimage"},"thumbnailUrl":"https:\/\/www.manetti.com\/wp-content\/uploads\/2020\/02\/Altri-prodotti.png","datePublished":"2020-02-03T08:54:08+00:00","dateModified":"2023-04-20T13:39:05+00:00","description":"Manetti bietet eine Reihe von erg\u00e4nzenden Produkten f\u00fcr die Vergoldung an: Kaninchenleim, Bitumen und synthetischer Schutz.","inLanguage":"de","potentialAction":[{"@type":"ReadAction","target":["https:\/\/www.manetti.com\/de\/katalog\/vergoldung-zubehor\/schutz\/"]}]},{"@type":"ImageObject","inLanguage":"de","@id":"https:\/\/www.manetti.com\/de\/katalog\/vergoldung-zubehor\/schutz\/#primaryimage","url":"https:\/\/www.manetti.com\/wp-content\/uploads\/2020\/02\/Altri-prodotti.png","contentUrl":"https:\/\/www.manetti.com\/wp-content\/uploads\/2020\/02\/Altri-prodotti.png","width":200,"height":200},{"@type":"WebSite","@id":"https:\/\/www.manetti.com\/de\/#website","url":"https:\/\/www.manetti.com\/de\/","name":"Giusto Manetti Battiloro","description":"","publisher":{"@id":"https:\/\/www.manetti.com\/de\/#organization"},"potentialAction":[{"@type":"SearchAction","target":{"@type":"EntryPoint","urlTemplate":"https:\/\/www.manetti.com\/de\/?s={search_term_string}"},"query-input":{"@type":"PropertyValueSpecification","valueRequired":true,"valueName":"search_term_string"}}],"inLanguage":"de"},{"@type":"Organization","@id":"https:\/\/www.manetti.com\/de\/#organization","name":"GIUSTO MANETTI BATTILORO S.P.A.","url":"https:\/\/www.manetti.com\/de\/","logo":{"@type":"ImageObject","inLanguage":"de","@id":"https:\/\/www.manetti.com\/de\/#\/schema\/logo\/image\/","url":"https:\/\/www.manetti.com\/wp-content\/uploads\/2025\/02\/giusto-manetti-blu_300-02.png","contentUrl":"https:\/\/www.manetti.com\/wp-content\/uploads\/2025\/02\/giusto-manetti-blu_300-02.png","width":1123,"height":1093,"caption":"GIUSTO MANETTI BATTILORO S.P.A."},"image":{"@id":"https:\/\/www.manetti.com\/de\/#\/schema\/logo\/image\/"},"sameAs":["https:\/\/www.facebook.com\/giustomanettibattiloro","https:\/\/www.instagram.com\/giustomanettibattiloro\/","https:\/\/www.linkedin.com\/company\/giusto-manetti-battiloro-s-p-a-\/","https:\/\/www.youtube.com\/user\/ManettiBattiloro"]}]}},"_links":{"self":[{"href":"https:\/\/www.manetti.com\/de\/wp-json\/wp\/v2\/pages\/46889","targetHints":{"allow":["GET"]}}],"collection":[{"href":"https:\/\/www.manetti.com\/de\/wp-json\/wp\/v2\/pages"}],"about":[{"href":"https:\/\/www.manetti.com\/de\/wp-json\/wp\/v2\/types\/page"}],"author":[{"embeddable":true,"href":"https:\/\/www.manetti.com\/de\/wp-json\/wp\/v2\/users\/1"}],"replies":[{"embeddable":true,"href":"https:\/\/www.manetti.com\/de\/wp-json\/wp\/v2\/comments?post=46889"}],"version-history":[{"count":0,"href":"https:\/\/www.manetti.com\/de\/wp-json\/wp\/v2\/pages\/46889\/revisions"}],"up":[{"embeddable":true,"href":"https:\/\/www.manetti.com\/de\/wp-json\/wp\/v2\/pages\/46331"}],"wp:featuredmedia":[{"embeddable":true,"href":"https:\/\/www.manetti.com\/de\/wp-json\/wp\/v2\/media\/46890"}],"wp:attachment":[{"href":"https:\/\/www.manetti.com\/de\/wp-json\/wp\/v2\/media?parent=46889"}],"curies":[{"name":"wp","href":"https:\/\/api.w.org\/{rel}","templated":true}]}}