{"id":66383,"date":"2024-05-14T15:29:00","date_gmt":"2024-05-14T13:29:00","guid":{"rendered":"https:\/\/www.manetti.com\/shop\/produkte-fuer-die-vergoldungsphasen\/werkzeuge\/bombasino\/"},"modified":"2024-05-14T15:29:00","modified_gmt":"2024-05-14T13:29:00","slug":"pinsel-bombasino","status":"publish","type":"page","link":"https:\/\/www.manetti.com\/de\/shop\/vergoldung-zubehor\/werkzeuge\/pinsel-bombasino\/","title":{"rendered":"Pinsel &#8216;Bombasino&#8217;"},"content":{"rendered":"<p>Die Bowler-Spitze zeichnet sich durch eine breite Basis aus, die in der Lage ist, gro\u00dfe Mengen Wasser in ihrem &#8220;Reservoir&#8221; zu speichern. Dank ihrer Weichheit erm\u00f6glicht sie pr\u00e4zise Pinselstriche ohne Schlierenbildung. Ihre Leichtigkeit in Verbindung mit ihrer F\u00e4higkeit, Wasser zu speichern, macht sie zu einem fast unentbehrlichen Werkzeug f\u00fcr eine breite Palette von leichten k\u00fcnstlerischen Techniken, einschlie\u00dflich der Dekoration auf Keramik und Aquarell, und insbesondere f\u00fcr die Gouache-Vergoldungstechnik.<\/p>\n<p><strong>Eigenschaften<\/strong><br \/>\nDie Pinsel sind speziell f\u00fcr bestimmte Anwendungen konzipiert:<\/p>\n<p>SYNTHETISCHES VAIO RUND: aus Synthetikhaar und runder Form, bildet die Eigenschaften des Naturhaars fast identisch nach;<\/p>\n<p>SYNTHETISCHES VAIO FLACH: aus Kunsthaar und spitzer Form f\u00fcr Einlagen und Vertiefungen, bildet die Eigenschaften von Naturhaar fast identisch nach.<\/p>\n","protected":false},"excerpt":{"rendered":"<p>Die Bowler-Spitze zeichnet sich durch eine breite Basis aus, die in der Lage ist, gro\u00dfe Mengen Wasser in ihrem &#8220;Reservoir&#8221; zu speichern. Dank ihrer Weichheit erm\u00f6glicht sie pr\u00e4zise Pinselstriche ohne Schlierenbildung. Ihre Leichtigkeit in Verbindung mit ihrer F\u00e4higkeit, Wasser zu speichern, macht sie zu einem fast unentbehrlichen Werkzeug f\u00fcr eine breite Palette von leichten k\u00fcnstlerischen [&#8230;]<\/p>\n<p><a class=\"btn btn-secondary understrap-read-more-link\" href=\"https:\/\/www.manetti.com\/de\/shop\/vergoldung-zubehor\/werkzeuge\/pinsel-bombasino\/\">Weiterlesen&#8230;<\/a><\/p>\n","protected":false},"author":359,"featured_media":0,"parent":60307,"menu_order":0,"comment_status":"closed","ping_status":"closed","template":"page-templates\/shop-dettaglio-template.php","meta":{"_acf_changed":false,"footnotes":""},"class_list":["post-66383","page","type-page","status-publish","hentry"],"acf":[],"yoast_head":"<!-- This site is optimized with the Yoast SEO plugin v26.5 - https:\/\/yoast.com\/wordpress\/plugins\/seo\/ -->\n<title>Pinsel &#039;Bombasino&#039; | Giusto Manetti Battiloro<\/title>\n<meta name=\"robots\" content=\"noindex, follow\" \/>\n<meta property=\"og:locale\" content=\"de_DE\" \/>\n<meta property=\"og:type\" content=\"article\" \/>\n<meta property=\"og:title\" content=\"Pinsel &#039;Bombasino&#039; | Giusto Manetti Battiloro\" \/>\n<meta property=\"og:description\" content=\"Die Bowler-Spitze zeichnet sich durch eine breite Basis aus, die in der Lage ist, gro\u00dfe Mengen Wasser in ihrem &#8220;Reservoir&#8221; zu speichern. Dank ihrer Weichheit erm\u00f6glicht sie pr\u00e4zise Pinselstriche ohne Schlierenbildung. Ihre Leichtigkeit in Verbindung mit ihrer F\u00e4higkeit, Wasser zu speichern, macht sie zu einem fast unentbehrlichen Werkzeug f\u00fcr eine breite Palette von leichten k\u00fcnstlerischen [...]Weiterlesen...\" \/>\n<meta property=\"og:url\" content=\"https:\/\/www.manetti.com\/de\/shop\/vergoldung-zubehor\/werkzeuge\/pinsel-bombasino\/\" \/>\n<meta property=\"og:site_name\" content=\"Giusto Manetti Battiloro\" \/>\n<meta property=\"article:publisher\" content=\"https:\/\/www.facebook.com\/giustomanettibattiloro\" \/>\n<meta name=\"twitter:card\" content=\"summary_large_image\" \/>\n<meta name=\"twitter:label1\" content=\"Gesch\u00e4tzte Lesezeit\" \/>\n\t<meta name=\"twitter:data1\" content=\"1\u00a0Minute\" \/>\n<script type=\"application\/ld+json\" class=\"yoast-schema-graph\">{\"@context\":\"https:\/\/schema.org\",\"@graph\":[{\"@type\":\"WebPage\",\"@id\":\"https:\/\/www.manetti.com\/de\/shop\/vergoldung-zubehor\/werkzeuge\/pinsel-bombasino\/\",\"url\":\"https:\/\/www.manetti.com\/de\/shop\/vergoldung-zubehor\/werkzeuge\/pinsel-bombasino\/\",\"name\":\"Pinsel 'Bombasino' | Giusto Manetti Battiloro\",\"isPartOf\":{\"@id\":\"https:\/\/www.manetti.com\/de\/#website\"},\"datePublished\":\"2024-05-14T13:29:00+00:00\",\"inLanguage\":\"de\",\"potentialAction\":[{\"@type\":\"ReadAction\",\"target\":[\"https:\/\/www.manetti.com\/de\/shop\/vergoldung-zubehor\/werkzeuge\/pinsel-bombasino\/\"]}]},{\"@type\":\"WebSite\",\"@id\":\"https:\/\/www.manetti.com\/de\/#website\",\"url\":\"https:\/\/www.manetti.com\/de\/\",\"name\":\"Giusto Manetti Battiloro\",\"description\":\"\",\"publisher\":{\"@id\":\"https:\/\/www.manetti.com\/de\/#organization\"},\"potentialAction\":[{\"@type\":\"SearchAction\",\"target\":{\"@type\":\"EntryPoint\",\"urlTemplate\":\"https:\/\/www.manetti.com\/de\/?s={search_term_string}\"},\"query-input\":{\"@type\":\"PropertyValueSpecification\",\"valueRequired\":true,\"valueName\":\"search_term_string\"}}],\"inLanguage\":\"de\"},{\"@type\":\"Organization\",\"@id\":\"https:\/\/www.manetti.com\/de\/#organization\",\"name\":\"GIUSTO MANETTI BATTILORO S.P.A.\",\"url\":\"https:\/\/www.manetti.com\/de\/\",\"logo\":{\"@type\":\"ImageObject\",\"inLanguage\":\"de\",\"@id\":\"https:\/\/www.manetti.com\/de\/#\/schema\/logo\/image\/\",\"url\":\"https:\/\/www.manetti.com\/wp-content\/uploads\/2025\/02\/giusto-manetti-blu_300-02.png\",\"contentUrl\":\"https:\/\/www.manetti.com\/wp-content\/uploads\/2025\/02\/giusto-manetti-blu_300-02.png\",\"width\":1123,\"height\":1093,\"caption\":\"GIUSTO MANETTI BATTILORO S.P.A.\"},\"image\":{\"@id\":\"https:\/\/www.manetti.com\/de\/#\/schema\/logo\/image\/\"},\"sameAs\":[\"https:\/\/www.facebook.com\/giustomanettibattiloro\",\"https:\/\/www.instagram.com\/giustomanettibattiloro\/\",\"https:\/\/www.linkedin.com\/company\/giusto-manetti-battiloro-s-p-a-\/\",\"https:\/\/www.youtube.com\/user\/ManettiBattiloro\"]}]}<\/script>\n<!-- \/ Yoast SEO plugin. -->","yoast_head_json":{"title":"Pinsel 'Bombasino' | Giusto Manetti Battiloro","robots":{"index":"noindex","follow":"follow"},"og_locale":"de_DE","og_type":"article","og_title":"Pinsel 'Bombasino' | Giusto Manetti Battiloro","og_description":"Die Bowler-Spitze zeichnet sich durch eine breite Basis aus, die in der Lage ist, gro\u00dfe Mengen Wasser in ihrem &#8220;Reservoir&#8221; zu speichern. Dank ihrer Weichheit erm\u00f6glicht sie pr\u00e4zise Pinselstriche ohne Schlierenbildung. Ihre Leichtigkeit in Verbindung mit ihrer F\u00e4higkeit, Wasser zu speichern, macht sie zu einem fast unentbehrlichen Werkzeug f\u00fcr eine breite Palette von leichten k\u00fcnstlerischen [...]Weiterlesen...","og_url":"https:\/\/www.manetti.com\/de\/shop\/vergoldung-zubehor\/werkzeuge\/pinsel-bombasino\/","og_site_name":"Giusto Manetti Battiloro","article_publisher":"https:\/\/www.facebook.com\/giustomanettibattiloro","twitter_card":"summary_large_image","twitter_misc":{"Gesch\u00e4tzte Lesezeit":"1\u00a0Minute"},"schema":{"@context":"https:\/\/schema.org","@graph":[{"@type":"WebPage","@id":"https:\/\/www.manetti.com\/de\/shop\/vergoldung-zubehor\/werkzeuge\/pinsel-bombasino\/","url":"https:\/\/www.manetti.com\/de\/shop\/vergoldung-zubehor\/werkzeuge\/pinsel-bombasino\/","name":"Pinsel 'Bombasino' | Giusto Manetti Battiloro","isPartOf":{"@id":"https:\/\/www.manetti.com\/de\/#website"},"datePublished":"2024-05-14T13:29:00+00:00","inLanguage":"de","potentialAction":[{"@type":"ReadAction","target":["https:\/\/www.manetti.com\/de\/shop\/vergoldung-zubehor\/werkzeuge\/pinsel-bombasino\/"]}]},{"@type":"WebSite","@id":"https:\/\/www.manetti.com\/de\/#website","url":"https:\/\/www.manetti.com\/de\/","name":"Giusto Manetti Battiloro","description":"","publisher":{"@id":"https:\/\/www.manetti.com\/de\/#organization"},"potentialAction":[{"@type":"SearchAction","target":{"@type":"EntryPoint","urlTemplate":"https:\/\/www.manetti.com\/de\/?s={search_term_string}"},"query-input":{"@type":"PropertyValueSpecification","valueRequired":true,"valueName":"search_term_string"}}],"inLanguage":"de"},{"@type":"Organization","@id":"https:\/\/www.manetti.com\/de\/#organization","name":"GIUSTO MANETTI BATTILORO S.P.A.","url":"https:\/\/www.manetti.com\/de\/","logo":{"@type":"ImageObject","inLanguage":"de","@id":"https:\/\/www.manetti.com\/de\/#\/schema\/logo\/image\/","url":"https:\/\/www.manetti.com\/wp-content\/uploads\/2025\/02\/giusto-manetti-blu_300-02.png","contentUrl":"https:\/\/www.manetti.com\/wp-content\/uploads\/2025\/02\/giusto-manetti-blu_300-02.png","width":1123,"height":1093,"caption":"GIUSTO MANETTI BATTILORO S.P.A."},"image":{"@id":"https:\/\/www.manetti.com\/de\/#\/schema\/logo\/image\/"},"sameAs":["https:\/\/www.facebook.com\/giustomanettibattiloro","https:\/\/www.instagram.com\/giustomanettibattiloro\/","https:\/\/www.linkedin.com\/company\/giusto-manetti-battiloro-s-p-a-\/","https:\/\/www.youtube.com\/user\/ManettiBattiloro"]}]}},"_links":{"self":[{"href":"https:\/\/www.manetti.com\/de\/wp-json\/wp\/v2\/pages\/66383","targetHints":{"allow":["GET"]}}],"collection":[{"href":"https:\/\/www.manetti.com\/de\/wp-json\/wp\/v2\/pages"}],"about":[{"href":"https:\/\/www.manetti.com\/de\/wp-json\/wp\/v2\/types\/page"}],"author":[{"embeddable":true,"href":"https:\/\/www.manetti.com\/de\/wp-json\/wp\/v2\/users\/359"}],"replies":[{"embeddable":true,"href":"https:\/\/www.manetti.com\/de\/wp-json\/wp\/v2\/comments?post=66383"}],"version-history":[{"count":0,"href":"https:\/\/www.manetti.com\/de\/wp-json\/wp\/v2\/pages\/66383\/revisions"}],"up":[{"embeddable":true,"href":"https:\/\/www.manetti.com\/de\/wp-json\/wp\/v2\/pages\/60307"}],"wp:attachment":[{"href":"https:\/\/www.manetti.com\/de\/wp-json\/wp\/v2\/media?parent=66383"}],"curies":[{"name":"wp","href":"https:\/\/api.w.org\/{rel}","templated":true}]}}