{"id":66660,"date":"2018-01-30T10:59:45","date_gmt":"2018-01-30T09:59:45","guid":{"rendered":"https:\/\/www.manetti.com\/?page_id=66660"},"modified":"2024-04-08T14:41:02","modified_gmt":"2024-04-08T12:41:02","slug":"bildende-kunst","status":"publish","type":"page","link":"https:\/\/www.manetti.com\/de\/ueber-uns\/linie-bildende-kunst-einblincke\/","title":{"rendered":"Linie Bildende Kunst"},"content":{"rendered":"<p>Im Jahr 2022 haben wir unsere Produktlinie f\u00fcr die <strong>Linie Bildende Kunst<\/strong> eingef\u00fchrt, die speziell entwickelt wurde, um Kunstgesch\u00e4ften zu erm\u00f6glichen, eine umfassende Palette an Vergoldungsprodukten in idealen Mengen f\u00fcr eine Zielkundschaft von Studenten, Hobbyisten und Profis anzubieten.<\/p>\n<p>Diese Produktlinie wurde entwickelt, um <strong>klar und einfach<\/strong> zu sein. Jede Phase der Vergoldung ist durch eine spezifische Farbe gekennzeichnet, um das Verst\u00e4ndnis der verschiedenen Techniken zu verbessern. Jede Farbe umfasst eine umfassende Auswahl an Produkten f\u00fcr die spezifische Phase, die sie repr\u00e4sentiert: von der Wasser-Vergoldung \u00fcber die \u00d6l-Vergoldung bis hin zur Endbearbeitung und Versiegelung.<\/p>\n<p>Die Linie umfasst auch eine spezielle <strong>Display-Einheit<\/strong>, die H\u00e4ndlern hilft, die Produkte auf organisierte und ansprechende Weise zu pr\u00e4sentieren. Jede Display-Einheit wird mit einer Farbpalette geliefert, um die verschiedenen Imitations-Metallfarben zu pr\u00e4sentieren, sowie Brosch\u00fcren, die an Endbenutzer verteilt werden sollen, damit sie sich weiter in die Welt der Vergoldung vertiefen k\u00f6nnen. Auf Anfrage k\u00f6nnen auch Schaufensterpaneele und Fensteraufkleber f\u00fcr eine noch ansprechendere Pr\u00e4sentation im Gesch\u00e4ft erhalten werden.<\/p>\n","protected":false},"excerpt":{"rendered":"<p>Im Jahr 2022 haben wir unsere Produktlinie f\u00fcr die Linie Bildende Kunst eingef\u00fchrt, die speziell entwickelt wurde, um Kunstgesch\u00e4ften zu erm\u00f6glichen, eine umfassende Palette an Vergoldungsprodukten in idealen Mengen f\u00fcr eine Zielkundschaft von Studenten, Hobbyisten und Profis anzubieten. Diese Produktlinie wurde entwickelt, um klar und einfach zu sein. Jede Phase der Vergoldung ist durch eine [&#8230;]<\/p>\n<p><a class=\"btn btn-secondary understrap-read-more-link\" href=\"https:\/\/www.manetti.com\/de\/ueber-uns\/linie-bildende-kunst-einblincke\/\">Weiterlesen&#8230;<\/a><\/p>\n","protected":false},"author":359,"featured_media":72680,"parent":68107,"menu_order":0,"comment_status":"closed","ping_status":"closed","template":"page-templates\/catalogo-bellearti-template.php","meta":{"_acf_changed":false,"footnotes":""},"class_list":["post-66660","page","type-page","status-publish","has-post-thumbnail","hentry"],"acf":[],"yoast_head":"<!-- This site is optimized with the Yoast SEO plugin v26.5 - https:\/\/yoast.com\/wordpress\/plugins\/seo\/ -->\n<title>Linie Bildende Kunst | Giusto Manetti Battiloro<\/title>\n<meta name=\"robots\" content=\"index, follow, max-snippet:-1, max-image-preview:large, max-video-preview:-1\" \/>\n<link rel=\"canonical\" href=\"https:\/\/www.manetti.com\/de\/ueber-uns\/linie-bildende-kunst-einblincke\/\" \/>\n<meta property=\"og:locale\" content=\"de_DE\" \/>\n<meta property=\"og:type\" content=\"article\" \/>\n<meta property=\"og:title\" content=\"Linie Bildende Kunst | Giusto Manetti Battiloro\" \/>\n<meta property=\"og:description\" content=\"Im Jahr 2022 haben wir unsere Produktlinie f\u00fcr die Linie Bildende Kunst eingef\u00fchrt, die speziell entwickelt wurde, um Kunstgesch\u00e4ften zu erm\u00f6glichen, eine umfassende Palette an Vergoldungsprodukten in idealen Mengen f\u00fcr eine Zielkundschaft von Studenten, Hobbyisten und Profis anzubieten. Diese Produktlinie wurde entwickelt, um klar und einfach zu sein. Jede Phase der Vergoldung ist durch eine [...]Weiterlesen...\" \/>\n<meta property=\"og:url\" content=\"https:\/\/www.manetti.com\/de\/ueber-uns\/linie-bildende-kunst-einblincke\/\" \/>\n<meta property=\"og:site_name\" content=\"Giusto Manetti Battiloro\" \/>\n<meta property=\"article:publisher\" content=\"https:\/\/www.facebook.com\/giustomanettibattiloro\" \/>\n<meta property=\"article:modified_time\" content=\"2024-04-08T12:41:02+00:00\" \/>\n<meta property=\"og:image\" content=\"https:\/\/www.manetti.com\/wp-content\/uploads\/2024\/02\/DSC00089-allungata_giustomanettibattiloro-scaled.jpg\" \/>\n\t<meta property=\"og:image:width\" content=\"2560\" \/>\n\t<meta property=\"og:image:height\" content=\"1067\" \/>\n\t<meta property=\"og:image:type\" content=\"image\/jpeg\" \/>\n<meta name=\"twitter:card\" content=\"summary_large_image\" \/>\n<meta name=\"twitter:label1\" content=\"Gesch\u00e4tzte Lesezeit\" \/>\n\t<meta name=\"twitter:data1\" content=\"1\u00a0Minute\" \/>\n<script type=\"application\/ld+json\" class=\"yoast-schema-graph\">{\"@context\":\"https:\/\/schema.org\",\"@graph\":[{\"@type\":\"WebPage\",\"@id\":\"https:\/\/www.manetti.com\/de\/ueber-uns\/linie-bildende-kunst-einblincke\/\",\"url\":\"https:\/\/www.manetti.com\/de\/ueber-uns\/linie-bildende-kunst-einblincke\/\",\"name\":\"Linie Bildende Kunst | Giusto Manetti Battiloro\",\"isPartOf\":{\"@id\":\"https:\/\/www.manetti.com\/de\/#website\"},\"primaryImageOfPage\":{\"@id\":\"https:\/\/www.manetti.com\/de\/ueber-uns\/linie-bildende-kunst-einblincke\/#primaryimage\"},\"image\":{\"@id\":\"https:\/\/www.manetti.com\/de\/ueber-uns\/linie-bildende-kunst-einblincke\/#primaryimage\"},\"thumbnailUrl\":\"https:\/\/www.manetti.com\/wp-content\/uploads\/2024\/02\/DSC00089-allungata_giustomanettibattiloro-scaled.jpg\",\"datePublished\":\"2018-01-30T09:59:45+00:00\",\"dateModified\":\"2024-04-08T12:41:02+00:00\",\"inLanguage\":\"de\",\"potentialAction\":[{\"@type\":\"ReadAction\",\"target\":[\"https:\/\/www.manetti.com\/de\/ueber-uns\/linie-bildende-kunst-einblincke\/\"]}]},{\"@type\":\"ImageObject\",\"inLanguage\":\"de\",\"@id\":\"https:\/\/www.manetti.com\/de\/ueber-uns\/linie-bildende-kunst-einblincke\/#primaryimage\",\"url\":\"https:\/\/www.manetti.com\/wp-content\/uploads\/2024\/02\/DSC00089-allungata_giustomanettibattiloro-scaled.jpg\",\"contentUrl\":\"https:\/\/www.manetti.com\/wp-content\/uploads\/2024\/02\/DSC00089-allungata_giustomanettibattiloro-scaled.jpg\",\"width\":2560,\"height\":1067},{\"@type\":\"WebSite\",\"@id\":\"https:\/\/www.manetti.com\/de\/#website\",\"url\":\"https:\/\/www.manetti.com\/de\/\",\"name\":\"Giusto Manetti Battiloro\",\"description\":\"\",\"publisher\":{\"@id\":\"https:\/\/www.manetti.com\/de\/#organization\"},\"potentialAction\":[{\"@type\":\"SearchAction\",\"target\":{\"@type\":\"EntryPoint\",\"urlTemplate\":\"https:\/\/www.manetti.com\/de\/?s={search_term_string}\"},\"query-input\":{\"@type\":\"PropertyValueSpecification\",\"valueRequired\":true,\"valueName\":\"search_term_string\"}}],\"inLanguage\":\"de\"},{\"@type\":\"Organization\",\"@id\":\"https:\/\/www.manetti.com\/de\/#organization\",\"name\":\"GIUSTO MANETTI BATTILORO S.P.A.\",\"url\":\"https:\/\/www.manetti.com\/de\/\",\"logo\":{\"@type\":\"ImageObject\",\"inLanguage\":\"de\",\"@id\":\"https:\/\/www.manetti.com\/de\/#\/schema\/logo\/image\/\",\"url\":\"https:\/\/www.manetti.com\/wp-content\/uploads\/2025\/02\/giusto-manetti-blu_300-02.png\",\"contentUrl\":\"https:\/\/www.manetti.com\/wp-content\/uploads\/2025\/02\/giusto-manetti-blu_300-02.png\",\"width\":1123,\"height\":1093,\"caption\":\"GIUSTO MANETTI BATTILORO S.P.A.\"},\"image\":{\"@id\":\"https:\/\/www.manetti.com\/de\/#\/schema\/logo\/image\/\"},\"sameAs\":[\"https:\/\/www.facebook.com\/giustomanettibattiloro\",\"https:\/\/www.instagram.com\/giustomanettibattiloro\/\",\"https:\/\/www.linkedin.com\/company\/giusto-manetti-battiloro-s-p-a-\/\",\"https:\/\/www.youtube.com\/user\/ManettiBattiloro\"]}]}<\/script>\n<!-- \/ Yoast SEO plugin. -->","yoast_head_json":{"title":"Linie Bildende Kunst | Giusto Manetti Battiloro","robots":{"index":"index","follow":"follow","max-snippet":"max-snippet:-1","max-image-preview":"max-image-preview:large","max-video-preview":"max-video-preview:-1"},"canonical":"https:\/\/www.manetti.com\/de\/ueber-uns\/linie-bildende-kunst-einblincke\/","og_locale":"de_DE","og_type":"article","og_title":"Linie Bildende Kunst | Giusto Manetti Battiloro","og_description":"Im Jahr 2022 haben wir unsere Produktlinie f\u00fcr die Linie Bildende Kunst eingef\u00fchrt, die speziell entwickelt wurde, um Kunstgesch\u00e4ften zu erm\u00f6glichen, eine umfassende Palette an Vergoldungsprodukten in idealen Mengen f\u00fcr eine Zielkundschaft von Studenten, Hobbyisten und Profis anzubieten. Diese Produktlinie wurde entwickelt, um klar und einfach zu sein. Jede Phase der Vergoldung ist durch eine [...]Weiterlesen...","og_url":"https:\/\/www.manetti.com\/de\/ueber-uns\/linie-bildende-kunst-einblincke\/","og_site_name":"Giusto Manetti Battiloro","article_publisher":"https:\/\/www.facebook.com\/giustomanettibattiloro","article_modified_time":"2024-04-08T12:41:02+00:00","og_image":[{"width":2560,"height":1067,"url":"https:\/\/www.manetti.com\/wp-content\/uploads\/2024\/02\/DSC00089-allungata_giustomanettibattiloro-scaled.jpg","type":"image\/jpeg"}],"twitter_card":"summary_large_image","twitter_misc":{"Gesch\u00e4tzte Lesezeit":"1\u00a0Minute"},"schema":{"@context":"https:\/\/schema.org","@graph":[{"@type":"WebPage","@id":"https:\/\/www.manetti.com\/de\/ueber-uns\/linie-bildende-kunst-einblincke\/","url":"https:\/\/www.manetti.com\/de\/ueber-uns\/linie-bildende-kunst-einblincke\/","name":"Linie Bildende Kunst | Giusto Manetti Battiloro","isPartOf":{"@id":"https:\/\/www.manetti.com\/de\/#website"},"primaryImageOfPage":{"@id":"https:\/\/www.manetti.com\/de\/ueber-uns\/linie-bildende-kunst-einblincke\/#primaryimage"},"image":{"@id":"https:\/\/www.manetti.com\/de\/ueber-uns\/linie-bildende-kunst-einblincke\/#primaryimage"},"thumbnailUrl":"https:\/\/www.manetti.com\/wp-content\/uploads\/2024\/02\/DSC00089-allungata_giustomanettibattiloro-scaled.jpg","datePublished":"2018-01-30T09:59:45+00:00","dateModified":"2024-04-08T12:41:02+00:00","inLanguage":"de","potentialAction":[{"@type":"ReadAction","target":["https:\/\/www.manetti.com\/de\/ueber-uns\/linie-bildende-kunst-einblincke\/"]}]},{"@type":"ImageObject","inLanguage":"de","@id":"https:\/\/www.manetti.com\/de\/ueber-uns\/linie-bildende-kunst-einblincke\/#primaryimage","url":"https:\/\/www.manetti.com\/wp-content\/uploads\/2024\/02\/DSC00089-allungata_giustomanettibattiloro-scaled.jpg","contentUrl":"https:\/\/www.manetti.com\/wp-content\/uploads\/2024\/02\/DSC00089-allungata_giustomanettibattiloro-scaled.jpg","width":2560,"height":1067},{"@type":"WebSite","@id":"https:\/\/www.manetti.com\/de\/#website","url":"https:\/\/www.manetti.com\/de\/","name":"Giusto Manetti Battiloro","description":"","publisher":{"@id":"https:\/\/www.manetti.com\/de\/#organization"},"potentialAction":[{"@type":"SearchAction","target":{"@type":"EntryPoint","urlTemplate":"https:\/\/www.manetti.com\/de\/?s={search_term_string}"},"query-input":{"@type":"PropertyValueSpecification","valueRequired":true,"valueName":"search_term_string"}}],"inLanguage":"de"},{"@type":"Organization","@id":"https:\/\/www.manetti.com\/de\/#organization","name":"GIUSTO MANETTI BATTILORO S.P.A.","url":"https:\/\/www.manetti.com\/de\/","logo":{"@type":"ImageObject","inLanguage":"de","@id":"https:\/\/www.manetti.com\/de\/#\/schema\/logo\/image\/","url":"https:\/\/www.manetti.com\/wp-content\/uploads\/2025\/02\/giusto-manetti-blu_300-02.png","contentUrl":"https:\/\/www.manetti.com\/wp-content\/uploads\/2025\/02\/giusto-manetti-blu_300-02.png","width":1123,"height":1093,"caption":"GIUSTO MANETTI BATTILORO S.P.A."},"image":{"@id":"https:\/\/www.manetti.com\/de\/#\/schema\/logo\/image\/"},"sameAs":["https:\/\/www.facebook.com\/giustomanettibattiloro","https:\/\/www.instagram.com\/giustomanettibattiloro\/","https:\/\/www.linkedin.com\/company\/giusto-manetti-battiloro-s-p-a-\/","https:\/\/www.youtube.com\/user\/ManettiBattiloro"]}]}},"_links":{"self":[{"href":"https:\/\/www.manetti.com\/de\/wp-json\/wp\/v2\/pages\/66660","targetHints":{"allow":["GET"]}}],"collection":[{"href":"https:\/\/www.manetti.com\/de\/wp-json\/wp\/v2\/pages"}],"about":[{"href":"https:\/\/www.manetti.com\/de\/wp-json\/wp\/v2\/types\/page"}],"author":[{"embeddable":true,"href":"https:\/\/www.manetti.com\/de\/wp-json\/wp\/v2\/users\/359"}],"replies":[{"embeddable":true,"href":"https:\/\/www.manetti.com\/de\/wp-json\/wp\/v2\/comments?post=66660"}],"version-history":[{"count":0,"href":"https:\/\/www.manetti.com\/de\/wp-json\/wp\/v2\/pages\/66660\/revisions"}],"up":[{"embeddable":true,"href":"https:\/\/www.manetti.com\/de\/wp-json\/wp\/v2\/pages\/68107"}],"wp:featuredmedia":[{"embeddable":true,"href":"https:\/\/www.manetti.com\/de\/wp-json\/wp\/v2\/media\/72680"}],"wp:attachment":[{"href":"https:\/\/www.manetti.com\/de\/wp-json\/wp\/v2\/media?parent=66660"}],"curies":[{"name":"wp","href":"https:\/\/api.w.org\/{rel}","templated":true}]}}