{"id":66848,"date":"2024-01-30T14:30:24","date_gmt":"2024-01-30T13:30:24","guid":{"rendered":"https:\/\/www.manetti.com\/?page_id=66848"},"modified":"2024-02-22T15:43:32","modified_gmt":"2024-02-22T14:43:32","slug":"die-handelsmarken","status":"publish","type":"page","link":"https:\/\/www.manetti.com\/de\/ueber-uns\/die-handelsmarken\/","title":{"rendered":"DIE HANDELSMARKEN"},"content":{"rendered":"<p><img loading=\"lazy\" decoding=\"async\" class=\"size-medium wp-image-66963 alignleft\" src=\"https:\/\/www.manetti.com\/wp-content\/uploads\/2024\/01\/giusto-manetti_logo-ufficiale-300x294.png\" alt=\"Giusto Manetti logo\" width=\"300\" height=\"294\" srcset=\"https:\/\/www.manetti.com\/wp-content\/uploads\/2024\/01\/giusto-manetti_logo-ufficiale-300x294.png 300w, https:\/\/www.manetti.com\/wp-content\/uploads\/2024\/01\/giusto-manetti_logo-ufficiale.png 326w\" sizes=\"auto, (max-width: 300px) 100vw, 300px\" \/><\/p>\n<p>Dies ist die Marke, die den edlen Metallbl\u00e4ttern gewidmet ist und mit der das Unternehmen weltweit bekannt ist. Bekannt als die Medaillenmarke erstreckt sich ihre Entwicklung \u00fcber fast ein Jahrhundert, zwischen 1861 und 1946. Ihr Ursprung geht auf die Ausstellung von 1861 zur\u00fcck, bei der das Unternehmen die Verdienstmedaille f\u00fcr die au\u00dfergew\u00f6hnliche Qualit\u00e4t seiner Gold- und Silberbl\u00e4tter erhielt. urspr\u00fcnglich zeigte das Logo nur eine Medaille, musste aber aktualisiert werden, als das Unternehmen 1881 und 1884 zwei weitere Verdienstmedaillen erhielt, wodurch sich die Gesamtzahl auf drei erh\u00f6hte, erneut f\u00fcr die einzigartige Qualit\u00e4t seiner edlen Metallbl\u00e4tter. Schlie\u00dflich, im Jahr 1946, w\u00e4hrend Italien den \u00dcbergang zur republikanischen Regierungsform vollzog, erm\u00f6glichte ein kleiner und geschickter grafischer Eingriff, die Namen der italienischen K\u00f6nige auf den Medaillen zu verbergen, und konnte sie so im Laufe der Zeit retten und bewahren.<\/p>\n<p>&nbsp;<\/p>\n<p>&nbsp;<\/p>\n<p>&nbsp;<\/p>\n<p>&nbsp;<\/p>\n<p>&nbsp;<\/p>\n<p><img loading=\"lazy\" decoding=\"async\" class=\"size-medium wp-image-68150 alignleft\" src=\"https:\/\/www.manetti.com\/wp-content\/uploads\/2024\/02\/LOGO-PRODOTTI-BELLE-ARTI-1-300x193.png\" alt=\"\" width=\"300\" height=\"193\" srcset=\"https:\/\/www.manetti.com\/wp-content\/uploads\/2024\/02\/LOGO-PRODOTTI-BELLE-ARTI-1-300x193.png 300w, https:\/\/www.manetti.com\/wp-content\/uploads\/2024\/02\/LOGO-PRODOTTI-BELLE-ARTI-1.png 500w\" sizes=\"auto, (max-width: 300px) 100vw, 300px\" \/><\/p>\n<p>Es enth\u00e4lt das allererste Firmenlogo und tr\u00e4gt das wichtige Datum von 1820. In diesem Jahr erwarb Luigi Manetti nach einer langen Zeit im Ausland, in der er die industrielle Revolution studierte, die volle Eigent\u00fcmerschaft des Familienbetriebs und entschied sich, ihm stolz den Namen seines neugeborenen Sohnes &#8220;Giusto&#8221; zu geben, um der jahrhundertealten handwerklichen Produktion einen internationaleren Geschmack zu verleihen. Er f\u00fcgte auch &#8220;Florenz&#8221; hinzu, da er sich sehr bewusst war, dass nur diese Stadt das Zuhause der Manettis sein k\u00f6nnte. Ab 1861, mit der Entwicklung der exklusiv f\u00fcr edle Metallbl\u00e4tter reservierten Medaillenmarke, symbolisiert dieses Logo weiterhin die Produkte des Unternehmens, die unterst\u00fctzend zu den Vergoldungsphasen sind, zus\u00e4tzlich zu den nicht edlen Metallbl\u00e4ttern.<\/p>\n","protected":false},"excerpt":{"rendered":"<p>Dies ist die Marke, die den edlen Metallbl\u00e4ttern gewidmet ist und mit der das Unternehmen weltweit bekannt ist. Bekannt als die Medaillenmarke erstreckt sich ihre Entwicklung \u00fcber fast ein Jahrhundert, zwischen 1861 und 1946. Ihr Ursprung geht auf die Ausstellung von 1861 zur\u00fcck, bei der das Unternehmen die Verdienstmedaille f\u00fcr die au\u00dfergew\u00f6hnliche Qualit\u00e4t seiner Gold- [&#8230;]<\/p>\n<p><a class=\"btn btn-secondary understrap-read-more-link\" href=\"https:\/\/www.manetti.com\/de\/ueber-uns\/die-handelsmarken\/\">Weiterlesen&#8230;<\/a><\/p>\n","protected":false},"author":359,"featured_media":73290,"parent":68107,"menu_order":0,"comment_status":"closed","ping_status":"closed","template":"","meta":{"_acf_changed":false,"footnotes":""},"class_list":["post-66848","page","type-page","status-publish","has-post-thumbnail","hentry"],"acf":[],"yoast_head":"<!-- This site is optimized with the Yoast SEO plugin v26.5 - https:\/\/yoast.com\/wordpress\/plugins\/seo\/ -->\n<title>DIE HANDELSMARKEN | Giusto Manetti Battiloro<\/title>\n<meta name=\"robots\" content=\"index, follow, max-snippet:-1, max-image-preview:large, max-video-preview:-1\" \/>\n<link rel=\"canonical\" href=\"https:\/\/www.manetti.com\/de\/ueber-uns\/die-handelsmarken\/\" \/>\n<meta property=\"og:locale\" content=\"de_DE\" \/>\n<meta property=\"og:type\" content=\"article\" \/>\n<meta property=\"og:title\" content=\"DIE HANDELSMARKEN | Giusto Manetti Battiloro\" \/>\n<meta property=\"og:description\" content=\"Dies ist die Marke, die den edlen Metallbl\u00e4ttern gewidmet ist und mit der das Unternehmen weltweit bekannt ist. Bekannt als die Medaillenmarke erstreckt sich ihre Entwicklung \u00fcber fast ein Jahrhundert, zwischen 1861 und 1946. Ihr Ursprung geht auf die Ausstellung von 1861 zur\u00fcck, bei der das Unternehmen die Verdienstmedaille f\u00fcr die au\u00dfergew\u00f6hnliche Qualit\u00e4t seiner Gold- [...]Weiterlesen...\" \/>\n<meta property=\"og:url\" content=\"https:\/\/www.manetti.com\/de\/ueber-uns\/die-handelsmarken\/\" \/>\n<meta property=\"og:site_name\" content=\"Giusto Manetti Battiloro\" \/>\n<meta property=\"article:publisher\" content=\"https:\/\/www.facebook.com\/giustomanettibattiloro\" \/>\n<meta property=\"article:modified_time\" content=\"2024-02-22T14:43:32+00:00\" \/>\n<meta property=\"og:image\" content=\"https:\/\/www.manetti.com\/wp-content\/uploads\/2024\/02\/Marchi-cover-1.jpg\" \/>\n\t<meta property=\"og:image:width\" content=\"450\" \/>\n\t<meta property=\"og:image:height\" content=\"450\" \/>\n\t<meta property=\"og:image:type\" content=\"image\/jpeg\" \/>\n<meta name=\"twitter:card\" content=\"summary_large_image\" \/>\n<meta name=\"twitter:label1\" content=\"Gesch\u00e4tzte Lesezeit\" \/>\n\t<meta name=\"twitter:data1\" content=\"1\u00a0Minute\" \/>\n<script type=\"application\/ld+json\" class=\"yoast-schema-graph\">{\"@context\":\"https:\/\/schema.org\",\"@graph\":[{\"@type\":\"WebPage\",\"@id\":\"https:\/\/www.manetti.com\/de\/ueber-uns\/die-handelsmarken\/\",\"url\":\"https:\/\/www.manetti.com\/de\/ueber-uns\/die-handelsmarken\/\",\"name\":\"DIE HANDELSMARKEN | Giusto Manetti Battiloro\",\"isPartOf\":{\"@id\":\"https:\/\/www.manetti.com\/de\/#website\"},\"primaryImageOfPage\":{\"@id\":\"https:\/\/www.manetti.com\/de\/ueber-uns\/die-handelsmarken\/#primaryimage\"},\"image\":{\"@id\":\"https:\/\/www.manetti.com\/de\/ueber-uns\/die-handelsmarken\/#primaryimage\"},\"thumbnailUrl\":\"https:\/\/www.manetti.com\/wp-content\/uploads\/2024\/03\/Giusto-Manetti-Battiloro-brands_F82_4776_ALTA.jpg\",\"datePublished\":\"2024-01-30T13:30:24+00:00\",\"dateModified\":\"2024-02-22T14:43:32+00:00\",\"inLanguage\":\"de\",\"potentialAction\":[{\"@type\":\"ReadAction\",\"target\":[\"https:\/\/www.manetti.com\/de\/ueber-uns\/die-handelsmarken\/\"]}]},{\"@type\":\"ImageObject\",\"inLanguage\":\"de\",\"@id\":\"https:\/\/www.manetti.com\/de\/ueber-uns\/die-handelsmarken\/#primaryimage\",\"url\":\"https:\/\/www.manetti.com\/wp-content\/uploads\/2024\/03\/Giusto-Manetti-Battiloro-brands_F82_4776_ALTA.jpg\",\"contentUrl\":\"https:\/\/www.manetti.com\/wp-content\/uploads\/2024\/03\/Giusto-Manetti-Battiloro-brands_F82_4776_ALTA.jpg\",\"width\":1000,\"height\":1000},{\"@type\":\"WebSite\",\"@id\":\"https:\/\/www.manetti.com\/de\/#website\",\"url\":\"https:\/\/www.manetti.com\/de\/\",\"name\":\"Giusto Manetti Battiloro\",\"description\":\"\",\"publisher\":{\"@id\":\"https:\/\/www.manetti.com\/de\/#organization\"},\"potentialAction\":[{\"@type\":\"SearchAction\",\"target\":{\"@type\":\"EntryPoint\",\"urlTemplate\":\"https:\/\/www.manetti.com\/de\/?s={search_term_string}\"},\"query-input\":{\"@type\":\"PropertyValueSpecification\",\"valueRequired\":true,\"valueName\":\"search_term_string\"}}],\"inLanguage\":\"de\"},{\"@type\":\"Organization\",\"@id\":\"https:\/\/www.manetti.com\/de\/#organization\",\"name\":\"GIUSTO MANETTI BATTILORO S.P.A.\",\"url\":\"https:\/\/www.manetti.com\/de\/\",\"logo\":{\"@type\":\"ImageObject\",\"inLanguage\":\"de\",\"@id\":\"https:\/\/www.manetti.com\/de\/#\/schema\/logo\/image\/\",\"url\":\"https:\/\/www.manetti.com\/wp-content\/uploads\/2025\/02\/giusto-manetti-blu_300-02.png\",\"contentUrl\":\"https:\/\/www.manetti.com\/wp-content\/uploads\/2025\/02\/giusto-manetti-blu_300-02.png\",\"width\":1123,\"height\":1093,\"caption\":\"GIUSTO MANETTI BATTILORO S.P.A.\"},\"image\":{\"@id\":\"https:\/\/www.manetti.com\/de\/#\/schema\/logo\/image\/\"},\"sameAs\":[\"https:\/\/www.facebook.com\/giustomanettibattiloro\",\"https:\/\/www.instagram.com\/giustomanettibattiloro\/\",\"https:\/\/www.linkedin.com\/company\/giusto-manetti-battiloro-s-p-a-\/\",\"https:\/\/www.youtube.com\/user\/ManettiBattiloro\"]}]}<\/script>\n<!-- \/ Yoast SEO plugin. -->","yoast_head_json":{"title":"DIE HANDELSMARKEN | Giusto Manetti Battiloro","robots":{"index":"index","follow":"follow","max-snippet":"max-snippet:-1","max-image-preview":"max-image-preview:large","max-video-preview":"max-video-preview:-1"},"canonical":"https:\/\/www.manetti.com\/de\/ueber-uns\/die-handelsmarken\/","og_locale":"de_DE","og_type":"article","og_title":"DIE HANDELSMARKEN | Giusto Manetti Battiloro","og_description":"Dies ist die Marke, die den edlen Metallbl\u00e4ttern gewidmet ist und mit der das Unternehmen weltweit bekannt ist. Bekannt als die Medaillenmarke erstreckt sich ihre Entwicklung \u00fcber fast ein Jahrhundert, zwischen 1861 und 1946. Ihr Ursprung geht auf die Ausstellung von 1861 zur\u00fcck, bei der das Unternehmen die Verdienstmedaille f\u00fcr die au\u00dfergew\u00f6hnliche Qualit\u00e4t seiner Gold- [...]Weiterlesen...","og_url":"https:\/\/www.manetti.com\/de\/ueber-uns\/die-handelsmarken\/","og_site_name":"Giusto Manetti Battiloro","article_publisher":"https:\/\/www.facebook.com\/giustomanettibattiloro","article_modified_time":"2024-02-22T14:43:32+00:00","og_image":[{"width":450,"height":450,"url":"https:\/\/www.manetti.com\/wp-content\/uploads\/2024\/02\/Marchi-cover-1.jpg","type":"image\/jpeg"}],"twitter_card":"summary_large_image","twitter_misc":{"Gesch\u00e4tzte Lesezeit":"1\u00a0Minute"},"schema":{"@context":"https:\/\/schema.org","@graph":[{"@type":"WebPage","@id":"https:\/\/www.manetti.com\/de\/ueber-uns\/die-handelsmarken\/","url":"https:\/\/www.manetti.com\/de\/ueber-uns\/die-handelsmarken\/","name":"DIE HANDELSMARKEN | Giusto Manetti Battiloro","isPartOf":{"@id":"https:\/\/www.manetti.com\/de\/#website"},"primaryImageOfPage":{"@id":"https:\/\/www.manetti.com\/de\/ueber-uns\/die-handelsmarken\/#primaryimage"},"image":{"@id":"https:\/\/www.manetti.com\/de\/ueber-uns\/die-handelsmarken\/#primaryimage"},"thumbnailUrl":"https:\/\/www.manetti.com\/wp-content\/uploads\/2024\/03\/Giusto-Manetti-Battiloro-brands_F82_4776_ALTA.jpg","datePublished":"2024-01-30T13:30:24+00:00","dateModified":"2024-02-22T14:43:32+00:00","inLanguage":"de","potentialAction":[{"@type":"ReadAction","target":["https:\/\/www.manetti.com\/de\/ueber-uns\/die-handelsmarken\/"]}]},{"@type":"ImageObject","inLanguage":"de","@id":"https:\/\/www.manetti.com\/de\/ueber-uns\/die-handelsmarken\/#primaryimage","url":"https:\/\/www.manetti.com\/wp-content\/uploads\/2024\/03\/Giusto-Manetti-Battiloro-brands_F82_4776_ALTA.jpg","contentUrl":"https:\/\/www.manetti.com\/wp-content\/uploads\/2024\/03\/Giusto-Manetti-Battiloro-brands_F82_4776_ALTA.jpg","width":1000,"height":1000},{"@type":"WebSite","@id":"https:\/\/www.manetti.com\/de\/#website","url":"https:\/\/www.manetti.com\/de\/","name":"Giusto Manetti Battiloro","description":"","publisher":{"@id":"https:\/\/www.manetti.com\/de\/#organization"},"potentialAction":[{"@type":"SearchAction","target":{"@type":"EntryPoint","urlTemplate":"https:\/\/www.manetti.com\/de\/?s={search_term_string}"},"query-input":{"@type":"PropertyValueSpecification","valueRequired":true,"valueName":"search_term_string"}}],"inLanguage":"de"},{"@type":"Organization","@id":"https:\/\/www.manetti.com\/de\/#organization","name":"GIUSTO MANETTI BATTILORO S.P.A.","url":"https:\/\/www.manetti.com\/de\/","logo":{"@type":"ImageObject","inLanguage":"de","@id":"https:\/\/www.manetti.com\/de\/#\/schema\/logo\/image\/","url":"https:\/\/www.manetti.com\/wp-content\/uploads\/2025\/02\/giusto-manetti-blu_300-02.png","contentUrl":"https:\/\/www.manetti.com\/wp-content\/uploads\/2025\/02\/giusto-manetti-blu_300-02.png","width":1123,"height":1093,"caption":"GIUSTO MANETTI BATTILORO S.P.A."},"image":{"@id":"https:\/\/www.manetti.com\/de\/#\/schema\/logo\/image\/"},"sameAs":["https:\/\/www.facebook.com\/giustomanettibattiloro","https:\/\/www.instagram.com\/giustomanettibattiloro\/","https:\/\/www.linkedin.com\/company\/giusto-manetti-battiloro-s-p-a-\/","https:\/\/www.youtube.com\/user\/ManettiBattiloro"]}]}},"_links":{"self":[{"href":"https:\/\/www.manetti.com\/de\/wp-json\/wp\/v2\/pages\/66848","targetHints":{"allow":["GET"]}}],"collection":[{"href":"https:\/\/www.manetti.com\/de\/wp-json\/wp\/v2\/pages"}],"about":[{"href":"https:\/\/www.manetti.com\/de\/wp-json\/wp\/v2\/types\/page"}],"author":[{"embeddable":true,"href":"https:\/\/www.manetti.com\/de\/wp-json\/wp\/v2\/users\/359"}],"replies":[{"embeddable":true,"href":"https:\/\/www.manetti.com\/de\/wp-json\/wp\/v2\/comments?post=66848"}],"version-history":[{"count":0,"href":"https:\/\/www.manetti.com\/de\/wp-json\/wp\/v2\/pages\/66848\/revisions"}],"up":[{"embeddable":true,"href":"https:\/\/www.manetti.com\/de\/wp-json\/wp\/v2\/pages\/68107"}],"wp:featuredmedia":[{"embeddable":true,"href":"https:\/\/www.manetti.com\/de\/wp-json\/wp\/v2\/media\/73290"}],"wp:attachment":[{"href":"https:\/\/www.manetti.com\/de\/wp-json\/wp\/v2\/media?parent=66848"}],"curies":[{"name":"wp","href":"https:\/\/api.w.org\/{rel}","templated":true}]}}