{"id":67001,"date":"2024-01-30T15:00:24","date_gmt":"2024-01-30T14:00:24","guid":{"rendered":"https:\/\/www.manetti.com\/?page_id=67001"},"modified":"2026-04-17T11:39:38","modified_gmt":"2026-04-17T09:39:38","slug":"e-shop-dienstleistungen","status":"publish","type":"page","link":"https:\/\/www.manetti.com\/de\/home\/e-shop-dienstleistungen\/","title":{"rendered":"E-Shop-Dienstleistungen"},"content":{"rendered":"<h3><strong>SICHERE ZAHLUNGEN<\/strong><\/h3>\n<p>Giusto Manetti Battiloro hat Paypal und Nexi, zwei der sichersten Unternehmen f\u00fcr digitale Transaktionen, als Partner f\u00fcr das Zahlungsmanagement ausgew\u00e4hlt. Kunden schlie\u00dfen die Zahlung in ihren Portalen ab, um maximale Transaktionssicherheit zu gew\u00e4hrleisten. Die Bestellung wird nur dann offiziell, wenn die Zahlung erfolgt ist und Nexi oder Paypal den Erfolg der Transaktion best\u00e4tigt haben. Es obliegt Nexi oder Paypal, unsere Kunden \u00fcber die Zahlung zu informieren und den Erfolg der Transaktion zu best\u00e4tigen.<\/p>\n<h3><strong>UNTERST\u00dcTZUNG<\/strong><\/h3>\n<p>Ben\u00f6tigen Sie Unterst\u00fctzung? Sehen Sie sich unsere FAQ-Sektion an, in der Sie Antworten auf die h\u00e4ufigsten Fragen finden.<\/p>\n<p>Finden Sie die gesuchten Informationen nicht? Unser Team von Experten steht Ihnen zur Verf\u00fcgung. Kontaktieren Sie uns nach Belieben, indem Sie eine E-Mail an istituzionale@manetti.it schreiben. In der Regel wird unser Team an Werktagen und w\u00e4hrend der B\u00fcrozeiten antworten, also t\u00e4glich von Montag bis Freitag von 9:00 bis 18:00 Uhr.<\/p>\n<h3><strong>VERSANDMETHODEN<\/strong><\/h3>\n<p>Bestellungen von bereits verf\u00fcgbaren Produkten werden innerhalb von 1-2 Werktagen nach dem Tag, an dem die Bestellung aufgegeben wurde, versendet, es sei denn, die Ware ist nicht verf\u00fcgbar oder es liegt h\u00f6here Gewalt vor.<\/p>\n<p>Die auf der Website gekauften Produkte werden an die vom Kunden w\u00e4hrend des Kaufvorgangs im entsprechenden Feld &#8220;Versanddaten&#8221; angegebene Adresse geliefert und sind mit den entsprechenden Transportdokumenten versehen.<\/p>\n<p>Giusto Manetti Battiloro SpA versendet in alle \u00fcber die Website verf\u00fcgbaren L\u00e4nder.<\/p>\n<p>Die gesch\u00e4tzten Lieferzeiten f\u00fcr die Produkte gelten nach den oben genannten 1-2 Werktagen zur Vorbereitung der Bestellung. Nach diesen Tagen sind die folgenden Versandzeiten zu ber\u00fccksichtigen:<\/p>\n<p>Italien: 1-2 Werktage<\/p>\n<p>Europa: 2-5 Werktage<\/p>\n<p>Andere Gebiete: 3 &#8211; 5 Werktage, nicht garantiert<\/p>\n<p>Die Lieferzeiten sind rein indikativ zu verstehen, Giusto Manetti Battiloro SpA beh\u00e4lt sich jedoch das Recht vor, den Versand bei h\u00f6herer Gewalt zu verschieben.<\/p>\n<p>Giusto Manetti Battiloro SpA haftet nicht f\u00fcr Verz\u00f6gerungen aufgrund von Zolloperationen und -kontrollen oder von h\u00f6herer Gewalt, die au\u00dferhalb ihrer Kontrolle liegen.<\/p>\n<p>W\u00e4hrend der Vorbereitungsphase wird dem Kunden eine E-Mail mit der Bestellzusammenfassung und den dazugeh\u00f6rigen Dokumenten gesendet. Am Ende der Vorbereitungsphase \u00fcbernimmt der Kurier die Bestellung f\u00fcr die Versandphase. Der Kunde erh\u00e4lt dann eine E-Mail vom Kurier mit der Sendungsverfolgungsnummer und einem Link, um den Fortschritt der Sendung zu \u00fcberwachen.<\/p>\n<p>Im Falle wiederholter Unm\u00f6glichkeit der Zustellung aufgrund der Abwesenheit des Kunden und\/oder falscher Adresse verbleibt das Produkt f\u00fcr f\u00fcnf Tage ab dem letzten Zustellungsversuch im Lager des Kuriers. Der Kunde wird \u00fcber das oben Gesagte informiert und falls er nicht mit der Abholung fortf\u00e4hrt, gem\u00e4\u00df den Anweisungen des Kuriers wird die Bestellung als storniert betrachtet. In diesem Fall werden dem Kunden die Versandkosten (einschlie\u00dflich der R\u00fccksendung der Ware) und eventuelle Zollgeb\u00fchren in Rechnung gestellt und vom Erstattungsbetrag abgezogen.<\/p>\n<h3><strong>R\u00dcCKGABERICHTLINIE<\/strong><\/h3>\n<p>Gem\u00e4\u00df Art. 52 und folgende des Verbraucherschutzgesetzes hat der &#8220;Verbraucher&#8221; Kunde einen Zeitraum von vierzehn Tagen ab Lieferung der Produkte, um vom Vertrag zur\u00fcckzutreten, ohne Gr\u00fcnde angeben zu m\u00fcssen.<\/p>\n<p>Der Kunde, der das Widerrufsrecht aus\u00fcben m\u00f6chte &#8211; innerhalb von vierzehn Tagen nach Erhalt der Ware &#8211; muss Giusto Manetti Battiloro SpA per Einschreiben mit R\u00fcckschein, Fax oder E-Mail unter der Adresse: istituzionale@manetti.it schriftlich benachrichtigen.<\/p>\n<p>Wenn das Widerrufsrecht ausge\u00fcbt wird, teilt Giusto Manetti Battiloro SpA dem Kunden an die im Auftrag angegebene E-Mail-Adresse die Adresse mit, an die die zur\u00fcckzusendenden Produkte geschickt werden sollen. Der Kunde muss die Produkte &#8211; auf eigene Gefahr und Kosten &#8211; innerhalb von 15 (f\u00fcnfzehn) Tagen nach der von Giusto Manetti Battiloro SpA gesendeten Mitteilung zur\u00fccksenden und dabei sicherstellen, dass die Produkte ordnungsgem\u00e4\u00df verpackt sind.<\/p>\n<p>Angesichts der Art der von Giusto Manetti Battiloro SpA vermarkteten Produkte sei darauf hingewiesen, dass das Widerrufsrecht gem\u00e4\u00df Art. 59 des Verbraucherschutzgesetzes f\u00fcr Waren, die schnell verderben oder ablaufen k\u00f6nnen und\/oder f\u00fcr versiegelte Waren aus Gr\u00fcnden der Hygiene oder des Gesundheitsschutzes, die nach der Lieferung ge\u00f6ffnet wurden, ausdr\u00fccklich ausgeschlossen ist. In Anbetracht des Vorstehenden wird das Widerrufsrecht nur und ausschlie\u00dflich anerkannt, wenn das Produkt in seiner Verpackung intakt zur\u00fcckgegeben wird, ohne Anzeichen von \u00d6ffnung.<\/p>\n<p>Nach Erhalt der Produkte beh\u00e4lt sich Giusto Manetti Battiloro SpA das Recht vor, die Integrit\u00e4t der Verpackung sowie die ordnungsgem\u00e4\u00dfe Lagerung der Produkte zu \u00fcberpr\u00fcfen. Sollten Anomalien festgestellt werden, kann die Rechtm\u00e4\u00dfigkeit des ausge\u00fcbten Widerrufs nicht anerkannt werden. Im Falle eines rechtm\u00e4\u00dfigen Widerrufs wird Giusto Manetti Battiloro SpA dem Kunden innerhalb von 14 Tagen nach Erhalt der Ware den Betrag des gekauften Produkts durch dieselbe Zahlungsmethode zur\u00fcckerstatten, die bei der Bestellung verwendet wurde.<\/p>\n<h3><strong data-start=\"780\" data-end=\"801\">Z\u00d6LLE UND ABGABEN<\/strong><\/h3>\n<p>Etwaige Zollgeb\u00fchren, Einfuhrsteuern und zus\u00e4tzliche Kosten gehen zu Lasten des Empf\u00e4ngers und sind gem\u00e4\u00df den Vorschriften des Bestimmungslandes zu entrichten.<\/p>\n","protected":false},"excerpt":{"rendered":"<p>SICHERE ZAHLUNGEN Giusto Manetti Battiloro hat Paypal und Nexi, zwei der sichersten Unternehmen f\u00fcr digitale Transaktionen, als Partner f\u00fcr das Zahlungsmanagement ausgew\u00e4hlt. Kunden schlie\u00dfen die Zahlung in ihren Portalen ab, um maximale Transaktionssicherheit zu gew\u00e4hrleisten. Die Bestellung wird nur dann offiziell, wenn die Zahlung erfolgt ist und Nexi oder Paypal den Erfolg der Transaktion best\u00e4tigt [&#8230;]<\/p>\n<p><a class=\"btn btn-secondary understrap-read-more-link\" href=\"https:\/\/www.manetti.com\/de\/home\/e-shop-dienstleistungen\/\">Weiterlesen&#8230;<\/a><\/p>\n","protected":false},"author":359,"featured_media":57750,"parent":45481,"menu_order":0,"comment_status":"closed","ping_status":"closed","template":"","meta":{"_acf_changed":false,"footnotes":""},"class_list":["post-67001","page","type-page","status-publish","has-post-thumbnail","hentry"],"acf":[],"yoast_head":"<!-- This site is optimized with the Yoast SEO plugin v26.5 - https:\/\/yoast.com\/wordpress\/plugins\/seo\/ -->\n<title>E-Shop-Dienstleistungen | Giusto Manetti Battiloro<\/title>\n<meta name=\"robots\" content=\"index, follow, max-snippet:-1, max-image-preview:large, max-video-preview:-1\" \/>\n<link rel=\"canonical\" href=\"https:\/\/www.manetti.com\/de\/home\/e-shop-dienstleistungen\/\" \/>\n<meta property=\"og:locale\" content=\"de_DE\" \/>\n<meta property=\"og:type\" content=\"article\" \/>\n<meta property=\"og:title\" content=\"E-Shop-Dienstleistungen | Giusto Manetti Battiloro\" \/>\n<meta property=\"og:description\" content=\"SICHERE ZAHLUNGEN Giusto Manetti Battiloro hat Paypal und Nexi, zwei der sichersten Unternehmen f\u00fcr digitale Transaktionen, als Partner f\u00fcr das Zahlungsmanagement ausgew\u00e4hlt. Kunden schlie\u00dfen die Zahlung in ihren Portalen ab, um maximale Transaktionssicherheit zu gew\u00e4hrleisten. Die Bestellung wird nur dann offiziell, wenn die Zahlung erfolgt ist und Nexi oder Paypal den Erfolg der Transaktion best\u00e4tigt [...]Weiterlesen...\" \/>\n<meta property=\"og:url\" content=\"https:\/\/www.manetti.com\/de\/home\/e-shop-dienstleistungen\/\" \/>\n<meta property=\"og:site_name\" content=\"Giusto Manetti Battiloro\" \/>\n<meta property=\"article:publisher\" content=\"https:\/\/www.facebook.com\/giustomanettibattiloro\" \/>\n<meta property=\"article:modified_time\" content=\"2026-04-17T09:39:38+00:00\" \/>\n<meta property=\"og:image\" content=\"https:\/\/www.manetti.com\/wp-content\/uploads\/2023\/01\/fascia-blister-retail_gold-leaf-manetti_fine-arts_F829202-.jpg\" \/>\n\t<meta property=\"og:image:width\" content=\"2224\" \/>\n\t<meta property=\"og:image:height\" content=\"926\" \/>\n\t<meta property=\"og:image:type\" content=\"image\/jpeg\" \/>\n<meta name=\"twitter:card\" content=\"summary_large_image\" \/>\n<meta name=\"twitter:label1\" content=\"Gesch\u00e4tzte Lesezeit\" \/>\n\t<meta name=\"twitter:data1\" content=\"4\u00a0Minuten\" \/>\n<script type=\"application\/ld+json\" class=\"yoast-schema-graph\">{\"@context\":\"https:\/\/schema.org\",\"@graph\":[{\"@type\":\"WebPage\",\"@id\":\"https:\/\/www.manetti.com\/de\/home\/e-shop-dienstleistungen\/\",\"url\":\"https:\/\/www.manetti.com\/de\/home\/e-shop-dienstleistungen\/\",\"name\":\"E-Shop-Dienstleistungen | Giusto Manetti Battiloro\",\"isPartOf\":{\"@id\":\"https:\/\/www.manetti.com\/de\/#website\"},\"primaryImageOfPage\":{\"@id\":\"https:\/\/www.manetti.com\/de\/home\/e-shop-dienstleistungen\/#primaryimage\"},\"image\":{\"@id\":\"https:\/\/www.manetti.com\/de\/home\/e-shop-dienstleistungen\/#primaryimage\"},\"thumbnailUrl\":\"https:\/\/www.manetti.com\/wp-content\/uploads\/2023\/01\/fascia-blister-retail_gold-leaf-manetti_fine-arts_F829202-.jpg\",\"datePublished\":\"2024-01-30T14:00:24+00:00\",\"dateModified\":\"2026-04-17T09:39:38+00:00\",\"inLanguage\":\"de\",\"potentialAction\":[{\"@type\":\"ReadAction\",\"target\":[\"https:\/\/www.manetti.com\/de\/home\/e-shop-dienstleistungen\/\"]}]},{\"@type\":\"ImageObject\",\"inLanguage\":\"de\",\"@id\":\"https:\/\/www.manetti.com\/de\/home\/e-shop-dienstleistungen\/#primaryimage\",\"url\":\"https:\/\/www.manetti.com\/wp-content\/uploads\/2023\/01\/fascia-blister-retail_gold-leaf-manetti_fine-arts_F829202-.jpg\",\"contentUrl\":\"https:\/\/www.manetti.com\/wp-content\/uploads\/2023\/01\/fascia-blister-retail_gold-leaf-manetti_fine-arts_F829202-.jpg\",\"width\":2224,\"height\":926},{\"@type\":\"WebSite\",\"@id\":\"https:\/\/www.manetti.com\/de\/#website\",\"url\":\"https:\/\/www.manetti.com\/de\/\",\"name\":\"Giusto Manetti Battiloro\",\"description\":\"\",\"publisher\":{\"@id\":\"https:\/\/www.manetti.com\/de\/#organization\"},\"potentialAction\":[{\"@type\":\"SearchAction\",\"target\":{\"@type\":\"EntryPoint\",\"urlTemplate\":\"https:\/\/www.manetti.com\/de\/?s={search_term_string}\"},\"query-input\":{\"@type\":\"PropertyValueSpecification\",\"valueRequired\":true,\"valueName\":\"search_term_string\"}}],\"inLanguage\":\"de\"},{\"@type\":\"Organization\",\"@id\":\"https:\/\/www.manetti.com\/de\/#organization\",\"name\":\"GIUSTO MANETTI BATTILORO S.P.A.\",\"url\":\"https:\/\/www.manetti.com\/de\/\",\"logo\":{\"@type\":\"ImageObject\",\"inLanguage\":\"de\",\"@id\":\"https:\/\/www.manetti.com\/de\/#\/schema\/logo\/image\/\",\"url\":\"https:\/\/www.manetti.com\/wp-content\/uploads\/2025\/02\/giusto-manetti-blu_300-02.png\",\"contentUrl\":\"https:\/\/www.manetti.com\/wp-content\/uploads\/2025\/02\/giusto-manetti-blu_300-02.png\",\"width\":1123,\"height\":1093,\"caption\":\"GIUSTO MANETTI BATTILORO S.P.A.\"},\"image\":{\"@id\":\"https:\/\/www.manetti.com\/de\/#\/schema\/logo\/image\/\"},\"sameAs\":[\"https:\/\/www.facebook.com\/giustomanettibattiloro\",\"https:\/\/www.instagram.com\/giustomanettibattiloro\/\",\"https:\/\/www.linkedin.com\/company\/giusto-manetti-battiloro-s-p-a-\/\",\"https:\/\/www.youtube.com\/user\/ManettiBattiloro\"]}]}<\/script>\n<!-- \/ Yoast SEO plugin. -->","yoast_head_json":{"title":"E-Shop-Dienstleistungen | Giusto Manetti Battiloro","robots":{"index":"index","follow":"follow","max-snippet":"max-snippet:-1","max-image-preview":"max-image-preview:large","max-video-preview":"max-video-preview:-1"},"canonical":"https:\/\/www.manetti.com\/de\/home\/e-shop-dienstleistungen\/","og_locale":"de_DE","og_type":"article","og_title":"E-Shop-Dienstleistungen | Giusto Manetti Battiloro","og_description":"SICHERE ZAHLUNGEN Giusto Manetti Battiloro hat Paypal und Nexi, zwei der sichersten Unternehmen f\u00fcr digitale Transaktionen, als Partner f\u00fcr das Zahlungsmanagement ausgew\u00e4hlt. Kunden schlie\u00dfen die Zahlung in ihren Portalen ab, um maximale Transaktionssicherheit zu gew\u00e4hrleisten. Die Bestellung wird nur dann offiziell, wenn die Zahlung erfolgt ist und Nexi oder Paypal den Erfolg der Transaktion best\u00e4tigt [...]Weiterlesen...","og_url":"https:\/\/www.manetti.com\/de\/home\/e-shop-dienstleistungen\/","og_site_name":"Giusto Manetti Battiloro","article_publisher":"https:\/\/www.facebook.com\/giustomanettibattiloro","article_modified_time":"2026-04-17T09:39:38+00:00","og_image":[{"width":2224,"height":926,"url":"https:\/\/www.manetti.com\/wp-content\/uploads\/2023\/01\/fascia-blister-retail_gold-leaf-manetti_fine-arts_F829202-.jpg","type":"image\/jpeg"}],"twitter_card":"summary_large_image","twitter_misc":{"Gesch\u00e4tzte Lesezeit":"4\u00a0Minuten"},"schema":{"@context":"https:\/\/schema.org","@graph":[{"@type":"WebPage","@id":"https:\/\/www.manetti.com\/de\/home\/e-shop-dienstleistungen\/","url":"https:\/\/www.manetti.com\/de\/home\/e-shop-dienstleistungen\/","name":"E-Shop-Dienstleistungen | Giusto Manetti Battiloro","isPartOf":{"@id":"https:\/\/www.manetti.com\/de\/#website"},"primaryImageOfPage":{"@id":"https:\/\/www.manetti.com\/de\/home\/e-shop-dienstleistungen\/#primaryimage"},"image":{"@id":"https:\/\/www.manetti.com\/de\/home\/e-shop-dienstleistungen\/#primaryimage"},"thumbnailUrl":"https:\/\/www.manetti.com\/wp-content\/uploads\/2023\/01\/fascia-blister-retail_gold-leaf-manetti_fine-arts_F829202-.jpg","datePublished":"2024-01-30T14:00:24+00:00","dateModified":"2026-04-17T09:39:38+00:00","inLanguage":"de","potentialAction":[{"@type":"ReadAction","target":["https:\/\/www.manetti.com\/de\/home\/e-shop-dienstleistungen\/"]}]},{"@type":"ImageObject","inLanguage":"de","@id":"https:\/\/www.manetti.com\/de\/home\/e-shop-dienstleistungen\/#primaryimage","url":"https:\/\/www.manetti.com\/wp-content\/uploads\/2023\/01\/fascia-blister-retail_gold-leaf-manetti_fine-arts_F829202-.jpg","contentUrl":"https:\/\/www.manetti.com\/wp-content\/uploads\/2023\/01\/fascia-blister-retail_gold-leaf-manetti_fine-arts_F829202-.jpg","width":2224,"height":926},{"@type":"WebSite","@id":"https:\/\/www.manetti.com\/de\/#website","url":"https:\/\/www.manetti.com\/de\/","name":"Giusto Manetti Battiloro","description":"","publisher":{"@id":"https:\/\/www.manetti.com\/de\/#organization"},"potentialAction":[{"@type":"SearchAction","target":{"@type":"EntryPoint","urlTemplate":"https:\/\/www.manetti.com\/de\/?s={search_term_string}"},"query-input":{"@type":"PropertyValueSpecification","valueRequired":true,"valueName":"search_term_string"}}],"inLanguage":"de"},{"@type":"Organization","@id":"https:\/\/www.manetti.com\/de\/#organization","name":"GIUSTO MANETTI BATTILORO S.P.A.","url":"https:\/\/www.manetti.com\/de\/","logo":{"@type":"ImageObject","inLanguage":"de","@id":"https:\/\/www.manetti.com\/de\/#\/schema\/logo\/image\/","url":"https:\/\/www.manetti.com\/wp-content\/uploads\/2025\/02\/giusto-manetti-blu_300-02.png","contentUrl":"https:\/\/www.manetti.com\/wp-content\/uploads\/2025\/02\/giusto-manetti-blu_300-02.png","width":1123,"height":1093,"caption":"GIUSTO MANETTI BATTILORO S.P.A."},"image":{"@id":"https:\/\/www.manetti.com\/de\/#\/schema\/logo\/image\/"},"sameAs":["https:\/\/www.facebook.com\/giustomanettibattiloro","https:\/\/www.instagram.com\/giustomanettibattiloro\/","https:\/\/www.linkedin.com\/company\/giusto-manetti-battiloro-s-p-a-\/","https:\/\/www.youtube.com\/user\/ManettiBattiloro"]}]}},"_links":{"self":[{"href":"https:\/\/www.manetti.com\/de\/wp-json\/wp\/v2\/pages\/67001","targetHints":{"allow":["GET"]}}],"collection":[{"href":"https:\/\/www.manetti.com\/de\/wp-json\/wp\/v2\/pages"}],"about":[{"href":"https:\/\/www.manetti.com\/de\/wp-json\/wp\/v2\/types\/page"}],"author":[{"embeddable":true,"href":"https:\/\/www.manetti.com\/de\/wp-json\/wp\/v2\/users\/359"}],"replies":[{"embeddable":true,"href":"https:\/\/www.manetti.com\/de\/wp-json\/wp\/v2\/comments?post=67001"}],"version-history":[{"count":2,"href":"https:\/\/www.manetti.com\/de\/wp-json\/wp\/v2\/pages\/67001\/revisions"}],"predecessor-version":[{"id":89148,"href":"https:\/\/www.manetti.com\/de\/wp-json\/wp\/v2\/pages\/67001\/revisions\/89148"}],"up":[{"embeddable":true,"href":"https:\/\/www.manetti.com\/de\/wp-json\/wp\/v2\/pages\/45481"}],"wp:featuredmedia":[{"embeddable":true,"href":"https:\/\/www.manetti.com\/de\/wp-json\/wp\/v2\/media\/57750"}],"wp:attachment":[{"href":"https:\/\/www.manetti.com\/de\/wp-json\/wp\/v2\/media?parent=67001"}],"curies":[{"name":"wp","href":"https:\/\/api.w.org\/{rel}","templated":true}]}}