{"id":46603,"date":"2020-01-31T10:10:07","date_gmt":"2020-01-31T09:10:07","guid":{"rendered":"https:\/\/www.manetti.com\/prodotto\/silberpulver-und-muschel\/"},"modified":"2024-02-14T12:28:50","modified_gmt":"2024-02-14T11:28:50","slug":"silberpulver-und-muschel","status":"publish","type":"product","link":"https:\/\/www.manetti.com\/de\/produkt\/silberpulver-und-muschel\/","title":{"rendered":"Silberpulver und Muschel"},"content":{"rendered":"<p>Das Silberpulver in der Dose und die Muschel, die sich in ihrem Beh\u00e4lter befindet, sind zwei Produkte, die sich zum <strong>Retuschieren und Dekorieren von kunstvollen und empfindlichen Oberfl\u00e4chen eignen<\/strong>. Zum Versilbern muss das <strong>Pulver immer mit einem geeigneten Bindemittel gemischt werden<\/strong>, um eine Masse zu erhalten, die dann von Hand mit einem Pinsel mit einer unterschiedlich geformten Spitze aufgetragen wird, je nach dem gew\u00fcnschten Effekt.<\/p>\n<p>Die <strong>Muscheln<\/strong> hingegen ist eine Mischung aus reinem Silber und Gummiarabikum und ist <strong>sofort einsatzbereit<\/strong>. Bevor Sie mit dem Versilbern beginnen, sollten Sie die Spitze des Pinsels in Wasser tauchen, um die Menge zu dosieren, die Sie auftragen m\u00f6chten. <strong>Silberpulver wird von erfahrenen Fachleuten<\/strong> in der Restaurierungsindustrie verwendet, w\u00e4hrend <strong>Muscheln ein beliebtes Produkt im Hobbybereich sind<\/strong><\/p>\n<div class=\"show_more\"><p class=\"wpsm-show\" style=\"color: #c39f5f; font-size: 100%; text-align: left;\"> Mehr lesen<\/p><div class=\"wpsm-content\"><\/p>\n<h2>Silber in Pulver- und Muschelform: aus Florenz in der ganzen Welt<\/h2>\n<p>Unser Unternehmen blickt auf eine jahrhundertealte Geschichte zur\u00fcck: Seit 1600 stellen wir in Florenz Edelmetalle in Blattform her und sind heute eine<strong> Qualit\u00e4tsmarke Made in Italy<\/strong>, die in die ganze Welt exportiert wird. Dank unseres <strong>schnellen und p\u00fcnktlichen Logistiksystems<\/strong> liefern wir Bestellungen in k\u00fcrzester Zeit aus, je nach Auftragsvolumen und Lagerressourcen. <strong>Alle unsere Sendungen werden sicher verpackt<\/strong>, damit sie unversehrt an ihrem Bestimmungsort ankommen, und werden mit einer speziellen<strong> Tracking-Nummer verfolgt<\/strong>, um sie bis zur Auslieferung zu \u00fcberwachen.<\/p>\n<p>Unsere Expertenteams stehen Ihnen von der Angebotsphase bis zum Kundendienst zur Seite, um Ihre Bed\u00fcrfnisse zu erf\u00fcllen. <strong>Wir stehen Ihnen gerne zur Verf\u00fcgung, um Ihnen die Preise zu erl\u00e4utern und ein Angebot zu erstellen<\/strong>.<br \/>\n <p class=\"wpsm-hide\" style=\"color: #c39f5f; font-size: 100%; text-align: left;\"> Weniger lesen<\/p><\/div><\/div>\n","protected":false},"excerpt":{"rendered":"<p>Das Silberpulver in der Dose und die Muschel, die sich in ihrem Beh\u00e4lter befindet, sind zwei Produkte, die sich zum Retuschieren und Dekorieren von kunstvollen und empfindlichen Oberfl\u00e4chen eignen. Zum Versilbern muss das Pulver immer mit einem geeigneten Bindemittel gemischt werden, um eine Masse zu erhalten, die dann von Hand mit einem Pinsel mit einer [&#8230;]<\/p>\n<p><a class=\"btn btn-secondary understrap-read-more-link\" href=\"https:\/\/www.manetti.com\/de\/produkt\/silberpulver-und-muschel\/\">Weiterlesen&#8230;<\/a><\/p>\n","protected":false},"featured_media":73986,"template":"","meta":{"_acf_changed":false},"product_brand":[],"product_cat":[350],"product_tag":[351],"product_area":[],"catalog_category":[795,970,1004],"class_list":{"0":"post-46603","1":"product","2":"type-product","3":"status-publish","4":"has-post-thumbnail","6":"product_cat-blattsilber","7":"product_tag-polveri-e-conchiglie-de","8":"catalog_category-vergoldung-und-restaurierung","9":"catalog_category-vergoldung-und-restaurierung-blattgold-und-andere-metalle","10":"catalog_category-vergoldung-und-restaurierung-gold-und-silberpulver-sowie-muschelgold","12":"first","13":"instock","14":"shipping-taxable","15":"purchasable","16":"product-type-variable"},"acf":[],"yoast_head":"<!-- This site is optimized with the Yoast SEO plugin v26.5 - https:\/\/yoast.com\/wordpress\/plugins\/seo\/ -->\n<title>Echtes Silberpulver und Muschelsilber zum Vergolden | Giusto Manetti Battiloro<\/title>\n<meta name=\"description\" content=\"Das Pulver sollte mit einem Bindemittel gemischt werden, bevor es mit einem feinen, weichen Pinsel aufgetragen wird. Die Schale ist eine fertige Verbindung aus reinem Silber und Gummi arabicum\" \/>\n<meta name=\"robots\" content=\"index, follow, max-snippet:-1, max-image-preview:large, max-video-preview:-1\" \/>\n<link rel=\"canonical\" href=\"https:\/\/www.manetti.com\/de\/produkt\/silberpulver-und-muschel\/\" \/>\n<meta property=\"og:locale\" content=\"de_DE\" \/>\n<meta property=\"og:type\" content=\"article\" \/>\n<meta property=\"og:title\" content=\"Echtes Silberpulver und Muschelsilber zum Vergolden | Giusto Manetti Battiloro\" \/>\n<meta property=\"og:description\" content=\"Das Pulver sollte mit einem Bindemittel gemischt werden, bevor es mit einem feinen, weichen Pinsel aufgetragen wird. Die Schale ist eine fertige Verbindung aus reinem Silber und Gummi arabicum\" \/>\n<meta property=\"og:url\" content=\"https:\/\/www.manetti.com\/de\/produkt\/silberpulver-und-muschel\/\" \/>\n<meta property=\"og:site_name\" content=\"Giusto Manetti Battiloro\" \/>\n<meta property=\"article:publisher\" content=\"https:\/\/www.facebook.com\/giustomanettibattiloro\" \/>\n<meta property=\"article:modified_time\" content=\"2024-02-14T11:28:50+00:00\" \/>\n<meta property=\"og:image\" content=\"https:\/\/www.manetti.com\/wp-content\/uploads\/2020\/01\/polveri_conchiglie_argento.png\" \/>\n\t<meta property=\"og:image:width\" content=\"200\" \/>\n\t<meta property=\"og:image:height\" content=\"200\" \/>\n\t<meta property=\"og:image:type\" content=\"image\/png\" \/>\n<meta name=\"twitter:card\" content=\"summary_large_image\" \/>\n<meta name=\"twitter:label1\" content=\"Gesch\u00e4tzte Lesezeit\" \/>\n\t<meta name=\"twitter:data1\" content=\"1\u00a0Minute\" \/>\n<script type=\"application\/ld+json\" class=\"yoast-schema-graph\">{\"@context\":\"https:\/\/schema.org\",\"@graph\":[{\"@type\":\"WebPage\",\"@id\":\"https:\/\/www.manetti.com\/de\/produkt\/silberpulver-und-muschel\/\",\"url\":\"https:\/\/www.manetti.com\/de\/produkt\/silberpulver-und-muschel\/\",\"name\":\"Echtes Silberpulver und Muschelsilber zum Vergolden | Giusto Manetti Battiloro\",\"isPartOf\":{\"@id\":\"https:\/\/www.manetti.com\/de\/#website\"},\"primaryImageOfPage\":{\"@id\":\"https:\/\/www.manetti.com\/de\/produkt\/silberpulver-und-muschel\/#primaryimage\"},\"image\":{\"@id\":\"https:\/\/www.manetti.com\/de\/produkt\/silberpulver-und-muschel\/#primaryimage\"},\"thumbnailUrl\":\"https:\/\/www.manetti.com\/wp-content\/uploads\/2024\/03\/FogliaArgento_PolvereArgento-ConchigliaArgento_giustomanettibattiloro.png\",\"datePublished\":\"2020-01-31T09:10:07+00:00\",\"dateModified\":\"2024-02-14T11:28:50+00:00\",\"description\":\"Das Pulver sollte mit einem Bindemittel gemischt werden, bevor es mit einem feinen, weichen Pinsel aufgetragen wird. Die Schale ist eine fertige Verbindung aus reinem Silber und Gummi arabicum\",\"inLanguage\":\"de\",\"potentialAction\":[{\"@type\":\"ReadAction\",\"target\":[\"https:\/\/www.manetti.com\/de\/produkt\/silberpulver-und-muschel\/\"]}]},{\"@type\":\"ImageObject\",\"inLanguage\":\"de\",\"@id\":\"https:\/\/www.manetti.com\/de\/produkt\/silberpulver-und-muschel\/#primaryimage\",\"url\":\"https:\/\/www.manetti.com\/wp-content\/uploads\/2024\/03\/FogliaArgento_PolvereArgento-ConchigliaArgento_giustomanettibattiloro.png\",\"contentUrl\":\"https:\/\/www.manetti.com\/wp-content\/uploads\/2024\/03\/FogliaArgento_PolvereArgento-ConchigliaArgento_giustomanettibattiloro.png\",\"width\":900,\"height\":900},{\"@type\":\"WebSite\",\"@id\":\"https:\/\/www.manetti.com\/de\/#website\",\"url\":\"https:\/\/www.manetti.com\/de\/\",\"name\":\"Giusto Manetti Battiloro\",\"description\":\"\",\"publisher\":{\"@id\":\"https:\/\/www.manetti.com\/de\/#organization\"},\"potentialAction\":[{\"@type\":\"SearchAction\",\"target\":{\"@type\":\"EntryPoint\",\"urlTemplate\":\"https:\/\/www.manetti.com\/de\/?s={search_term_string}\"},\"query-input\":{\"@type\":\"PropertyValueSpecification\",\"valueRequired\":true,\"valueName\":\"search_term_string\"}}],\"inLanguage\":\"de\"},{\"@type\":\"Organization\",\"@id\":\"https:\/\/www.manetti.com\/de\/#organization\",\"name\":\"GIUSTO MANETTI BATTILORO S.P.A.\",\"url\":\"https:\/\/www.manetti.com\/de\/\",\"logo\":{\"@type\":\"ImageObject\",\"inLanguage\":\"de\",\"@id\":\"https:\/\/www.manetti.com\/de\/#\/schema\/logo\/image\/\",\"url\":\"https:\/\/www.manetti.com\/wp-content\/uploads\/2025\/02\/giusto-manetti-blu_300-02.png\",\"contentUrl\":\"https:\/\/www.manetti.com\/wp-content\/uploads\/2025\/02\/giusto-manetti-blu_300-02.png\",\"width\":1123,\"height\":1093,\"caption\":\"GIUSTO MANETTI BATTILORO S.P.A.\"},\"image\":{\"@id\":\"https:\/\/www.manetti.com\/de\/#\/schema\/logo\/image\/\"},\"sameAs\":[\"https:\/\/www.facebook.com\/giustomanettibattiloro\",\"https:\/\/www.instagram.com\/giustomanettibattiloro\/\",\"https:\/\/www.linkedin.com\/company\/giusto-manetti-battiloro-s-p-a-\/\",\"https:\/\/www.youtube.com\/user\/ManettiBattiloro\"]}]}<\/script>\n<!-- \/ Yoast SEO plugin. -->","yoast_head_json":{"title":"Echtes Silberpulver und Muschelsilber zum Vergolden | Giusto Manetti Battiloro","description":"Das Pulver sollte mit einem Bindemittel gemischt werden, bevor es mit einem feinen, weichen Pinsel aufgetragen wird. Die Schale ist eine fertige Verbindung aus reinem Silber und Gummi arabicum","robots":{"index":"index","follow":"follow","max-snippet":"max-snippet:-1","max-image-preview":"max-image-preview:large","max-video-preview":"max-video-preview:-1"},"canonical":"https:\/\/www.manetti.com\/de\/produkt\/silberpulver-und-muschel\/","og_locale":"de_DE","og_type":"article","og_title":"Echtes Silberpulver und Muschelsilber zum Vergolden | Giusto Manetti Battiloro","og_description":"Das Pulver sollte mit einem Bindemittel gemischt werden, bevor es mit einem feinen, weichen Pinsel aufgetragen wird. Die Schale ist eine fertige Verbindung aus reinem Silber und Gummi arabicum","og_url":"https:\/\/www.manetti.com\/de\/produkt\/silberpulver-und-muschel\/","og_site_name":"Giusto Manetti Battiloro","article_publisher":"https:\/\/www.facebook.com\/giustomanettibattiloro","article_modified_time":"2024-02-14T11:28:50+00:00","og_image":[{"width":200,"height":200,"url":"https:\/\/www.manetti.com\/wp-content\/uploads\/2020\/01\/polveri_conchiglie_argento.png","type":"image\/png"}],"twitter_card":"summary_large_image","twitter_misc":{"Gesch\u00e4tzte Lesezeit":"1\u00a0Minute"},"schema":{"@context":"https:\/\/schema.org","@graph":[{"@type":"WebPage","@id":"https:\/\/www.manetti.com\/de\/produkt\/silberpulver-und-muschel\/","url":"https:\/\/www.manetti.com\/de\/produkt\/silberpulver-und-muschel\/","name":"Echtes Silberpulver und Muschelsilber zum Vergolden | Giusto Manetti Battiloro","isPartOf":{"@id":"https:\/\/www.manetti.com\/de\/#website"},"primaryImageOfPage":{"@id":"https:\/\/www.manetti.com\/de\/produkt\/silberpulver-und-muschel\/#primaryimage"},"image":{"@id":"https:\/\/www.manetti.com\/de\/produkt\/silberpulver-und-muschel\/#primaryimage"},"thumbnailUrl":"https:\/\/www.manetti.com\/wp-content\/uploads\/2024\/03\/FogliaArgento_PolvereArgento-ConchigliaArgento_giustomanettibattiloro.png","datePublished":"2020-01-31T09:10:07+00:00","dateModified":"2024-02-14T11:28:50+00:00","description":"Das Pulver sollte mit einem Bindemittel gemischt werden, bevor es mit einem feinen, weichen Pinsel aufgetragen wird. Die Schale ist eine fertige Verbindung aus reinem Silber und Gummi arabicum","inLanguage":"de","potentialAction":[{"@type":"ReadAction","target":["https:\/\/www.manetti.com\/de\/produkt\/silberpulver-und-muschel\/"]}]},{"@type":"ImageObject","inLanguage":"de","@id":"https:\/\/www.manetti.com\/de\/produkt\/silberpulver-und-muschel\/#primaryimage","url":"https:\/\/www.manetti.com\/wp-content\/uploads\/2024\/03\/FogliaArgento_PolvereArgento-ConchigliaArgento_giustomanettibattiloro.png","contentUrl":"https:\/\/www.manetti.com\/wp-content\/uploads\/2024\/03\/FogliaArgento_PolvereArgento-ConchigliaArgento_giustomanettibattiloro.png","width":900,"height":900},{"@type":"WebSite","@id":"https:\/\/www.manetti.com\/de\/#website","url":"https:\/\/www.manetti.com\/de\/","name":"Giusto Manetti Battiloro","description":"","publisher":{"@id":"https:\/\/www.manetti.com\/de\/#organization"},"potentialAction":[{"@type":"SearchAction","target":{"@type":"EntryPoint","urlTemplate":"https:\/\/www.manetti.com\/de\/?s={search_term_string}"},"query-input":{"@type":"PropertyValueSpecification","valueRequired":true,"valueName":"search_term_string"}}],"inLanguage":"de"},{"@type":"Organization","@id":"https:\/\/www.manetti.com\/de\/#organization","name":"GIUSTO MANETTI BATTILORO S.P.A.","url":"https:\/\/www.manetti.com\/de\/","logo":{"@type":"ImageObject","inLanguage":"de","@id":"https:\/\/www.manetti.com\/de\/#\/schema\/logo\/image\/","url":"https:\/\/www.manetti.com\/wp-content\/uploads\/2025\/02\/giusto-manetti-blu_300-02.png","contentUrl":"https:\/\/www.manetti.com\/wp-content\/uploads\/2025\/02\/giusto-manetti-blu_300-02.png","width":1123,"height":1093,"caption":"GIUSTO MANETTI BATTILORO S.P.A."},"image":{"@id":"https:\/\/www.manetti.com\/de\/#\/schema\/logo\/image\/"},"sameAs":["https:\/\/www.facebook.com\/giustomanettibattiloro","https:\/\/www.instagram.com\/giustomanettibattiloro\/","https:\/\/www.linkedin.com\/company\/giusto-manetti-battiloro-s-p-a-\/","https:\/\/www.youtube.com\/user\/ManettiBattiloro"]}]}},"_links":{"self":[{"href":"https:\/\/www.manetti.com\/de\/wp-json\/wp\/v2\/product\/46603","targetHints":{"allow":["GET"]}}],"collection":[{"href":"https:\/\/www.manetti.com\/de\/wp-json\/wp\/v2\/product"}],"about":[{"href":"https:\/\/www.manetti.com\/de\/wp-json\/wp\/v2\/types\/product"}],"wp:featuredmedia":[{"embeddable":true,"href":"https:\/\/www.manetti.com\/de\/wp-json\/wp\/v2\/media\/73986"}],"wp:attachment":[{"href":"https:\/\/www.manetti.com\/de\/wp-json\/wp\/v2\/media?parent=46603"}],"wp:term":[{"taxonomy":"product_brand","embeddable":true,"href":"https:\/\/www.manetti.com\/de\/wp-json\/wp\/v2\/product_brand?post=46603"},{"taxonomy":"product_cat","embeddable":true,"href":"https:\/\/www.manetti.com\/de\/wp-json\/wp\/v2\/product_cat?post=46603"},{"taxonomy":"product_tag","embeddable":true,"href":"https:\/\/www.manetti.com\/de\/wp-json\/wp\/v2\/product_tag?post=46603"},{"taxonomy":"product_area","embeddable":true,"href":"https:\/\/www.manetti.com\/de\/wp-json\/wp\/v2\/product_area?post=46603"},{"taxonomy":"catalog_category","embeddable":true,"href":"https:\/\/www.manetti.com\/de\/wp-json\/wp\/v2\/catalog_category?post=46603"}],"curies":[{"name":"wp","href":"https:\/\/api.w.org\/{rel}","templated":true}]}}