{"id":46939,"date":"2020-01-31T15:43:30","date_gmt":"2020-01-31T14:43:30","guid":{"rendered":"https:\/\/www.manetti.com\/prodotto\/missione-a-vernice\/"},"modified":"2025-10-29T10:58:09","modified_gmt":"2025-10-29T09:58:09","slug":"shop-lack-leime","status":"publish","type":"product","link":"https:\/\/www.manetti.com\/de\/shop\/lack-leime\/","title":{"rendered":"Std \u00d6lmixtion"},"content":{"rendered":"<p>Klebstoff f\u00fcr die Vergoldung auf Metall, Glas oder Kunststoff (sowohl Innen als auch Aussen)<\/p>\n","protected":false},"excerpt":{"rendered":"<p>Klebstoff f\u00fcr die Vergoldung auf Metall, Glas oder Kunststoff (sowohl Innen als auch Aussen) [&#8230;]<\/p>\n<p><a class=\"btn btn-secondary understrap-read-more-link\" href=\"https:\/\/www.manetti.com\/de\/shop\/lack-leime\/\">Weiterlesen&#8230;<\/a><\/p>\n","protected":false},"featured_media":84285,"template":"","meta":{"_acf_changed":false},"product_brand":[],"product_cat":[394],"product_tag":[349],"product_area":[565,580,620,632],"catalog_category":[],"class_list":{"0":"post-46939","1":"product","2":"type-product","3":"status-publish","4":"has-post-thumbnail","6":"product_cat-oelvergoldung","7":"product_tag-missionen","8":"product_area-marmor-und-stein","9":"product_area-ikonografie","10":"product_area-ikonografie-mixtion-kleber","11":"product_area-marmor-und-stein-mixtion-kleber","13":"first","14":"instock","15":"shipping-taxable","16":"product-type-variable"},"acf":[],"yoast_head":"<!-- This site is optimized with the Yoast SEO plugin v26.5 - https:\/\/yoast.com\/wordpress\/plugins\/seo\/ -->\n<title>Std \u00d6lmixtion | Giusto Manetti Battiloro<\/title>\n<meta name=\"description\" content=\"Kommen Sie und entdecken Sie Std \u00d6lmixtion, eines der besten Produkte von Giusto Manetti Battiloro, dem weltweit f\u00fchrenden Hersteller von Blattgold und anderen dekorativen Effekten!\" \/>\n<meta name=\"robots\" content=\"index, follow, max-snippet:-1, max-image-preview:large, max-video-preview:-1\" \/>\n<link rel=\"canonical\" href=\"https:\/\/www.manetti.com\/de\/shop\/lack-leime\/\" \/>\n<meta property=\"og:locale\" content=\"de_DE\" \/>\n<meta property=\"og:type\" content=\"article\" \/>\n<meta property=\"og:title\" content=\"Std \u00d6lmixtion | Giusto Manetti Battiloro\" \/>\n<meta property=\"og:description\" content=\"Kommen Sie und entdecken Sie Std \u00d6lmixtion, eines der besten Produkte von Giusto Manetti Battiloro, dem weltweit f\u00fchrenden Hersteller von Blattgold und anderen dekorativen Effekten!\" \/>\n<meta property=\"og:url\" content=\"https:\/\/www.manetti.com\/de\/shop\/lack-leime\/\" \/>\n<meta property=\"og:site_name\" content=\"Giusto Manetti Battiloro\" \/>\n<meta property=\"article:publisher\" content=\"https:\/\/www.facebook.com\/giustomanettibattiloro\" \/>\n<meta property=\"article:modified_time\" content=\"2025-10-29T09:58:09+00:00\" \/>\n<meta property=\"og:image\" content=\"https:\/\/www.manetti.com\/wp-content\/uploads\/2023\/11\/MISSIONE-312-ORE-LATTA-insieme_WEB-1.png\" \/>\n\t<meta property=\"og:image:width\" content=\"900\" \/>\n\t<meta property=\"og:image:height\" content=\"900\" \/>\n\t<meta property=\"og:image:type\" content=\"image\/png\" \/>\n<meta name=\"twitter:card\" content=\"summary_large_image\" \/>\n<script type=\"application\/ld+json\" class=\"yoast-schema-graph\">{\"@context\":\"https:\/\/schema.org\",\"@graph\":[{\"@type\":\"WebPage\",\"@id\":\"https:\/\/www.manetti.com\/de\/shop\/lack-leime\/\",\"url\":\"https:\/\/www.manetti.com\/de\/shop\/lack-leime\/\",\"name\":\"Std \u00d6lmixtion | Giusto Manetti Battiloro\",\"isPartOf\":{\"@id\":\"https:\/\/www.manetti.com\/de\/#website\"},\"primaryImageOfPage\":{\"@id\":\"https:\/\/www.manetti.com\/de\/shop\/lack-leime\/#primaryimage\"},\"image\":{\"@id\":\"https:\/\/www.manetti.com\/de\/shop\/lack-leime\/#primaryimage\"},\"thumbnailUrl\":\"https:\/\/www.manetti.com\/wp-content\/uploads\/2023\/11\/MISSIONE-312-ORE-LATTA-insieme_WEB-1.png\",\"datePublished\":\"2020-01-31T14:43:30+00:00\",\"dateModified\":\"2025-10-29T09:58:09+00:00\",\"description\":\"Kommen Sie und entdecken Sie Std \u00d6lmixtion, eines der besten Produkte von Giusto Manetti Battiloro, dem weltweit f\u00fchrenden Hersteller von Blattgold und anderen dekorativen Effekten!\",\"inLanguage\":\"de\",\"potentialAction\":[{\"@type\":\"ReadAction\",\"target\":[\"https:\/\/www.manetti.com\/de\/shop\/lack-leime\/\"]}]},{\"@type\":\"ImageObject\",\"inLanguage\":\"de\",\"@id\":\"https:\/\/www.manetti.com\/de\/shop\/lack-leime\/#primaryimage\",\"url\":\"https:\/\/www.manetti.com\/wp-content\/uploads\/2023\/11\/MISSIONE-312-ORE-LATTA-insieme_WEB-1.png\",\"contentUrl\":\"https:\/\/www.manetti.com\/wp-content\/uploads\/2023\/11\/MISSIONE-312-ORE-LATTA-insieme_WEB-1.png\",\"width\":900,\"height\":900},{\"@type\":\"WebSite\",\"@id\":\"https:\/\/www.manetti.com\/de\/#website\",\"url\":\"https:\/\/www.manetti.com\/de\/\",\"name\":\"Giusto Manetti Battiloro\",\"description\":\"\",\"publisher\":{\"@id\":\"https:\/\/www.manetti.com\/de\/#organization\"},\"potentialAction\":[{\"@type\":\"SearchAction\",\"target\":{\"@type\":\"EntryPoint\",\"urlTemplate\":\"https:\/\/www.manetti.com\/de\/?s={search_term_string}\"},\"query-input\":{\"@type\":\"PropertyValueSpecification\",\"valueRequired\":true,\"valueName\":\"search_term_string\"}}],\"inLanguage\":\"de\"},{\"@type\":\"Organization\",\"@id\":\"https:\/\/www.manetti.com\/de\/#organization\",\"name\":\"GIUSTO MANETTI BATTILORO S.P.A.\",\"url\":\"https:\/\/www.manetti.com\/de\/\",\"logo\":{\"@type\":\"ImageObject\",\"inLanguage\":\"de\",\"@id\":\"https:\/\/www.manetti.com\/de\/#\/schema\/logo\/image\/\",\"url\":\"https:\/\/www.manetti.com\/wp-content\/uploads\/2025\/02\/giusto-manetti-blu_300-02.png\",\"contentUrl\":\"https:\/\/www.manetti.com\/wp-content\/uploads\/2025\/02\/giusto-manetti-blu_300-02.png\",\"width\":1123,\"height\":1093,\"caption\":\"GIUSTO MANETTI BATTILORO S.P.A.\"},\"image\":{\"@id\":\"https:\/\/www.manetti.com\/de\/#\/schema\/logo\/image\/\"},\"sameAs\":[\"https:\/\/www.facebook.com\/giustomanettibattiloro\",\"https:\/\/www.instagram.com\/giustomanettibattiloro\/\",\"https:\/\/www.linkedin.com\/company\/giusto-manetti-battiloro-s-p-a-\/\",\"https:\/\/www.youtube.com\/user\/ManettiBattiloro\"]}]}<\/script>\n<!-- \/ Yoast SEO plugin. -->","yoast_head_json":{"title":"Std \u00d6lmixtion | Giusto Manetti Battiloro","description":"Kommen Sie und entdecken Sie Std \u00d6lmixtion, eines der besten Produkte von Giusto Manetti Battiloro, dem weltweit f\u00fchrenden Hersteller von Blattgold und anderen dekorativen Effekten!","robots":{"index":"index","follow":"follow","max-snippet":"max-snippet:-1","max-image-preview":"max-image-preview:large","max-video-preview":"max-video-preview:-1"},"canonical":"https:\/\/www.manetti.com\/de\/shop\/lack-leime\/","og_locale":"de_DE","og_type":"article","og_title":"Std \u00d6lmixtion | Giusto Manetti Battiloro","og_description":"Kommen Sie und entdecken Sie Std \u00d6lmixtion, eines der besten Produkte von Giusto Manetti Battiloro, dem weltweit f\u00fchrenden Hersteller von Blattgold und anderen dekorativen Effekten!","og_url":"https:\/\/www.manetti.com\/de\/shop\/lack-leime\/","og_site_name":"Giusto Manetti Battiloro","article_publisher":"https:\/\/www.facebook.com\/giustomanettibattiloro","article_modified_time":"2025-10-29T09:58:09+00:00","og_image":[{"width":900,"height":900,"url":"https:\/\/www.manetti.com\/wp-content\/uploads\/2023\/11\/MISSIONE-312-ORE-LATTA-insieme_WEB-1.png","type":"image\/png"}],"twitter_card":"summary_large_image","schema":{"@context":"https:\/\/schema.org","@graph":[{"@type":"WebPage","@id":"https:\/\/www.manetti.com\/de\/shop\/lack-leime\/","url":"https:\/\/www.manetti.com\/de\/shop\/lack-leime\/","name":"Std \u00d6lmixtion | Giusto Manetti Battiloro","isPartOf":{"@id":"https:\/\/www.manetti.com\/de\/#website"},"primaryImageOfPage":{"@id":"https:\/\/www.manetti.com\/de\/shop\/lack-leime\/#primaryimage"},"image":{"@id":"https:\/\/www.manetti.com\/de\/shop\/lack-leime\/#primaryimage"},"thumbnailUrl":"https:\/\/www.manetti.com\/wp-content\/uploads\/2023\/11\/MISSIONE-312-ORE-LATTA-insieme_WEB-1.png","datePublished":"2020-01-31T14:43:30+00:00","dateModified":"2025-10-29T09:58:09+00:00","description":"Kommen Sie und entdecken Sie Std \u00d6lmixtion, eines der besten Produkte von Giusto Manetti Battiloro, dem weltweit f\u00fchrenden Hersteller von Blattgold und anderen dekorativen Effekten!","inLanguage":"de","potentialAction":[{"@type":"ReadAction","target":["https:\/\/www.manetti.com\/de\/shop\/lack-leime\/"]}]},{"@type":"ImageObject","inLanguage":"de","@id":"https:\/\/www.manetti.com\/de\/shop\/lack-leime\/#primaryimage","url":"https:\/\/www.manetti.com\/wp-content\/uploads\/2023\/11\/MISSIONE-312-ORE-LATTA-insieme_WEB-1.png","contentUrl":"https:\/\/www.manetti.com\/wp-content\/uploads\/2023\/11\/MISSIONE-312-ORE-LATTA-insieme_WEB-1.png","width":900,"height":900},{"@type":"WebSite","@id":"https:\/\/www.manetti.com\/de\/#website","url":"https:\/\/www.manetti.com\/de\/","name":"Giusto Manetti Battiloro","description":"","publisher":{"@id":"https:\/\/www.manetti.com\/de\/#organization"},"potentialAction":[{"@type":"SearchAction","target":{"@type":"EntryPoint","urlTemplate":"https:\/\/www.manetti.com\/de\/?s={search_term_string}"},"query-input":{"@type":"PropertyValueSpecification","valueRequired":true,"valueName":"search_term_string"}}],"inLanguage":"de"},{"@type":"Organization","@id":"https:\/\/www.manetti.com\/de\/#organization","name":"GIUSTO MANETTI BATTILORO S.P.A.","url":"https:\/\/www.manetti.com\/de\/","logo":{"@type":"ImageObject","inLanguage":"de","@id":"https:\/\/www.manetti.com\/de\/#\/schema\/logo\/image\/","url":"https:\/\/www.manetti.com\/wp-content\/uploads\/2025\/02\/giusto-manetti-blu_300-02.png","contentUrl":"https:\/\/www.manetti.com\/wp-content\/uploads\/2025\/02\/giusto-manetti-blu_300-02.png","width":1123,"height":1093,"caption":"GIUSTO MANETTI BATTILORO S.P.A."},"image":{"@id":"https:\/\/www.manetti.com\/de\/#\/schema\/logo\/image\/"},"sameAs":["https:\/\/www.facebook.com\/giustomanettibattiloro","https:\/\/www.instagram.com\/giustomanettibattiloro\/","https:\/\/www.linkedin.com\/company\/giusto-manetti-battiloro-s-p-a-\/","https:\/\/www.youtube.com\/user\/ManettiBattiloro"]}]}},"_links":{"self":[{"href":"https:\/\/www.manetti.com\/de\/wp-json\/wp\/v2\/product\/46939","targetHints":{"allow":["GET"]}}],"collection":[{"href":"https:\/\/www.manetti.com\/de\/wp-json\/wp\/v2\/product"}],"about":[{"href":"https:\/\/www.manetti.com\/de\/wp-json\/wp\/v2\/types\/product"}],"wp:featuredmedia":[{"embeddable":true,"href":"https:\/\/www.manetti.com\/de\/wp-json\/wp\/v2\/media\/84285"}],"wp:attachment":[{"href":"https:\/\/www.manetti.com\/de\/wp-json\/wp\/v2\/media?parent=46939"}],"wp:term":[{"taxonomy":"product_brand","embeddable":true,"href":"https:\/\/www.manetti.com\/de\/wp-json\/wp\/v2\/product_brand?post=46939"},{"taxonomy":"product_cat","embeddable":true,"href":"https:\/\/www.manetti.com\/de\/wp-json\/wp\/v2\/product_cat?post=46939"},{"taxonomy":"product_tag","embeddable":true,"href":"https:\/\/www.manetti.com\/de\/wp-json\/wp\/v2\/product_tag?post=46939"},{"taxonomy":"product_area","embeddable":true,"href":"https:\/\/www.manetti.com\/de\/wp-json\/wp\/v2\/product_area?post=46939"},{"taxonomy":"catalog_category","embeddable":true,"href":"https:\/\/www.manetti.com\/de\/wp-json\/wp\/v2\/catalog_category?post=46939"}],"curies":[{"name":"wp","href":"https:\/\/api.w.org\/{rel}","templated":true}]}}