{"id":47174,"date":"2020-02-03T10:26:22","date_gmt":"2020-02-03T09:26:22","guid":{"rendered":"https:\/\/www.manetti.com\/prodotto\/pennellessa-in-pelo-naturale-di-vaio-glass-gilding\/"},"modified":"2026-04-22T11:04:29","modified_gmt":"2026-04-22T09:04:29","slug":"shop-glasvergoldungspinsel-glass-gilding","status":"publish","type":"product","link":"https:\/\/www.manetti.com\/de\/produkt\/shop-glasvergoldungspinsel-glass-gilding\/","title":{"rendered":"Glasvergoldungspinsel (Glass gilding)"},"content":{"rendered":"<p>Pinsel mit geringer Dicke zum gleichm\u00e4\u00dfigen Auftragen der Mixtion, empfohlen f\u00fcr Glasanwendungen.<\/p>\n","protected":false},"excerpt":{"rendered":"<p>Pinsel mit geringer Dicke zum gleichm\u00e4\u00dfigen Auftragen der Mixtion, empfohlen f\u00fcr Glasanwendungen. [&#8230;]<\/p>\n<p><a class=\"btn btn-secondary understrap-read-more-link\" href=\"https:\/\/www.manetti.com\/de\/produkt\/shop-glasvergoldungspinsel-glass-gilding\/\">Weiterlesen&#8230;<\/a><\/p>\n","protected":false},"featured_media":59096,"template":"","meta":{"_acf_changed":false},"product_brand":[],"product_cat":[428,397],"product_tag":[361],"product_area":[568,588,697],"catalog_category":[],"class_list":{"0":"post-47174","1":"product","2":"type-product","3":"status-publish","4":"has-post-thumbnail","6":"product_cat-breite-pinsel","7":"product_cat-werkzeuge","8":"product_tag-strumenti-de","9":"product_area-schriftmalerei","10":"product_area-schriftmalerei-werkzeuge","11":"product_area-signwriting-pinsel","13":"first","14":"instock","15":"shipping-taxable","16":"purchasable","17":"product-type-variable"},"acf":[],"yoast_head":"<!-- This site is optimized with the Yoast SEO plugin v26.5 - https:\/\/yoast.com\/wordpress\/plugins\/seo\/ -->\n<title>Glasvergoldungspinsel (Glass gilding) | Giusto Manetti Battiloro<\/title>\n<meta name=\"description\" content=\"Dieser Pinsel aus sehr weichem nat\u00fcrlichem Vaio-Haar erm\u00f6glicht ein korrektes Auftragen der Mixtion, ohne dabei Spuren des Pinselstrichs auf der zu dekorierenden Oberfl\u00e4che zu hinterlassen\" \/>\n<meta name=\"robots\" content=\"index, follow, max-snippet:-1, max-image-preview:large, max-video-preview:-1\" \/>\n<link rel=\"canonical\" href=\"https:\/\/www.manetti.com\/de\/produkt\/shop-glasvergoldungspinsel-glass-gilding\/\" \/>\n<meta property=\"og:locale\" content=\"de_DE\" \/>\n<meta property=\"og:type\" content=\"article\" \/>\n<meta property=\"og:title\" content=\"Glasvergoldungspinsel (Glass gilding) | Giusto Manetti Battiloro\" \/>\n<meta property=\"og:description\" content=\"Dieser Pinsel aus sehr weichem nat\u00fcrlichem Vaio-Haar erm\u00f6glicht ein korrektes Auftragen der Mixtion, ohne dabei Spuren des Pinselstrichs auf der zu dekorierenden Oberfl\u00e4che zu hinterlassen\" \/>\n<meta property=\"og:url\" content=\"https:\/\/www.manetti.com\/de\/produkt\/shop-glasvergoldungspinsel-glass-gilding\/\" \/>\n<meta property=\"og:site_name\" content=\"Giusto Manetti Battiloro\" \/>\n<meta property=\"article:publisher\" content=\"https:\/\/www.facebook.com\/giustomanettibattiloro\" \/>\n<meta property=\"article:modified_time\" content=\"2026-04-22T09:04:29+00:00\" \/>\n<meta property=\"og:image\" content=\"https:\/\/www.manetti.com\/wp-content\/uploads\/2020\/02\/pennellessa-manetti_MG_3908-cmyk.png\" \/>\n\t<meta property=\"og:image:width\" content=\"1200\" \/>\n\t<meta property=\"og:image:height\" content=\"1200\" \/>\n\t<meta property=\"og:image:type\" content=\"image\/png\" \/>\n<meta name=\"twitter:card\" content=\"summary_large_image\" \/>\n<meta name=\"twitter:label1\" content=\"Gesch\u00e4tzte Lesezeit\" \/>\n\t<meta name=\"twitter:data1\" content=\"1\u00a0Minute\" \/>\n<script type=\"application\/ld+json\" class=\"yoast-schema-graph\">{\"@context\":\"https:\/\/schema.org\",\"@graph\":[{\"@type\":\"WebPage\",\"@id\":\"https:\/\/www.manetti.com\/de\/produkt\/shop-glasvergoldungspinsel-glass-gilding\/\",\"url\":\"https:\/\/www.manetti.com\/de\/produkt\/shop-glasvergoldungspinsel-glass-gilding\/\",\"name\":\"Glasvergoldungspinsel (Glass gilding) | Giusto Manetti Battiloro\",\"isPartOf\":{\"@id\":\"https:\/\/www.manetti.com\/de\/#website\"},\"primaryImageOfPage\":{\"@id\":\"https:\/\/www.manetti.com\/de\/produkt\/shop-glasvergoldungspinsel-glass-gilding\/#primaryimage\"},\"image\":{\"@id\":\"https:\/\/www.manetti.com\/de\/produkt\/shop-glasvergoldungspinsel-glass-gilding\/#primaryimage\"},\"thumbnailUrl\":\"https:\/\/www.manetti.com\/wp-content\/uploads\/2020\/02\/pennellessa-manetti_MG_3908-cmyk.png\",\"datePublished\":\"2020-02-03T09:26:22+00:00\",\"dateModified\":\"2026-04-22T09:04:29+00:00\",\"description\":\"Dieser Pinsel aus sehr weichem nat\u00fcrlichem Vaio-Haar erm\u00f6glicht ein korrektes Auftragen der Mixtion, ohne dabei Spuren des Pinselstrichs auf der zu dekorierenden Oberfl\u00e4che zu hinterlassen\",\"inLanguage\":\"de\",\"potentialAction\":[{\"@type\":\"ReadAction\",\"target\":[\"https:\/\/www.manetti.com\/de\/produkt\/shop-glasvergoldungspinsel-glass-gilding\/\"]}]},{\"@type\":\"ImageObject\",\"inLanguage\":\"de\",\"@id\":\"https:\/\/www.manetti.com\/de\/produkt\/shop-glasvergoldungspinsel-glass-gilding\/#primaryimage\",\"url\":\"https:\/\/www.manetti.com\/wp-content\/uploads\/2020\/02\/pennellessa-manetti_MG_3908-cmyk.png\",\"contentUrl\":\"https:\/\/www.manetti.com\/wp-content\/uploads\/2020\/02\/pennellessa-manetti_MG_3908-cmyk.png\",\"width\":1200,\"height\":1200},{\"@type\":\"WebSite\",\"@id\":\"https:\/\/www.manetti.com\/de\/#website\",\"url\":\"https:\/\/www.manetti.com\/de\/\",\"name\":\"Giusto Manetti Battiloro\",\"description\":\"\",\"publisher\":{\"@id\":\"https:\/\/www.manetti.com\/de\/#organization\"},\"potentialAction\":[{\"@type\":\"SearchAction\",\"target\":{\"@type\":\"EntryPoint\",\"urlTemplate\":\"https:\/\/www.manetti.com\/de\/?s={search_term_string}\"},\"query-input\":{\"@type\":\"PropertyValueSpecification\",\"valueRequired\":true,\"valueName\":\"search_term_string\"}}],\"inLanguage\":\"de\"},{\"@type\":\"Organization\",\"@id\":\"https:\/\/www.manetti.com\/de\/#organization\",\"name\":\"GIUSTO MANETTI BATTILORO S.P.A.\",\"url\":\"https:\/\/www.manetti.com\/de\/\",\"logo\":{\"@type\":\"ImageObject\",\"inLanguage\":\"de\",\"@id\":\"https:\/\/www.manetti.com\/de\/#\/schema\/logo\/image\/\",\"url\":\"https:\/\/www.manetti.com\/wp-content\/uploads\/2025\/02\/giusto-manetti-blu_300-02.png\",\"contentUrl\":\"https:\/\/www.manetti.com\/wp-content\/uploads\/2025\/02\/giusto-manetti-blu_300-02.png\",\"width\":1123,\"height\":1093,\"caption\":\"GIUSTO MANETTI BATTILORO S.P.A.\"},\"image\":{\"@id\":\"https:\/\/www.manetti.com\/de\/#\/schema\/logo\/image\/\"},\"sameAs\":[\"https:\/\/www.facebook.com\/giustomanettibattiloro\",\"https:\/\/www.instagram.com\/giustomanettibattiloro\/\",\"https:\/\/www.linkedin.com\/company\/giusto-manetti-battiloro-s-p-a-\/\",\"https:\/\/www.youtube.com\/user\/ManettiBattiloro\"]}]}<\/script>\n<!-- \/ Yoast SEO plugin. -->","yoast_head_json":{"title":"Glasvergoldungspinsel (Glass gilding) | Giusto Manetti Battiloro","description":"Dieser Pinsel aus sehr weichem nat\u00fcrlichem Vaio-Haar erm\u00f6glicht ein korrektes Auftragen der Mixtion, ohne dabei Spuren des Pinselstrichs auf der zu dekorierenden Oberfl\u00e4che zu hinterlassen","robots":{"index":"index","follow":"follow","max-snippet":"max-snippet:-1","max-image-preview":"max-image-preview:large","max-video-preview":"max-video-preview:-1"},"canonical":"https:\/\/www.manetti.com\/de\/produkt\/shop-glasvergoldungspinsel-glass-gilding\/","og_locale":"de_DE","og_type":"article","og_title":"Glasvergoldungspinsel (Glass gilding) | Giusto Manetti Battiloro","og_description":"Dieser Pinsel aus sehr weichem nat\u00fcrlichem Vaio-Haar erm\u00f6glicht ein korrektes Auftragen der Mixtion, ohne dabei Spuren des Pinselstrichs auf der zu dekorierenden Oberfl\u00e4che zu hinterlassen","og_url":"https:\/\/www.manetti.com\/de\/produkt\/shop-glasvergoldungspinsel-glass-gilding\/","og_site_name":"Giusto Manetti Battiloro","article_publisher":"https:\/\/www.facebook.com\/giustomanettibattiloro","article_modified_time":"2026-04-22T09:04:29+00:00","og_image":[{"width":1200,"height":1200,"url":"https:\/\/www.manetti.com\/wp-content\/uploads\/2020\/02\/pennellessa-manetti_MG_3908-cmyk.png","type":"image\/png"}],"twitter_card":"summary_large_image","twitter_misc":{"Gesch\u00e4tzte Lesezeit":"1\u00a0Minute"},"schema":{"@context":"https:\/\/schema.org","@graph":[{"@type":"WebPage","@id":"https:\/\/www.manetti.com\/de\/produkt\/shop-glasvergoldungspinsel-glass-gilding\/","url":"https:\/\/www.manetti.com\/de\/produkt\/shop-glasvergoldungspinsel-glass-gilding\/","name":"Glasvergoldungspinsel (Glass gilding) | Giusto Manetti Battiloro","isPartOf":{"@id":"https:\/\/www.manetti.com\/de\/#website"},"primaryImageOfPage":{"@id":"https:\/\/www.manetti.com\/de\/produkt\/shop-glasvergoldungspinsel-glass-gilding\/#primaryimage"},"image":{"@id":"https:\/\/www.manetti.com\/de\/produkt\/shop-glasvergoldungspinsel-glass-gilding\/#primaryimage"},"thumbnailUrl":"https:\/\/www.manetti.com\/wp-content\/uploads\/2020\/02\/pennellessa-manetti_MG_3908-cmyk.png","datePublished":"2020-02-03T09:26:22+00:00","dateModified":"2026-04-22T09:04:29+00:00","description":"Dieser Pinsel aus sehr weichem nat\u00fcrlichem Vaio-Haar erm\u00f6glicht ein korrektes Auftragen der Mixtion, ohne dabei Spuren des Pinselstrichs auf der zu dekorierenden Oberfl\u00e4che zu hinterlassen","inLanguage":"de","potentialAction":[{"@type":"ReadAction","target":["https:\/\/www.manetti.com\/de\/produkt\/shop-glasvergoldungspinsel-glass-gilding\/"]}]},{"@type":"ImageObject","inLanguage":"de","@id":"https:\/\/www.manetti.com\/de\/produkt\/shop-glasvergoldungspinsel-glass-gilding\/#primaryimage","url":"https:\/\/www.manetti.com\/wp-content\/uploads\/2020\/02\/pennellessa-manetti_MG_3908-cmyk.png","contentUrl":"https:\/\/www.manetti.com\/wp-content\/uploads\/2020\/02\/pennellessa-manetti_MG_3908-cmyk.png","width":1200,"height":1200},{"@type":"WebSite","@id":"https:\/\/www.manetti.com\/de\/#website","url":"https:\/\/www.manetti.com\/de\/","name":"Giusto Manetti Battiloro","description":"","publisher":{"@id":"https:\/\/www.manetti.com\/de\/#organization"},"potentialAction":[{"@type":"SearchAction","target":{"@type":"EntryPoint","urlTemplate":"https:\/\/www.manetti.com\/de\/?s={search_term_string}"},"query-input":{"@type":"PropertyValueSpecification","valueRequired":true,"valueName":"search_term_string"}}],"inLanguage":"de"},{"@type":"Organization","@id":"https:\/\/www.manetti.com\/de\/#organization","name":"GIUSTO MANETTI BATTILORO S.P.A.","url":"https:\/\/www.manetti.com\/de\/","logo":{"@type":"ImageObject","inLanguage":"de","@id":"https:\/\/www.manetti.com\/de\/#\/schema\/logo\/image\/","url":"https:\/\/www.manetti.com\/wp-content\/uploads\/2025\/02\/giusto-manetti-blu_300-02.png","contentUrl":"https:\/\/www.manetti.com\/wp-content\/uploads\/2025\/02\/giusto-manetti-blu_300-02.png","width":1123,"height":1093,"caption":"GIUSTO MANETTI BATTILORO S.P.A."},"image":{"@id":"https:\/\/www.manetti.com\/de\/#\/schema\/logo\/image\/"},"sameAs":["https:\/\/www.facebook.com\/giustomanettibattiloro","https:\/\/www.instagram.com\/giustomanettibattiloro\/","https:\/\/www.linkedin.com\/company\/giusto-manetti-battiloro-s-p-a-\/","https:\/\/www.youtube.com\/user\/ManettiBattiloro"]}]}},"_links":{"self":[{"href":"https:\/\/www.manetti.com\/de\/wp-json\/wp\/v2\/product\/47174","targetHints":{"allow":["GET"]}}],"collection":[{"href":"https:\/\/www.manetti.com\/de\/wp-json\/wp\/v2\/product"}],"about":[{"href":"https:\/\/www.manetti.com\/de\/wp-json\/wp\/v2\/types\/product"}],"wp:featuredmedia":[{"embeddable":true,"href":"https:\/\/www.manetti.com\/de\/wp-json\/wp\/v2\/media\/59096"}],"wp:attachment":[{"href":"https:\/\/www.manetti.com\/de\/wp-json\/wp\/v2\/media?parent=47174"}],"wp:term":[{"taxonomy":"product_brand","embeddable":true,"href":"https:\/\/www.manetti.com\/de\/wp-json\/wp\/v2\/product_brand?post=47174"},{"taxonomy":"product_cat","embeddable":true,"href":"https:\/\/www.manetti.com\/de\/wp-json\/wp\/v2\/product_cat?post=47174"},{"taxonomy":"product_tag","embeddable":true,"href":"https:\/\/www.manetti.com\/de\/wp-json\/wp\/v2\/product_tag?post=47174"},{"taxonomy":"product_area","embeddable":true,"href":"https:\/\/www.manetti.com\/de\/wp-json\/wp\/v2\/product_area?post=47174"},{"taxonomy":"catalog_category","embeddable":true,"href":"https:\/\/www.manetti.com\/de\/wp-json\/wp\/v2\/catalog_category?post=47174"}],"curies":[{"name":"wp","href":"https:\/\/api.w.org\/{rel}","templated":true}]}}