{"id":47361,"date":"2023-09-14T12:11:54","date_gmt":"2021-02-05T11:11:54","guid":{"rendered":"https:\/\/www.manetti.com\/prodotto\/foglia-imitazione-in-astuccio\/"},"modified":"2024-03-28T11:22:35","modified_gmt":"2024-03-28T10:22:35","slug":"shop-blattimitat-in-packung-2","status":"publish","type":"product","link":"https:\/\/www.manetti.com\/de\/produkt\/shop-blattimitat-in-packung-2\/","title":{"rendered":"Schlagmetall 14 x 14 cm linie bildende kunst"},"content":{"rendered":"<p>14 x 14 cm gro\u00dfe Blattimitate, verpackt in einem einzigen Umschlag mit 25 Bl\u00e4ttern, in Decalcomanie-Form erh\u00e4ltlich. Auf der Au\u00dfenverpackung ist der jeweilige Barcode und die Farbe des darin enthaltenen Blattes abgebildet. Alle Verpackungen werden sorgf\u00e4ltig versiegelt, um das Blatt vor Oxidation zu sch\u00fctzen.<\/p>\n","protected":false},"excerpt":{"rendered":"<p>Die Bl\u00e4tter aus Gold-, Aluminium- und Kupferimitat sind in Einzelpackungen verpackt und werden in Schachteln zu 10 St\u00fcck verkauft. Die Packungen sind\u00a0 f\u00fcr Brosch\u00fcren mit 25 Bl\u00e4ttern im Format 14 x 14 cm erh\u00e4ltlich, in der St\u00e4rke M (Medium). [&#8230;]<\/p>\n<p><a class=\"btn btn-secondary understrap-read-more-link\" href=\"https:\/\/www.manetti.com\/de\/produkt\/shop-blattimitat-in-packung-2\/\">Weiterlesen&#8230;<\/a><\/p>\n","protected":false},"featured_media":81226,"template":"","meta":{"_acf_changed":false},"product_brand":[],"product_cat":[467],"product_tag":[],"product_area":[],"catalog_category":[],"class_list":{"0":"post-47361","1":"product","2":"type-product","3":"status-publish","4":"has-post-thumbnail","6":"product_cat-bildende-kunst","8":"first","9":"instock","10":"shipping-taxable","11":"purchasable","12":"product-type-variable"},"acf":[],"yoast_head":"<!-- This site is optimized with the Yoast SEO plugin v26.5 - https:\/\/yoast.com\/wordpress\/plugins\/seo\/ -->\n<title>Blattgold-, Silber-, Aluminium-, Kupferimitat in Einzelpackungen<\/title>\n<meta name=\"description\" content=\"14 x 14 cm gro\u00dfe Blattimitate, verpackt in einem einzigen Umschlag mit 25 Bl\u00e4ttern, in Decalcomanie-Form erh\u00e4ltlich.\" \/>\n<meta name=\"robots\" content=\"index, follow, max-snippet:-1, max-image-preview:large, max-video-preview:-1\" \/>\n<link rel=\"canonical\" href=\"https:\/\/www.manetti.com\/de\/produkt\/shop-blattimitat-in-packung-2\/\" \/>\n<meta property=\"og:locale\" content=\"de_DE\" \/>\n<meta property=\"og:type\" content=\"article\" \/>\n<meta property=\"og:title\" content=\"Blattgold-, Silber-, Aluminium-, Kupferimitat in Einzelpackungen\" \/>\n<meta property=\"og:description\" content=\"14 x 14 cm gro\u00dfe Blattimitate, verpackt in einem einzigen Umschlag mit 25 Bl\u00e4ttern, in Decalcomanie-Form erh\u00e4ltlich.\" \/>\n<meta property=\"og:url\" content=\"https:\/\/www.manetti.com\/de\/produkt\/shop-blattimitat-in-packung-2\/\" \/>\n<meta property=\"og:site_name\" content=\"Giusto Manetti Battiloro\" \/>\n<meta property=\"article:publisher\" content=\"https:\/\/www.facebook.com\/giustomanettibattiloro\" \/>\n<meta property=\"article:modified_time\" content=\"2024-03-28T10:22:35+00:00\" \/>\n<meta property=\"og:image\" content=\"https:\/\/www.manetti.com\/wp-content\/uploads\/2021\/02\/imitazione-astuccio-2.png\" \/>\n\t<meta property=\"og:image:width\" content=\"200\" \/>\n\t<meta property=\"og:image:height\" content=\"200\" \/>\n\t<meta property=\"og:image:type\" content=\"image\/png\" \/>\n<meta name=\"twitter:card\" content=\"summary_large_image\" \/>\n<meta name=\"twitter:label1\" content=\"Gesch\u00e4tzte Lesezeit\" \/>\n\t<meta name=\"twitter:data1\" content=\"1\u00a0Minute\" \/>\n<script type=\"application\/ld+json\" class=\"yoast-schema-graph\">{\"@context\":\"https:\/\/schema.org\",\"@graph\":[{\"@type\":\"WebPage\",\"@id\":\"https:\/\/www.manetti.com\/de\/produkt\/shop-blattimitat-in-packung-2\/\",\"url\":\"https:\/\/www.manetti.com\/de\/produkt\/shop-blattimitat-in-packung-2\/\",\"name\":\"Blattgold-, Silber-, Aluminium-, Kupferimitat in Einzelpackungen\",\"isPartOf\":{\"@id\":\"https:\/\/www.manetti.com\/de\/#website\"},\"primaryImageOfPage\":{\"@id\":\"https:\/\/www.manetti.com\/de\/produkt\/shop-blattimitat-in-packung-2\/#primaryimage\"},\"image\":{\"@id\":\"https:\/\/www.manetti.com\/de\/produkt\/shop-blattimitat-in-packung-2\/#primaryimage\"},\"thumbnailUrl\":\"https:\/\/www.manetti.com\/wp-content\/uploads\/2024\/01\/25_libera-2025-BLISTERLIBRETTO_web.png\",\"datePublished\":\"2021-02-05T11:11:54+00:00\",\"dateModified\":\"2024-03-28T10:22:35+00:00\",\"description\":\"14 x 14 cm gro\u00dfe Blattimitate, verpackt in einem einzigen Umschlag mit 25 Bl\u00e4ttern, in Decalcomanie-Form erh\u00e4ltlich.\",\"inLanguage\":\"de\",\"potentialAction\":[{\"@type\":\"ReadAction\",\"target\":[\"https:\/\/www.manetti.com\/de\/produkt\/shop-blattimitat-in-packung-2\/\"]}]},{\"@type\":\"ImageObject\",\"inLanguage\":\"de\",\"@id\":\"https:\/\/www.manetti.com\/de\/produkt\/shop-blattimitat-in-packung-2\/#primaryimage\",\"url\":\"https:\/\/www.manetti.com\/wp-content\/uploads\/2024\/01\/25_libera-2025-BLISTERLIBRETTO_web.png\",\"contentUrl\":\"https:\/\/www.manetti.com\/wp-content\/uploads\/2024\/01\/25_libera-2025-BLISTERLIBRETTO_web.png\",\"width\":1200,\"height\":1200},{\"@type\":\"WebSite\",\"@id\":\"https:\/\/www.manetti.com\/de\/#website\",\"url\":\"https:\/\/www.manetti.com\/de\/\",\"name\":\"Giusto Manetti Battiloro\",\"description\":\"\",\"publisher\":{\"@id\":\"https:\/\/www.manetti.com\/de\/#organization\"},\"potentialAction\":[{\"@type\":\"SearchAction\",\"target\":{\"@type\":\"EntryPoint\",\"urlTemplate\":\"https:\/\/www.manetti.com\/de\/?s={search_term_string}\"},\"query-input\":{\"@type\":\"PropertyValueSpecification\",\"valueRequired\":true,\"valueName\":\"search_term_string\"}}],\"inLanguage\":\"de\"},{\"@type\":\"Organization\",\"@id\":\"https:\/\/www.manetti.com\/de\/#organization\",\"name\":\"GIUSTO MANETTI BATTILORO S.P.A.\",\"url\":\"https:\/\/www.manetti.com\/de\/\",\"logo\":{\"@type\":\"ImageObject\",\"inLanguage\":\"de\",\"@id\":\"https:\/\/www.manetti.com\/de\/#\/schema\/logo\/image\/\",\"url\":\"https:\/\/www.manetti.com\/wp-content\/uploads\/2025\/02\/giusto-manetti-blu_300-02.png\",\"contentUrl\":\"https:\/\/www.manetti.com\/wp-content\/uploads\/2025\/02\/giusto-manetti-blu_300-02.png\",\"width\":1123,\"height\":1093,\"caption\":\"GIUSTO MANETTI BATTILORO S.P.A.\"},\"image\":{\"@id\":\"https:\/\/www.manetti.com\/de\/#\/schema\/logo\/image\/\"},\"sameAs\":[\"https:\/\/www.facebook.com\/giustomanettibattiloro\",\"https:\/\/www.instagram.com\/giustomanettibattiloro\/\",\"https:\/\/www.linkedin.com\/company\/giusto-manetti-battiloro-s-p-a-\/\",\"https:\/\/www.youtube.com\/user\/ManettiBattiloro\"]}]}<\/script>\n<!-- \/ Yoast SEO plugin. -->","yoast_head_json":{"title":"Blattgold-, Silber-, Aluminium-, Kupferimitat in Einzelpackungen","description":"14 x 14 cm gro\u00dfe Blattimitate, verpackt in einem einzigen Umschlag mit 25 Bl\u00e4ttern, in Decalcomanie-Form erh\u00e4ltlich.","robots":{"index":"index","follow":"follow","max-snippet":"max-snippet:-1","max-image-preview":"max-image-preview:large","max-video-preview":"max-video-preview:-1"},"canonical":"https:\/\/www.manetti.com\/de\/produkt\/shop-blattimitat-in-packung-2\/","og_locale":"de_DE","og_type":"article","og_title":"Blattgold-, Silber-, Aluminium-, Kupferimitat in Einzelpackungen","og_description":"14 x 14 cm gro\u00dfe Blattimitate, verpackt in einem einzigen Umschlag mit 25 Bl\u00e4ttern, in Decalcomanie-Form erh\u00e4ltlich.","og_url":"https:\/\/www.manetti.com\/de\/produkt\/shop-blattimitat-in-packung-2\/","og_site_name":"Giusto Manetti Battiloro","article_publisher":"https:\/\/www.facebook.com\/giustomanettibattiloro","article_modified_time":"2024-03-28T10:22:35+00:00","og_image":[{"width":200,"height":200,"url":"https:\/\/www.manetti.com\/wp-content\/uploads\/2021\/02\/imitazione-astuccio-2.png","type":"image\/png"}],"twitter_card":"summary_large_image","twitter_misc":{"Gesch\u00e4tzte Lesezeit":"1\u00a0Minute"},"schema":{"@context":"https:\/\/schema.org","@graph":[{"@type":"WebPage","@id":"https:\/\/www.manetti.com\/de\/produkt\/shop-blattimitat-in-packung-2\/","url":"https:\/\/www.manetti.com\/de\/produkt\/shop-blattimitat-in-packung-2\/","name":"Blattgold-, Silber-, Aluminium-, Kupferimitat in Einzelpackungen","isPartOf":{"@id":"https:\/\/www.manetti.com\/de\/#website"},"primaryImageOfPage":{"@id":"https:\/\/www.manetti.com\/de\/produkt\/shop-blattimitat-in-packung-2\/#primaryimage"},"image":{"@id":"https:\/\/www.manetti.com\/de\/produkt\/shop-blattimitat-in-packung-2\/#primaryimage"},"thumbnailUrl":"https:\/\/www.manetti.com\/wp-content\/uploads\/2024\/01\/25_libera-2025-BLISTERLIBRETTO_web.png","datePublished":"2021-02-05T11:11:54+00:00","dateModified":"2024-03-28T10:22:35+00:00","description":"14 x 14 cm gro\u00dfe Blattimitate, verpackt in einem einzigen Umschlag mit 25 Bl\u00e4ttern, in Decalcomanie-Form erh\u00e4ltlich.","inLanguage":"de","potentialAction":[{"@type":"ReadAction","target":["https:\/\/www.manetti.com\/de\/produkt\/shop-blattimitat-in-packung-2\/"]}]},{"@type":"ImageObject","inLanguage":"de","@id":"https:\/\/www.manetti.com\/de\/produkt\/shop-blattimitat-in-packung-2\/#primaryimage","url":"https:\/\/www.manetti.com\/wp-content\/uploads\/2024\/01\/25_libera-2025-BLISTERLIBRETTO_web.png","contentUrl":"https:\/\/www.manetti.com\/wp-content\/uploads\/2024\/01\/25_libera-2025-BLISTERLIBRETTO_web.png","width":1200,"height":1200},{"@type":"WebSite","@id":"https:\/\/www.manetti.com\/de\/#website","url":"https:\/\/www.manetti.com\/de\/","name":"Giusto Manetti Battiloro","description":"","publisher":{"@id":"https:\/\/www.manetti.com\/de\/#organization"},"potentialAction":[{"@type":"SearchAction","target":{"@type":"EntryPoint","urlTemplate":"https:\/\/www.manetti.com\/de\/?s={search_term_string}"},"query-input":{"@type":"PropertyValueSpecification","valueRequired":true,"valueName":"search_term_string"}}],"inLanguage":"de"},{"@type":"Organization","@id":"https:\/\/www.manetti.com\/de\/#organization","name":"GIUSTO MANETTI BATTILORO S.P.A.","url":"https:\/\/www.manetti.com\/de\/","logo":{"@type":"ImageObject","inLanguage":"de","@id":"https:\/\/www.manetti.com\/de\/#\/schema\/logo\/image\/","url":"https:\/\/www.manetti.com\/wp-content\/uploads\/2025\/02\/giusto-manetti-blu_300-02.png","contentUrl":"https:\/\/www.manetti.com\/wp-content\/uploads\/2025\/02\/giusto-manetti-blu_300-02.png","width":1123,"height":1093,"caption":"GIUSTO MANETTI BATTILORO S.P.A."},"image":{"@id":"https:\/\/www.manetti.com\/de\/#\/schema\/logo\/image\/"},"sameAs":["https:\/\/www.facebook.com\/giustomanettibattiloro","https:\/\/www.instagram.com\/giustomanettibattiloro\/","https:\/\/www.linkedin.com\/company\/giusto-manetti-battiloro-s-p-a-\/","https:\/\/www.youtube.com\/user\/ManettiBattiloro"]}]}},"_links":{"self":[{"href":"https:\/\/www.manetti.com\/de\/wp-json\/wp\/v2\/product\/47361","targetHints":{"allow":["GET"]}}],"collection":[{"href":"https:\/\/www.manetti.com\/de\/wp-json\/wp\/v2\/product"}],"about":[{"href":"https:\/\/www.manetti.com\/de\/wp-json\/wp\/v2\/types\/product"}],"wp:featuredmedia":[{"embeddable":true,"href":"https:\/\/www.manetti.com\/de\/wp-json\/wp\/v2\/media\/81226"}],"wp:attachment":[{"href":"https:\/\/www.manetti.com\/de\/wp-json\/wp\/v2\/media?parent=47361"}],"wp:term":[{"taxonomy":"product_brand","embeddable":true,"href":"https:\/\/www.manetti.com\/de\/wp-json\/wp\/v2\/product_brand?post=47361"},{"taxonomy":"product_cat","embeddable":true,"href":"https:\/\/www.manetti.com\/de\/wp-json\/wp\/v2\/product_cat?post=47361"},{"taxonomy":"product_tag","embeddable":true,"href":"https:\/\/www.manetti.com\/de\/wp-json\/wp\/v2\/product_tag?post=47361"},{"taxonomy":"product_area","embeddable":true,"href":"https:\/\/www.manetti.com\/de\/wp-json\/wp\/v2\/product_area?post=47361"},{"taxonomy":"catalog_category","embeddable":true,"href":"https:\/\/www.manetti.com\/de\/wp-json\/wp\/v2\/catalog_category?post=47361"}],"curies":[{"name":"wp","href":"https:\/\/api.w.org\/{rel}","templated":true}]}}