{"id":47394,"date":"2020-01-31T11:35:21","date_gmt":"2020-01-31T10:35:21","guid":{"rendered":"https:\/\/www.manetti.com\/prodotto\/foglia-platino-in-libretto\/"},"modified":"2024-04-23T14:55:56","modified_gmt":"2024-04-23T12:55:56","slug":"blattplatin-in-heft","status":"publish","type":"product","link":"https:\/\/www.manetti.com\/de\/produkt\/blattplatin-in-heft\/","title":{"rendered":"Blattplatin in Heft"},"content":{"rendered":"<p>Freies Blattplatin, die in einer Vielzahl von Gr\u00f6\u00dfen und St\u00e4rken erh\u00e4ltlich ist, wird im Mixtionverfahren aufgebracht, in der Regel auf Oberfl\u00e4chen, die nicht perfekt eben sind. Das Abziehbild-Blattplatin, erh\u00e4ltlich in der Gr\u00f6\u00dfe 80 x 80 mm, ist auf einem Seidenpapier aufgebracht, das das Anbringen und Auftragen bei der Dekoration von flachen Oberfl\u00e4chen erleichtert und beschleunigt. Das Blatt wird nur auf das Seidenpapier gepresst, ohne dass es geklebt wird. Es wird empfohlen, das Blatt ausschlie\u00dflich mit der Mixtionstechnik anzuwenden. Das Blattplatin, ob frei oder mit Abziehbild, ist in Heften zu je 25 Bl\u00e4ttern verpackt.<\/p>\n","protected":false},"excerpt":{"rendered":"<p>Das Blattplatin auf der Rolle eignet sich perfekt f\u00fcr die schnelle und pr\u00e4zise Dekoration gro\u00dfer, flacher Oberfl\u00e4chen und l\u00e4sst sich leicht auf die f\u00fcr jede Anwendung ben\u00f6tigte Gr\u00f6\u00dfe zuschneiden. [&#8230;]<\/p>\n<p><a class=\"btn btn-secondary understrap-read-more-link\" href=\"https:\/\/www.manetti.com\/de\/produkt\/blattplatin-in-heft\/\">Weiterlesen&#8230;<\/a><\/p>\n","protected":false},"featured_media":47396,"template":"","meta":{"_acf_changed":false},"product_brand":[],"product_cat":[356],"product_tag":[362],"product_area":[],"catalog_category":[795,970],"class_list":{"0":"post-47394","1":"product","2":"type-product","3":"status-publish","4":"has-post-thumbnail","6":"product_cat-blattplatin","7":"product_tag-foglia-in-libretto-de","8":"catalog_category-vergoldung-und-restaurierung","9":"catalog_category-vergoldung-und-restaurierung-blattgold-und-andere-metalle","11":"first","12":"instock","13":"shipping-taxable","14":"purchasable","15":"product-type-variable"},"acf":[],"yoast_head":"<!-- This site is optimized with the Yoast SEO plugin v26.5 - https:\/\/yoast.com\/wordpress\/plugins\/seo\/ -->\n<title>Blattplatin in Heft, \u00d6ltechnik - Goldschl\u00e4ger Manetti<\/title>\n<meta name=\"description\" content=\"Das Blattplatin in Heft wird ausschlie\u00dflich im Missionsverfahren aufgebracht und ist in Heften mit je 25 Bl\u00e4ttern verpackt.\" \/>\n<meta name=\"robots\" content=\"index, follow, max-snippet:-1, max-image-preview:large, max-video-preview:-1\" \/>\n<link rel=\"canonical\" href=\"https:\/\/www.manetti.com\/de\/produkt\/blattplatin-in-heft\/\" \/>\n<meta property=\"og:locale\" content=\"de_DE\" \/>\n<meta property=\"og:type\" content=\"article\" \/>\n<meta property=\"og:title\" content=\"Blattplatin in Heft, \u00d6ltechnik - Goldschl\u00e4ger Manetti\" \/>\n<meta property=\"og:description\" content=\"Das Blattplatin in Heft wird ausschlie\u00dflich im Missionsverfahren aufgebracht und ist in Heften mit je 25 Bl\u00e4ttern verpackt.\" \/>\n<meta property=\"og:url\" content=\"https:\/\/www.manetti.com\/de\/produkt\/blattplatin-in-heft\/\" \/>\n<meta property=\"og:site_name\" content=\"Giusto Manetti Battiloro\" \/>\n<meta property=\"article:publisher\" content=\"https:\/\/www.facebook.com\/giustomanettibattiloro\" \/>\n<meta property=\"article:modified_time\" content=\"2024-04-23T12:55:56+00:00\" \/>\n<meta property=\"og:image\" content=\"https:\/\/www.manetti.com\/wp-content\/uploads\/2020\/01\/libretto_platino.png\" \/>\n\t<meta property=\"og:image:width\" content=\"200\" \/>\n\t<meta property=\"og:image:height\" content=\"200\" \/>\n\t<meta property=\"og:image:type\" content=\"image\/png\" \/>\n<meta name=\"twitter:card\" content=\"summary_large_image\" \/>\n<meta name=\"twitter:label1\" content=\"Gesch\u00e4tzte Lesezeit\" \/>\n\t<meta name=\"twitter:data1\" content=\"1\u00a0Minute\" \/>\n<script type=\"application\/ld+json\" class=\"yoast-schema-graph\">{\"@context\":\"https:\/\/schema.org\",\"@graph\":[{\"@type\":\"WebPage\",\"@id\":\"https:\/\/www.manetti.com\/de\/produkt\/blattplatin-in-heft\/\",\"url\":\"https:\/\/www.manetti.com\/de\/produkt\/blattplatin-in-heft\/\",\"name\":\"Blattplatin in Heft, \u00d6ltechnik - Goldschl\u00e4ger Manetti\",\"isPartOf\":{\"@id\":\"https:\/\/www.manetti.com\/de\/#website\"},\"primaryImageOfPage\":{\"@id\":\"https:\/\/www.manetti.com\/de\/produkt\/blattplatin-in-heft\/#primaryimage\"},\"image\":{\"@id\":\"https:\/\/www.manetti.com\/de\/produkt\/blattplatin-in-heft\/#primaryimage\"},\"thumbnailUrl\":\"https:\/\/www.manetti.com\/wp-content\/uploads\/2020\/01\/libretto_platino.png\",\"datePublished\":\"2020-01-31T10:35:21+00:00\",\"dateModified\":\"2024-04-23T12:55:56+00:00\",\"description\":\"Das Blattplatin in Heft wird ausschlie\u00dflich im Missionsverfahren aufgebracht und ist in Heften mit je 25 Bl\u00e4ttern verpackt.\",\"inLanguage\":\"de\",\"potentialAction\":[{\"@type\":\"ReadAction\",\"target\":[\"https:\/\/www.manetti.com\/de\/produkt\/blattplatin-in-heft\/\"]}]},{\"@type\":\"ImageObject\",\"inLanguage\":\"de\",\"@id\":\"https:\/\/www.manetti.com\/de\/produkt\/blattplatin-in-heft\/#primaryimage\",\"url\":\"https:\/\/www.manetti.com\/wp-content\/uploads\/2020\/01\/libretto_platino.png\",\"contentUrl\":\"https:\/\/www.manetti.com\/wp-content\/uploads\/2020\/01\/libretto_platino.png\",\"width\":200,\"height\":200},{\"@type\":\"WebSite\",\"@id\":\"https:\/\/www.manetti.com\/de\/#website\",\"url\":\"https:\/\/www.manetti.com\/de\/\",\"name\":\"Giusto Manetti Battiloro\",\"description\":\"\",\"publisher\":{\"@id\":\"https:\/\/www.manetti.com\/de\/#organization\"},\"potentialAction\":[{\"@type\":\"SearchAction\",\"target\":{\"@type\":\"EntryPoint\",\"urlTemplate\":\"https:\/\/www.manetti.com\/de\/?s={search_term_string}\"},\"query-input\":{\"@type\":\"PropertyValueSpecification\",\"valueRequired\":true,\"valueName\":\"search_term_string\"}}],\"inLanguage\":\"de\"},{\"@type\":\"Organization\",\"@id\":\"https:\/\/www.manetti.com\/de\/#organization\",\"name\":\"GIUSTO MANETTI BATTILORO S.P.A.\",\"url\":\"https:\/\/www.manetti.com\/de\/\",\"logo\":{\"@type\":\"ImageObject\",\"inLanguage\":\"de\",\"@id\":\"https:\/\/www.manetti.com\/de\/#\/schema\/logo\/image\/\",\"url\":\"https:\/\/www.manetti.com\/wp-content\/uploads\/2025\/02\/giusto-manetti-blu_300-02.png\",\"contentUrl\":\"https:\/\/www.manetti.com\/wp-content\/uploads\/2025\/02\/giusto-manetti-blu_300-02.png\",\"width\":1123,\"height\":1093,\"caption\":\"GIUSTO MANETTI BATTILORO S.P.A.\"},\"image\":{\"@id\":\"https:\/\/www.manetti.com\/de\/#\/schema\/logo\/image\/\"},\"sameAs\":[\"https:\/\/www.facebook.com\/giustomanettibattiloro\",\"https:\/\/www.instagram.com\/giustomanettibattiloro\/\",\"https:\/\/www.linkedin.com\/company\/giusto-manetti-battiloro-s-p-a-\/\",\"https:\/\/www.youtube.com\/user\/ManettiBattiloro\"]}]}<\/script>\n<!-- \/ Yoast SEO plugin. -->","yoast_head_json":{"title":"Blattplatin in Heft, \u00d6ltechnik - Goldschl\u00e4ger Manetti","description":"Das Blattplatin in Heft wird ausschlie\u00dflich im Missionsverfahren aufgebracht und ist in Heften mit je 25 Bl\u00e4ttern verpackt.","robots":{"index":"index","follow":"follow","max-snippet":"max-snippet:-1","max-image-preview":"max-image-preview:large","max-video-preview":"max-video-preview:-1"},"canonical":"https:\/\/www.manetti.com\/de\/produkt\/blattplatin-in-heft\/","og_locale":"de_DE","og_type":"article","og_title":"Blattplatin in Heft, \u00d6ltechnik - Goldschl\u00e4ger Manetti","og_description":"Das Blattplatin in Heft wird ausschlie\u00dflich im Missionsverfahren aufgebracht und ist in Heften mit je 25 Bl\u00e4ttern verpackt.","og_url":"https:\/\/www.manetti.com\/de\/produkt\/blattplatin-in-heft\/","og_site_name":"Giusto Manetti Battiloro","article_publisher":"https:\/\/www.facebook.com\/giustomanettibattiloro","article_modified_time":"2024-04-23T12:55:56+00:00","og_image":[{"width":200,"height":200,"url":"https:\/\/www.manetti.com\/wp-content\/uploads\/2020\/01\/libretto_platino.png","type":"image\/png"}],"twitter_card":"summary_large_image","twitter_misc":{"Gesch\u00e4tzte Lesezeit":"1\u00a0Minute"},"schema":{"@context":"https:\/\/schema.org","@graph":[{"@type":"WebPage","@id":"https:\/\/www.manetti.com\/de\/produkt\/blattplatin-in-heft\/","url":"https:\/\/www.manetti.com\/de\/produkt\/blattplatin-in-heft\/","name":"Blattplatin in Heft, \u00d6ltechnik - Goldschl\u00e4ger Manetti","isPartOf":{"@id":"https:\/\/www.manetti.com\/de\/#website"},"primaryImageOfPage":{"@id":"https:\/\/www.manetti.com\/de\/produkt\/blattplatin-in-heft\/#primaryimage"},"image":{"@id":"https:\/\/www.manetti.com\/de\/produkt\/blattplatin-in-heft\/#primaryimage"},"thumbnailUrl":"https:\/\/www.manetti.com\/wp-content\/uploads\/2020\/01\/libretto_platino.png","datePublished":"2020-01-31T10:35:21+00:00","dateModified":"2024-04-23T12:55:56+00:00","description":"Das Blattplatin in Heft wird ausschlie\u00dflich im Missionsverfahren aufgebracht und ist in Heften mit je 25 Bl\u00e4ttern verpackt.","inLanguage":"de","potentialAction":[{"@type":"ReadAction","target":["https:\/\/www.manetti.com\/de\/produkt\/blattplatin-in-heft\/"]}]},{"@type":"ImageObject","inLanguage":"de","@id":"https:\/\/www.manetti.com\/de\/produkt\/blattplatin-in-heft\/#primaryimage","url":"https:\/\/www.manetti.com\/wp-content\/uploads\/2020\/01\/libretto_platino.png","contentUrl":"https:\/\/www.manetti.com\/wp-content\/uploads\/2020\/01\/libretto_platino.png","width":200,"height":200},{"@type":"WebSite","@id":"https:\/\/www.manetti.com\/de\/#website","url":"https:\/\/www.manetti.com\/de\/","name":"Giusto Manetti Battiloro","description":"","publisher":{"@id":"https:\/\/www.manetti.com\/de\/#organization"},"potentialAction":[{"@type":"SearchAction","target":{"@type":"EntryPoint","urlTemplate":"https:\/\/www.manetti.com\/de\/?s={search_term_string}"},"query-input":{"@type":"PropertyValueSpecification","valueRequired":true,"valueName":"search_term_string"}}],"inLanguage":"de"},{"@type":"Organization","@id":"https:\/\/www.manetti.com\/de\/#organization","name":"GIUSTO MANETTI BATTILORO S.P.A.","url":"https:\/\/www.manetti.com\/de\/","logo":{"@type":"ImageObject","inLanguage":"de","@id":"https:\/\/www.manetti.com\/de\/#\/schema\/logo\/image\/","url":"https:\/\/www.manetti.com\/wp-content\/uploads\/2025\/02\/giusto-manetti-blu_300-02.png","contentUrl":"https:\/\/www.manetti.com\/wp-content\/uploads\/2025\/02\/giusto-manetti-blu_300-02.png","width":1123,"height":1093,"caption":"GIUSTO MANETTI BATTILORO S.P.A."},"image":{"@id":"https:\/\/www.manetti.com\/de\/#\/schema\/logo\/image\/"},"sameAs":["https:\/\/www.facebook.com\/giustomanettibattiloro","https:\/\/www.instagram.com\/giustomanettibattiloro\/","https:\/\/www.linkedin.com\/company\/giusto-manetti-battiloro-s-p-a-\/","https:\/\/www.youtube.com\/user\/ManettiBattiloro"]}]}},"_links":{"self":[{"href":"https:\/\/www.manetti.com\/de\/wp-json\/wp\/v2\/product\/47394","targetHints":{"allow":["GET"]}}],"collection":[{"href":"https:\/\/www.manetti.com\/de\/wp-json\/wp\/v2\/product"}],"about":[{"href":"https:\/\/www.manetti.com\/de\/wp-json\/wp\/v2\/types\/product"}],"wp:featuredmedia":[{"embeddable":true,"href":"https:\/\/www.manetti.com\/de\/wp-json\/wp\/v2\/media\/47396"}],"wp:attachment":[{"href":"https:\/\/www.manetti.com\/de\/wp-json\/wp\/v2\/media?parent=47394"}],"wp:term":[{"taxonomy":"product_brand","embeddable":true,"href":"https:\/\/www.manetti.com\/de\/wp-json\/wp\/v2\/product_brand?post=47394"},{"taxonomy":"product_cat","embeddable":true,"href":"https:\/\/www.manetti.com\/de\/wp-json\/wp\/v2\/product_cat?post=47394"},{"taxonomy":"product_tag","embeddable":true,"href":"https:\/\/www.manetti.com\/de\/wp-json\/wp\/v2\/product_tag?post=47394"},{"taxonomy":"product_area","embeddable":true,"href":"https:\/\/www.manetti.com\/de\/wp-json\/wp\/v2\/product_area?post=47394"},{"taxonomy":"catalog_category","embeddable":true,"href":"https:\/\/www.manetti.com\/de\/wp-json\/wp\/v2\/catalog_category?post=47394"}],"curies":[{"name":"wp","href":"https:\/\/api.w.org\/{rel}","templated":true}]}}