{"id":47398,"date":"2020-01-31T10:53:30","date_gmt":"2020-01-31T09:53:30","guid":{"rendered":"https:\/\/www.manetti.com\/prodotto\/foglia-platino-in-rotolo\/"},"modified":"2025-04-08T14:49:58","modified_gmt":"2025-04-08T12:49:58","slug":"blattplatin-in-rolle","status":"publish","type":"product","link":"https:\/\/www.manetti.com\/de\/produkt\/blattplatin-in-rolle\/","title":{"rendered":"Blattplatin in Rolle"},"content":{"rendered":"<p>Das Blattplatin in Rolle erm\u00f6glicht eine schnelle und pr\u00e4zise Dekoration von gro\u00dfen, flachen Oberfl\u00e4chen. Die einzelnen Bl\u00e4tter werden von Hand auf eine 80 mm hohe und 20,5 Meter lange Rolle Seidenpapier aufgebracht. W\u00e4hrend der Anwendung kann die Rolle mit einer normalen Schere auf die richtige L\u00e4nge geschnitten werden. Achten Sie dabei besonders darauf, dass Sie an der Verbindungsstelle zweier Bl\u00e4tter schneiden. Auf Wunsch kann die Rolle ab einer Mindesth\u00f6he von 10 mm mit einer festen L\u00e4nge von 20,5 Metern geliefert werden.<\/p>\n","protected":false},"excerpt":{"rendered":"<p>Das Blattplatin auf der Rolle eignet sich perfekt f\u00fcr die schnelle und pr\u00e4zise Dekoration gro\u00dfer, flacher Oberfl\u00e4chen und l\u00e4sst sich leicht auf die f\u00fcr jede Anwendung ben\u00f6tigte Gr\u00f6\u00dfe zuschneiden. [&#8230;]<\/p>\n<p><a class=\"btn btn-secondary understrap-read-more-link\" href=\"https:\/\/www.manetti.com\/de\/produkt\/blattplatin-in-rolle\/\">Weiterlesen&#8230;<\/a><\/p>\n","protected":false},"featured_media":47400,"template":"","meta":{"_acf_changed":false},"product_brand":[],"product_cat":[356],"product_tag":[352],"product_area":[],"catalog_category":[807,962],"class_list":{"0":"post-47398","1":"product","2":"type-product","3":"status-publish","4":"has-post-thumbnail","6":"product_cat-blattplatin","7":"product_tag-rotolo-de","8":"catalog_category-vergoldung-mit-goldblatt-in-rolle","9":"catalog_category-vergoldung-mit-goldblatt-in-rolle-blattgold-auf-rolle","11":"first","12":"instock","13":"shipping-taxable","14":"purchasable","15":"product-type-variable"},"acf":[],"yoast_head":"<!-- This site is optimized with the Yoast SEO plugin v26.5 - https:\/\/yoast.com\/wordpress\/plugins\/seo\/ -->\n<title>Blattplatin in Rolle - Goldschl\u00e4ger Manetti<\/title>\n<meta name=\"description\" content=\"Der Blattplatin in Rolle erm\u00f6glicht eine schnelle und pr\u00e4zise Dekoration von gro\u00dfen, flachen Oberfl\u00e4chen. Auf Wunsch kann die Rolle auch auf Ma\u00df geschnitten geliefert werden\" \/>\n<meta name=\"robots\" content=\"index, follow, max-snippet:-1, max-image-preview:large, max-video-preview:-1\" \/>\n<link rel=\"canonical\" href=\"https:\/\/www.manetti.com\/de\/produkt\/blattplatin-in-rolle\/\" \/>\n<meta property=\"og:locale\" content=\"de_DE\" \/>\n<meta property=\"og:type\" content=\"article\" \/>\n<meta property=\"og:title\" content=\"Blattplatin in Rolle - Goldschl\u00e4ger Manetti\" \/>\n<meta property=\"og:description\" content=\"Der Blattplatin in Rolle erm\u00f6glicht eine schnelle und pr\u00e4zise Dekoration von gro\u00dfen, flachen Oberfl\u00e4chen. Auf Wunsch kann die Rolle auch auf Ma\u00df geschnitten geliefert werden\" \/>\n<meta property=\"og:url\" content=\"https:\/\/www.manetti.com\/de\/produkt\/blattplatin-in-rolle\/\" \/>\n<meta property=\"og:site_name\" content=\"Giusto Manetti Battiloro\" \/>\n<meta property=\"article:publisher\" content=\"https:\/\/www.facebook.com\/giustomanettibattiloro\" \/>\n<meta property=\"article:modified_time\" content=\"2025-04-08T12:49:58+00:00\" \/>\n<meta property=\"og:image\" content=\"https:\/\/www.manetti.com\/wp-content\/uploads\/2020\/01\/rotolo_platino.png\" \/>\n\t<meta property=\"og:image:width\" content=\"200\" \/>\n\t<meta property=\"og:image:height\" content=\"200\" \/>\n\t<meta property=\"og:image:type\" content=\"image\/png\" \/>\n<meta name=\"twitter:card\" content=\"summary_large_image\" \/>\n<script type=\"application\/ld+json\" class=\"yoast-schema-graph\">{\"@context\":\"https:\/\/schema.org\",\"@graph\":[{\"@type\":\"WebPage\",\"@id\":\"https:\/\/www.manetti.com\/de\/produkt\/blattplatin-in-rolle\/\",\"url\":\"https:\/\/www.manetti.com\/de\/produkt\/blattplatin-in-rolle\/\",\"name\":\"Blattplatin in Rolle - Goldschl\u00e4ger Manetti\",\"isPartOf\":{\"@id\":\"https:\/\/www.manetti.com\/de\/#website\"},\"primaryImageOfPage\":{\"@id\":\"https:\/\/www.manetti.com\/de\/produkt\/blattplatin-in-rolle\/#primaryimage\"},\"image\":{\"@id\":\"https:\/\/www.manetti.com\/de\/produkt\/blattplatin-in-rolle\/#primaryimage\"},\"thumbnailUrl\":\"https:\/\/www.manetti.com\/wp-content\/uploads\/2020\/01\/rotolo_platino.png\",\"datePublished\":\"2020-01-31T09:53:30+00:00\",\"dateModified\":\"2025-04-08T12:49:58+00:00\",\"description\":\"Der Blattplatin in Rolle erm\u00f6glicht eine schnelle und pr\u00e4zise Dekoration von gro\u00dfen, flachen Oberfl\u00e4chen. Auf Wunsch kann die Rolle auch auf Ma\u00df geschnitten geliefert werden\",\"inLanguage\":\"de\",\"potentialAction\":[{\"@type\":\"ReadAction\",\"target\":[\"https:\/\/www.manetti.com\/de\/produkt\/blattplatin-in-rolle\/\"]}]},{\"@type\":\"ImageObject\",\"inLanguage\":\"de\",\"@id\":\"https:\/\/www.manetti.com\/de\/produkt\/blattplatin-in-rolle\/#primaryimage\",\"url\":\"https:\/\/www.manetti.com\/wp-content\/uploads\/2020\/01\/rotolo_platino.png\",\"contentUrl\":\"https:\/\/www.manetti.com\/wp-content\/uploads\/2020\/01\/rotolo_platino.png\",\"width\":200,\"height\":200},{\"@type\":\"WebSite\",\"@id\":\"https:\/\/www.manetti.com\/de\/#website\",\"url\":\"https:\/\/www.manetti.com\/de\/\",\"name\":\"Giusto Manetti Battiloro\",\"description\":\"\",\"publisher\":{\"@id\":\"https:\/\/www.manetti.com\/de\/#organization\"},\"potentialAction\":[{\"@type\":\"SearchAction\",\"target\":{\"@type\":\"EntryPoint\",\"urlTemplate\":\"https:\/\/www.manetti.com\/de\/?s={search_term_string}\"},\"query-input\":{\"@type\":\"PropertyValueSpecification\",\"valueRequired\":true,\"valueName\":\"search_term_string\"}}],\"inLanguage\":\"de\"},{\"@type\":\"Organization\",\"@id\":\"https:\/\/www.manetti.com\/de\/#organization\",\"name\":\"GIUSTO MANETTI BATTILORO S.P.A.\",\"url\":\"https:\/\/www.manetti.com\/de\/\",\"logo\":{\"@type\":\"ImageObject\",\"inLanguage\":\"de\",\"@id\":\"https:\/\/www.manetti.com\/de\/#\/schema\/logo\/image\/\",\"url\":\"https:\/\/www.manetti.com\/wp-content\/uploads\/2025\/02\/giusto-manetti-blu_300-02.png\",\"contentUrl\":\"https:\/\/www.manetti.com\/wp-content\/uploads\/2025\/02\/giusto-manetti-blu_300-02.png\",\"width\":1123,\"height\":1093,\"caption\":\"GIUSTO MANETTI BATTILORO S.P.A.\"},\"image\":{\"@id\":\"https:\/\/www.manetti.com\/de\/#\/schema\/logo\/image\/\"},\"sameAs\":[\"https:\/\/www.facebook.com\/giustomanettibattiloro\",\"https:\/\/www.instagram.com\/giustomanettibattiloro\/\",\"https:\/\/www.linkedin.com\/company\/giusto-manetti-battiloro-s-p-a-\/\",\"https:\/\/www.youtube.com\/user\/ManettiBattiloro\"]}]}<\/script>\n<!-- \/ Yoast SEO plugin. -->","yoast_head_json":{"title":"Blattplatin in Rolle - Goldschl\u00e4ger Manetti","description":"Der Blattplatin in Rolle erm\u00f6glicht eine schnelle und pr\u00e4zise Dekoration von gro\u00dfen, flachen Oberfl\u00e4chen. Auf Wunsch kann die Rolle auch auf Ma\u00df geschnitten geliefert werden","robots":{"index":"index","follow":"follow","max-snippet":"max-snippet:-1","max-image-preview":"max-image-preview:large","max-video-preview":"max-video-preview:-1"},"canonical":"https:\/\/www.manetti.com\/de\/produkt\/blattplatin-in-rolle\/","og_locale":"de_DE","og_type":"article","og_title":"Blattplatin in Rolle - Goldschl\u00e4ger Manetti","og_description":"Der Blattplatin in Rolle erm\u00f6glicht eine schnelle und pr\u00e4zise Dekoration von gro\u00dfen, flachen Oberfl\u00e4chen. Auf Wunsch kann die Rolle auch auf Ma\u00df geschnitten geliefert werden","og_url":"https:\/\/www.manetti.com\/de\/produkt\/blattplatin-in-rolle\/","og_site_name":"Giusto Manetti Battiloro","article_publisher":"https:\/\/www.facebook.com\/giustomanettibattiloro","article_modified_time":"2025-04-08T12:49:58+00:00","og_image":[{"width":200,"height":200,"url":"https:\/\/www.manetti.com\/wp-content\/uploads\/2020\/01\/rotolo_platino.png","type":"image\/png"}],"twitter_card":"summary_large_image","schema":{"@context":"https:\/\/schema.org","@graph":[{"@type":"WebPage","@id":"https:\/\/www.manetti.com\/de\/produkt\/blattplatin-in-rolle\/","url":"https:\/\/www.manetti.com\/de\/produkt\/blattplatin-in-rolle\/","name":"Blattplatin in Rolle - Goldschl\u00e4ger Manetti","isPartOf":{"@id":"https:\/\/www.manetti.com\/de\/#website"},"primaryImageOfPage":{"@id":"https:\/\/www.manetti.com\/de\/produkt\/blattplatin-in-rolle\/#primaryimage"},"image":{"@id":"https:\/\/www.manetti.com\/de\/produkt\/blattplatin-in-rolle\/#primaryimage"},"thumbnailUrl":"https:\/\/www.manetti.com\/wp-content\/uploads\/2020\/01\/rotolo_platino.png","datePublished":"2020-01-31T09:53:30+00:00","dateModified":"2025-04-08T12:49:58+00:00","description":"Der Blattplatin in Rolle erm\u00f6glicht eine schnelle und pr\u00e4zise Dekoration von gro\u00dfen, flachen Oberfl\u00e4chen. Auf Wunsch kann die Rolle auch auf Ma\u00df geschnitten geliefert werden","inLanguage":"de","potentialAction":[{"@type":"ReadAction","target":["https:\/\/www.manetti.com\/de\/produkt\/blattplatin-in-rolle\/"]}]},{"@type":"ImageObject","inLanguage":"de","@id":"https:\/\/www.manetti.com\/de\/produkt\/blattplatin-in-rolle\/#primaryimage","url":"https:\/\/www.manetti.com\/wp-content\/uploads\/2020\/01\/rotolo_platino.png","contentUrl":"https:\/\/www.manetti.com\/wp-content\/uploads\/2020\/01\/rotolo_platino.png","width":200,"height":200},{"@type":"WebSite","@id":"https:\/\/www.manetti.com\/de\/#website","url":"https:\/\/www.manetti.com\/de\/","name":"Giusto Manetti Battiloro","description":"","publisher":{"@id":"https:\/\/www.manetti.com\/de\/#organization"},"potentialAction":[{"@type":"SearchAction","target":{"@type":"EntryPoint","urlTemplate":"https:\/\/www.manetti.com\/de\/?s={search_term_string}"},"query-input":{"@type":"PropertyValueSpecification","valueRequired":true,"valueName":"search_term_string"}}],"inLanguage":"de"},{"@type":"Organization","@id":"https:\/\/www.manetti.com\/de\/#organization","name":"GIUSTO MANETTI BATTILORO S.P.A.","url":"https:\/\/www.manetti.com\/de\/","logo":{"@type":"ImageObject","inLanguage":"de","@id":"https:\/\/www.manetti.com\/de\/#\/schema\/logo\/image\/","url":"https:\/\/www.manetti.com\/wp-content\/uploads\/2025\/02\/giusto-manetti-blu_300-02.png","contentUrl":"https:\/\/www.manetti.com\/wp-content\/uploads\/2025\/02\/giusto-manetti-blu_300-02.png","width":1123,"height":1093,"caption":"GIUSTO MANETTI BATTILORO S.P.A."},"image":{"@id":"https:\/\/www.manetti.com\/de\/#\/schema\/logo\/image\/"},"sameAs":["https:\/\/www.facebook.com\/giustomanettibattiloro","https:\/\/www.instagram.com\/giustomanettibattiloro\/","https:\/\/www.linkedin.com\/company\/giusto-manetti-battiloro-s-p-a-\/","https:\/\/www.youtube.com\/user\/ManettiBattiloro"]}]}},"_links":{"self":[{"href":"https:\/\/www.manetti.com\/de\/wp-json\/wp\/v2\/product\/47398","targetHints":{"allow":["GET"]}}],"collection":[{"href":"https:\/\/www.manetti.com\/de\/wp-json\/wp\/v2\/product"}],"about":[{"href":"https:\/\/www.manetti.com\/de\/wp-json\/wp\/v2\/types\/product"}],"wp:featuredmedia":[{"embeddable":true,"href":"https:\/\/www.manetti.com\/de\/wp-json\/wp\/v2\/media\/47400"}],"wp:attachment":[{"href":"https:\/\/www.manetti.com\/de\/wp-json\/wp\/v2\/media?parent=47398"}],"wp:term":[{"taxonomy":"product_brand","embeddable":true,"href":"https:\/\/www.manetti.com\/de\/wp-json\/wp\/v2\/product_brand?post=47398"},{"taxonomy":"product_cat","embeddable":true,"href":"https:\/\/www.manetti.com\/de\/wp-json\/wp\/v2\/product_cat?post=47398"},{"taxonomy":"product_tag","embeddable":true,"href":"https:\/\/www.manetti.com\/de\/wp-json\/wp\/v2\/product_tag?post=47398"},{"taxonomy":"product_area","embeddable":true,"href":"https:\/\/www.manetti.com\/de\/wp-json\/wp\/v2\/product_area?post=47398"},{"taxonomy":"catalog_category","embeddable":true,"href":"https:\/\/www.manetti.com\/de\/wp-json\/wp\/v2\/catalog_category?post=47398"}],"curies":[{"name":"wp","href":"https:\/\/api.w.org\/{rel}","templated":true}]}}