{"id":47413,"date":"2020-01-31T11:50:03","date_gmt":"2020-01-31T10:50:03","guid":{"rendered":"https:\/\/www.manetti.com\/prodotto\/foglia-palladio-in-rotolo\/"},"modified":"2024-01-15T14:00:15","modified_gmt":"2024-01-15T13:00:15","slug":"palladium-blatt-auf-rolle","status":"publish","type":"product","link":"https:\/\/www.manetti.com\/de\/produkt\/palladium-blatt-auf-rolle\/","title":{"rendered":"Palladium-Blatt auf Rolle"},"content":{"rendered":"<p>Das Palladium-Blatt auf Rolle erm\u00f6glicht eine schnelle und pr\u00e4zise Dekoration von gro\u00dfen, flachen Oberfl\u00e4chen. Die einzelnen Bl\u00e4tter werden von Hand auf eine Rolle Seidenpapier mit einer Standardl\u00e4nge von 20,5 Metern und einer variablen H\u00f6he, je nach H\u00f6he des Blattes, aufgebracht. W\u00e4hrend der Dekoration kann die Rolle mit einer normalen Schere auf die richtige L\u00e4nge geschnitten werden. Achten Sie dabei besonders darauf, dass Sie an der Verbindungsstelle zweier Bl\u00e4tter schneiden. Auf Wunsch kann die Rolle ab einer Mindesth\u00f6he von 10 mm mit einer festen L\u00e4nge von 20,5 Metern geliefert werden.<\/p>\n","protected":false},"excerpt":{"rendered":"<p>Das Palladium-Blatt auf der Rolle eignet sich perfekt f\u00fcr die schnelle und pr\u00e4zise Dekoration gro\u00dfer, flacher Oberfl\u00e4chen und l\u00e4sst sich leicht auf die f\u00fcr jede Anwendung ben\u00f6tigte Gr\u00f6\u00dfe zuschneiden. [&#8230;]<\/p>\n<p><a class=\"btn btn-secondary understrap-read-more-link\" href=\"https:\/\/www.manetti.com\/de\/produkt\/palladium-blatt-auf-rolle\/\">Weiterlesen&#8230;<\/a><\/p>\n","protected":false},"featured_media":47415,"template":"","meta":{"_acf_changed":false},"product_brand":[],"product_cat":[355],"product_tag":[352],"product_area":[],"catalog_category":[807,962],"class_list":{"0":"post-47413","1":"product","2":"type-product","3":"status-publish","4":"has-post-thumbnail","6":"product_cat-palladium-blatt","7":"product_tag-rotolo-de","8":"catalog_category-vergoldung-mit-goldblatt-in-rolle","9":"catalog_category-vergoldung-mit-goldblatt-in-rolle-blattgold-auf-rolle","11":"first","12":"instock","13":"shipping-taxable","14":"purchasable","15":"product-type-variable"},"acf":[],"yoast_head":"<!-- This site is optimized with the Yoast SEO plugin v26.5 - https:\/\/yoast.com\/wordpress\/plugins\/seo\/ -->\n<title>Palladium-Blatt auf Rolle 20,5m - Goldschl\u00e4ger Manetti<\/title>\n<meta name=\"description\" content=\"Der Palladium-Blatt auf Rolle erm\u00f6glicht eine schnelle und pr\u00e4zise Dekoration von gro\u00dfen, flachen Oberfl\u00e4chen. Die einzelnen Bl\u00e4tter werden auf eine Seidenpapierrolle aufgetragen.\" \/>\n<meta name=\"robots\" content=\"index, follow, max-snippet:-1, max-image-preview:large, max-video-preview:-1\" \/>\n<link rel=\"canonical\" href=\"https:\/\/www.manetti.com\/de\/produkt\/palladium-blatt-auf-rolle\/\" \/>\n<meta property=\"og:locale\" content=\"de_DE\" \/>\n<meta property=\"og:type\" content=\"article\" \/>\n<meta property=\"og:title\" content=\"Palladium-Blatt auf Rolle 20,5m - Goldschl\u00e4ger Manetti\" \/>\n<meta property=\"og:description\" content=\"Der Palladium-Blatt auf Rolle erm\u00f6glicht eine schnelle und pr\u00e4zise Dekoration von gro\u00dfen, flachen Oberfl\u00e4chen. Die einzelnen Bl\u00e4tter werden auf eine Seidenpapierrolle aufgetragen.\" \/>\n<meta property=\"og:url\" content=\"https:\/\/www.manetti.com\/de\/produkt\/palladium-blatt-auf-rolle\/\" \/>\n<meta property=\"og:site_name\" content=\"Giusto Manetti Battiloro\" \/>\n<meta property=\"article:publisher\" content=\"https:\/\/www.facebook.com\/giustomanettibattiloro\" \/>\n<meta property=\"article:modified_time\" content=\"2024-01-15T13:00:15+00:00\" \/>\n<meta property=\"og:image\" content=\"https:\/\/www.manetti.com\/wp-content\/uploads\/2020\/01\/rotolo_palladio.png\" \/>\n\t<meta property=\"og:image:width\" content=\"200\" \/>\n\t<meta property=\"og:image:height\" content=\"200\" \/>\n\t<meta property=\"og:image:type\" content=\"image\/png\" \/>\n<meta name=\"twitter:card\" content=\"summary_large_image\" \/>\n<script type=\"application\/ld+json\" class=\"yoast-schema-graph\">{\"@context\":\"https:\/\/schema.org\",\"@graph\":[{\"@type\":\"WebPage\",\"@id\":\"https:\/\/www.manetti.com\/de\/produkt\/palladium-blatt-auf-rolle\/\",\"url\":\"https:\/\/www.manetti.com\/de\/produkt\/palladium-blatt-auf-rolle\/\",\"name\":\"Palladium-Blatt auf Rolle 20,5m - Goldschl\u00e4ger Manetti\",\"isPartOf\":{\"@id\":\"https:\/\/www.manetti.com\/de\/#website\"},\"primaryImageOfPage\":{\"@id\":\"https:\/\/www.manetti.com\/de\/produkt\/palladium-blatt-auf-rolle\/#primaryimage\"},\"image\":{\"@id\":\"https:\/\/www.manetti.com\/de\/produkt\/palladium-blatt-auf-rolle\/#primaryimage\"},\"thumbnailUrl\":\"https:\/\/www.manetti.com\/wp-content\/uploads\/2020\/01\/rotolo_palladio.png\",\"datePublished\":\"2020-01-31T10:50:03+00:00\",\"dateModified\":\"2024-01-15T13:00:15+00:00\",\"description\":\"Der Palladium-Blatt auf Rolle erm\u00f6glicht eine schnelle und pr\u00e4zise Dekoration von gro\u00dfen, flachen Oberfl\u00e4chen. Die einzelnen Bl\u00e4tter werden auf eine Seidenpapierrolle aufgetragen.\",\"inLanguage\":\"de\",\"potentialAction\":[{\"@type\":\"ReadAction\",\"target\":[\"https:\/\/www.manetti.com\/de\/produkt\/palladium-blatt-auf-rolle\/\"]}]},{\"@type\":\"ImageObject\",\"inLanguage\":\"de\",\"@id\":\"https:\/\/www.manetti.com\/de\/produkt\/palladium-blatt-auf-rolle\/#primaryimage\",\"url\":\"https:\/\/www.manetti.com\/wp-content\/uploads\/2020\/01\/rotolo_palladio.png\",\"contentUrl\":\"https:\/\/www.manetti.com\/wp-content\/uploads\/2020\/01\/rotolo_palladio.png\",\"width\":200,\"height\":200},{\"@type\":\"WebSite\",\"@id\":\"https:\/\/www.manetti.com\/de\/#website\",\"url\":\"https:\/\/www.manetti.com\/de\/\",\"name\":\"Giusto Manetti Battiloro\",\"description\":\"\",\"publisher\":{\"@id\":\"https:\/\/www.manetti.com\/de\/#organization\"},\"potentialAction\":[{\"@type\":\"SearchAction\",\"target\":{\"@type\":\"EntryPoint\",\"urlTemplate\":\"https:\/\/www.manetti.com\/de\/?s={search_term_string}\"},\"query-input\":{\"@type\":\"PropertyValueSpecification\",\"valueRequired\":true,\"valueName\":\"search_term_string\"}}],\"inLanguage\":\"de\"},{\"@type\":\"Organization\",\"@id\":\"https:\/\/www.manetti.com\/de\/#organization\",\"name\":\"GIUSTO MANETTI BATTILORO S.P.A.\",\"url\":\"https:\/\/www.manetti.com\/de\/\",\"logo\":{\"@type\":\"ImageObject\",\"inLanguage\":\"de\",\"@id\":\"https:\/\/www.manetti.com\/de\/#\/schema\/logo\/image\/\",\"url\":\"https:\/\/www.manetti.com\/wp-content\/uploads\/2025\/02\/giusto-manetti-blu_300-02.png\",\"contentUrl\":\"https:\/\/www.manetti.com\/wp-content\/uploads\/2025\/02\/giusto-manetti-blu_300-02.png\",\"width\":1123,\"height\":1093,\"caption\":\"GIUSTO MANETTI BATTILORO S.P.A.\"},\"image\":{\"@id\":\"https:\/\/www.manetti.com\/de\/#\/schema\/logo\/image\/\"},\"sameAs\":[\"https:\/\/www.facebook.com\/giustomanettibattiloro\",\"https:\/\/www.instagram.com\/giustomanettibattiloro\/\",\"https:\/\/www.linkedin.com\/company\/giusto-manetti-battiloro-s-p-a-\/\",\"https:\/\/www.youtube.com\/user\/ManettiBattiloro\"]}]}<\/script>\n<!-- \/ Yoast SEO plugin. -->","yoast_head_json":{"title":"Palladium-Blatt auf Rolle 20,5m - Goldschl\u00e4ger Manetti","description":"Der Palladium-Blatt auf Rolle erm\u00f6glicht eine schnelle und pr\u00e4zise Dekoration von gro\u00dfen, flachen Oberfl\u00e4chen. Die einzelnen Bl\u00e4tter werden auf eine Seidenpapierrolle aufgetragen.","robots":{"index":"index","follow":"follow","max-snippet":"max-snippet:-1","max-image-preview":"max-image-preview:large","max-video-preview":"max-video-preview:-1"},"canonical":"https:\/\/www.manetti.com\/de\/produkt\/palladium-blatt-auf-rolle\/","og_locale":"de_DE","og_type":"article","og_title":"Palladium-Blatt auf Rolle 20,5m - Goldschl\u00e4ger Manetti","og_description":"Der Palladium-Blatt auf Rolle erm\u00f6glicht eine schnelle und pr\u00e4zise Dekoration von gro\u00dfen, flachen Oberfl\u00e4chen. Die einzelnen Bl\u00e4tter werden auf eine Seidenpapierrolle aufgetragen.","og_url":"https:\/\/www.manetti.com\/de\/produkt\/palladium-blatt-auf-rolle\/","og_site_name":"Giusto Manetti Battiloro","article_publisher":"https:\/\/www.facebook.com\/giustomanettibattiloro","article_modified_time":"2024-01-15T13:00:15+00:00","og_image":[{"width":200,"height":200,"url":"https:\/\/www.manetti.com\/wp-content\/uploads\/2020\/01\/rotolo_palladio.png","type":"image\/png"}],"twitter_card":"summary_large_image","schema":{"@context":"https:\/\/schema.org","@graph":[{"@type":"WebPage","@id":"https:\/\/www.manetti.com\/de\/produkt\/palladium-blatt-auf-rolle\/","url":"https:\/\/www.manetti.com\/de\/produkt\/palladium-blatt-auf-rolle\/","name":"Palladium-Blatt auf Rolle 20,5m - Goldschl\u00e4ger Manetti","isPartOf":{"@id":"https:\/\/www.manetti.com\/de\/#website"},"primaryImageOfPage":{"@id":"https:\/\/www.manetti.com\/de\/produkt\/palladium-blatt-auf-rolle\/#primaryimage"},"image":{"@id":"https:\/\/www.manetti.com\/de\/produkt\/palladium-blatt-auf-rolle\/#primaryimage"},"thumbnailUrl":"https:\/\/www.manetti.com\/wp-content\/uploads\/2020\/01\/rotolo_palladio.png","datePublished":"2020-01-31T10:50:03+00:00","dateModified":"2024-01-15T13:00:15+00:00","description":"Der Palladium-Blatt auf Rolle erm\u00f6glicht eine schnelle und pr\u00e4zise Dekoration von gro\u00dfen, flachen Oberfl\u00e4chen. Die einzelnen Bl\u00e4tter werden auf eine Seidenpapierrolle aufgetragen.","inLanguage":"de","potentialAction":[{"@type":"ReadAction","target":["https:\/\/www.manetti.com\/de\/produkt\/palladium-blatt-auf-rolle\/"]}]},{"@type":"ImageObject","inLanguage":"de","@id":"https:\/\/www.manetti.com\/de\/produkt\/palladium-blatt-auf-rolle\/#primaryimage","url":"https:\/\/www.manetti.com\/wp-content\/uploads\/2020\/01\/rotolo_palladio.png","contentUrl":"https:\/\/www.manetti.com\/wp-content\/uploads\/2020\/01\/rotolo_palladio.png","width":200,"height":200},{"@type":"WebSite","@id":"https:\/\/www.manetti.com\/de\/#website","url":"https:\/\/www.manetti.com\/de\/","name":"Giusto Manetti Battiloro","description":"","publisher":{"@id":"https:\/\/www.manetti.com\/de\/#organization"},"potentialAction":[{"@type":"SearchAction","target":{"@type":"EntryPoint","urlTemplate":"https:\/\/www.manetti.com\/de\/?s={search_term_string}"},"query-input":{"@type":"PropertyValueSpecification","valueRequired":true,"valueName":"search_term_string"}}],"inLanguage":"de"},{"@type":"Organization","@id":"https:\/\/www.manetti.com\/de\/#organization","name":"GIUSTO MANETTI BATTILORO S.P.A.","url":"https:\/\/www.manetti.com\/de\/","logo":{"@type":"ImageObject","inLanguage":"de","@id":"https:\/\/www.manetti.com\/de\/#\/schema\/logo\/image\/","url":"https:\/\/www.manetti.com\/wp-content\/uploads\/2025\/02\/giusto-manetti-blu_300-02.png","contentUrl":"https:\/\/www.manetti.com\/wp-content\/uploads\/2025\/02\/giusto-manetti-blu_300-02.png","width":1123,"height":1093,"caption":"GIUSTO MANETTI BATTILORO S.P.A."},"image":{"@id":"https:\/\/www.manetti.com\/de\/#\/schema\/logo\/image\/"},"sameAs":["https:\/\/www.facebook.com\/giustomanettibattiloro","https:\/\/www.instagram.com\/giustomanettibattiloro\/","https:\/\/www.linkedin.com\/company\/giusto-manetti-battiloro-s-p-a-\/","https:\/\/www.youtube.com\/user\/ManettiBattiloro"]}]}},"_links":{"self":[{"href":"https:\/\/www.manetti.com\/de\/wp-json\/wp\/v2\/product\/47413","targetHints":{"allow":["GET"]}}],"collection":[{"href":"https:\/\/www.manetti.com\/de\/wp-json\/wp\/v2\/product"}],"about":[{"href":"https:\/\/www.manetti.com\/de\/wp-json\/wp\/v2\/types\/product"}],"wp:featuredmedia":[{"embeddable":true,"href":"https:\/\/www.manetti.com\/de\/wp-json\/wp\/v2\/media\/47415"}],"wp:attachment":[{"href":"https:\/\/www.manetti.com\/de\/wp-json\/wp\/v2\/media?parent=47413"}],"wp:term":[{"taxonomy":"product_brand","embeddable":true,"href":"https:\/\/www.manetti.com\/de\/wp-json\/wp\/v2\/product_brand?post=47413"},{"taxonomy":"product_cat","embeddable":true,"href":"https:\/\/www.manetti.com\/de\/wp-json\/wp\/v2\/product_cat?post=47413"},{"taxonomy":"product_tag","embeddable":true,"href":"https:\/\/www.manetti.com\/de\/wp-json\/wp\/v2\/product_tag?post=47413"},{"taxonomy":"product_area","embeddable":true,"href":"https:\/\/www.manetti.com\/de\/wp-json\/wp\/v2\/product_area?post=47413"},{"taxonomy":"catalog_category","embeddable":true,"href":"https:\/\/www.manetti.com\/de\/wp-json\/wp\/v2\/catalog_category?post=47413"}],"curies":[{"name":"wp","href":"https:\/\/api.w.org\/{rel}","templated":true}]}}