{"id":47417,"date":"2020-01-31T11:55:08","date_gmt":"2020-01-31T10:55:08","guid":{"rendered":"https:\/\/www.manetti.com\/prodotto\/foglia-palladio-a-filo\/"},"modified":"2025-08-27T12:01:37","modified_gmt":"2025-08-27T10:01:37","slug":"palladium-drahtblatt","status":"publish","type":"product","link":"https:\/\/www.manetti.com\/de\/produkt\/palladium-drahtblatt\/","title":{"rendered":"Palladium-Drahtblatt"},"content":{"rendered":"<p>Das Palladium-Drahtblatt, das in der Gr\u00f6\u00dfe 80 x 80 mm erh\u00e4ltlich ist, wird haupts\u00e4chlich auf dem franz\u00f6sischen Markt verwendet und zeichnet sich durch eine perfekte Rechtwinkligkeit des Blattes selbst aus.<br \/>\nDas Anbringen dieser Art von Bl\u00e4ttern, die bis an den Rand des Heftes reichen, erfordert besonderes Geschick und Sorgfalt. Das Palladium-Drahtblatt, ob frei oder mit Abziehbild, ist in Heften zu je 25 Bl\u00e4ttern verpackt.<\/p>\n","protected":false},"excerpt":{"rendered":"<p>Das von den erfahrensten Dekorateuren bevorzugte Palladium-Drahtblatt ist auf dem franz\u00f6sischen Markt besonders gefragt. Jedes Heft enth\u00e4lt 25 Bl\u00e4tter. [&#8230;]<\/p>\n<p><a class=\"btn btn-secondary understrap-read-more-link\" href=\"https:\/\/www.manetti.com\/de\/produkt\/palladium-drahtblatt\/\">Weiterlesen&#8230;<\/a><\/p>\n","protected":false},"featured_media":47419,"template":"","meta":{"_acf_changed":false},"product_brand":[],"product_cat":[355],"product_tag":[363],"product_area":[],"catalog_category":[795,970,996],"class_list":{"0":"post-47417","1":"product","2":"type-product","3":"status-publish","4":"has-post-thumbnail","6":"product_cat-palladium-blatt","7":"product_tag-prodotti-speciali-de","8":"catalog_category-vergoldung-und-restaurierung","9":"catalog_category-vergoldung-und-restaurierung-blattgold-und-andere-metalle","10":"catalog_category-vergoldung-und-restaurierung-drahtgoldblatt","12":"first","13":"instock","14":"shipping-taxable","15":"purchasable","16":"product-type-variable"},"acf":[],"yoast_head":"<!-- This site is optimized with the Yoast SEO plugin v26.5 - https:\/\/yoast.com\/wordpress\/plugins\/seo\/ -->\n<title>Palladium-Drahtblatt, Heften zu je 25 Bl\u00e4ttern verpackt - Manetti<\/title>\n<meta name=\"description\" content=\"Das Palladium-Drahtblatt wird haupts\u00e4chlich auf dem franz\u00f6sischen Markt verwendet und zeichnet sich durch eine perfekte Rechtwinkligkeit des Blattes aus\" \/>\n<meta name=\"robots\" content=\"index, follow, max-snippet:-1, max-image-preview:large, max-video-preview:-1\" \/>\n<link rel=\"canonical\" href=\"https:\/\/www.manetti.com\/de\/produkt\/palladium-drahtblatt\/\" \/>\n<meta property=\"og:locale\" content=\"de_DE\" \/>\n<meta property=\"og:type\" content=\"article\" \/>\n<meta property=\"og:title\" content=\"Palladium-Drahtblatt, Heften zu je 25 Bl\u00e4ttern verpackt - Manetti\" \/>\n<meta property=\"og:description\" content=\"Das Palladium-Drahtblatt wird haupts\u00e4chlich auf dem franz\u00f6sischen Markt verwendet und zeichnet sich durch eine perfekte Rechtwinkligkeit des Blattes aus\" \/>\n<meta property=\"og:url\" content=\"https:\/\/www.manetti.com\/de\/produkt\/palladium-drahtblatt\/\" \/>\n<meta property=\"og:site_name\" content=\"Giusto Manetti Battiloro\" \/>\n<meta property=\"article:publisher\" content=\"https:\/\/www.facebook.com\/giustomanettibattiloro\" \/>\n<meta property=\"article:modified_time\" content=\"2025-08-27T10:01:37+00:00\" \/>\n<meta property=\"og:image\" content=\"https:\/\/www.manetti.com\/wp-content\/uploads\/2020\/01\/a_filo_palladio.png\" \/>\n\t<meta property=\"og:image:width\" content=\"200\" \/>\n\t<meta property=\"og:image:height\" content=\"200\" \/>\n\t<meta property=\"og:image:type\" content=\"image\/png\" \/>\n<meta name=\"twitter:card\" content=\"summary_large_image\" \/>\n<script type=\"application\/ld+json\" class=\"yoast-schema-graph\">{\"@context\":\"https:\/\/schema.org\",\"@graph\":[{\"@type\":\"WebPage\",\"@id\":\"https:\/\/www.manetti.com\/de\/produkt\/palladium-drahtblatt\/\",\"url\":\"https:\/\/www.manetti.com\/de\/produkt\/palladium-drahtblatt\/\",\"name\":\"Palladium-Drahtblatt, Heften zu je 25 Bl\u00e4ttern verpackt - Manetti\",\"isPartOf\":{\"@id\":\"https:\/\/www.manetti.com\/de\/#website\"},\"primaryImageOfPage\":{\"@id\":\"https:\/\/www.manetti.com\/de\/produkt\/palladium-drahtblatt\/#primaryimage\"},\"image\":{\"@id\":\"https:\/\/www.manetti.com\/de\/produkt\/palladium-drahtblatt\/#primaryimage\"},\"thumbnailUrl\":\"https:\/\/www.manetti.com\/wp-content\/uploads\/2020\/01\/a_filo_palladio.png\",\"datePublished\":\"2020-01-31T10:55:08+00:00\",\"dateModified\":\"2025-08-27T10:01:37+00:00\",\"description\":\"Das Palladium-Drahtblatt wird haupts\u00e4chlich auf dem franz\u00f6sischen Markt verwendet und zeichnet sich durch eine perfekte Rechtwinkligkeit des Blattes aus\",\"inLanguage\":\"de\",\"potentialAction\":[{\"@type\":\"ReadAction\",\"target\":[\"https:\/\/www.manetti.com\/de\/produkt\/palladium-drahtblatt\/\"]}]},{\"@type\":\"ImageObject\",\"inLanguage\":\"de\",\"@id\":\"https:\/\/www.manetti.com\/de\/produkt\/palladium-drahtblatt\/#primaryimage\",\"url\":\"https:\/\/www.manetti.com\/wp-content\/uploads\/2020\/01\/a_filo_palladio.png\",\"contentUrl\":\"https:\/\/www.manetti.com\/wp-content\/uploads\/2020\/01\/a_filo_palladio.png\",\"width\":200,\"height\":200},{\"@type\":\"WebSite\",\"@id\":\"https:\/\/www.manetti.com\/de\/#website\",\"url\":\"https:\/\/www.manetti.com\/de\/\",\"name\":\"Giusto Manetti Battiloro\",\"description\":\"\",\"publisher\":{\"@id\":\"https:\/\/www.manetti.com\/de\/#organization\"},\"potentialAction\":[{\"@type\":\"SearchAction\",\"target\":{\"@type\":\"EntryPoint\",\"urlTemplate\":\"https:\/\/www.manetti.com\/de\/?s={search_term_string}\"},\"query-input\":{\"@type\":\"PropertyValueSpecification\",\"valueRequired\":true,\"valueName\":\"search_term_string\"}}],\"inLanguage\":\"de\"},{\"@type\":\"Organization\",\"@id\":\"https:\/\/www.manetti.com\/de\/#organization\",\"name\":\"GIUSTO MANETTI BATTILORO S.P.A.\",\"url\":\"https:\/\/www.manetti.com\/de\/\",\"logo\":{\"@type\":\"ImageObject\",\"inLanguage\":\"de\",\"@id\":\"https:\/\/www.manetti.com\/de\/#\/schema\/logo\/image\/\",\"url\":\"https:\/\/www.manetti.com\/wp-content\/uploads\/2025\/02\/giusto-manetti-blu_300-02.png\",\"contentUrl\":\"https:\/\/www.manetti.com\/wp-content\/uploads\/2025\/02\/giusto-manetti-blu_300-02.png\",\"width\":1123,\"height\":1093,\"caption\":\"GIUSTO MANETTI BATTILORO S.P.A.\"},\"image\":{\"@id\":\"https:\/\/www.manetti.com\/de\/#\/schema\/logo\/image\/\"},\"sameAs\":[\"https:\/\/www.facebook.com\/giustomanettibattiloro\",\"https:\/\/www.instagram.com\/giustomanettibattiloro\/\",\"https:\/\/www.linkedin.com\/company\/giusto-manetti-battiloro-s-p-a-\/\",\"https:\/\/www.youtube.com\/user\/ManettiBattiloro\"]}]}<\/script>\n<!-- \/ Yoast SEO plugin. -->","yoast_head_json":{"title":"Palladium-Drahtblatt, Heften zu je 25 Bl\u00e4ttern verpackt - Manetti","description":"Das Palladium-Drahtblatt wird haupts\u00e4chlich auf dem franz\u00f6sischen Markt verwendet und zeichnet sich durch eine perfekte Rechtwinkligkeit des Blattes aus","robots":{"index":"index","follow":"follow","max-snippet":"max-snippet:-1","max-image-preview":"max-image-preview:large","max-video-preview":"max-video-preview:-1"},"canonical":"https:\/\/www.manetti.com\/de\/produkt\/palladium-drahtblatt\/","og_locale":"de_DE","og_type":"article","og_title":"Palladium-Drahtblatt, Heften zu je 25 Bl\u00e4ttern verpackt - Manetti","og_description":"Das Palladium-Drahtblatt wird haupts\u00e4chlich auf dem franz\u00f6sischen Markt verwendet und zeichnet sich durch eine perfekte Rechtwinkligkeit des Blattes aus","og_url":"https:\/\/www.manetti.com\/de\/produkt\/palladium-drahtblatt\/","og_site_name":"Giusto Manetti Battiloro","article_publisher":"https:\/\/www.facebook.com\/giustomanettibattiloro","article_modified_time":"2025-08-27T10:01:37+00:00","og_image":[{"width":200,"height":200,"url":"https:\/\/www.manetti.com\/wp-content\/uploads\/2020\/01\/a_filo_palladio.png","type":"image\/png"}],"twitter_card":"summary_large_image","schema":{"@context":"https:\/\/schema.org","@graph":[{"@type":"WebPage","@id":"https:\/\/www.manetti.com\/de\/produkt\/palladium-drahtblatt\/","url":"https:\/\/www.manetti.com\/de\/produkt\/palladium-drahtblatt\/","name":"Palladium-Drahtblatt, Heften zu je 25 Bl\u00e4ttern verpackt - Manetti","isPartOf":{"@id":"https:\/\/www.manetti.com\/de\/#website"},"primaryImageOfPage":{"@id":"https:\/\/www.manetti.com\/de\/produkt\/palladium-drahtblatt\/#primaryimage"},"image":{"@id":"https:\/\/www.manetti.com\/de\/produkt\/palladium-drahtblatt\/#primaryimage"},"thumbnailUrl":"https:\/\/www.manetti.com\/wp-content\/uploads\/2020\/01\/a_filo_palladio.png","datePublished":"2020-01-31T10:55:08+00:00","dateModified":"2025-08-27T10:01:37+00:00","description":"Das Palladium-Drahtblatt wird haupts\u00e4chlich auf dem franz\u00f6sischen Markt verwendet und zeichnet sich durch eine perfekte Rechtwinkligkeit des Blattes aus","inLanguage":"de","potentialAction":[{"@type":"ReadAction","target":["https:\/\/www.manetti.com\/de\/produkt\/palladium-drahtblatt\/"]}]},{"@type":"ImageObject","inLanguage":"de","@id":"https:\/\/www.manetti.com\/de\/produkt\/palladium-drahtblatt\/#primaryimage","url":"https:\/\/www.manetti.com\/wp-content\/uploads\/2020\/01\/a_filo_palladio.png","contentUrl":"https:\/\/www.manetti.com\/wp-content\/uploads\/2020\/01\/a_filo_palladio.png","width":200,"height":200},{"@type":"WebSite","@id":"https:\/\/www.manetti.com\/de\/#website","url":"https:\/\/www.manetti.com\/de\/","name":"Giusto Manetti Battiloro","description":"","publisher":{"@id":"https:\/\/www.manetti.com\/de\/#organization"},"potentialAction":[{"@type":"SearchAction","target":{"@type":"EntryPoint","urlTemplate":"https:\/\/www.manetti.com\/de\/?s={search_term_string}"},"query-input":{"@type":"PropertyValueSpecification","valueRequired":true,"valueName":"search_term_string"}}],"inLanguage":"de"},{"@type":"Organization","@id":"https:\/\/www.manetti.com\/de\/#organization","name":"GIUSTO MANETTI BATTILORO S.P.A.","url":"https:\/\/www.manetti.com\/de\/","logo":{"@type":"ImageObject","inLanguage":"de","@id":"https:\/\/www.manetti.com\/de\/#\/schema\/logo\/image\/","url":"https:\/\/www.manetti.com\/wp-content\/uploads\/2025\/02\/giusto-manetti-blu_300-02.png","contentUrl":"https:\/\/www.manetti.com\/wp-content\/uploads\/2025\/02\/giusto-manetti-blu_300-02.png","width":1123,"height":1093,"caption":"GIUSTO MANETTI BATTILORO S.P.A."},"image":{"@id":"https:\/\/www.manetti.com\/de\/#\/schema\/logo\/image\/"},"sameAs":["https:\/\/www.facebook.com\/giustomanettibattiloro","https:\/\/www.instagram.com\/giustomanettibattiloro\/","https:\/\/www.linkedin.com\/company\/giusto-manetti-battiloro-s-p-a-\/","https:\/\/www.youtube.com\/user\/ManettiBattiloro"]}]}},"_links":{"self":[{"href":"https:\/\/www.manetti.com\/de\/wp-json\/wp\/v2\/product\/47417","targetHints":{"allow":["GET"]}}],"collection":[{"href":"https:\/\/www.manetti.com\/de\/wp-json\/wp\/v2\/product"}],"about":[{"href":"https:\/\/www.manetti.com\/de\/wp-json\/wp\/v2\/types\/product"}],"wp:featuredmedia":[{"embeddable":true,"href":"https:\/\/www.manetti.com\/de\/wp-json\/wp\/v2\/media\/47419"}],"wp:attachment":[{"href":"https:\/\/www.manetti.com\/de\/wp-json\/wp\/v2\/media?parent=47417"}],"wp:term":[{"taxonomy":"product_brand","embeddable":true,"href":"https:\/\/www.manetti.com\/de\/wp-json\/wp\/v2\/product_brand?post=47417"},{"taxonomy":"product_cat","embeddable":true,"href":"https:\/\/www.manetti.com\/de\/wp-json\/wp\/v2\/product_cat?post=47417"},{"taxonomy":"product_tag","embeddable":true,"href":"https:\/\/www.manetti.com\/de\/wp-json\/wp\/v2\/product_tag?post=47417"},{"taxonomy":"product_area","embeddable":true,"href":"https:\/\/www.manetti.com\/de\/wp-json\/wp\/v2\/product_area?post=47417"},{"taxonomy":"catalog_category","embeddable":true,"href":"https:\/\/www.manetti.com\/de\/wp-json\/wp\/v2\/catalog_category?post=47417"}],"curies":[{"name":"wp","href":"https:\/\/api.w.org\/{rel}","templated":true}]}}