{"id":47426,"date":"2020-01-31T09:29:58","date_gmt":"2020-01-31T08:29:58","guid":{"rendered":"https:\/\/www.manetti.com\/prodotto\/foglia-argento-in-libretto\/"},"modified":"2024-04-08T14:12:04","modified_gmt":"2024-04-08T12:12:04","slug":"blattsilber-in-heft","status":"publish","type":"product","link":"https:\/\/www.manetti.com\/de\/produkt\/blattsilber-in-heft\/","title":{"rendered":"Blattsilber in Heft"},"content":{"rendered":"<p>Echtes Blattsilber, das in Heft verpackt ist, <strong>gibt es in zwei Ausf\u00fchrungen: frei und Abziehbild<\/strong>. <strong>Freies Blattsilber ist in verschiedenen Gr\u00f6\u00dfen und Dicken erh\u00e4ltlich und kann mit der Leime (Mixtion)- oder Gouache-Versilberungstechnik aufgetragen werden<\/strong>. Es eignet sich besonders f\u00fcr die Restaurierung und f\u00fcr die Verwendung auf bearbeiteten Oberfl\u00e4chen, wie z.B. Holzintarsien, Gips und Stuck, unter Verwendung eines Vajo-Haar-Pinsels.<\/p>\n<p><strong>Das in der Gr\u00f6\u00dfe 95 x 95 mm erh\u00e4ltliche Blattsilber-Abziehbild ist auf einem Seidenpapier aufgebracht, was das Anbringen und Auftragen beim Versilbern flacher Oberfl\u00e4chen erleichtert und beschleunigt<\/strong>. Das Blatt wird nur auf das Seidenpapier gepresst, ohne dass es geklebt wird. Es wird empfohlen, das Blatt immer mit der Mixtionstechnik anzuwenden. Das Blattsilber, ob frei oder mit Abziehbild, ist in <strong>Heften zu je 25 Bl\u00e4ttern verpackt<\/strong>.<\/p>\n<div class=\"show_more\"><p class=\"wpsm-show\" style=\"color: #c39f5f; font-size: 100%; text-align: left;\"> Mehr lesen<\/p><div class=\"wpsm-content\"><\/p>\n<h2>Blattsilber im Heftformat, hergestellt und verpackt in Florenz<\/h2>\n<p>Reines Blattsilber, das f\u00fcr die <strong>Innendekoration und Restaurierung<\/strong> bestimmt ist, unterliegt von Natur aus der Oxidation. Aus diesem Grund ist es ratsam, es mit einem speziellen Lack zu sch\u00fctzen, um seine Widerstandsf\u00e4higkeit und Widerstandsf\u00e4higkeit im Laufe der Zeit zu erh\u00f6hen und die Oberfl\u00e4che vor Kratzern zu sch\u00fctzen.<\/p>\n<p>Alle Produkte der Marke Manetti werden in unserer <strong>Fabrik in Campi Bisenzio, in der N\u00e4he von Florenz<\/strong>, hergestellt und verpackt. Wir garantieren die zertifizierte Herkunft des Silbers, wir verfolgen jede Charge entlang der gesamten Lieferkette und f\u00fchren <strong>strenge Qualit\u00e4tskontrollen<\/strong> w\u00e4hrend der einzelnen Verarbeitungsstufen durch. <strong>Wir unterst\u00fctzen Kunden in der ganzen Welt, vom Angebot bis zum Nachverkauf<\/strong>, dank unserer Experten, die immer wissen, wie man das am besten geeignete Produkt f\u00fcr die jeweiligen Designanforderungen findet. Wir stehen Ihnen auch gerne zur Verf\u00fcgung, um Sie \u00fcber die Anwendung und den Schutz von Silberprodukten zu informieren. <strong>F\u00fcr weitere Informationen zu Preisen und Angeboten stehen wir Ihnen gerne zur Verf\u00fcgung<\/strong>.<\/p>\n<p> <p class=\"wpsm-hide\" style=\"color: #c39f5f; font-size: 100%; text-align: left;\"> Weniger lesen<\/p><\/div><\/div>\n","protected":false},"excerpt":{"rendered":"<p>Das in verschiedenen Gr\u00f6\u00dfen und St\u00e4rken erh\u00e4ltliche Blattsilberheft eignet sich ideal f\u00fcr die Restaurierung, f\u00fcr die Missions- oder Gouache-Vergoldung von bearbeiteten Oberfl\u00e4chen und f\u00fcr die Anbringung von Abziehbild auf flachen Oberfl\u00e4chen, sowohl im Innen- als auch im Au\u00dfenbereich. Jedes Heft enth\u00e4lt 25 Bl\u00e4tter. [&#8230;]<\/p>\n<p><a class=\"btn btn-secondary understrap-read-more-link\" href=\"https:\/\/www.manetti.com\/de\/produkt\/blattsilber-in-heft\/\">Weiterlesen&#8230;<\/a><\/p>\n","protected":false},"featured_media":74139,"template":"","meta":{"_acf_changed":false},"product_brand":[],"product_cat":[350],"product_tag":[362],"product_area":[],"catalog_category":[795,970,1001],"class_list":{"0":"post-47426","1":"product","2":"type-product","3":"status-publish","4":"has-post-thumbnail","6":"product_cat-blattsilber","7":"product_tag-foglia-in-libretto-de","8":"catalog_category-vergoldung-und-restaurierung","9":"catalog_category-vergoldung-und-restaurierung-blattgold-und-andere-metalle","10":"catalog_category-vergoldung-und-restaurierung-blattsilber","12":"first","13":"instock","14":"shipping-taxable","15":"purchasable","16":"product-type-variable"},"acf":[],"yoast_head":"<!-- This site is optimized with the Yoast SEO plugin v26.5 - https:\/\/yoast.com\/wordpress\/plugins\/seo\/ -->\n<title>Freies Blattsilber in Heft - Goldschl\u00e4ger Manetti<\/title>\n<meta name=\"description\" content=\"Blattsilber in Heft ist in verschiedenen Gr\u00f6\u00dfen und Dicken erh\u00e4ltlich und kann mit der Mixtion- oder Gouache-Versilberungstechnik aufgetragen werden.\" \/>\n<meta name=\"robots\" content=\"index, follow, max-snippet:-1, max-image-preview:large, max-video-preview:-1\" \/>\n<link rel=\"canonical\" href=\"https:\/\/www.manetti.com\/de\/produkt\/blattsilber-in-heft\/\" \/>\n<meta property=\"og:locale\" content=\"de_DE\" \/>\n<meta property=\"og:type\" content=\"article\" \/>\n<meta property=\"og:title\" content=\"Freies Blattsilber in Heft - Goldschl\u00e4ger Manetti\" \/>\n<meta property=\"og:description\" content=\"Blattsilber in Heft ist in verschiedenen Gr\u00f6\u00dfen und Dicken erh\u00e4ltlich und kann mit der Mixtion- oder Gouache-Versilberungstechnik aufgetragen werden.\" \/>\n<meta property=\"og:url\" content=\"https:\/\/www.manetti.com\/de\/produkt\/blattsilber-in-heft\/\" \/>\n<meta property=\"og:site_name\" content=\"Giusto Manetti Battiloro\" \/>\n<meta property=\"article:publisher\" content=\"https:\/\/www.facebook.com\/giustomanettibattiloro\" \/>\n<meta property=\"article:modified_time\" content=\"2024-04-08T12:12:04+00:00\" \/>\n<meta property=\"og:image\" content=\"https:\/\/www.manetti.com\/wp-content\/uploads\/2020\/01\/Argento_scatola-e-libretto_web.png\" \/>\n\t<meta property=\"og:image:width\" content=\"700\" \/>\n\t<meta property=\"og:image:height\" content=\"700\" \/>\n\t<meta property=\"og:image:type\" content=\"image\/png\" \/>\n<meta name=\"twitter:card\" content=\"summary_large_image\" \/>\n<meta name=\"twitter:label1\" content=\"Gesch\u00e4tzte Lesezeit\" \/>\n\t<meta name=\"twitter:data1\" content=\"2\u00a0Minuten\" \/>\n<script type=\"application\/ld+json\" class=\"yoast-schema-graph\">{\"@context\":\"https:\/\/schema.org\",\"@graph\":[{\"@type\":\"WebPage\",\"@id\":\"https:\/\/www.manetti.com\/de\/produkt\/blattsilber-in-heft\/\",\"url\":\"https:\/\/www.manetti.com\/de\/produkt\/blattsilber-in-heft\/\",\"name\":\"Freies Blattsilber in Heft - Goldschl\u00e4ger Manetti\",\"isPartOf\":{\"@id\":\"https:\/\/www.manetti.com\/de\/#website\"},\"primaryImageOfPage\":{\"@id\":\"https:\/\/www.manetti.com\/de\/produkt\/blattsilber-in-heft\/#primaryimage\"},\"image\":{\"@id\":\"https:\/\/www.manetti.com\/de\/produkt\/blattsilber-in-heft\/#primaryimage\"},\"thumbnailUrl\":\"https:\/\/www.manetti.com\/wp-content\/uploads\/2020\/01\/Argento_scatola-e-libretto_web.png\",\"datePublished\":\"2020-01-31T08:29:58+00:00\",\"dateModified\":\"2024-04-08T12:12:04+00:00\",\"description\":\"Blattsilber in Heft ist in verschiedenen Gr\u00f6\u00dfen und Dicken erh\u00e4ltlich und kann mit der Mixtion- oder Gouache-Versilberungstechnik aufgetragen werden.\",\"inLanguage\":\"de\",\"potentialAction\":[{\"@type\":\"ReadAction\",\"target\":[\"https:\/\/www.manetti.com\/de\/produkt\/blattsilber-in-heft\/\"]}]},{\"@type\":\"ImageObject\",\"inLanguage\":\"de\",\"@id\":\"https:\/\/www.manetti.com\/de\/produkt\/blattsilber-in-heft\/#primaryimage\",\"url\":\"https:\/\/www.manetti.com\/wp-content\/uploads\/2020\/01\/Argento_scatola-e-libretto_web.png\",\"contentUrl\":\"https:\/\/www.manetti.com\/wp-content\/uploads\/2020\/01\/Argento_scatola-e-libretto_web.png\",\"width\":700,\"height\":700},{\"@type\":\"WebSite\",\"@id\":\"https:\/\/www.manetti.com\/de\/#website\",\"url\":\"https:\/\/www.manetti.com\/de\/\",\"name\":\"Giusto Manetti Battiloro\",\"description\":\"\",\"publisher\":{\"@id\":\"https:\/\/www.manetti.com\/de\/#organization\"},\"potentialAction\":[{\"@type\":\"SearchAction\",\"target\":{\"@type\":\"EntryPoint\",\"urlTemplate\":\"https:\/\/www.manetti.com\/de\/?s={search_term_string}\"},\"query-input\":{\"@type\":\"PropertyValueSpecification\",\"valueRequired\":true,\"valueName\":\"search_term_string\"}}],\"inLanguage\":\"de\"},{\"@type\":\"Organization\",\"@id\":\"https:\/\/www.manetti.com\/de\/#organization\",\"name\":\"GIUSTO MANETTI BATTILORO S.P.A.\",\"url\":\"https:\/\/www.manetti.com\/de\/\",\"logo\":{\"@type\":\"ImageObject\",\"inLanguage\":\"de\",\"@id\":\"https:\/\/www.manetti.com\/de\/#\/schema\/logo\/image\/\",\"url\":\"https:\/\/www.manetti.com\/wp-content\/uploads\/2025\/02\/giusto-manetti-blu_300-02.png\",\"contentUrl\":\"https:\/\/www.manetti.com\/wp-content\/uploads\/2025\/02\/giusto-manetti-blu_300-02.png\",\"width\":1123,\"height\":1093,\"caption\":\"GIUSTO MANETTI BATTILORO S.P.A.\"},\"image\":{\"@id\":\"https:\/\/www.manetti.com\/de\/#\/schema\/logo\/image\/\"},\"sameAs\":[\"https:\/\/www.facebook.com\/giustomanettibattiloro\",\"https:\/\/www.instagram.com\/giustomanettibattiloro\/\",\"https:\/\/www.linkedin.com\/company\/giusto-manetti-battiloro-s-p-a-\/\",\"https:\/\/www.youtube.com\/user\/ManettiBattiloro\"]}]}<\/script>\n<!-- \/ Yoast SEO plugin. -->","yoast_head_json":{"title":"Freies Blattsilber in Heft - Goldschl\u00e4ger Manetti","description":"Blattsilber in Heft ist in verschiedenen Gr\u00f6\u00dfen und Dicken erh\u00e4ltlich und kann mit der Mixtion- oder Gouache-Versilberungstechnik aufgetragen werden.","robots":{"index":"index","follow":"follow","max-snippet":"max-snippet:-1","max-image-preview":"max-image-preview:large","max-video-preview":"max-video-preview:-1"},"canonical":"https:\/\/www.manetti.com\/de\/produkt\/blattsilber-in-heft\/","og_locale":"de_DE","og_type":"article","og_title":"Freies Blattsilber in Heft - Goldschl\u00e4ger Manetti","og_description":"Blattsilber in Heft ist in verschiedenen Gr\u00f6\u00dfen und Dicken erh\u00e4ltlich und kann mit der Mixtion- oder Gouache-Versilberungstechnik aufgetragen werden.","og_url":"https:\/\/www.manetti.com\/de\/produkt\/blattsilber-in-heft\/","og_site_name":"Giusto Manetti Battiloro","article_publisher":"https:\/\/www.facebook.com\/giustomanettibattiloro","article_modified_time":"2024-04-08T12:12:04+00:00","og_image":[{"width":700,"height":700,"url":"https:\/\/www.manetti.com\/wp-content\/uploads\/2020\/01\/Argento_scatola-e-libretto_web.png","type":"image\/png"}],"twitter_card":"summary_large_image","twitter_misc":{"Gesch\u00e4tzte Lesezeit":"2\u00a0Minuten"},"schema":{"@context":"https:\/\/schema.org","@graph":[{"@type":"WebPage","@id":"https:\/\/www.manetti.com\/de\/produkt\/blattsilber-in-heft\/","url":"https:\/\/www.manetti.com\/de\/produkt\/blattsilber-in-heft\/","name":"Freies Blattsilber in Heft - Goldschl\u00e4ger Manetti","isPartOf":{"@id":"https:\/\/www.manetti.com\/de\/#website"},"primaryImageOfPage":{"@id":"https:\/\/www.manetti.com\/de\/produkt\/blattsilber-in-heft\/#primaryimage"},"image":{"@id":"https:\/\/www.manetti.com\/de\/produkt\/blattsilber-in-heft\/#primaryimage"},"thumbnailUrl":"https:\/\/www.manetti.com\/wp-content\/uploads\/2020\/01\/Argento_scatola-e-libretto_web.png","datePublished":"2020-01-31T08:29:58+00:00","dateModified":"2024-04-08T12:12:04+00:00","description":"Blattsilber in Heft ist in verschiedenen Gr\u00f6\u00dfen und Dicken erh\u00e4ltlich und kann mit der Mixtion- oder Gouache-Versilberungstechnik aufgetragen werden.","inLanguage":"de","potentialAction":[{"@type":"ReadAction","target":["https:\/\/www.manetti.com\/de\/produkt\/blattsilber-in-heft\/"]}]},{"@type":"ImageObject","inLanguage":"de","@id":"https:\/\/www.manetti.com\/de\/produkt\/blattsilber-in-heft\/#primaryimage","url":"https:\/\/www.manetti.com\/wp-content\/uploads\/2020\/01\/Argento_scatola-e-libretto_web.png","contentUrl":"https:\/\/www.manetti.com\/wp-content\/uploads\/2020\/01\/Argento_scatola-e-libretto_web.png","width":700,"height":700},{"@type":"WebSite","@id":"https:\/\/www.manetti.com\/de\/#website","url":"https:\/\/www.manetti.com\/de\/","name":"Giusto Manetti Battiloro","description":"","publisher":{"@id":"https:\/\/www.manetti.com\/de\/#organization"},"potentialAction":[{"@type":"SearchAction","target":{"@type":"EntryPoint","urlTemplate":"https:\/\/www.manetti.com\/de\/?s={search_term_string}"},"query-input":{"@type":"PropertyValueSpecification","valueRequired":true,"valueName":"search_term_string"}}],"inLanguage":"de"},{"@type":"Organization","@id":"https:\/\/www.manetti.com\/de\/#organization","name":"GIUSTO MANETTI BATTILORO S.P.A.","url":"https:\/\/www.manetti.com\/de\/","logo":{"@type":"ImageObject","inLanguage":"de","@id":"https:\/\/www.manetti.com\/de\/#\/schema\/logo\/image\/","url":"https:\/\/www.manetti.com\/wp-content\/uploads\/2025\/02\/giusto-manetti-blu_300-02.png","contentUrl":"https:\/\/www.manetti.com\/wp-content\/uploads\/2025\/02\/giusto-manetti-blu_300-02.png","width":1123,"height":1093,"caption":"GIUSTO MANETTI BATTILORO S.P.A."},"image":{"@id":"https:\/\/www.manetti.com\/de\/#\/schema\/logo\/image\/"},"sameAs":["https:\/\/www.facebook.com\/giustomanettibattiloro","https:\/\/www.instagram.com\/giustomanettibattiloro\/","https:\/\/www.linkedin.com\/company\/giusto-manetti-battiloro-s-p-a-\/","https:\/\/www.youtube.com\/user\/ManettiBattiloro"]}]}},"_links":{"self":[{"href":"https:\/\/www.manetti.com\/de\/wp-json\/wp\/v2\/product\/47426","targetHints":{"allow":["GET"]}}],"collection":[{"href":"https:\/\/www.manetti.com\/de\/wp-json\/wp\/v2\/product"}],"about":[{"href":"https:\/\/www.manetti.com\/de\/wp-json\/wp\/v2\/types\/product"}],"wp:featuredmedia":[{"embeddable":true,"href":"https:\/\/www.manetti.com\/de\/wp-json\/wp\/v2\/media\/74139"}],"wp:attachment":[{"href":"https:\/\/www.manetti.com\/de\/wp-json\/wp\/v2\/media?parent=47426"}],"wp:term":[{"taxonomy":"product_brand","embeddable":true,"href":"https:\/\/www.manetti.com\/de\/wp-json\/wp\/v2\/product_brand?post=47426"},{"taxonomy":"product_cat","embeddable":true,"href":"https:\/\/www.manetti.com\/de\/wp-json\/wp\/v2\/product_cat?post=47426"},{"taxonomy":"product_tag","embeddable":true,"href":"https:\/\/www.manetti.com\/de\/wp-json\/wp\/v2\/product_tag?post=47426"},{"taxonomy":"product_area","embeddable":true,"href":"https:\/\/www.manetti.com\/de\/wp-json\/wp\/v2\/product_area?post=47426"},{"taxonomy":"catalog_category","embeddable":true,"href":"https:\/\/www.manetti.com\/de\/wp-json\/wp\/v2\/catalog_category?post=47426"}],"curies":[{"name":"wp","href":"https:\/\/api.w.org\/{rel}","templated":true}]}}