{"id":47517,"date":"2019-11-22T17:04:07","date_gmt":"2019-11-22T16:04:07","guid":{"rendered":"https:\/\/www.manetti.com\/prodotto\/foglia-oro-in-libretto\/"},"modified":"2025-02-27T09:56:44","modified_gmt":"2025-02-27T08:56:44","slug":"blattgold-in-heft","status":"publish","type":"product","link":"https:\/\/www.manetti.com\/de\/produkt\/blattgold-in-heft\/","title":{"rendered":"Blattgold in Heft"},"content":{"rendered":"<h2 class=\"text-color\">Reines Blattgold in Heft<\/h2>\n<p><strong>Das Heft ist eine der traditionellen Arten der Verpackung von <a href=\"https:\/\/www.manetti.com\/de\/katalog\/blattgold\/\">Blattgold<\/a> und besteht darin<\/strong>, es zwischen die Seiten eines kleinen Buches zu legen, entweder in freier Form oder durch Abziehbilder. <strong>Das freie reine Blattgold<\/strong>, das je nach Farbe in verschiedenen Gr\u00f6\u00dfen und St\u00e4rken erh\u00e4ltlich ist, kann mit der <strong>Mixtion- oder Gouache-Vergoldungstechnik aufgetragen werden<\/strong>. Freies Blattgold eignet sich besonders <strong>f\u00fcr die Restaurierung und f\u00fcr die Verwendung auf bearbeiteten Oberfl\u00e4chen<\/strong>.\u00a0<strong>Das Abziehbild-Blattgold<\/strong> in verschiedenen Gr\u00f6\u00dfen, je nach gew\u00e4hlter Farbe, wird auf ein Seidenpapier gelegt, das das Abbinden und Auftragen bei der <strong>Vergoldung von flachen Oberfl\u00e4chen<\/strong> erleichtert und beschleunigt. Das Blatt wird nur auf das Seidenpapier gedr\u00fcckt, ohne dass Klebstoff verwendet wird. Je nach den auszuf\u00fchrenden Arbeiten sind unterschiedliche Druckgrade m\u00f6glich. <strong>Es wird immer f\u00fcr die Vergoldung im Au\u00dfebereich empfohlen<\/strong>. <strong>Das Abziehbild aus reinem Gold <\/strong>eignet sich perfekt f\u00fcr die Anwendung auf glatten, flachen oder gew\u00f6lbten Oberfl\u00e4chen wie Kunstwerken, Kuppeln, zeitgen\u00f6ssischer Architektur, Denkm\u00e4lern, Schriftz\u00fcgen und Inneneinrichtungen. Es ist in <strong>Heften zu je 25 Bl\u00e4ttern verpackt<\/strong>.<\/p>\n<div class=\"show_more\"><p class=\"wpsm-show\" style=\"color: #c39f5f; font-size: 100%; text-align: left;\"> Mehr lesen<\/p><div class=\"wpsm-content\"><\/p>\n<h3 class=\"text-color\">Herstellung Made in Italy von echtem Blattgold<\/h3>\n<p><strong>Das Blattgold von Manetti<\/strong>, das in unserer Fabrik in Campi Bisenzio in der N\u00e4he von Florenz hergestellt wird, ist die<strong> perfekte Kombination aus maschineller und manueller Verarbeitung<\/strong>. Das in den Heften enthaltene Blattgold kann <strong>von 24 Karat bis zu 6 Karat und in 26 Farben<\/strong> erworben werden, darunter das klassische Gelb, Rot, Platin, Gr\u00fcn, Wei\u00df, Champagner und das brandneue 22 kt Ros\u00e9gold, das Giusto Manetti Battiloro exklusiv anbietet. <strong>Wir stellen unseren Kunden fachkundige Mitarbeiter zur Seite<\/strong>, die sie bei der Auswahl des f\u00fcr ihre Bed\u00fcrfnisse am besten geeigneten Produkts beraten und ihnen detaillierte Informationen dar\u00fcber geben, wie sie Manetti-Gold auf verschiedene Oberfl\u00e4chen \u00fcbertragen k\u00f6nnen. <strong>Wir exportieren Blattgold in die ganze Welt<\/strong> und garantieren eine <em>konfliktfreie<\/em> <em>Goldzertifizierung<\/em>. Das Rohmaterial wird kontrolliert und kann \u00fcber die gesamte Lieferkette zur\u00fcckverfolgt werden. <strong>Wir stehen Ihnen gerne zur Verf\u00fcgung, um Ihnen weitere Informationen \u00fcber den Preis des Produkts zu geben und ein Angebot zu erstellen<\/strong>.<\/p>\n<p> <p class=\"wpsm-hide\" style=\"color: #c39f5f; font-size: 100%; text-align: left;\"> Weniger lesen<\/p><\/div><\/div>\n","protected":false},"excerpt":{"rendered":"<p>Das in verschiedenen Gr\u00f6\u00dfen und St\u00e4rken erh\u00e4ltliche reine Blattgoldheft eignet sich ideal f\u00fcr die Restaurierung, f\u00fcr die Mixtion- oder Gouache-Vergoldung von bearbeiteten Oberfl\u00e4chen und f\u00fcr die Anbringung von Abziehbild auf flachen Oberfl\u00e4chen, sowohl im Innen- als auch im Au\u00dfenbereich. Jedes Heft enth\u00e4lt 25 Bl\u00e4tter. [&#8230;]<\/p>\n<p><a class=\"btn btn-secondary understrap-read-more-link\" href=\"https:\/\/www.manetti.com\/de\/produkt\/blattgold-in-heft\/\">Weiterlesen&#8230;<\/a><\/p>\n","protected":false},"featured_media":74114,"template":"","meta":{"_acf_changed":false},"product_brand":[],"product_cat":[354],"product_tag":[362],"product_area":[],"catalog_category":[795,970],"class_list":{"0":"post-47517","1":"product","2":"type-product","3":"status-publish","4":"has-post-thumbnail","6":"product_cat-echtes-blattgold","7":"product_tag-foglia-in-libretto-de","8":"catalog_category-vergoldung-und-restaurierung","9":"catalog_category-vergoldung-und-restaurierung-blattgold-und-andere-metalle","11":"first","12":"instock","13":"shipping-taxable","14":"purchasable","15":"product-type-variable"},"acf":[],"yoast_head":"<!-- This site is optimized with the Yoast SEO plugin v26.5 - https:\/\/yoast.com\/wordpress\/plugins\/seo\/ -->\n<title>24kt Blattgoldheft | Loses Blattgold Manetti<\/title>\n<meta name=\"description\" content=\"Loses Blattgold in heft eignet sich f\u00fcr die Restaurierung und f\u00fcr die Verwendung auf bearbeiteten Oberfl\u00e4chen, w\u00e4hrend Abziehbilder f\u00fcr ebene Oberfl\u00e4chen im Au\u00dfenbereich geeignet sind.\" \/>\n<meta name=\"robots\" content=\"index, follow, max-snippet:-1, max-image-preview:large, max-video-preview:-1\" \/>\n<link rel=\"canonical\" href=\"https:\/\/www.manetti.com\/de\/produkt\/blattgold-in-heft\/\" \/>\n<meta property=\"og:locale\" content=\"de_DE\" \/>\n<meta property=\"og:type\" content=\"article\" \/>\n<meta property=\"og:title\" content=\"Blattgold in Brosch\u00fcre, frei oder Decalco | Giusto Manetti Battiloro\" \/>\n<meta property=\"og:description\" content=\"Freies Blattgold eignet sich f\u00fcr die Restaurierung und f\u00fcr die Verwendung auf bearbeiteten Oberfl\u00e4chen, w\u00e4hrend Abziehbilder f\u00fcr ebene Oberfl\u00e4chen im Au\u00dfenbereich geeignet sind.\" \/>\n<meta property=\"og:url\" content=\"https:\/\/www.manetti.com\/de\/produkt\/blattgold-in-heft\/\" \/>\n<meta property=\"og:site_name\" content=\"Giusto Manetti Battiloro\" \/>\n<meta property=\"article:publisher\" content=\"https:\/\/www.facebook.com\/giustomanettibattiloro\" \/>\n<meta property=\"article:modified_time\" content=\"2025-02-27T08:56:44+00:00\" \/>\n<meta property=\"og:image\" content=\"https:\/\/www.manetti.com\/wp-content\/uploads\/2019\/11\/3.FogliaOroManetti_CatalogoHomepage1920.jpg\" \/>\n\t<meta property=\"og:image:width\" content=\"1920\" \/>\n\t<meta property=\"og:image:height\" content=\"1183\" \/>\n\t<meta property=\"og:image:type\" content=\"image\/jpeg\" \/>\n<meta name=\"twitter:card\" content=\"summary_large_image\" \/>\n<meta name=\"twitter:title\" content=\"Blattgold in Brosch\u00fcre, frei oder Decalco | Giusto Manetti Battiloro\" \/>\n<meta name=\"twitter:description\" content=\"Freies Blattgold eignet sich f\u00fcr die Restaurierung und f\u00fcr die Verwendung auf bearbeiteten Oberfl\u00e4chen, w\u00e4hrend Abziehbilder f\u00fcr ebene Oberfl\u00e4chen im Au\u00dfenbereich geeignet sind.\" \/>\n<meta name=\"twitter:image\" content=\"https:\/\/www.manetti.com\/wp-content\/uploads\/2019\/11\/3.FogliaOroManetti_CatalogoHomepage1920.jpg\" \/>\n<meta name=\"twitter:label1\" content=\"Gesch\u00e4tzte Lesezeit\" \/>\n\t<meta name=\"twitter:data1\" content=\"2\u00a0Minuten\" \/>\n<script type=\"application\/ld+json\" class=\"yoast-schema-graph\">{\"@context\":\"https:\/\/schema.org\",\"@graph\":[{\"@type\":\"WebPage\",\"@id\":\"https:\/\/www.manetti.com\/de\/produkt\/blattgold-in-heft\/\",\"url\":\"https:\/\/www.manetti.com\/de\/produkt\/blattgold-in-heft\/\",\"name\":\"24kt Blattgoldheft | Loses Blattgold Manetti\",\"isPartOf\":{\"@id\":\"https:\/\/www.manetti.com\/de\/#website\"},\"primaryImageOfPage\":{\"@id\":\"https:\/\/www.manetti.com\/de\/produkt\/blattgold-in-heft\/#primaryimage\"},\"image\":{\"@id\":\"https:\/\/www.manetti.com\/de\/produkt\/blattgold-in-heft\/#primaryimage\"},\"thumbnailUrl\":\"https:\/\/www.manetti.com\/wp-content\/uploads\/2020\/01\/24KT-ORO_scatola-e-libretto_web.png\",\"datePublished\":\"2019-11-22T16:04:07+00:00\",\"dateModified\":\"2025-02-27T08:56:44+00:00\",\"description\":\"Loses Blattgold in heft eignet sich f\u00fcr die Restaurierung und f\u00fcr die Verwendung auf bearbeiteten Oberfl\u00e4chen, w\u00e4hrend Abziehbilder f\u00fcr ebene Oberfl\u00e4chen im Au\u00dfenbereich geeignet sind.\",\"inLanguage\":\"de\",\"potentialAction\":[{\"@type\":\"ReadAction\",\"target\":[\"https:\/\/www.manetti.com\/de\/produkt\/blattgold-in-heft\/\"]}]},{\"@type\":\"ImageObject\",\"inLanguage\":\"de\",\"@id\":\"https:\/\/www.manetti.com\/de\/produkt\/blattgold-in-heft\/#primaryimage\",\"url\":\"https:\/\/www.manetti.com\/wp-content\/uploads\/2020\/01\/24KT-ORO_scatola-e-libretto_web.png\",\"contentUrl\":\"https:\/\/www.manetti.com\/wp-content\/uploads\/2020\/01\/24KT-ORO_scatola-e-libretto_web.png\",\"width\":700,\"height\":700},{\"@type\":\"WebSite\",\"@id\":\"https:\/\/www.manetti.com\/de\/#website\",\"url\":\"https:\/\/www.manetti.com\/de\/\",\"name\":\"Giusto Manetti Battiloro\",\"description\":\"\",\"publisher\":{\"@id\":\"https:\/\/www.manetti.com\/de\/#organization\"},\"potentialAction\":[{\"@type\":\"SearchAction\",\"target\":{\"@type\":\"EntryPoint\",\"urlTemplate\":\"https:\/\/www.manetti.com\/de\/?s={search_term_string}\"},\"query-input\":{\"@type\":\"PropertyValueSpecification\",\"valueRequired\":true,\"valueName\":\"search_term_string\"}}],\"inLanguage\":\"de\"},{\"@type\":\"Organization\",\"@id\":\"https:\/\/www.manetti.com\/de\/#organization\",\"name\":\"GIUSTO MANETTI BATTILORO S.P.A.\",\"url\":\"https:\/\/www.manetti.com\/de\/\",\"logo\":{\"@type\":\"ImageObject\",\"inLanguage\":\"de\",\"@id\":\"https:\/\/www.manetti.com\/de\/#\/schema\/logo\/image\/\",\"url\":\"https:\/\/www.manetti.com\/wp-content\/uploads\/2025\/02\/giusto-manetti-blu_300-02.png\",\"contentUrl\":\"https:\/\/www.manetti.com\/wp-content\/uploads\/2025\/02\/giusto-manetti-blu_300-02.png\",\"width\":1123,\"height\":1093,\"caption\":\"GIUSTO MANETTI BATTILORO S.P.A.\"},\"image\":{\"@id\":\"https:\/\/www.manetti.com\/de\/#\/schema\/logo\/image\/\"},\"sameAs\":[\"https:\/\/www.facebook.com\/giustomanettibattiloro\",\"https:\/\/www.instagram.com\/giustomanettibattiloro\/\",\"https:\/\/www.linkedin.com\/company\/giusto-manetti-battiloro-s-p-a-\/\",\"https:\/\/www.youtube.com\/user\/ManettiBattiloro\"]}]}<\/script>\n<!-- \/ Yoast SEO plugin. -->","yoast_head_json":{"title":"24kt Blattgoldheft | Loses Blattgold Manetti","description":"Loses Blattgold in heft eignet sich f\u00fcr die Restaurierung und f\u00fcr die Verwendung auf bearbeiteten Oberfl\u00e4chen, w\u00e4hrend Abziehbilder f\u00fcr ebene Oberfl\u00e4chen im Au\u00dfenbereich geeignet sind.","robots":{"index":"index","follow":"follow","max-snippet":"max-snippet:-1","max-image-preview":"max-image-preview:large","max-video-preview":"max-video-preview:-1"},"canonical":"https:\/\/www.manetti.com\/de\/produkt\/blattgold-in-heft\/","og_locale":"de_DE","og_type":"article","og_title":"Blattgold in Brosch\u00fcre, frei oder Decalco | Giusto Manetti Battiloro","og_description":"Freies Blattgold eignet sich f\u00fcr die Restaurierung und f\u00fcr die Verwendung auf bearbeiteten Oberfl\u00e4chen, w\u00e4hrend Abziehbilder f\u00fcr ebene Oberfl\u00e4chen im Au\u00dfenbereich geeignet sind.","og_url":"https:\/\/www.manetti.com\/de\/produkt\/blattgold-in-heft\/","og_site_name":"Giusto Manetti Battiloro","article_publisher":"https:\/\/www.facebook.com\/giustomanettibattiloro","article_modified_time":"2025-02-27T08:56:44+00:00","og_image":[{"width":1920,"height":1183,"url":"https:\/\/www.manetti.com\/wp-content\/uploads\/2019\/11\/3.FogliaOroManetti_CatalogoHomepage1920.jpg","type":"image\/jpeg"}],"twitter_card":"summary_large_image","twitter_title":"Blattgold in Brosch\u00fcre, frei oder Decalco | Giusto Manetti Battiloro","twitter_description":"Freies Blattgold eignet sich f\u00fcr die Restaurierung und f\u00fcr die Verwendung auf bearbeiteten Oberfl\u00e4chen, w\u00e4hrend Abziehbilder f\u00fcr ebene Oberfl\u00e4chen im Au\u00dfenbereich geeignet sind.","twitter_image":"https:\/\/www.manetti.com\/wp-content\/uploads\/2019\/11\/3.FogliaOroManetti_CatalogoHomepage1920.jpg","twitter_misc":{"Gesch\u00e4tzte Lesezeit":"2\u00a0Minuten"},"schema":{"@context":"https:\/\/schema.org","@graph":[{"@type":"WebPage","@id":"https:\/\/www.manetti.com\/de\/produkt\/blattgold-in-heft\/","url":"https:\/\/www.manetti.com\/de\/produkt\/blattgold-in-heft\/","name":"24kt Blattgoldheft | Loses Blattgold Manetti","isPartOf":{"@id":"https:\/\/www.manetti.com\/de\/#website"},"primaryImageOfPage":{"@id":"https:\/\/www.manetti.com\/de\/produkt\/blattgold-in-heft\/#primaryimage"},"image":{"@id":"https:\/\/www.manetti.com\/de\/produkt\/blattgold-in-heft\/#primaryimage"},"thumbnailUrl":"https:\/\/www.manetti.com\/wp-content\/uploads\/2020\/01\/24KT-ORO_scatola-e-libretto_web.png","datePublished":"2019-11-22T16:04:07+00:00","dateModified":"2025-02-27T08:56:44+00:00","description":"Loses Blattgold in heft eignet sich f\u00fcr die Restaurierung und f\u00fcr die Verwendung auf bearbeiteten Oberfl\u00e4chen, w\u00e4hrend Abziehbilder f\u00fcr ebene Oberfl\u00e4chen im Au\u00dfenbereich geeignet sind.","inLanguage":"de","potentialAction":[{"@type":"ReadAction","target":["https:\/\/www.manetti.com\/de\/produkt\/blattgold-in-heft\/"]}]},{"@type":"ImageObject","inLanguage":"de","@id":"https:\/\/www.manetti.com\/de\/produkt\/blattgold-in-heft\/#primaryimage","url":"https:\/\/www.manetti.com\/wp-content\/uploads\/2020\/01\/24KT-ORO_scatola-e-libretto_web.png","contentUrl":"https:\/\/www.manetti.com\/wp-content\/uploads\/2020\/01\/24KT-ORO_scatola-e-libretto_web.png","width":700,"height":700},{"@type":"WebSite","@id":"https:\/\/www.manetti.com\/de\/#website","url":"https:\/\/www.manetti.com\/de\/","name":"Giusto Manetti Battiloro","description":"","publisher":{"@id":"https:\/\/www.manetti.com\/de\/#organization"},"potentialAction":[{"@type":"SearchAction","target":{"@type":"EntryPoint","urlTemplate":"https:\/\/www.manetti.com\/de\/?s={search_term_string}"},"query-input":{"@type":"PropertyValueSpecification","valueRequired":true,"valueName":"search_term_string"}}],"inLanguage":"de"},{"@type":"Organization","@id":"https:\/\/www.manetti.com\/de\/#organization","name":"GIUSTO MANETTI BATTILORO S.P.A.","url":"https:\/\/www.manetti.com\/de\/","logo":{"@type":"ImageObject","inLanguage":"de","@id":"https:\/\/www.manetti.com\/de\/#\/schema\/logo\/image\/","url":"https:\/\/www.manetti.com\/wp-content\/uploads\/2025\/02\/giusto-manetti-blu_300-02.png","contentUrl":"https:\/\/www.manetti.com\/wp-content\/uploads\/2025\/02\/giusto-manetti-blu_300-02.png","width":1123,"height":1093,"caption":"GIUSTO MANETTI BATTILORO S.P.A."},"image":{"@id":"https:\/\/www.manetti.com\/de\/#\/schema\/logo\/image\/"},"sameAs":["https:\/\/www.facebook.com\/giustomanettibattiloro","https:\/\/www.instagram.com\/giustomanettibattiloro\/","https:\/\/www.linkedin.com\/company\/giusto-manetti-battiloro-s-p-a-\/","https:\/\/www.youtube.com\/user\/ManettiBattiloro"]}]}},"_links":{"self":[{"href":"https:\/\/www.manetti.com\/de\/wp-json\/wp\/v2\/product\/47517","targetHints":{"allow":["GET"]}}],"collection":[{"href":"https:\/\/www.manetti.com\/de\/wp-json\/wp\/v2\/product"}],"about":[{"href":"https:\/\/www.manetti.com\/de\/wp-json\/wp\/v2\/types\/product"}],"wp:featuredmedia":[{"embeddable":true,"href":"https:\/\/www.manetti.com\/de\/wp-json\/wp\/v2\/media\/74114"}],"wp:attachment":[{"href":"https:\/\/www.manetti.com\/de\/wp-json\/wp\/v2\/media?parent=47517"}],"wp:term":[{"taxonomy":"product_brand","embeddable":true,"href":"https:\/\/www.manetti.com\/de\/wp-json\/wp\/v2\/product_brand?post=47517"},{"taxonomy":"product_cat","embeddable":true,"href":"https:\/\/www.manetti.com\/de\/wp-json\/wp\/v2\/product_cat?post=47517"},{"taxonomy":"product_tag","embeddable":true,"href":"https:\/\/www.manetti.com\/de\/wp-json\/wp\/v2\/product_tag?post=47517"},{"taxonomy":"product_area","embeddable":true,"href":"https:\/\/www.manetti.com\/de\/wp-json\/wp\/v2\/product_area?post=47517"},{"taxonomy":"catalog_category","embeddable":true,"href":"https:\/\/www.manetti.com\/de\/wp-json\/wp\/v2\/catalog_category?post=47517"}],"curies":[{"name":"wp","href":"https:\/\/api.w.org\/{rel}","templated":true}]}}