{"id":47745,"date":"2019-11-26T16:48:29","date_gmt":"2019-11-26T15:48:29","guid":{"rendered":"https:\/\/www.manetti.com\/prodotto\/foglia-oro-in-rotolo\/"},"modified":"2025-04-08T15:48:29","modified_gmt":"2025-04-08T13:48:29","slug":"blattgold-auf-rolle","status":"publish","type":"product","link":"https:\/\/www.manetti.com\/de\/produkt\/blattgold-auf-rolle\/","title":{"rendered":"Blattgold auf Rolle"},"content":{"rendered":"<p>Das Blattgold auf Rolle erm\u00f6glicht eine <strong>schnelle und pr\u00e4zise Vergoldung von gro\u00dfen, flachen Oberfl\u00e4chen.<\/strong> Die einzelnen Bl\u00e4tter werden von Hand auf eine <strong>Rolle Seidenpapier<\/strong> mit einer Standardl\u00e4nge von 20,5 Metern und einer variablen H\u00f6he, je nach Abmessungen des Blattes, aufgebracht. F\u00fcr die Vergoldung kann Blattgold mit einer gew\u00f6hnlichen Schere von der Rolle zugeschnitten werden. Achten Sie dabei besonders auf den \u00dcbergang zwischen zwei Bl\u00e4ttern. <strong>Auf Wunsch kann die Rolle ab einer Mindesth\u00f6he von 10 Millimetern mit einer festen L\u00e4nge von 20,5 Metern geliefert werden<\/strong>.<div class=\"show_more\"><p class=\"wpsm-show\" style=\"color: #c39f5f; font-size: 100%; text-align: left;\"> Mehr lesen<\/p><div class=\"wpsm-content\"><\/p>\n<h2>Echtes Blattgold verpackt in Florenz<\/h2>\n<p>Manetti Blattgold auf Rolle ist in <strong>verschiedenen H\u00f6hen<\/strong> erh\u00e4ltlich. Dank seiner Rollenbeschaffenheit l\u00e4sst es sich millimetergenau auf die Bed\u00fcrfnisse des Kunden zuschneiden. Sie haben die Wahl zwischen zahlreichen <strong>Karat (von 24 kt bis 6 kt) und<\/strong> <strong>23 Farbt\u00f6nen<\/strong> wie Rot, Champagner, Citrone, Orange und unserem exklusiven 22 kt Ros\u00e9gold, dem Ergebnis von 8 Jahren Experimentierfreude und Forschung. Walzgold eignet sich f\u00fcr die <strong>Anwendung auf gro\u00dfen glatten und gew\u00f6lbten Fl\u00e4chen im Innen- und Au\u00dfenbereich<\/strong>, wie Decken und Kuppeln. Der Vergoldungsprozess ist sehr einfach: Nach dem Auftragen des Auftrags wird die Rolle \u00fcber die zu vergoldende Fl\u00e4che abgerollt und das Blattgold wird durch Druck von der Seidenpapierseite her aufgetragen. Zum Schluss wird das Seidenpapier entfernt. Durch die Wirkung des Klebstoffs bleibt <strong>das Blatt haften und das Rollenpapier l\u00e4sst sich leicht entfernen<\/strong>.<br \/>\n<strong>Wir produzieren und verpacken jede Charge Blattgold in Italien<\/strong> und f\u00fchren eine genaue Qualit\u00e4tskontrolle \u00fcber die gesamte Lieferkette durch, beginnend mit der <strong>Zertifizierung des <em>konfliktfreien<\/em><\/strong> Rohmaterials, das wir von Banken beziehen, die nach internationalen Vorschriften zugelassen sind. <strong>Wir exportieren Gold auf Rollen in die ganze Welt<\/strong> und stellen unseren Kunden auf Wunsch unser <strong>internationales Netzwerk von qualifizierten Goldschmieden<\/strong> zur Verf\u00fcgung. Wir stehen Ihnen vom Angebot bis zum Kundendienst zur Seite und finden immer die beste L\u00f6sung f\u00fcr Ihre Bed\u00fcrfnisse.<br \/>\n<strong>Wir stehen Ihnen gerne zur Verf\u00fcgung, um Ihnen die Preise zu erl\u00e4utern und ein Angebot zu erstellen<\/strong>.<br \/>\n <p class=\"wpsm-hide\" style=\"color: #c39f5f; font-size: 100%; text-align: left;\"> Weniger lesen<\/p><\/div><\/div><\/p>\n","protected":false},"excerpt":{"rendered":"<p>Blattgold, perfekt f\u00fcr die schnelle und pr\u00e4zise Dekoration gro\u00dfer, flacher Oberfl\u00e4chen und l\u00e4sst sich leicht auf die f\u00fcr jede Anwendung ben\u00f6tigte Gr\u00f6\u00dfe zuschneiden. [&#8230;]<\/p>\n<p><a class=\"btn btn-secondary understrap-read-more-link\" href=\"https:\/\/www.manetti.com\/de\/produkt\/blattgold-auf-rolle\/\">Weiterlesen&#8230;<\/a><\/p>\n","protected":false},"featured_media":74130,"template":"","meta":{"_acf_changed":false},"product_brand":[],"product_cat":[354],"product_tag":[352],"product_area":[],"catalog_category":[807,962],"class_list":{"0":"post-47745","1":"product","2":"type-product","3":"status-publish","4":"has-post-thumbnail","6":"product_cat-echtes-blattgold","7":"product_tag-rotolo-de","8":"catalog_category-vergoldung-mit-goldblatt-in-rolle","9":"catalog_category-vergoldung-mit-goldblatt-in-rolle-blattgold-auf-rolle","11":"first","12":"instock","13":"shipping-taxable","14":"purchasable","15":"product-type-variable"},"acf":[],"yoast_head":"<!-- This site is optimized with the Yoast SEO plugin v26.5 - https:\/\/yoast.com\/wordpress\/plugins\/seo\/ -->\n<title>Blattgold auf Rolle f\u00fcr die Vergoldung - Manetti Goldschl\u00e4ger<\/title>\n<meta name=\"description\" content=\"Der Blattgold auf Rolle erm\u00f6glicht eine schnelle und pr\u00e4zise Vergoldung. Die einzelnen Bl\u00e4tter werden von Hand auf eine Rolle Seidenpapier aufgebracht\" \/>\n<meta name=\"robots\" content=\"index, follow, max-snippet:-1, max-image-preview:large, max-video-preview:-1\" \/>\n<link rel=\"canonical\" href=\"https:\/\/www.manetti.com\/de\/produkt\/blattgold-auf-rolle\/\" \/>\n<meta property=\"og:locale\" content=\"de_DE\" \/>\n<meta property=\"og:type\" content=\"article\" \/>\n<meta property=\"og:title\" content=\"Blattgold auf Rolle f\u00fcr die Vergoldung - Manetti Goldschl\u00e4ger\" \/>\n<meta property=\"og:description\" content=\"Der Blattgold auf Rolle erm\u00f6glicht eine schnelle und pr\u00e4zise Vergoldung. Die einzelnen Bl\u00e4tter werden von Hand auf eine Rolle Seidenpapier aufgebracht\" \/>\n<meta property=\"og:url\" content=\"https:\/\/www.manetti.com\/de\/produkt\/blattgold-auf-rolle\/\" \/>\n<meta property=\"og:site_name\" content=\"Giusto Manetti Battiloro\" \/>\n<meta property=\"article:publisher\" content=\"https:\/\/www.facebook.com\/giustomanettibattiloro\" \/>\n<meta property=\"article:modified_time\" content=\"2025-04-08T13:48:29+00:00\" \/>\n<meta property=\"og:image\" content=\"https:\/\/www.manetti.com\/wp-content\/uploads\/2019\/11\/Foglia-oro-rotolo_web-1.png\" \/>\n\t<meta property=\"og:image:width\" content=\"700\" \/>\n\t<meta property=\"og:image:height\" content=\"700\" \/>\n\t<meta property=\"og:image:type\" content=\"image\/png\" \/>\n<meta name=\"twitter:card\" content=\"summary_large_image\" \/>\n<meta name=\"twitter:label1\" content=\"Gesch\u00e4tzte Lesezeit\" \/>\n\t<meta name=\"twitter:data1\" content=\"2\u00a0Minuten\" \/>\n<script type=\"application\/ld+json\" class=\"yoast-schema-graph\">{\"@context\":\"https:\/\/schema.org\",\"@graph\":[{\"@type\":\"WebPage\",\"@id\":\"https:\/\/www.manetti.com\/de\/produkt\/blattgold-auf-rolle\/\",\"url\":\"https:\/\/www.manetti.com\/de\/produkt\/blattgold-auf-rolle\/\",\"name\":\"Blattgold auf Rolle f\u00fcr die Vergoldung - Manetti Goldschl\u00e4ger\",\"isPartOf\":{\"@id\":\"https:\/\/www.manetti.com\/de\/#website\"},\"primaryImageOfPage\":{\"@id\":\"https:\/\/www.manetti.com\/de\/produkt\/blattgold-auf-rolle\/#primaryimage\"},\"image\":{\"@id\":\"https:\/\/www.manetti.com\/de\/produkt\/blattgold-auf-rolle\/#primaryimage\"},\"thumbnailUrl\":\"https:\/\/www.manetti.com\/wp-content\/uploads\/2019\/11\/Foglia-oro-rotolo_web-1.png\",\"datePublished\":\"2019-11-26T15:48:29+00:00\",\"dateModified\":\"2025-04-08T13:48:29+00:00\",\"description\":\"Der Blattgold auf Rolle erm\u00f6glicht eine schnelle und pr\u00e4zise Vergoldung. Die einzelnen Bl\u00e4tter werden von Hand auf eine Rolle Seidenpapier aufgebracht\",\"inLanguage\":\"de\",\"potentialAction\":[{\"@type\":\"ReadAction\",\"target\":[\"https:\/\/www.manetti.com\/de\/produkt\/blattgold-auf-rolle\/\"]}]},{\"@type\":\"ImageObject\",\"inLanguage\":\"de\",\"@id\":\"https:\/\/www.manetti.com\/de\/produkt\/blattgold-auf-rolle\/#primaryimage\",\"url\":\"https:\/\/www.manetti.com\/wp-content\/uploads\/2019\/11\/Foglia-oro-rotolo_web-1.png\",\"contentUrl\":\"https:\/\/www.manetti.com\/wp-content\/uploads\/2019\/11\/Foglia-oro-rotolo_web-1.png\",\"width\":700,\"height\":700},{\"@type\":\"WebSite\",\"@id\":\"https:\/\/www.manetti.com\/de\/#website\",\"url\":\"https:\/\/www.manetti.com\/de\/\",\"name\":\"Giusto Manetti Battiloro\",\"description\":\"\",\"publisher\":{\"@id\":\"https:\/\/www.manetti.com\/de\/#organization\"},\"potentialAction\":[{\"@type\":\"SearchAction\",\"target\":{\"@type\":\"EntryPoint\",\"urlTemplate\":\"https:\/\/www.manetti.com\/de\/?s={search_term_string}\"},\"query-input\":{\"@type\":\"PropertyValueSpecification\",\"valueRequired\":true,\"valueName\":\"search_term_string\"}}],\"inLanguage\":\"de\"},{\"@type\":\"Organization\",\"@id\":\"https:\/\/www.manetti.com\/de\/#organization\",\"name\":\"GIUSTO MANETTI BATTILORO S.P.A.\",\"url\":\"https:\/\/www.manetti.com\/de\/\",\"logo\":{\"@type\":\"ImageObject\",\"inLanguage\":\"de\",\"@id\":\"https:\/\/www.manetti.com\/de\/#\/schema\/logo\/image\/\",\"url\":\"https:\/\/www.manetti.com\/wp-content\/uploads\/2025\/02\/giusto-manetti-blu_300-02.png\",\"contentUrl\":\"https:\/\/www.manetti.com\/wp-content\/uploads\/2025\/02\/giusto-manetti-blu_300-02.png\",\"width\":1123,\"height\":1093,\"caption\":\"GIUSTO MANETTI BATTILORO S.P.A.\"},\"image\":{\"@id\":\"https:\/\/www.manetti.com\/de\/#\/schema\/logo\/image\/\"},\"sameAs\":[\"https:\/\/www.facebook.com\/giustomanettibattiloro\",\"https:\/\/www.instagram.com\/giustomanettibattiloro\/\",\"https:\/\/www.linkedin.com\/company\/giusto-manetti-battiloro-s-p-a-\/\",\"https:\/\/www.youtube.com\/user\/ManettiBattiloro\"]}]}<\/script>\n<!-- \/ Yoast SEO plugin. -->","yoast_head_json":{"title":"Blattgold auf Rolle f\u00fcr die Vergoldung - Manetti Goldschl\u00e4ger","description":"Der Blattgold auf Rolle erm\u00f6glicht eine schnelle und pr\u00e4zise Vergoldung. Die einzelnen Bl\u00e4tter werden von Hand auf eine Rolle Seidenpapier aufgebracht","robots":{"index":"index","follow":"follow","max-snippet":"max-snippet:-1","max-image-preview":"max-image-preview:large","max-video-preview":"max-video-preview:-1"},"canonical":"https:\/\/www.manetti.com\/de\/produkt\/blattgold-auf-rolle\/","og_locale":"de_DE","og_type":"article","og_title":"Blattgold auf Rolle f\u00fcr die Vergoldung - Manetti Goldschl\u00e4ger","og_description":"Der Blattgold auf Rolle erm\u00f6glicht eine schnelle und pr\u00e4zise Vergoldung. Die einzelnen Bl\u00e4tter werden von Hand auf eine Rolle Seidenpapier aufgebracht","og_url":"https:\/\/www.manetti.com\/de\/produkt\/blattgold-auf-rolle\/","og_site_name":"Giusto Manetti Battiloro","article_publisher":"https:\/\/www.facebook.com\/giustomanettibattiloro","article_modified_time":"2025-04-08T13:48:29+00:00","og_image":[{"width":700,"height":700,"url":"https:\/\/www.manetti.com\/wp-content\/uploads\/2019\/11\/Foglia-oro-rotolo_web-1.png","type":"image\/png"}],"twitter_card":"summary_large_image","twitter_misc":{"Gesch\u00e4tzte Lesezeit":"2\u00a0Minuten"},"schema":{"@context":"https:\/\/schema.org","@graph":[{"@type":"WebPage","@id":"https:\/\/www.manetti.com\/de\/produkt\/blattgold-auf-rolle\/","url":"https:\/\/www.manetti.com\/de\/produkt\/blattgold-auf-rolle\/","name":"Blattgold auf Rolle f\u00fcr die Vergoldung - Manetti Goldschl\u00e4ger","isPartOf":{"@id":"https:\/\/www.manetti.com\/de\/#website"},"primaryImageOfPage":{"@id":"https:\/\/www.manetti.com\/de\/produkt\/blattgold-auf-rolle\/#primaryimage"},"image":{"@id":"https:\/\/www.manetti.com\/de\/produkt\/blattgold-auf-rolle\/#primaryimage"},"thumbnailUrl":"https:\/\/www.manetti.com\/wp-content\/uploads\/2019\/11\/Foglia-oro-rotolo_web-1.png","datePublished":"2019-11-26T15:48:29+00:00","dateModified":"2025-04-08T13:48:29+00:00","description":"Der Blattgold auf Rolle erm\u00f6glicht eine schnelle und pr\u00e4zise Vergoldung. Die einzelnen Bl\u00e4tter werden von Hand auf eine Rolle Seidenpapier aufgebracht","inLanguage":"de","potentialAction":[{"@type":"ReadAction","target":["https:\/\/www.manetti.com\/de\/produkt\/blattgold-auf-rolle\/"]}]},{"@type":"ImageObject","inLanguage":"de","@id":"https:\/\/www.manetti.com\/de\/produkt\/blattgold-auf-rolle\/#primaryimage","url":"https:\/\/www.manetti.com\/wp-content\/uploads\/2019\/11\/Foglia-oro-rotolo_web-1.png","contentUrl":"https:\/\/www.manetti.com\/wp-content\/uploads\/2019\/11\/Foglia-oro-rotolo_web-1.png","width":700,"height":700},{"@type":"WebSite","@id":"https:\/\/www.manetti.com\/de\/#website","url":"https:\/\/www.manetti.com\/de\/","name":"Giusto Manetti Battiloro","description":"","publisher":{"@id":"https:\/\/www.manetti.com\/de\/#organization"},"potentialAction":[{"@type":"SearchAction","target":{"@type":"EntryPoint","urlTemplate":"https:\/\/www.manetti.com\/de\/?s={search_term_string}"},"query-input":{"@type":"PropertyValueSpecification","valueRequired":true,"valueName":"search_term_string"}}],"inLanguage":"de"},{"@type":"Organization","@id":"https:\/\/www.manetti.com\/de\/#organization","name":"GIUSTO MANETTI BATTILORO S.P.A.","url":"https:\/\/www.manetti.com\/de\/","logo":{"@type":"ImageObject","inLanguage":"de","@id":"https:\/\/www.manetti.com\/de\/#\/schema\/logo\/image\/","url":"https:\/\/www.manetti.com\/wp-content\/uploads\/2025\/02\/giusto-manetti-blu_300-02.png","contentUrl":"https:\/\/www.manetti.com\/wp-content\/uploads\/2025\/02\/giusto-manetti-blu_300-02.png","width":1123,"height":1093,"caption":"GIUSTO MANETTI BATTILORO S.P.A."},"image":{"@id":"https:\/\/www.manetti.com\/de\/#\/schema\/logo\/image\/"},"sameAs":["https:\/\/www.facebook.com\/giustomanettibattiloro","https:\/\/www.instagram.com\/giustomanettibattiloro\/","https:\/\/www.linkedin.com\/company\/giusto-manetti-battiloro-s-p-a-\/","https:\/\/www.youtube.com\/user\/ManettiBattiloro"]}]}},"_links":{"self":[{"href":"https:\/\/www.manetti.com\/de\/wp-json\/wp\/v2\/product\/47745","targetHints":{"allow":["GET"]}}],"collection":[{"href":"https:\/\/www.manetti.com\/de\/wp-json\/wp\/v2\/product"}],"about":[{"href":"https:\/\/www.manetti.com\/de\/wp-json\/wp\/v2\/types\/product"}],"wp:featuredmedia":[{"embeddable":true,"href":"https:\/\/www.manetti.com\/de\/wp-json\/wp\/v2\/media\/74130"}],"wp:attachment":[{"href":"https:\/\/www.manetti.com\/de\/wp-json\/wp\/v2\/media?parent=47745"}],"wp:term":[{"taxonomy":"product_brand","embeddable":true,"href":"https:\/\/www.manetti.com\/de\/wp-json\/wp\/v2\/product_brand?post=47745"},{"taxonomy":"product_cat","embeddable":true,"href":"https:\/\/www.manetti.com\/de\/wp-json\/wp\/v2\/product_cat?post=47745"},{"taxonomy":"product_tag","embeddable":true,"href":"https:\/\/www.manetti.com\/de\/wp-json\/wp\/v2\/product_tag?post=47745"},{"taxonomy":"product_area","embeddable":true,"href":"https:\/\/www.manetti.com\/de\/wp-json\/wp\/v2\/product_area?post=47745"},{"taxonomy":"catalog_category","embeddable":true,"href":"https:\/\/www.manetti.com\/de\/wp-json\/wp\/v2\/catalog_category?post=47745"}],"curies":[{"name":"wp","href":"https:\/\/api.w.org\/{rel}","templated":true}]}}