{"id":47795,"date":"2020-01-30T17:15:51","date_gmt":"2020-01-30T16:15:51","guid":{"rendered":"https:\/\/www.manetti.com\/prodotto\/foglia-oro-a-filo\/"},"modified":"2025-12-03T17:37:53","modified_gmt":"2025-12-03T16:37:53","slug":"drahtgoldblatt","status":"publish","type":"product","link":"https:\/\/www.manetti.com\/de\/produkt\/drahtgoldblatt\/","title":{"rendered":"Drahtgoldblatt"},"content":{"rendered":"<p>Das franz\u00f6sisch geschnittene Blattgold wurde schon immer h\u00e4ufig von franz\u00f6sischen Vergoldern verwendet, die es direkt aus dem B\u00fcchlein ohne Werkzeuge auftragen. Es ist im Format 84 x 84 mm in verschiedenen Goldt\u00f6nen sowie in Palladium im Format 80 x 80 mm erh\u00e4ltlich. Diese Art von Blattgold zeichnet sich dadurch aus, dass die Bl\u00e4tter bis zum Rand des B\u00fcchleins reichen, was erhebliches Geschick und spezifische Fachkenntnisse f\u00fcr die Anwendung erfordert. Jedes B\u00fcchlein enth\u00e4lt 25 Bl\u00e4tter.<\/p>\n","protected":false},"excerpt":{"rendered":"<p>Das von den erfahrensten Dekorateuren bevorzugte Drahtgoldblatt ist auf dem franz\u00f6sischen Markt besonders gefragt, die es direkt aus dem B\u00fcchlein ohne Werkzeuge auftragen. Jedes Heft enth\u00e4lt 25 Bl\u00e4tter. [&#8230;]<\/p>\n<p><a class=\"btn btn-secondary understrap-read-more-link\" href=\"https:\/\/www.manetti.com\/de\/produkt\/drahtgoldblatt\/\">Weiterlesen&#8230;<\/a><\/p>\n","protected":false},"featured_media":74109,"template":"","meta":{"_acf_changed":false},"product_brand":[],"product_cat":[354],"product_tag":[363],"product_area":[],"catalog_category":[795,970,996],"class_list":{"0":"post-47795","1":"product","2":"type-product","3":"status-publish","4":"has-post-thumbnail","6":"product_cat-echtes-blattgold","7":"product_tag-prodotti-speciali-de","8":"catalog_category-vergoldung-und-restaurierung","9":"catalog_category-vergoldung-und-restaurierung-blattgold-und-andere-metalle","10":"catalog_category-vergoldung-und-restaurierung-drahtgoldblatt","12":"first","13":"instock","14":"shipping-taxable","15":"purchasable","16":"product-type-variable"},"acf":[],"yoast_head":"<!-- This site is optimized with the Yoast SEO plugin v26.5 - https:\/\/yoast.com\/wordpress\/plugins\/seo\/ -->\n<title>Blattgold aus Draht in Heften zu 25 | %<\/title>\n<meta name=\"description\" content=\"Seine Anwendung erfordert besondere F\u00e4higkeiten und Kenntnisse. Das Drahtgoldblatt, ist in Heften zu je 25 Bl\u00e4ttern verpackt.\" \/>\n<meta name=\"robots\" content=\"index, follow, max-snippet:-1, max-image-preview:large, max-video-preview:-1\" \/>\n<link rel=\"canonical\" href=\"https:\/\/www.manetti.com\/de\/produkt\/drahtgoldblatt\/\" \/>\n<meta property=\"og:locale\" content=\"de_DE\" \/>\n<meta property=\"og:type\" content=\"article\" \/>\n<meta property=\"og:title\" content=\"Blattgold aus Draht in Heften zu 25 | %\" \/>\n<meta property=\"og:description\" content=\"Seine Anwendung erfordert besondere F\u00e4higkeiten und Kenntnisse. Das Drahtgoldblatt, ist in Heften zu je 25 Bl\u00e4ttern verpackt.\" \/>\n<meta property=\"og:url\" content=\"https:\/\/www.manetti.com\/de\/produkt\/drahtgoldblatt\/\" \/>\n<meta property=\"og:site_name\" content=\"Giusto Manetti Battiloro\" \/>\n<meta property=\"article:publisher\" content=\"https:\/\/www.facebook.com\/giustomanettibattiloro\" \/>\n<meta property=\"article:modified_time\" content=\"2025-12-03T16:37:53+00:00\" \/>\n<meta property=\"og:image\" content=\"https:\/\/www.manetti.com\/wp-content\/uploads\/2020\/01\/24KT-ORO-a-Filo_scatola-e-libretto_web.png\" \/>\n\t<meta property=\"og:image:width\" content=\"700\" \/>\n\t<meta property=\"og:image:height\" content=\"700\" \/>\n\t<meta property=\"og:image:type\" content=\"image\/png\" \/>\n<meta name=\"twitter:card\" content=\"summary_large_image\" \/>\n<script type=\"application\/ld+json\" class=\"yoast-schema-graph\">{\"@context\":\"https:\/\/schema.org\",\"@graph\":[{\"@type\":\"WebPage\",\"@id\":\"https:\/\/www.manetti.com\/de\/produkt\/drahtgoldblatt\/\",\"url\":\"https:\/\/www.manetti.com\/de\/produkt\/drahtgoldblatt\/\",\"name\":\"Blattgold aus Draht in Heften zu 25 | %\",\"isPartOf\":{\"@id\":\"https:\/\/www.manetti.com\/de\/#website\"},\"primaryImageOfPage\":{\"@id\":\"https:\/\/www.manetti.com\/de\/produkt\/drahtgoldblatt\/#primaryimage\"},\"image\":{\"@id\":\"https:\/\/www.manetti.com\/de\/produkt\/drahtgoldblatt\/#primaryimage\"},\"thumbnailUrl\":\"https:\/\/www.manetti.com\/wp-content\/uploads\/2020\/01\/24KT-ORO-a-Filo_scatola-e-libretto_web.png\",\"datePublished\":\"2020-01-30T16:15:51+00:00\",\"dateModified\":\"2025-12-03T16:37:53+00:00\",\"description\":\"Seine Anwendung erfordert besondere F\u00e4higkeiten und Kenntnisse. Das Drahtgoldblatt, ist in Heften zu je 25 Bl\u00e4ttern verpackt.\",\"inLanguage\":\"de\",\"potentialAction\":[{\"@type\":\"ReadAction\",\"target\":[\"https:\/\/www.manetti.com\/de\/produkt\/drahtgoldblatt\/\"]}]},{\"@type\":\"ImageObject\",\"inLanguage\":\"de\",\"@id\":\"https:\/\/www.manetti.com\/de\/produkt\/drahtgoldblatt\/#primaryimage\",\"url\":\"https:\/\/www.manetti.com\/wp-content\/uploads\/2020\/01\/24KT-ORO-a-Filo_scatola-e-libretto_web.png\",\"contentUrl\":\"https:\/\/www.manetti.com\/wp-content\/uploads\/2020\/01\/24KT-ORO-a-Filo_scatola-e-libretto_web.png\",\"width\":700,\"height\":700},{\"@type\":\"WebSite\",\"@id\":\"https:\/\/www.manetti.com\/de\/#website\",\"url\":\"https:\/\/www.manetti.com\/de\/\",\"name\":\"Giusto Manetti Battiloro\",\"description\":\"\",\"publisher\":{\"@id\":\"https:\/\/www.manetti.com\/de\/#organization\"},\"potentialAction\":[{\"@type\":\"SearchAction\",\"target\":{\"@type\":\"EntryPoint\",\"urlTemplate\":\"https:\/\/www.manetti.com\/de\/?s={search_term_string}\"},\"query-input\":{\"@type\":\"PropertyValueSpecification\",\"valueRequired\":true,\"valueName\":\"search_term_string\"}}],\"inLanguage\":\"de\"},{\"@type\":\"Organization\",\"@id\":\"https:\/\/www.manetti.com\/de\/#organization\",\"name\":\"GIUSTO MANETTI BATTILORO S.P.A.\",\"url\":\"https:\/\/www.manetti.com\/de\/\",\"logo\":{\"@type\":\"ImageObject\",\"inLanguage\":\"de\",\"@id\":\"https:\/\/www.manetti.com\/de\/#\/schema\/logo\/image\/\",\"url\":\"https:\/\/www.manetti.com\/wp-content\/uploads\/2025\/02\/giusto-manetti-blu_300-02.png\",\"contentUrl\":\"https:\/\/www.manetti.com\/wp-content\/uploads\/2025\/02\/giusto-manetti-blu_300-02.png\",\"width\":1123,\"height\":1093,\"caption\":\"GIUSTO MANETTI BATTILORO S.P.A.\"},\"image\":{\"@id\":\"https:\/\/www.manetti.com\/de\/#\/schema\/logo\/image\/\"},\"sameAs\":[\"https:\/\/www.facebook.com\/giustomanettibattiloro\",\"https:\/\/www.instagram.com\/giustomanettibattiloro\/\",\"https:\/\/www.linkedin.com\/company\/giusto-manetti-battiloro-s-p-a-\/\",\"https:\/\/www.youtube.com\/user\/ManettiBattiloro\"]}]}<\/script>\n<!-- \/ Yoast SEO plugin. -->","yoast_head_json":{"title":"Blattgold aus Draht in Heften zu 25 | %","description":"Seine Anwendung erfordert besondere F\u00e4higkeiten und Kenntnisse. Das Drahtgoldblatt, ist in Heften zu je 25 Bl\u00e4ttern verpackt.","robots":{"index":"index","follow":"follow","max-snippet":"max-snippet:-1","max-image-preview":"max-image-preview:large","max-video-preview":"max-video-preview:-1"},"canonical":"https:\/\/www.manetti.com\/de\/produkt\/drahtgoldblatt\/","og_locale":"de_DE","og_type":"article","og_title":"Blattgold aus Draht in Heften zu 25 | %","og_description":"Seine Anwendung erfordert besondere F\u00e4higkeiten und Kenntnisse. Das Drahtgoldblatt, ist in Heften zu je 25 Bl\u00e4ttern verpackt.","og_url":"https:\/\/www.manetti.com\/de\/produkt\/drahtgoldblatt\/","og_site_name":"Giusto Manetti Battiloro","article_publisher":"https:\/\/www.facebook.com\/giustomanettibattiloro","article_modified_time":"2025-12-03T16:37:53+00:00","og_image":[{"width":700,"height":700,"url":"https:\/\/www.manetti.com\/wp-content\/uploads\/2020\/01\/24KT-ORO-a-Filo_scatola-e-libretto_web.png","type":"image\/png"}],"twitter_card":"summary_large_image","schema":{"@context":"https:\/\/schema.org","@graph":[{"@type":"WebPage","@id":"https:\/\/www.manetti.com\/de\/produkt\/drahtgoldblatt\/","url":"https:\/\/www.manetti.com\/de\/produkt\/drahtgoldblatt\/","name":"Blattgold aus Draht in Heften zu 25 | %","isPartOf":{"@id":"https:\/\/www.manetti.com\/de\/#website"},"primaryImageOfPage":{"@id":"https:\/\/www.manetti.com\/de\/produkt\/drahtgoldblatt\/#primaryimage"},"image":{"@id":"https:\/\/www.manetti.com\/de\/produkt\/drahtgoldblatt\/#primaryimage"},"thumbnailUrl":"https:\/\/www.manetti.com\/wp-content\/uploads\/2020\/01\/24KT-ORO-a-Filo_scatola-e-libretto_web.png","datePublished":"2020-01-30T16:15:51+00:00","dateModified":"2025-12-03T16:37:53+00:00","description":"Seine Anwendung erfordert besondere F\u00e4higkeiten und Kenntnisse. Das Drahtgoldblatt, ist in Heften zu je 25 Bl\u00e4ttern verpackt.","inLanguage":"de","potentialAction":[{"@type":"ReadAction","target":["https:\/\/www.manetti.com\/de\/produkt\/drahtgoldblatt\/"]}]},{"@type":"ImageObject","inLanguage":"de","@id":"https:\/\/www.manetti.com\/de\/produkt\/drahtgoldblatt\/#primaryimage","url":"https:\/\/www.manetti.com\/wp-content\/uploads\/2020\/01\/24KT-ORO-a-Filo_scatola-e-libretto_web.png","contentUrl":"https:\/\/www.manetti.com\/wp-content\/uploads\/2020\/01\/24KT-ORO-a-Filo_scatola-e-libretto_web.png","width":700,"height":700},{"@type":"WebSite","@id":"https:\/\/www.manetti.com\/de\/#website","url":"https:\/\/www.manetti.com\/de\/","name":"Giusto Manetti Battiloro","description":"","publisher":{"@id":"https:\/\/www.manetti.com\/de\/#organization"},"potentialAction":[{"@type":"SearchAction","target":{"@type":"EntryPoint","urlTemplate":"https:\/\/www.manetti.com\/de\/?s={search_term_string}"},"query-input":{"@type":"PropertyValueSpecification","valueRequired":true,"valueName":"search_term_string"}}],"inLanguage":"de"},{"@type":"Organization","@id":"https:\/\/www.manetti.com\/de\/#organization","name":"GIUSTO MANETTI BATTILORO S.P.A.","url":"https:\/\/www.manetti.com\/de\/","logo":{"@type":"ImageObject","inLanguage":"de","@id":"https:\/\/www.manetti.com\/de\/#\/schema\/logo\/image\/","url":"https:\/\/www.manetti.com\/wp-content\/uploads\/2025\/02\/giusto-manetti-blu_300-02.png","contentUrl":"https:\/\/www.manetti.com\/wp-content\/uploads\/2025\/02\/giusto-manetti-blu_300-02.png","width":1123,"height":1093,"caption":"GIUSTO MANETTI BATTILORO S.P.A."},"image":{"@id":"https:\/\/www.manetti.com\/de\/#\/schema\/logo\/image\/"},"sameAs":["https:\/\/www.facebook.com\/giustomanettibattiloro","https:\/\/www.instagram.com\/giustomanettibattiloro\/","https:\/\/www.linkedin.com\/company\/giusto-manetti-battiloro-s-p-a-\/","https:\/\/www.youtube.com\/user\/ManettiBattiloro"]}]}},"_links":{"self":[{"href":"https:\/\/www.manetti.com\/de\/wp-json\/wp\/v2\/product\/47795","targetHints":{"allow":["GET"]}}],"collection":[{"href":"https:\/\/www.manetti.com\/de\/wp-json\/wp\/v2\/product"}],"about":[{"href":"https:\/\/www.manetti.com\/de\/wp-json\/wp\/v2\/types\/product"}],"wp:featuredmedia":[{"embeddable":true,"href":"https:\/\/www.manetti.com\/de\/wp-json\/wp\/v2\/media\/74109"}],"wp:attachment":[{"href":"https:\/\/www.manetti.com\/de\/wp-json\/wp\/v2\/media?parent=47795"}],"wp:term":[{"taxonomy":"product_brand","embeddable":true,"href":"https:\/\/www.manetti.com\/de\/wp-json\/wp\/v2\/product_brand?post=47795"},{"taxonomy":"product_cat","embeddable":true,"href":"https:\/\/www.manetti.com\/de\/wp-json\/wp\/v2\/product_cat?post=47795"},{"taxonomy":"product_tag","embeddable":true,"href":"https:\/\/www.manetti.com\/de\/wp-json\/wp\/v2\/product_tag?post=47795"},{"taxonomy":"product_area","embeddable":true,"href":"https:\/\/www.manetti.com\/de\/wp-json\/wp\/v2\/product_area?post=47795"},{"taxonomy":"catalog_category","embeddable":true,"href":"https:\/\/www.manetti.com\/de\/wp-json\/wp\/v2\/catalog_category?post=47795"}],"curies":[{"name":"wp","href":"https:\/\/api.w.org\/{rel}","templated":true}]}}