{"id":59492,"date":"2024-02-10T12:36:32","date_gmt":"2023-09-13T10:36:33","guid":{"rendered":"https:\/\/www.manetti.com\/?post_type=product&#038;p=59492"},"modified":"2025-05-13T11:19:38","modified_gmt":"2025-05-13T09:19:38","slug":"blattgold-und-silber-fine-arts-linie","status":"publish","type":"product","link":"https:\/\/www.manetti.com\/de\/produkt\/blattgold-blattsilber-fine-arts-linie\/","title":{"rendered":"Blattgold und -silber-Fine-Arts-Linie"},"content":{"rendered":"<p>Dies sind Etuis, die ein einzelnes Heft mit 5 oder 25 Bl\u00e4ttern enthalten, erh\u00e4ltlich in 11 echten Goldt\u00f6nen im Format 80 x 80 mm und in reinem Silber im Format 95 x 95 mm. Erh\u00e4ltlich sowohl als lose Bl\u00e4tter als auch in Transferausf\u00fchrung, werden sie in einer individuell gestalteten Verpackung angeboten, die die Auswahl des Goldtons erleichtert. Diese Verpackung ist eine innovative L\u00f6sung auf dem Blattgold- und Blattsilbermarkt und macht den Kauf verschiedener echter Goldt\u00f6ne auch f\u00fcr K\u00fcnstler, Studierende, Hobbyisten und Handwerker zug\u00e4nglich.<\/p>\n","protected":false},"excerpt":{"rendered":"<p>Jede Farbe wird in einer eigenen kundenspezifischen Verpackung geliefert, was die Pr\u00e4sentation, Ausstellung und den Verkauf des Produkts beg\u00fcnstigt. [&#8230;]<\/p>\n<p><a class=\"btn btn-secondary understrap-read-more-link\" href=\"https:\/\/www.manetti.com\/de\/produkt\/blattgold-blattsilber-fine-arts-linie\/\">Weiterlesen&#8230;<\/a><\/p>\n","protected":false},"featured_media":72003,"template":"","meta":{"_acf_changed":false},"product_brand":[],"product_cat":[467],"product_tag":[363],"product_area":[],"catalog_category":[],"class_list":{"0":"post-59492","1":"product","2":"type-product","3":"status-publish","4":"has-post-thumbnail","6":"product_cat-bildende-kunst","7":"product_tag-prodotti-speciali-de","9":"first","10":"instock","11":"shipping-taxable","12":"purchasable","13":"product-type-variable"},"acf":[],"yoast_head":"<!-- This site is optimized with the Yoast SEO plugin v26.5 - https:\/\/yoast.com\/wordpress\/plugins\/seo\/ -->\n<title>Blattgold und -silber f\u00fcr den Einzelhandel \u2013 Giusto Manetti Battiloro<\/title>\n<meta name=\"description\" content=\"Giusto Manetti Battiloro Blattgold und -silber in einem Heftchen ist eine absolute Neuheit f\u00fcr den Einzelhandel und Vertrieb in der Welt der Vergoldung.\" \/>\n<meta name=\"robots\" content=\"noindex, nofollow\" \/>\n<meta property=\"og:locale\" content=\"de_DE\" \/>\n<meta property=\"og:type\" content=\"article\" \/>\n<meta property=\"og:title\" content=\"Blattgold und -silber f\u00fcr den Einzelhandel \u2013 Giusto Manetti Battiloro\" \/>\n<meta property=\"og:description\" content=\"Giusto Manetti Battiloro Blattgold und -silber in einem Heftchen ist eine absolute Neuheit f\u00fcr den Einzelhandel und Vertrieb in der Welt der Vergoldung.\" \/>\n<meta property=\"og:url\" content=\"https:\/\/www.manetti.com\/de\/produkt\/blattgold-blattsilber-fine-arts-linie\/\" \/>\n<meta property=\"og:site_name\" content=\"Giusto Manetti Battiloro\" \/>\n<meta property=\"article:publisher\" content=\"https:\/\/www.facebook.com\/giustomanettibattiloro\" \/>\n<meta property=\"article:modified_time\" content=\"2025-05-13T09:19:38+00:00\" \/>\n<meta property=\"og:image\" content=\"https:\/\/www.manetti.com\/wp-content\/uploads\/2024\/02\/Foglia-oro-belle-arti.png\" \/>\n\t<meta property=\"og:image:width\" content=\"1000\" \/>\n\t<meta property=\"og:image:height\" content=\"1000\" \/>\n\t<meta property=\"og:image:type\" content=\"image\/png\" \/>\n<meta name=\"twitter:card\" content=\"summary_large_image\" \/>\n<script type=\"application\/ld+json\" class=\"yoast-schema-graph\">{\"@context\":\"https:\/\/schema.org\",\"@graph\":[{\"@type\":\"WebPage\",\"@id\":\"https:\/\/www.manetti.com\/de\/produkt\/blattgold-blattsilber-fine-arts-linie\/\",\"url\":\"https:\/\/www.manetti.com\/de\/produkt\/blattgold-blattsilber-fine-arts-linie\/\",\"name\":\"Blattgold und -silber f\u00fcr den Einzelhandel \u2013 Giusto Manetti Battiloro\",\"isPartOf\":{\"@id\":\"https:\/\/www.manetti.com\/de\/#website\"},\"primaryImageOfPage\":{\"@id\":\"https:\/\/www.manetti.com\/de\/produkt\/blattgold-blattsilber-fine-arts-linie\/#primaryimage\"},\"image\":{\"@id\":\"https:\/\/www.manetti.com\/de\/produkt\/blattgold-blattsilber-fine-arts-linie\/#primaryimage\"},\"thumbnailUrl\":\"https:\/\/www.manetti.com\/wp-content\/uploads\/2024\/02\/Foglia-oro-belle-arti.png\",\"datePublished\":\"2023-09-13T10:36:33+00:00\",\"dateModified\":\"2025-05-13T09:19:38+00:00\",\"description\":\"Giusto Manetti Battiloro Blattgold und -silber in einem Heftchen ist eine absolute Neuheit f\u00fcr den Einzelhandel und Vertrieb in der Welt der Vergoldung.\",\"inLanguage\":\"de\",\"potentialAction\":[{\"@type\":\"ReadAction\",\"target\":[\"https:\/\/www.manetti.com\/de\/produkt\/blattgold-blattsilber-fine-arts-linie\/\"]}]},{\"@type\":\"ImageObject\",\"inLanguage\":\"de\",\"@id\":\"https:\/\/www.manetti.com\/de\/produkt\/blattgold-blattsilber-fine-arts-linie\/#primaryimage\",\"url\":\"https:\/\/www.manetti.com\/wp-content\/uploads\/2024\/02\/Foglia-oro-belle-arti.png\",\"contentUrl\":\"https:\/\/www.manetti.com\/wp-content\/uploads\/2024\/02\/Foglia-oro-belle-arti.png\",\"width\":1000,\"height\":1000,\"caption\":\"Foglia oro belle arti\"},{\"@type\":\"WebSite\",\"@id\":\"https:\/\/www.manetti.com\/de\/#website\",\"url\":\"https:\/\/www.manetti.com\/de\/\",\"name\":\"Giusto Manetti Battiloro\",\"description\":\"\",\"publisher\":{\"@id\":\"https:\/\/www.manetti.com\/de\/#organization\"},\"potentialAction\":[{\"@type\":\"SearchAction\",\"target\":{\"@type\":\"EntryPoint\",\"urlTemplate\":\"https:\/\/www.manetti.com\/de\/?s={search_term_string}\"},\"query-input\":{\"@type\":\"PropertyValueSpecification\",\"valueRequired\":true,\"valueName\":\"search_term_string\"}}],\"inLanguage\":\"de\"},{\"@type\":\"Organization\",\"@id\":\"https:\/\/www.manetti.com\/de\/#organization\",\"name\":\"GIUSTO MANETTI BATTILORO S.P.A.\",\"url\":\"https:\/\/www.manetti.com\/de\/\",\"logo\":{\"@type\":\"ImageObject\",\"inLanguage\":\"de\",\"@id\":\"https:\/\/www.manetti.com\/de\/#\/schema\/logo\/image\/\",\"url\":\"https:\/\/www.manetti.com\/wp-content\/uploads\/2025\/02\/giusto-manetti-blu_300-02.png\",\"contentUrl\":\"https:\/\/www.manetti.com\/wp-content\/uploads\/2025\/02\/giusto-manetti-blu_300-02.png\",\"width\":1123,\"height\":1093,\"caption\":\"GIUSTO MANETTI BATTILORO S.P.A.\"},\"image\":{\"@id\":\"https:\/\/www.manetti.com\/de\/#\/schema\/logo\/image\/\"},\"sameAs\":[\"https:\/\/www.facebook.com\/giustomanettibattiloro\",\"https:\/\/www.instagram.com\/giustomanettibattiloro\/\",\"https:\/\/www.linkedin.com\/company\/giusto-manetti-battiloro-s-p-a-\/\",\"https:\/\/www.youtube.com\/user\/ManettiBattiloro\"]}]}<\/script>\n<!-- \/ Yoast SEO plugin. -->","yoast_head_json":{"title":"Blattgold und -silber f\u00fcr den Einzelhandel \u2013 Giusto Manetti Battiloro","description":"Giusto Manetti Battiloro Blattgold und -silber in einem Heftchen ist eine absolute Neuheit f\u00fcr den Einzelhandel und Vertrieb in der Welt der Vergoldung.","robots":{"index":"noindex","follow":"nofollow"},"og_locale":"de_DE","og_type":"article","og_title":"Blattgold und -silber f\u00fcr den Einzelhandel \u2013 Giusto Manetti Battiloro","og_description":"Giusto Manetti Battiloro Blattgold und -silber in einem Heftchen ist eine absolute Neuheit f\u00fcr den Einzelhandel und Vertrieb in der Welt der Vergoldung.","og_url":"https:\/\/www.manetti.com\/de\/produkt\/blattgold-blattsilber-fine-arts-linie\/","og_site_name":"Giusto Manetti Battiloro","article_publisher":"https:\/\/www.facebook.com\/giustomanettibattiloro","article_modified_time":"2025-05-13T09:19:38+00:00","og_image":[{"width":1000,"height":1000,"url":"https:\/\/www.manetti.com\/wp-content\/uploads\/2024\/02\/Foglia-oro-belle-arti.png","type":"image\/png"}],"twitter_card":"summary_large_image","schema":{"@context":"https:\/\/schema.org","@graph":[{"@type":"WebPage","@id":"https:\/\/www.manetti.com\/de\/produkt\/blattgold-blattsilber-fine-arts-linie\/","url":"https:\/\/www.manetti.com\/de\/produkt\/blattgold-blattsilber-fine-arts-linie\/","name":"Blattgold und -silber f\u00fcr den Einzelhandel \u2013 Giusto Manetti Battiloro","isPartOf":{"@id":"https:\/\/www.manetti.com\/de\/#website"},"primaryImageOfPage":{"@id":"https:\/\/www.manetti.com\/de\/produkt\/blattgold-blattsilber-fine-arts-linie\/#primaryimage"},"image":{"@id":"https:\/\/www.manetti.com\/de\/produkt\/blattgold-blattsilber-fine-arts-linie\/#primaryimage"},"thumbnailUrl":"https:\/\/www.manetti.com\/wp-content\/uploads\/2024\/02\/Foglia-oro-belle-arti.png","datePublished":"2023-09-13T10:36:33+00:00","dateModified":"2025-05-13T09:19:38+00:00","description":"Giusto Manetti Battiloro Blattgold und -silber in einem Heftchen ist eine absolute Neuheit f\u00fcr den Einzelhandel und Vertrieb in der Welt der Vergoldung.","inLanguage":"de","potentialAction":[{"@type":"ReadAction","target":["https:\/\/www.manetti.com\/de\/produkt\/blattgold-blattsilber-fine-arts-linie\/"]}]},{"@type":"ImageObject","inLanguage":"de","@id":"https:\/\/www.manetti.com\/de\/produkt\/blattgold-blattsilber-fine-arts-linie\/#primaryimage","url":"https:\/\/www.manetti.com\/wp-content\/uploads\/2024\/02\/Foglia-oro-belle-arti.png","contentUrl":"https:\/\/www.manetti.com\/wp-content\/uploads\/2024\/02\/Foglia-oro-belle-arti.png","width":1000,"height":1000,"caption":"Foglia oro belle arti"},{"@type":"WebSite","@id":"https:\/\/www.manetti.com\/de\/#website","url":"https:\/\/www.manetti.com\/de\/","name":"Giusto Manetti Battiloro","description":"","publisher":{"@id":"https:\/\/www.manetti.com\/de\/#organization"},"potentialAction":[{"@type":"SearchAction","target":{"@type":"EntryPoint","urlTemplate":"https:\/\/www.manetti.com\/de\/?s={search_term_string}"},"query-input":{"@type":"PropertyValueSpecification","valueRequired":true,"valueName":"search_term_string"}}],"inLanguage":"de"},{"@type":"Organization","@id":"https:\/\/www.manetti.com\/de\/#organization","name":"GIUSTO MANETTI BATTILORO S.P.A.","url":"https:\/\/www.manetti.com\/de\/","logo":{"@type":"ImageObject","inLanguage":"de","@id":"https:\/\/www.manetti.com\/de\/#\/schema\/logo\/image\/","url":"https:\/\/www.manetti.com\/wp-content\/uploads\/2025\/02\/giusto-manetti-blu_300-02.png","contentUrl":"https:\/\/www.manetti.com\/wp-content\/uploads\/2025\/02\/giusto-manetti-blu_300-02.png","width":1123,"height":1093,"caption":"GIUSTO MANETTI BATTILORO S.P.A."},"image":{"@id":"https:\/\/www.manetti.com\/de\/#\/schema\/logo\/image\/"},"sameAs":["https:\/\/www.facebook.com\/giustomanettibattiloro","https:\/\/www.instagram.com\/giustomanettibattiloro\/","https:\/\/www.linkedin.com\/company\/giusto-manetti-battiloro-s-p-a-\/","https:\/\/www.youtube.com\/user\/ManettiBattiloro"]}]}},"_links":{"self":[{"href":"https:\/\/www.manetti.com\/de\/wp-json\/wp\/v2\/product\/59492","targetHints":{"allow":["GET"]}}],"collection":[{"href":"https:\/\/www.manetti.com\/de\/wp-json\/wp\/v2\/product"}],"about":[{"href":"https:\/\/www.manetti.com\/de\/wp-json\/wp\/v2\/types\/product"}],"wp:featuredmedia":[{"embeddable":true,"href":"https:\/\/www.manetti.com\/de\/wp-json\/wp\/v2\/media\/72003"}],"wp:attachment":[{"href":"https:\/\/www.manetti.com\/de\/wp-json\/wp\/v2\/media?parent=59492"}],"wp:term":[{"taxonomy":"product_brand","embeddable":true,"href":"https:\/\/www.manetti.com\/de\/wp-json\/wp\/v2\/product_brand?post=59492"},{"taxonomy":"product_cat","embeddable":true,"href":"https:\/\/www.manetti.com\/de\/wp-json\/wp\/v2\/product_cat?post=59492"},{"taxonomy":"product_tag","embeddable":true,"href":"https:\/\/www.manetti.com\/de\/wp-json\/wp\/v2\/product_tag?post=59492"},{"taxonomy":"product_area","embeddable":true,"href":"https:\/\/www.manetti.com\/de\/wp-json\/wp\/v2\/product_area?post=59492"},{"taxonomy":"catalog_category","embeddable":true,"href":"https:\/\/www.manetti.com\/de\/wp-json\/wp\/v2\/catalog_category?post=59492"}],"curies":[{"name":"wp","href":"https:\/\/api.w.org\/{rel}","templated":true}]}}