{"id":59658,"date":"2023-09-13T15:36:15","date_gmt":"2023-09-13T13:36:16","guid":{"rendered":"https:\/\/www.manetti.com\/?post_type=product&#038;p=59658"},"modified":"2024-03-28T11:27:28","modified_gmt":"2024-03-28T10:27:28","slug":"schlagmetall-16-x-16-cm-in-einzelnen-umschlagen","status":"publish","type":"product","link":"https:\/\/www.manetti.com\/de\/produkt\/schlagmetall-16-x-16-cm-in-einzelnen-umschlagen\/","title":{"rendered":"Schlagmetall 16 x 16 cm linie bildende kunst"},"content":{"rendered":"<p>Riese von 100 oder 500 Blattimitaten im Format 16&#215;16 cm und im losen Format, einzeln verpackt in Umschl\u00e4gen. Auf der Au\u00dfenverpackung ist der jeweilige Barcode und die Farbe des darin enthaltenen Blattes abgebildet. Alle Verpackungen werden sorgf\u00e4ltig versiegelt, um das Blatt vor Oxidation zu sch\u00fctzen.<\/p>\n","protected":false},"excerpt":{"rendered":"<p>Die Bl\u00e4tter aus Gold-, Aluminium- und Kupferimitat sind in Einzelpackungen verpackt und werden in Schachteln zu 10 St\u00fcck verkauft. Die Packungen sind sowohl f\u00fcr Riese mit 100\/500 Bl\u00e4ttern im Format 16 x 16 cm\u00a0 in der St\u00e4rke M (Medium). [&#8230;]<\/p>\n<p><a class=\"btn btn-secondary understrap-read-more-link\" href=\"https:\/\/www.manetti.com\/de\/produkt\/schlagmetall-16-x-16-cm-in-einzelnen-umschlagen\/\">Weiterlesen&#8230;<\/a><\/p>\n","protected":false},"featured_media":72988,"template":"","meta":{"_acf_changed":false},"product_brand":[],"product_cat":[467],"product_tag":[],"product_area":[],"catalog_category":[],"class_list":{"0":"post-59658","1":"product","2":"type-product","3":"status-publish","4":"has-post-thumbnail","6":"product_cat-bildende-kunst","8":"first","9":"instock","10":"shipping-taxable","11":"purchasable","12":"product-type-variable"},"acf":[],"yoast_head":"<!-- This site is optimized with the Yoast SEO plugin v26.5 - https:\/\/yoast.com\/wordpress\/plugins\/seo\/ -->\n<title>Blattgold-, Silber-, Aluminium-, Kupferimitat in Einzelpackungen<\/title>\n<meta name=\"description\" content=\"Riese von 100 oder 500 Blattimitaten im Format 16x16 cm und im losen Format, einzeln verpackt in Umschl\u00e4gen.\" \/>\n<meta name=\"robots\" content=\"noindex, nofollow\" \/>\n<meta property=\"og:locale\" content=\"de_DE\" \/>\n<meta property=\"og:type\" content=\"article\" \/>\n<meta property=\"og:title\" content=\"Blattgold-, Silber-, Aluminium-, Kupferimitat in Einzelpackungen\" \/>\n<meta property=\"og:description\" content=\"Riese von 100 oder 500 Blattimitaten im Format 16x16 cm und im losen Format, einzeln verpackt in Umschl\u00e4gen.\" \/>\n<meta property=\"og:url\" content=\"https:\/\/www.manetti.com\/de\/produkt\/schlagmetall-16-x-16-cm-in-einzelnen-umschlagen\/\" \/>\n<meta property=\"og:site_name\" content=\"Giusto Manetti Battiloro\" \/>\n<meta property=\"article:publisher\" content=\"https:\/\/www.facebook.com\/giustomanettibattiloro\" \/>\n<meta property=\"article:modified_time\" content=\"2024-03-28T10:27:28+00:00\" \/>\n<meta property=\"og:image\" content=\"https:\/\/www.manetti.com\/wp-content\/uploads\/2021\/02\/imitazione-astuccio-2.png\" \/>\n\t<meta property=\"og:image:width\" content=\"200\" \/>\n\t<meta property=\"og:image:height\" content=\"200\" \/>\n\t<meta property=\"og:image:type\" content=\"image\/png\" \/>\n<meta name=\"twitter:card\" content=\"summary_large_image\" \/>\n<meta name=\"twitter:label1\" content=\"Gesch\u00e4tzte Lesezeit\" \/>\n\t<meta name=\"twitter:data1\" content=\"1\u00a0Minute\" \/>\n<script type=\"application\/ld+json\" class=\"yoast-schema-graph\">{\"@context\":\"https:\/\/schema.org\",\"@graph\":[{\"@type\":\"WebPage\",\"@id\":\"https:\/\/www.manetti.com\/de\/produkt\/schlagmetall-16-x-16-cm-in-einzelnen-umschlagen\/\",\"url\":\"https:\/\/www.manetti.com\/de\/produkt\/schlagmetall-16-x-16-cm-in-einzelnen-umschlagen\/\",\"name\":\"Blattgold-, Silber-, Aluminium-, Kupferimitat in Einzelpackungen\",\"isPartOf\":{\"@id\":\"https:\/\/www.manetti.com\/de\/#website\"},\"primaryImageOfPage\":{\"@id\":\"https:\/\/www.manetti.com\/de\/produkt\/schlagmetall-16-x-16-cm-in-einzelnen-umschlagen\/#primaryimage\"},\"image\":{\"@id\":\"https:\/\/www.manetti.com\/de\/produkt\/schlagmetall-16-x-16-cm-in-einzelnen-umschlagen\/#primaryimage\"},\"thumbnailUrl\":\"https:\/\/www.manetti.com\/wp-content\/uploads\/2024\/01\/16x16-Risme-color-25_web_-giusto-manetti-battiloro.png\",\"datePublished\":\"2023-09-13T13:36:16+00:00\",\"dateModified\":\"2024-03-28T10:27:28+00:00\",\"description\":\"Riese von 100 oder 500 Blattimitaten im Format 16x16 cm und im losen Format, einzeln verpackt in Umschl\u00e4gen.\",\"inLanguage\":\"de\",\"potentialAction\":[{\"@type\":\"ReadAction\",\"target\":[\"https:\/\/www.manetti.com\/de\/produkt\/schlagmetall-16-x-16-cm-in-einzelnen-umschlagen\/\"]}]},{\"@type\":\"ImageObject\",\"inLanguage\":\"de\",\"@id\":\"https:\/\/www.manetti.com\/de\/produkt\/schlagmetall-16-x-16-cm-in-einzelnen-umschlagen\/#primaryimage\",\"url\":\"https:\/\/www.manetti.com\/wp-content\/uploads\/2024\/01\/16x16-Risme-color-25_web_-giusto-manetti-battiloro.png\",\"contentUrl\":\"https:\/\/www.manetti.com\/wp-content\/uploads\/2024\/01\/16x16-Risme-color-25_web_-giusto-manetti-battiloro.png\",\"width\":900,\"height\":900},{\"@type\":\"WebSite\",\"@id\":\"https:\/\/www.manetti.com\/de\/#website\",\"url\":\"https:\/\/www.manetti.com\/de\/\",\"name\":\"Giusto Manetti Battiloro\",\"description\":\"\",\"publisher\":{\"@id\":\"https:\/\/www.manetti.com\/de\/#organization\"},\"potentialAction\":[{\"@type\":\"SearchAction\",\"target\":{\"@type\":\"EntryPoint\",\"urlTemplate\":\"https:\/\/www.manetti.com\/de\/?s={search_term_string}\"},\"query-input\":{\"@type\":\"PropertyValueSpecification\",\"valueRequired\":true,\"valueName\":\"search_term_string\"}}],\"inLanguage\":\"de\"},{\"@type\":\"Organization\",\"@id\":\"https:\/\/www.manetti.com\/de\/#organization\",\"name\":\"GIUSTO MANETTI BATTILORO S.P.A.\",\"url\":\"https:\/\/www.manetti.com\/de\/\",\"logo\":{\"@type\":\"ImageObject\",\"inLanguage\":\"de\",\"@id\":\"https:\/\/www.manetti.com\/de\/#\/schema\/logo\/image\/\",\"url\":\"https:\/\/www.manetti.com\/wp-content\/uploads\/2025\/02\/giusto-manetti-blu_300-02.png\",\"contentUrl\":\"https:\/\/www.manetti.com\/wp-content\/uploads\/2025\/02\/giusto-manetti-blu_300-02.png\",\"width\":1123,\"height\":1093,\"caption\":\"GIUSTO MANETTI BATTILORO S.P.A.\"},\"image\":{\"@id\":\"https:\/\/www.manetti.com\/de\/#\/schema\/logo\/image\/\"},\"sameAs\":[\"https:\/\/www.facebook.com\/giustomanettibattiloro\",\"https:\/\/www.instagram.com\/giustomanettibattiloro\/\",\"https:\/\/www.linkedin.com\/company\/giusto-manetti-battiloro-s-p-a-\/\",\"https:\/\/www.youtube.com\/user\/ManettiBattiloro\"]}]}<\/script>\n<!-- \/ Yoast SEO plugin. -->","yoast_head_json":{"title":"Blattgold-, Silber-, Aluminium-, Kupferimitat in Einzelpackungen","description":"Riese von 100 oder 500 Blattimitaten im Format 16x16 cm und im losen Format, einzeln verpackt in Umschl\u00e4gen.","robots":{"index":"noindex","follow":"nofollow"},"og_locale":"de_DE","og_type":"article","og_title":"Blattgold-, Silber-, Aluminium-, Kupferimitat in Einzelpackungen","og_description":"Riese von 100 oder 500 Blattimitaten im Format 16x16 cm und im losen Format, einzeln verpackt in Umschl\u00e4gen.","og_url":"https:\/\/www.manetti.com\/de\/produkt\/schlagmetall-16-x-16-cm-in-einzelnen-umschlagen\/","og_site_name":"Giusto Manetti Battiloro","article_publisher":"https:\/\/www.facebook.com\/giustomanettibattiloro","article_modified_time":"2024-03-28T10:27:28+00:00","og_image":[{"width":200,"height":200,"url":"https:\/\/www.manetti.com\/wp-content\/uploads\/2021\/02\/imitazione-astuccio-2.png","type":"image\/png"}],"twitter_card":"summary_large_image","twitter_misc":{"Gesch\u00e4tzte Lesezeit":"1\u00a0Minute"},"schema":{"@context":"https:\/\/schema.org","@graph":[{"@type":"WebPage","@id":"https:\/\/www.manetti.com\/de\/produkt\/schlagmetall-16-x-16-cm-in-einzelnen-umschlagen\/","url":"https:\/\/www.manetti.com\/de\/produkt\/schlagmetall-16-x-16-cm-in-einzelnen-umschlagen\/","name":"Blattgold-, Silber-, Aluminium-, Kupferimitat in Einzelpackungen","isPartOf":{"@id":"https:\/\/www.manetti.com\/de\/#website"},"primaryImageOfPage":{"@id":"https:\/\/www.manetti.com\/de\/produkt\/schlagmetall-16-x-16-cm-in-einzelnen-umschlagen\/#primaryimage"},"image":{"@id":"https:\/\/www.manetti.com\/de\/produkt\/schlagmetall-16-x-16-cm-in-einzelnen-umschlagen\/#primaryimage"},"thumbnailUrl":"https:\/\/www.manetti.com\/wp-content\/uploads\/2024\/01\/16x16-Risme-color-25_web_-giusto-manetti-battiloro.png","datePublished":"2023-09-13T13:36:16+00:00","dateModified":"2024-03-28T10:27:28+00:00","description":"Riese von 100 oder 500 Blattimitaten im Format 16x16 cm und im losen Format, einzeln verpackt in Umschl\u00e4gen.","inLanguage":"de","potentialAction":[{"@type":"ReadAction","target":["https:\/\/www.manetti.com\/de\/produkt\/schlagmetall-16-x-16-cm-in-einzelnen-umschlagen\/"]}]},{"@type":"ImageObject","inLanguage":"de","@id":"https:\/\/www.manetti.com\/de\/produkt\/schlagmetall-16-x-16-cm-in-einzelnen-umschlagen\/#primaryimage","url":"https:\/\/www.manetti.com\/wp-content\/uploads\/2024\/01\/16x16-Risme-color-25_web_-giusto-manetti-battiloro.png","contentUrl":"https:\/\/www.manetti.com\/wp-content\/uploads\/2024\/01\/16x16-Risme-color-25_web_-giusto-manetti-battiloro.png","width":900,"height":900},{"@type":"WebSite","@id":"https:\/\/www.manetti.com\/de\/#website","url":"https:\/\/www.manetti.com\/de\/","name":"Giusto Manetti Battiloro","description":"","publisher":{"@id":"https:\/\/www.manetti.com\/de\/#organization"},"potentialAction":[{"@type":"SearchAction","target":{"@type":"EntryPoint","urlTemplate":"https:\/\/www.manetti.com\/de\/?s={search_term_string}"},"query-input":{"@type":"PropertyValueSpecification","valueRequired":true,"valueName":"search_term_string"}}],"inLanguage":"de"},{"@type":"Organization","@id":"https:\/\/www.manetti.com\/de\/#organization","name":"GIUSTO MANETTI BATTILORO S.P.A.","url":"https:\/\/www.manetti.com\/de\/","logo":{"@type":"ImageObject","inLanguage":"de","@id":"https:\/\/www.manetti.com\/de\/#\/schema\/logo\/image\/","url":"https:\/\/www.manetti.com\/wp-content\/uploads\/2025\/02\/giusto-manetti-blu_300-02.png","contentUrl":"https:\/\/www.manetti.com\/wp-content\/uploads\/2025\/02\/giusto-manetti-blu_300-02.png","width":1123,"height":1093,"caption":"GIUSTO MANETTI BATTILORO S.P.A."},"image":{"@id":"https:\/\/www.manetti.com\/de\/#\/schema\/logo\/image\/"},"sameAs":["https:\/\/www.facebook.com\/giustomanettibattiloro","https:\/\/www.instagram.com\/giustomanettibattiloro\/","https:\/\/www.linkedin.com\/company\/giusto-manetti-battiloro-s-p-a-\/","https:\/\/www.youtube.com\/user\/ManettiBattiloro"]}]}},"_links":{"self":[{"href":"https:\/\/www.manetti.com\/de\/wp-json\/wp\/v2\/product\/59658","targetHints":{"allow":["GET"]}}],"collection":[{"href":"https:\/\/www.manetti.com\/de\/wp-json\/wp\/v2\/product"}],"about":[{"href":"https:\/\/www.manetti.com\/de\/wp-json\/wp\/v2\/types\/product"}],"wp:featuredmedia":[{"embeddable":true,"href":"https:\/\/www.manetti.com\/de\/wp-json\/wp\/v2\/media\/72988"}],"wp:attachment":[{"href":"https:\/\/www.manetti.com\/de\/wp-json\/wp\/v2\/media?parent=59658"}],"wp:term":[{"taxonomy":"product_brand","embeddable":true,"href":"https:\/\/www.manetti.com\/de\/wp-json\/wp\/v2\/product_brand?post=59658"},{"taxonomy":"product_cat","embeddable":true,"href":"https:\/\/www.manetti.com\/de\/wp-json\/wp\/v2\/product_cat?post=59658"},{"taxonomy":"product_tag","embeddable":true,"href":"https:\/\/www.manetti.com\/de\/wp-json\/wp\/v2\/product_tag?post=59658"},{"taxonomy":"product_area","embeddable":true,"href":"https:\/\/www.manetti.com\/de\/wp-json\/wp\/v2\/product_area?post=59658"},{"taxonomy":"catalog_category","embeddable":true,"href":"https:\/\/www.manetti.com\/de\/wp-json\/wp\/v2\/catalog_category?post=59658"}],"curies":[{"name":"wp","href":"https:\/\/api.w.org\/{rel}","templated":true}]}}