{"id":59730,"date":"2023-09-13T15:41:14","date_gmt":"2023-09-13T13:41:14","guid":{"rendered":"https:\/\/www.manetti.com\/?post_type=product&#038;p=59730"},"modified":"2025-08-26T14:55:47","modified_gmt":"2025-08-26T12:55:47","slug":"schlagmetall-14-x-14-cm","status":"publish","type":"product","link":"https:\/\/www.manetti.com\/de\/produkt\/schlagmetall-14-x-14-cm\/","title":{"rendered":"Schlagmetall 14 x 14 cm"},"content":{"rendered":"<p>Blattgr\u00f6\u00dfe 14 x 14 cm ist in 25-Blatt-Heften verpackt und ist sowohl in freier als auch in Decalcomanie-Form erh\u00e4ltlich.<\/p>\n<p>Die 25-Blatt-Hefte k\u00f6nnen in Sets mit 10 einzelnen Etuis oder in Boxen mit 20 B\u00fcchern geliefert werden. Alle Verpackungen werden sorgf\u00e4ltig versiegelt, um das Blatt vor Oxidation zu sch\u00fctzen.<\/p>\n<p>Die freie Goldimitationsfolie kann f\u00fcr die Vergoldung von sowohl flachen als auch geschnitzten Oberfl\u00e4chen verwendet werden.<\/p>\n<p>Die Decalcomanie-Folie, im Gegensatz zur freien Folie, liegt auf einem Seidenpapiertr\u00e4ger auf, so dass sie leichter zu handhaben ist und normalerweise f\u00fcr die Dekoration von flachen Oberfl\u00e4chen verwendet wird.<\/p>\n<p>Neben den beiden Farben Gold, Aluminium und Kupfer ist das Blatt 14 x 14 cm auch in verschiedenen Schattierungen auf Gold- oder Kupferbasis erh\u00e4ltlich.<\/p>\n","protected":false},"excerpt":{"rendered":"<p>Die Nachahmungsb\u00fcchlein im Format 14 x 14 cm mit 25 Bl\u00e4ttern sind im losen oder Transferformat erh\u00e4ltlich. Sie k\u00f6nnen in Packungen mit 10 Einzelh\u00fcllen oder in Kartons mit 20 Heften geliefert werden. Alle Verpackungen werden sorgf\u00e4ltig versiegelt, um das Blatt vor Oxidation zu sch\u00fctzen. Neben den beiden Farben Gold, Aluminium und Kupfer ist das Blatt 14 x 14 cm auch in verschiedenen Schattierungen auf Gold- oder Kupferbasis erh\u00e4ltlich. [&#8230;]<\/p>\n<p><a class=\"btn btn-secondary understrap-read-more-link\" href=\"https:\/\/www.manetti.com\/de\/produkt\/schlagmetall-14-x-14-cm\/\">Weiterlesen&#8230;<\/a><\/p>\n","protected":false},"featured_media":81211,"template":"","meta":{"_acf_changed":false},"product_brand":[],"product_cat":[353],"product_tag":[],"product_area":[],"catalog_category":[803,822],"class_list":{"0":"post-59730","1":"product","2":"type-product","3":"status-publish","4":"has-post-thumbnail","6":"product_cat-schlagmetall","7":"catalog_category-vergoldung-mit-imitationsgoldblatt","8":"catalog_category-vergoldung-mit-imitationsgoldblatt-schlagmetall","10":"first","11":"instock","12":"shipping-taxable","13":"purchasable","14":"product-type-variable"},"acf":[],"yoast_head":"<!-- This site is optimized with the Yoast SEO plugin v26.5 - https:\/\/yoast.com\/wordpress\/plugins\/seo\/ -->\n<title>Blattgold-, Silber-, Aluminium-, Kupferimitat in Einzelpackungen<\/title>\n<meta name=\"description\" content=\"Neben den beiden Farben Gold, Aluminium und Kupfer ist das Blatt 14 x 14 cm auch in verschiedenen Schattierungen auf Gold- oder Kupferbasis erh\u00e4ltlich.\" \/>\n<meta name=\"robots\" content=\"noindex, nofollow\" \/>\n<meta property=\"og:locale\" content=\"de_DE\" \/>\n<meta property=\"og:type\" content=\"article\" \/>\n<meta property=\"og:title\" content=\"Blattgold-, Silber-, Aluminium-, Kupferimitat in Einzelpackungen\" \/>\n<meta property=\"og:description\" content=\"Neben den beiden Farben Gold, Aluminium und Kupfer ist das Blatt 14 x 14 cm auch in verschiedenen Schattierungen auf Gold- oder Kupferbasis erh\u00e4ltlich.\" \/>\n<meta property=\"og:url\" content=\"https:\/\/www.manetti.com\/de\/produkt\/schlagmetall-14-x-14-cm\/\" \/>\n<meta property=\"og:site_name\" content=\"Giusto Manetti Battiloro\" \/>\n<meta property=\"article:publisher\" content=\"https:\/\/www.facebook.com\/giustomanettibattiloro\" \/>\n<meta property=\"article:modified_time\" content=\"2025-08-26T12:55:47+00:00\" \/>\n<meta property=\"og:image\" content=\"https:\/\/www.manetti.com\/wp-content\/uploads\/2024\/01\/2_libera-blister-libretto-2025_web.png\" \/>\n\t<meta property=\"og:image:width\" content=\"1200\" \/>\n\t<meta property=\"og:image:height\" content=\"1200\" \/>\n\t<meta property=\"og:image:type\" content=\"image\/png\" \/>\n<meta name=\"twitter:card\" content=\"summary_large_image\" \/>\n<meta name=\"twitter:label1\" content=\"Gesch\u00e4tzte Lesezeit\" \/>\n\t<meta name=\"twitter:data1\" content=\"1\u00a0Minute\" \/>\n<script type=\"application\/ld+json\" class=\"yoast-schema-graph\">{\"@context\":\"https:\/\/schema.org\",\"@graph\":[{\"@type\":\"WebPage\",\"@id\":\"https:\/\/www.manetti.com\/de\/produkt\/schlagmetall-14-x-14-cm\/\",\"url\":\"https:\/\/www.manetti.com\/de\/produkt\/schlagmetall-14-x-14-cm\/\",\"name\":\"Blattgold-, Silber-, Aluminium-, Kupferimitat in Einzelpackungen\",\"isPartOf\":{\"@id\":\"https:\/\/www.manetti.com\/de\/#website\"},\"primaryImageOfPage\":{\"@id\":\"https:\/\/www.manetti.com\/de\/produkt\/schlagmetall-14-x-14-cm\/#primaryimage\"},\"image\":{\"@id\":\"https:\/\/www.manetti.com\/de\/produkt\/schlagmetall-14-x-14-cm\/#primaryimage\"},\"thumbnailUrl\":\"https:\/\/www.manetti.com\/wp-content\/uploads\/2024\/01\/2_libera-blister-libretto-2025_web.png\",\"datePublished\":\"2023-09-13T13:41:14+00:00\",\"dateModified\":\"2025-08-26T12:55:47+00:00\",\"description\":\"Neben den beiden Farben Gold, Aluminium und Kupfer ist das Blatt 14 x 14 cm auch in verschiedenen Schattierungen auf Gold- oder Kupferbasis erh\u00e4ltlich.\",\"inLanguage\":\"de\",\"potentialAction\":[{\"@type\":\"ReadAction\",\"target\":[\"https:\/\/www.manetti.com\/de\/produkt\/schlagmetall-14-x-14-cm\/\"]}]},{\"@type\":\"ImageObject\",\"inLanguage\":\"de\",\"@id\":\"https:\/\/www.manetti.com\/de\/produkt\/schlagmetall-14-x-14-cm\/#primaryimage\",\"url\":\"https:\/\/www.manetti.com\/wp-content\/uploads\/2024\/01\/2_libera-blister-libretto-2025_web.png\",\"contentUrl\":\"https:\/\/www.manetti.com\/wp-content\/uploads\/2024\/01\/2_libera-blister-libretto-2025_web.png\",\"width\":1200,\"height\":1200},{\"@type\":\"WebSite\",\"@id\":\"https:\/\/www.manetti.com\/de\/#website\",\"url\":\"https:\/\/www.manetti.com\/de\/\",\"name\":\"Giusto Manetti Battiloro\",\"description\":\"\",\"publisher\":{\"@id\":\"https:\/\/www.manetti.com\/de\/#organization\"},\"potentialAction\":[{\"@type\":\"SearchAction\",\"target\":{\"@type\":\"EntryPoint\",\"urlTemplate\":\"https:\/\/www.manetti.com\/de\/?s={search_term_string}\"},\"query-input\":{\"@type\":\"PropertyValueSpecification\",\"valueRequired\":true,\"valueName\":\"search_term_string\"}}],\"inLanguage\":\"de\"},{\"@type\":\"Organization\",\"@id\":\"https:\/\/www.manetti.com\/de\/#organization\",\"name\":\"GIUSTO MANETTI BATTILORO S.P.A.\",\"url\":\"https:\/\/www.manetti.com\/de\/\",\"logo\":{\"@type\":\"ImageObject\",\"inLanguage\":\"de\",\"@id\":\"https:\/\/www.manetti.com\/de\/#\/schema\/logo\/image\/\",\"url\":\"https:\/\/www.manetti.com\/wp-content\/uploads\/2025\/02\/giusto-manetti-blu_300-02.png\",\"contentUrl\":\"https:\/\/www.manetti.com\/wp-content\/uploads\/2025\/02\/giusto-manetti-blu_300-02.png\",\"width\":1123,\"height\":1093,\"caption\":\"GIUSTO MANETTI BATTILORO S.P.A.\"},\"image\":{\"@id\":\"https:\/\/www.manetti.com\/de\/#\/schema\/logo\/image\/\"},\"sameAs\":[\"https:\/\/www.facebook.com\/giustomanettibattiloro\",\"https:\/\/www.instagram.com\/giustomanettibattiloro\/\",\"https:\/\/www.linkedin.com\/company\/giusto-manetti-battiloro-s-p-a-\/\",\"https:\/\/www.youtube.com\/user\/ManettiBattiloro\"]}]}<\/script>\n<!-- \/ Yoast SEO plugin. -->","yoast_head_json":{"title":"Blattgold-, Silber-, Aluminium-, Kupferimitat in Einzelpackungen","description":"Neben den beiden Farben Gold, Aluminium und Kupfer ist das Blatt 14 x 14 cm auch in verschiedenen Schattierungen auf Gold- oder Kupferbasis erh\u00e4ltlich.","robots":{"index":"noindex","follow":"nofollow"},"og_locale":"de_DE","og_type":"article","og_title":"Blattgold-, Silber-, Aluminium-, Kupferimitat in Einzelpackungen","og_description":"Neben den beiden Farben Gold, Aluminium und Kupfer ist das Blatt 14 x 14 cm auch in verschiedenen Schattierungen auf Gold- oder Kupferbasis erh\u00e4ltlich.","og_url":"https:\/\/www.manetti.com\/de\/produkt\/schlagmetall-14-x-14-cm\/","og_site_name":"Giusto Manetti Battiloro","article_publisher":"https:\/\/www.facebook.com\/giustomanettibattiloro","article_modified_time":"2025-08-26T12:55:47+00:00","og_image":[{"width":1200,"height":1200,"url":"https:\/\/www.manetti.com\/wp-content\/uploads\/2024\/01\/2_libera-blister-libretto-2025_web.png","type":"image\/png"}],"twitter_card":"summary_large_image","twitter_misc":{"Gesch\u00e4tzte Lesezeit":"1\u00a0Minute"},"schema":{"@context":"https:\/\/schema.org","@graph":[{"@type":"WebPage","@id":"https:\/\/www.manetti.com\/de\/produkt\/schlagmetall-14-x-14-cm\/","url":"https:\/\/www.manetti.com\/de\/produkt\/schlagmetall-14-x-14-cm\/","name":"Blattgold-, Silber-, Aluminium-, Kupferimitat in Einzelpackungen","isPartOf":{"@id":"https:\/\/www.manetti.com\/de\/#website"},"primaryImageOfPage":{"@id":"https:\/\/www.manetti.com\/de\/produkt\/schlagmetall-14-x-14-cm\/#primaryimage"},"image":{"@id":"https:\/\/www.manetti.com\/de\/produkt\/schlagmetall-14-x-14-cm\/#primaryimage"},"thumbnailUrl":"https:\/\/www.manetti.com\/wp-content\/uploads\/2024\/01\/2_libera-blister-libretto-2025_web.png","datePublished":"2023-09-13T13:41:14+00:00","dateModified":"2025-08-26T12:55:47+00:00","description":"Neben den beiden Farben Gold, Aluminium und Kupfer ist das Blatt 14 x 14 cm auch in verschiedenen Schattierungen auf Gold- oder Kupferbasis erh\u00e4ltlich.","inLanguage":"de","potentialAction":[{"@type":"ReadAction","target":["https:\/\/www.manetti.com\/de\/produkt\/schlagmetall-14-x-14-cm\/"]}]},{"@type":"ImageObject","inLanguage":"de","@id":"https:\/\/www.manetti.com\/de\/produkt\/schlagmetall-14-x-14-cm\/#primaryimage","url":"https:\/\/www.manetti.com\/wp-content\/uploads\/2024\/01\/2_libera-blister-libretto-2025_web.png","contentUrl":"https:\/\/www.manetti.com\/wp-content\/uploads\/2024\/01\/2_libera-blister-libretto-2025_web.png","width":1200,"height":1200},{"@type":"WebSite","@id":"https:\/\/www.manetti.com\/de\/#website","url":"https:\/\/www.manetti.com\/de\/","name":"Giusto Manetti Battiloro","description":"","publisher":{"@id":"https:\/\/www.manetti.com\/de\/#organization"},"potentialAction":[{"@type":"SearchAction","target":{"@type":"EntryPoint","urlTemplate":"https:\/\/www.manetti.com\/de\/?s={search_term_string}"},"query-input":{"@type":"PropertyValueSpecification","valueRequired":true,"valueName":"search_term_string"}}],"inLanguage":"de"},{"@type":"Organization","@id":"https:\/\/www.manetti.com\/de\/#organization","name":"GIUSTO MANETTI BATTILORO S.P.A.","url":"https:\/\/www.manetti.com\/de\/","logo":{"@type":"ImageObject","inLanguage":"de","@id":"https:\/\/www.manetti.com\/de\/#\/schema\/logo\/image\/","url":"https:\/\/www.manetti.com\/wp-content\/uploads\/2025\/02\/giusto-manetti-blu_300-02.png","contentUrl":"https:\/\/www.manetti.com\/wp-content\/uploads\/2025\/02\/giusto-manetti-blu_300-02.png","width":1123,"height":1093,"caption":"GIUSTO MANETTI BATTILORO S.P.A."},"image":{"@id":"https:\/\/www.manetti.com\/de\/#\/schema\/logo\/image\/"},"sameAs":["https:\/\/www.facebook.com\/giustomanettibattiloro","https:\/\/www.instagram.com\/giustomanettibattiloro\/","https:\/\/www.linkedin.com\/company\/giusto-manetti-battiloro-s-p-a-\/","https:\/\/www.youtube.com\/user\/ManettiBattiloro"]}]}},"_links":{"self":[{"href":"https:\/\/www.manetti.com\/de\/wp-json\/wp\/v2\/product\/59730","targetHints":{"allow":["GET"]}}],"collection":[{"href":"https:\/\/www.manetti.com\/de\/wp-json\/wp\/v2\/product"}],"about":[{"href":"https:\/\/www.manetti.com\/de\/wp-json\/wp\/v2\/types\/product"}],"wp:featuredmedia":[{"embeddable":true,"href":"https:\/\/www.manetti.com\/de\/wp-json\/wp\/v2\/media\/81211"}],"wp:attachment":[{"href":"https:\/\/www.manetti.com\/de\/wp-json\/wp\/v2\/media?parent=59730"}],"wp:term":[{"taxonomy":"product_brand","embeddable":true,"href":"https:\/\/www.manetti.com\/de\/wp-json\/wp\/v2\/product_brand?post=59730"},{"taxonomy":"product_cat","embeddable":true,"href":"https:\/\/www.manetti.com\/de\/wp-json\/wp\/v2\/product_cat?post=59730"},{"taxonomy":"product_tag","embeddable":true,"href":"https:\/\/www.manetti.com\/de\/wp-json\/wp\/v2\/product_tag?post=59730"},{"taxonomy":"product_area","embeddable":true,"href":"https:\/\/www.manetti.com\/de\/wp-json\/wp\/v2\/product_area?post=59730"},{"taxonomy":"catalog_category","embeddable":true,"href":"https:\/\/www.manetti.com\/de\/wp-json\/wp\/v2\/catalog_category?post=59730"}],"curies":[{"name":"wp","href":"https:\/\/api.w.org\/{rel}","templated":true}]}}