{"id":60025,"date":"2023-09-13T15:56:15","date_gmt":"2023-09-13T13:56:15","guid":{"rendered":"https:\/\/www.manetti.com\/?post_type=product&#038;p=60025"},"modified":"2026-01-27T14:55:28","modified_gmt":"2026-01-27T13:55:28","slug":"schlagmetall-16-x-16-cm","status":"publish","type":"product","link":"https:\/\/www.manetti.com\/de\/produkt\/schlagmetall-16-x-16-cm\/","title":{"rendered":"Schlagmetall 16 x 16 cm"},"content":{"rendered":"<p>Das 16 x 16 cm gro\u00dfe Blattimitat ist nur als loses Blatt erh\u00e4ltlich, das in Riese zu 100 oder 500 Bl\u00e4ttern verpackt ist und in Einzelkartons oder Kartons mit 5.000 oder 10.000 Bl\u00e4ttern geliefert wird.<\/p>\n<p>Die <strong>Einzelschachteln<\/strong> werden in Schachteln zu 10 St\u00fcck verpackt und jede Schachtel wird in einer versiegelten Verpackung geliefert, um das Blatt vor Oxidation zu sch\u00fctzen. Die \u00e4u\u00dfere Verpackung ist au\u00dferdem mit einem Strichcode versehen, der die Farbe des Blattes im Inneren angibt.<\/p>\n<p>Die <strong>Kartons<\/strong> enthalten je nach Anzahl der Bl\u00e4tter 20 oder 50 Riese und sind in verschiedenen St\u00e4rken und in zwei Qualit\u00e4ten erh\u00e4ltlich:<\/p>\n<p>&#8211; <strong>PREMIUM-QUALIT\u00c4T<\/strong>: sorgf\u00e4ltig ausgew\u00e4hlt, um Qualit\u00e4t und Gleichm\u00e4\u00dfigkeit zu gew\u00e4hrleisten, eignen sich die Premium-Bl\u00e4tter besonders f\u00fcr die Dekoration von flachen Oberfl\u00e4chen;<\/p>\n<p>&#8211; <strong>STANDARD QUALITY<\/strong>: Die Standardbl\u00e4tter sind von hervorragender Verarbeitung und Qualit\u00e4t und werden haupts\u00e4chlich f\u00fcr die Dekoration von Rahmen, M\u00f6beln und Einrichtungsgegenst\u00e4nden verwendet.<\/p>\n","protected":false},"excerpt":{"rendered":"<p>Riese von 100 oder 500 Blattimitaten im Format 16&#215;16 cm und lose in Umschl\u00e4gen oder in Kartons verpackt. Die Kartons fassen je nach Blattanzahl 20 oder 50 Riese und sind in unterschiedlichen St\u00e4rken und in zwei Qualit\u00e4ten erh\u00e4ltlich: PREMIUM QUALIT\u00c4T und STANDARD QUALIT\u00c4T. [&#8230;]<\/p>\n<p><a class=\"btn btn-secondary understrap-read-more-link\" href=\"https:\/\/www.manetti.com\/de\/produkt\/schlagmetall-16-x-16-cm\/\">Weiterlesen&#8230;<\/a><\/p>\n","protected":false},"featured_media":82815,"template":"","meta":{"_acf_changed":false},"product_brand":[],"product_cat":[353],"product_tag":[],"product_area":[],"catalog_category":[803,822],"class_list":{"0":"post-60025","1":"product","2":"type-product","3":"status-publish","4":"has-post-thumbnail","6":"product_cat-schlagmetall","7":"catalog_category-vergoldung-mit-imitationsgoldblatt","8":"catalog_category-vergoldung-mit-imitationsgoldblatt-schlagmetall","10":"first","11":"instock","12":"shipping-taxable","13":"purchasable","14":"product-type-variable"},"acf":[],"yoast_head":"<!-- This site is optimized with the Yoast SEO plugin v26.5 - https:\/\/yoast.com\/wordpress\/plugins\/seo\/ -->\n<title>Blattgoldimitat und Aluminium in Schachtel - Goldschl\u00e4ger Manetti<\/title>\n<meta name=\"description\" content=\"In verschiedenen St\u00e4rken, im Format 16x16cm und in Rollen zu 500 St\u00fcck eignen sich die verzinnten Blattgoldimitat zum Vergolden von flachen oder eingelegten Oberfl\u00e4chen.\" \/>\n<meta name=\"robots\" content=\"noindex, nofollow\" \/>\n<meta property=\"og:locale\" content=\"de_DE\" \/>\n<meta property=\"og:type\" content=\"article\" \/>\n<meta property=\"og:title\" content=\"Blattgoldimitat und Aluminium in Schachtel - Goldschl\u00e4ger Manetti\" \/>\n<meta property=\"og:description\" content=\"In verschiedenen St\u00e4rken, im Format 16x16cm und in Rollen zu 500 St\u00fcck eignen sich die verzinnten Blattgoldimitat zum Vergolden von flachen oder eingelegten Oberfl\u00e4chen.\" \/>\n<meta property=\"og:url\" content=\"https:\/\/www.manetti.com\/de\/produkt\/schlagmetall-16-x-16-cm\/\" \/>\n<meta property=\"og:site_name\" content=\"Giusto Manetti Battiloro\" \/>\n<meta property=\"article:publisher\" content=\"https:\/\/www.facebook.com\/giustomanettibattiloro\" \/>\n<meta property=\"article:modified_time\" content=\"2026-01-27T13:55:28+00:00\" \/>\n<meta property=\"og:image\" content=\"https:\/\/www.manetti.com\/wp-content\/uploads\/2024\/01\/Risme-color-25_16x16_nuovo-pack_web-2.png\" \/>\n\t<meta property=\"og:image:width\" content=\"900\" \/>\n\t<meta property=\"og:image:height\" content=\"900\" \/>\n\t<meta property=\"og:image:type\" content=\"image\/png\" \/>\n<meta name=\"twitter:card\" content=\"summary_large_image\" \/>\n<meta name=\"twitter:label1\" content=\"Gesch\u00e4tzte Lesezeit\" \/>\n\t<meta name=\"twitter:data1\" content=\"1\u00a0Minute\" \/>\n<script type=\"application\/ld+json\" class=\"yoast-schema-graph\">{\"@context\":\"https:\/\/schema.org\",\"@graph\":[{\"@type\":\"WebPage\",\"@id\":\"https:\/\/www.manetti.com\/de\/produkt\/schlagmetall-16-x-16-cm\/\",\"url\":\"https:\/\/www.manetti.com\/de\/produkt\/schlagmetall-16-x-16-cm\/\",\"name\":\"Blattgoldimitat und Aluminium in Schachtel - Goldschl\u00e4ger Manetti\",\"isPartOf\":{\"@id\":\"https:\/\/www.manetti.com\/de\/#website\"},\"primaryImageOfPage\":{\"@id\":\"https:\/\/www.manetti.com\/de\/produkt\/schlagmetall-16-x-16-cm\/#primaryimage\"},\"image\":{\"@id\":\"https:\/\/www.manetti.com\/de\/produkt\/schlagmetall-16-x-16-cm\/#primaryimage\"},\"thumbnailUrl\":\"https:\/\/www.manetti.com\/wp-content\/uploads\/2024\/01\/Risme-color-25_16x16_nuovo-pack_web-2.png\",\"datePublished\":\"2023-09-13T13:56:15+00:00\",\"dateModified\":\"2026-01-27T13:55:28+00:00\",\"description\":\"In verschiedenen St\u00e4rken, im Format 16x16cm und in Rollen zu 500 St\u00fcck eignen sich die verzinnten Blattgoldimitat zum Vergolden von flachen oder eingelegten Oberfl\u00e4chen.\",\"inLanguage\":\"de\",\"potentialAction\":[{\"@type\":\"ReadAction\",\"target\":[\"https:\/\/www.manetti.com\/de\/produkt\/schlagmetall-16-x-16-cm\/\"]}]},{\"@type\":\"ImageObject\",\"inLanguage\":\"de\",\"@id\":\"https:\/\/www.manetti.com\/de\/produkt\/schlagmetall-16-x-16-cm\/#primaryimage\",\"url\":\"https:\/\/www.manetti.com\/wp-content\/uploads\/2024\/01\/Risme-color-25_16x16_nuovo-pack_web-2.png\",\"contentUrl\":\"https:\/\/www.manetti.com\/wp-content\/uploads\/2024\/01\/Risme-color-25_16x16_nuovo-pack_web-2.png\",\"width\":900,\"height\":900},{\"@type\":\"WebSite\",\"@id\":\"https:\/\/www.manetti.com\/de\/#website\",\"url\":\"https:\/\/www.manetti.com\/de\/\",\"name\":\"Giusto Manetti Battiloro\",\"description\":\"\",\"publisher\":{\"@id\":\"https:\/\/www.manetti.com\/de\/#organization\"},\"potentialAction\":[{\"@type\":\"SearchAction\",\"target\":{\"@type\":\"EntryPoint\",\"urlTemplate\":\"https:\/\/www.manetti.com\/de\/?s={search_term_string}\"},\"query-input\":{\"@type\":\"PropertyValueSpecification\",\"valueRequired\":true,\"valueName\":\"search_term_string\"}}],\"inLanguage\":\"de\"},{\"@type\":\"Organization\",\"@id\":\"https:\/\/www.manetti.com\/de\/#organization\",\"name\":\"GIUSTO MANETTI BATTILORO S.P.A.\",\"url\":\"https:\/\/www.manetti.com\/de\/\",\"logo\":{\"@type\":\"ImageObject\",\"inLanguage\":\"de\",\"@id\":\"https:\/\/www.manetti.com\/de\/#\/schema\/logo\/image\/\",\"url\":\"https:\/\/www.manetti.com\/wp-content\/uploads\/2025\/02\/giusto-manetti-blu_300-02.png\",\"contentUrl\":\"https:\/\/www.manetti.com\/wp-content\/uploads\/2025\/02\/giusto-manetti-blu_300-02.png\",\"width\":1123,\"height\":1093,\"caption\":\"GIUSTO MANETTI BATTILORO S.P.A.\"},\"image\":{\"@id\":\"https:\/\/www.manetti.com\/de\/#\/schema\/logo\/image\/\"},\"sameAs\":[\"https:\/\/www.facebook.com\/giustomanettibattiloro\",\"https:\/\/www.instagram.com\/giustomanettibattiloro\/\",\"https:\/\/www.linkedin.com\/company\/giusto-manetti-battiloro-s-p-a-\/\",\"https:\/\/www.youtube.com\/user\/ManettiBattiloro\"]}]}<\/script>\n<!-- \/ Yoast SEO plugin. -->","yoast_head_json":{"title":"Blattgoldimitat und Aluminium in Schachtel - Goldschl\u00e4ger Manetti","description":"In verschiedenen St\u00e4rken, im Format 16x16cm und in Rollen zu 500 St\u00fcck eignen sich die verzinnten Blattgoldimitat zum Vergolden von flachen oder eingelegten Oberfl\u00e4chen.","robots":{"index":"noindex","follow":"nofollow"},"og_locale":"de_DE","og_type":"article","og_title":"Blattgoldimitat und Aluminium in Schachtel - Goldschl\u00e4ger Manetti","og_description":"In verschiedenen St\u00e4rken, im Format 16x16cm und in Rollen zu 500 St\u00fcck eignen sich die verzinnten Blattgoldimitat zum Vergolden von flachen oder eingelegten Oberfl\u00e4chen.","og_url":"https:\/\/www.manetti.com\/de\/produkt\/schlagmetall-16-x-16-cm\/","og_site_name":"Giusto Manetti Battiloro","article_publisher":"https:\/\/www.facebook.com\/giustomanettibattiloro","article_modified_time":"2026-01-27T13:55:28+00:00","og_image":[{"width":900,"height":900,"url":"https:\/\/www.manetti.com\/wp-content\/uploads\/2024\/01\/Risme-color-25_16x16_nuovo-pack_web-2.png","type":"image\/png"}],"twitter_card":"summary_large_image","twitter_misc":{"Gesch\u00e4tzte Lesezeit":"1\u00a0Minute"},"schema":{"@context":"https:\/\/schema.org","@graph":[{"@type":"WebPage","@id":"https:\/\/www.manetti.com\/de\/produkt\/schlagmetall-16-x-16-cm\/","url":"https:\/\/www.manetti.com\/de\/produkt\/schlagmetall-16-x-16-cm\/","name":"Blattgoldimitat und Aluminium in Schachtel - Goldschl\u00e4ger Manetti","isPartOf":{"@id":"https:\/\/www.manetti.com\/de\/#website"},"primaryImageOfPage":{"@id":"https:\/\/www.manetti.com\/de\/produkt\/schlagmetall-16-x-16-cm\/#primaryimage"},"image":{"@id":"https:\/\/www.manetti.com\/de\/produkt\/schlagmetall-16-x-16-cm\/#primaryimage"},"thumbnailUrl":"https:\/\/www.manetti.com\/wp-content\/uploads\/2024\/01\/Risme-color-25_16x16_nuovo-pack_web-2.png","datePublished":"2023-09-13T13:56:15+00:00","dateModified":"2026-01-27T13:55:28+00:00","description":"In verschiedenen St\u00e4rken, im Format 16x16cm und in Rollen zu 500 St\u00fcck eignen sich die verzinnten Blattgoldimitat zum Vergolden von flachen oder eingelegten Oberfl\u00e4chen.","inLanguage":"de","potentialAction":[{"@type":"ReadAction","target":["https:\/\/www.manetti.com\/de\/produkt\/schlagmetall-16-x-16-cm\/"]}]},{"@type":"ImageObject","inLanguage":"de","@id":"https:\/\/www.manetti.com\/de\/produkt\/schlagmetall-16-x-16-cm\/#primaryimage","url":"https:\/\/www.manetti.com\/wp-content\/uploads\/2024\/01\/Risme-color-25_16x16_nuovo-pack_web-2.png","contentUrl":"https:\/\/www.manetti.com\/wp-content\/uploads\/2024\/01\/Risme-color-25_16x16_nuovo-pack_web-2.png","width":900,"height":900},{"@type":"WebSite","@id":"https:\/\/www.manetti.com\/de\/#website","url":"https:\/\/www.manetti.com\/de\/","name":"Giusto Manetti Battiloro","description":"","publisher":{"@id":"https:\/\/www.manetti.com\/de\/#organization"},"potentialAction":[{"@type":"SearchAction","target":{"@type":"EntryPoint","urlTemplate":"https:\/\/www.manetti.com\/de\/?s={search_term_string}"},"query-input":{"@type":"PropertyValueSpecification","valueRequired":true,"valueName":"search_term_string"}}],"inLanguage":"de"},{"@type":"Organization","@id":"https:\/\/www.manetti.com\/de\/#organization","name":"GIUSTO MANETTI BATTILORO S.P.A.","url":"https:\/\/www.manetti.com\/de\/","logo":{"@type":"ImageObject","inLanguage":"de","@id":"https:\/\/www.manetti.com\/de\/#\/schema\/logo\/image\/","url":"https:\/\/www.manetti.com\/wp-content\/uploads\/2025\/02\/giusto-manetti-blu_300-02.png","contentUrl":"https:\/\/www.manetti.com\/wp-content\/uploads\/2025\/02\/giusto-manetti-blu_300-02.png","width":1123,"height":1093,"caption":"GIUSTO MANETTI BATTILORO S.P.A."},"image":{"@id":"https:\/\/www.manetti.com\/de\/#\/schema\/logo\/image\/"},"sameAs":["https:\/\/www.facebook.com\/giustomanettibattiloro","https:\/\/www.instagram.com\/giustomanettibattiloro\/","https:\/\/www.linkedin.com\/company\/giusto-manetti-battiloro-s-p-a-\/","https:\/\/www.youtube.com\/user\/ManettiBattiloro"]}]}},"_links":{"self":[{"href":"https:\/\/www.manetti.com\/de\/wp-json\/wp\/v2\/product\/60025","targetHints":{"allow":["GET"]}}],"collection":[{"href":"https:\/\/www.manetti.com\/de\/wp-json\/wp\/v2\/product"}],"about":[{"href":"https:\/\/www.manetti.com\/de\/wp-json\/wp\/v2\/types\/product"}],"wp:featuredmedia":[{"embeddable":true,"href":"https:\/\/www.manetti.com\/de\/wp-json\/wp\/v2\/media\/82815"}],"wp:attachment":[{"href":"https:\/\/www.manetti.com\/de\/wp-json\/wp\/v2\/media?parent=60025"}],"wp:term":[{"taxonomy":"product_brand","embeddable":true,"href":"https:\/\/www.manetti.com\/de\/wp-json\/wp\/v2\/product_brand?post=60025"},{"taxonomy":"product_cat","embeddable":true,"href":"https:\/\/www.manetti.com\/de\/wp-json\/wp\/v2\/product_cat?post=60025"},{"taxonomy":"product_tag","embeddable":true,"href":"https:\/\/www.manetti.com\/de\/wp-json\/wp\/v2\/product_tag?post=60025"},{"taxonomy":"product_area","embeddable":true,"href":"https:\/\/www.manetti.com\/de\/wp-json\/wp\/v2\/product_area?post=60025"},{"taxonomy":"catalog_category","embeddable":true,"href":"https:\/\/www.manetti.com\/de\/wp-json\/wp\/v2\/catalog_category?post=60025"}],"curies":[{"name":"wp","href":"https:\/\/api.w.org\/{rel}","templated":true}]}}