{"id":60469,"date":"2023-12-24T16:36:14","date_gmt":"2023-12-24T15:36:14","guid":{"rendered":"https:\/\/www.manetti.com\/?post_type=product&#038;p=60469"},"modified":"2026-04-22T09:20:31","modified_gmt":"2026-04-22T07:20:31","slug":"acryl-schutzlack-fur-den-aussenbereich","status":"publish","type":"product","link":"https:\/\/www.manetti.com\/de\/produkt\/acryl-schutzlack-fur-den-aussenbereich\/","title":{"rendered":"Acryl-schutzlack f\u00fcr den aussenbereich"},"content":{"rendered":"<p>Acryl-Schutzlack zum Schutz von Blattvergoldungen f\u00fcr den Au\u00dfenbereich Die Komposition des Produkts weist eine hohe Vergilbungsbest\u00e4ndigkeit auf und verleiht der Goldoberfl\u00e4che ein gl\u00e4nzendes Finish.<\/p>\n","protected":false},"excerpt":{"rendered":"<p>Acryl-Schutzlack zum Schutz von Blattvergoldungen f\u00fcr den Au\u00dfenbereich Die Komposition des Produkts weist eine hohe Vergilbungsbest\u00e4ndigkeit auf und verleiht der Goldoberfl\u00e4che ein gl\u00e4nzendes Finish. [&#8230;]<\/p>\n<p><a class=\"btn btn-secondary understrap-read-more-link\" href=\"https:\/\/www.manetti.com\/de\/produkt\/acryl-schutzlack-fur-den-aussenbereich\/\">Weiterlesen&#8230;<\/a><\/p>\n","protected":false},"featured_media":77821,"template":"","meta":{"_acf_changed":false},"product_brand":[],"product_cat":[396],"product_tag":[357],"product_area":[],"catalog_category":[799,890],"class_list":{"0":"post-60469","1":"product","2":"type-product","3":"status-publish","4":"has-post-thumbnail","6":"product_cat-schutz","7":"product_tag-andere-produkte","8":"catalog_category-vergoldung-im-freien","9":"catalog_category-vergoldung-im-freien-schutz","11":"first","12":"instock","13":"shipping-taxable","14":"purchasable","15":"product-type-variable"},"acf":[],"yoast_head":"<!-- This site is optimized with the Yoast SEO plugin v26.5 - https:\/\/yoast.com\/wordpress\/plugins\/seo\/ -->\n<title>Acryl-schutzlack f\u00fcr den aussenbereich f\u00fcr Blattgold | Giusto Manetti Battiloro<\/title>\n<meta name=\"description\" content=\"Acryl-Schutzlack zum Schutz von Blattvergoldungen f\u00fcr den Au\u00dfenbereich Die Komposition des Produkts weist eine hohe Vergilbungsbest\u00e4ndigkeit auf und\" \/>\n<meta name=\"robots\" content=\"noindex, nofollow\" \/>\n<meta property=\"og:locale\" content=\"de_DE\" \/>\n<meta property=\"og:type\" content=\"article\" \/>\n<meta property=\"og:title\" content=\"Acryl-schutzlack f\u00fcr den aussenbereich f\u00fcr Blattgold | Giusto Manetti Battiloro\" \/>\n<meta property=\"og:description\" content=\"Acryl-Schutzlack zum Schutz von Blattvergoldungen f\u00fcr den Au\u00dfenbereich Die Komposition des Produkts weist eine hohe Vergilbungsbest\u00e4ndigkeit auf und\" \/>\n<meta property=\"og:url\" content=\"https:\/\/www.manetti.com\/de\/produkt\/acryl-schutzlack-fur-den-aussenbereich\/\" \/>\n<meta property=\"og:site_name\" content=\"Giusto Manetti Battiloro\" \/>\n<meta property=\"article:publisher\" content=\"https:\/\/www.facebook.com\/giustomanettibattiloro\" \/>\n<meta property=\"article:modified_time\" content=\"2026-04-22T07:20:31+00:00\" \/>\n<meta property=\"og:image\" content=\"https:\/\/www.manetti.com\/wp-content\/uploads\/2023\/12\/Protezione-acrilica-per-esterni.png\" \/>\n\t<meta property=\"og:image:width\" content=\"900\" \/>\n\t<meta property=\"og:image:height\" content=\"900\" \/>\n\t<meta property=\"og:image:type\" content=\"image\/png\" \/>\n<meta name=\"twitter:card\" content=\"summary_large_image\" \/>\n<meta name=\"twitter:label1\" content=\"Gesch\u00e4tzte Lesezeit\" \/>\n\t<meta name=\"twitter:data1\" content=\"1\u00a0Minute\" \/>\n<script type=\"application\/ld+json\" class=\"yoast-schema-graph\">{\"@context\":\"https:\/\/schema.org\",\"@graph\":[{\"@type\":\"WebPage\",\"@id\":\"https:\/\/www.manetti.com\/de\/produkt\/acryl-schutzlack-fur-den-aussenbereich\/\",\"url\":\"https:\/\/www.manetti.com\/de\/produkt\/acryl-schutzlack-fur-den-aussenbereich\/\",\"name\":\"Acryl-schutzlack f\u00fcr den aussenbereich f\u00fcr Blattgold | Giusto Manetti Battiloro\",\"isPartOf\":{\"@id\":\"https:\/\/www.manetti.com\/de\/#website\"},\"primaryImageOfPage\":{\"@id\":\"https:\/\/www.manetti.com\/de\/produkt\/acryl-schutzlack-fur-den-aussenbereich\/#primaryimage\"},\"image\":{\"@id\":\"https:\/\/www.manetti.com\/de\/produkt\/acryl-schutzlack-fur-den-aussenbereich\/#primaryimage\"},\"thumbnailUrl\":\"https:\/\/www.manetti.com\/wp-content\/uploads\/2023\/12\/Protezione-acrilica-per-esterni.png\",\"datePublished\":\"2023-12-24T15:36:14+00:00\",\"dateModified\":\"2026-04-22T07:20:31+00:00\",\"description\":\"Acryl-Schutzlack zum Schutz von Blattvergoldungen f\u00fcr den Au\u00dfenbereich Die Komposition des Produkts weist eine hohe Vergilbungsbest\u00e4ndigkeit auf und\",\"inLanguage\":\"de\",\"potentialAction\":[{\"@type\":\"ReadAction\",\"target\":[\"https:\/\/www.manetti.com\/de\/produkt\/acryl-schutzlack-fur-den-aussenbereich\/\"]}]},{\"@type\":\"ImageObject\",\"inLanguage\":\"de\",\"@id\":\"https:\/\/www.manetti.com\/de\/produkt\/acryl-schutzlack-fur-den-aussenbereich\/#primaryimage\",\"url\":\"https:\/\/www.manetti.com\/wp-content\/uploads\/2023\/12\/Protezione-acrilica-per-esterni.png\",\"contentUrl\":\"https:\/\/www.manetti.com\/wp-content\/uploads\/2023\/12\/Protezione-acrilica-per-esterni.png\",\"width\":900,\"height\":900},{\"@type\":\"WebSite\",\"@id\":\"https:\/\/www.manetti.com\/de\/#website\",\"url\":\"https:\/\/www.manetti.com\/de\/\",\"name\":\"Giusto Manetti Battiloro\",\"description\":\"\",\"publisher\":{\"@id\":\"https:\/\/www.manetti.com\/de\/#organization\"},\"potentialAction\":[{\"@type\":\"SearchAction\",\"target\":{\"@type\":\"EntryPoint\",\"urlTemplate\":\"https:\/\/www.manetti.com\/de\/?s={search_term_string}\"},\"query-input\":{\"@type\":\"PropertyValueSpecification\",\"valueRequired\":true,\"valueName\":\"search_term_string\"}}],\"inLanguage\":\"de\"},{\"@type\":\"Organization\",\"@id\":\"https:\/\/www.manetti.com\/de\/#organization\",\"name\":\"GIUSTO MANETTI BATTILORO S.P.A.\",\"url\":\"https:\/\/www.manetti.com\/de\/\",\"logo\":{\"@type\":\"ImageObject\",\"inLanguage\":\"de\",\"@id\":\"https:\/\/www.manetti.com\/de\/#\/schema\/logo\/image\/\",\"url\":\"https:\/\/www.manetti.com\/wp-content\/uploads\/2025\/02\/giusto-manetti-blu_300-02.png\",\"contentUrl\":\"https:\/\/www.manetti.com\/wp-content\/uploads\/2025\/02\/giusto-manetti-blu_300-02.png\",\"width\":1123,\"height\":1093,\"caption\":\"GIUSTO MANETTI BATTILORO S.P.A.\"},\"image\":{\"@id\":\"https:\/\/www.manetti.com\/de\/#\/schema\/logo\/image\/\"},\"sameAs\":[\"https:\/\/www.facebook.com\/giustomanettibattiloro\",\"https:\/\/www.instagram.com\/giustomanettibattiloro\/\",\"https:\/\/www.linkedin.com\/company\/giusto-manetti-battiloro-s-p-a-\/\",\"https:\/\/www.youtube.com\/user\/ManettiBattiloro\"]}]}<\/script>\n<!-- \/ Yoast SEO plugin. -->","yoast_head_json":{"title":"Acryl-schutzlack f\u00fcr den aussenbereich f\u00fcr Blattgold | Giusto Manetti Battiloro","description":"Acryl-Schutzlack zum Schutz von Blattvergoldungen f\u00fcr den Au\u00dfenbereich Die Komposition des Produkts weist eine hohe Vergilbungsbest\u00e4ndigkeit auf und","robots":{"index":"noindex","follow":"nofollow"},"og_locale":"de_DE","og_type":"article","og_title":"Acryl-schutzlack f\u00fcr den aussenbereich f\u00fcr Blattgold | Giusto Manetti Battiloro","og_description":"Acryl-Schutzlack zum Schutz von Blattvergoldungen f\u00fcr den Au\u00dfenbereich Die Komposition des Produkts weist eine hohe Vergilbungsbest\u00e4ndigkeit auf und","og_url":"https:\/\/www.manetti.com\/de\/produkt\/acryl-schutzlack-fur-den-aussenbereich\/","og_site_name":"Giusto Manetti Battiloro","article_publisher":"https:\/\/www.facebook.com\/giustomanettibattiloro","article_modified_time":"2026-04-22T07:20:31+00:00","og_image":[{"width":900,"height":900,"url":"https:\/\/www.manetti.com\/wp-content\/uploads\/2023\/12\/Protezione-acrilica-per-esterni.png","type":"image\/png"}],"twitter_card":"summary_large_image","twitter_misc":{"Gesch\u00e4tzte Lesezeit":"1\u00a0Minute"},"schema":{"@context":"https:\/\/schema.org","@graph":[{"@type":"WebPage","@id":"https:\/\/www.manetti.com\/de\/produkt\/acryl-schutzlack-fur-den-aussenbereich\/","url":"https:\/\/www.manetti.com\/de\/produkt\/acryl-schutzlack-fur-den-aussenbereich\/","name":"Acryl-schutzlack f\u00fcr den aussenbereich f\u00fcr Blattgold | Giusto Manetti Battiloro","isPartOf":{"@id":"https:\/\/www.manetti.com\/de\/#website"},"primaryImageOfPage":{"@id":"https:\/\/www.manetti.com\/de\/produkt\/acryl-schutzlack-fur-den-aussenbereich\/#primaryimage"},"image":{"@id":"https:\/\/www.manetti.com\/de\/produkt\/acryl-schutzlack-fur-den-aussenbereich\/#primaryimage"},"thumbnailUrl":"https:\/\/www.manetti.com\/wp-content\/uploads\/2023\/12\/Protezione-acrilica-per-esterni.png","datePublished":"2023-12-24T15:36:14+00:00","dateModified":"2026-04-22T07:20:31+00:00","description":"Acryl-Schutzlack zum Schutz von Blattvergoldungen f\u00fcr den Au\u00dfenbereich Die Komposition des Produkts weist eine hohe Vergilbungsbest\u00e4ndigkeit auf und","inLanguage":"de","potentialAction":[{"@type":"ReadAction","target":["https:\/\/www.manetti.com\/de\/produkt\/acryl-schutzlack-fur-den-aussenbereich\/"]}]},{"@type":"ImageObject","inLanguage":"de","@id":"https:\/\/www.manetti.com\/de\/produkt\/acryl-schutzlack-fur-den-aussenbereich\/#primaryimage","url":"https:\/\/www.manetti.com\/wp-content\/uploads\/2023\/12\/Protezione-acrilica-per-esterni.png","contentUrl":"https:\/\/www.manetti.com\/wp-content\/uploads\/2023\/12\/Protezione-acrilica-per-esterni.png","width":900,"height":900},{"@type":"WebSite","@id":"https:\/\/www.manetti.com\/de\/#website","url":"https:\/\/www.manetti.com\/de\/","name":"Giusto Manetti Battiloro","description":"","publisher":{"@id":"https:\/\/www.manetti.com\/de\/#organization"},"potentialAction":[{"@type":"SearchAction","target":{"@type":"EntryPoint","urlTemplate":"https:\/\/www.manetti.com\/de\/?s={search_term_string}"},"query-input":{"@type":"PropertyValueSpecification","valueRequired":true,"valueName":"search_term_string"}}],"inLanguage":"de"},{"@type":"Organization","@id":"https:\/\/www.manetti.com\/de\/#organization","name":"GIUSTO MANETTI BATTILORO S.P.A.","url":"https:\/\/www.manetti.com\/de\/","logo":{"@type":"ImageObject","inLanguage":"de","@id":"https:\/\/www.manetti.com\/de\/#\/schema\/logo\/image\/","url":"https:\/\/www.manetti.com\/wp-content\/uploads\/2025\/02\/giusto-manetti-blu_300-02.png","contentUrl":"https:\/\/www.manetti.com\/wp-content\/uploads\/2025\/02\/giusto-manetti-blu_300-02.png","width":1123,"height":1093,"caption":"GIUSTO MANETTI BATTILORO S.P.A."},"image":{"@id":"https:\/\/www.manetti.com\/de\/#\/schema\/logo\/image\/"},"sameAs":["https:\/\/www.facebook.com\/giustomanettibattiloro","https:\/\/www.instagram.com\/giustomanettibattiloro\/","https:\/\/www.linkedin.com\/company\/giusto-manetti-battiloro-s-p-a-\/","https:\/\/www.youtube.com\/user\/ManettiBattiloro"]}]}},"_links":{"self":[{"href":"https:\/\/www.manetti.com\/de\/wp-json\/wp\/v2\/product\/60469","targetHints":{"allow":["GET"]}}],"collection":[{"href":"https:\/\/www.manetti.com\/de\/wp-json\/wp\/v2\/product"}],"about":[{"href":"https:\/\/www.manetti.com\/de\/wp-json\/wp\/v2\/types\/product"}],"wp:featuredmedia":[{"embeddable":true,"href":"https:\/\/www.manetti.com\/de\/wp-json\/wp\/v2\/media\/77821"}],"wp:attachment":[{"href":"https:\/\/www.manetti.com\/de\/wp-json\/wp\/v2\/media?parent=60469"}],"wp:term":[{"taxonomy":"product_brand","embeddable":true,"href":"https:\/\/www.manetti.com\/de\/wp-json\/wp\/v2\/product_brand?post=60469"},{"taxonomy":"product_cat","embeddable":true,"href":"https:\/\/www.manetti.com\/de\/wp-json\/wp\/v2\/product_cat?post=60469"},{"taxonomy":"product_tag","embeddable":true,"href":"https:\/\/www.manetti.com\/de\/wp-json\/wp\/v2\/product_tag?post=60469"},{"taxonomy":"product_area","embeddable":true,"href":"https:\/\/www.manetti.com\/de\/wp-json\/wp\/v2\/product_area?post=60469"},{"taxonomy":"catalog_category","embeddable":true,"href":"https:\/\/www.manetti.com\/de\/wp-json\/wp\/v2\/catalog_category?post=60469"}],"curies":[{"name":"wp","href":"https:\/\/api.w.org\/{rel}","templated":true}]}}