{"id":60542,"date":"2023-12-31T16:37:54","date_gmt":"2023-12-31T15:37:54","guid":{"rendered":"https:\/\/www.manetti.com\/?post_type=product&#038;p=60542"},"modified":"2024-02-14T16:56:59","modified_gmt":"2024-02-14T15:56:59","slug":"schellack-losung-tn","status":"publish","type":"product","link":"https:\/\/www.manetti.com\/de\/produkt\/schellack-losung-tn\/","title":{"rendered":"Schellack-L\u00f6sung TN"},"content":{"rendered":"<p>Gebrauchsfertige Schellackl\u00f6sung, geeignet als leichtes Schutz- und Poliermittel f\u00fcr Blattvergoldungen, sowohl f\u00fcr Edelmetall als auch f\u00fcr Metallimitate. Nach dem Trocknen verleiht er der Oberfl\u00e4che einen leicht warmen Farbton, der brauner ist als entwachster Schellack.<\/p>\n","protected":false},"excerpt":{"rendered":"<p>Gebrauchsfertige Schellackl\u00f6sung, geeignet als leichtes Schutz- und Poliermittel f\u00fcr Blattvergoldungen, sowohl f\u00fcr Edelmetall als auch f\u00fcr Metallimitate. Nach dem Trocknen verleiht er der Oberfl\u00e4che einen leicht warmen Farbton, der brauner ist als entwachster Schellack. [&#8230;]<\/p>\n<p><a class=\"btn btn-secondary understrap-read-more-link\" href=\"https:\/\/www.manetti.com\/de\/produkt\/schellack-losung-tn\/\">Weiterlesen&#8230;<\/a><\/p>\n","protected":false},"featured_media":77790,"template":"","meta":{"_acf_changed":false},"product_brand":[],"product_cat":[396],"product_tag":[360],"product_area":[],"catalog_category":[795,874],"class_list":{"0":"post-60542","1":"product","2":"type-product","3":"status-publish","4":"has-post-thumbnail","6":"product_cat-schutz","7":"product_tag-gommalacca-de","8":"catalog_category-vergoldung-und-restaurierung","9":"catalog_category-vergoldung-und-restaurierung-schutz","11":"first","12":"instock","13":"shipping-taxable","14":"purchasable","15":"product-type-variable"},"acf":[],"yoast_head":"<!-- This site is optimized with the Yoast SEO plugin v26.5 - https:\/\/yoast.com\/wordpress\/plugins\/seo\/ -->\n<title>Schellack-L\u00f6sung TN | Giusto Manetti Battiloro<\/title>\n<meta name=\"description\" content=\"Gebrauchsfertige Schellackl\u00f6sung, geeignet als leichtes Schutz- und Poliermittel f\u00fcr Blattvergoldungen, sowohl f\u00fcr Edelmetall als auch f\u00fcr Metallimitate.\" \/>\n<meta name=\"robots\" content=\"noindex, nofollow\" \/>\n<meta property=\"og:locale\" content=\"de_DE\" \/>\n<meta property=\"og:type\" content=\"article\" \/>\n<meta property=\"og:title\" content=\"Schellack-L\u00f6sung TN | Giusto Manetti Battiloro\" \/>\n<meta property=\"og:description\" content=\"Gebrauchsfertige Schellackl\u00f6sung, geeignet als leichtes Schutz- und Poliermittel f\u00fcr Blattvergoldungen, sowohl f\u00fcr Edelmetall als auch f\u00fcr Metallimitate.\" \/>\n<meta property=\"og:url\" content=\"https:\/\/www.manetti.com\/de\/produkt\/schellack-losung-tn\/\" \/>\n<meta property=\"og:site_name\" content=\"Giusto Manetti Battiloro\" \/>\n<meta property=\"article:publisher\" content=\"https:\/\/www.facebook.com\/giustomanettibattiloro\" \/>\n<meta property=\"article:modified_time\" content=\"2024-02-14T15:56:59+00:00\" \/>\n<meta property=\"og:image\" content=\"https:\/\/www.manetti.com\/wp-content\/uploads\/2022\/10\/Gommalacca_bottiglietta-giusta.png\" \/>\n\t<meta property=\"og:image:width\" content=\"487\" \/>\n\t<meta property=\"og:image:height\" content=\"487\" \/>\n\t<meta property=\"og:image:type\" content=\"image\/png\" \/>\n<meta name=\"twitter:card\" content=\"summary_large_image\" \/>\n<meta name=\"twitter:label1\" content=\"Gesch\u00e4tzte Lesezeit\" \/>\n\t<meta name=\"twitter:data1\" content=\"1\u00a0Minute\" \/>\n<script type=\"application\/ld+json\" class=\"yoast-schema-graph\">{\"@context\":\"https:\/\/schema.org\",\"@graph\":[{\"@type\":\"WebPage\",\"@id\":\"https:\/\/www.manetti.com\/de\/produkt\/schellack-losung-tn\/\",\"url\":\"https:\/\/www.manetti.com\/de\/produkt\/schellack-losung-tn\/\",\"name\":\"Schellack-L\u00f6sung TN | Giusto Manetti Battiloro\",\"isPartOf\":{\"@id\":\"https:\/\/www.manetti.com\/de\/#website\"},\"primaryImageOfPage\":{\"@id\":\"https:\/\/www.manetti.com\/de\/produkt\/schellack-losung-tn\/#primaryimage\"},\"image\":{\"@id\":\"https:\/\/www.manetti.com\/de\/produkt\/schellack-losung-tn\/#primaryimage\"},\"thumbnailUrl\":\"https:\/\/www.manetti.com\/wp-content\/uploads\/2023\/12\/Gommalacca_bottiglietta-giusta.png\",\"datePublished\":\"2023-12-31T15:37:54+00:00\",\"dateModified\":\"2024-02-14T15:56:59+00:00\",\"description\":\"Gebrauchsfertige Schellackl\u00f6sung, geeignet als leichtes Schutz- und Poliermittel f\u00fcr Blattvergoldungen, sowohl f\u00fcr Edelmetall als auch f\u00fcr Metallimitate.\",\"inLanguage\":\"de\",\"potentialAction\":[{\"@type\":\"ReadAction\",\"target\":[\"https:\/\/www.manetti.com\/de\/produkt\/schellack-losung-tn\/\"]}]},{\"@type\":\"ImageObject\",\"inLanguage\":\"de\",\"@id\":\"https:\/\/www.manetti.com\/de\/produkt\/schellack-losung-tn\/#primaryimage\",\"url\":\"https:\/\/www.manetti.com\/wp-content\/uploads\/2023\/12\/Gommalacca_bottiglietta-giusta.png\",\"contentUrl\":\"https:\/\/www.manetti.com\/wp-content\/uploads\/2023\/12\/Gommalacca_bottiglietta-giusta.png\",\"width\":900,\"height\":900},{\"@type\":\"WebSite\",\"@id\":\"https:\/\/www.manetti.com\/de\/#website\",\"url\":\"https:\/\/www.manetti.com\/de\/\",\"name\":\"Giusto Manetti Battiloro\",\"description\":\"\",\"publisher\":{\"@id\":\"https:\/\/www.manetti.com\/de\/#organization\"},\"potentialAction\":[{\"@type\":\"SearchAction\",\"target\":{\"@type\":\"EntryPoint\",\"urlTemplate\":\"https:\/\/www.manetti.com\/de\/?s={search_term_string}\"},\"query-input\":{\"@type\":\"PropertyValueSpecification\",\"valueRequired\":true,\"valueName\":\"search_term_string\"}}],\"inLanguage\":\"de\"},{\"@type\":\"Organization\",\"@id\":\"https:\/\/www.manetti.com\/de\/#organization\",\"name\":\"GIUSTO MANETTI BATTILORO S.P.A.\",\"url\":\"https:\/\/www.manetti.com\/de\/\",\"logo\":{\"@type\":\"ImageObject\",\"inLanguage\":\"de\",\"@id\":\"https:\/\/www.manetti.com\/de\/#\/schema\/logo\/image\/\",\"url\":\"https:\/\/www.manetti.com\/wp-content\/uploads\/2025\/02\/giusto-manetti-blu_300-02.png\",\"contentUrl\":\"https:\/\/www.manetti.com\/wp-content\/uploads\/2025\/02\/giusto-manetti-blu_300-02.png\",\"width\":1123,\"height\":1093,\"caption\":\"GIUSTO MANETTI BATTILORO S.P.A.\"},\"image\":{\"@id\":\"https:\/\/www.manetti.com\/de\/#\/schema\/logo\/image\/\"},\"sameAs\":[\"https:\/\/www.facebook.com\/giustomanettibattiloro\",\"https:\/\/www.instagram.com\/giustomanettibattiloro\/\",\"https:\/\/www.linkedin.com\/company\/giusto-manetti-battiloro-s-p-a-\/\",\"https:\/\/www.youtube.com\/user\/ManettiBattiloro\"]}]}<\/script>\n<!-- \/ Yoast SEO plugin. -->","yoast_head_json":{"title":"Schellack-L\u00f6sung TN | Giusto Manetti Battiloro","description":"Gebrauchsfertige Schellackl\u00f6sung, geeignet als leichtes Schutz- und Poliermittel f\u00fcr Blattvergoldungen, sowohl f\u00fcr Edelmetall als auch f\u00fcr Metallimitate.","robots":{"index":"noindex","follow":"nofollow"},"og_locale":"de_DE","og_type":"article","og_title":"Schellack-L\u00f6sung TN | Giusto Manetti Battiloro","og_description":"Gebrauchsfertige Schellackl\u00f6sung, geeignet als leichtes Schutz- und Poliermittel f\u00fcr Blattvergoldungen, sowohl f\u00fcr Edelmetall als auch f\u00fcr Metallimitate.","og_url":"https:\/\/www.manetti.com\/de\/produkt\/schellack-losung-tn\/","og_site_name":"Giusto Manetti Battiloro","article_publisher":"https:\/\/www.facebook.com\/giustomanettibattiloro","article_modified_time":"2024-02-14T15:56:59+00:00","og_image":[{"width":487,"height":487,"url":"https:\/\/www.manetti.com\/wp-content\/uploads\/2022\/10\/Gommalacca_bottiglietta-giusta.png","type":"image\/png"}],"twitter_card":"summary_large_image","twitter_misc":{"Gesch\u00e4tzte Lesezeit":"1\u00a0Minute"},"schema":{"@context":"https:\/\/schema.org","@graph":[{"@type":"WebPage","@id":"https:\/\/www.manetti.com\/de\/produkt\/schellack-losung-tn\/","url":"https:\/\/www.manetti.com\/de\/produkt\/schellack-losung-tn\/","name":"Schellack-L\u00f6sung TN | Giusto Manetti Battiloro","isPartOf":{"@id":"https:\/\/www.manetti.com\/de\/#website"},"primaryImageOfPage":{"@id":"https:\/\/www.manetti.com\/de\/produkt\/schellack-losung-tn\/#primaryimage"},"image":{"@id":"https:\/\/www.manetti.com\/de\/produkt\/schellack-losung-tn\/#primaryimage"},"thumbnailUrl":"https:\/\/www.manetti.com\/wp-content\/uploads\/2023\/12\/Gommalacca_bottiglietta-giusta.png","datePublished":"2023-12-31T15:37:54+00:00","dateModified":"2024-02-14T15:56:59+00:00","description":"Gebrauchsfertige Schellackl\u00f6sung, geeignet als leichtes Schutz- und Poliermittel f\u00fcr Blattvergoldungen, sowohl f\u00fcr Edelmetall als auch f\u00fcr Metallimitate.","inLanguage":"de","potentialAction":[{"@type":"ReadAction","target":["https:\/\/www.manetti.com\/de\/produkt\/schellack-losung-tn\/"]}]},{"@type":"ImageObject","inLanguage":"de","@id":"https:\/\/www.manetti.com\/de\/produkt\/schellack-losung-tn\/#primaryimage","url":"https:\/\/www.manetti.com\/wp-content\/uploads\/2023\/12\/Gommalacca_bottiglietta-giusta.png","contentUrl":"https:\/\/www.manetti.com\/wp-content\/uploads\/2023\/12\/Gommalacca_bottiglietta-giusta.png","width":900,"height":900},{"@type":"WebSite","@id":"https:\/\/www.manetti.com\/de\/#website","url":"https:\/\/www.manetti.com\/de\/","name":"Giusto Manetti Battiloro","description":"","publisher":{"@id":"https:\/\/www.manetti.com\/de\/#organization"},"potentialAction":[{"@type":"SearchAction","target":{"@type":"EntryPoint","urlTemplate":"https:\/\/www.manetti.com\/de\/?s={search_term_string}"},"query-input":{"@type":"PropertyValueSpecification","valueRequired":true,"valueName":"search_term_string"}}],"inLanguage":"de"},{"@type":"Organization","@id":"https:\/\/www.manetti.com\/de\/#organization","name":"GIUSTO MANETTI BATTILORO S.P.A.","url":"https:\/\/www.manetti.com\/de\/","logo":{"@type":"ImageObject","inLanguage":"de","@id":"https:\/\/www.manetti.com\/de\/#\/schema\/logo\/image\/","url":"https:\/\/www.manetti.com\/wp-content\/uploads\/2025\/02\/giusto-manetti-blu_300-02.png","contentUrl":"https:\/\/www.manetti.com\/wp-content\/uploads\/2025\/02\/giusto-manetti-blu_300-02.png","width":1123,"height":1093,"caption":"GIUSTO MANETTI BATTILORO S.P.A."},"image":{"@id":"https:\/\/www.manetti.com\/de\/#\/schema\/logo\/image\/"},"sameAs":["https:\/\/www.facebook.com\/giustomanettibattiloro","https:\/\/www.instagram.com\/giustomanettibattiloro\/","https:\/\/www.linkedin.com\/company\/giusto-manetti-battiloro-s-p-a-\/","https:\/\/www.youtube.com\/user\/ManettiBattiloro"]}]}},"_links":{"self":[{"href":"https:\/\/www.manetti.com\/de\/wp-json\/wp\/v2\/product\/60542","targetHints":{"allow":["GET"]}}],"collection":[{"href":"https:\/\/www.manetti.com\/de\/wp-json\/wp\/v2\/product"}],"about":[{"href":"https:\/\/www.manetti.com\/de\/wp-json\/wp\/v2\/types\/product"}],"wp:featuredmedia":[{"embeddable":true,"href":"https:\/\/www.manetti.com\/de\/wp-json\/wp\/v2\/media\/77790"}],"wp:attachment":[{"href":"https:\/\/www.manetti.com\/de\/wp-json\/wp\/v2\/media?parent=60542"}],"wp:term":[{"taxonomy":"product_brand","embeddable":true,"href":"https:\/\/www.manetti.com\/de\/wp-json\/wp\/v2\/product_brand?post=60542"},{"taxonomy":"product_cat","embeddable":true,"href":"https:\/\/www.manetti.com\/de\/wp-json\/wp\/v2\/product_cat?post=60542"},{"taxonomy":"product_tag","embeddable":true,"href":"https:\/\/www.manetti.com\/de\/wp-json\/wp\/v2\/product_tag?post=60542"},{"taxonomy":"product_area","embeddable":true,"href":"https:\/\/www.manetti.com\/de\/wp-json\/wp\/v2\/product_area?post=60542"},{"taxonomy":"catalog_category","embeddable":true,"href":"https:\/\/www.manetti.com\/de\/wp-json\/wp\/v2\/catalog_category?post=60542"}],"curies":[{"name":"wp","href":"https:\/\/api.w.org\/{rel}","templated":true}]}}