{"id":61265,"date":"2024-01-28T15:29:35","date_gmt":"2024-01-28T14:29:35","guid":{"rendered":"https:\/\/www.manetti.com\/?post_type=product&#038;p=61265"},"modified":"2024-01-31T16:12:29","modified_gmt":"2024-01-31T15:12:29","slug":"messer","status":"publish","type":"product","link":"https:\/\/www.manetti.com\/de\/produkt\/messer\/","title":{"rendered":"Messer"},"content":{"rendered":"<p>Metallmesser zum Schneiden des Blattes in kleinere Teile vor der Anwendung.<\/p>\n","protected":false},"excerpt":{"rendered":"<p>Metallmesser zum Schneiden des Blattes in kleinere Teile vor der Anwendung. [&#8230;]<\/p>\n<p><a class=\"btn btn-secondary understrap-read-more-link\" href=\"https:\/\/www.manetti.com\/de\/produkt\/messer\/\">Weiterlesen&#8230;<\/a><\/p>\n","protected":false},"featured_media":47125,"template":"","meta":{"_acf_changed":false},"product_brand":[],"product_cat":[397],"product_tag":[361],"product_area":[],"catalog_category":[815,985],"class_list":{"0":"post-61265","1":"product","2":"type-product","3":"status-publish","4":"has-post-thumbnail","6":"product_cat-werkzeuge","7":"product_tag-strumenti-de","8":"catalog_category-werkzeuge","9":"catalog_category-werkzeuge-messer","11":"first","12":"instock","13":"shipping-taxable","14":"purchasable","15":"product-type-variable"},"acf":[],"yoast_head":"<!-- This site is optimized with the Yoast SEO plugin v26.5 - https:\/\/yoast.com\/wordpress\/plugins\/seo\/ -->\n<title>Vergoldungsmesser - Italienischer Goldschl\u00e4ger Manetti<\/title>\n<meta name=\"description\" content=\"Das Vergoldungsmesser ist mit einer oder zwei Schneiden erh\u00e4ltlich und erm\u00f6glicht es, das Blatt durch leichten Druck und eine Schneidebewegung zu zerteilen. Es ist auch n\u00fctzlich, um das Blatt aus dem Heft auf das Vergoldungskissen zu \u00fcbertragen.\" \/>\n<meta name=\"robots\" content=\"noindex, nofollow\" \/>\n<meta property=\"og:locale\" content=\"de_DE\" \/>\n<meta property=\"og:type\" content=\"article\" \/>\n<meta property=\"og:title\" content=\"Vergoldungsmesser - Italienischer Goldschl\u00e4ger Manetti\" \/>\n<meta property=\"og:description\" content=\"Das Vergoldungsmesser ist mit einer oder zwei Schneiden erh\u00e4ltlich und erm\u00f6glicht es, das Blatt durch leichten Druck und eine Schneidebewegung zu zerteilen. Es ist auch n\u00fctzlich, um das Blatt aus dem Heft auf das Vergoldungskissen zu \u00fcbertragen.\" \/>\n<meta property=\"og:url\" content=\"https:\/\/www.manetti.com\/de\/produkt\/messer\/\" \/>\n<meta property=\"og:site_name\" content=\"Giusto Manetti Battiloro\" \/>\n<meta property=\"article:publisher\" content=\"https:\/\/www.facebook.com\/giustomanettibattiloro\" \/>\n<meta property=\"article:modified_time\" content=\"2024-01-31T15:12:29+00:00\" \/>\n<meta property=\"og:image\" content=\"https:\/\/www.manetti.com\/wp-content\/uploads\/2020\/02\/AccessoriPerLaDoratura_Coltello.png\" \/>\n\t<meta property=\"og:image:width\" content=\"2160\" \/>\n\t<meta property=\"og:image:height\" content=\"2160\" \/>\n\t<meta property=\"og:image:type\" content=\"image\/png\" \/>\n<meta name=\"twitter:card\" content=\"summary_large_image\" \/>\n<script type=\"application\/ld+json\" class=\"yoast-schema-graph\">{\"@context\":\"https:\/\/schema.org\",\"@graph\":[{\"@type\":\"WebPage\",\"@id\":\"https:\/\/www.manetti.com\/de\/produkt\/messer\/\",\"url\":\"https:\/\/www.manetti.com\/de\/produkt\/messer\/\",\"name\":\"Vergoldungsmesser - Italienischer Goldschl\u00e4ger Manetti\",\"isPartOf\":{\"@id\":\"https:\/\/www.manetti.com\/de\/#website\"},\"primaryImageOfPage\":{\"@id\":\"https:\/\/www.manetti.com\/de\/produkt\/messer\/#primaryimage\"},\"image\":{\"@id\":\"https:\/\/www.manetti.com\/de\/produkt\/messer\/#primaryimage\"},\"thumbnailUrl\":\"https:\/\/www.manetti.com\/wp-content\/uploads\/2020\/02\/AccessoriPerLaDoratura_Coltello.png\",\"datePublished\":\"2024-01-28T14:29:35+00:00\",\"dateModified\":\"2024-01-31T15:12:29+00:00\",\"description\":\"Das Vergoldungsmesser ist mit einer oder zwei Schneiden erh\u00e4ltlich und erm\u00f6glicht es, das Blatt durch leichten Druck und eine Schneidebewegung zu zerteilen. Es ist auch n\u00fctzlich, um das Blatt aus dem Heft auf das Vergoldungskissen zu \u00fcbertragen.\",\"inLanguage\":\"de\",\"potentialAction\":[{\"@type\":\"ReadAction\",\"target\":[\"https:\/\/www.manetti.com\/de\/produkt\/messer\/\"]}]},{\"@type\":\"ImageObject\",\"inLanguage\":\"de\",\"@id\":\"https:\/\/www.manetti.com\/de\/produkt\/messer\/#primaryimage\",\"url\":\"https:\/\/www.manetti.com\/wp-content\/uploads\/2020\/02\/AccessoriPerLaDoratura_Coltello.png\",\"contentUrl\":\"https:\/\/www.manetti.com\/wp-content\/uploads\/2020\/02\/AccessoriPerLaDoratura_Coltello.png\",\"width\":2160,\"height\":2160},{\"@type\":\"WebSite\",\"@id\":\"https:\/\/www.manetti.com\/de\/#website\",\"url\":\"https:\/\/www.manetti.com\/de\/\",\"name\":\"Giusto Manetti Battiloro\",\"description\":\"\",\"publisher\":{\"@id\":\"https:\/\/www.manetti.com\/de\/#organization\"},\"potentialAction\":[{\"@type\":\"SearchAction\",\"target\":{\"@type\":\"EntryPoint\",\"urlTemplate\":\"https:\/\/www.manetti.com\/de\/?s={search_term_string}\"},\"query-input\":{\"@type\":\"PropertyValueSpecification\",\"valueRequired\":true,\"valueName\":\"search_term_string\"}}],\"inLanguage\":\"de\"},{\"@type\":\"Organization\",\"@id\":\"https:\/\/www.manetti.com\/de\/#organization\",\"name\":\"GIUSTO MANETTI BATTILORO S.P.A.\",\"url\":\"https:\/\/www.manetti.com\/de\/\",\"logo\":{\"@type\":\"ImageObject\",\"inLanguage\":\"de\",\"@id\":\"https:\/\/www.manetti.com\/de\/#\/schema\/logo\/image\/\",\"url\":\"https:\/\/www.manetti.com\/wp-content\/uploads\/2025\/02\/giusto-manetti-blu_300-02.png\",\"contentUrl\":\"https:\/\/www.manetti.com\/wp-content\/uploads\/2025\/02\/giusto-manetti-blu_300-02.png\",\"width\":1123,\"height\":1093,\"caption\":\"GIUSTO MANETTI BATTILORO S.P.A.\"},\"image\":{\"@id\":\"https:\/\/www.manetti.com\/de\/#\/schema\/logo\/image\/\"},\"sameAs\":[\"https:\/\/www.facebook.com\/giustomanettibattiloro\",\"https:\/\/www.instagram.com\/giustomanettibattiloro\/\",\"https:\/\/www.linkedin.com\/company\/giusto-manetti-battiloro-s-p-a-\/\",\"https:\/\/www.youtube.com\/user\/ManettiBattiloro\"]}]}<\/script>\n<!-- \/ Yoast SEO plugin. -->","yoast_head_json":{"title":"Vergoldungsmesser - Italienischer Goldschl\u00e4ger Manetti","description":"Das Vergoldungsmesser ist mit einer oder zwei Schneiden erh\u00e4ltlich und erm\u00f6glicht es, das Blatt durch leichten Druck und eine Schneidebewegung zu zerteilen. Es ist auch n\u00fctzlich, um das Blatt aus dem Heft auf das Vergoldungskissen zu \u00fcbertragen.","robots":{"index":"noindex","follow":"nofollow"},"og_locale":"de_DE","og_type":"article","og_title":"Vergoldungsmesser - Italienischer Goldschl\u00e4ger Manetti","og_description":"Das Vergoldungsmesser ist mit einer oder zwei Schneiden erh\u00e4ltlich und erm\u00f6glicht es, das Blatt durch leichten Druck und eine Schneidebewegung zu zerteilen. Es ist auch n\u00fctzlich, um das Blatt aus dem Heft auf das Vergoldungskissen zu \u00fcbertragen.","og_url":"https:\/\/www.manetti.com\/de\/produkt\/messer\/","og_site_name":"Giusto Manetti Battiloro","article_publisher":"https:\/\/www.facebook.com\/giustomanettibattiloro","article_modified_time":"2024-01-31T15:12:29+00:00","og_image":[{"width":2160,"height":2160,"url":"https:\/\/www.manetti.com\/wp-content\/uploads\/2020\/02\/AccessoriPerLaDoratura_Coltello.png","type":"image\/png"}],"twitter_card":"summary_large_image","schema":{"@context":"https:\/\/schema.org","@graph":[{"@type":"WebPage","@id":"https:\/\/www.manetti.com\/de\/produkt\/messer\/","url":"https:\/\/www.manetti.com\/de\/produkt\/messer\/","name":"Vergoldungsmesser - Italienischer Goldschl\u00e4ger Manetti","isPartOf":{"@id":"https:\/\/www.manetti.com\/de\/#website"},"primaryImageOfPage":{"@id":"https:\/\/www.manetti.com\/de\/produkt\/messer\/#primaryimage"},"image":{"@id":"https:\/\/www.manetti.com\/de\/produkt\/messer\/#primaryimage"},"thumbnailUrl":"https:\/\/www.manetti.com\/wp-content\/uploads\/2020\/02\/AccessoriPerLaDoratura_Coltello.png","datePublished":"2024-01-28T14:29:35+00:00","dateModified":"2024-01-31T15:12:29+00:00","description":"Das Vergoldungsmesser ist mit einer oder zwei Schneiden erh\u00e4ltlich und erm\u00f6glicht es, das Blatt durch leichten Druck und eine Schneidebewegung zu zerteilen. Es ist auch n\u00fctzlich, um das Blatt aus dem Heft auf das Vergoldungskissen zu \u00fcbertragen.","inLanguage":"de","potentialAction":[{"@type":"ReadAction","target":["https:\/\/www.manetti.com\/de\/produkt\/messer\/"]}]},{"@type":"ImageObject","inLanguage":"de","@id":"https:\/\/www.manetti.com\/de\/produkt\/messer\/#primaryimage","url":"https:\/\/www.manetti.com\/wp-content\/uploads\/2020\/02\/AccessoriPerLaDoratura_Coltello.png","contentUrl":"https:\/\/www.manetti.com\/wp-content\/uploads\/2020\/02\/AccessoriPerLaDoratura_Coltello.png","width":2160,"height":2160},{"@type":"WebSite","@id":"https:\/\/www.manetti.com\/de\/#website","url":"https:\/\/www.manetti.com\/de\/","name":"Giusto Manetti Battiloro","description":"","publisher":{"@id":"https:\/\/www.manetti.com\/de\/#organization"},"potentialAction":[{"@type":"SearchAction","target":{"@type":"EntryPoint","urlTemplate":"https:\/\/www.manetti.com\/de\/?s={search_term_string}"},"query-input":{"@type":"PropertyValueSpecification","valueRequired":true,"valueName":"search_term_string"}}],"inLanguage":"de"},{"@type":"Organization","@id":"https:\/\/www.manetti.com\/de\/#organization","name":"GIUSTO MANETTI BATTILORO S.P.A.","url":"https:\/\/www.manetti.com\/de\/","logo":{"@type":"ImageObject","inLanguage":"de","@id":"https:\/\/www.manetti.com\/de\/#\/schema\/logo\/image\/","url":"https:\/\/www.manetti.com\/wp-content\/uploads\/2025\/02\/giusto-manetti-blu_300-02.png","contentUrl":"https:\/\/www.manetti.com\/wp-content\/uploads\/2025\/02\/giusto-manetti-blu_300-02.png","width":1123,"height":1093,"caption":"GIUSTO MANETTI BATTILORO S.P.A."},"image":{"@id":"https:\/\/www.manetti.com\/de\/#\/schema\/logo\/image\/"},"sameAs":["https:\/\/www.facebook.com\/giustomanettibattiloro","https:\/\/www.instagram.com\/giustomanettibattiloro\/","https:\/\/www.linkedin.com\/company\/giusto-manetti-battiloro-s-p-a-\/","https:\/\/www.youtube.com\/user\/ManettiBattiloro"]}]}},"_links":{"self":[{"href":"https:\/\/www.manetti.com\/de\/wp-json\/wp\/v2\/product\/61265","targetHints":{"allow":["GET"]}}],"collection":[{"href":"https:\/\/www.manetti.com\/de\/wp-json\/wp\/v2\/product"}],"about":[{"href":"https:\/\/www.manetti.com\/de\/wp-json\/wp\/v2\/types\/product"}],"wp:featuredmedia":[{"embeddable":true,"href":"https:\/\/www.manetti.com\/de\/wp-json\/wp\/v2\/media\/47125"}],"wp:attachment":[{"href":"https:\/\/www.manetti.com\/de\/wp-json\/wp\/v2\/media?parent=61265"}],"wp:term":[{"taxonomy":"product_brand","embeddable":true,"href":"https:\/\/www.manetti.com\/de\/wp-json\/wp\/v2\/product_brand?post=61265"},{"taxonomy":"product_cat","embeddable":true,"href":"https:\/\/www.manetti.com\/de\/wp-json\/wp\/v2\/product_cat?post=61265"},{"taxonomy":"product_tag","embeddable":true,"href":"https:\/\/www.manetti.com\/de\/wp-json\/wp\/v2\/product_tag?post=61265"},{"taxonomy":"product_area","embeddable":true,"href":"https:\/\/www.manetti.com\/de\/wp-json\/wp\/v2\/product_area?post=61265"},{"taxonomy":"catalog_category","embeddable":true,"href":"https:\/\/www.manetti.com\/de\/wp-json\/wp\/v2\/catalog_category?post=61265"}],"curies":[{"name":"wp","href":"https:\/\/api.w.org\/{rel}","templated":true}]}}