{"id":61392,"date":"2023-10-29T15:58:54","date_gmt":"2023-10-29T14:58:54","guid":{"rendered":"https:\/\/www.manetti.com\/?post_type=product&#038;p=61392"},"modified":"2024-01-31T16:12:48","modified_gmt":"2024-01-31T15:12:48","slug":"kaninchenleim","status":"publish","type":"product","link":"https:\/\/www.manetti.com\/de\/produkt\/kaninchenleim\/","title":{"rendered":"Kaninchenleim"},"content":{"rendered":"<p>Ein flockiger Leim tierischen Ursprungs, der als Basis f\u00fcr die Herstellung verschiedener Vergoldungsprodukte, einschlie\u00dflich Gouache-Leim, verwendet wird.<\/p>\n","protected":false},"excerpt":{"rendered":"<p>Ein flockiger Leim tierischen Ursprungs, der als Basis f\u00fcr die Herstellung verschiedener Vergoldungsprodukte, einschlie\u00dflich Gouache-Leim, verwendet wird. [&#8230;]<\/p>\n<p><a class=\"btn btn-secondary understrap-read-more-link\" href=\"https:\/\/www.manetti.com\/de\/produkt\/kaninchenleim\/\">Weiterlesen&#8230;<\/a><\/p>\n","protected":false},"featured_media":67016,"template":"","meta":{"_acf_changed":false},"product_brand":[],"product_cat":[393],"product_tag":[357],"product_area":[],"catalog_category":[783,795,867,950],"class_list":{"0":"post-61392","1":"product","2":"type-product","3":"status-publish","4":"has-post-thumbnail","6":"product_cat-wasservergoldung","7":"product_tag-andere-produkte","8":"catalog_category-ikonografie","9":"catalog_category-vergoldung-und-restaurierung","10":"catalog_category-dorado-y-restauracion-mixtion-und-kleber","11":"catalog_category-ikonografie-kleber","13":"first","14":"instock","15":"shipping-taxable","16":"purchasable","17":"product-type-variable"},"acf":[],"yoast_head":"<!-- This site is optimized with the Yoast SEO plugin v26.5 - https:\/\/yoast.com\/wordpress\/plugins\/seo\/ -->\n<title>Kaninchenleim f\u00fcr Blattgold | Giusto Manetti Battiloro<\/title>\n<meta name=\"description\" content=\"Ein flockiger Leim tierischen Ursprungs, der als Basis f\u00fcr die Herstellung verschiedener Vergoldungsprodukte, einschlie\u00dflich Gouache-Leim, verwendet wird.\" \/>\n<meta name=\"robots\" content=\"noindex, nofollow\" \/>\n<meta property=\"og:locale\" content=\"de_DE\" \/>\n<meta property=\"og:type\" content=\"article\" \/>\n<meta property=\"og:title\" content=\"Kaninchenleim f\u00fcr Blattgold | Giusto Manetti Battiloro\" \/>\n<meta property=\"og:description\" content=\"Ein flockiger Leim tierischen Ursprungs, der als Basis f\u00fcr die Herstellung verschiedener Vergoldungsprodukte, einschlie\u00dflich Gouache-Leim, verwendet wird.\" \/>\n<meta property=\"og:url\" content=\"https:\/\/www.manetti.com\/de\/produkt\/kaninchenleim\/\" \/>\n<meta property=\"og:site_name\" content=\"Giusto Manetti Battiloro\" \/>\n<meta property=\"article:publisher\" content=\"https:\/\/www.facebook.com\/giustomanettibattiloro\" \/>\n<meta property=\"article:modified_time\" content=\"2024-01-31T15:12:48+00:00\" \/>\n<meta property=\"og:image\" content=\"https:\/\/www.manetti.com\/wp-content\/uploads\/2023\/10\/Colla-di-coniglio.png\" \/>\n\t<meta property=\"og:image:width\" content=\"1000\" \/>\n\t<meta property=\"og:image:height\" content=\"1000\" \/>\n\t<meta property=\"og:image:type\" content=\"image\/png\" \/>\n<meta name=\"twitter:card\" content=\"summary_large_image\" \/>\n<script type=\"application\/ld+json\" class=\"yoast-schema-graph\">{\"@context\":\"https:\/\/schema.org\",\"@graph\":[{\"@type\":\"WebPage\",\"@id\":\"https:\/\/www.manetti.com\/de\/produkt\/kaninchenleim\/\",\"url\":\"https:\/\/www.manetti.com\/de\/produkt\/kaninchenleim\/\",\"name\":\"Kaninchenleim f\u00fcr Blattgold | Giusto Manetti Battiloro\",\"isPartOf\":{\"@id\":\"https:\/\/www.manetti.com\/de\/#website\"},\"primaryImageOfPage\":{\"@id\":\"https:\/\/www.manetti.com\/de\/produkt\/kaninchenleim\/#primaryimage\"},\"image\":{\"@id\":\"https:\/\/www.manetti.com\/de\/produkt\/kaninchenleim\/#primaryimage\"},\"thumbnailUrl\":\"https:\/\/www.manetti.com\/wp-content\/uploads\/2023\/10\/Colla-di-coniglio.png\",\"datePublished\":\"2023-10-29T14:58:54+00:00\",\"dateModified\":\"2024-01-31T15:12:48+00:00\",\"description\":\"Ein flockiger Leim tierischen Ursprungs, der als Basis f\u00fcr die Herstellung verschiedener Vergoldungsprodukte, einschlie\u00dflich Gouache-Leim, verwendet wird.\",\"inLanguage\":\"de\",\"potentialAction\":[{\"@type\":\"ReadAction\",\"target\":[\"https:\/\/www.manetti.com\/de\/produkt\/kaninchenleim\/\"]}]},{\"@type\":\"ImageObject\",\"inLanguage\":\"de\",\"@id\":\"https:\/\/www.manetti.com\/de\/produkt\/kaninchenleim\/#primaryimage\",\"url\":\"https:\/\/www.manetti.com\/wp-content\/uploads\/2023\/10\/Colla-di-coniglio.png\",\"contentUrl\":\"https:\/\/www.manetti.com\/wp-content\/uploads\/2023\/10\/Colla-di-coniglio.png\",\"width\":1000,\"height\":1000,\"caption\":\"Colla di coniglio\"},{\"@type\":\"WebSite\",\"@id\":\"https:\/\/www.manetti.com\/de\/#website\",\"url\":\"https:\/\/www.manetti.com\/de\/\",\"name\":\"Giusto Manetti Battiloro\",\"description\":\"\",\"publisher\":{\"@id\":\"https:\/\/www.manetti.com\/de\/#organization\"},\"potentialAction\":[{\"@type\":\"SearchAction\",\"target\":{\"@type\":\"EntryPoint\",\"urlTemplate\":\"https:\/\/www.manetti.com\/de\/?s={search_term_string}\"},\"query-input\":{\"@type\":\"PropertyValueSpecification\",\"valueRequired\":true,\"valueName\":\"search_term_string\"}}],\"inLanguage\":\"de\"},{\"@type\":\"Organization\",\"@id\":\"https:\/\/www.manetti.com\/de\/#organization\",\"name\":\"GIUSTO MANETTI BATTILORO S.P.A.\",\"url\":\"https:\/\/www.manetti.com\/de\/\",\"logo\":{\"@type\":\"ImageObject\",\"inLanguage\":\"de\",\"@id\":\"https:\/\/www.manetti.com\/de\/#\/schema\/logo\/image\/\",\"url\":\"https:\/\/www.manetti.com\/wp-content\/uploads\/2025\/02\/giusto-manetti-blu_300-02.png\",\"contentUrl\":\"https:\/\/www.manetti.com\/wp-content\/uploads\/2025\/02\/giusto-manetti-blu_300-02.png\",\"width\":1123,\"height\":1093,\"caption\":\"GIUSTO MANETTI BATTILORO S.P.A.\"},\"image\":{\"@id\":\"https:\/\/www.manetti.com\/de\/#\/schema\/logo\/image\/\"},\"sameAs\":[\"https:\/\/www.facebook.com\/giustomanettibattiloro\",\"https:\/\/www.instagram.com\/giustomanettibattiloro\/\",\"https:\/\/www.linkedin.com\/company\/giusto-manetti-battiloro-s-p-a-\/\",\"https:\/\/www.youtube.com\/user\/ManettiBattiloro\"]}]}<\/script>\n<!-- \/ Yoast SEO plugin. -->","yoast_head_json":{"title":"Kaninchenleim f\u00fcr Blattgold | Giusto Manetti Battiloro","description":"Ein flockiger Leim tierischen Ursprungs, der als Basis f\u00fcr die Herstellung verschiedener Vergoldungsprodukte, einschlie\u00dflich Gouache-Leim, verwendet wird.","robots":{"index":"noindex","follow":"nofollow"},"og_locale":"de_DE","og_type":"article","og_title":"Kaninchenleim f\u00fcr Blattgold | Giusto Manetti Battiloro","og_description":"Ein flockiger Leim tierischen Ursprungs, der als Basis f\u00fcr die Herstellung verschiedener Vergoldungsprodukte, einschlie\u00dflich Gouache-Leim, verwendet wird.","og_url":"https:\/\/www.manetti.com\/de\/produkt\/kaninchenleim\/","og_site_name":"Giusto Manetti Battiloro","article_publisher":"https:\/\/www.facebook.com\/giustomanettibattiloro","article_modified_time":"2024-01-31T15:12:48+00:00","og_image":[{"width":1000,"height":1000,"url":"https:\/\/www.manetti.com\/wp-content\/uploads\/2023\/10\/Colla-di-coniglio.png","type":"image\/png"}],"twitter_card":"summary_large_image","schema":{"@context":"https:\/\/schema.org","@graph":[{"@type":"WebPage","@id":"https:\/\/www.manetti.com\/de\/produkt\/kaninchenleim\/","url":"https:\/\/www.manetti.com\/de\/produkt\/kaninchenleim\/","name":"Kaninchenleim f\u00fcr Blattgold | Giusto Manetti Battiloro","isPartOf":{"@id":"https:\/\/www.manetti.com\/de\/#website"},"primaryImageOfPage":{"@id":"https:\/\/www.manetti.com\/de\/produkt\/kaninchenleim\/#primaryimage"},"image":{"@id":"https:\/\/www.manetti.com\/de\/produkt\/kaninchenleim\/#primaryimage"},"thumbnailUrl":"https:\/\/www.manetti.com\/wp-content\/uploads\/2023\/10\/Colla-di-coniglio.png","datePublished":"2023-10-29T14:58:54+00:00","dateModified":"2024-01-31T15:12:48+00:00","description":"Ein flockiger Leim tierischen Ursprungs, der als Basis f\u00fcr die Herstellung verschiedener Vergoldungsprodukte, einschlie\u00dflich Gouache-Leim, verwendet wird.","inLanguage":"de","potentialAction":[{"@type":"ReadAction","target":["https:\/\/www.manetti.com\/de\/produkt\/kaninchenleim\/"]}]},{"@type":"ImageObject","inLanguage":"de","@id":"https:\/\/www.manetti.com\/de\/produkt\/kaninchenleim\/#primaryimage","url":"https:\/\/www.manetti.com\/wp-content\/uploads\/2023\/10\/Colla-di-coniglio.png","contentUrl":"https:\/\/www.manetti.com\/wp-content\/uploads\/2023\/10\/Colla-di-coniglio.png","width":1000,"height":1000,"caption":"Colla di coniglio"},{"@type":"WebSite","@id":"https:\/\/www.manetti.com\/de\/#website","url":"https:\/\/www.manetti.com\/de\/","name":"Giusto Manetti Battiloro","description":"","publisher":{"@id":"https:\/\/www.manetti.com\/de\/#organization"},"potentialAction":[{"@type":"SearchAction","target":{"@type":"EntryPoint","urlTemplate":"https:\/\/www.manetti.com\/de\/?s={search_term_string}"},"query-input":{"@type":"PropertyValueSpecification","valueRequired":true,"valueName":"search_term_string"}}],"inLanguage":"de"},{"@type":"Organization","@id":"https:\/\/www.manetti.com\/de\/#organization","name":"GIUSTO MANETTI BATTILORO S.P.A.","url":"https:\/\/www.manetti.com\/de\/","logo":{"@type":"ImageObject","inLanguage":"de","@id":"https:\/\/www.manetti.com\/de\/#\/schema\/logo\/image\/","url":"https:\/\/www.manetti.com\/wp-content\/uploads\/2025\/02\/giusto-manetti-blu_300-02.png","contentUrl":"https:\/\/www.manetti.com\/wp-content\/uploads\/2025\/02\/giusto-manetti-blu_300-02.png","width":1123,"height":1093,"caption":"GIUSTO MANETTI BATTILORO S.P.A."},"image":{"@id":"https:\/\/www.manetti.com\/de\/#\/schema\/logo\/image\/"},"sameAs":["https:\/\/www.facebook.com\/giustomanettibattiloro","https:\/\/www.instagram.com\/giustomanettibattiloro\/","https:\/\/www.linkedin.com\/company\/giusto-manetti-battiloro-s-p-a-\/","https:\/\/www.youtube.com\/user\/ManettiBattiloro"]}]}},"_links":{"self":[{"href":"https:\/\/www.manetti.com\/de\/wp-json\/wp\/v2\/product\/61392","targetHints":{"allow":["GET"]}}],"collection":[{"href":"https:\/\/www.manetti.com\/de\/wp-json\/wp\/v2\/product"}],"about":[{"href":"https:\/\/www.manetti.com\/de\/wp-json\/wp\/v2\/types\/product"}],"wp:featuredmedia":[{"embeddable":true,"href":"https:\/\/www.manetti.com\/de\/wp-json\/wp\/v2\/media\/67016"}],"wp:attachment":[{"href":"https:\/\/www.manetti.com\/de\/wp-json\/wp\/v2\/media?parent=61392"}],"wp:term":[{"taxonomy":"product_brand","embeddable":true,"href":"https:\/\/www.manetti.com\/de\/wp-json\/wp\/v2\/product_brand?post=61392"},{"taxonomy":"product_cat","embeddable":true,"href":"https:\/\/www.manetti.com\/de\/wp-json\/wp\/v2\/product_cat?post=61392"},{"taxonomy":"product_tag","embeddable":true,"href":"https:\/\/www.manetti.com\/de\/wp-json\/wp\/v2\/product_tag?post=61392"},{"taxonomy":"product_area","embeddable":true,"href":"https:\/\/www.manetti.com\/de\/wp-json\/wp\/v2\/product_area?post=61392"},{"taxonomy":"catalog_category","embeddable":true,"href":"https:\/\/www.manetti.com\/de\/wp-json\/wp\/v2\/catalog_category?post=61392"}],"curies":[{"name":"wp","href":"https:\/\/api.w.org\/{rel}","templated":true}]}}