{"id":61460,"date":"2023-12-29T16:27:59","date_gmt":"2023-12-29T15:27:59","guid":{"rendered":"https:\/\/www.manetti.com\/?post_type=product&#038;p=61460"},"modified":"2024-02-14T17:20:41","modified_gmt":"2024-02-14T16:20:41","slug":"entwachste-schellack-losung","status":"publish","type":"product","link":"https:\/\/www.manetti.com\/de\/produkt\/entwachste-schellack-losung\/","title":{"rendered":"Entwachste Schellack-L\u00f6sung"},"content":{"rendered":"<p>Gebrauchsfertige Schellack-L\u00f6sung, geeignet als leichtes Schutz- und Poliermittel f\u00fcr Blattvergoldungen, sowohl f\u00fcr Edelmetall als auch f\u00fcr Metallimitate. Nach dem Trocknen verleiht es der Oberfl\u00e4che einen leicht warmen Ton.<\/p>\n","protected":false},"excerpt":{"rendered":"<p>Gebrauchsfertige Schellack-L\u00f6sung, geeignet als leichtes Schutz- und Poliermittel f\u00fcr Blattvergoldungen, sowohl f\u00fcr Edelmetall als auch f\u00fcr Metallimitate. Nach dem Trocknen verleiht es der Oberfl\u00e4che einen leicht warmen Ton. [&#8230;]<\/p>\n<p><a class=\"btn btn-secondary understrap-read-more-link\" href=\"https:\/\/www.manetti.com\/de\/produkt\/entwachste-schellack-losung\/\">Weiterlesen&#8230;<\/a><\/p>\n","protected":false},"featured_media":51756,"template":"","meta":{"_acf_changed":false},"product_brand":[],"product_cat":[396],"product_tag":[360],"product_area":[],"catalog_category":[795,874],"class_list":{"0":"post-61460","1":"product","2":"type-product","3":"status-publish","4":"has-post-thumbnail","6":"product_cat-schutz","7":"product_tag-gommalacca-de","8":"catalog_category-vergoldung-und-restaurierung","9":"catalog_category-vergoldung-und-restaurierung-schutz","11":"first","12":"instock","13":"shipping-taxable","14":"purchasable","15":"product-type-variable"},"acf":[],"yoast_head":"<!-- This site is optimized with the Yoast SEO plugin v26.5 - https:\/\/yoast.com\/wordpress\/plugins\/seo\/ -->\n<title>Entwachste Schellack-L\u00f6sung | Giusto Manetti Battiloro<\/title>\n<meta name=\"description\" content=\"Gebrauchsfertige Schellack-L\u00f6sung, geeignet als leichtes Schutz- und Poliermittel f\u00fcr Blattvergoldungen, sowohl f\u00fcr Edelmetall als auch f\u00fcr Metallimitate. Nach dem Trocknen verleiht es der Oberfl\u00e4che einen leicht warmen Ton.\" \/>\n<meta name=\"robots\" content=\"noindex, nofollow\" \/>\n<meta property=\"og:locale\" content=\"de_DE\" \/>\n<meta property=\"og:type\" content=\"article\" \/>\n<meta property=\"og:title\" content=\"Entwachste Schellack-L\u00f6sung | Giusto Manetti Battiloro\" \/>\n<meta property=\"og:description\" content=\"Gebrauchsfertige Schellack-L\u00f6sung, geeignet als leichtes Schutz- und Poliermittel f\u00fcr Blattvergoldungen, sowohl f\u00fcr Edelmetall als auch f\u00fcr Metallimitate. Nach dem Trocknen verleiht es der Oberfl\u00e4che einen leicht warmen Ton.\" \/>\n<meta property=\"og:url\" content=\"https:\/\/www.manetti.com\/de\/produkt\/entwachste-schellack-losung\/\" \/>\n<meta property=\"og:site_name\" content=\"Giusto Manetti Battiloro\" \/>\n<meta property=\"article:publisher\" content=\"https:\/\/www.facebook.com\/giustomanettibattiloro\" \/>\n<meta property=\"article:modified_time\" content=\"2024-02-14T16:20:41+00:00\" \/>\n<meta property=\"og:image\" content=\"https:\/\/www.manetti.com\/wp-content\/uploads\/2022\/10\/Gommalacca-decerata_bottiglietta-giusta-WEB.png\" \/>\n\t<meta property=\"og:image:width\" content=\"476\" \/>\n\t<meta property=\"og:image:height\" content=\"476\" \/>\n\t<meta property=\"og:image:type\" content=\"image\/png\" \/>\n<meta name=\"twitter:card\" content=\"summary_large_image\" \/>\n<script type=\"application\/ld+json\" class=\"yoast-schema-graph\">{\"@context\":\"https:\/\/schema.org\",\"@graph\":[{\"@type\":\"WebPage\",\"@id\":\"https:\/\/www.manetti.com\/de\/produkt\/entwachste-schellack-losung\/\",\"url\":\"https:\/\/www.manetti.com\/de\/produkt\/entwachste-schellack-losung\/\",\"name\":\"Entwachste Schellack-L\u00f6sung | Giusto Manetti Battiloro\",\"isPartOf\":{\"@id\":\"https:\/\/www.manetti.com\/de\/#website\"},\"primaryImageOfPage\":{\"@id\":\"https:\/\/www.manetti.com\/de\/produkt\/entwachste-schellack-losung\/#primaryimage\"},\"image\":{\"@id\":\"https:\/\/www.manetti.com\/de\/produkt\/entwachste-schellack-losung\/#primaryimage\"},\"thumbnailUrl\":\"https:\/\/www.manetti.com\/wp-content\/uploads\/2022\/10\/Gommalacca-decerata_bottiglietta-giusta-WEB.png\",\"datePublished\":\"2023-12-29T15:27:59+00:00\",\"dateModified\":\"2024-02-14T16:20:41+00:00\",\"description\":\"Gebrauchsfertige Schellack-L\u00f6sung, geeignet als leichtes Schutz- und Poliermittel f\u00fcr Blattvergoldungen, sowohl f\u00fcr Edelmetall als auch f\u00fcr Metallimitate. Nach dem Trocknen verleiht es der Oberfl\u00e4che einen leicht warmen Ton.\",\"inLanguage\":\"de\",\"potentialAction\":[{\"@type\":\"ReadAction\",\"target\":[\"https:\/\/www.manetti.com\/de\/produkt\/entwachste-schellack-losung\/\"]}]},{\"@type\":\"ImageObject\",\"inLanguage\":\"de\",\"@id\":\"https:\/\/www.manetti.com\/de\/produkt\/entwachste-schellack-losung\/#primaryimage\",\"url\":\"https:\/\/www.manetti.com\/wp-content\/uploads\/2022\/10\/Gommalacca-decerata_bottiglietta-giusta-WEB.png\",\"contentUrl\":\"https:\/\/www.manetti.com\/wp-content\/uploads\/2022\/10\/Gommalacca-decerata_bottiglietta-giusta-WEB.png\",\"width\":476,\"height\":476},{\"@type\":\"WebSite\",\"@id\":\"https:\/\/www.manetti.com\/de\/#website\",\"url\":\"https:\/\/www.manetti.com\/de\/\",\"name\":\"Giusto Manetti Battiloro\",\"description\":\"\",\"publisher\":{\"@id\":\"https:\/\/www.manetti.com\/de\/#organization\"},\"potentialAction\":[{\"@type\":\"SearchAction\",\"target\":{\"@type\":\"EntryPoint\",\"urlTemplate\":\"https:\/\/www.manetti.com\/de\/?s={search_term_string}\"},\"query-input\":{\"@type\":\"PropertyValueSpecification\",\"valueRequired\":true,\"valueName\":\"search_term_string\"}}],\"inLanguage\":\"de\"},{\"@type\":\"Organization\",\"@id\":\"https:\/\/www.manetti.com\/de\/#organization\",\"name\":\"GIUSTO MANETTI BATTILORO S.P.A.\",\"url\":\"https:\/\/www.manetti.com\/de\/\",\"logo\":{\"@type\":\"ImageObject\",\"inLanguage\":\"de\",\"@id\":\"https:\/\/www.manetti.com\/de\/#\/schema\/logo\/image\/\",\"url\":\"https:\/\/www.manetti.com\/wp-content\/uploads\/2025\/02\/giusto-manetti-blu_300-02.png\",\"contentUrl\":\"https:\/\/www.manetti.com\/wp-content\/uploads\/2025\/02\/giusto-manetti-blu_300-02.png\",\"width\":1123,\"height\":1093,\"caption\":\"GIUSTO MANETTI BATTILORO S.P.A.\"},\"image\":{\"@id\":\"https:\/\/www.manetti.com\/de\/#\/schema\/logo\/image\/\"},\"sameAs\":[\"https:\/\/www.facebook.com\/giustomanettibattiloro\",\"https:\/\/www.instagram.com\/giustomanettibattiloro\/\",\"https:\/\/www.linkedin.com\/company\/giusto-manetti-battiloro-s-p-a-\/\",\"https:\/\/www.youtube.com\/user\/ManettiBattiloro\"]}]}<\/script>\n<!-- \/ Yoast SEO plugin. -->","yoast_head_json":{"title":"Entwachste Schellack-L\u00f6sung | Giusto Manetti Battiloro","description":"Gebrauchsfertige Schellack-L\u00f6sung, geeignet als leichtes Schutz- und Poliermittel f\u00fcr Blattvergoldungen, sowohl f\u00fcr Edelmetall als auch f\u00fcr Metallimitate. Nach dem Trocknen verleiht es der Oberfl\u00e4che einen leicht warmen Ton.","robots":{"index":"noindex","follow":"nofollow"},"og_locale":"de_DE","og_type":"article","og_title":"Entwachste Schellack-L\u00f6sung | Giusto Manetti Battiloro","og_description":"Gebrauchsfertige Schellack-L\u00f6sung, geeignet als leichtes Schutz- und Poliermittel f\u00fcr Blattvergoldungen, sowohl f\u00fcr Edelmetall als auch f\u00fcr Metallimitate. Nach dem Trocknen verleiht es der Oberfl\u00e4che einen leicht warmen Ton.","og_url":"https:\/\/www.manetti.com\/de\/produkt\/entwachste-schellack-losung\/","og_site_name":"Giusto Manetti Battiloro","article_publisher":"https:\/\/www.facebook.com\/giustomanettibattiloro","article_modified_time":"2024-02-14T16:20:41+00:00","og_image":[{"width":476,"height":476,"url":"https:\/\/www.manetti.com\/wp-content\/uploads\/2022\/10\/Gommalacca-decerata_bottiglietta-giusta-WEB.png","type":"image\/png"}],"twitter_card":"summary_large_image","schema":{"@context":"https:\/\/schema.org","@graph":[{"@type":"WebPage","@id":"https:\/\/www.manetti.com\/de\/produkt\/entwachste-schellack-losung\/","url":"https:\/\/www.manetti.com\/de\/produkt\/entwachste-schellack-losung\/","name":"Entwachste Schellack-L\u00f6sung | Giusto Manetti Battiloro","isPartOf":{"@id":"https:\/\/www.manetti.com\/de\/#website"},"primaryImageOfPage":{"@id":"https:\/\/www.manetti.com\/de\/produkt\/entwachste-schellack-losung\/#primaryimage"},"image":{"@id":"https:\/\/www.manetti.com\/de\/produkt\/entwachste-schellack-losung\/#primaryimage"},"thumbnailUrl":"https:\/\/www.manetti.com\/wp-content\/uploads\/2022\/10\/Gommalacca-decerata_bottiglietta-giusta-WEB.png","datePublished":"2023-12-29T15:27:59+00:00","dateModified":"2024-02-14T16:20:41+00:00","description":"Gebrauchsfertige Schellack-L\u00f6sung, geeignet als leichtes Schutz- und Poliermittel f\u00fcr Blattvergoldungen, sowohl f\u00fcr Edelmetall als auch f\u00fcr Metallimitate. Nach dem Trocknen verleiht es der Oberfl\u00e4che einen leicht warmen Ton.","inLanguage":"de","potentialAction":[{"@type":"ReadAction","target":["https:\/\/www.manetti.com\/de\/produkt\/entwachste-schellack-losung\/"]}]},{"@type":"ImageObject","inLanguage":"de","@id":"https:\/\/www.manetti.com\/de\/produkt\/entwachste-schellack-losung\/#primaryimage","url":"https:\/\/www.manetti.com\/wp-content\/uploads\/2022\/10\/Gommalacca-decerata_bottiglietta-giusta-WEB.png","contentUrl":"https:\/\/www.manetti.com\/wp-content\/uploads\/2022\/10\/Gommalacca-decerata_bottiglietta-giusta-WEB.png","width":476,"height":476},{"@type":"WebSite","@id":"https:\/\/www.manetti.com\/de\/#website","url":"https:\/\/www.manetti.com\/de\/","name":"Giusto Manetti Battiloro","description":"","publisher":{"@id":"https:\/\/www.manetti.com\/de\/#organization"},"potentialAction":[{"@type":"SearchAction","target":{"@type":"EntryPoint","urlTemplate":"https:\/\/www.manetti.com\/de\/?s={search_term_string}"},"query-input":{"@type":"PropertyValueSpecification","valueRequired":true,"valueName":"search_term_string"}}],"inLanguage":"de"},{"@type":"Organization","@id":"https:\/\/www.manetti.com\/de\/#organization","name":"GIUSTO MANETTI BATTILORO S.P.A.","url":"https:\/\/www.manetti.com\/de\/","logo":{"@type":"ImageObject","inLanguage":"de","@id":"https:\/\/www.manetti.com\/de\/#\/schema\/logo\/image\/","url":"https:\/\/www.manetti.com\/wp-content\/uploads\/2025\/02\/giusto-manetti-blu_300-02.png","contentUrl":"https:\/\/www.manetti.com\/wp-content\/uploads\/2025\/02\/giusto-manetti-blu_300-02.png","width":1123,"height":1093,"caption":"GIUSTO MANETTI BATTILORO S.P.A."},"image":{"@id":"https:\/\/www.manetti.com\/de\/#\/schema\/logo\/image\/"},"sameAs":["https:\/\/www.facebook.com\/giustomanettibattiloro","https:\/\/www.instagram.com\/giustomanettibattiloro\/","https:\/\/www.linkedin.com\/company\/giusto-manetti-battiloro-s-p-a-\/","https:\/\/www.youtube.com\/user\/ManettiBattiloro"]}]}},"_links":{"self":[{"href":"https:\/\/www.manetti.com\/de\/wp-json\/wp\/v2\/product\/61460","targetHints":{"allow":["GET"]}}],"collection":[{"href":"https:\/\/www.manetti.com\/de\/wp-json\/wp\/v2\/product"}],"about":[{"href":"https:\/\/www.manetti.com\/de\/wp-json\/wp\/v2\/types\/product"}],"wp:featuredmedia":[{"embeddable":true,"href":"https:\/\/www.manetti.com\/de\/wp-json\/wp\/v2\/media\/51756"}],"wp:attachment":[{"href":"https:\/\/www.manetti.com\/de\/wp-json\/wp\/v2\/media?parent=61460"}],"wp:term":[{"taxonomy":"product_brand","embeddable":true,"href":"https:\/\/www.manetti.com\/de\/wp-json\/wp\/v2\/product_brand?post=61460"},{"taxonomy":"product_cat","embeddable":true,"href":"https:\/\/www.manetti.com\/de\/wp-json\/wp\/v2\/product_cat?post=61460"},{"taxonomy":"product_tag","embeddable":true,"href":"https:\/\/www.manetti.com\/de\/wp-json\/wp\/v2\/product_tag?post=61460"},{"taxonomy":"product_area","embeddable":true,"href":"https:\/\/www.manetti.com\/de\/wp-json\/wp\/v2\/product_area?post=61460"},{"taxonomy":"catalog_category","embeddable":true,"href":"https:\/\/www.manetti.com\/de\/wp-json\/wp\/v2\/catalog_category?post=61460"}],"curies":[{"name":"wp","href":"https:\/\/api.w.org\/{rel}","templated":true}]}}