{"id":61518,"date":"2023-12-28T16:35:07","date_gmt":"2023-12-28T15:35:07","guid":{"rendered":"https:\/\/www.manetti.com\/?post_type=product&#038;p=61518"},"modified":"2024-02-14T17:24:00","modified_gmt":"2024-02-14T16:24:00","slug":"entwachste-schellackflocken","status":"publish","type":"product","link":"https:\/\/www.manetti.com\/de\/produkt\/entwachste-schellackflocken\/","title":{"rendered":"Entwachste Schellackflocken"},"content":{"rendered":"<p>Schellack wird sowohl als Versiegelung f\u00fcr por\u00f6se Oberfl\u00e4chen vor der \u00d6lvergoldung als auch als Politur und leichter Schutz des <a href=\"https:\/\/www.manetti.com\/de\/katalog\/blattgold\/\">Blattgoldes<\/a> nach der Fertigstellung des Werkes verwendet.<br \/>\nIm Vergleich zu normalem Schellack ist entwachster Schellack nach dem Auftragen und Trocknen transparenter und fast farblos.<\/p>\n","protected":false},"excerpt":{"rendered":"<p>Schellack wird sowohl als Versiegelung f\u00fcr por\u00f6se Oberfl\u00e4chen vor der \u00d6lvergoldung als auch als Politur und leichter Schutz des Blattgoldes nach der Fertigstellung des Werkes verwendet. Im Vergleich zu normalem Schellack ist entwachster Schellack nach dem Auftragen und Trocknen transparenter und fast farblos. [&#8230;]<\/p>\n<p><a class=\"btn btn-secondary understrap-read-more-link\" href=\"https:\/\/www.manetti.com\/de\/produkt\/entwachste-schellackflocken\/\">Weiterlesen&#8230;<\/a><\/p>\n","protected":false},"featured_media":67031,"template":"","meta":{"_acf_changed":false},"product_brand":[],"product_cat":[396],"product_tag":[360],"product_area":[],"catalog_category":[795,874],"class_list":{"0":"post-61518","1":"product","2":"type-product","3":"status-publish","4":"has-post-thumbnail","6":"product_cat-schutz","7":"product_tag-gommalacca-de","8":"catalog_category-vergoldung-und-restaurierung","9":"catalog_category-vergoldung-und-restaurierung-schutz","11":"first","12":"instock","13":"shipping-taxable","14":"purchasable","15":"product-type-variable"},"acf":[],"yoast_head":"<!-- This site is optimized with the Yoast SEO plugin v26.5 - https:\/\/yoast.com\/wordpress\/plugins\/seo\/ -->\n<title>Entwachste Schellackflocken | Giusto Manetti Battiloro<\/title>\n<meta name=\"description\" content=\"Schellack wird sowohl als Versiegelung f\u00fcr por\u00f6se Oberfl\u00e4chen vor der \u00d6lvergoldung als auch als Politur und leichter Schutz des Blattgoldes nach der Fertigstellung des Werkes verwendet.\" \/>\n<meta name=\"robots\" content=\"noindex, nofollow\" \/>\n<meta property=\"og:locale\" content=\"de_DE\" \/>\n<meta property=\"og:type\" content=\"article\" \/>\n<meta property=\"og:title\" content=\"Entwachste Schellackflocken | Giusto Manetti Battiloro\" \/>\n<meta property=\"og:description\" content=\"Schellack wird sowohl als Versiegelung f\u00fcr por\u00f6se Oberfl\u00e4chen vor der \u00d6lvergoldung als auch als Politur und leichter Schutz des Blattgoldes nach der Fertigstellung des Werkes verwendet.\" \/>\n<meta property=\"og:url\" content=\"https:\/\/www.manetti.com\/de\/produkt\/entwachste-schellackflocken\/\" \/>\n<meta property=\"og:site_name\" content=\"Giusto Manetti Battiloro\" \/>\n<meta property=\"article:publisher\" content=\"https:\/\/www.facebook.com\/giustomanettibattiloro\" \/>\n<meta property=\"article:modified_time\" content=\"2024-02-14T16:24:00+00:00\" \/>\n<meta property=\"og:image\" content=\"https:\/\/www.manetti.com\/wp-content\/uploads\/2023\/10\/Gommalacca-Decerata-in-Scaglie.png\" \/>\n\t<meta property=\"og:image:width\" content=\"1000\" \/>\n\t<meta property=\"og:image:height\" content=\"1000\" \/>\n\t<meta property=\"og:image:type\" content=\"image\/png\" \/>\n<meta name=\"twitter:card\" content=\"summary_large_image\" \/>\n<meta name=\"twitter:label1\" content=\"Gesch\u00e4tzte Lesezeit\" \/>\n\t<meta name=\"twitter:data1\" content=\"1\u00a0Minute\" \/>\n<script type=\"application\/ld+json\" class=\"yoast-schema-graph\">{\"@context\":\"https:\/\/schema.org\",\"@graph\":[{\"@type\":\"WebPage\",\"@id\":\"https:\/\/www.manetti.com\/de\/produkt\/entwachste-schellackflocken\/\",\"url\":\"https:\/\/www.manetti.com\/de\/produkt\/entwachste-schellackflocken\/\",\"name\":\"Entwachste Schellackflocken | Giusto Manetti Battiloro\",\"isPartOf\":{\"@id\":\"https:\/\/www.manetti.com\/de\/#website\"},\"primaryImageOfPage\":{\"@id\":\"https:\/\/www.manetti.com\/de\/produkt\/entwachste-schellackflocken\/#primaryimage\"},\"image\":{\"@id\":\"https:\/\/www.manetti.com\/de\/produkt\/entwachste-schellackflocken\/#primaryimage\"},\"thumbnailUrl\":\"https:\/\/www.manetti.com\/wp-content\/uploads\/2023\/10\/Gommalacca-Decerata-in-Scaglie.png\",\"datePublished\":\"2023-12-28T15:35:07+00:00\",\"dateModified\":\"2024-02-14T16:24:00+00:00\",\"description\":\"Schellack wird sowohl als Versiegelung f\u00fcr por\u00f6se Oberfl\u00e4chen vor der \u00d6lvergoldung als auch als Politur und leichter Schutz des Blattgoldes nach der Fertigstellung des Werkes verwendet.\",\"inLanguage\":\"de\",\"potentialAction\":[{\"@type\":\"ReadAction\",\"target\":[\"https:\/\/www.manetti.com\/de\/produkt\/entwachste-schellackflocken\/\"]}]},{\"@type\":\"ImageObject\",\"inLanguage\":\"de\",\"@id\":\"https:\/\/www.manetti.com\/de\/produkt\/entwachste-schellackflocken\/#primaryimage\",\"url\":\"https:\/\/www.manetti.com\/wp-content\/uploads\/2023\/10\/Gommalacca-Decerata-in-Scaglie.png\",\"contentUrl\":\"https:\/\/www.manetti.com\/wp-content\/uploads\/2023\/10\/Gommalacca-Decerata-in-Scaglie.png\",\"width\":1000,\"height\":1000,\"caption\":\"Gommalacca Decerata in Scaglie\"},{\"@type\":\"WebSite\",\"@id\":\"https:\/\/www.manetti.com\/de\/#website\",\"url\":\"https:\/\/www.manetti.com\/de\/\",\"name\":\"Giusto Manetti Battiloro\",\"description\":\"\",\"publisher\":{\"@id\":\"https:\/\/www.manetti.com\/de\/#organization\"},\"potentialAction\":[{\"@type\":\"SearchAction\",\"target\":{\"@type\":\"EntryPoint\",\"urlTemplate\":\"https:\/\/www.manetti.com\/de\/?s={search_term_string}\"},\"query-input\":{\"@type\":\"PropertyValueSpecification\",\"valueRequired\":true,\"valueName\":\"search_term_string\"}}],\"inLanguage\":\"de\"},{\"@type\":\"Organization\",\"@id\":\"https:\/\/www.manetti.com\/de\/#organization\",\"name\":\"GIUSTO MANETTI BATTILORO S.P.A.\",\"url\":\"https:\/\/www.manetti.com\/de\/\",\"logo\":{\"@type\":\"ImageObject\",\"inLanguage\":\"de\",\"@id\":\"https:\/\/www.manetti.com\/de\/#\/schema\/logo\/image\/\",\"url\":\"https:\/\/www.manetti.com\/wp-content\/uploads\/2025\/02\/giusto-manetti-blu_300-02.png\",\"contentUrl\":\"https:\/\/www.manetti.com\/wp-content\/uploads\/2025\/02\/giusto-manetti-blu_300-02.png\",\"width\":1123,\"height\":1093,\"caption\":\"GIUSTO MANETTI BATTILORO S.P.A.\"},\"image\":{\"@id\":\"https:\/\/www.manetti.com\/de\/#\/schema\/logo\/image\/\"},\"sameAs\":[\"https:\/\/www.facebook.com\/giustomanettibattiloro\",\"https:\/\/www.instagram.com\/giustomanettibattiloro\/\",\"https:\/\/www.linkedin.com\/company\/giusto-manetti-battiloro-s-p-a-\/\",\"https:\/\/www.youtube.com\/user\/ManettiBattiloro\"]}]}<\/script>\n<!-- \/ Yoast SEO plugin. -->","yoast_head_json":{"title":"Entwachste Schellackflocken | Giusto Manetti Battiloro","description":"Schellack wird sowohl als Versiegelung f\u00fcr por\u00f6se Oberfl\u00e4chen vor der \u00d6lvergoldung als auch als Politur und leichter Schutz des Blattgoldes nach der Fertigstellung des Werkes verwendet.","robots":{"index":"noindex","follow":"nofollow"},"og_locale":"de_DE","og_type":"article","og_title":"Entwachste Schellackflocken | Giusto Manetti Battiloro","og_description":"Schellack wird sowohl als Versiegelung f\u00fcr por\u00f6se Oberfl\u00e4chen vor der \u00d6lvergoldung als auch als Politur und leichter Schutz des Blattgoldes nach der Fertigstellung des Werkes verwendet.","og_url":"https:\/\/www.manetti.com\/de\/produkt\/entwachste-schellackflocken\/","og_site_name":"Giusto Manetti Battiloro","article_publisher":"https:\/\/www.facebook.com\/giustomanettibattiloro","article_modified_time":"2024-02-14T16:24:00+00:00","og_image":[{"width":1000,"height":1000,"url":"https:\/\/www.manetti.com\/wp-content\/uploads\/2023\/10\/Gommalacca-Decerata-in-Scaglie.png","type":"image\/png"}],"twitter_card":"summary_large_image","twitter_misc":{"Gesch\u00e4tzte Lesezeit":"1\u00a0Minute"},"schema":{"@context":"https:\/\/schema.org","@graph":[{"@type":"WebPage","@id":"https:\/\/www.manetti.com\/de\/produkt\/entwachste-schellackflocken\/","url":"https:\/\/www.manetti.com\/de\/produkt\/entwachste-schellackflocken\/","name":"Entwachste Schellackflocken | Giusto Manetti Battiloro","isPartOf":{"@id":"https:\/\/www.manetti.com\/de\/#website"},"primaryImageOfPage":{"@id":"https:\/\/www.manetti.com\/de\/produkt\/entwachste-schellackflocken\/#primaryimage"},"image":{"@id":"https:\/\/www.manetti.com\/de\/produkt\/entwachste-schellackflocken\/#primaryimage"},"thumbnailUrl":"https:\/\/www.manetti.com\/wp-content\/uploads\/2023\/10\/Gommalacca-Decerata-in-Scaglie.png","datePublished":"2023-12-28T15:35:07+00:00","dateModified":"2024-02-14T16:24:00+00:00","description":"Schellack wird sowohl als Versiegelung f\u00fcr por\u00f6se Oberfl\u00e4chen vor der \u00d6lvergoldung als auch als Politur und leichter Schutz des Blattgoldes nach der Fertigstellung des Werkes verwendet.","inLanguage":"de","potentialAction":[{"@type":"ReadAction","target":["https:\/\/www.manetti.com\/de\/produkt\/entwachste-schellackflocken\/"]}]},{"@type":"ImageObject","inLanguage":"de","@id":"https:\/\/www.manetti.com\/de\/produkt\/entwachste-schellackflocken\/#primaryimage","url":"https:\/\/www.manetti.com\/wp-content\/uploads\/2023\/10\/Gommalacca-Decerata-in-Scaglie.png","contentUrl":"https:\/\/www.manetti.com\/wp-content\/uploads\/2023\/10\/Gommalacca-Decerata-in-Scaglie.png","width":1000,"height":1000,"caption":"Gommalacca Decerata in Scaglie"},{"@type":"WebSite","@id":"https:\/\/www.manetti.com\/de\/#website","url":"https:\/\/www.manetti.com\/de\/","name":"Giusto Manetti Battiloro","description":"","publisher":{"@id":"https:\/\/www.manetti.com\/de\/#organization"},"potentialAction":[{"@type":"SearchAction","target":{"@type":"EntryPoint","urlTemplate":"https:\/\/www.manetti.com\/de\/?s={search_term_string}"},"query-input":{"@type":"PropertyValueSpecification","valueRequired":true,"valueName":"search_term_string"}}],"inLanguage":"de"},{"@type":"Organization","@id":"https:\/\/www.manetti.com\/de\/#organization","name":"GIUSTO MANETTI BATTILORO S.P.A.","url":"https:\/\/www.manetti.com\/de\/","logo":{"@type":"ImageObject","inLanguage":"de","@id":"https:\/\/www.manetti.com\/de\/#\/schema\/logo\/image\/","url":"https:\/\/www.manetti.com\/wp-content\/uploads\/2025\/02\/giusto-manetti-blu_300-02.png","contentUrl":"https:\/\/www.manetti.com\/wp-content\/uploads\/2025\/02\/giusto-manetti-blu_300-02.png","width":1123,"height":1093,"caption":"GIUSTO MANETTI BATTILORO S.P.A."},"image":{"@id":"https:\/\/www.manetti.com\/de\/#\/schema\/logo\/image\/"},"sameAs":["https:\/\/www.facebook.com\/giustomanettibattiloro","https:\/\/www.instagram.com\/giustomanettibattiloro\/","https:\/\/www.linkedin.com\/company\/giusto-manetti-battiloro-s-p-a-\/","https:\/\/www.youtube.com\/user\/ManettiBattiloro"]}]}},"_links":{"self":[{"href":"https:\/\/www.manetti.com\/de\/wp-json\/wp\/v2\/product\/61518","targetHints":{"allow":["GET"]}}],"collection":[{"href":"https:\/\/www.manetti.com\/de\/wp-json\/wp\/v2\/product"}],"about":[{"href":"https:\/\/www.manetti.com\/de\/wp-json\/wp\/v2\/types\/product"}],"wp:featuredmedia":[{"embeddable":true,"href":"https:\/\/www.manetti.com\/de\/wp-json\/wp\/v2\/media\/67031"}],"wp:attachment":[{"href":"https:\/\/www.manetti.com\/de\/wp-json\/wp\/v2\/media?parent=61518"}],"wp:term":[{"taxonomy":"product_brand","embeddable":true,"href":"https:\/\/www.manetti.com\/de\/wp-json\/wp\/v2\/product_brand?post=61518"},{"taxonomy":"product_cat","embeddable":true,"href":"https:\/\/www.manetti.com\/de\/wp-json\/wp\/v2\/product_cat?post=61518"},{"taxonomy":"product_tag","embeddable":true,"href":"https:\/\/www.manetti.com\/de\/wp-json\/wp\/v2\/product_tag?post=61518"},{"taxonomy":"product_area","embeddable":true,"href":"https:\/\/www.manetti.com\/de\/wp-json\/wp\/v2\/product_area?post=61518"},{"taxonomy":"catalog_category","embeddable":true,"href":"https:\/\/www.manetti.com\/de\/wp-json\/wp\/v2\/catalog_category?post=61518"}],"curies":[{"name":"wp","href":"https:\/\/api.w.org\/{rel}","templated":true}]}}