{"id":61631,"date":"2023-10-28T16:45:39","date_gmt":"2023-10-28T14:45:39","guid":{"rendered":"https:\/\/www.manetti.com\/?post_type=product&#038;p=61631"},"modified":"2025-06-03T14:28:03","modified_gmt":"2025-06-03T12:28:03","slug":"italienischer-bolus","status":"publish","type":"product","link":"https:\/\/www.manetti.com\/de\/produkt\/italienischer-bolus\/","title":{"rendered":"Italienischer Bolus"},"content":{"rendered":"<p>Bolus ist ein spezieller Ton, der als Grundlage f\u00fcr das Blatt in der Gouache-Vergoldungstechnik verwendet wird. Es wird auf die zu vergoldende Oberfl\u00e4che aufgetragen, die zuvor mit Kreide vorbereitet wurde. Bolus erm\u00f6glicht es, die Haftung des Blattes auf der Unterlage im Laufe der Zeit aufrechtzuerhalten und verleiht dem Gold w\u00e4hrend der Polierphase gleichzeitig mehr Glanz.<\/p>\n","protected":false},"excerpt":{"rendered":"<p>Bolus ist ein spezieller Ton, der als Grundlage f\u00fcr das Blatt in der Gouache-Vergoldungstechnik verwendet wird. Es wird auf die zu vergoldende Oberfl\u00e4che aufgetragen, die zuvor mit Kreide vorbereitet wurde. Bolus erm\u00f6glicht es, die Haftung des Blattes auf der Unterlage im Laufe der Zeit aufrechtzuerhalten und verleiht dem Gold w\u00e4hrend der Polierphase gleichzeitig mehr Glanz. [&#8230;]<\/p>\n<p><a class=\"btn btn-secondary understrap-read-more-link\" href=\"https:\/\/www.manetti.com\/de\/produkt\/italienischer-bolus\/\">Weiterlesen&#8230;<\/a><\/p>\n","protected":false},"featured_media":66989,"template":"","meta":{"_acf_changed":false},"product_brand":[],"product_cat":[393],"product_tag":[359],"product_area":[],"catalog_category":[783,795,859,958],"class_list":{"0":"post-61631","1":"product","2":"type-product","3":"status-publish","4":"has-post-thumbnail","6":"product_cat-wasservergoldung","7":"product_tag-boli-de","8":"catalog_category-ikonografie","9":"catalog_category-vergoldung-und-restaurierung","10":"catalog_category-vergoldung-und-restaurierung-bolus-und-gips","11":"catalog_category-ikonografie-bolus-und-gips","13":"first","14":"instock","15":"shipping-taxable","16":"purchasable","17":"product-type-variable"},"acf":[],"yoast_head":"<!-- This site is optimized with the Yoast SEO plugin v26.5 - https:\/\/yoast.com\/wordpress\/plugins\/seo\/ -->\n<title>Italienischer Bolus in Paste | Giusto Manetti Battiloro<\/title>\n<meta name=\"description\" content=\"Die italienische Bolo-Paste ist eine Tongrundlage f\u00fcr Gouache-Vergoldungen auf mit Ton vorbereiteten Holztr\u00e4gern. Erh\u00e4ltlich in 3 Farben: gelb, rot, schwarz.\" \/>\n<meta name=\"robots\" content=\"noindex, nofollow\" \/>\n<meta property=\"og:locale\" content=\"de_DE\" \/>\n<meta property=\"og:type\" content=\"article\" \/>\n<meta property=\"og:title\" content=\"Italienischer Bolus in Paste | Giusto Manetti Battiloro\" \/>\n<meta property=\"og:description\" content=\"Die italienische Bolo-Paste ist eine Tongrundlage f\u00fcr Gouache-Vergoldungen auf mit Ton vorbereiteten Holztr\u00e4gern. Erh\u00e4ltlich in 3 Farben: gelb, rot, schwarz.\" \/>\n<meta property=\"og:url\" content=\"https:\/\/www.manetti.com\/de\/produkt\/italienischer-bolus\/\" \/>\n<meta property=\"og:site_name\" content=\"Giusto Manetti Battiloro\" \/>\n<meta property=\"article:publisher\" content=\"https:\/\/www.facebook.com\/giustomanettibattiloro\" \/>\n<meta property=\"article:modified_time\" content=\"2025-06-03T12:28:03+00:00\" \/>\n<meta property=\"og:image\" content=\"https:\/\/www.manetti.com\/wp-content\/uploads\/2023\/10\/BOLO-Italiano-insieme.png\" \/>\n\t<meta property=\"og:image:width\" content=\"1000\" \/>\n\t<meta property=\"og:image:height\" content=\"1000\" \/>\n\t<meta property=\"og:image:type\" content=\"image\/png\" \/>\n<meta name=\"twitter:card\" content=\"summary_large_image\" \/>\n<script type=\"application\/ld+json\" class=\"yoast-schema-graph\">{\"@context\":\"https:\/\/schema.org\",\"@graph\":[{\"@type\":\"WebPage\",\"@id\":\"https:\/\/www.manetti.com\/de\/produkt\/italienischer-bolus\/\",\"url\":\"https:\/\/www.manetti.com\/de\/produkt\/italienischer-bolus\/\",\"name\":\"Italienischer Bolus in Paste | Giusto Manetti Battiloro\",\"isPartOf\":{\"@id\":\"https:\/\/www.manetti.com\/de\/#website\"},\"primaryImageOfPage\":{\"@id\":\"https:\/\/www.manetti.com\/de\/produkt\/italienischer-bolus\/#primaryimage\"},\"image\":{\"@id\":\"https:\/\/www.manetti.com\/de\/produkt\/italienischer-bolus\/#primaryimage\"},\"thumbnailUrl\":\"https:\/\/www.manetti.com\/wp-content\/uploads\/2023\/10\/BOLO-Italiano-insieme.png\",\"datePublished\":\"2023-10-28T14:45:39+00:00\",\"dateModified\":\"2025-06-03T12:28:03+00:00\",\"description\":\"Die italienische Bolo-Paste ist eine Tongrundlage f\u00fcr Gouache-Vergoldungen auf mit Ton vorbereiteten Holztr\u00e4gern. Erh\u00e4ltlich in 3 Farben: gelb, rot, schwarz.\",\"inLanguage\":\"de\",\"potentialAction\":[{\"@type\":\"ReadAction\",\"target\":[\"https:\/\/www.manetti.com\/de\/produkt\/italienischer-bolus\/\"]}]},{\"@type\":\"ImageObject\",\"inLanguage\":\"de\",\"@id\":\"https:\/\/www.manetti.com\/de\/produkt\/italienischer-bolus\/#primaryimage\",\"url\":\"https:\/\/www.manetti.com\/wp-content\/uploads\/2023\/10\/BOLO-Italiano-insieme.png\",\"contentUrl\":\"https:\/\/www.manetti.com\/wp-content\/uploads\/2023\/10\/BOLO-Italiano-insieme.png\",\"width\":1000,\"height\":1000,\"caption\":\"BOLO Italiano insieme\"},{\"@type\":\"WebSite\",\"@id\":\"https:\/\/www.manetti.com\/de\/#website\",\"url\":\"https:\/\/www.manetti.com\/de\/\",\"name\":\"Giusto Manetti Battiloro\",\"description\":\"\",\"publisher\":{\"@id\":\"https:\/\/www.manetti.com\/de\/#organization\"},\"potentialAction\":[{\"@type\":\"SearchAction\",\"target\":{\"@type\":\"EntryPoint\",\"urlTemplate\":\"https:\/\/www.manetti.com\/de\/?s={search_term_string}\"},\"query-input\":{\"@type\":\"PropertyValueSpecification\",\"valueRequired\":true,\"valueName\":\"search_term_string\"}}],\"inLanguage\":\"de\"},{\"@type\":\"Organization\",\"@id\":\"https:\/\/www.manetti.com\/de\/#organization\",\"name\":\"GIUSTO MANETTI BATTILORO S.P.A.\",\"url\":\"https:\/\/www.manetti.com\/de\/\",\"logo\":{\"@type\":\"ImageObject\",\"inLanguage\":\"de\",\"@id\":\"https:\/\/www.manetti.com\/de\/#\/schema\/logo\/image\/\",\"url\":\"https:\/\/www.manetti.com\/wp-content\/uploads\/2025\/02\/giusto-manetti-blu_300-02.png\",\"contentUrl\":\"https:\/\/www.manetti.com\/wp-content\/uploads\/2025\/02\/giusto-manetti-blu_300-02.png\",\"width\":1123,\"height\":1093,\"caption\":\"GIUSTO MANETTI BATTILORO S.P.A.\"},\"image\":{\"@id\":\"https:\/\/www.manetti.com\/de\/#\/schema\/logo\/image\/\"},\"sameAs\":[\"https:\/\/www.facebook.com\/giustomanettibattiloro\",\"https:\/\/www.instagram.com\/giustomanettibattiloro\/\",\"https:\/\/www.linkedin.com\/company\/giusto-manetti-battiloro-s-p-a-\/\",\"https:\/\/www.youtube.com\/user\/ManettiBattiloro\"]}]}<\/script>\n<!-- \/ Yoast SEO plugin. -->","yoast_head_json":{"title":"Italienischer Bolus in Paste | Giusto Manetti Battiloro","description":"Die italienische Bolo-Paste ist eine Tongrundlage f\u00fcr Gouache-Vergoldungen auf mit Ton vorbereiteten Holztr\u00e4gern. Erh\u00e4ltlich in 3 Farben: gelb, rot, schwarz.","robots":{"index":"noindex","follow":"nofollow"},"og_locale":"de_DE","og_type":"article","og_title":"Italienischer Bolus in Paste | Giusto Manetti Battiloro","og_description":"Die italienische Bolo-Paste ist eine Tongrundlage f\u00fcr Gouache-Vergoldungen auf mit Ton vorbereiteten Holztr\u00e4gern. Erh\u00e4ltlich in 3 Farben: gelb, rot, schwarz.","og_url":"https:\/\/www.manetti.com\/de\/produkt\/italienischer-bolus\/","og_site_name":"Giusto Manetti Battiloro","article_publisher":"https:\/\/www.facebook.com\/giustomanettibattiloro","article_modified_time":"2025-06-03T12:28:03+00:00","og_image":[{"width":1000,"height":1000,"url":"https:\/\/www.manetti.com\/wp-content\/uploads\/2023\/10\/BOLO-Italiano-insieme.png","type":"image\/png"}],"twitter_card":"summary_large_image","schema":{"@context":"https:\/\/schema.org","@graph":[{"@type":"WebPage","@id":"https:\/\/www.manetti.com\/de\/produkt\/italienischer-bolus\/","url":"https:\/\/www.manetti.com\/de\/produkt\/italienischer-bolus\/","name":"Italienischer Bolus in Paste | Giusto Manetti Battiloro","isPartOf":{"@id":"https:\/\/www.manetti.com\/de\/#website"},"primaryImageOfPage":{"@id":"https:\/\/www.manetti.com\/de\/produkt\/italienischer-bolus\/#primaryimage"},"image":{"@id":"https:\/\/www.manetti.com\/de\/produkt\/italienischer-bolus\/#primaryimage"},"thumbnailUrl":"https:\/\/www.manetti.com\/wp-content\/uploads\/2023\/10\/BOLO-Italiano-insieme.png","datePublished":"2023-10-28T14:45:39+00:00","dateModified":"2025-06-03T12:28:03+00:00","description":"Die italienische Bolo-Paste ist eine Tongrundlage f\u00fcr Gouache-Vergoldungen auf mit Ton vorbereiteten Holztr\u00e4gern. Erh\u00e4ltlich in 3 Farben: gelb, rot, schwarz.","inLanguage":"de","potentialAction":[{"@type":"ReadAction","target":["https:\/\/www.manetti.com\/de\/produkt\/italienischer-bolus\/"]}]},{"@type":"ImageObject","inLanguage":"de","@id":"https:\/\/www.manetti.com\/de\/produkt\/italienischer-bolus\/#primaryimage","url":"https:\/\/www.manetti.com\/wp-content\/uploads\/2023\/10\/BOLO-Italiano-insieme.png","contentUrl":"https:\/\/www.manetti.com\/wp-content\/uploads\/2023\/10\/BOLO-Italiano-insieme.png","width":1000,"height":1000,"caption":"BOLO Italiano insieme"},{"@type":"WebSite","@id":"https:\/\/www.manetti.com\/de\/#website","url":"https:\/\/www.manetti.com\/de\/","name":"Giusto Manetti Battiloro","description":"","publisher":{"@id":"https:\/\/www.manetti.com\/de\/#organization"},"potentialAction":[{"@type":"SearchAction","target":{"@type":"EntryPoint","urlTemplate":"https:\/\/www.manetti.com\/de\/?s={search_term_string}"},"query-input":{"@type":"PropertyValueSpecification","valueRequired":true,"valueName":"search_term_string"}}],"inLanguage":"de"},{"@type":"Organization","@id":"https:\/\/www.manetti.com\/de\/#organization","name":"GIUSTO MANETTI BATTILORO S.P.A.","url":"https:\/\/www.manetti.com\/de\/","logo":{"@type":"ImageObject","inLanguage":"de","@id":"https:\/\/www.manetti.com\/de\/#\/schema\/logo\/image\/","url":"https:\/\/www.manetti.com\/wp-content\/uploads\/2025\/02\/giusto-manetti-blu_300-02.png","contentUrl":"https:\/\/www.manetti.com\/wp-content\/uploads\/2025\/02\/giusto-manetti-blu_300-02.png","width":1123,"height":1093,"caption":"GIUSTO MANETTI BATTILORO S.P.A."},"image":{"@id":"https:\/\/www.manetti.com\/de\/#\/schema\/logo\/image\/"},"sameAs":["https:\/\/www.facebook.com\/giustomanettibattiloro","https:\/\/www.instagram.com\/giustomanettibattiloro\/","https:\/\/www.linkedin.com\/company\/giusto-manetti-battiloro-s-p-a-\/","https:\/\/www.youtube.com\/user\/ManettiBattiloro"]}]}},"_links":{"self":[{"href":"https:\/\/www.manetti.com\/de\/wp-json\/wp\/v2\/product\/61631","targetHints":{"allow":["GET"]}}],"collection":[{"href":"https:\/\/www.manetti.com\/de\/wp-json\/wp\/v2\/product"}],"about":[{"href":"https:\/\/www.manetti.com\/de\/wp-json\/wp\/v2\/types\/product"}],"wp:featuredmedia":[{"embeddable":true,"href":"https:\/\/www.manetti.com\/de\/wp-json\/wp\/v2\/media\/66989"}],"wp:attachment":[{"href":"https:\/\/www.manetti.com\/de\/wp-json\/wp\/v2\/media?parent=61631"}],"wp:term":[{"taxonomy":"product_brand","embeddable":true,"href":"https:\/\/www.manetti.com\/de\/wp-json\/wp\/v2\/product_brand?post=61631"},{"taxonomy":"product_cat","embeddable":true,"href":"https:\/\/www.manetti.com\/de\/wp-json\/wp\/v2\/product_cat?post=61631"},{"taxonomy":"product_tag","embeddable":true,"href":"https:\/\/www.manetti.com\/de\/wp-json\/wp\/v2\/product_tag?post=61631"},{"taxonomy":"product_area","embeddable":true,"href":"https:\/\/www.manetti.com\/de\/wp-json\/wp\/v2\/product_area?post=61631"},{"taxonomy":"catalog_category","embeddable":true,"href":"https:\/\/www.manetti.com\/de\/wp-json\/wp\/v2\/catalog_category?post=61631"}],"curies":[{"name":"wp","href":"https:\/\/api.w.org\/{rel}","templated":true}]}}