{"id":64762,"date":"2024-01-18T12:54:58","date_gmt":"2024-01-18T11:54:58","guid":{"rendered":"https:\/\/www.manetti.com\/?post_type=product&#038;p=64762"},"modified":"2026-01-28T16:09:40","modified_gmt":"2026-01-28T15:09:40","slug":"shop-schlagmetall-14-x-14-cm-in-einzeln-verpackten-heftchen-kupfer","status":"publish","type":"product","link":"https:\/\/www.manetti.com\/de\/shop\/schlagmetall-14-x-14-cm-in-einzeln-verpackten-heftchen-kupfer\/","title":{"rendered":"Schlagmetall 14 x 14 cm in Heftchen- 25 Bl\u00e4tter &#8211; Kupfer"},"content":{"rendered":"<p>Die Bl\u00e4tter aus Gold-, Aluminium- und Kupferimitat sind in Einzelpackungen verpackt und werden in Schachteln zu 10 St\u00fcck verkauft. Die Packungen sind\u00a0 f\u00fcr Brosch\u00fcren mit 25 Bl\u00e4ttern im Format 14 x 14 cm erh\u00e4ltlich, in der St\u00e4rke M (Medium).<\/p>\n","protected":false},"excerpt":{"rendered":"<p>14 x 14 cm gro\u00dfe Blattimitate, verpackt in einem einzigen Umschlag mit 25 Bl\u00e4ttern, erh\u00e4ltlich in losem Format. Auf der Au\u00dfenverpackung ist der jeweilige Barcode und die Farbe des darin enthaltenen Blattes abgebildet. [&#8230;]<\/p>\n<p><a class=\"btn btn-secondary understrap-read-more-link\" href=\"https:\/\/www.manetti.com\/de\/shop\/schlagmetall-14-x-14-cm-in-einzeln-verpackten-heftchen-kupfer\/\">Weiterlesen&#8230;<\/a><\/p>\n","protected":false},"featured_media":81232,"template":"","meta":{"_acf_changed":false},"product_brand":[],"product_cat":[353],"product_tag":[],"product_area":[560,664],"catalog_category":[],"class_list":{"0":"post-64762","1":"product","2":"type-product","3":"status-publish","4":"has-post-thumbnail","6":"product_cat-schlagmetall","7":"product_area-vergoldung-und-restaurierung","8":"product_area-vergoldung-und-restaurierung-schlagmetall","10":"first","11":"instock","12":"shipping-taxable","13":"purchasable","14":"product-type-variable"},"acf":[],"yoast_head":"<!-- This site is optimized with the Yoast SEO plugin v26.5 - https:\/\/yoast.com\/wordpress\/plugins\/seo\/ -->\n<title>Blattgold-, Silber-, Aluminium-, Kupferimitat in Einzelpackungen<\/title>\n<meta name=\"description\" content=\"Das 14x14 cm gro\u00dfe Blattimitat ist freistehend und als Aufkleber erh\u00e4ltlich. Neben den Farben Gold, Aluminium und Kupfer ist es auch in Gold\/Kupfer-Variationen erh\u00e4ltlich\" \/>\n<meta name=\"robots\" content=\"index, follow, max-snippet:-1, max-image-preview:large, max-video-preview:-1\" \/>\n<link rel=\"canonical\" href=\"https:\/\/www.manetti.com\/de\/shop\/schlagmetall-14-x-14-cm-in-einzeln-verpackten-heftchen-kupfer\/\" \/>\n<meta property=\"og:locale\" content=\"de_DE\" \/>\n<meta property=\"og:type\" content=\"article\" \/>\n<meta property=\"og:title\" content=\"Blattgold-, Silber-, Aluminium-, Kupferimitat in Einzelpackungen\" \/>\n<meta property=\"og:description\" content=\"Das 14x14 cm gro\u00dfe Blattimitat ist freistehend und als Aufkleber erh\u00e4ltlich. Neben den Farben Gold, Aluminium und Kupfer ist es auch in Gold\/Kupfer-Variationen erh\u00e4ltlich\" \/>\n<meta property=\"og:url\" content=\"https:\/\/www.manetti.com\/de\/shop\/schlagmetall-14-x-14-cm-in-einzeln-verpackten-heftchen-kupfer\/\" \/>\n<meta property=\"og:site_name\" content=\"Giusto Manetti Battiloro\" \/>\n<meta property=\"article:publisher\" content=\"https:\/\/www.facebook.com\/giustomanettibattiloro\" \/>\n<meta property=\"article:modified_time\" content=\"2026-01-28T15:09:40+00:00\" \/>\n<meta property=\"og:image\" content=\"https:\/\/www.manetti.com\/wp-content\/uploads\/2024\/01\/copper_libera-blister-libretti_2025_web.png\" \/>\n\t<meta property=\"og:image:width\" content=\"1200\" \/>\n\t<meta property=\"og:image:height\" content=\"1200\" \/>\n\t<meta property=\"og:image:type\" content=\"image\/png\" \/>\n<meta name=\"twitter:card\" content=\"summary_large_image\" \/>\n<meta name=\"twitter:label1\" content=\"Gesch\u00e4tzte Lesezeit\" \/>\n\t<meta name=\"twitter:data1\" content=\"1\u00a0Minute\" \/>\n<script type=\"application\/ld+json\" class=\"yoast-schema-graph\">{\"@context\":\"https:\/\/schema.org\",\"@graph\":[{\"@type\":\"WebPage\",\"@id\":\"https:\/\/www.manetti.com\/de\/shop\/schlagmetall-14-x-14-cm-in-einzeln-verpackten-heftchen-kupfer\/\",\"url\":\"https:\/\/www.manetti.com\/de\/shop\/schlagmetall-14-x-14-cm-in-einzeln-verpackten-heftchen-kupfer\/\",\"name\":\"Blattgold-, Silber-, Aluminium-, Kupferimitat in Einzelpackungen\",\"isPartOf\":{\"@id\":\"https:\/\/www.manetti.com\/de\/#website\"},\"primaryImageOfPage\":{\"@id\":\"https:\/\/www.manetti.com\/de\/shop\/schlagmetall-14-x-14-cm-in-einzeln-verpackten-heftchen-kupfer\/#primaryimage\"},\"image\":{\"@id\":\"https:\/\/www.manetti.com\/de\/shop\/schlagmetall-14-x-14-cm-in-einzeln-verpackten-heftchen-kupfer\/#primaryimage\"},\"thumbnailUrl\":\"https:\/\/www.manetti.com\/wp-content\/uploads\/2024\/01\/copper_libera-blister-libretti_2025_web.png\",\"datePublished\":\"2024-01-18T11:54:58+00:00\",\"dateModified\":\"2026-01-28T15:09:40+00:00\",\"description\":\"Das 14x14 cm gro\u00dfe Blattimitat ist freistehend und als Aufkleber erh\u00e4ltlich. Neben den Farben Gold, Aluminium und Kupfer ist es auch in Gold\/Kupfer-Variationen erh\u00e4ltlich\",\"inLanguage\":\"de\",\"potentialAction\":[{\"@type\":\"ReadAction\",\"target\":[\"https:\/\/www.manetti.com\/de\/shop\/schlagmetall-14-x-14-cm-in-einzeln-verpackten-heftchen-kupfer\/\"]}]},{\"@type\":\"ImageObject\",\"inLanguage\":\"de\",\"@id\":\"https:\/\/www.manetti.com\/de\/shop\/schlagmetall-14-x-14-cm-in-einzeln-verpackten-heftchen-kupfer\/#primaryimage\",\"url\":\"https:\/\/www.manetti.com\/wp-content\/uploads\/2024\/01\/copper_libera-blister-libretti_2025_web.png\",\"contentUrl\":\"https:\/\/www.manetti.com\/wp-content\/uploads\/2024\/01\/copper_libera-blister-libretti_2025_web.png\",\"width\":1200,\"height\":1200},{\"@type\":\"WebSite\",\"@id\":\"https:\/\/www.manetti.com\/de\/#website\",\"url\":\"https:\/\/www.manetti.com\/de\/\",\"name\":\"Giusto Manetti Battiloro\",\"description\":\"\",\"publisher\":{\"@id\":\"https:\/\/www.manetti.com\/de\/#organization\"},\"potentialAction\":[{\"@type\":\"SearchAction\",\"target\":{\"@type\":\"EntryPoint\",\"urlTemplate\":\"https:\/\/www.manetti.com\/de\/?s={search_term_string}\"},\"query-input\":{\"@type\":\"PropertyValueSpecification\",\"valueRequired\":true,\"valueName\":\"search_term_string\"}}],\"inLanguage\":\"de\"},{\"@type\":\"Organization\",\"@id\":\"https:\/\/www.manetti.com\/de\/#organization\",\"name\":\"GIUSTO MANETTI BATTILORO S.P.A.\",\"url\":\"https:\/\/www.manetti.com\/de\/\",\"logo\":{\"@type\":\"ImageObject\",\"inLanguage\":\"de\",\"@id\":\"https:\/\/www.manetti.com\/de\/#\/schema\/logo\/image\/\",\"url\":\"https:\/\/www.manetti.com\/wp-content\/uploads\/2025\/02\/giusto-manetti-blu_300-02.png\",\"contentUrl\":\"https:\/\/www.manetti.com\/wp-content\/uploads\/2025\/02\/giusto-manetti-blu_300-02.png\",\"width\":1123,\"height\":1093,\"caption\":\"GIUSTO MANETTI BATTILORO S.P.A.\"},\"image\":{\"@id\":\"https:\/\/www.manetti.com\/de\/#\/schema\/logo\/image\/\"},\"sameAs\":[\"https:\/\/www.facebook.com\/giustomanettibattiloro\",\"https:\/\/www.instagram.com\/giustomanettibattiloro\/\",\"https:\/\/www.linkedin.com\/company\/giusto-manetti-battiloro-s-p-a-\/\",\"https:\/\/www.youtube.com\/user\/ManettiBattiloro\"]}]}<\/script>\n<!-- \/ Yoast SEO plugin. -->","yoast_head_json":{"title":"Blattgold-, Silber-, Aluminium-, Kupferimitat in Einzelpackungen","description":"Das 14x14 cm gro\u00dfe Blattimitat ist freistehend und als Aufkleber erh\u00e4ltlich. Neben den Farben Gold, Aluminium und Kupfer ist es auch in Gold\/Kupfer-Variationen erh\u00e4ltlich","robots":{"index":"index","follow":"follow","max-snippet":"max-snippet:-1","max-image-preview":"max-image-preview:large","max-video-preview":"max-video-preview:-1"},"canonical":"https:\/\/www.manetti.com\/de\/shop\/schlagmetall-14-x-14-cm-in-einzeln-verpackten-heftchen-kupfer\/","og_locale":"de_DE","og_type":"article","og_title":"Blattgold-, Silber-, Aluminium-, Kupferimitat in Einzelpackungen","og_description":"Das 14x14 cm gro\u00dfe Blattimitat ist freistehend und als Aufkleber erh\u00e4ltlich. Neben den Farben Gold, Aluminium und Kupfer ist es auch in Gold\/Kupfer-Variationen erh\u00e4ltlich","og_url":"https:\/\/www.manetti.com\/de\/shop\/schlagmetall-14-x-14-cm-in-einzeln-verpackten-heftchen-kupfer\/","og_site_name":"Giusto Manetti Battiloro","article_publisher":"https:\/\/www.facebook.com\/giustomanettibattiloro","article_modified_time":"2026-01-28T15:09:40+00:00","og_image":[{"width":1200,"height":1200,"url":"https:\/\/www.manetti.com\/wp-content\/uploads\/2024\/01\/copper_libera-blister-libretti_2025_web.png","type":"image\/png"}],"twitter_card":"summary_large_image","twitter_misc":{"Gesch\u00e4tzte Lesezeit":"1\u00a0Minute"},"schema":{"@context":"https:\/\/schema.org","@graph":[{"@type":"WebPage","@id":"https:\/\/www.manetti.com\/de\/shop\/schlagmetall-14-x-14-cm-in-einzeln-verpackten-heftchen-kupfer\/","url":"https:\/\/www.manetti.com\/de\/shop\/schlagmetall-14-x-14-cm-in-einzeln-verpackten-heftchen-kupfer\/","name":"Blattgold-, Silber-, Aluminium-, Kupferimitat in Einzelpackungen","isPartOf":{"@id":"https:\/\/www.manetti.com\/de\/#website"},"primaryImageOfPage":{"@id":"https:\/\/www.manetti.com\/de\/shop\/schlagmetall-14-x-14-cm-in-einzeln-verpackten-heftchen-kupfer\/#primaryimage"},"image":{"@id":"https:\/\/www.manetti.com\/de\/shop\/schlagmetall-14-x-14-cm-in-einzeln-verpackten-heftchen-kupfer\/#primaryimage"},"thumbnailUrl":"https:\/\/www.manetti.com\/wp-content\/uploads\/2024\/01\/copper_libera-blister-libretti_2025_web.png","datePublished":"2024-01-18T11:54:58+00:00","dateModified":"2026-01-28T15:09:40+00:00","description":"Das 14x14 cm gro\u00dfe Blattimitat ist freistehend und als Aufkleber erh\u00e4ltlich. Neben den Farben Gold, Aluminium und Kupfer ist es auch in Gold\/Kupfer-Variationen erh\u00e4ltlich","inLanguage":"de","potentialAction":[{"@type":"ReadAction","target":["https:\/\/www.manetti.com\/de\/shop\/schlagmetall-14-x-14-cm-in-einzeln-verpackten-heftchen-kupfer\/"]}]},{"@type":"ImageObject","inLanguage":"de","@id":"https:\/\/www.manetti.com\/de\/shop\/schlagmetall-14-x-14-cm-in-einzeln-verpackten-heftchen-kupfer\/#primaryimage","url":"https:\/\/www.manetti.com\/wp-content\/uploads\/2024\/01\/copper_libera-blister-libretti_2025_web.png","contentUrl":"https:\/\/www.manetti.com\/wp-content\/uploads\/2024\/01\/copper_libera-blister-libretti_2025_web.png","width":1200,"height":1200},{"@type":"WebSite","@id":"https:\/\/www.manetti.com\/de\/#website","url":"https:\/\/www.manetti.com\/de\/","name":"Giusto Manetti Battiloro","description":"","publisher":{"@id":"https:\/\/www.manetti.com\/de\/#organization"},"potentialAction":[{"@type":"SearchAction","target":{"@type":"EntryPoint","urlTemplate":"https:\/\/www.manetti.com\/de\/?s={search_term_string}"},"query-input":{"@type":"PropertyValueSpecification","valueRequired":true,"valueName":"search_term_string"}}],"inLanguage":"de"},{"@type":"Organization","@id":"https:\/\/www.manetti.com\/de\/#organization","name":"GIUSTO MANETTI BATTILORO S.P.A.","url":"https:\/\/www.manetti.com\/de\/","logo":{"@type":"ImageObject","inLanguage":"de","@id":"https:\/\/www.manetti.com\/de\/#\/schema\/logo\/image\/","url":"https:\/\/www.manetti.com\/wp-content\/uploads\/2025\/02\/giusto-manetti-blu_300-02.png","contentUrl":"https:\/\/www.manetti.com\/wp-content\/uploads\/2025\/02\/giusto-manetti-blu_300-02.png","width":1123,"height":1093,"caption":"GIUSTO MANETTI BATTILORO S.P.A."},"image":{"@id":"https:\/\/www.manetti.com\/de\/#\/schema\/logo\/image\/"},"sameAs":["https:\/\/www.facebook.com\/giustomanettibattiloro","https:\/\/www.instagram.com\/giustomanettibattiloro\/","https:\/\/www.linkedin.com\/company\/giusto-manetti-battiloro-s-p-a-\/","https:\/\/www.youtube.com\/user\/ManettiBattiloro"]}]}},"_links":{"self":[{"href":"https:\/\/www.manetti.com\/de\/wp-json\/wp\/v2\/product\/64762","targetHints":{"allow":["GET"]}}],"collection":[{"href":"https:\/\/www.manetti.com\/de\/wp-json\/wp\/v2\/product"}],"about":[{"href":"https:\/\/www.manetti.com\/de\/wp-json\/wp\/v2\/types\/product"}],"wp:featuredmedia":[{"embeddable":true,"href":"https:\/\/www.manetti.com\/de\/wp-json\/wp\/v2\/media\/81232"}],"wp:attachment":[{"href":"https:\/\/www.manetti.com\/de\/wp-json\/wp\/v2\/media?parent=64762"}],"wp:term":[{"taxonomy":"product_brand","embeddable":true,"href":"https:\/\/www.manetti.com\/de\/wp-json\/wp\/v2\/product_brand?post=64762"},{"taxonomy":"product_cat","embeddable":true,"href":"https:\/\/www.manetti.com\/de\/wp-json\/wp\/v2\/product_cat?post=64762"},{"taxonomy":"product_tag","embeddable":true,"href":"https:\/\/www.manetti.com\/de\/wp-json\/wp\/v2\/product_tag?post=64762"},{"taxonomy":"product_area","embeddable":true,"href":"https:\/\/www.manetti.com\/de\/wp-json\/wp\/v2\/product_area?post=64762"},{"taxonomy":"catalog_category","embeddable":true,"href":"https:\/\/www.manetti.com\/de\/wp-json\/wp\/v2\/catalog_category?post=64762"}],"curies":[{"name":"wp","href":"https:\/\/api.w.org\/{rel}","templated":true}]}}