{"id":65523,"date":"2024-01-19T14:12:38","date_gmt":"2024-01-19T13:12:38","guid":{"rendered":"https:\/\/www.manetti.com\/?post_type=product&#038;p=65523"},"modified":"2026-03-09T17:11:53","modified_gmt":"2026-03-09T16:11:53","slug":"shop-blattbucher-im-einzelhandel-extragelb3-kt","status":"publish","type":"product","link":"https:\/\/www.manetti.com\/de\/shop\/blattbucher-im-einzelhandel-extragelb3-kt\/","title":{"rendered":"Blattgold in Heft &#8211; 80&#215;80 mm &#8211; 13 gramm &#8211; Extragelb 23 kt"},"content":{"rendered":"<p>Dieser Umschlag enth\u00e4lt ein einzelnes Heft mit 5 oder 25 Bl\u00e4ttern, im losen oder Transferformat. Die Dicke wird mit ihrem relativen Gewicht angegeben und betr\u00e4gt 13 Gramm pro 1000 Bl\u00e4tter.<\/p>\n<p><strong>Freies Blatt<\/strong> wird sowohl f\u00fcr die Dekoration von eingelegten Oberfl\u00e4chen, haupts\u00e4chlich mit der Bole und Gouache Vergoldungstechnik, als auch f\u00fcr die Vergoldung von glatten Oberfl\u00e4chen mit der Missionsvergoldungstechnik empfohlen.<\/p>\n<p>Das<strong> Transfer-Blatt<\/strong> unterscheidet sich vom freien Blatt dadurch, dass es auf ein Seidenpapier gelegt wird, das aus dem Heft herausragt und abnehmbar ist, um den Halt und die Anwendung zu erleichtern und zu beschleunigen. Dieses Format wird immer mit der Technik der Missionsvergoldung aufgetragt und wird ausschlie\u00dflich f\u00fcr die Dekoration von vollkommen glatten Oberfl\u00e4chen oder f\u00fcr die Vergoldung im Au\u00dfenbereich empfohlen.<\/p>\n","protected":false},"excerpt":{"rendered":"<p>Das Sortiment von Giusto Manetti Battiloro wurde um ein neues Sortiment f\u00fcr den Einzelhandel und den Vertrieb in der Welt der Vergoldung bereichert. [&#8230;]<\/p>\n<p><a class=\"btn btn-secondary understrap-read-more-link\" href=\"https:\/\/www.manetti.com\/de\/shop\/blattbucher-im-einzelhandel-extragelb3-kt\/\">Weiterlesen&#8230;<\/a><\/p>\n","protected":false},"featured_media":88192,"template":"","meta":{"_acf_changed":false},"product_brand":[],"product_cat":[354],"product_tag":[363,1017],"product_area":[560,565,608,628],"catalog_category":[],"class_list":{"0":"post-65523","1":"product","2":"type-product","3":"status-publish","4":"has-post-thumbnail","6":"product_cat-echtes-blattgold","7":"product_tag-prodotti-speciali-de","8":"product_tag-edelmetall","9":"product_area-vergoldung-und-restaurierung","10":"product_area-marmor-und-stein","11":"product_area-vergoldung-und-restaurierung-gold-und-silberblatt","12":"product_area-marmor-und-stein-blattgold","14":"first","15":"instock","16":"shipping-taxable","17":"purchasable","18":"product-type-variable"},"acf":[],"yoast_head":"<!-- This site is optimized with the Yoast SEO plugin v26.5 - https:\/\/yoast.com\/wordpress\/plugins\/seo\/ -->\n<title>Blattgold in Heft - 80x80 mm - Extragelb 23 kt<\/title>\n<meta name=\"description\" content=\"Giusto Manetti Battiloro Blattgold in einem Heftchen ist eine absolute Neuheit f\u00fcr den Einzelhandel und Vertrieb in der Welt der Vergoldung.\" \/>\n<meta name=\"robots\" content=\"index, follow, max-snippet:-1, max-image-preview:large, max-video-preview:-1\" \/>\n<link rel=\"canonical\" href=\"https:\/\/www.manetti.com\/de\/shop\/blattbucher-im-einzelhandel-extragelb3-kt\/\" \/>\n<meta property=\"og:locale\" content=\"de_DE\" \/>\n<meta property=\"og:type\" content=\"article\" \/>\n<meta property=\"og:title\" content=\"Blattgold in Heft - 80x80 mm - Extragelb 23 kt\" \/>\n<meta property=\"og:description\" content=\"Giusto Manetti Battiloro Blattgold in einem Heftchen ist eine absolute Neuheit f\u00fcr den Einzelhandel und Vertrieb in der Welt der Vergoldung.\" \/>\n<meta property=\"og:url\" content=\"https:\/\/www.manetti.com\/de\/shop\/blattbucher-im-einzelhandel-extragelb3-kt\/\" \/>\n<meta property=\"og:site_name\" content=\"Giusto Manetti Battiloro\" \/>\n<meta property=\"article:publisher\" content=\"https:\/\/www.facebook.com\/giustomanettibattiloro\" \/>\n<meta property=\"article:modified_time\" content=\"2026-03-09T16:11:53+00:00\" \/>\n<meta property=\"og:image\" content=\"https:\/\/www.manetti.com\/wp-content\/uploads\/2024\/01\/Yellow-gold-extra-23-kt_transfer_2026_web.png\" \/>\n\t<meta property=\"og:image:width\" content=\"900\" \/>\n\t<meta property=\"og:image:height\" content=\"900\" \/>\n\t<meta property=\"og:image:type\" content=\"image\/png\" \/>\n<meta name=\"twitter:card\" content=\"summary_large_image\" \/>\n<meta name=\"twitter:label1\" content=\"Gesch\u00e4tzte Lesezeit\" \/>\n\t<meta name=\"twitter:data1\" content=\"1\u00a0Minute\" \/>\n<script type=\"application\/ld+json\" class=\"yoast-schema-graph\">{\"@context\":\"https:\/\/schema.org\",\"@graph\":[{\"@type\":\"WebPage\",\"@id\":\"https:\/\/www.manetti.com\/de\/shop\/blattbucher-im-einzelhandel-extragelb3-kt\/\",\"url\":\"https:\/\/www.manetti.com\/de\/shop\/blattbucher-im-einzelhandel-extragelb3-kt\/\",\"name\":\"Blattgold in Heft - 80x80 mm - Extragelb 23 kt\",\"isPartOf\":{\"@id\":\"https:\/\/www.manetti.com\/de\/#website\"},\"primaryImageOfPage\":{\"@id\":\"https:\/\/www.manetti.com\/de\/shop\/blattbucher-im-einzelhandel-extragelb3-kt\/#primaryimage\"},\"image\":{\"@id\":\"https:\/\/www.manetti.com\/de\/shop\/blattbucher-im-einzelhandel-extragelb3-kt\/#primaryimage\"},\"thumbnailUrl\":\"https:\/\/www.manetti.com\/wp-content\/uploads\/2024\/01\/Yellow-gold-extra-23-kt_transfer_2026_web.png\",\"datePublished\":\"2024-01-19T13:12:38+00:00\",\"dateModified\":\"2026-03-09T16:11:53+00:00\",\"description\":\"Giusto Manetti Battiloro Blattgold in einem Heftchen ist eine absolute Neuheit f\u00fcr den Einzelhandel und Vertrieb in der Welt der Vergoldung.\",\"inLanguage\":\"de\",\"potentialAction\":[{\"@type\":\"ReadAction\",\"target\":[\"https:\/\/www.manetti.com\/de\/shop\/blattbucher-im-einzelhandel-extragelb3-kt\/\"]}]},{\"@type\":\"ImageObject\",\"inLanguage\":\"de\",\"@id\":\"https:\/\/www.manetti.com\/de\/shop\/blattbucher-im-einzelhandel-extragelb3-kt\/#primaryimage\",\"url\":\"https:\/\/www.manetti.com\/wp-content\/uploads\/2024\/01\/Yellow-gold-extra-23-kt_transfer_2026_web.png\",\"contentUrl\":\"https:\/\/www.manetti.com\/wp-content\/uploads\/2024\/01\/Yellow-gold-extra-23-kt_transfer_2026_web.png\",\"width\":900,\"height\":900},{\"@type\":\"WebSite\",\"@id\":\"https:\/\/www.manetti.com\/de\/#website\",\"url\":\"https:\/\/www.manetti.com\/de\/\",\"name\":\"Giusto Manetti Battiloro\",\"description\":\"\",\"publisher\":{\"@id\":\"https:\/\/www.manetti.com\/de\/#organization\"},\"potentialAction\":[{\"@type\":\"SearchAction\",\"target\":{\"@type\":\"EntryPoint\",\"urlTemplate\":\"https:\/\/www.manetti.com\/de\/?s={search_term_string}\"},\"query-input\":{\"@type\":\"PropertyValueSpecification\",\"valueRequired\":true,\"valueName\":\"search_term_string\"}}],\"inLanguage\":\"de\"},{\"@type\":\"Organization\",\"@id\":\"https:\/\/www.manetti.com\/de\/#organization\",\"name\":\"GIUSTO MANETTI BATTILORO S.P.A.\",\"url\":\"https:\/\/www.manetti.com\/de\/\",\"logo\":{\"@type\":\"ImageObject\",\"inLanguage\":\"de\",\"@id\":\"https:\/\/www.manetti.com\/de\/#\/schema\/logo\/image\/\",\"url\":\"https:\/\/www.manetti.com\/wp-content\/uploads\/2025\/02\/giusto-manetti-blu_300-02.png\",\"contentUrl\":\"https:\/\/www.manetti.com\/wp-content\/uploads\/2025\/02\/giusto-manetti-blu_300-02.png\",\"width\":1123,\"height\":1093,\"caption\":\"GIUSTO MANETTI BATTILORO S.P.A.\"},\"image\":{\"@id\":\"https:\/\/www.manetti.com\/de\/#\/schema\/logo\/image\/\"},\"sameAs\":[\"https:\/\/www.facebook.com\/giustomanettibattiloro\",\"https:\/\/www.instagram.com\/giustomanettibattiloro\/\",\"https:\/\/www.linkedin.com\/company\/giusto-manetti-battiloro-s-p-a-\/\",\"https:\/\/www.youtube.com\/user\/ManettiBattiloro\"]}]}<\/script>\n<!-- \/ Yoast SEO plugin. -->","yoast_head_json":{"title":"Blattgold in Heft - 80x80 mm - Extragelb 23 kt","description":"Giusto Manetti Battiloro Blattgold in einem Heftchen ist eine absolute Neuheit f\u00fcr den Einzelhandel und Vertrieb in der Welt der Vergoldung.","robots":{"index":"index","follow":"follow","max-snippet":"max-snippet:-1","max-image-preview":"max-image-preview:large","max-video-preview":"max-video-preview:-1"},"canonical":"https:\/\/www.manetti.com\/de\/shop\/blattbucher-im-einzelhandel-extragelb3-kt\/","og_locale":"de_DE","og_type":"article","og_title":"Blattgold in Heft - 80x80 mm - Extragelb 23 kt","og_description":"Giusto Manetti Battiloro Blattgold in einem Heftchen ist eine absolute Neuheit f\u00fcr den Einzelhandel und Vertrieb in der Welt der Vergoldung.","og_url":"https:\/\/www.manetti.com\/de\/shop\/blattbucher-im-einzelhandel-extragelb3-kt\/","og_site_name":"Giusto Manetti Battiloro","article_publisher":"https:\/\/www.facebook.com\/giustomanettibattiloro","article_modified_time":"2026-03-09T16:11:53+00:00","og_image":[{"width":900,"height":900,"url":"https:\/\/www.manetti.com\/wp-content\/uploads\/2024\/01\/Yellow-gold-extra-23-kt_transfer_2026_web.png","type":"image\/png"}],"twitter_card":"summary_large_image","twitter_misc":{"Gesch\u00e4tzte Lesezeit":"1\u00a0Minute"},"schema":{"@context":"https:\/\/schema.org","@graph":[{"@type":"WebPage","@id":"https:\/\/www.manetti.com\/de\/shop\/blattbucher-im-einzelhandel-extragelb3-kt\/","url":"https:\/\/www.manetti.com\/de\/shop\/blattbucher-im-einzelhandel-extragelb3-kt\/","name":"Blattgold in Heft - 80x80 mm - Extragelb 23 kt","isPartOf":{"@id":"https:\/\/www.manetti.com\/de\/#website"},"primaryImageOfPage":{"@id":"https:\/\/www.manetti.com\/de\/shop\/blattbucher-im-einzelhandel-extragelb3-kt\/#primaryimage"},"image":{"@id":"https:\/\/www.manetti.com\/de\/shop\/blattbucher-im-einzelhandel-extragelb3-kt\/#primaryimage"},"thumbnailUrl":"https:\/\/www.manetti.com\/wp-content\/uploads\/2024\/01\/Yellow-gold-extra-23-kt_transfer_2026_web.png","datePublished":"2024-01-19T13:12:38+00:00","dateModified":"2026-03-09T16:11:53+00:00","description":"Giusto Manetti Battiloro Blattgold in einem Heftchen ist eine absolute Neuheit f\u00fcr den Einzelhandel und Vertrieb in der Welt der Vergoldung.","inLanguage":"de","potentialAction":[{"@type":"ReadAction","target":["https:\/\/www.manetti.com\/de\/shop\/blattbucher-im-einzelhandel-extragelb3-kt\/"]}]},{"@type":"ImageObject","inLanguage":"de","@id":"https:\/\/www.manetti.com\/de\/shop\/blattbucher-im-einzelhandel-extragelb3-kt\/#primaryimage","url":"https:\/\/www.manetti.com\/wp-content\/uploads\/2024\/01\/Yellow-gold-extra-23-kt_transfer_2026_web.png","contentUrl":"https:\/\/www.manetti.com\/wp-content\/uploads\/2024\/01\/Yellow-gold-extra-23-kt_transfer_2026_web.png","width":900,"height":900},{"@type":"WebSite","@id":"https:\/\/www.manetti.com\/de\/#website","url":"https:\/\/www.manetti.com\/de\/","name":"Giusto Manetti Battiloro","description":"","publisher":{"@id":"https:\/\/www.manetti.com\/de\/#organization"},"potentialAction":[{"@type":"SearchAction","target":{"@type":"EntryPoint","urlTemplate":"https:\/\/www.manetti.com\/de\/?s={search_term_string}"},"query-input":{"@type":"PropertyValueSpecification","valueRequired":true,"valueName":"search_term_string"}}],"inLanguage":"de"},{"@type":"Organization","@id":"https:\/\/www.manetti.com\/de\/#organization","name":"GIUSTO MANETTI BATTILORO S.P.A.","url":"https:\/\/www.manetti.com\/de\/","logo":{"@type":"ImageObject","inLanguage":"de","@id":"https:\/\/www.manetti.com\/de\/#\/schema\/logo\/image\/","url":"https:\/\/www.manetti.com\/wp-content\/uploads\/2025\/02\/giusto-manetti-blu_300-02.png","contentUrl":"https:\/\/www.manetti.com\/wp-content\/uploads\/2025\/02\/giusto-manetti-blu_300-02.png","width":1123,"height":1093,"caption":"GIUSTO MANETTI BATTILORO S.P.A."},"image":{"@id":"https:\/\/www.manetti.com\/de\/#\/schema\/logo\/image\/"},"sameAs":["https:\/\/www.facebook.com\/giustomanettibattiloro","https:\/\/www.instagram.com\/giustomanettibattiloro\/","https:\/\/www.linkedin.com\/company\/giusto-manetti-battiloro-s-p-a-\/","https:\/\/www.youtube.com\/user\/ManettiBattiloro"]}]}},"_links":{"self":[{"href":"https:\/\/www.manetti.com\/de\/wp-json\/wp\/v2\/product\/65523","targetHints":{"allow":["GET"]}}],"collection":[{"href":"https:\/\/www.manetti.com\/de\/wp-json\/wp\/v2\/product"}],"about":[{"href":"https:\/\/www.manetti.com\/de\/wp-json\/wp\/v2\/types\/product"}],"wp:featuredmedia":[{"embeddable":true,"href":"https:\/\/www.manetti.com\/de\/wp-json\/wp\/v2\/media\/88192"}],"wp:attachment":[{"href":"https:\/\/www.manetti.com\/de\/wp-json\/wp\/v2\/media?parent=65523"}],"wp:term":[{"taxonomy":"product_brand","embeddable":true,"href":"https:\/\/www.manetti.com\/de\/wp-json\/wp\/v2\/product_brand?post=65523"},{"taxonomy":"product_cat","embeddable":true,"href":"https:\/\/www.manetti.com\/de\/wp-json\/wp\/v2\/product_cat?post=65523"},{"taxonomy":"product_tag","embeddable":true,"href":"https:\/\/www.manetti.com\/de\/wp-json\/wp\/v2\/product_tag?post=65523"},{"taxonomy":"product_area","embeddable":true,"href":"https:\/\/www.manetti.com\/de\/wp-json\/wp\/v2\/product_area?post=65523"},{"taxonomy":"catalog_category","embeddable":true,"href":"https:\/\/www.manetti.com\/de\/wp-json\/wp\/v2\/catalog_category?post=65523"}],"curies":[{"name":"wp","href":"https:\/\/api.w.org\/{rel}","templated":true}]}}