{"id":65799,"date":"2019-01-17T15:40:56","date_gmt":"2019-01-17T14:40:56","guid":{"rendered":"https:\/\/www.manetti.com\/prodotto\/kit-dorare-una-cornice\/"},"modified":"2025-11-11T14:04:10","modified_gmt":"2025-11-11T13:04:10","slug":"shop-bausatz-vergoldung-eines-rahmens","status":"publish","type":"product","link":"https:\/\/www.manetti.com\/de\/shop\/bausatz-vergoldung-eines-rahmens\/","title":{"rendered":"Bausatz &#8211; Vergoldung eines rahmens"},"content":{"rendered":"<p>Das erste Starter-Kit f\u00fcr die Vergoldung eines Rahmens mit echtem 24-kar\u00e4tigem Blattgold ist f\u00fcr Bastler, Anf\u00e4nger und Studenten gedacht, die diese faszinierende, jahrhundertealte dekorative Kunst leicht erlernen m\u00f6chten. Das Set wird durch eine ausf\u00fchrliche Anleitung erg\u00e4nzt, in der jeder Schritt und jedes Stadium der Vergoldung erkl\u00e4rt wird.<\/p>\n<p>Der Bausatz enth\u00e4lt:<\/p>\n<ul>\n<li>1 Heftchen mit echtem 24-kar\u00e4tigem Blattgold (10 Abziehbilder 8\u00d78 cm)<\/li>\n<li>1 Wasserbasierte Mixtion 50 ml<\/li>\n<li>1 Synthetikhaarpinsel \u201ePerla\u201c Nr. 20<\/li>\n<li>1 Tuch zur Vergoldung<\/li>\n<li>1 Transparenter Schutz 50 ml<\/li>\n<li>1 Rahmen aus Holz zur Vergoldung 14&#215;19 cm<\/li>\n<\/ul>\n<p><strong>Abmessungen (cm)<\/strong><br \/>\n34 cm x 22,2 cm x 6 cm<\/p>\n<p>&nbsp;<\/p>\n<p><iframe loading=\"lazy\" title=\"YouTube video player\" src=\"https:\/\/www.youtube.com\/embed\/5gmi6UscdWI?si=9aKlOmfiuwig3xU4\" width=\"560\" height=\"315\" frameborder=\"0\" allowfullscreen=\"allowfullscreen\"><\/iframe><\/p>\n","protected":false},"excerpt":{"rendered":"<p>Das erste Einsteigerset f\u00fcr die Vergoldung eines Rahmens mit echtem <strong>24-kar\u00e4tigem Blattgold<\/strong>. Mit ein paar einfachen Schritten kannst du leicht das Vergolden lernen und so einen schlichten Rahmen direkt zu Hause in ein wertvolles Kunstwerk verwandeln. Das Set enth\u00e4lt eine detaillierte Anleitung, die dich Schritt f\u00fcr Schritt durch alle Phasen des Vergoldens begleitet!<\/p>\n<p>&nbsp; [&#8230;]<\/p>\n<p><a class=\"btn btn-secondary understrap-read-more-link\" href=\"https:\/\/www.manetti.com\/de\/shop\/bausatz-vergoldung-eines-rahmens\/\">Weiterlesen&#8230;<\/a><\/p>\n","protected":false},"featured_media":73315,"template":"","meta":{"_acf_changed":false},"product_brand":[],"product_cat":[354],"product_tag":[],"product_area":[],"catalog_category":[],"class_list":{"0":"post-65799","1":"product","2":"type-product","3":"status-publish","4":"has-post-thumbnail","6":"product_cat-echtes-blattgold","8":"first","9":"instock","10":"shipping-taxable","11":"purchasable","12":"product-type-simple"},"acf":[],"yoast_head":"<!-- This site is optimized with the Yoast SEO plugin v26.5 - https:\/\/yoast.com\/wordpress\/plugins\/seo\/ -->\n<title>Bausatz - Vergoldung eines rahmens | Giusto Manetti Battiloro<\/title>\n<meta name=\"description\" content=\"Entdecken Sie Bausatz - Vergoldung eines rahmens, eines der besten Produkte von Giusto Manetti Battiloro, dem weltweit f\u00fchrenden Hersteller von Blattgold und anderen beeindruckenden Dekorationen!\" \/>\n<meta name=\"robots\" content=\"index, follow, max-snippet:-1, max-image-preview:large, max-video-preview:-1\" \/>\n<link rel=\"canonical\" href=\"https:\/\/www.manetti.com\/de\/shop\/bausatz-vergoldung-eines-rahmens\/\" \/>\n<meta property=\"og:locale\" content=\"de_DE\" \/>\n<meta property=\"og:type\" content=\"article\" \/>\n<meta property=\"og:title\" content=\"Bausatz - Vergoldung eines rahmens | Giusto Manetti Battiloro\" \/>\n<meta property=\"og:description\" content=\"Entdecken Sie Bausatz - Vergoldung eines rahmens, eines der besten Produkte von Giusto Manetti Battiloro, dem weltweit f\u00fchrenden Hersteller von Blattgold und anderen beeindruckenden Dekorationen!\" \/>\n<meta property=\"og:url\" content=\"https:\/\/www.manetti.com\/de\/shop\/bausatz-vergoldung-eines-rahmens\/\" \/>\n<meta property=\"og:site_name\" content=\"Giusto Manetti Battiloro\" \/>\n<meta property=\"article:publisher\" content=\"https:\/\/www.facebook.com\/giustomanettibattiloro\" \/>\n<meta property=\"article:modified_time\" content=\"2025-11-11T13:04:10+00:00\" \/>\n<meta property=\"og:image\" content=\"https:\/\/www.manetti.com\/wp-content\/uploads\/2024\/01\/Kit-gilding-box_web_giustomanettibattiloro.png\" \/>\n\t<meta property=\"og:image:width\" content=\"900\" \/>\n\t<meta property=\"og:image:height\" content=\"900\" \/>\n\t<meta property=\"og:image:type\" content=\"image\/png\" \/>\n<meta name=\"twitter:card\" content=\"summary_large_image\" \/>\n<script type=\"application\/ld+json\" class=\"yoast-schema-graph\">{\"@context\":\"https:\/\/schema.org\",\"@graph\":[{\"@type\":\"WebPage\",\"@id\":\"https:\/\/www.manetti.com\/de\/shop\/bausatz-vergoldung-eines-rahmens\/\",\"url\":\"https:\/\/www.manetti.com\/de\/shop\/bausatz-vergoldung-eines-rahmens\/\",\"name\":\"Bausatz - Vergoldung eines rahmens | Giusto Manetti Battiloro\",\"isPartOf\":{\"@id\":\"https:\/\/www.manetti.com\/de\/#website\"},\"primaryImageOfPage\":{\"@id\":\"https:\/\/www.manetti.com\/de\/shop\/bausatz-vergoldung-eines-rahmens\/#primaryimage\"},\"image\":{\"@id\":\"https:\/\/www.manetti.com\/de\/shop\/bausatz-vergoldung-eines-rahmens\/#primaryimage\"},\"thumbnailUrl\":\"https:\/\/www.manetti.com\/wp-content\/uploads\/2024\/01\/Kit-gilding-box_web_giustomanettibattiloro.png\",\"datePublished\":\"2019-01-17T14:40:56+00:00\",\"dateModified\":\"2025-11-11T13:04:10+00:00\",\"description\":\"Entdecken Sie Bausatz - Vergoldung eines rahmens, eines der besten Produkte von Giusto Manetti Battiloro, dem weltweit f\u00fchrenden Hersteller von Blattgold und anderen beeindruckenden Dekorationen!\",\"inLanguage\":\"de\",\"potentialAction\":[{\"@type\":\"ReadAction\",\"target\":[\"https:\/\/www.manetti.com\/de\/shop\/bausatz-vergoldung-eines-rahmens\/\"]}]},{\"@type\":\"ImageObject\",\"inLanguage\":\"de\",\"@id\":\"https:\/\/www.manetti.com\/de\/shop\/bausatz-vergoldung-eines-rahmens\/#primaryimage\",\"url\":\"https:\/\/www.manetti.com\/wp-content\/uploads\/2024\/01\/Kit-gilding-box_web_giustomanettibattiloro.png\",\"contentUrl\":\"https:\/\/www.manetti.com\/wp-content\/uploads\/2024\/01\/Kit-gilding-box_web_giustomanettibattiloro.png\",\"width\":900,\"height\":900},{\"@type\":\"WebSite\",\"@id\":\"https:\/\/www.manetti.com\/de\/#website\",\"url\":\"https:\/\/www.manetti.com\/de\/\",\"name\":\"Giusto Manetti Battiloro\",\"description\":\"\",\"publisher\":{\"@id\":\"https:\/\/www.manetti.com\/de\/#organization\"},\"potentialAction\":[{\"@type\":\"SearchAction\",\"target\":{\"@type\":\"EntryPoint\",\"urlTemplate\":\"https:\/\/www.manetti.com\/de\/?s={search_term_string}\"},\"query-input\":{\"@type\":\"PropertyValueSpecification\",\"valueRequired\":true,\"valueName\":\"search_term_string\"}}],\"inLanguage\":\"de\"},{\"@type\":\"Organization\",\"@id\":\"https:\/\/www.manetti.com\/de\/#organization\",\"name\":\"GIUSTO MANETTI BATTILORO S.P.A.\",\"url\":\"https:\/\/www.manetti.com\/de\/\",\"logo\":{\"@type\":\"ImageObject\",\"inLanguage\":\"de\",\"@id\":\"https:\/\/www.manetti.com\/de\/#\/schema\/logo\/image\/\",\"url\":\"https:\/\/www.manetti.com\/wp-content\/uploads\/2025\/02\/giusto-manetti-blu_300-02.png\",\"contentUrl\":\"https:\/\/www.manetti.com\/wp-content\/uploads\/2025\/02\/giusto-manetti-blu_300-02.png\",\"width\":1123,\"height\":1093,\"caption\":\"GIUSTO MANETTI BATTILORO S.P.A.\"},\"image\":{\"@id\":\"https:\/\/www.manetti.com\/de\/#\/schema\/logo\/image\/\"},\"sameAs\":[\"https:\/\/www.facebook.com\/giustomanettibattiloro\",\"https:\/\/www.instagram.com\/giustomanettibattiloro\/\",\"https:\/\/www.linkedin.com\/company\/giusto-manetti-battiloro-s-p-a-\/\",\"https:\/\/www.youtube.com\/user\/ManettiBattiloro\"]}]}<\/script>\n<!-- \/ Yoast SEO plugin. -->","yoast_head_json":{"title":"Bausatz - Vergoldung eines rahmens | Giusto Manetti Battiloro","description":"Entdecken Sie Bausatz - Vergoldung eines rahmens, eines der besten Produkte von Giusto Manetti Battiloro, dem weltweit f\u00fchrenden Hersteller von Blattgold und anderen beeindruckenden Dekorationen!","robots":{"index":"index","follow":"follow","max-snippet":"max-snippet:-1","max-image-preview":"max-image-preview:large","max-video-preview":"max-video-preview:-1"},"canonical":"https:\/\/www.manetti.com\/de\/shop\/bausatz-vergoldung-eines-rahmens\/","og_locale":"de_DE","og_type":"article","og_title":"Bausatz - Vergoldung eines rahmens | Giusto Manetti Battiloro","og_description":"Entdecken Sie Bausatz - Vergoldung eines rahmens, eines der besten Produkte von Giusto Manetti Battiloro, dem weltweit f\u00fchrenden Hersteller von Blattgold und anderen beeindruckenden Dekorationen!","og_url":"https:\/\/www.manetti.com\/de\/shop\/bausatz-vergoldung-eines-rahmens\/","og_site_name":"Giusto Manetti Battiloro","article_publisher":"https:\/\/www.facebook.com\/giustomanettibattiloro","article_modified_time":"2025-11-11T13:04:10+00:00","og_image":[{"width":900,"height":900,"url":"https:\/\/www.manetti.com\/wp-content\/uploads\/2024\/01\/Kit-gilding-box_web_giustomanettibattiloro.png","type":"image\/png"}],"twitter_card":"summary_large_image","schema":{"@context":"https:\/\/schema.org","@graph":[{"@type":"WebPage","@id":"https:\/\/www.manetti.com\/de\/shop\/bausatz-vergoldung-eines-rahmens\/","url":"https:\/\/www.manetti.com\/de\/shop\/bausatz-vergoldung-eines-rahmens\/","name":"Bausatz - Vergoldung eines rahmens | Giusto Manetti Battiloro","isPartOf":{"@id":"https:\/\/www.manetti.com\/de\/#website"},"primaryImageOfPage":{"@id":"https:\/\/www.manetti.com\/de\/shop\/bausatz-vergoldung-eines-rahmens\/#primaryimage"},"image":{"@id":"https:\/\/www.manetti.com\/de\/shop\/bausatz-vergoldung-eines-rahmens\/#primaryimage"},"thumbnailUrl":"https:\/\/www.manetti.com\/wp-content\/uploads\/2024\/01\/Kit-gilding-box_web_giustomanettibattiloro.png","datePublished":"2019-01-17T14:40:56+00:00","dateModified":"2025-11-11T13:04:10+00:00","description":"Entdecken Sie Bausatz - Vergoldung eines rahmens, eines der besten Produkte von Giusto Manetti Battiloro, dem weltweit f\u00fchrenden Hersteller von Blattgold und anderen beeindruckenden Dekorationen!","inLanguage":"de","potentialAction":[{"@type":"ReadAction","target":["https:\/\/www.manetti.com\/de\/shop\/bausatz-vergoldung-eines-rahmens\/"]}]},{"@type":"ImageObject","inLanguage":"de","@id":"https:\/\/www.manetti.com\/de\/shop\/bausatz-vergoldung-eines-rahmens\/#primaryimage","url":"https:\/\/www.manetti.com\/wp-content\/uploads\/2024\/01\/Kit-gilding-box_web_giustomanettibattiloro.png","contentUrl":"https:\/\/www.manetti.com\/wp-content\/uploads\/2024\/01\/Kit-gilding-box_web_giustomanettibattiloro.png","width":900,"height":900},{"@type":"WebSite","@id":"https:\/\/www.manetti.com\/de\/#website","url":"https:\/\/www.manetti.com\/de\/","name":"Giusto Manetti Battiloro","description":"","publisher":{"@id":"https:\/\/www.manetti.com\/de\/#organization"},"potentialAction":[{"@type":"SearchAction","target":{"@type":"EntryPoint","urlTemplate":"https:\/\/www.manetti.com\/de\/?s={search_term_string}"},"query-input":{"@type":"PropertyValueSpecification","valueRequired":true,"valueName":"search_term_string"}}],"inLanguage":"de"},{"@type":"Organization","@id":"https:\/\/www.manetti.com\/de\/#organization","name":"GIUSTO MANETTI BATTILORO S.P.A.","url":"https:\/\/www.manetti.com\/de\/","logo":{"@type":"ImageObject","inLanguage":"de","@id":"https:\/\/www.manetti.com\/de\/#\/schema\/logo\/image\/","url":"https:\/\/www.manetti.com\/wp-content\/uploads\/2025\/02\/giusto-manetti-blu_300-02.png","contentUrl":"https:\/\/www.manetti.com\/wp-content\/uploads\/2025\/02\/giusto-manetti-blu_300-02.png","width":1123,"height":1093,"caption":"GIUSTO MANETTI BATTILORO S.P.A."},"image":{"@id":"https:\/\/www.manetti.com\/de\/#\/schema\/logo\/image\/"},"sameAs":["https:\/\/www.facebook.com\/giustomanettibattiloro","https:\/\/www.instagram.com\/giustomanettibattiloro\/","https:\/\/www.linkedin.com\/company\/giusto-manetti-battiloro-s-p-a-\/","https:\/\/www.youtube.com\/user\/ManettiBattiloro"]}]}},"_links":{"self":[{"href":"https:\/\/www.manetti.com\/de\/wp-json\/wp\/v2\/product\/65799","targetHints":{"allow":["GET"]}}],"collection":[{"href":"https:\/\/www.manetti.com\/de\/wp-json\/wp\/v2\/product"}],"about":[{"href":"https:\/\/www.manetti.com\/de\/wp-json\/wp\/v2\/types\/product"}],"wp:featuredmedia":[{"embeddable":true,"href":"https:\/\/www.manetti.com\/de\/wp-json\/wp\/v2\/media\/73315"}],"wp:attachment":[{"href":"https:\/\/www.manetti.com\/de\/wp-json\/wp\/v2\/media?parent=65799"}],"wp:term":[{"taxonomy":"product_brand","embeddable":true,"href":"https:\/\/www.manetti.com\/de\/wp-json\/wp\/v2\/product_brand?post=65799"},{"taxonomy":"product_cat","embeddable":true,"href":"https:\/\/www.manetti.com\/de\/wp-json\/wp\/v2\/product_cat?post=65799"},{"taxonomy":"product_tag","embeddable":true,"href":"https:\/\/www.manetti.com\/de\/wp-json\/wp\/v2\/product_tag?post=65799"},{"taxonomy":"product_area","embeddable":true,"href":"https:\/\/www.manetti.com\/de\/wp-json\/wp\/v2\/product_area?post=65799"},{"taxonomy":"catalog_category","embeddable":true,"href":"https:\/\/www.manetti.com\/de\/wp-json\/wp\/v2\/catalog_category?post=65799"}],"curies":[{"name":"wp","href":"https:\/\/api.w.org\/{rel}","templated":true}]}}