{"id":65945,"date":"2024-01-18T12:26:44","date_gmt":"2024-01-18T11:26:44","guid":{"rendered":"https:\/\/www.manetti.com\/?post_type=product&#038;p=65945"},"modified":"2024-03-06T11:53:57","modified_gmt":"2024-03-06T10:53:57","slug":"bausatz-vergoldung-eines-rahmens","status":"publish","type":"product","link":"https:\/\/www.manetti.com\/de\/produkt\/bausatz-vergoldung-eines-rahmens\/","title":{"rendered":"Bausatz &#8211; Vergoldung eines rahmens"},"content":{"rendered":"<p>Das erste Starter-Kit f\u00fcr die Vergoldung eines Rahmens mit echtem 24-kar\u00e4tigem Blattgold ist f\u00fcr Bastler, Anf\u00e4nger und Studenten gedacht, die diese faszinierende, jahrhundertealte dekorative Kunst leicht erlernen m\u00f6chten. Das Set wird durch eine ausf\u00fchrliche Anleitung erg\u00e4nzt, in der jeder Schritt und jedes Stadium der Vergoldung erkl\u00e4rt wird.<\/p>\n","protected":false},"excerpt":{"rendered":"<p>Der Bausatz enth\u00e4lt:<\/p>\n<ul>\n<li>24 kt Blattgold<\/li>\n<li>Auftrag auf Wasserbasis<\/li>\n<li>Pinsel<\/li>\n<li>Tuch<\/li>\n<li>Schutz<\/li>\n<li>Holzrahmen (19 cm x 14 cm)<\/li>\n<\/ul>\n<p><strong>Abmessungen (cm)<\/strong><br \/>\n34 cm x 22,2 cm x 6 cm<\/p>\n<p><a href=\"https:\/\/www.manetti.com\/de\/hobby-vergoldungsset\/\" target=\"_blank\" rel=\"noopener\">Das Tutorial ansehen<\/a> [&#8230;]<\/p>\n<p><a class=\"btn btn-secondary understrap-read-more-link\" href=\"https:\/\/www.manetti.com\/de\/produkt\/bausatz-vergoldung-eines-rahmens\/\">Weiterlesen&#8230;<\/a><\/p>\n","protected":false},"featured_media":73315,"template":"","meta":{"_acf_changed":false},"product_brand":[],"product_cat":[467],"product_tag":[],"product_area":[],"catalog_category":[811],"class_list":{"0":"post-65945","1":"product","2":"type-product","3":"status-publish","4":"has-post-thumbnail","6":"product_cat-bildende-kunst","7":"catalog_category-vergoldungssets","9":"first","10":"instock","11":"shipping-taxable","12":"product-type-simple"},"acf":[],"yoast_head":"<!-- This site is optimized with the Yoast SEO plugin v26.5 - https:\/\/yoast.com\/wordpress\/plugins\/seo\/ -->\n<title>Bausatz - Vergoldung eines rahmens | Giusto Manetti Battiloro<\/title>\n<meta name=\"description\" content=\"Entwickelt f\u00fcr Hobbyisten und Studenten, ist das erste Starter-Set zum Vergolden eines Rahmens mit echtem 24 Karat Goldblatt eine absolute Neuheit.\" \/>\n<meta name=\"robots\" content=\"index, follow, max-snippet:-1, max-image-preview:large, max-video-preview:-1\" \/>\n<link rel=\"canonical\" href=\"https:\/\/www.manetti.com\/de\/produkt\/bausatz-vergoldung-eines-rahmens\/\" \/>\n<meta property=\"og:locale\" content=\"de_DE\" \/>\n<meta property=\"og:type\" content=\"article\" \/>\n<meta property=\"og:title\" content=\"Bausatz - Vergoldung eines rahmens | Giusto Manetti Battiloro\" \/>\n<meta property=\"og:description\" content=\"Entwickelt f\u00fcr Hobbyisten und Studenten, ist das erste Starter-Set zum Vergolden eines Rahmens mit echtem 24 Karat Goldblatt eine absolute Neuheit.\" \/>\n<meta property=\"og:url\" content=\"https:\/\/www.manetti.com\/de\/produkt\/bausatz-vergoldung-eines-rahmens\/\" \/>\n<meta property=\"og:site_name\" content=\"Giusto Manetti Battiloro\" \/>\n<meta property=\"article:publisher\" content=\"https:\/\/www.facebook.com\/giustomanettibattiloro\" \/>\n<meta property=\"article:modified_time\" content=\"2024-03-06T10:53:57+00:00\" \/>\n<meta property=\"og:image\" content=\"https:\/\/www.manetti.com\/wp-content\/uploads\/2024\/01\/Kit-gilding-box_web_giustomanettibattiloro.png\" \/>\n\t<meta property=\"og:image:width\" content=\"900\" \/>\n\t<meta property=\"og:image:height\" content=\"900\" \/>\n\t<meta property=\"og:image:type\" content=\"image\/png\" \/>\n<meta name=\"twitter:card\" content=\"summary_large_image\" \/>\n<script type=\"application\/ld+json\" class=\"yoast-schema-graph\">{\"@context\":\"https:\/\/schema.org\",\"@graph\":[{\"@type\":\"WebPage\",\"@id\":\"https:\/\/www.manetti.com\/de\/produkt\/bausatz-vergoldung-eines-rahmens\/\",\"url\":\"https:\/\/www.manetti.com\/de\/produkt\/bausatz-vergoldung-eines-rahmens\/\",\"name\":\"Bausatz - Vergoldung eines rahmens | Giusto Manetti Battiloro\",\"isPartOf\":{\"@id\":\"https:\/\/www.manetti.com\/de\/#website\"},\"primaryImageOfPage\":{\"@id\":\"https:\/\/www.manetti.com\/de\/produkt\/bausatz-vergoldung-eines-rahmens\/#primaryimage\"},\"image\":{\"@id\":\"https:\/\/www.manetti.com\/de\/produkt\/bausatz-vergoldung-eines-rahmens\/#primaryimage\"},\"thumbnailUrl\":\"https:\/\/www.manetti.com\/wp-content\/uploads\/2024\/01\/Kit-gilding-box_web_giustomanettibattiloro.png\",\"datePublished\":\"2024-01-18T11:26:44+00:00\",\"dateModified\":\"2024-03-06T10:53:57+00:00\",\"description\":\"Entwickelt f\u00fcr Hobbyisten und Studenten, ist das erste Starter-Set zum Vergolden eines Rahmens mit echtem 24 Karat Goldblatt eine absolute Neuheit.\",\"inLanguage\":\"de\",\"potentialAction\":[{\"@type\":\"ReadAction\",\"target\":[\"https:\/\/www.manetti.com\/de\/produkt\/bausatz-vergoldung-eines-rahmens\/\"]}]},{\"@type\":\"ImageObject\",\"inLanguage\":\"de\",\"@id\":\"https:\/\/www.manetti.com\/de\/produkt\/bausatz-vergoldung-eines-rahmens\/#primaryimage\",\"url\":\"https:\/\/www.manetti.com\/wp-content\/uploads\/2024\/01\/Kit-gilding-box_web_giustomanettibattiloro.png\",\"contentUrl\":\"https:\/\/www.manetti.com\/wp-content\/uploads\/2024\/01\/Kit-gilding-box_web_giustomanettibattiloro.png\",\"width\":900,\"height\":900},{\"@type\":\"WebSite\",\"@id\":\"https:\/\/www.manetti.com\/de\/#website\",\"url\":\"https:\/\/www.manetti.com\/de\/\",\"name\":\"Giusto Manetti Battiloro\",\"description\":\"\",\"publisher\":{\"@id\":\"https:\/\/www.manetti.com\/de\/#organization\"},\"potentialAction\":[{\"@type\":\"SearchAction\",\"target\":{\"@type\":\"EntryPoint\",\"urlTemplate\":\"https:\/\/www.manetti.com\/de\/?s={search_term_string}\"},\"query-input\":{\"@type\":\"PropertyValueSpecification\",\"valueRequired\":true,\"valueName\":\"search_term_string\"}}],\"inLanguage\":\"de\"},{\"@type\":\"Organization\",\"@id\":\"https:\/\/www.manetti.com\/de\/#organization\",\"name\":\"GIUSTO MANETTI BATTILORO S.P.A.\",\"url\":\"https:\/\/www.manetti.com\/de\/\",\"logo\":{\"@type\":\"ImageObject\",\"inLanguage\":\"de\",\"@id\":\"https:\/\/www.manetti.com\/de\/#\/schema\/logo\/image\/\",\"url\":\"https:\/\/www.manetti.com\/wp-content\/uploads\/2025\/02\/giusto-manetti-blu_300-02.png\",\"contentUrl\":\"https:\/\/www.manetti.com\/wp-content\/uploads\/2025\/02\/giusto-manetti-blu_300-02.png\",\"width\":1123,\"height\":1093,\"caption\":\"GIUSTO MANETTI BATTILORO S.P.A.\"},\"image\":{\"@id\":\"https:\/\/www.manetti.com\/de\/#\/schema\/logo\/image\/\"},\"sameAs\":[\"https:\/\/www.facebook.com\/giustomanettibattiloro\",\"https:\/\/www.instagram.com\/giustomanettibattiloro\/\",\"https:\/\/www.linkedin.com\/company\/giusto-manetti-battiloro-s-p-a-\/\",\"https:\/\/www.youtube.com\/user\/ManettiBattiloro\"]}]}<\/script>\n<!-- \/ Yoast SEO plugin. -->","yoast_head_json":{"title":"Bausatz - Vergoldung eines rahmens | Giusto Manetti Battiloro","description":"Entwickelt f\u00fcr Hobbyisten und Studenten, ist das erste Starter-Set zum Vergolden eines Rahmens mit echtem 24 Karat Goldblatt eine absolute Neuheit.","robots":{"index":"index","follow":"follow","max-snippet":"max-snippet:-1","max-image-preview":"max-image-preview:large","max-video-preview":"max-video-preview:-1"},"canonical":"https:\/\/www.manetti.com\/de\/produkt\/bausatz-vergoldung-eines-rahmens\/","og_locale":"de_DE","og_type":"article","og_title":"Bausatz - Vergoldung eines rahmens | Giusto Manetti Battiloro","og_description":"Entwickelt f\u00fcr Hobbyisten und Studenten, ist das erste Starter-Set zum Vergolden eines Rahmens mit echtem 24 Karat Goldblatt eine absolute Neuheit.","og_url":"https:\/\/www.manetti.com\/de\/produkt\/bausatz-vergoldung-eines-rahmens\/","og_site_name":"Giusto Manetti Battiloro","article_publisher":"https:\/\/www.facebook.com\/giustomanettibattiloro","article_modified_time":"2024-03-06T10:53:57+00:00","og_image":[{"width":900,"height":900,"url":"https:\/\/www.manetti.com\/wp-content\/uploads\/2024\/01\/Kit-gilding-box_web_giustomanettibattiloro.png","type":"image\/png"}],"twitter_card":"summary_large_image","schema":{"@context":"https:\/\/schema.org","@graph":[{"@type":"WebPage","@id":"https:\/\/www.manetti.com\/de\/produkt\/bausatz-vergoldung-eines-rahmens\/","url":"https:\/\/www.manetti.com\/de\/produkt\/bausatz-vergoldung-eines-rahmens\/","name":"Bausatz - Vergoldung eines rahmens | Giusto Manetti Battiloro","isPartOf":{"@id":"https:\/\/www.manetti.com\/de\/#website"},"primaryImageOfPage":{"@id":"https:\/\/www.manetti.com\/de\/produkt\/bausatz-vergoldung-eines-rahmens\/#primaryimage"},"image":{"@id":"https:\/\/www.manetti.com\/de\/produkt\/bausatz-vergoldung-eines-rahmens\/#primaryimage"},"thumbnailUrl":"https:\/\/www.manetti.com\/wp-content\/uploads\/2024\/01\/Kit-gilding-box_web_giustomanettibattiloro.png","datePublished":"2024-01-18T11:26:44+00:00","dateModified":"2024-03-06T10:53:57+00:00","description":"Entwickelt f\u00fcr Hobbyisten und Studenten, ist das erste Starter-Set zum Vergolden eines Rahmens mit echtem 24 Karat Goldblatt eine absolute Neuheit.","inLanguage":"de","potentialAction":[{"@type":"ReadAction","target":["https:\/\/www.manetti.com\/de\/produkt\/bausatz-vergoldung-eines-rahmens\/"]}]},{"@type":"ImageObject","inLanguage":"de","@id":"https:\/\/www.manetti.com\/de\/produkt\/bausatz-vergoldung-eines-rahmens\/#primaryimage","url":"https:\/\/www.manetti.com\/wp-content\/uploads\/2024\/01\/Kit-gilding-box_web_giustomanettibattiloro.png","contentUrl":"https:\/\/www.manetti.com\/wp-content\/uploads\/2024\/01\/Kit-gilding-box_web_giustomanettibattiloro.png","width":900,"height":900},{"@type":"WebSite","@id":"https:\/\/www.manetti.com\/de\/#website","url":"https:\/\/www.manetti.com\/de\/","name":"Giusto Manetti Battiloro","description":"","publisher":{"@id":"https:\/\/www.manetti.com\/de\/#organization"},"potentialAction":[{"@type":"SearchAction","target":{"@type":"EntryPoint","urlTemplate":"https:\/\/www.manetti.com\/de\/?s={search_term_string}"},"query-input":{"@type":"PropertyValueSpecification","valueRequired":true,"valueName":"search_term_string"}}],"inLanguage":"de"},{"@type":"Organization","@id":"https:\/\/www.manetti.com\/de\/#organization","name":"GIUSTO MANETTI BATTILORO S.P.A.","url":"https:\/\/www.manetti.com\/de\/","logo":{"@type":"ImageObject","inLanguage":"de","@id":"https:\/\/www.manetti.com\/de\/#\/schema\/logo\/image\/","url":"https:\/\/www.manetti.com\/wp-content\/uploads\/2025\/02\/giusto-manetti-blu_300-02.png","contentUrl":"https:\/\/www.manetti.com\/wp-content\/uploads\/2025\/02\/giusto-manetti-blu_300-02.png","width":1123,"height":1093,"caption":"GIUSTO MANETTI BATTILORO S.P.A."},"image":{"@id":"https:\/\/www.manetti.com\/de\/#\/schema\/logo\/image\/"},"sameAs":["https:\/\/www.facebook.com\/giustomanettibattiloro","https:\/\/www.instagram.com\/giustomanettibattiloro\/","https:\/\/www.linkedin.com\/company\/giusto-manetti-battiloro-s-p-a-\/","https:\/\/www.youtube.com\/user\/ManettiBattiloro"]}]}},"_links":{"self":[{"href":"https:\/\/www.manetti.com\/de\/wp-json\/wp\/v2\/product\/65945","targetHints":{"allow":["GET"]}}],"collection":[{"href":"https:\/\/www.manetti.com\/de\/wp-json\/wp\/v2\/product"}],"about":[{"href":"https:\/\/www.manetti.com\/de\/wp-json\/wp\/v2\/types\/product"}],"wp:featuredmedia":[{"embeddable":true,"href":"https:\/\/www.manetti.com\/de\/wp-json\/wp\/v2\/media\/73315"}],"wp:attachment":[{"href":"https:\/\/www.manetti.com\/de\/wp-json\/wp\/v2\/media?parent=65945"}],"wp:term":[{"taxonomy":"product_brand","embeddable":true,"href":"https:\/\/www.manetti.com\/de\/wp-json\/wp\/v2\/product_brand?post=65945"},{"taxonomy":"product_cat","embeddable":true,"href":"https:\/\/www.manetti.com\/de\/wp-json\/wp\/v2\/product_cat?post=65945"},{"taxonomy":"product_tag","embeddable":true,"href":"https:\/\/www.manetti.com\/de\/wp-json\/wp\/v2\/product_tag?post=65945"},{"taxonomy":"product_area","embeddable":true,"href":"https:\/\/www.manetti.com\/de\/wp-json\/wp\/v2\/product_area?post=65945"},{"taxonomy":"catalog_category","embeddable":true,"href":"https:\/\/www.manetti.com\/de\/wp-json\/wp\/v2\/catalog_category?post=65945"}],"curies":[{"name":"wp","href":"https:\/\/api.w.org\/{rel}","templated":true}]}}