{"id":73821,"date":"2024-03-20T10:15:53","date_gmt":"2024-03-20T09:15:53","guid":{"rendered":"https:\/\/www.manetti.com\/?post_type=product&#038;p=73821"},"modified":"2026-02-11T11:31:28","modified_gmt":"2026-02-11T10:31:28","slug":"shop-goldpulver-und-muschel","status":"publish","type":"product","link":"https:\/\/www.manetti.com\/de\/shop\/shop-goldpulver-und-muschel\/","title":{"rendered":"Goldpulver und Muschel"},"content":{"rendered":"<h1 style=\"color: #c39f5f;\">Goldpulver und Muschelgold<\/h1>\n<p>Goldpulver und Muschelgold eignen sich zum <strong>Retuschen von Blattvergoldungen und zum Vergolden von besonders intarsierten<\/strong> und schwer zug\u00e4nglichen Oberfl\u00e4chen. Das in zwei verschiedenen Karat (<strong>23,75kt und 22kt<\/strong>) erh\u00e4ltliche Goldpulver muss <strong>immer mit einem speziellen Bindemittel gemischt werden, bevor es mit einem Pinsel mit feiner Spitze<\/strong> und weichen Borsten aufgetragen werden kann.<\/p>\n<p><strong>Manetti Muschelgold<\/strong> ist nur in 23,\u00be Karat erh\u00e4ltlich. Es ist eine <strong>gebrauchsfertige<\/strong> Mischung aus <strong>echtem Blattgoldpulver und Gummiarabikum<\/strong>. Es kann mit einem feinen Pinsel, der zuvor mit Wasser angefeuchtet wurde, auf die zu dekorierende Oberfl\u00e4che aufgetragen werden, \u00e4hnlich wie eine gew\u00f6hnliche Aquarellfarbe.<\/p>\n<div class=\"show_more\"><p class=\"wpsm-show\" style=\"color: #c39f5f; font-size: 100%; text-align: left;\"> Mehr lesen<\/p><div class=\"wpsm-content\"><\/p>\n<h2>Anwensungsbereiche<\/h2>\n<p><strong>Die Vergoldung mit Goldpulver ist eine Technik, die von professionellen Handwerkern angewendet wird, w\u00e4hrend die Verwendung von Muschelgold im Hobbybereich weit verbreitet ist<\/strong>. Beide Methoden eignen sich f\u00fcr die <strong>Nachbearbeitung von Freihand-Details<\/strong>, <a href=\"https:\/\/www.manetti.com\/de\/vergoldungsakademie\/\">wie in unserer Vergolder-Akademie n\u00e4her erl\u00e4utert wird<\/a>. Diese Art von Gold eignet sich f\u00fcr <strong>Vergoldungsretuschen, insbesondere auf Holzoberfl\u00e4chen von M\u00f6beln, Rahmen und antiken Artefakten<\/strong> sowie Gem\u00e4lden und Ikonen. Zum Auftragen muss das <strong>Goldpulver<\/strong> zun\u00e4chst mit einem <strong>Bindemittel<\/strong> wie Lack, Schellack oder Gummiarabikum vermischt und dann mit einem <strong>Pinsel mit runder Spitze<\/strong> f\u00fcr Details oder Retuschen oder einem <strong>Pinsel mit flacher Spitze<\/strong> f\u00fcr gr\u00f6\u00dfere Fl\u00e4chen auf die Oberfl\u00e4che aufgetragen werden.<\/p>\n<p>Bei der <strong>Vergoldung mit Muschel<\/strong>&#8211; (oder Tabletten-) Gold nehmen Sie die ben\u00f6tigte Menge Gold mit der angefeuchteten Spitze eines Pinsels (in verschiedenen Gr\u00f6\u00dfen, je nach Form und Gr\u00f6\u00dfe der zu verzierenden Oberfl\u00e4che) und <strong>tragen es direkt auf<\/strong>. <strong>Unsere Experten beraten Sie gerne bei der Wahl des geeigneten Produkts und der Anwendungsmethode, je nach Verwendungszweck<\/strong>.<\/p>\n<p> <p class=\"wpsm-hide\" style=\"color: #c39f5f; font-size: 100%; text-align: left;\"> Weniger lesen<\/p><\/div><\/div>\n","protected":false},"excerpt":{"rendered":"<p>Goldpulver und Muschelgold Goldpulver und Muschelgold eignen sich zum Retuschen von Blattvergoldungen und zum Vergolden von besonders intarsierten und schwer zug\u00e4nglichen Oberfl\u00e4chen. Das in zwei verschiedenen Karat (23,75kt und 22kt) erh\u00e4ltliche Goldpulver muss immer mit einem speziellen Bindemittel gemischt werden, bevor es mit einem Pinsel mit feiner Spitze und weichen Borsten aufgetragen werden kann. Manetti [&#8230;]<\/p>\n<p><a class=\"btn btn-secondary understrap-read-more-link\" href=\"https:\/\/www.manetti.com\/de\/shop\/shop-goldpulver-und-muschel\/\">Weiterlesen&#8230;<\/a><\/p>\n","protected":false},"featured_media":73996,"template":"","meta":{"_acf_changed":false},"product_brand":[],"product_cat":[354],"product_tag":[351],"product_area":[560,668],"catalog_category":[],"class_list":{"0":"post-73821","1":"product","2":"type-product","3":"status-publish","4":"has-post-thumbnail","6":"product_cat-echtes-blattgold","7":"product_tag-polveri-e-conchiglie-de","8":"product_area-vergoldung-und-restaurierung","9":"product_area-vergoldung-und-restaurierung-gold-und-silberpulver-sowie-muschelgold","11":"first","12":"instock","13":"shipping-taxable","14":"purchasable","15":"product-type-variable"},"acf":[],"yoast_head":"<!-- This site is optimized with the Yoast SEO plugin v26.5 - https:\/\/yoast.com\/wordpress\/plugins\/seo\/ -->\n<title>Goldpulver und Muschelgold zum Vergolden - Goldschl\u00e4ger Manetti<\/title>\n<meta name=\"description\" content=\"Entdecken Sie Goldpulver Manetti, ideal zum Retuschieren von Blattvergoldungen und geschnitzten oder schwer zug\u00e4nglichen Oberfl\u00e4chen.\" \/>\n<meta name=\"robots\" content=\"index, follow, max-snippet:-1, max-image-preview:large, max-video-preview:-1\" \/>\n<link rel=\"canonical\" href=\"https:\/\/www.manetti.com\/de\/shop\/shop-goldpulver-und-muschel\/\" \/>\n<meta property=\"og:locale\" content=\"de_DE\" \/>\n<meta property=\"og:type\" content=\"article\" \/>\n<meta property=\"og:title\" content=\"Goldpulver und Muschelgold zum Vergolden - Goldschl\u00e4ger Manetti\" \/>\n<meta property=\"og:description\" content=\"Entdecken Sie Goldpulver Manetti, ideal zum Retuschieren von Blattvergoldungen und geschnitzten oder schwer zug\u00e4nglichen Oberfl\u00e4chen.\" \/>\n<meta property=\"og:url\" content=\"https:\/\/www.manetti.com\/de\/shop\/shop-goldpulver-und-muschel\/\" \/>\n<meta property=\"og:site_name\" content=\"Giusto Manetti Battiloro\" \/>\n<meta property=\"article:publisher\" content=\"https:\/\/www.facebook.com\/giustomanettibattiloro\" \/>\n<meta property=\"article:modified_time\" content=\"2026-02-11T10:31:28+00:00\" \/>\n<meta property=\"og:image\" content=\"https:\/\/www.manetti.com\/wp-content\/uploads\/2024\/03\/FogliaOro_PolvereOro-ConchigliaOro_giustomanettibattiloro.png\" \/>\n\t<meta property=\"og:image:width\" content=\"900\" \/>\n\t<meta property=\"og:image:height\" content=\"900\" \/>\n\t<meta property=\"og:image:type\" content=\"image\/png\" \/>\n<meta name=\"twitter:card\" content=\"summary_large_image\" \/>\n<meta name=\"twitter:label1\" content=\"Gesch\u00e4tzte Lesezeit\" \/>\n\t<meta name=\"twitter:data1\" content=\"2\u00a0Minuten\" \/>\n<script type=\"application\/ld+json\" class=\"yoast-schema-graph\">{\"@context\":\"https:\/\/schema.org\",\"@graph\":[{\"@type\":\"WebPage\",\"@id\":\"https:\/\/www.manetti.com\/de\/shop\/shop-goldpulver-und-muschel\/\",\"url\":\"https:\/\/www.manetti.com\/de\/shop\/shop-goldpulver-und-muschel\/\",\"name\":\"Goldpulver und Muschelgold zum Vergolden - Goldschl\u00e4ger Manetti\",\"isPartOf\":{\"@id\":\"https:\/\/www.manetti.com\/de\/#website\"},\"primaryImageOfPage\":{\"@id\":\"https:\/\/www.manetti.com\/de\/shop\/shop-goldpulver-und-muschel\/#primaryimage\"},\"image\":{\"@id\":\"https:\/\/www.manetti.com\/de\/shop\/shop-goldpulver-und-muschel\/#primaryimage\"},\"thumbnailUrl\":\"https:\/\/www.manetti.com\/wp-content\/uploads\/2024\/03\/FogliaOro_PolvereOro-ConchigliaOro_giustomanettibattiloro.png\",\"datePublished\":\"2024-03-20T09:15:53+00:00\",\"dateModified\":\"2026-02-11T10:31:28+00:00\",\"description\":\"Entdecken Sie Goldpulver Manetti, ideal zum Retuschieren von Blattvergoldungen und geschnitzten oder schwer zug\u00e4nglichen Oberfl\u00e4chen.\",\"inLanguage\":\"de\",\"potentialAction\":[{\"@type\":\"ReadAction\",\"target\":[\"https:\/\/www.manetti.com\/de\/shop\/shop-goldpulver-und-muschel\/\"]}]},{\"@type\":\"ImageObject\",\"inLanguage\":\"de\",\"@id\":\"https:\/\/www.manetti.com\/de\/shop\/shop-goldpulver-und-muschel\/#primaryimage\",\"url\":\"https:\/\/www.manetti.com\/wp-content\/uploads\/2024\/03\/FogliaOro_PolvereOro-ConchigliaOro_giustomanettibattiloro.png\",\"contentUrl\":\"https:\/\/www.manetti.com\/wp-content\/uploads\/2024\/03\/FogliaOro_PolvereOro-ConchigliaOro_giustomanettibattiloro.png\",\"width\":900,\"height\":900},{\"@type\":\"WebSite\",\"@id\":\"https:\/\/www.manetti.com\/de\/#website\",\"url\":\"https:\/\/www.manetti.com\/de\/\",\"name\":\"Giusto Manetti Battiloro\",\"description\":\"\",\"publisher\":{\"@id\":\"https:\/\/www.manetti.com\/de\/#organization\"},\"potentialAction\":[{\"@type\":\"SearchAction\",\"target\":{\"@type\":\"EntryPoint\",\"urlTemplate\":\"https:\/\/www.manetti.com\/de\/?s={search_term_string}\"},\"query-input\":{\"@type\":\"PropertyValueSpecification\",\"valueRequired\":true,\"valueName\":\"search_term_string\"}}],\"inLanguage\":\"de\"},{\"@type\":\"Organization\",\"@id\":\"https:\/\/www.manetti.com\/de\/#organization\",\"name\":\"GIUSTO MANETTI BATTILORO S.P.A.\",\"url\":\"https:\/\/www.manetti.com\/de\/\",\"logo\":{\"@type\":\"ImageObject\",\"inLanguage\":\"de\",\"@id\":\"https:\/\/www.manetti.com\/de\/#\/schema\/logo\/image\/\",\"url\":\"https:\/\/www.manetti.com\/wp-content\/uploads\/2025\/02\/giusto-manetti-blu_300-02.png\",\"contentUrl\":\"https:\/\/www.manetti.com\/wp-content\/uploads\/2025\/02\/giusto-manetti-blu_300-02.png\",\"width\":1123,\"height\":1093,\"caption\":\"GIUSTO MANETTI BATTILORO S.P.A.\"},\"image\":{\"@id\":\"https:\/\/www.manetti.com\/de\/#\/schema\/logo\/image\/\"},\"sameAs\":[\"https:\/\/www.facebook.com\/giustomanettibattiloro\",\"https:\/\/www.instagram.com\/giustomanettibattiloro\/\",\"https:\/\/www.linkedin.com\/company\/giusto-manetti-battiloro-s-p-a-\/\",\"https:\/\/www.youtube.com\/user\/ManettiBattiloro\"]}]}<\/script>\n<!-- \/ Yoast SEO plugin. -->","yoast_head_json":{"title":"Goldpulver und Muschelgold zum Vergolden - Goldschl\u00e4ger Manetti","description":"Entdecken Sie Goldpulver Manetti, ideal zum Retuschieren von Blattvergoldungen und geschnitzten oder schwer zug\u00e4nglichen Oberfl\u00e4chen.","robots":{"index":"index","follow":"follow","max-snippet":"max-snippet:-1","max-image-preview":"max-image-preview:large","max-video-preview":"max-video-preview:-1"},"canonical":"https:\/\/www.manetti.com\/de\/shop\/shop-goldpulver-und-muschel\/","og_locale":"de_DE","og_type":"article","og_title":"Goldpulver und Muschelgold zum Vergolden - Goldschl\u00e4ger Manetti","og_description":"Entdecken Sie Goldpulver Manetti, ideal zum Retuschieren von Blattvergoldungen und geschnitzten oder schwer zug\u00e4nglichen Oberfl\u00e4chen.","og_url":"https:\/\/www.manetti.com\/de\/shop\/shop-goldpulver-und-muschel\/","og_site_name":"Giusto Manetti Battiloro","article_publisher":"https:\/\/www.facebook.com\/giustomanettibattiloro","article_modified_time":"2026-02-11T10:31:28+00:00","og_image":[{"width":900,"height":900,"url":"https:\/\/www.manetti.com\/wp-content\/uploads\/2024\/03\/FogliaOro_PolvereOro-ConchigliaOro_giustomanettibattiloro.png","type":"image\/png"}],"twitter_card":"summary_large_image","twitter_misc":{"Gesch\u00e4tzte Lesezeit":"2\u00a0Minuten"},"schema":{"@context":"https:\/\/schema.org","@graph":[{"@type":"WebPage","@id":"https:\/\/www.manetti.com\/de\/shop\/shop-goldpulver-und-muschel\/","url":"https:\/\/www.manetti.com\/de\/shop\/shop-goldpulver-und-muschel\/","name":"Goldpulver und Muschelgold zum Vergolden - Goldschl\u00e4ger Manetti","isPartOf":{"@id":"https:\/\/www.manetti.com\/de\/#website"},"primaryImageOfPage":{"@id":"https:\/\/www.manetti.com\/de\/shop\/shop-goldpulver-und-muschel\/#primaryimage"},"image":{"@id":"https:\/\/www.manetti.com\/de\/shop\/shop-goldpulver-und-muschel\/#primaryimage"},"thumbnailUrl":"https:\/\/www.manetti.com\/wp-content\/uploads\/2024\/03\/FogliaOro_PolvereOro-ConchigliaOro_giustomanettibattiloro.png","datePublished":"2024-03-20T09:15:53+00:00","dateModified":"2026-02-11T10:31:28+00:00","description":"Entdecken Sie Goldpulver Manetti, ideal zum Retuschieren von Blattvergoldungen und geschnitzten oder schwer zug\u00e4nglichen Oberfl\u00e4chen.","inLanguage":"de","potentialAction":[{"@type":"ReadAction","target":["https:\/\/www.manetti.com\/de\/shop\/shop-goldpulver-und-muschel\/"]}]},{"@type":"ImageObject","inLanguage":"de","@id":"https:\/\/www.manetti.com\/de\/shop\/shop-goldpulver-und-muschel\/#primaryimage","url":"https:\/\/www.manetti.com\/wp-content\/uploads\/2024\/03\/FogliaOro_PolvereOro-ConchigliaOro_giustomanettibattiloro.png","contentUrl":"https:\/\/www.manetti.com\/wp-content\/uploads\/2024\/03\/FogliaOro_PolvereOro-ConchigliaOro_giustomanettibattiloro.png","width":900,"height":900},{"@type":"WebSite","@id":"https:\/\/www.manetti.com\/de\/#website","url":"https:\/\/www.manetti.com\/de\/","name":"Giusto Manetti Battiloro","description":"","publisher":{"@id":"https:\/\/www.manetti.com\/de\/#organization"},"potentialAction":[{"@type":"SearchAction","target":{"@type":"EntryPoint","urlTemplate":"https:\/\/www.manetti.com\/de\/?s={search_term_string}"},"query-input":{"@type":"PropertyValueSpecification","valueRequired":true,"valueName":"search_term_string"}}],"inLanguage":"de"},{"@type":"Organization","@id":"https:\/\/www.manetti.com\/de\/#organization","name":"GIUSTO MANETTI BATTILORO S.P.A.","url":"https:\/\/www.manetti.com\/de\/","logo":{"@type":"ImageObject","inLanguage":"de","@id":"https:\/\/www.manetti.com\/de\/#\/schema\/logo\/image\/","url":"https:\/\/www.manetti.com\/wp-content\/uploads\/2025\/02\/giusto-manetti-blu_300-02.png","contentUrl":"https:\/\/www.manetti.com\/wp-content\/uploads\/2025\/02\/giusto-manetti-blu_300-02.png","width":1123,"height":1093,"caption":"GIUSTO MANETTI BATTILORO S.P.A."},"image":{"@id":"https:\/\/www.manetti.com\/de\/#\/schema\/logo\/image\/"},"sameAs":["https:\/\/www.facebook.com\/giustomanettibattiloro","https:\/\/www.instagram.com\/giustomanettibattiloro\/","https:\/\/www.linkedin.com\/company\/giusto-manetti-battiloro-s-p-a-\/","https:\/\/www.youtube.com\/user\/ManettiBattiloro"]}]}},"_links":{"self":[{"href":"https:\/\/www.manetti.com\/de\/wp-json\/wp\/v2\/product\/73821","targetHints":{"allow":["GET"]}}],"collection":[{"href":"https:\/\/www.manetti.com\/de\/wp-json\/wp\/v2\/product"}],"about":[{"href":"https:\/\/www.manetti.com\/de\/wp-json\/wp\/v2\/types\/product"}],"wp:featuredmedia":[{"embeddable":true,"href":"https:\/\/www.manetti.com\/de\/wp-json\/wp\/v2\/media\/73996"}],"wp:attachment":[{"href":"https:\/\/www.manetti.com\/de\/wp-json\/wp\/v2\/media?parent=73821"}],"wp:term":[{"taxonomy":"product_brand","embeddable":true,"href":"https:\/\/www.manetti.com\/de\/wp-json\/wp\/v2\/product_brand?post=73821"},{"taxonomy":"product_cat","embeddable":true,"href":"https:\/\/www.manetti.com\/de\/wp-json\/wp\/v2\/product_cat?post=73821"},{"taxonomy":"product_tag","embeddable":true,"href":"https:\/\/www.manetti.com\/de\/wp-json\/wp\/v2\/product_tag?post=73821"},{"taxonomy":"product_area","embeddable":true,"href":"https:\/\/www.manetti.com\/de\/wp-json\/wp\/v2\/product_area?post=73821"},{"taxonomy":"catalog_category","embeddable":true,"href":"https:\/\/www.manetti.com\/de\/wp-json\/wp\/v2\/catalog_category?post=73821"}],"curies":[{"name":"wp","href":"https:\/\/api.w.org\/{rel}","templated":true}]}}