{"id":78947,"date":"2024-12-19T14:52:42","date_gmt":"2024-12-19T13:52:42","guid":{"rendered":"https:\/\/www.manetti.com\/?post_type=product&#038;p=78947"},"modified":"2026-01-30T10:07:21","modified_gmt":"2026-01-30T09:07:21","slug":"goldleaf-applikator-quote","status":"publish","type":"product","link":"https:\/\/www.manetti.com\/de\/produkt\/goldleaf-applikator-quote\/","title":{"rendered":"Goldleaf-Applikator"},"content":{"rendered":"<p>Das professionelle Werkzeug erleichtert und beschleunigt die Anwendung von Edelmetallbl\u00e4ttern auf flachen und gew\u00f6lbten Oberfl\u00e4chen und ist damit ideal f\u00fcr die Vergoldung von Glas. Was es im Vergleich zu anderen Werkzeugen auf dem Markt einzigartig macht, ist seine F\u00e4higkeit, makellose Ergebnisse mit extremer Leichtigkeit zu gew\u00e4hrleisten und sich durch Effizienz und Pr\u00e4zision auszuzeichnen.<\/p>\n","protected":false},"excerpt":{"rendered":"<p>Das professionelle Werkzeug erleichtert und beschleunigt die Anwendung von Edelmetallbl\u00e4ttern auf flachen und gew\u00f6lbten Oberfl\u00e4chen und ist damit ideal f\u00fcr die Vergoldung von Glas. [&#8230;]<\/p>\n<p><a class=\"btn btn-secondary understrap-read-more-link\" href=\"https:\/\/www.manetti.com\/de\/produkt\/goldleaf-applikator-quote\/\">Weiterlesen&#8230;<\/a><\/p>\n","protected":false},"featured_media":86659,"template":"","meta":{"_acf_changed":false},"product_brand":[],"product_cat":[397,348],"product_tag":[],"product_area":[],"catalog_category":[786,815,898,1096],"class_list":{"0":"post-78947","1":"product","2":"type-product","3":"status-publish","4":"has-post-thumbnail","6":"product_cat-werkzeuge","7":"product_cat-zubehoer-zum-vergolden","8":"catalog_category-vergoldung-auf-schilder-und-glas","9":"catalog_category-werkzeuge","10":"catalog_category-vergoldung-auf-schilder-und-glas-werkzeuge","11":"catalog_category-werkzeuge-applikatoren","13":"first","14":"instock","15":"shipping-taxable","16":"purchasable","17":"product-type-variable"},"acf":[],"yoast_head":"<!-- This site is optimized with the Yoast SEO plugin v26.5 - https:\/\/yoast.com\/wordpress\/plugins\/seo\/ -->\n<title>Goldleaf-Applikator | Giusto Manetti Battiloro<\/title>\n<meta name=\"description\" content=\"Das professionelle Werkzeug erleichtert und beschleunigt die Anwendung von Edelmetallbl\u00e4ttern auf flachen und gew\u00f6lbten Oberfl\u00e4chen und ist damit ideal f\u00fcr die Vergoldung von Glas.\" \/>\n<meta name=\"robots\" content=\"index, follow, max-snippet:-1, max-image-preview:large, max-video-preview:-1\" \/>\n<link rel=\"canonical\" href=\"https:\/\/www.manetti.com\/de\/produkt\/goldleaf-applikator-quote\/\" \/>\n<meta property=\"og:locale\" content=\"de_DE\" \/>\n<meta property=\"og:type\" content=\"article\" \/>\n<meta property=\"og:title\" content=\"Goldleaf-Applikator | Giusto Manetti Battiloro\" \/>\n<meta property=\"og:description\" content=\"Das professionelle Werkzeug erleichtert und beschleunigt die Anwendung von Edelmetallbl\u00e4ttern auf flachen und gew\u00f6lbten Oberfl\u00e4chen und ist damit ideal f\u00fcr die Vergoldung von Glas.\" \/>\n<meta property=\"og:url\" content=\"https:\/\/www.manetti.com\/de\/produkt\/goldleaf-applikator-quote\/\" \/>\n<meta property=\"og:site_name\" content=\"Giusto Manetti Battiloro\" \/>\n<meta property=\"article:publisher\" content=\"https:\/\/www.facebook.com\/giustomanettibattiloro\" \/>\n<meta property=\"article:modified_time\" content=\"2026-01-30T09:07:21+00:00\" \/>\n<meta property=\"og:image\" content=\"https:\/\/www.manetti.com\/wp-content\/uploads\/2024\/12\/Applicatore-per-foglia_DEF_glass-leaf_web.png\" \/>\n\t<meta property=\"og:image:width\" content=\"900\" \/>\n\t<meta property=\"og:image:height\" content=\"900\" \/>\n\t<meta property=\"og:image:type\" content=\"image\/png\" \/>\n<meta name=\"twitter:card\" content=\"summary_large_image\" \/>\n<script type=\"application\/ld+json\" class=\"yoast-schema-graph\">{\"@context\":\"https:\/\/schema.org\",\"@graph\":[{\"@type\":\"WebPage\",\"@id\":\"https:\/\/www.manetti.com\/de\/produkt\/goldleaf-applikator-quote\/\",\"url\":\"https:\/\/www.manetti.com\/de\/produkt\/goldleaf-applikator-quote\/\",\"name\":\"Goldleaf-Applikator | Giusto Manetti Battiloro\",\"isPartOf\":{\"@id\":\"https:\/\/www.manetti.com\/de\/#website\"},\"primaryImageOfPage\":{\"@id\":\"https:\/\/www.manetti.com\/de\/produkt\/goldleaf-applikator-quote\/#primaryimage\"},\"image\":{\"@id\":\"https:\/\/www.manetti.com\/de\/produkt\/goldleaf-applikator-quote\/#primaryimage\"},\"thumbnailUrl\":\"https:\/\/www.manetti.com\/wp-content\/uploads\/2024\/12\/Applicatore-per-foglia_DEF_glass-leaf_web.png\",\"datePublished\":\"2024-12-19T13:52:42+00:00\",\"dateModified\":\"2026-01-30T09:07:21+00:00\",\"description\":\"Das professionelle Werkzeug erleichtert und beschleunigt die Anwendung von Edelmetallbl\u00e4ttern auf flachen und gew\u00f6lbten Oberfl\u00e4chen und ist damit ideal f\u00fcr die Vergoldung von Glas.\",\"inLanguage\":\"de\",\"potentialAction\":[{\"@type\":\"ReadAction\",\"target\":[\"https:\/\/www.manetti.com\/de\/produkt\/goldleaf-applikator-quote\/\"]}]},{\"@type\":\"ImageObject\",\"inLanguage\":\"de\",\"@id\":\"https:\/\/www.manetti.com\/de\/produkt\/goldleaf-applikator-quote\/#primaryimage\",\"url\":\"https:\/\/www.manetti.com\/wp-content\/uploads\/2024\/12\/Applicatore-per-foglia_DEF_glass-leaf_web.png\",\"contentUrl\":\"https:\/\/www.manetti.com\/wp-content\/uploads\/2024\/12\/Applicatore-per-foglia_DEF_glass-leaf_web.png\",\"width\":900,\"height\":900},{\"@type\":\"WebSite\",\"@id\":\"https:\/\/www.manetti.com\/de\/#website\",\"url\":\"https:\/\/www.manetti.com\/de\/\",\"name\":\"Giusto Manetti Battiloro\",\"description\":\"\",\"publisher\":{\"@id\":\"https:\/\/www.manetti.com\/de\/#organization\"},\"potentialAction\":[{\"@type\":\"SearchAction\",\"target\":{\"@type\":\"EntryPoint\",\"urlTemplate\":\"https:\/\/www.manetti.com\/de\/?s={search_term_string}\"},\"query-input\":{\"@type\":\"PropertyValueSpecification\",\"valueRequired\":true,\"valueName\":\"search_term_string\"}}],\"inLanguage\":\"de\"},{\"@type\":\"Organization\",\"@id\":\"https:\/\/www.manetti.com\/de\/#organization\",\"name\":\"GIUSTO MANETTI BATTILORO S.P.A.\",\"url\":\"https:\/\/www.manetti.com\/de\/\",\"logo\":{\"@type\":\"ImageObject\",\"inLanguage\":\"de\",\"@id\":\"https:\/\/www.manetti.com\/de\/#\/schema\/logo\/image\/\",\"url\":\"https:\/\/www.manetti.com\/wp-content\/uploads\/2025\/02\/giusto-manetti-blu_300-02.png\",\"contentUrl\":\"https:\/\/www.manetti.com\/wp-content\/uploads\/2025\/02\/giusto-manetti-blu_300-02.png\",\"width\":1123,\"height\":1093,\"caption\":\"GIUSTO MANETTI BATTILORO S.P.A.\"},\"image\":{\"@id\":\"https:\/\/www.manetti.com\/de\/#\/schema\/logo\/image\/\"},\"sameAs\":[\"https:\/\/www.facebook.com\/giustomanettibattiloro\",\"https:\/\/www.instagram.com\/giustomanettibattiloro\/\",\"https:\/\/www.linkedin.com\/company\/giusto-manetti-battiloro-s-p-a-\/\",\"https:\/\/www.youtube.com\/user\/ManettiBattiloro\"]}]}<\/script>\n<!-- \/ Yoast SEO plugin. -->","yoast_head_json":{"title":"Goldleaf-Applikator | Giusto Manetti Battiloro","description":"Das professionelle Werkzeug erleichtert und beschleunigt die Anwendung von Edelmetallbl\u00e4ttern auf flachen und gew\u00f6lbten Oberfl\u00e4chen und ist damit ideal f\u00fcr die Vergoldung von Glas.","robots":{"index":"index","follow":"follow","max-snippet":"max-snippet:-1","max-image-preview":"max-image-preview:large","max-video-preview":"max-video-preview:-1"},"canonical":"https:\/\/www.manetti.com\/de\/produkt\/goldleaf-applikator-quote\/","og_locale":"de_DE","og_type":"article","og_title":"Goldleaf-Applikator | Giusto Manetti Battiloro","og_description":"Das professionelle Werkzeug erleichtert und beschleunigt die Anwendung von Edelmetallbl\u00e4ttern auf flachen und gew\u00f6lbten Oberfl\u00e4chen und ist damit ideal f\u00fcr die Vergoldung von Glas.","og_url":"https:\/\/www.manetti.com\/de\/produkt\/goldleaf-applikator-quote\/","og_site_name":"Giusto Manetti Battiloro","article_publisher":"https:\/\/www.facebook.com\/giustomanettibattiloro","article_modified_time":"2026-01-30T09:07:21+00:00","og_image":[{"width":900,"height":900,"url":"https:\/\/www.manetti.com\/wp-content\/uploads\/2024\/12\/Applicatore-per-foglia_DEF_glass-leaf_web.png","type":"image\/png"}],"twitter_card":"summary_large_image","schema":{"@context":"https:\/\/schema.org","@graph":[{"@type":"WebPage","@id":"https:\/\/www.manetti.com\/de\/produkt\/goldleaf-applikator-quote\/","url":"https:\/\/www.manetti.com\/de\/produkt\/goldleaf-applikator-quote\/","name":"Goldleaf-Applikator | Giusto Manetti Battiloro","isPartOf":{"@id":"https:\/\/www.manetti.com\/de\/#website"},"primaryImageOfPage":{"@id":"https:\/\/www.manetti.com\/de\/produkt\/goldleaf-applikator-quote\/#primaryimage"},"image":{"@id":"https:\/\/www.manetti.com\/de\/produkt\/goldleaf-applikator-quote\/#primaryimage"},"thumbnailUrl":"https:\/\/www.manetti.com\/wp-content\/uploads\/2024\/12\/Applicatore-per-foglia_DEF_glass-leaf_web.png","datePublished":"2024-12-19T13:52:42+00:00","dateModified":"2026-01-30T09:07:21+00:00","description":"Das professionelle Werkzeug erleichtert und beschleunigt die Anwendung von Edelmetallbl\u00e4ttern auf flachen und gew\u00f6lbten Oberfl\u00e4chen und ist damit ideal f\u00fcr die Vergoldung von Glas.","inLanguage":"de","potentialAction":[{"@type":"ReadAction","target":["https:\/\/www.manetti.com\/de\/produkt\/goldleaf-applikator-quote\/"]}]},{"@type":"ImageObject","inLanguage":"de","@id":"https:\/\/www.manetti.com\/de\/produkt\/goldleaf-applikator-quote\/#primaryimage","url":"https:\/\/www.manetti.com\/wp-content\/uploads\/2024\/12\/Applicatore-per-foglia_DEF_glass-leaf_web.png","contentUrl":"https:\/\/www.manetti.com\/wp-content\/uploads\/2024\/12\/Applicatore-per-foglia_DEF_glass-leaf_web.png","width":900,"height":900},{"@type":"WebSite","@id":"https:\/\/www.manetti.com\/de\/#website","url":"https:\/\/www.manetti.com\/de\/","name":"Giusto Manetti Battiloro","description":"","publisher":{"@id":"https:\/\/www.manetti.com\/de\/#organization"},"potentialAction":[{"@type":"SearchAction","target":{"@type":"EntryPoint","urlTemplate":"https:\/\/www.manetti.com\/de\/?s={search_term_string}"},"query-input":{"@type":"PropertyValueSpecification","valueRequired":true,"valueName":"search_term_string"}}],"inLanguage":"de"},{"@type":"Organization","@id":"https:\/\/www.manetti.com\/de\/#organization","name":"GIUSTO MANETTI BATTILORO S.P.A.","url":"https:\/\/www.manetti.com\/de\/","logo":{"@type":"ImageObject","inLanguage":"de","@id":"https:\/\/www.manetti.com\/de\/#\/schema\/logo\/image\/","url":"https:\/\/www.manetti.com\/wp-content\/uploads\/2025\/02\/giusto-manetti-blu_300-02.png","contentUrl":"https:\/\/www.manetti.com\/wp-content\/uploads\/2025\/02\/giusto-manetti-blu_300-02.png","width":1123,"height":1093,"caption":"GIUSTO MANETTI BATTILORO S.P.A."},"image":{"@id":"https:\/\/www.manetti.com\/de\/#\/schema\/logo\/image\/"},"sameAs":["https:\/\/www.facebook.com\/giustomanettibattiloro","https:\/\/www.instagram.com\/giustomanettibattiloro\/","https:\/\/www.linkedin.com\/company\/giusto-manetti-battiloro-s-p-a-\/","https:\/\/www.youtube.com\/user\/ManettiBattiloro"]}]}},"_links":{"self":[{"href":"https:\/\/www.manetti.com\/de\/wp-json\/wp\/v2\/product\/78947","targetHints":{"allow":["GET"]}}],"collection":[{"href":"https:\/\/www.manetti.com\/de\/wp-json\/wp\/v2\/product"}],"about":[{"href":"https:\/\/www.manetti.com\/de\/wp-json\/wp\/v2\/types\/product"}],"wp:featuredmedia":[{"embeddable":true,"href":"https:\/\/www.manetti.com\/de\/wp-json\/wp\/v2\/media\/86659"}],"wp:attachment":[{"href":"https:\/\/www.manetti.com\/de\/wp-json\/wp\/v2\/media?parent=78947"}],"wp:term":[{"taxonomy":"product_brand","embeddable":true,"href":"https:\/\/www.manetti.com\/de\/wp-json\/wp\/v2\/product_brand?post=78947"},{"taxonomy":"product_cat","embeddable":true,"href":"https:\/\/www.manetti.com\/de\/wp-json\/wp\/v2\/product_cat?post=78947"},{"taxonomy":"product_tag","embeddable":true,"href":"https:\/\/www.manetti.com\/de\/wp-json\/wp\/v2\/product_tag?post=78947"},{"taxonomy":"product_area","embeddable":true,"href":"https:\/\/www.manetti.com\/de\/wp-json\/wp\/v2\/product_area?post=78947"},{"taxonomy":"catalog_category","embeddable":true,"href":"https:\/\/www.manetti.com\/de\/wp-json\/wp\/v2\/catalog_category?post=78947"}],"curies":[{"name":"wp","href":"https:\/\/api.w.org\/{rel}","templated":true}]}}