{"id":79356,"date":"2024-12-19T16:36:19","date_gmt":"2024-12-19T15:36:19","guid":{"rendered":"https:\/\/www.manetti.com\/?post_type=product&#038;p=79356"},"modified":"2026-01-28T15:47:41","modified_gmt":"2026-01-28T14:47:41","slug":"applikator-fuer-rollen-mit-imitationsblaettern","status":"publish","type":"product","link":"https:\/\/www.manetti.com\/de\/produkt\/applikator-fuer-rollen-mit-imitationsblaettern\/","title":{"rendered":"Applikator f\u00fcr Rollen mit Imitationsbl\u00e4ttern"},"content":{"rendered":"<p>Werkzeug, das das Auftragen von Imitationsmetallrollen auf flache und gro\u00dfe Oberfl\u00e4chen erleichtert und beschleunigt.<\/p>\n","protected":false},"excerpt":{"rendered":"<p>Werkzeug, das das Auftragen von Imitationsmetallrollen auf flache und gro\u00dfe Oberfl\u00e4chen erleichtert und beschleunigt. [&#8230;]<\/p>\n<p><a class=\"btn btn-secondary understrap-read-more-link\" href=\"https:\/\/www.manetti.com\/de\/produkt\/applikator-fuer-rollen-mit-imitationsblaettern\/\">Weiterlesen&#8230;<\/a><\/p>\n","protected":false},"featured_media":78898,"template":"","meta":{"_acf_changed":false},"product_brand":[],"product_cat":[397],"product_tag":[361],"product_area":[],"catalog_category":[807,842,966],"class_list":{"0":"post-79356","1":"product","2":"type-product","3":"status-publish","4":"has-post-thumbnail","6":"product_cat-werkzeuge","7":"product_tag-strumenti-de","8":"catalog_category-vergoldung-mit-goldblatt-in-rolle","9":"catalog_category-vergoldung-mit-goldblatt-in-rolle-werkzeuge","10":"catalog_category-vergoldung-mit-goldblatt-in-rolle-roll-applikator","12":"first","13":"instock","14":"shipping-taxable","15":"purchasable","16":"product-type-variable"},"acf":[],"yoast_head":"<!-- This site is optimized with the Yoast SEO plugin v26.5 - https:\/\/yoast.com\/wordpress\/plugins\/seo\/ -->\n<title>Applikator f\u00fcr Rollen mit Imitationsbl\u00e4ttern | Giusto Manetti Battiloro<\/title>\n<meta name=\"description\" content=\"Entdecken Sie unser Applikator f\u00fcr Rollen mit Imitationsbl\u00e4ttern, ein Werkzeug, das das Aufbringen von Edelmetallrollen auf flachen Oberfl\u00e4chen erleichtert und beschleunigt.\" \/>\n<meta name=\"robots\" content=\"noindex, nofollow\" \/>\n<meta property=\"og:locale\" content=\"de_DE\" \/>\n<meta property=\"og:type\" content=\"article\" \/>\n<meta property=\"og:title\" content=\"Applikator f\u00fcr Rollen mit Imitationsbl\u00e4ttern | Giusto Manetti Battiloro\" \/>\n<meta property=\"og:description\" content=\"Entdecken Sie unser Applikator f\u00fcr Rollen mit Imitationsbl\u00e4ttern, ein Werkzeug, das das Aufbringen von Edelmetallrollen auf flachen Oberfl\u00e4chen erleichtert und beschleunigt.\" \/>\n<meta property=\"og:url\" content=\"https:\/\/www.manetti.com\/de\/produkt\/applikator-fuer-rollen-mit-imitationsblaettern\/\" \/>\n<meta property=\"og:site_name\" content=\"Giusto Manetti Battiloro\" \/>\n<meta property=\"article:publisher\" content=\"https:\/\/www.facebook.com\/giustomanettibattiloro\" \/>\n<meta property=\"article:modified_time\" content=\"2026-01-28T14:47:41+00:00\" \/>\n<meta property=\"og:image\" content=\"https:\/\/www.manetti.com\/wp-content\/uploads\/2024\/12\/Applicatore-rotolo-imi_WEB.png\" \/>\n\t<meta property=\"og:image:width\" content=\"900\" \/>\n\t<meta property=\"og:image:height\" content=\"900\" \/>\n\t<meta property=\"og:image:type\" content=\"image\/png\" \/>\n<meta name=\"twitter:card\" content=\"summary_large_image\" \/>\n<script type=\"application\/ld+json\" class=\"yoast-schema-graph\">{\"@context\":\"https:\/\/schema.org\",\"@graph\":[{\"@type\":\"WebPage\",\"@id\":\"https:\/\/www.manetti.com\/de\/produkt\/applikator-fuer-rollen-mit-imitationsblaettern\/\",\"url\":\"https:\/\/www.manetti.com\/de\/produkt\/applikator-fuer-rollen-mit-imitationsblaettern\/\",\"name\":\"Applikator f\u00fcr Rollen mit Imitationsbl\u00e4ttern | Giusto Manetti Battiloro\",\"isPartOf\":{\"@id\":\"https:\/\/www.manetti.com\/de\/#website\"},\"primaryImageOfPage\":{\"@id\":\"https:\/\/www.manetti.com\/de\/produkt\/applikator-fuer-rollen-mit-imitationsblaettern\/#primaryimage\"},\"image\":{\"@id\":\"https:\/\/www.manetti.com\/de\/produkt\/applikator-fuer-rollen-mit-imitationsblaettern\/#primaryimage\"},\"thumbnailUrl\":\"https:\/\/www.manetti.com\/wp-content\/uploads\/2024\/12\/Applicatore-rotolo-imi_WEB.png\",\"datePublished\":\"2024-12-19T15:36:19+00:00\",\"dateModified\":\"2026-01-28T14:47:41+00:00\",\"description\":\"Entdecken Sie unser Applikator f\u00fcr Rollen mit Imitationsbl\u00e4ttern, ein Werkzeug, das das Aufbringen von Edelmetallrollen auf flachen Oberfl\u00e4chen erleichtert und beschleunigt.\",\"inLanguage\":\"de\",\"potentialAction\":[{\"@type\":\"ReadAction\",\"target\":[\"https:\/\/www.manetti.com\/de\/produkt\/applikator-fuer-rollen-mit-imitationsblaettern\/\"]}]},{\"@type\":\"ImageObject\",\"inLanguage\":\"de\",\"@id\":\"https:\/\/www.manetti.com\/de\/produkt\/applikator-fuer-rollen-mit-imitationsblaettern\/#primaryimage\",\"url\":\"https:\/\/www.manetti.com\/wp-content\/uploads\/2024\/12\/Applicatore-rotolo-imi_WEB.png\",\"contentUrl\":\"https:\/\/www.manetti.com\/wp-content\/uploads\/2024\/12\/Applicatore-rotolo-imi_WEB.png\",\"width\":900,\"height\":900},{\"@type\":\"WebSite\",\"@id\":\"https:\/\/www.manetti.com\/de\/#website\",\"url\":\"https:\/\/www.manetti.com\/de\/\",\"name\":\"Giusto Manetti Battiloro\",\"description\":\"\",\"publisher\":{\"@id\":\"https:\/\/www.manetti.com\/de\/#organization\"},\"potentialAction\":[{\"@type\":\"SearchAction\",\"target\":{\"@type\":\"EntryPoint\",\"urlTemplate\":\"https:\/\/www.manetti.com\/de\/?s={search_term_string}\"},\"query-input\":{\"@type\":\"PropertyValueSpecification\",\"valueRequired\":true,\"valueName\":\"search_term_string\"}}],\"inLanguage\":\"de\"},{\"@type\":\"Organization\",\"@id\":\"https:\/\/www.manetti.com\/de\/#organization\",\"name\":\"GIUSTO MANETTI BATTILORO S.P.A.\",\"url\":\"https:\/\/www.manetti.com\/de\/\",\"logo\":{\"@type\":\"ImageObject\",\"inLanguage\":\"de\",\"@id\":\"https:\/\/www.manetti.com\/de\/#\/schema\/logo\/image\/\",\"url\":\"https:\/\/www.manetti.com\/wp-content\/uploads\/2025\/02\/giusto-manetti-blu_300-02.png\",\"contentUrl\":\"https:\/\/www.manetti.com\/wp-content\/uploads\/2025\/02\/giusto-manetti-blu_300-02.png\",\"width\":1123,\"height\":1093,\"caption\":\"GIUSTO MANETTI BATTILORO S.P.A.\"},\"image\":{\"@id\":\"https:\/\/www.manetti.com\/de\/#\/schema\/logo\/image\/\"},\"sameAs\":[\"https:\/\/www.facebook.com\/giustomanettibattiloro\",\"https:\/\/www.instagram.com\/giustomanettibattiloro\/\",\"https:\/\/www.linkedin.com\/company\/giusto-manetti-battiloro-s-p-a-\/\",\"https:\/\/www.youtube.com\/user\/ManettiBattiloro\"]}]}<\/script>\n<!-- \/ Yoast SEO plugin. -->","yoast_head_json":{"title":"Applikator f\u00fcr Rollen mit Imitationsbl\u00e4ttern | Giusto Manetti Battiloro","description":"Entdecken Sie unser Applikator f\u00fcr Rollen mit Imitationsbl\u00e4ttern, ein Werkzeug, das das Aufbringen von Edelmetallrollen auf flachen Oberfl\u00e4chen erleichtert und beschleunigt.","robots":{"index":"noindex","follow":"nofollow"},"og_locale":"de_DE","og_type":"article","og_title":"Applikator f\u00fcr Rollen mit Imitationsbl\u00e4ttern | Giusto Manetti Battiloro","og_description":"Entdecken Sie unser Applikator f\u00fcr Rollen mit Imitationsbl\u00e4ttern, ein Werkzeug, das das Aufbringen von Edelmetallrollen auf flachen Oberfl\u00e4chen erleichtert und beschleunigt.","og_url":"https:\/\/www.manetti.com\/de\/produkt\/applikator-fuer-rollen-mit-imitationsblaettern\/","og_site_name":"Giusto Manetti Battiloro","article_publisher":"https:\/\/www.facebook.com\/giustomanettibattiloro","article_modified_time":"2026-01-28T14:47:41+00:00","og_image":[{"width":900,"height":900,"url":"https:\/\/www.manetti.com\/wp-content\/uploads\/2024\/12\/Applicatore-rotolo-imi_WEB.png","type":"image\/png"}],"twitter_card":"summary_large_image","schema":{"@context":"https:\/\/schema.org","@graph":[{"@type":"WebPage","@id":"https:\/\/www.manetti.com\/de\/produkt\/applikator-fuer-rollen-mit-imitationsblaettern\/","url":"https:\/\/www.manetti.com\/de\/produkt\/applikator-fuer-rollen-mit-imitationsblaettern\/","name":"Applikator f\u00fcr Rollen mit Imitationsbl\u00e4ttern | Giusto Manetti Battiloro","isPartOf":{"@id":"https:\/\/www.manetti.com\/de\/#website"},"primaryImageOfPage":{"@id":"https:\/\/www.manetti.com\/de\/produkt\/applikator-fuer-rollen-mit-imitationsblaettern\/#primaryimage"},"image":{"@id":"https:\/\/www.manetti.com\/de\/produkt\/applikator-fuer-rollen-mit-imitationsblaettern\/#primaryimage"},"thumbnailUrl":"https:\/\/www.manetti.com\/wp-content\/uploads\/2024\/12\/Applicatore-rotolo-imi_WEB.png","datePublished":"2024-12-19T15:36:19+00:00","dateModified":"2026-01-28T14:47:41+00:00","description":"Entdecken Sie unser Applikator f\u00fcr Rollen mit Imitationsbl\u00e4ttern, ein Werkzeug, das das Aufbringen von Edelmetallrollen auf flachen Oberfl\u00e4chen erleichtert und beschleunigt.","inLanguage":"de","potentialAction":[{"@type":"ReadAction","target":["https:\/\/www.manetti.com\/de\/produkt\/applikator-fuer-rollen-mit-imitationsblaettern\/"]}]},{"@type":"ImageObject","inLanguage":"de","@id":"https:\/\/www.manetti.com\/de\/produkt\/applikator-fuer-rollen-mit-imitationsblaettern\/#primaryimage","url":"https:\/\/www.manetti.com\/wp-content\/uploads\/2024\/12\/Applicatore-rotolo-imi_WEB.png","contentUrl":"https:\/\/www.manetti.com\/wp-content\/uploads\/2024\/12\/Applicatore-rotolo-imi_WEB.png","width":900,"height":900},{"@type":"WebSite","@id":"https:\/\/www.manetti.com\/de\/#website","url":"https:\/\/www.manetti.com\/de\/","name":"Giusto Manetti Battiloro","description":"","publisher":{"@id":"https:\/\/www.manetti.com\/de\/#organization"},"potentialAction":[{"@type":"SearchAction","target":{"@type":"EntryPoint","urlTemplate":"https:\/\/www.manetti.com\/de\/?s={search_term_string}"},"query-input":{"@type":"PropertyValueSpecification","valueRequired":true,"valueName":"search_term_string"}}],"inLanguage":"de"},{"@type":"Organization","@id":"https:\/\/www.manetti.com\/de\/#organization","name":"GIUSTO MANETTI BATTILORO S.P.A.","url":"https:\/\/www.manetti.com\/de\/","logo":{"@type":"ImageObject","inLanguage":"de","@id":"https:\/\/www.manetti.com\/de\/#\/schema\/logo\/image\/","url":"https:\/\/www.manetti.com\/wp-content\/uploads\/2025\/02\/giusto-manetti-blu_300-02.png","contentUrl":"https:\/\/www.manetti.com\/wp-content\/uploads\/2025\/02\/giusto-manetti-blu_300-02.png","width":1123,"height":1093,"caption":"GIUSTO MANETTI BATTILORO S.P.A."},"image":{"@id":"https:\/\/www.manetti.com\/de\/#\/schema\/logo\/image\/"},"sameAs":["https:\/\/www.facebook.com\/giustomanettibattiloro","https:\/\/www.instagram.com\/giustomanettibattiloro\/","https:\/\/www.linkedin.com\/company\/giusto-manetti-battiloro-s-p-a-\/","https:\/\/www.youtube.com\/user\/ManettiBattiloro"]}]}},"_links":{"self":[{"href":"https:\/\/www.manetti.com\/de\/wp-json\/wp\/v2\/product\/79356","targetHints":{"allow":["GET"]}}],"collection":[{"href":"https:\/\/www.manetti.com\/de\/wp-json\/wp\/v2\/product"}],"about":[{"href":"https:\/\/www.manetti.com\/de\/wp-json\/wp\/v2\/types\/product"}],"wp:featuredmedia":[{"embeddable":true,"href":"https:\/\/www.manetti.com\/de\/wp-json\/wp\/v2\/media\/78898"}],"wp:attachment":[{"href":"https:\/\/www.manetti.com\/de\/wp-json\/wp\/v2\/media?parent=79356"}],"wp:term":[{"taxonomy":"product_brand","embeddable":true,"href":"https:\/\/www.manetti.com\/de\/wp-json\/wp\/v2\/product_brand?post=79356"},{"taxonomy":"product_cat","embeddable":true,"href":"https:\/\/www.manetti.com\/de\/wp-json\/wp\/v2\/product_cat?post=79356"},{"taxonomy":"product_tag","embeddable":true,"href":"https:\/\/www.manetti.com\/de\/wp-json\/wp\/v2\/product_tag?post=79356"},{"taxonomy":"product_area","embeddable":true,"href":"https:\/\/www.manetti.com\/de\/wp-json\/wp\/v2\/product_area?post=79356"},{"taxonomy":"catalog_category","embeddable":true,"href":"https:\/\/www.manetti.com\/de\/wp-json\/wp\/v2\/catalog_category?post=79356"}],"curies":[{"name":"wp","href":"https:\/\/api.w.org\/{rel}","templated":true}]}}