{"id":79406,"date":"2024-01-18T13:55:09","date_gmt":"2024-01-18T12:55:09","guid":{"rendered":"https:\/\/www.manetti.com\/?post_type=product&#038;p=79406"},"modified":"2026-02-11T10:53:42","modified_gmt":"2026-02-11T09:53:42","slug":"schlagmetall-14-x-14-cm-in-heftchen-25-blatter-var-02","status":"publish","type":"product","link":"https:\/\/www.manetti.com\/de\/shop\/schlagmetall-14-x-14-cm-in-heftchen-25-blatter-var-02\/","title":{"rendered":"Schlagmetall 14 x 14 cm in Heftchen &#8211; 25 Bl\u00e4tter &#8211; Var 02"},"content":{"rendered":"<p>Das marmorierte Blatt mit den Ma\u00dfen 14 x 14 cm ist in Heften zu 25 Blatt verpackt und in loser Form erh\u00e4ltlich. Das lose Imitationsblatt kann sowohl f\u00fcr die Vergoldung von flachen als auch von geschnitzten Oberfl\u00e4chen verwendet werden.<\/p>\n","protected":false},"excerpt":{"rendered":"<p>Das marmorierte Blatt mit den Ma\u00dfen 14 x 14 cm ist in Heften zu 25 Blatt verpackt und in loser Form erh\u00e4ltlich. Das lose Imitationsblatt kann sowohl f\u00fcr die Vergoldung von flachen als auch von geschnitzten Oberfl\u00e4chen verwendet werden. [&#8230;]<\/p>\n<p><a class=\"btn btn-secondary understrap-read-more-link\" href=\"https:\/\/www.manetti.com\/de\/shop\/schlagmetall-14-x-14-cm-in-heftchen-25-blatter-var-02\/\">Weiterlesen&#8230;<\/a><\/p>\n","protected":false},"featured_media":81360,"template":"","meta":{"_acf_changed":false},"product_brand":[],"product_cat":[353],"product_tag":[],"product_area":[560,664],"catalog_category":[],"class_list":{"0":"post-79406","1":"product","2":"type-product","3":"status-publish","4":"has-post-thumbnail","6":"product_cat-schlagmetall","7":"product_area-vergoldung-und-restaurierung","8":"product_area-vergoldung-und-restaurierung-schlagmetall","10":"first","11":"instock","12":"shipping-taxable","13":"purchasable","14":"product-type-variable"},"acf":[],"yoast_head":"<!-- This site is optimized with the Yoast SEO plugin v26.5 - https:\/\/yoast.com\/wordpress\/plugins\/seo\/ -->\n<title>Schlagmetall 14 x 14 cm in Heftchen - 25 Bl\u00e4tter - Var 02<\/title>\n<meta name=\"description\" content=\"14 x 14 Zentimeter gro\u00dfe Imitationsbl\u00e4tter sind in Heften mit f\u00fcnfundzwanzig Bl\u00e4ttern erh\u00e4ltlich und liegen in loser Form vor.\" \/>\n<meta name=\"robots\" content=\"index, follow, max-snippet:-1, max-image-preview:large, max-video-preview:-1\" \/>\n<link rel=\"canonical\" href=\"https:\/\/www.manetti.com\/de\/shop\/schlagmetall-14-x-14-cm-in-heftchen-25-blatter-var-02\/\" \/>\n<meta property=\"og:locale\" content=\"de_DE\" \/>\n<meta property=\"og:type\" content=\"article\" \/>\n<meta property=\"og:title\" content=\"Schlagmetall 14 x 14 cm in Heftchen - 25 Bl\u00e4tter - Var 02\" \/>\n<meta property=\"og:description\" content=\"14 x 14 Zentimeter gro\u00dfe Imitationsbl\u00e4tter sind in Heften mit f\u00fcnfundzwanzig Bl\u00e4ttern erh\u00e4ltlich und liegen in loser Form vor.\" \/>\n<meta property=\"og:url\" content=\"https:\/\/www.manetti.com\/de\/shop\/schlagmetall-14-x-14-cm-in-heftchen-25-blatter-var-02\/\" \/>\n<meta property=\"og:site_name\" content=\"Giusto Manetti Battiloro\" \/>\n<meta property=\"article:publisher\" content=\"https:\/\/www.facebook.com\/giustomanettibattiloro\" \/>\n<meta property=\"article:modified_time\" content=\"2026-02-11T09:53:42+00:00\" \/>\n<meta property=\"og:image\" content=\"https:\/\/www.manetti.com\/wp-content\/uploads\/2024\/12\/variegato-2LIBRETTO-2025_web.png\" \/>\n\t<meta property=\"og:image:width\" content=\"900\" \/>\n\t<meta property=\"og:image:height\" content=\"900\" \/>\n\t<meta property=\"og:image:type\" content=\"image\/png\" \/>\n<meta name=\"twitter:card\" content=\"summary_large_image\" \/>\n<meta name=\"twitter:label1\" content=\"Gesch\u00e4tzte Lesezeit\" \/>\n\t<meta name=\"twitter:data1\" content=\"1\u00a0Minute\" \/>\n<script type=\"application\/ld+json\" class=\"yoast-schema-graph\">{\"@context\":\"https:\/\/schema.org\",\"@graph\":[{\"@type\":\"WebPage\",\"@id\":\"https:\/\/www.manetti.com\/de\/shop\/schlagmetall-14-x-14-cm-in-heftchen-25-blatter-var-02\/\",\"url\":\"https:\/\/www.manetti.com\/de\/shop\/schlagmetall-14-x-14-cm-in-heftchen-25-blatter-var-02\/\",\"name\":\"Schlagmetall 14 x 14 cm in Heftchen - 25 Bl\u00e4tter - Var 02\",\"isPartOf\":{\"@id\":\"https:\/\/www.manetti.com\/de\/#website\"},\"primaryImageOfPage\":{\"@id\":\"https:\/\/www.manetti.com\/de\/shop\/schlagmetall-14-x-14-cm-in-heftchen-25-blatter-var-02\/#primaryimage\"},\"image\":{\"@id\":\"https:\/\/www.manetti.com\/de\/shop\/schlagmetall-14-x-14-cm-in-heftchen-25-blatter-var-02\/#primaryimage\"},\"thumbnailUrl\":\"https:\/\/www.manetti.com\/wp-content\/uploads\/2024\/12\/variegato-2LIBRETTO-2025_web.png\",\"datePublished\":\"2024-01-18T12:55:09+00:00\",\"dateModified\":\"2026-02-11T09:53:42+00:00\",\"description\":\"14 x 14 Zentimeter gro\u00dfe Imitationsbl\u00e4tter sind in Heften mit f\u00fcnfundzwanzig Bl\u00e4ttern erh\u00e4ltlich und liegen in loser Form vor.\",\"inLanguage\":\"de\",\"potentialAction\":[{\"@type\":\"ReadAction\",\"target\":[\"https:\/\/www.manetti.com\/de\/shop\/schlagmetall-14-x-14-cm-in-heftchen-25-blatter-var-02\/\"]}]},{\"@type\":\"ImageObject\",\"inLanguage\":\"de\",\"@id\":\"https:\/\/www.manetti.com\/de\/shop\/schlagmetall-14-x-14-cm-in-heftchen-25-blatter-var-02\/#primaryimage\",\"url\":\"https:\/\/www.manetti.com\/wp-content\/uploads\/2024\/12\/variegato-2LIBRETTO-2025_web.png\",\"contentUrl\":\"https:\/\/www.manetti.com\/wp-content\/uploads\/2024\/12\/variegato-2LIBRETTO-2025_web.png\",\"width\":900,\"height\":900},{\"@type\":\"WebSite\",\"@id\":\"https:\/\/www.manetti.com\/de\/#website\",\"url\":\"https:\/\/www.manetti.com\/de\/\",\"name\":\"Giusto Manetti Battiloro\",\"description\":\"\",\"publisher\":{\"@id\":\"https:\/\/www.manetti.com\/de\/#organization\"},\"potentialAction\":[{\"@type\":\"SearchAction\",\"target\":{\"@type\":\"EntryPoint\",\"urlTemplate\":\"https:\/\/www.manetti.com\/de\/?s={search_term_string}\"},\"query-input\":{\"@type\":\"PropertyValueSpecification\",\"valueRequired\":true,\"valueName\":\"search_term_string\"}}],\"inLanguage\":\"de\"},{\"@type\":\"Organization\",\"@id\":\"https:\/\/www.manetti.com\/de\/#organization\",\"name\":\"GIUSTO MANETTI BATTILORO S.P.A.\",\"url\":\"https:\/\/www.manetti.com\/de\/\",\"logo\":{\"@type\":\"ImageObject\",\"inLanguage\":\"de\",\"@id\":\"https:\/\/www.manetti.com\/de\/#\/schema\/logo\/image\/\",\"url\":\"https:\/\/www.manetti.com\/wp-content\/uploads\/2025\/02\/giusto-manetti-blu_300-02.png\",\"contentUrl\":\"https:\/\/www.manetti.com\/wp-content\/uploads\/2025\/02\/giusto-manetti-blu_300-02.png\",\"width\":1123,\"height\":1093,\"caption\":\"GIUSTO MANETTI BATTILORO S.P.A.\"},\"image\":{\"@id\":\"https:\/\/www.manetti.com\/de\/#\/schema\/logo\/image\/\"},\"sameAs\":[\"https:\/\/www.facebook.com\/giustomanettibattiloro\",\"https:\/\/www.instagram.com\/giustomanettibattiloro\/\",\"https:\/\/www.linkedin.com\/company\/giusto-manetti-battiloro-s-p-a-\/\",\"https:\/\/www.youtube.com\/user\/ManettiBattiloro\"]}]}<\/script>\n<!-- \/ Yoast SEO plugin. -->","yoast_head_json":{"title":"Schlagmetall 14 x 14 cm in Heftchen - 25 Bl\u00e4tter - Var 02","description":"14 x 14 Zentimeter gro\u00dfe Imitationsbl\u00e4tter sind in Heften mit f\u00fcnfundzwanzig Bl\u00e4ttern erh\u00e4ltlich und liegen in loser Form vor.","robots":{"index":"index","follow":"follow","max-snippet":"max-snippet:-1","max-image-preview":"max-image-preview:large","max-video-preview":"max-video-preview:-1"},"canonical":"https:\/\/www.manetti.com\/de\/shop\/schlagmetall-14-x-14-cm-in-heftchen-25-blatter-var-02\/","og_locale":"de_DE","og_type":"article","og_title":"Schlagmetall 14 x 14 cm in Heftchen - 25 Bl\u00e4tter - Var 02","og_description":"14 x 14 Zentimeter gro\u00dfe Imitationsbl\u00e4tter sind in Heften mit f\u00fcnfundzwanzig Bl\u00e4ttern erh\u00e4ltlich und liegen in loser Form vor.","og_url":"https:\/\/www.manetti.com\/de\/shop\/schlagmetall-14-x-14-cm-in-heftchen-25-blatter-var-02\/","og_site_name":"Giusto Manetti Battiloro","article_publisher":"https:\/\/www.facebook.com\/giustomanettibattiloro","article_modified_time":"2026-02-11T09:53:42+00:00","og_image":[{"width":900,"height":900,"url":"https:\/\/www.manetti.com\/wp-content\/uploads\/2024\/12\/variegato-2LIBRETTO-2025_web.png","type":"image\/png"}],"twitter_card":"summary_large_image","twitter_misc":{"Gesch\u00e4tzte Lesezeit":"1\u00a0Minute"},"schema":{"@context":"https:\/\/schema.org","@graph":[{"@type":"WebPage","@id":"https:\/\/www.manetti.com\/de\/shop\/schlagmetall-14-x-14-cm-in-heftchen-25-blatter-var-02\/","url":"https:\/\/www.manetti.com\/de\/shop\/schlagmetall-14-x-14-cm-in-heftchen-25-blatter-var-02\/","name":"Schlagmetall 14 x 14 cm in Heftchen - 25 Bl\u00e4tter - Var 02","isPartOf":{"@id":"https:\/\/www.manetti.com\/de\/#website"},"primaryImageOfPage":{"@id":"https:\/\/www.manetti.com\/de\/shop\/schlagmetall-14-x-14-cm-in-heftchen-25-blatter-var-02\/#primaryimage"},"image":{"@id":"https:\/\/www.manetti.com\/de\/shop\/schlagmetall-14-x-14-cm-in-heftchen-25-blatter-var-02\/#primaryimage"},"thumbnailUrl":"https:\/\/www.manetti.com\/wp-content\/uploads\/2024\/12\/variegato-2LIBRETTO-2025_web.png","datePublished":"2024-01-18T12:55:09+00:00","dateModified":"2026-02-11T09:53:42+00:00","description":"14 x 14 Zentimeter gro\u00dfe Imitationsbl\u00e4tter sind in Heften mit f\u00fcnfundzwanzig Bl\u00e4ttern erh\u00e4ltlich und liegen in loser Form vor.","inLanguage":"de","potentialAction":[{"@type":"ReadAction","target":["https:\/\/www.manetti.com\/de\/shop\/schlagmetall-14-x-14-cm-in-heftchen-25-blatter-var-02\/"]}]},{"@type":"ImageObject","inLanguage":"de","@id":"https:\/\/www.manetti.com\/de\/shop\/schlagmetall-14-x-14-cm-in-heftchen-25-blatter-var-02\/#primaryimage","url":"https:\/\/www.manetti.com\/wp-content\/uploads\/2024\/12\/variegato-2LIBRETTO-2025_web.png","contentUrl":"https:\/\/www.manetti.com\/wp-content\/uploads\/2024\/12\/variegato-2LIBRETTO-2025_web.png","width":900,"height":900},{"@type":"WebSite","@id":"https:\/\/www.manetti.com\/de\/#website","url":"https:\/\/www.manetti.com\/de\/","name":"Giusto Manetti Battiloro","description":"","publisher":{"@id":"https:\/\/www.manetti.com\/de\/#organization"},"potentialAction":[{"@type":"SearchAction","target":{"@type":"EntryPoint","urlTemplate":"https:\/\/www.manetti.com\/de\/?s={search_term_string}"},"query-input":{"@type":"PropertyValueSpecification","valueRequired":true,"valueName":"search_term_string"}}],"inLanguage":"de"},{"@type":"Organization","@id":"https:\/\/www.manetti.com\/de\/#organization","name":"GIUSTO MANETTI BATTILORO S.P.A.","url":"https:\/\/www.manetti.com\/de\/","logo":{"@type":"ImageObject","inLanguage":"de","@id":"https:\/\/www.manetti.com\/de\/#\/schema\/logo\/image\/","url":"https:\/\/www.manetti.com\/wp-content\/uploads\/2025\/02\/giusto-manetti-blu_300-02.png","contentUrl":"https:\/\/www.manetti.com\/wp-content\/uploads\/2025\/02\/giusto-manetti-blu_300-02.png","width":1123,"height":1093,"caption":"GIUSTO MANETTI BATTILORO S.P.A."},"image":{"@id":"https:\/\/www.manetti.com\/de\/#\/schema\/logo\/image\/"},"sameAs":["https:\/\/www.facebook.com\/giustomanettibattiloro","https:\/\/www.instagram.com\/giustomanettibattiloro\/","https:\/\/www.linkedin.com\/company\/giusto-manetti-battiloro-s-p-a-\/","https:\/\/www.youtube.com\/user\/ManettiBattiloro"]}]}},"_links":{"self":[{"href":"https:\/\/www.manetti.com\/de\/wp-json\/wp\/v2\/product\/79406","targetHints":{"allow":["GET"]}}],"collection":[{"href":"https:\/\/www.manetti.com\/de\/wp-json\/wp\/v2\/product"}],"about":[{"href":"https:\/\/www.manetti.com\/de\/wp-json\/wp\/v2\/types\/product"}],"wp:featuredmedia":[{"embeddable":true,"href":"https:\/\/www.manetti.com\/de\/wp-json\/wp\/v2\/media\/81360"}],"wp:attachment":[{"href":"https:\/\/www.manetti.com\/de\/wp-json\/wp\/v2\/media?parent=79406"}],"wp:term":[{"taxonomy":"product_brand","embeddable":true,"href":"https:\/\/www.manetti.com\/de\/wp-json\/wp\/v2\/product_brand?post=79406"},{"taxonomy":"product_cat","embeddable":true,"href":"https:\/\/www.manetti.com\/de\/wp-json\/wp\/v2\/product_cat?post=79406"},{"taxonomy":"product_tag","embeddable":true,"href":"https:\/\/www.manetti.com\/de\/wp-json\/wp\/v2\/product_tag?post=79406"},{"taxonomy":"product_area","embeddable":true,"href":"https:\/\/www.manetti.com\/de\/wp-json\/wp\/v2\/product_area?post=79406"},{"taxonomy":"catalog_category","embeddable":true,"href":"https:\/\/www.manetti.com\/de\/wp-json\/wp\/v2\/catalog_category?post=79406"}],"curies":[{"name":"wp","href":"https:\/\/api.w.org\/{rel}","templated":true}]}}