{"id":79439,"date":"2020-01-22T12:10:51","date_gmt":"2020-01-22T11:10:51","guid":{"rendered":"https:\/\/www.manetti.com\/?post_type=product&#038;p=79439"},"modified":"2025-05-12T11:43:02","modified_gmt":"2025-05-12T09:43:02","slug":"fertiges-gesso-to-buy","status":"publish","type":"product","link":"https:\/\/www.manetti.com\/de\/shop\/fertiges-gesso\/","title":{"rendered":"Fertiges Gesso"},"content":{"rendered":"<p>Dieses Produkt zur Grundierung, die Basis der Wassergoldverarbeitung, ist gebrauchsfertig und ideal f\u00fcr Anf\u00e4nger und Hobbyisten. Es erfordert keine Vorbereitung und wird direkt auf die Oberfl\u00e4che aufgetragen, bevor die Bole aufgetragen wird.<\/p>\n","protected":false},"excerpt":{"rendered":"<p>Dieses Produkt zur Grundierung, die Basis der Wassergoldverarbeitung, ist gebrauchsfertig und ideal f\u00fcr Anf\u00e4nger und Hobbyisten. Es erfordert keine Vorbereitung und wird direkt auf die Oberfl\u00e4che aufgetragen, bevor die Bole aufgetragen wird. [&#8230;]<\/p>\n<p><a class=\"btn btn-secondary understrap-read-more-link\" href=\"https:\/\/www.manetti.com\/de\/shop\/fertiges-gesso\/\">Weiterlesen&#8230;<\/a><\/p>\n","protected":false},"featured_media":81806,"template":"","meta":{"_acf_changed":false},"product_brand":[],"product_cat":[393],"product_tag":[357],"product_area":[560,597],"catalog_category":[],"class_list":{"0":"post-79439","1":"product","2":"type-product","3":"status-publish","4":"has-post-thumbnail","6":"product_cat-wasservergoldung","7":"product_tag-andere-produkte","8":"product_area-vergoldung-und-restaurierung","9":"product_area-vergoldung-und-restaurierung-bolus-und-gips","11":"first","12":"instock","13":"shipping-taxable","14":"purchasable","15":"product-type-variable"},"acf":[],"yoast_head":"<!-- This site is optimized with the Yoast SEO plugin v26.5 - https:\/\/yoast.com\/wordpress\/plugins\/seo\/ -->\n<title>Fertiges Gesso | Giusto Manetti Battiloro<\/title>\n<meta name=\"description\" content=\"Pulverisierter Gips f\u00fcr die Vorbereitung von Hintergr\u00fcnden f\u00fcr die Vergoldung (Imprimitur).\" \/>\n<meta name=\"robots\" content=\"index, follow, max-snippet:-1, max-image-preview:large, max-video-preview:-1\" \/>\n<link rel=\"canonical\" href=\"https:\/\/www.manetti.com\/de\/shop\/fertiges-gesso\/\" \/>\n<meta property=\"og:locale\" content=\"de_DE\" \/>\n<meta property=\"og:type\" content=\"article\" \/>\n<meta property=\"og:title\" content=\"Fertiges Gesso | Giusto Manetti Battiloro\" \/>\n<meta property=\"og:description\" content=\"Pulverisierter Gips f\u00fcr die Vorbereitung von Hintergr\u00fcnden f\u00fcr die Vergoldung (Imprimitur).\" \/>\n<meta property=\"og:url\" content=\"https:\/\/www.manetti.com\/de\/shop\/fertiges-gesso\/\" \/>\n<meta property=\"og:site_name\" content=\"Giusto Manetti Battiloro\" \/>\n<meta property=\"article:publisher\" content=\"https:\/\/www.facebook.com\/giustomanettibattiloro\" \/>\n<meta property=\"article:modified_time\" content=\"2025-05-12T09:43:02+00:00\" \/>\n<meta property=\"og:image\" content=\"https:\/\/www.manetti.com\/wp-content\/uploads\/2024\/12\/Gesso-Ammanitura_web-new.png\" \/>\n\t<meta property=\"og:image:width\" content=\"900\" \/>\n\t<meta property=\"og:image:height\" content=\"900\" \/>\n\t<meta property=\"og:image:type\" content=\"image\/png\" \/>\n<meta name=\"twitter:card\" content=\"summary_large_image\" \/>\n<meta name=\"twitter:label1\" content=\"Gesch\u00e4tzte Lesezeit\" \/>\n\t<meta name=\"twitter:data1\" content=\"1\u00a0Minute\" \/>\n<script type=\"application\/ld+json\" class=\"yoast-schema-graph\">{\"@context\":\"https:\/\/schema.org\",\"@graph\":[{\"@type\":\"WebPage\",\"@id\":\"https:\/\/www.manetti.com\/de\/shop\/fertiges-gesso\/\",\"url\":\"https:\/\/www.manetti.com\/de\/shop\/fertiges-gesso\/\",\"name\":\"Fertiges Gesso | Giusto Manetti Battiloro\",\"isPartOf\":{\"@id\":\"https:\/\/www.manetti.com\/de\/#website\"},\"primaryImageOfPage\":{\"@id\":\"https:\/\/www.manetti.com\/de\/shop\/fertiges-gesso\/#primaryimage\"},\"image\":{\"@id\":\"https:\/\/www.manetti.com\/de\/shop\/fertiges-gesso\/#primaryimage\"},\"thumbnailUrl\":\"https:\/\/www.manetti.com\/wp-content\/uploads\/2024\/12\/Gesso-Ammanitura_web-new.png\",\"datePublished\":\"2020-01-22T11:10:51+00:00\",\"dateModified\":\"2025-05-12T09:43:02+00:00\",\"description\":\"Pulverisierter Gips f\u00fcr die Vorbereitung von Hintergr\u00fcnden f\u00fcr die Vergoldung (Imprimitur).\",\"inLanguage\":\"de\",\"potentialAction\":[{\"@type\":\"ReadAction\",\"target\":[\"https:\/\/www.manetti.com\/de\/shop\/fertiges-gesso\/\"]}]},{\"@type\":\"ImageObject\",\"inLanguage\":\"de\",\"@id\":\"https:\/\/www.manetti.com\/de\/shop\/fertiges-gesso\/#primaryimage\",\"url\":\"https:\/\/www.manetti.com\/wp-content\/uploads\/2024\/12\/Gesso-Ammanitura_web-new.png\",\"contentUrl\":\"https:\/\/www.manetti.com\/wp-content\/uploads\/2024\/12\/Gesso-Ammanitura_web-new.png\",\"width\":900,\"height\":900},{\"@type\":\"WebSite\",\"@id\":\"https:\/\/www.manetti.com\/de\/#website\",\"url\":\"https:\/\/www.manetti.com\/de\/\",\"name\":\"Giusto Manetti Battiloro\",\"description\":\"\",\"publisher\":{\"@id\":\"https:\/\/www.manetti.com\/de\/#organization\"},\"potentialAction\":[{\"@type\":\"SearchAction\",\"target\":{\"@type\":\"EntryPoint\",\"urlTemplate\":\"https:\/\/www.manetti.com\/de\/?s={search_term_string}\"},\"query-input\":{\"@type\":\"PropertyValueSpecification\",\"valueRequired\":true,\"valueName\":\"search_term_string\"}}],\"inLanguage\":\"de\"},{\"@type\":\"Organization\",\"@id\":\"https:\/\/www.manetti.com\/de\/#organization\",\"name\":\"GIUSTO MANETTI BATTILORO S.P.A.\",\"url\":\"https:\/\/www.manetti.com\/de\/\",\"logo\":{\"@type\":\"ImageObject\",\"inLanguage\":\"de\",\"@id\":\"https:\/\/www.manetti.com\/de\/#\/schema\/logo\/image\/\",\"url\":\"https:\/\/www.manetti.com\/wp-content\/uploads\/2025\/02\/giusto-manetti-blu_300-02.png\",\"contentUrl\":\"https:\/\/www.manetti.com\/wp-content\/uploads\/2025\/02\/giusto-manetti-blu_300-02.png\",\"width\":1123,\"height\":1093,\"caption\":\"GIUSTO MANETTI BATTILORO S.P.A.\"},\"image\":{\"@id\":\"https:\/\/www.manetti.com\/de\/#\/schema\/logo\/image\/\"},\"sameAs\":[\"https:\/\/www.facebook.com\/giustomanettibattiloro\",\"https:\/\/www.instagram.com\/giustomanettibattiloro\/\",\"https:\/\/www.linkedin.com\/company\/giusto-manetti-battiloro-s-p-a-\/\",\"https:\/\/www.youtube.com\/user\/ManettiBattiloro\"]}]}<\/script>\n<!-- \/ Yoast SEO plugin. -->","yoast_head_json":{"title":"Fertiges Gesso | Giusto Manetti Battiloro","description":"Pulverisierter Gips f\u00fcr die Vorbereitung von Hintergr\u00fcnden f\u00fcr die Vergoldung (Imprimitur).","robots":{"index":"index","follow":"follow","max-snippet":"max-snippet:-1","max-image-preview":"max-image-preview:large","max-video-preview":"max-video-preview:-1"},"canonical":"https:\/\/www.manetti.com\/de\/shop\/fertiges-gesso\/","og_locale":"de_DE","og_type":"article","og_title":"Fertiges Gesso | Giusto Manetti Battiloro","og_description":"Pulverisierter Gips f\u00fcr die Vorbereitung von Hintergr\u00fcnden f\u00fcr die Vergoldung (Imprimitur).","og_url":"https:\/\/www.manetti.com\/de\/shop\/fertiges-gesso\/","og_site_name":"Giusto Manetti Battiloro","article_publisher":"https:\/\/www.facebook.com\/giustomanettibattiloro","article_modified_time":"2025-05-12T09:43:02+00:00","og_image":[{"width":900,"height":900,"url":"https:\/\/www.manetti.com\/wp-content\/uploads\/2024\/12\/Gesso-Ammanitura_web-new.png","type":"image\/png"}],"twitter_card":"summary_large_image","twitter_misc":{"Gesch\u00e4tzte Lesezeit":"1\u00a0Minute"},"schema":{"@context":"https:\/\/schema.org","@graph":[{"@type":"WebPage","@id":"https:\/\/www.manetti.com\/de\/shop\/fertiges-gesso\/","url":"https:\/\/www.manetti.com\/de\/shop\/fertiges-gesso\/","name":"Fertiges Gesso | Giusto Manetti Battiloro","isPartOf":{"@id":"https:\/\/www.manetti.com\/de\/#website"},"primaryImageOfPage":{"@id":"https:\/\/www.manetti.com\/de\/shop\/fertiges-gesso\/#primaryimage"},"image":{"@id":"https:\/\/www.manetti.com\/de\/shop\/fertiges-gesso\/#primaryimage"},"thumbnailUrl":"https:\/\/www.manetti.com\/wp-content\/uploads\/2024\/12\/Gesso-Ammanitura_web-new.png","datePublished":"2020-01-22T11:10:51+00:00","dateModified":"2025-05-12T09:43:02+00:00","description":"Pulverisierter Gips f\u00fcr die Vorbereitung von Hintergr\u00fcnden f\u00fcr die Vergoldung (Imprimitur).","inLanguage":"de","potentialAction":[{"@type":"ReadAction","target":["https:\/\/www.manetti.com\/de\/shop\/fertiges-gesso\/"]}]},{"@type":"ImageObject","inLanguage":"de","@id":"https:\/\/www.manetti.com\/de\/shop\/fertiges-gesso\/#primaryimage","url":"https:\/\/www.manetti.com\/wp-content\/uploads\/2024\/12\/Gesso-Ammanitura_web-new.png","contentUrl":"https:\/\/www.manetti.com\/wp-content\/uploads\/2024\/12\/Gesso-Ammanitura_web-new.png","width":900,"height":900},{"@type":"WebSite","@id":"https:\/\/www.manetti.com\/de\/#website","url":"https:\/\/www.manetti.com\/de\/","name":"Giusto Manetti Battiloro","description":"","publisher":{"@id":"https:\/\/www.manetti.com\/de\/#organization"},"potentialAction":[{"@type":"SearchAction","target":{"@type":"EntryPoint","urlTemplate":"https:\/\/www.manetti.com\/de\/?s={search_term_string}"},"query-input":{"@type":"PropertyValueSpecification","valueRequired":true,"valueName":"search_term_string"}}],"inLanguage":"de"},{"@type":"Organization","@id":"https:\/\/www.manetti.com\/de\/#organization","name":"GIUSTO MANETTI BATTILORO S.P.A.","url":"https:\/\/www.manetti.com\/de\/","logo":{"@type":"ImageObject","inLanguage":"de","@id":"https:\/\/www.manetti.com\/de\/#\/schema\/logo\/image\/","url":"https:\/\/www.manetti.com\/wp-content\/uploads\/2025\/02\/giusto-manetti-blu_300-02.png","contentUrl":"https:\/\/www.manetti.com\/wp-content\/uploads\/2025\/02\/giusto-manetti-blu_300-02.png","width":1123,"height":1093,"caption":"GIUSTO MANETTI BATTILORO S.P.A."},"image":{"@id":"https:\/\/www.manetti.com\/de\/#\/schema\/logo\/image\/"},"sameAs":["https:\/\/www.facebook.com\/giustomanettibattiloro","https:\/\/www.instagram.com\/giustomanettibattiloro\/","https:\/\/www.linkedin.com\/company\/giusto-manetti-battiloro-s-p-a-\/","https:\/\/www.youtube.com\/user\/ManettiBattiloro"]}]}},"_links":{"self":[{"href":"https:\/\/www.manetti.com\/de\/wp-json\/wp\/v2\/product\/79439","targetHints":{"allow":["GET"]}}],"collection":[{"href":"https:\/\/www.manetti.com\/de\/wp-json\/wp\/v2\/product"}],"about":[{"href":"https:\/\/www.manetti.com\/de\/wp-json\/wp\/v2\/types\/product"}],"wp:featuredmedia":[{"embeddable":true,"href":"https:\/\/www.manetti.com\/de\/wp-json\/wp\/v2\/media\/81806"}],"wp:attachment":[{"href":"https:\/\/www.manetti.com\/de\/wp-json\/wp\/v2\/media?parent=79439"}],"wp:term":[{"taxonomy":"product_brand","embeddable":true,"href":"https:\/\/www.manetti.com\/de\/wp-json\/wp\/v2\/product_brand?post=79439"},{"taxonomy":"product_cat","embeddable":true,"href":"https:\/\/www.manetti.com\/de\/wp-json\/wp\/v2\/product_cat?post=79439"},{"taxonomy":"product_tag","embeddable":true,"href":"https:\/\/www.manetti.com\/de\/wp-json\/wp\/v2\/product_tag?post=79439"},{"taxonomy":"product_area","embeddable":true,"href":"https:\/\/www.manetti.com\/de\/wp-json\/wp\/v2\/product_area?post=79439"},{"taxonomy":"catalog_category","embeddable":true,"href":"https:\/\/www.manetti.com\/de\/wp-json\/wp\/v2\/catalog_category?post=79439"}],"curies":[{"name":"wp","href":"https:\/\/api.w.org\/{rel}","templated":true}]}}