{"id":79682,"date":"2020-01-31T16:54:48","date_gmt":"2020-01-31T15:54:48","guid":{"rendered":"https:\/\/www.manetti.com\/?post_type=product&#038;p=79682"},"modified":"2025-05-07T12:08:20","modified_gmt":"2025-05-07T10:08:20","slug":"der-wasserbasierte-schutz-to-buy","status":"publish","type":"product","link":"https:\/\/www.manetti.com\/de\/produkt\/der-wasserbasierte-schutz-to-buy\/","title":{"rendered":"Der wasserbasierte Schutz"},"content":{"rendered":"<p>Der wasserbasierte Schutz bietet eine ausgezeichnete Verteilbarkeit und Haftung auf vergoldeten Oberfl\u00e4chen, insbesondere bei Edelmetallen. Da er frei von synthetischen Bestandteilen ist, ist er schonender und ver\u00e4ndert die nat\u00fcrliche Helligkeit der vergoldeten Oberfl\u00e4chen weniger. Er ist UV-best\u00e4ndig, vergilbt nicht, bl\u00e4ttert nicht ab und ist sowohl in gl\u00e4nzender als auch in matter Ausf\u00fchrung erh\u00e4ltlich. Gebrauchsfertig ist er ideal f\u00fcr Fachleute, Anf\u00e4nger und Hobbyisten. Ideal f\u00fcr Vergoldungen im Innenbereich, aber auch f\u00fcr Anwendungen im Au\u00dfenbereich geeignet.<\/p>\n","protected":false},"excerpt":{"rendered":"<p>Der wasserbasierte Schutz bietet eine ausgezeichnete Verteilbarkeit und Haftung auf vergoldeten Oberfl\u00e4chen, insbesondere bei Edelmetallen. Da er frei von synthetischen Bestandteilen ist, ist er schonender und ver\u00e4ndert die nat\u00fcrliche Helligkeit der vergoldeten Oberfl\u00e4chen weniger. Er ist UV-best\u00e4ndig, vergilbt nicht, bl\u00e4ttert nicht ab und ist sowohl in gl\u00e4nzender als auch in matter Ausf\u00fchrung erh\u00e4ltlich. Gebrauchsfertig ist [&#8230;]<\/p>\n<p><a class=\"btn btn-secondary understrap-read-more-link\" href=\"https:\/\/www.manetti.com\/de\/produkt\/der-wasserbasierte-schutz-to-buy\/\">Weiterlesen&#8230;<\/a><\/p>\n","protected":false},"featured_media":81785,"template":"","meta":{"_acf_changed":false},"product_brand":[],"product_cat":[396,348],"product_tag":[349],"product_area":[584,652],"catalog_category":[],"class_list":{"0":"post-79682","1":"product","2":"type-product","3":"status-publish","4":"has-post-thumbnail","6":"product_cat-schutz","7":"product_cat-zubehoer-zum-vergolden","8":"product_tag-missionen","9":"product_area-fertigstellung-und-schutz","10":"product_area-fertigstellung-und-schutz-schutz","12":"first","13":"instock","14":"shipping-taxable","15":"purchasable","16":"product-type-variable"},"acf":[],"yoast_head":"<!-- This site is optimized with the Yoast SEO plugin v26.5 - https:\/\/yoast.com\/wordpress\/plugins\/seo\/ -->\n<title>Der wasserbasierte Schutz | Giusto Manetti Battiloro<\/title>\n<meta name=\"description\" content=\"Kommen Sie und entdecken Sie Der wasserbasierte Schutz, eines der besten Produkte von Giusto Manetti Battiloro, dem weltweit f\u00fchrenden Hersteller von Blattgold und anderen dekorativen Effekten!\" \/>\n<meta name=\"robots\" content=\"noindex, nofollow\" \/>\n<meta property=\"og:locale\" content=\"de_DE\" \/>\n<meta property=\"og:type\" content=\"article\" \/>\n<meta property=\"og:title\" content=\"Der wasserbasierte Schutz | Giusto Manetti Battiloro\" \/>\n<meta property=\"og:description\" content=\"Kommen Sie und entdecken Sie Der wasserbasierte Schutz, eines der besten Produkte von Giusto Manetti Battiloro, dem weltweit f\u00fchrenden Hersteller von Blattgold und anderen dekorativen Effekten!\" \/>\n<meta property=\"og:url\" content=\"https:\/\/www.manetti.com\/de\/produkt\/der-wasserbasierte-schutz-to-buy\/\" \/>\n<meta property=\"og:site_name\" content=\"Giusto Manetti Battiloro\" \/>\n<meta property=\"article:publisher\" content=\"https:\/\/www.facebook.com\/giustomanettibattiloro\" \/>\n<meta property=\"article:modified_time\" content=\"2025-05-07T10:08:20+00:00\" \/>\n<meta property=\"og:image\" content=\"https:\/\/www.manetti.com\/wp-content\/uploads\/2024\/12\/Protezioni-allacqua_new_web.png\" \/>\n\t<meta property=\"og:image:width\" content=\"900\" \/>\n\t<meta property=\"og:image:height\" content=\"900\" \/>\n\t<meta property=\"og:image:type\" content=\"image\/png\" \/>\n<meta name=\"twitter:card\" content=\"summary_large_image\" \/>\n<script type=\"application\/ld+json\" class=\"yoast-schema-graph\">{\"@context\":\"https:\/\/schema.org\",\"@graph\":[{\"@type\":\"WebPage\",\"@id\":\"https:\/\/www.manetti.com\/de\/produkt\/der-wasserbasierte-schutz-to-buy\/\",\"url\":\"https:\/\/www.manetti.com\/de\/produkt\/der-wasserbasierte-schutz-to-buy\/\",\"name\":\"Der wasserbasierte Schutz | Giusto Manetti Battiloro\",\"isPartOf\":{\"@id\":\"https:\/\/www.manetti.com\/de\/#website\"},\"primaryImageOfPage\":{\"@id\":\"https:\/\/www.manetti.com\/de\/produkt\/der-wasserbasierte-schutz-to-buy\/#primaryimage\"},\"image\":{\"@id\":\"https:\/\/www.manetti.com\/de\/produkt\/der-wasserbasierte-schutz-to-buy\/#primaryimage\"},\"thumbnailUrl\":\"https:\/\/www.manetti.com\/wp-content\/uploads\/2024\/12\/Protezioni-allacqua_new_web.png\",\"datePublished\":\"2020-01-31T15:54:48+00:00\",\"dateModified\":\"2025-05-07T10:08:20+00:00\",\"description\":\"Kommen Sie und entdecken Sie Der wasserbasierte Schutz, eines der besten Produkte von Giusto Manetti Battiloro, dem weltweit f\u00fchrenden Hersteller von Blattgold und anderen dekorativen Effekten!\",\"inLanguage\":\"de\",\"potentialAction\":[{\"@type\":\"ReadAction\",\"target\":[\"https:\/\/www.manetti.com\/de\/produkt\/der-wasserbasierte-schutz-to-buy\/\"]}]},{\"@type\":\"ImageObject\",\"inLanguage\":\"de\",\"@id\":\"https:\/\/www.manetti.com\/de\/produkt\/der-wasserbasierte-schutz-to-buy\/#primaryimage\",\"url\":\"https:\/\/www.manetti.com\/wp-content\/uploads\/2024\/12\/Protezioni-allacqua_new_web.png\",\"contentUrl\":\"https:\/\/www.manetti.com\/wp-content\/uploads\/2024\/12\/Protezioni-allacqua_new_web.png\",\"width\":900,\"height\":900},{\"@type\":\"WebSite\",\"@id\":\"https:\/\/www.manetti.com\/de\/#website\",\"url\":\"https:\/\/www.manetti.com\/de\/\",\"name\":\"Giusto Manetti Battiloro\",\"description\":\"\",\"publisher\":{\"@id\":\"https:\/\/www.manetti.com\/de\/#organization\"},\"potentialAction\":[{\"@type\":\"SearchAction\",\"target\":{\"@type\":\"EntryPoint\",\"urlTemplate\":\"https:\/\/www.manetti.com\/de\/?s={search_term_string}\"},\"query-input\":{\"@type\":\"PropertyValueSpecification\",\"valueRequired\":true,\"valueName\":\"search_term_string\"}}],\"inLanguage\":\"de\"},{\"@type\":\"Organization\",\"@id\":\"https:\/\/www.manetti.com\/de\/#organization\",\"name\":\"GIUSTO MANETTI BATTILORO S.P.A.\",\"url\":\"https:\/\/www.manetti.com\/de\/\",\"logo\":{\"@type\":\"ImageObject\",\"inLanguage\":\"de\",\"@id\":\"https:\/\/www.manetti.com\/de\/#\/schema\/logo\/image\/\",\"url\":\"https:\/\/www.manetti.com\/wp-content\/uploads\/2025\/02\/giusto-manetti-blu_300-02.png\",\"contentUrl\":\"https:\/\/www.manetti.com\/wp-content\/uploads\/2025\/02\/giusto-manetti-blu_300-02.png\",\"width\":1123,\"height\":1093,\"caption\":\"GIUSTO MANETTI BATTILORO S.P.A.\"},\"image\":{\"@id\":\"https:\/\/www.manetti.com\/de\/#\/schema\/logo\/image\/\"},\"sameAs\":[\"https:\/\/www.facebook.com\/giustomanettibattiloro\",\"https:\/\/www.instagram.com\/giustomanettibattiloro\/\",\"https:\/\/www.linkedin.com\/company\/giusto-manetti-battiloro-s-p-a-\/\",\"https:\/\/www.youtube.com\/user\/ManettiBattiloro\"]}]}<\/script>\n<!-- \/ Yoast SEO plugin. -->","yoast_head_json":{"title":"Der wasserbasierte Schutz | Giusto Manetti Battiloro","description":"Kommen Sie und entdecken Sie Der wasserbasierte Schutz, eines der besten Produkte von Giusto Manetti Battiloro, dem weltweit f\u00fchrenden Hersteller von Blattgold und anderen dekorativen Effekten!","robots":{"index":"noindex","follow":"nofollow"},"og_locale":"de_DE","og_type":"article","og_title":"Der wasserbasierte Schutz | Giusto Manetti Battiloro","og_description":"Kommen Sie und entdecken Sie Der wasserbasierte Schutz, eines der besten Produkte von Giusto Manetti Battiloro, dem weltweit f\u00fchrenden Hersteller von Blattgold und anderen dekorativen Effekten!","og_url":"https:\/\/www.manetti.com\/de\/produkt\/der-wasserbasierte-schutz-to-buy\/","og_site_name":"Giusto Manetti Battiloro","article_publisher":"https:\/\/www.facebook.com\/giustomanettibattiloro","article_modified_time":"2025-05-07T10:08:20+00:00","og_image":[{"width":900,"height":900,"url":"https:\/\/www.manetti.com\/wp-content\/uploads\/2024\/12\/Protezioni-allacqua_new_web.png","type":"image\/png"}],"twitter_card":"summary_large_image","schema":{"@context":"https:\/\/schema.org","@graph":[{"@type":"WebPage","@id":"https:\/\/www.manetti.com\/de\/produkt\/der-wasserbasierte-schutz-to-buy\/","url":"https:\/\/www.manetti.com\/de\/produkt\/der-wasserbasierte-schutz-to-buy\/","name":"Der wasserbasierte Schutz | Giusto Manetti Battiloro","isPartOf":{"@id":"https:\/\/www.manetti.com\/de\/#website"},"primaryImageOfPage":{"@id":"https:\/\/www.manetti.com\/de\/produkt\/der-wasserbasierte-schutz-to-buy\/#primaryimage"},"image":{"@id":"https:\/\/www.manetti.com\/de\/produkt\/der-wasserbasierte-schutz-to-buy\/#primaryimage"},"thumbnailUrl":"https:\/\/www.manetti.com\/wp-content\/uploads\/2024\/12\/Protezioni-allacqua_new_web.png","datePublished":"2020-01-31T15:54:48+00:00","dateModified":"2025-05-07T10:08:20+00:00","description":"Kommen Sie und entdecken Sie Der wasserbasierte Schutz, eines der besten Produkte von Giusto Manetti Battiloro, dem weltweit f\u00fchrenden Hersteller von Blattgold und anderen dekorativen Effekten!","inLanguage":"de","potentialAction":[{"@type":"ReadAction","target":["https:\/\/www.manetti.com\/de\/produkt\/der-wasserbasierte-schutz-to-buy\/"]}]},{"@type":"ImageObject","inLanguage":"de","@id":"https:\/\/www.manetti.com\/de\/produkt\/der-wasserbasierte-schutz-to-buy\/#primaryimage","url":"https:\/\/www.manetti.com\/wp-content\/uploads\/2024\/12\/Protezioni-allacqua_new_web.png","contentUrl":"https:\/\/www.manetti.com\/wp-content\/uploads\/2024\/12\/Protezioni-allacqua_new_web.png","width":900,"height":900},{"@type":"WebSite","@id":"https:\/\/www.manetti.com\/de\/#website","url":"https:\/\/www.manetti.com\/de\/","name":"Giusto Manetti Battiloro","description":"","publisher":{"@id":"https:\/\/www.manetti.com\/de\/#organization"},"potentialAction":[{"@type":"SearchAction","target":{"@type":"EntryPoint","urlTemplate":"https:\/\/www.manetti.com\/de\/?s={search_term_string}"},"query-input":{"@type":"PropertyValueSpecification","valueRequired":true,"valueName":"search_term_string"}}],"inLanguage":"de"},{"@type":"Organization","@id":"https:\/\/www.manetti.com\/de\/#organization","name":"GIUSTO MANETTI BATTILORO S.P.A.","url":"https:\/\/www.manetti.com\/de\/","logo":{"@type":"ImageObject","inLanguage":"de","@id":"https:\/\/www.manetti.com\/de\/#\/schema\/logo\/image\/","url":"https:\/\/www.manetti.com\/wp-content\/uploads\/2025\/02\/giusto-manetti-blu_300-02.png","contentUrl":"https:\/\/www.manetti.com\/wp-content\/uploads\/2025\/02\/giusto-manetti-blu_300-02.png","width":1123,"height":1093,"caption":"GIUSTO MANETTI BATTILORO S.P.A."},"image":{"@id":"https:\/\/www.manetti.com\/de\/#\/schema\/logo\/image\/"},"sameAs":["https:\/\/www.facebook.com\/giustomanettibattiloro","https:\/\/www.instagram.com\/giustomanettibattiloro\/","https:\/\/www.linkedin.com\/company\/giusto-manetti-battiloro-s-p-a-\/","https:\/\/www.youtube.com\/user\/ManettiBattiloro"]}]}},"_links":{"self":[{"href":"https:\/\/www.manetti.com\/de\/wp-json\/wp\/v2\/product\/79682","targetHints":{"allow":["GET"]}}],"collection":[{"href":"https:\/\/www.manetti.com\/de\/wp-json\/wp\/v2\/product"}],"about":[{"href":"https:\/\/www.manetti.com\/de\/wp-json\/wp\/v2\/types\/product"}],"wp:featuredmedia":[{"embeddable":true,"href":"https:\/\/www.manetti.com\/de\/wp-json\/wp\/v2\/media\/81785"}],"wp:attachment":[{"href":"https:\/\/www.manetti.com\/de\/wp-json\/wp\/v2\/media?parent=79682"}],"wp:term":[{"taxonomy":"product_brand","embeddable":true,"href":"https:\/\/www.manetti.com\/de\/wp-json\/wp\/v2\/product_brand?post=79682"},{"taxonomy":"product_cat","embeddable":true,"href":"https:\/\/www.manetti.com\/de\/wp-json\/wp\/v2\/product_cat?post=79682"},{"taxonomy":"product_tag","embeddable":true,"href":"https:\/\/www.manetti.com\/de\/wp-json\/wp\/v2\/product_tag?post=79682"},{"taxonomy":"product_area","embeddable":true,"href":"https:\/\/www.manetti.com\/de\/wp-json\/wp\/v2\/product_area?post=79682"},{"taxonomy":"catalog_category","embeddable":true,"href":"https:\/\/www.manetti.com\/de\/wp-json\/wp\/v2\/catalog_category?post=79682"}],"curies":[{"name":"wp","href":"https:\/\/api.w.org\/{rel}","templated":true}]}}