{"id":81084,"date":"2025-04-07T15:44:19","date_gmt":"2025-04-07T13:44:19","guid":{"rendered":"https:\/\/www.manetti.com\/?post_type=product&#038;p=81084"},"modified":"2026-02-02T12:07:34","modified_gmt":"2026-02-02T11:07:34","slug":"blattsilber-in-heft-95x95-mm-28-gramm","status":"publish","type":"product","link":"https:\/\/www.manetti.com\/de\/shop\/blattsilber-in-heft\/","title":{"rendered":"Blattsilber in Heft &#8211; 95&#215;95 mm"},"content":{"rendered":"<p data-pm-slice=\"1 1 []\">Es handelt sich um ein Etui mit einem einzelnen Heft mit 25 Blatt, erh\u00e4ltlich in losem oder Transferformat. Die St\u00e4rke wird durch das entsprechende Gewicht angegeben: Lose Blattgold hat eine St\u00e4rke von 28 Gramm pro 1.000 Bl\u00e4tter, w\u00e4hrend Transferblattgold eine St\u00e4rke von 20 Gramm pro 1.000 Bl\u00e4tter hat.<\/p>\n<p><strong>Das lose Blatt<\/strong> wird sowohl f\u00fcr die Dekoration von intarsierten Oberfl\u00e4chen als auch f\u00fcr die Versilberung glatter Fl\u00e4chen mit der Mixtionstechnik empfohlen.<\/p>\n<p>Das<strong> Transfer-Blatt<\/strong> unterscheidet sich vom freien Blatt dadurch, dass es auf ein Seidenpapier gelegt wird, das aus dem Heft herausragt und abnehmbar ist, um den Halt und die Anwendung zu erleichtern und zu beschleunigen. Dieses Format wird immer mit der Technik der Missionsvergoldung aufgetragt und wird ausschlie\u00dflich f\u00fcr die Dekoration von vollkommen glatten Oberfl\u00e4chen oder f\u00fcr die Vergoldung im Au\u00dfenbereich empfohlen.<\/p>\n","protected":false},"excerpt":{"rendered":"<p>Es handelt sich um ein Etui mit einem einzelnen Heft mit 25 Blatt, erh\u00e4ltlich in losem oder Transferformat. Die St\u00e4rke wird durch das entsprechende Gewicht angegeben: Lose Blattgold hat eine St\u00e4rke von 28 Gramm pro 1.000 Bl\u00e4tter, w\u00e4hrend Transferblattgold eine St\u00e4rke von 20 Gramm pro 1.000 Bl\u00e4tter hat. Das lose Blatt wird sowohl f\u00fcr die [&#8230;]<\/p>\n<p><a class=\"btn btn-secondary understrap-read-more-link\" href=\"https:\/\/www.manetti.com\/de\/shop\/blattsilber-in-heft\/\">Weiterlesen&#8230;<\/a><\/p>\n","protected":false},"featured_media":81107,"template":"","meta":{"_acf_changed":false},"product_brand":[],"product_cat":[350],"product_tag":[363,1017],"product_area":[560,608],"catalog_category":[],"class_list":{"0":"post-81084","1":"product","2":"type-product","3":"status-publish","4":"has-post-thumbnail","6":"product_cat-blattsilber","7":"product_tag-prodotti-speciali-de","8":"product_tag-edelmetall","9":"product_area-vergoldung-und-restaurierung","10":"product_area-vergoldung-und-restaurierung-gold-und-silberblatt","12":"first","13":"instock","14":"shipping-taxable","15":"purchasable","16":"product-type-variable"},"acf":[],"yoast_head":"<!-- This site is optimized with the Yoast SEO plugin v26.5 - https:\/\/yoast.com\/wordpress\/plugins\/seo\/ -->\n<title>Blattsilber in Heft - 95x95 mm | Giusto Manetti Battiloro<\/title>\n<meta name=\"description\" content=\"Giusto Manetti Battiloro Blattsilber in einem Heftchen ist eine absolute Neuheit f\u00fcr den Einzelhandel und Vertrieb in der Welt der Vergoldung.\" \/>\n<meta name=\"robots\" content=\"index, follow, max-snippet:-1, max-image-preview:large, max-video-preview:-1\" \/>\n<link rel=\"canonical\" href=\"https:\/\/www.manetti.com\/de\/shop\/blattsilber-in-heft\/\" \/>\n<meta property=\"og:locale\" content=\"de_DE\" \/>\n<meta property=\"og:type\" content=\"article\" \/>\n<meta property=\"og:title\" content=\"Blattsilber in Heft - 95x95 mm | Giusto Manetti Battiloro\" \/>\n<meta property=\"og:description\" content=\"Giusto Manetti Battiloro Blattsilber in einem Heftchen ist eine absolute Neuheit f\u00fcr den Einzelhandel und Vertrieb in der Welt der Vergoldung.\" \/>\n<meta property=\"og:url\" content=\"https:\/\/www.manetti.com\/de\/shop\/blattsilber-in-heft\/\" \/>\n<meta property=\"og:site_name\" content=\"Giusto Manetti Battiloro\" \/>\n<meta property=\"article:publisher\" content=\"https:\/\/www.facebook.com\/giustomanettibattiloro\" \/>\n<meta property=\"article:modified_time\" content=\"2026-02-02T11:07:34+00:00\" \/>\n<meta property=\"og:image\" content=\"https:\/\/www.manetti.com\/wp-content\/uploads\/2025\/04\/Blister-Argento_decalco_web.png\" \/>\n\t<meta property=\"og:image:width\" content=\"900\" \/>\n\t<meta property=\"og:image:height\" content=\"900\" \/>\n\t<meta property=\"og:image:type\" content=\"image\/png\" \/>\n<meta name=\"twitter:card\" content=\"summary_large_image\" \/>\n<meta name=\"twitter:label1\" content=\"Gesch\u00e4tzte Lesezeit\" \/>\n\t<meta name=\"twitter:data1\" content=\"1\u00a0Minute\" \/>\n<script type=\"application\/ld+json\" class=\"yoast-schema-graph\">{\"@context\":\"https:\/\/schema.org\",\"@graph\":[{\"@type\":\"WebPage\",\"@id\":\"https:\/\/www.manetti.com\/de\/shop\/blattsilber-in-heft\/\",\"url\":\"https:\/\/www.manetti.com\/de\/shop\/blattsilber-in-heft\/\",\"name\":\"Blattsilber in Heft - 95x95 mm | Giusto Manetti Battiloro\",\"isPartOf\":{\"@id\":\"https:\/\/www.manetti.com\/de\/#website\"},\"primaryImageOfPage\":{\"@id\":\"https:\/\/www.manetti.com\/de\/shop\/blattsilber-in-heft\/#primaryimage\"},\"image\":{\"@id\":\"https:\/\/www.manetti.com\/de\/shop\/blattsilber-in-heft\/#primaryimage\"},\"thumbnailUrl\":\"https:\/\/www.manetti.com\/wp-content\/uploads\/2025\/04\/Blister-Argento_decalco_web.png\",\"datePublished\":\"2025-04-07T13:44:19+00:00\",\"dateModified\":\"2026-02-02T11:07:34+00:00\",\"description\":\"Giusto Manetti Battiloro Blattsilber in einem Heftchen ist eine absolute Neuheit f\u00fcr den Einzelhandel und Vertrieb in der Welt der Vergoldung.\",\"inLanguage\":\"de\",\"potentialAction\":[{\"@type\":\"ReadAction\",\"target\":[\"https:\/\/www.manetti.com\/de\/shop\/blattsilber-in-heft\/\"]}]},{\"@type\":\"ImageObject\",\"inLanguage\":\"de\",\"@id\":\"https:\/\/www.manetti.com\/de\/shop\/blattsilber-in-heft\/#primaryimage\",\"url\":\"https:\/\/www.manetti.com\/wp-content\/uploads\/2025\/04\/Blister-Argento_decalco_web.png\",\"contentUrl\":\"https:\/\/www.manetti.com\/wp-content\/uploads\/2025\/04\/Blister-Argento_decalco_web.png\",\"width\":900,\"height\":900},{\"@type\":\"WebSite\",\"@id\":\"https:\/\/www.manetti.com\/de\/#website\",\"url\":\"https:\/\/www.manetti.com\/de\/\",\"name\":\"Giusto Manetti Battiloro\",\"description\":\"\",\"publisher\":{\"@id\":\"https:\/\/www.manetti.com\/de\/#organization\"},\"potentialAction\":[{\"@type\":\"SearchAction\",\"target\":{\"@type\":\"EntryPoint\",\"urlTemplate\":\"https:\/\/www.manetti.com\/de\/?s={search_term_string}\"},\"query-input\":{\"@type\":\"PropertyValueSpecification\",\"valueRequired\":true,\"valueName\":\"search_term_string\"}}],\"inLanguage\":\"de\"},{\"@type\":\"Organization\",\"@id\":\"https:\/\/www.manetti.com\/de\/#organization\",\"name\":\"GIUSTO MANETTI BATTILORO S.P.A.\",\"url\":\"https:\/\/www.manetti.com\/de\/\",\"logo\":{\"@type\":\"ImageObject\",\"inLanguage\":\"de\",\"@id\":\"https:\/\/www.manetti.com\/de\/#\/schema\/logo\/image\/\",\"url\":\"https:\/\/www.manetti.com\/wp-content\/uploads\/2025\/02\/giusto-manetti-blu_300-02.png\",\"contentUrl\":\"https:\/\/www.manetti.com\/wp-content\/uploads\/2025\/02\/giusto-manetti-blu_300-02.png\",\"width\":1123,\"height\":1093,\"caption\":\"GIUSTO MANETTI BATTILORO S.P.A.\"},\"image\":{\"@id\":\"https:\/\/www.manetti.com\/de\/#\/schema\/logo\/image\/\"},\"sameAs\":[\"https:\/\/www.facebook.com\/giustomanettibattiloro\",\"https:\/\/www.instagram.com\/giustomanettibattiloro\/\",\"https:\/\/www.linkedin.com\/company\/giusto-manetti-battiloro-s-p-a-\/\",\"https:\/\/www.youtube.com\/user\/ManettiBattiloro\"]}]}<\/script>\n<!-- \/ Yoast SEO plugin. -->","yoast_head_json":{"title":"Blattsilber in Heft - 95x95 mm | Giusto Manetti Battiloro","description":"Giusto Manetti Battiloro Blattsilber in einem Heftchen ist eine absolute Neuheit f\u00fcr den Einzelhandel und Vertrieb in der Welt der Vergoldung.","robots":{"index":"index","follow":"follow","max-snippet":"max-snippet:-1","max-image-preview":"max-image-preview:large","max-video-preview":"max-video-preview:-1"},"canonical":"https:\/\/www.manetti.com\/de\/shop\/blattsilber-in-heft\/","og_locale":"de_DE","og_type":"article","og_title":"Blattsilber in Heft - 95x95 mm | Giusto Manetti Battiloro","og_description":"Giusto Manetti Battiloro Blattsilber in einem Heftchen ist eine absolute Neuheit f\u00fcr den Einzelhandel und Vertrieb in der Welt der Vergoldung.","og_url":"https:\/\/www.manetti.com\/de\/shop\/blattsilber-in-heft\/","og_site_name":"Giusto Manetti Battiloro","article_publisher":"https:\/\/www.facebook.com\/giustomanettibattiloro","article_modified_time":"2026-02-02T11:07:34+00:00","og_image":[{"width":900,"height":900,"url":"https:\/\/www.manetti.com\/wp-content\/uploads\/2025\/04\/Blister-Argento_decalco_web.png","type":"image\/png"}],"twitter_card":"summary_large_image","twitter_misc":{"Gesch\u00e4tzte Lesezeit":"1\u00a0Minute"},"schema":{"@context":"https:\/\/schema.org","@graph":[{"@type":"WebPage","@id":"https:\/\/www.manetti.com\/de\/shop\/blattsilber-in-heft\/","url":"https:\/\/www.manetti.com\/de\/shop\/blattsilber-in-heft\/","name":"Blattsilber in Heft - 95x95 mm | Giusto Manetti Battiloro","isPartOf":{"@id":"https:\/\/www.manetti.com\/de\/#website"},"primaryImageOfPage":{"@id":"https:\/\/www.manetti.com\/de\/shop\/blattsilber-in-heft\/#primaryimage"},"image":{"@id":"https:\/\/www.manetti.com\/de\/shop\/blattsilber-in-heft\/#primaryimage"},"thumbnailUrl":"https:\/\/www.manetti.com\/wp-content\/uploads\/2025\/04\/Blister-Argento_decalco_web.png","datePublished":"2025-04-07T13:44:19+00:00","dateModified":"2026-02-02T11:07:34+00:00","description":"Giusto Manetti Battiloro Blattsilber in einem Heftchen ist eine absolute Neuheit f\u00fcr den Einzelhandel und Vertrieb in der Welt der Vergoldung.","inLanguage":"de","potentialAction":[{"@type":"ReadAction","target":["https:\/\/www.manetti.com\/de\/shop\/blattsilber-in-heft\/"]}]},{"@type":"ImageObject","inLanguage":"de","@id":"https:\/\/www.manetti.com\/de\/shop\/blattsilber-in-heft\/#primaryimage","url":"https:\/\/www.manetti.com\/wp-content\/uploads\/2025\/04\/Blister-Argento_decalco_web.png","contentUrl":"https:\/\/www.manetti.com\/wp-content\/uploads\/2025\/04\/Blister-Argento_decalco_web.png","width":900,"height":900},{"@type":"WebSite","@id":"https:\/\/www.manetti.com\/de\/#website","url":"https:\/\/www.manetti.com\/de\/","name":"Giusto Manetti Battiloro","description":"","publisher":{"@id":"https:\/\/www.manetti.com\/de\/#organization"},"potentialAction":[{"@type":"SearchAction","target":{"@type":"EntryPoint","urlTemplate":"https:\/\/www.manetti.com\/de\/?s={search_term_string}"},"query-input":{"@type":"PropertyValueSpecification","valueRequired":true,"valueName":"search_term_string"}}],"inLanguage":"de"},{"@type":"Organization","@id":"https:\/\/www.manetti.com\/de\/#organization","name":"GIUSTO MANETTI BATTILORO S.P.A.","url":"https:\/\/www.manetti.com\/de\/","logo":{"@type":"ImageObject","inLanguage":"de","@id":"https:\/\/www.manetti.com\/de\/#\/schema\/logo\/image\/","url":"https:\/\/www.manetti.com\/wp-content\/uploads\/2025\/02\/giusto-manetti-blu_300-02.png","contentUrl":"https:\/\/www.manetti.com\/wp-content\/uploads\/2025\/02\/giusto-manetti-blu_300-02.png","width":1123,"height":1093,"caption":"GIUSTO MANETTI BATTILORO S.P.A."},"image":{"@id":"https:\/\/www.manetti.com\/de\/#\/schema\/logo\/image\/"},"sameAs":["https:\/\/www.facebook.com\/giustomanettibattiloro","https:\/\/www.instagram.com\/giustomanettibattiloro\/","https:\/\/www.linkedin.com\/company\/giusto-manetti-battiloro-s-p-a-\/","https:\/\/www.youtube.com\/user\/ManettiBattiloro"]}]}},"_links":{"self":[{"href":"https:\/\/www.manetti.com\/de\/wp-json\/wp\/v2\/product\/81084","targetHints":{"allow":["GET"]}}],"collection":[{"href":"https:\/\/www.manetti.com\/de\/wp-json\/wp\/v2\/product"}],"about":[{"href":"https:\/\/www.manetti.com\/de\/wp-json\/wp\/v2\/types\/product"}],"wp:featuredmedia":[{"embeddable":true,"href":"https:\/\/www.manetti.com\/de\/wp-json\/wp\/v2\/media\/81107"}],"wp:attachment":[{"href":"https:\/\/www.manetti.com\/de\/wp-json\/wp\/v2\/media?parent=81084"}],"wp:term":[{"taxonomy":"product_brand","embeddable":true,"href":"https:\/\/www.manetti.com\/de\/wp-json\/wp\/v2\/product_brand?post=81084"},{"taxonomy":"product_cat","embeddable":true,"href":"https:\/\/www.manetti.com\/de\/wp-json\/wp\/v2\/product_cat?post=81084"},{"taxonomy":"product_tag","embeddable":true,"href":"https:\/\/www.manetti.com\/de\/wp-json\/wp\/v2\/product_tag?post=81084"},{"taxonomy":"product_area","embeddable":true,"href":"https:\/\/www.manetti.com\/de\/wp-json\/wp\/v2\/product_area?post=81084"},{"taxonomy":"catalog_category","embeddable":true,"href":"https:\/\/www.manetti.com\/de\/wp-json\/wp\/v2\/catalog_category?post=81084"}],"curies":[{"name":"wp","href":"https:\/\/api.w.org\/{rel}","templated":true}]}}