{"id":81689,"date":"2025-05-06T11:39:11","date_gmt":"2025-05-06T09:39:11","guid":{"rendered":"https:\/\/www.manetti.com\/?post_type=product&#038;p=81689"},"modified":"2025-05-08T16:23:08","modified_gmt":"2025-05-08T14:23:08","slug":"gelatineblaetter","status":"publish","type":"product","link":"https:\/\/www.manetti.com\/de\/produkt\/gelatineblaetter\/","title":{"rendered":"Gelatinebl\u00e4tter"},"content":{"rendered":"<p data-pm-slice=\"1 1 []\">Klebstoff f\u00fcr die Wasservergoldung auf Glas geeignet. Erh\u00e4ltlich in Packungen mit 5 Bl\u00e4ttern, die sich leicht zuschneiden oder in einzelne St\u00fccke brechen lassen.<\/p>\n","protected":false},"excerpt":{"rendered":"<p>Klebstoff f\u00fcr die Wasservergoldung auf Glas geeignet. Erh\u00e4ltlich in Packungen mit 5 Bl\u00e4ttern, die sich leicht zuschneiden oder in einzelne St\u00fccke brechen lassen. [&#8230;]<\/p>\n<p><a class=\"btn btn-secondary understrap-read-more-link\" href=\"https:\/\/www.manetti.com\/de\/produkt\/gelatineblaetter\/\">Weiterlesen&#8230;<\/a><\/p>\n","protected":false},"featured_media":81823,"template":"","meta":{"_acf_changed":false},"product_brand":[],"product_cat":[393],"product_tag":[],"product_area":[],"catalog_category":[786,906],"class_list":{"0":"post-81689","1":"product","2":"type-product","3":"status-publish","4":"has-post-thumbnail","6":"product_cat-wasservergoldung","7":"catalog_category-vergoldung-auf-schilder-und-glas","8":"catalog_category-vergoldung-auf-schilder-und-glas-mixtion-und-kleber","10":"first","11":"instock","12":"shipping-taxable","13":"purchasable","14":"product-type-simple"},"acf":[],"yoast_head":"<!-- This site is optimized with the Yoast SEO plugin v26.5 - https:\/\/yoast.com\/wordpress\/plugins\/seo\/ -->\n<title>Gelatinebl\u00e4tter | Giusto Manetti Battiloro<\/title>\n<meta name=\"description\" content=\"Entdecken Sie die Giusto Manetti Battiloro Gelatinebl\u00e4tter , ideal f\u00fcr die Polimentvergoldung! Erh\u00e4ltlich in Packungen mit 5 Bl\u00e4ttern.\" \/>\n<meta name=\"robots\" content=\"index, follow, max-snippet:-1, max-image-preview:large, max-video-preview:-1\" \/>\n<link rel=\"canonical\" href=\"https:\/\/www.manetti.com\/de\/produkt\/gelatineblaetter\/\" \/>\n<meta property=\"og:locale\" content=\"de_DE\" \/>\n<meta property=\"og:type\" content=\"article\" \/>\n<meta property=\"og:title\" content=\"Gelatinebl\u00e4tter | Giusto Manetti Battiloro\" \/>\n<meta property=\"og:description\" content=\"Entdecken Sie die Giusto Manetti Battiloro Gelatinebl\u00e4tter , ideal f\u00fcr die Polimentvergoldung! Erh\u00e4ltlich in Packungen mit 5 Bl\u00e4ttern.\" \/>\n<meta property=\"og:url\" content=\"https:\/\/www.manetti.com\/de\/produkt\/gelatineblaetter\/\" \/>\n<meta property=\"og:site_name\" content=\"Giusto Manetti Battiloro\" \/>\n<meta property=\"article:publisher\" content=\"https:\/\/www.facebook.com\/giustomanettibattiloro\" \/>\n<meta property=\"article:modified_time\" content=\"2025-05-08T14:23:08+00:00\" \/>\n<meta property=\"og:image\" content=\"https:\/\/www.manetti.com\/wp-content\/uploads\/2025\/05\/Gelatina_web_new.png\" \/>\n\t<meta property=\"og:image:width\" content=\"900\" \/>\n\t<meta property=\"og:image:height\" content=\"900\" \/>\n\t<meta property=\"og:image:type\" content=\"image\/png\" \/>\n<meta name=\"twitter:card\" content=\"summary_large_image\" \/>\n<script type=\"application\/ld+json\" class=\"yoast-schema-graph\">{\"@context\":\"https:\/\/schema.org\",\"@graph\":[{\"@type\":\"WebPage\",\"@id\":\"https:\/\/www.manetti.com\/de\/produkt\/gelatineblaetter\/\",\"url\":\"https:\/\/www.manetti.com\/de\/produkt\/gelatineblaetter\/\",\"name\":\"Gelatinebl\u00e4tter | Giusto Manetti Battiloro\",\"isPartOf\":{\"@id\":\"https:\/\/www.manetti.com\/de\/#website\"},\"primaryImageOfPage\":{\"@id\":\"https:\/\/www.manetti.com\/de\/produkt\/gelatineblaetter\/#primaryimage\"},\"image\":{\"@id\":\"https:\/\/www.manetti.com\/de\/produkt\/gelatineblaetter\/#primaryimage\"},\"thumbnailUrl\":\"https:\/\/www.manetti.com\/wp-content\/uploads\/2025\/05\/Gelatina_web_new.png\",\"datePublished\":\"2025-05-06T09:39:11+00:00\",\"dateModified\":\"2025-05-08T14:23:08+00:00\",\"description\":\"Entdecken Sie die Giusto Manetti Battiloro Gelatinebl\u00e4tter , ideal f\u00fcr die Polimentvergoldung! Erh\u00e4ltlich in Packungen mit 5 Bl\u00e4ttern.\",\"inLanguage\":\"de\",\"potentialAction\":[{\"@type\":\"ReadAction\",\"target\":[\"https:\/\/www.manetti.com\/de\/produkt\/gelatineblaetter\/\"]}]},{\"@type\":\"ImageObject\",\"inLanguage\":\"de\",\"@id\":\"https:\/\/www.manetti.com\/de\/produkt\/gelatineblaetter\/#primaryimage\",\"url\":\"https:\/\/www.manetti.com\/wp-content\/uploads\/2025\/05\/Gelatina_web_new.png\",\"contentUrl\":\"https:\/\/www.manetti.com\/wp-content\/uploads\/2025\/05\/Gelatina_web_new.png\",\"width\":900,\"height\":900},{\"@type\":\"WebSite\",\"@id\":\"https:\/\/www.manetti.com\/de\/#website\",\"url\":\"https:\/\/www.manetti.com\/de\/\",\"name\":\"Giusto Manetti Battiloro\",\"description\":\"\",\"publisher\":{\"@id\":\"https:\/\/www.manetti.com\/de\/#organization\"},\"potentialAction\":[{\"@type\":\"SearchAction\",\"target\":{\"@type\":\"EntryPoint\",\"urlTemplate\":\"https:\/\/www.manetti.com\/de\/?s={search_term_string}\"},\"query-input\":{\"@type\":\"PropertyValueSpecification\",\"valueRequired\":true,\"valueName\":\"search_term_string\"}}],\"inLanguage\":\"de\"},{\"@type\":\"Organization\",\"@id\":\"https:\/\/www.manetti.com\/de\/#organization\",\"name\":\"GIUSTO MANETTI BATTILORO S.P.A.\",\"url\":\"https:\/\/www.manetti.com\/de\/\",\"logo\":{\"@type\":\"ImageObject\",\"inLanguage\":\"de\",\"@id\":\"https:\/\/www.manetti.com\/de\/#\/schema\/logo\/image\/\",\"url\":\"https:\/\/www.manetti.com\/wp-content\/uploads\/2025\/02\/giusto-manetti-blu_300-02.png\",\"contentUrl\":\"https:\/\/www.manetti.com\/wp-content\/uploads\/2025\/02\/giusto-manetti-blu_300-02.png\",\"width\":1123,\"height\":1093,\"caption\":\"GIUSTO MANETTI BATTILORO S.P.A.\"},\"image\":{\"@id\":\"https:\/\/www.manetti.com\/de\/#\/schema\/logo\/image\/\"},\"sameAs\":[\"https:\/\/www.facebook.com\/giustomanettibattiloro\",\"https:\/\/www.instagram.com\/giustomanettibattiloro\/\",\"https:\/\/www.linkedin.com\/company\/giusto-manetti-battiloro-s-p-a-\/\",\"https:\/\/www.youtube.com\/user\/ManettiBattiloro\"]}]}<\/script>\n<!-- \/ Yoast SEO plugin. -->","yoast_head_json":{"title":"Gelatinebl\u00e4tter | Giusto Manetti Battiloro","description":"Entdecken Sie die Giusto Manetti Battiloro Gelatinebl\u00e4tter , ideal f\u00fcr die Polimentvergoldung! Erh\u00e4ltlich in Packungen mit 5 Bl\u00e4ttern.","robots":{"index":"index","follow":"follow","max-snippet":"max-snippet:-1","max-image-preview":"max-image-preview:large","max-video-preview":"max-video-preview:-1"},"canonical":"https:\/\/www.manetti.com\/de\/produkt\/gelatineblaetter\/","og_locale":"de_DE","og_type":"article","og_title":"Gelatinebl\u00e4tter | Giusto Manetti Battiloro","og_description":"Entdecken Sie die Giusto Manetti Battiloro Gelatinebl\u00e4tter , ideal f\u00fcr die Polimentvergoldung! Erh\u00e4ltlich in Packungen mit 5 Bl\u00e4ttern.","og_url":"https:\/\/www.manetti.com\/de\/produkt\/gelatineblaetter\/","og_site_name":"Giusto Manetti Battiloro","article_publisher":"https:\/\/www.facebook.com\/giustomanettibattiloro","article_modified_time":"2025-05-08T14:23:08+00:00","og_image":[{"width":900,"height":900,"url":"https:\/\/www.manetti.com\/wp-content\/uploads\/2025\/05\/Gelatina_web_new.png","type":"image\/png"}],"twitter_card":"summary_large_image","schema":{"@context":"https:\/\/schema.org","@graph":[{"@type":"WebPage","@id":"https:\/\/www.manetti.com\/de\/produkt\/gelatineblaetter\/","url":"https:\/\/www.manetti.com\/de\/produkt\/gelatineblaetter\/","name":"Gelatinebl\u00e4tter | Giusto Manetti Battiloro","isPartOf":{"@id":"https:\/\/www.manetti.com\/de\/#website"},"primaryImageOfPage":{"@id":"https:\/\/www.manetti.com\/de\/produkt\/gelatineblaetter\/#primaryimage"},"image":{"@id":"https:\/\/www.manetti.com\/de\/produkt\/gelatineblaetter\/#primaryimage"},"thumbnailUrl":"https:\/\/www.manetti.com\/wp-content\/uploads\/2025\/05\/Gelatina_web_new.png","datePublished":"2025-05-06T09:39:11+00:00","dateModified":"2025-05-08T14:23:08+00:00","description":"Entdecken Sie die Giusto Manetti Battiloro Gelatinebl\u00e4tter , ideal f\u00fcr die Polimentvergoldung! Erh\u00e4ltlich in Packungen mit 5 Bl\u00e4ttern.","inLanguage":"de","potentialAction":[{"@type":"ReadAction","target":["https:\/\/www.manetti.com\/de\/produkt\/gelatineblaetter\/"]}]},{"@type":"ImageObject","inLanguage":"de","@id":"https:\/\/www.manetti.com\/de\/produkt\/gelatineblaetter\/#primaryimage","url":"https:\/\/www.manetti.com\/wp-content\/uploads\/2025\/05\/Gelatina_web_new.png","contentUrl":"https:\/\/www.manetti.com\/wp-content\/uploads\/2025\/05\/Gelatina_web_new.png","width":900,"height":900},{"@type":"WebSite","@id":"https:\/\/www.manetti.com\/de\/#website","url":"https:\/\/www.manetti.com\/de\/","name":"Giusto Manetti Battiloro","description":"","publisher":{"@id":"https:\/\/www.manetti.com\/de\/#organization"},"potentialAction":[{"@type":"SearchAction","target":{"@type":"EntryPoint","urlTemplate":"https:\/\/www.manetti.com\/de\/?s={search_term_string}"},"query-input":{"@type":"PropertyValueSpecification","valueRequired":true,"valueName":"search_term_string"}}],"inLanguage":"de"},{"@type":"Organization","@id":"https:\/\/www.manetti.com\/de\/#organization","name":"GIUSTO MANETTI BATTILORO S.P.A.","url":"https:\/\/www.manetti.com\/de\/","logo":{"@type":"ImageObject","inLanguage":"de","@id":"https:\/\/www.manetti.com\/de\/#\/schema\/logo\/image\/","url":"https:\/\/www.manetti.com\/wp-content\/uploads\/2025\/02\/giusto-manetti-blu_300-02.png","contentUrl":"https:\/\/www.manetti.com\/wp-content\/uploads\/2025\/02\/giusto-manetti-blu_300-02.png","width":1123,"height":1093,"caption":"GIUSTO MANETTI BATTILORO S.P.A."},"image":{"@id":"https:\/\/www.manetti.com\/de\/#\/schema\/logo\/image\/"},"sameAs":["https:\/\/www.facebook.com\/giustomanettibattiloro","https:\/\/www.instagram.com\/giustomanettibattiloro\/","https:\/\/www.linkedin.com\/company\/giusto-manetti-battiloro-s-p-a-\/","https:\/\/www.youtube.com\/user\/ManettiBattiloro"]}]}},"_links":{"self":[{"href":"https:\/\/www.manetti.com\/de\/wp-json\/wp\/v2\/product\/81689","targetHints":{"allow":["GET"]}}],"collection":[{"href":"https:\/\/www.manetti.com\/de\/wp-json\/wp\/v2\/product"}],"about":[{"href":"https:\/\/www.manetti.com\/de\/wp-json\/wp\/v2\/types\/product"}],"wp:featuredmedia":[{"embeddable":true,"href":"https:\/\/www.manetti.com\/de\/wp-json\/wp\/v2\/media\/81823"}],"wp:attachment":[{"href":"https:\/\/www.manetti.com\/de\/wp-json\/wp\/v2\/media?parent=81689"}],"wp:term":[{"taxonomy":"product_brand","embeddable":true,"href":"https:\/\/www.manetti.com\/de\/wp-json\/wp\/v2\/product_brand?post=81689"},{"taxonomy":"product_cat","embeddable":true,"href":"https:\/\/www.manetti.com\/de\/wp-json\/wp\/v2\/product_cat?post=81689"},{"taxonomy":"product_tag","embeddable":true,"href":"https:\/\/www.manetti.com\/de\/wp-json\/wp\/v2\/product_tag?post=81689"},{"taxonomy":"product_area","embeddable":true,"href":"https:\/\/www.manetti.com\/de\/wp-json\/wp\/v2\/product_area?post=81689"},{"taxonomy":"catalog_category","embeddable":true,"href":"https:\/\/www.manetti.com\/de\/wp-json\/wp\/v2\/catalog_category?post=81689"}],"curies":[{"name":"wp","href":"https:\/\/api.w.org\/{rel}","templated":true}]}}