{"id":81729,"date":"2025-05-06T12:26:56","date_gmt":"2025-05-06T10:26:56","guid":{"rendered":"https:\/\/www.manetti.com\/?post_type=product&#038;p=81729"},"modified":"2025-05-08T10:49:34","modified_gmt":"2025-05-08T08:49:34","slug":"farbkarte-blatt-aus-edelmetall","status":"publish","type":"product","link":"https:\/\/www.manetti.com\/de\/produkt\/farbkarte-blatt-aus-edelmetall\/","title":{"rendered":"Farbkarte \u2013 Blatt Aus Edelmetall"},"content":{"rendered":"<p data-pm-slice=\"1 1 []\">N\u00fctzlich f\u00fcr professionelle Vergolder und Hobbyanwender: Diese Farbkarte erm\u00f6glicht den Vergleich von Farbton, Nuance, Glanz und Brillanz von Edelmetallbl\u00e4ttern. Die Karte enth\u00e4lt Muster von Bl\u00e4ttern aus verschiedenen Edelmetallen, darunter 24 kt Gelbgold, 23,5 kt Orangegold, 22 kt Ros\u00e9gold, 22,5 kt Champagnergold, 12 kt Wei\u00dfgold, Platin und Palladium.<\/p>\n<p data-pm-slice=\"1 1 []\">Ma\u00dfe: 30 x 21 cm<\/p>\n","protected":false},"excerpt":{"rendered":"<p data-pm-slice=\"1 1 []\">N\u00fctzlich f\u00fcr professionelle Vergolder und Hobbyanwender: Diese Farbkarte erm\u00f6glicht den Vergleich von Farbton, Nuance, Glanz und Brillanz von Edelmetallbl\u00e4ttern. Die Karte enth\u00e4lt Muster von Bl\u00e4ttern aus verschiedenen Edelmetallen, darunter 24 kt Gelbgold, 23,5 kt Orangegold, 22 kt Ros\u00e9gold, 22,5 kt Champagnergold, 12 kt Wei\u00dfgold, Platin und Palladium.<\/p>\n<p data-pm-slice=\"1 1 []\">Ma\u00dfe: 30 x 21 cm<\/p>\n<p> [&#8230;]<\/p>\n<p><a class=\"btn btn-secondary understrap-read-more-link\" href=\"https:\/\/www.manetti.com\/de\/produkt\/farbkarte-blatt-aus-edelmetall\/\">Weiterlesen&#8230;<\/a><\/p>\n","protected":false},"featured_media":81726,"template":"","meta":{"_acf_changed":false},"product_brand":[],"product_cat":[354],"product_tag":[],"product_area":[],"catalog_category":[795,970],"class_list":{"0":"post-81729","1":"product","2":"type-product","3":"status-publish","4":"has-post-thumbnail","6":"product_cat-echtes-blattgold","7":"catalog_category-vergoldung-und-restaurierung","8":"catalog_category-vergoldung-und-restaurierung-blattgold-und-andere-metalle","10":"first","11":"instock","12":"shipping-taxable","13":"purchasable","14":"product-type-simple"},"acf":[],"yoast_head":"<!-- This site is optimized with the Yoast SEO plugin v26.5 - https:\/\/yoast.com\/wordpress\/plugins\/seo\/ -->\n<title>Farbkarte \u2013 Blatt Aus Edelmetall | Giusto Manetti Battiloro<\/title>\n<meta name=\"description\" content=\"Giusto Manetti Battiloro Blattsilber in einem Heftchen ist eine absolute Neuheit f\u00fcr den Einzelhandel und Vertrieb in der Welt der Vergoldung.\" \/>\n<meta name=\"robots\" content=\"index, follow, max-snippet:-1, max-image-preview:large, max-video-preview:-1\" \/>\n<link rel=\"canonical\" href=\"https:\/\/www.manetti.com\/de\/produkt\/farbkarte-blatt-aus-edelmetall\/\" \/>\n<meta property=\"og:locale\" content=\"de_DE\" \/>\n<meta property=\"og:type\" content=\"article\" \/>\n<meta property=\"og:title\" content=\"Farbkarte \u2013 Blatt Aus Edelmetall | Giusto Manetti Battiloro\" \/>\n<meta property=\"og:description\" content=\"Giusto Manetti Battiloro Blattsilber in einem Heftchen ist eine absolute Neuheit f\u00fcr den Einzelhandel und Vertrieb in der Welt der Vergoldung.\" \/>\n<meta property=\"og:url\" content=\"https:\/\/www.manetti.com\/de\/produkt\/farbkarte-blatt-aus-edelmetall\/\" \/>\n<meta property=\"og:site_name\" content=\"Giusto Manetti Battiloro\" \/>\n<meta property=\"article:publisher\" content=\"https:\/\/www.facebook.com\/giustomanettibattiloro\" \/>\n<meta property=\"article:modified_time\" content=\"2025-05-08T08:49:34+00:00\" \/>\n<meta property=\"og:image\" content=\"https:\/\/www.manetti.com\/wp-content\/uploads\/2025\/05\/Cartella-Colori-_F827951_web.png\" \/>\n\t<meta property=\"og:image:width\" content=\"1200\" \/>\n\t<meta property=\"og:image:height\" content=\"1200\" \/>\n\t<meta property=\"og:image:type\" content=\"image\/png\" \/>\n<meta name=\"twitter:card\" content=\"summary_large_image\" \/>\n<script type=\"application\/ld+json\" class=\"yoast-schema-graph\">{\"@context\":\"https:\/\/schema.org\",\"@graph\":[{\"@type\":\"WebPage\",\"@id\":\"https:\/\/www.manetti.com\/de\/produkt\/farbkarte-blatt-aus-edelmetall\/\",\"url\":\"https:\/\/www.manetti.com\/de\/produkt\/farbkarte-blatt-aus-edelmetall\/\",\"name\":\"Farbkarte \u2013 Blatt Aus Edelmetall | Giusto Manetti Battiloro\",\"isPartOf\":{\"@id\":\"https:\/\/www.manetti.com\/de\/#website\"},\"primaryImageOfPage\":{\"@id\":\"https:\/\/www.manetti.com\/de\/produkt\/farbkarte-blatt-aus-edelmetall\/#primaryimage\"},\"image\":{\"@id\":\"https:\/\/www.manetti.com\/de\/produkt\/farbkarte-blatt-aus-edelmetall\/#primaryimage\"},\"thumbnailUrl\":\"https:\/\/www.manetti.com\/wp-content\/uploads\/2025\/05\/Cartella-Colori-_F827951_web.png\",\"datePublished\":\"2025-05-06T10:26:56+00:00\",\"dateModified\":\"2025-05-08T08:49:34+00:00\",\"description\":\"Giusto Manetti Battiloro Blattsilber in einem Heftchen ist eine absolute Neuheit f\u00fcr den Einzelhandel und Vertrieb in der Welt der Vergoldung.\",\"inLanguage\":\"de\",\"potentialAction\":[{\"@type\":\"ReadAction\",\"target\":[\"https:\/\/www.manetti.com\/de\/produkt\/farbkarte-blatt-aus-edelmetall\/\"]}]},{\"@type\":\"ImageObject\",\"inLanguage\":\"de\",\"@id\":\"https:\/\/www.manetti.com\/de\/produkt\/farbkarte-blatt-aus-edelmetall\/#primaryimage\",\"url\":\"https:\/\/www.manetti.com\/wp-content\/uploads\/2025\/05\/Cartella-Colori-_F827951_web.png\",\"contentUrl\":\"https:\/\/www.manetti.com\/wp-content\/uploads\/2025\/05\/Cartella-Colori-_F827951_web.png\",\"width\":1200,\"height\":1200},{\"@type\":\"WebSite\",\"@id\":\"https:\/\/www.manetti.com\/de\/#website\",\"url\":\"https:\/\/www.manetti.com\/de\/\",\"name\":\"Giusto Manetti Battiloro\",\"description\":\"\",\"publisher\":{\"@id\":\"https:\/\/www.manetti.com\/de\/#organization\"},\"potentialAction\":[{\"@type\":\"SearchAction\",\"target\":{\"@type\":\"EntryPoint\",\"urlTemplate\":\"https:\/\/www.manetti.com\/de\/?s={search_term_string}\"},\"query-input\":{\"@type\":\"PropertyValueSpecification\",\"valueRequired\":true,\"valueName\":\"search_term_string\"}}],\"inLanguage\":\"de\"},{\"@type\":\"Organization\",\"@id\":\"https:\/\/www.manetti.com\/de\/#organization\",\"name\":\"GIUSTO MANETTI BATTILORO S.P.A.\",\"url\":\"https:\/\/www.manetti.com\/de\/\",\"logo\":{\"@type\":\"ImageObject\",\"inLanguage\":\"de\",\"@id\":\"https:\/\/www.manetti.com\/de\/#\/schema\/logo\/image\/\",\"url\":\"https:\/\/www.manetti.com\/wp-content\/uploads\/2025\/02\/giusto-manetti-blu_300-02.png\",\"contentUrl\":\"https:\/\/www.manetti.com\/wp-content\/uploads\/2025\/02\/giusto-manetti-blu_300-02.png\",\"width\":1123,\"height\":1093,\"caption\":\"GIUSTO MANETTI BATTILORO S.P.A.\"},\"image\":{\"@id\":\"https:\/\/www.manetti.com\/de\/#\/schema\/logo\/image\/\"},\"sameAs\":[\"https:\/\/www.facebook.com\/giustomanettibattiloro\",\"https:\/\/www.instagram.com\/giustomanettibattiloro\/\",\"https:\/\/www.linkedin.com\/company\/giusto-manetti-battiloro-s-p-a-\/\",\"https:\/\/www.youtube.com\/user\/ManettiBattiloro\"]}]}<\/script>\n<!-- \/ Yoast SEO plugin. -->","yoast_head_json":{"title":"Farbkarte \u2013 Blatt Aus Edelmetall | Giusto Manetti Battiloro","description":"Giusto Manetti Battiloro Blattsilber in einem Heftchen ist eine absolute Neuheit f\u00fcr den Einzelhandel und Vertrieb in der Welt der Vergoldung.","robots":{"index":"index","follow":"follow","max-snippet":"max-snippet:-1","max-image-preview":"max-image-preview:large","max-video-preview":"max-video-preview:-1"},"canonical":"https:\/\/www.manetti.com\/de\/produkt\/farbkarte-blatt-aus-edelmetall\/","og_locale":"de_DE","og_type":"article","og_title":"Farbkarte \u2013 Blatt Aus Edelmetall | Giusto Manetti Battiloro","og_description":"Giusto Manetti Battiloro Blattsilber in einem Heftchen ist eine absolute Neuheit f\u00fcr den Einzelhandel und Vertrieb in der Welt der Vergoldung.","og_url":"https:\/\/www.manetti.com\/de\/produkt\/farbkarte-blatt-aus-edelmetall\/","og_site_name":"Giusto Manetti Battiloro","article_publisher":"https:\/\/www.facebook.com\/giustomanettibattiloro","article_modified_time":"2025-05-08T08:49:34+00:00","og_image":[{"width":1200,"height":1200,"url":"https:\/\/www.manetti.com\/wp-content\/uploads\/2025\/05\/Cartella-Colori-_F827951_web.png","type":"image\/png"}],"twitter_card":"summary_large_image","schema":{"@context":"https:\/\/schema.org","@graph":[{"@type":"WebPage","@id":"https:\/\/www.manetti.com\/de\/produkt\/farbkarte-blatt-aus-edelmetall\/","url":"https:\/\/www.manetti.com\/de\/produkt\/farbkarte-blatt-aus-edelmetall\/","name":"Farbkarte \u2013 Blatt Aus Edelmetall | Giusto Manetti Battiloro","isPartOf":{"@id":"https:\/\/www.manetti.com\/de\/#website"},"primaryImageOfPage":{"@id":"https:\/\/www.manetti.com\/de\/produkt\/farbkarte-blatt-aus-edelmetall\/#primaryimage"},"image":{"@id":"https:\/\/www.manetti.com\/de\/produkt\/farbkarte-blatt-aus-edelmetall\/#primaryimage"},"thumbnailUrl":"https:\/\/www.manetti.com\/wp-content\/uploads\/2025\/05\/Cartella-Colori-_F827951_web.png","datePublished":"2025-05-06T10:26:56+00:00","dateModified":"2025-05-08T08:49:34+00:00","description":"Giusto Manetti Battiloro Blattsilber in einem Heftchen ist eine absolute Neuheit f\u00fcr den Einzelhandel und Vertrieb in der Welt der Vergoldung.","inLanguage":"de","potentialAction":[{"@type":"ReadAction","target":["https:\/\/www.manetti.com\/de\/produkt\/farbkarte-blatt-aus-edelmetall\/"]}]},{"@type":"ImageObject","inLanguage":"de","@id":"https:\/\/www.manetti.com\/de\/produkt\/farbkarte-blatt-aus-edelmetall\/#primaryimage","url":"https:\/\/www.manetti.com\/wp-content\/uploads\/2025\/05\/Cartella-Colori-_F827951_web.png","contentUrl":"https:\/\/www.manetti.com\/wp-content\/uploads\/2025\/05\/Cartella-Colori-_F827951_web.png","width":1200,"height":1200},{"@type":"WebSite","@id":"https:\/\/www.manetti.com\/de\/#website","url":"https:\/\/www.manetti.com\/de\/","name":"Giusto Manetti Battiloro","description":"","publisher":{"@id":"https:\/\/www.manetti.com\/de\/#organization"},"potentialAction":[{"@type":"SearchAction","target":{"@type":"EntryPoint","urlTemplate":"https:\/\/www.manetti.com\/de\/?s={search_term_string}"},"query-input":{"@type":"PropertyValueSpecification","valueRequired":true,"valueName":"search_term_string"}}],"inLanguage":"de"},{"@type":"Organization","@id":"https:\/\/www.manetti.com\/de\/#organization","name":"GIUSTO MANETTI BATTILORO S.P.A.","url":"https:\/\/www.manetti.com\/de\/","logo":{"@type":"ImageObject","inLanguage":"de","@id":"https:\/\/www.manetti.com\/de\/#\/schema\/logo\/image\/","url":"https:\/\/www.manetti.com\/wp-content\/uploads\/2025\/02\/giusto-manetti-blu_300-02.png","contentUrl":"https:\/\/www.manetti.com\/wp-content\/uploads\/2025\/02\/giusto-manetti-blu_300-02.png","width":1123,"height":1093,"caption":"GIUSTO MANETTI BATTILORO S.P.A."},"image":{"@id":"https:\/\/www.manetti.com\/de\/#\/schema\/logo\/image\/"},"sameAs":["https:\/\/www.facebook.com\/giustomanettibattiloro","https:\/\/www.instagram.com\/giustomanettibattiloro\/","https:\/\/www.linkedin.com\/company\/giusto-manetti-battiloro-s-p-a-\/","https:\/\/www.youtube.com\/user\/ManettiBattiloro"]}]}},"_links":{"self":[{"href":"https:\/\/www.manetti.com\/de\/wp-json\/wp\/v2\/product\/81729","targetHints":{"allow":["GET"]}}],"collection":[{"href":"https:\/\/www.manetti.com\/de\/wp-json\/wp\/v2\/product"}],"about":[{"href":"https:\/\/www.manetti.com\/de\/wp-json\/wp\/v2\/types\/product"}],"wp:featuredmedia":[{"embeddable":true,"href":"https:\/\/www.manetti.com\/de\/wp-json\/wp\/v2\/media\/81726"}],"wp:attachment":[{"href":"https:\/\/www.manetti.com\/de\/wp-json\/wp\/v2\/media?parent=81729"}],"wp:term":[{"taxonomy":"product_brand","embeddable":true,"href":"https:\/\/www.manetti.com\/de\/wp-json\/wp\/v2\/product_brand?post=81729"},{"taxonomy":"product_cat","embeddable":true,"href":"https:\/\/www.manetti.com\/de\/wp-json\/wp\/v2\/product_cat?post=81729"},{"taxonomy":"product_tag","embeddable":true,"href":"https:\/\/www.manetti.com\/de\/wp-json\/wp\/v2\/product_tag?post=81729"},{"taxonomy":"product_area","embeddable":true,"href":"https:\/\/www.manetti.com\/de\/wp-json\/wp\/v2\/product_area?post=81729"},{"taxonomy":"catalog_category","embeddable":true,"href":"https:\/\/www.manetti.com\/de\/wp-json\/wp\/v2\/catalog_category?post=81729"}],"curies":[{"name":"wp","href":"https:\/\/api.w.org\/{rel}","templated":true}]}}