{"id":81746,"date":"2025-05-07T10:05:10","date_gmt":"2025-05-07T08:05:10","guid":{"rendered":"https:\/\/www.manetti.com\/?post_type=product&#038;p=81746"},"modified":"2025-05-08T17:20:47","modified_gmt":"2025-05-08T15:20:47","slug":"farbkarte-imitationsblattgold-2","status":"publish","type":"product","link":"https:\/\/www.manetti.com\/de\/produkt\/farbkarte-imitationsblattgold-2\/","title":{"rendered":"Farbkarte \u2013 Imitationsblattgold"},"content":{"rendered":"<p>Diese Farbmusterkarte wurde f\u00fcr alle entwickelt, die sich erstmals mit der Kunst der Vergoldung besch\u00e4ftigen. Sie bietet eine einfache und direkte M\u00f6glichkeit, die verf\u00fcgbaren T\u00f6ne von Imitationsblattgold kennenzulernen. Enthalten sind Originalmuster von zwei Goldvarianten sowie von Kupfer- und Aluminiumblatt. Ideal f\u00fcr Kunsthandwerker, Kreative und Hobbyanwender \u2013 ein praktisches Hilfsmittel, um den passenden Farbton f\u00fcr jedes k\u00fcnstlerische Projekt gezielt auszuw\u00e4hlen.<\/p>\n<p>Ma\u00dfe: 30 x 21 cm<\/p>\n","protected":false},"excerpt":{"rendered":"<p>Diese Farbmusterkarte wurde f\u00fcr alle entwickelt, die sich erstmals mit der Kunst der Vergoldung besch\u00e4ftigen. Sie bietet eine einfache und direkte M\u00f6glichkeit, die verf\u00fcgbaren T\u00f6ne von Imitationsblattgold kennenzulernen. Enthalten sind Originalmuster von zwei Goldvarianten sowie von Kupfer- und Aluminiumblatt. Ideal f\u00fcr Kunsthandwerker, Kreative und Hobbyanwender \u2013 ein praktisches Hilfsmittel, um den passenden Farbton f\u00fcr jedes k\u00fcnstlerische Projekt gezielt auszuw\u00e4hlen.<\/p>\n<p>Ma\u00dfe: 30 x 21 cm [&#8230;]<\/p>\n<p><a class=\"btn btn-secondary understrap-read-more-link\" href=\"https:\/\/www.manetti.com\/de\/produkt\/farbkarte-imitationsblattgold-2\/\">Weiterlesen&#8230;<\/a><\/p>\n","protected":false},"featured_media":81721,"template":"","meta":{"_acf_changed":false},"product_brand":[],"product_cat":[353],"product_tag":[],"product_area":[],"catalog_category":[803,822],"class_list":{"0":"post-81746","1":"product","2":"type-product","3":"status-publish","4":"has-post-thumbnail","6":"product_cat-schlagmetall","7":"catalog_category-vergoldung-mit-imitationsgoldblatt","8":"catalog_category-vergoldung-mit-imitationsgoldblatt-schlagmetall","10":"first","11":"instock","12":"shipping-taxable","13":"purchasable","14":"product-type-simple"},"acf":[],"yoast_head":"<!-- This site is optimized with the Yoast SEO plugin v26.5 - https:\/\/yoast.com\/wordpress\/plugins\/seo\/ -->\n<title>Farbkarte \u2013 Imitationsblattgold | Giusto Manetti Battiloro<\/title>\n<meta name=\"description\" content=\"Die Farbkarte \u2013 Imitationsblattgold erm\u00f6glicht den Vergleich von Farbe, Ton, Glanz und Brillanz des Imitationsgoldblatts von Giusto Manetti Battiloro .\" \/>\n<meta name=\"robots\" content=\"index, follow, max-snippet:-1, max-image-preview:large, max-video-preview:-1\" \/>\n<link rel=\"canonical\" href=\"https:\/\/www.manetti.com\/de\/produkt\/farbkarte-imitationsblattgold-2\/\" \/>\n<meta property=\"og:locale\" content=\"de_DE\" \/>\n<meta property=\"og:type\" content=\"article\" \/>\n<meta property=\"og:title\" content=\"Farbkarte \u2013 Imitationsblattgold | Giusto Manetti Battiloro\" \/>\n<meta property=\"og:description\" content=\"Die Farbkarte \u2013 Imitationsblattgold erm\u00f6glicht den Vergleich von Farbe, Ton, Glanz und Brillanz des Imitationsgoldblatts von Giusto Manetti Battiloro .\" \/>\n<meta property=\"og:url\" content=\"https:\/\/www.manetti.com\/de\/produkt\/farbkarte-imitationsblattgold-2\/\" \/>\n<meta property=\"og:site_name\" content=\"Giusto Manetti Battiloro\" \/>\n<meta property=\"article:publisher\" content=\"https:\/\/www.facebook.com\/giustomanettibattiloro\" \/>\n<meta property=\"article:modified_time\" content=\"2025-05-08T15:20:47+00:00\" \/>\n<meta property=\"og:image\" content=\"https:\/\/www.manetti.com\/wp-content\/uploads\/2025\/05\/Cartella-colori-IMI_manetti_web.png\" \/>\n\t<meta property=\"og:image:width\" content=\"900\" \/>\n\t<meta property=\"og:image:height\" content=\"900\" \/>\n\t<meta property=\"og:image:type\" content=\"image\/png\" \/>\n<meta name=\"twitter:card\" content=\"summary_large_image\" \/>\n<script type=\"application\/ld+json\" class=\"yoast-schema-graph\">{\"@context\":\"https:\/\/schema.org\",\"@graph\":[{\"@type\":\"WebPage\",\"@id\":\"https:\/\/www.manetti.com\/de\/produkt\/farbkarte-imitationsblattgold-2\/\",\"url\":\"https:\/\/www.manetti.com\/de\/produkt\/farbkarte-imitationsblattgold-2\/\",\"name\":\"Farbkarte \u2013 Imitationsblattgold | Giusto Manetti Battiloro\",\"isPartOf\":{\"@id\":\"https:\/\/www.manetti.com\/de\/#website\"},\"primaryImageOfPage\":{\"@id\":\"https:\/\/www.manetti.com\/de\/produkt\/farbkarte-imitationsblattgold-2\/#primaryimage\"},\"image\":{\"@id\":\"https:\/\/www.manetti.com\/de\/produkt\/farbkarte-imitationsblattgold-2\/#primaryimage\"},\"thumbnailUrl\":\"https:\/\/www.manetti.com\/wp-content\/uploads\/2025\/05\/Cartella-colori-IMI_manetti_web.png\",\"datePublished\":\"2025-05-07T08:05:10+00:00\",\"dateModified\":\"2025-05-08T15:20:47+00:00\",\"description\":\"Die Farbkarte \u2013 Imitationsblattgold erm\u00f6glicht den Vergleich von Farbe, Ton, Glanz und Brillanz des Imitationsgoldblatts von Giusto Manetti Battiloro .\",\"inLanguage\":\"de\",\"potentialAction\":[{\"@type\":\"ReadAction\",\"target\":[\"https:\/\/www.manetti.com\/de\/produkt\/farbkarte-imitationsblattgold-2\/\"]}]},{\"@type\":\"ImageObject\",\"inLanguage\":\"de\",\"@id\":\"https:\/\/www.manetti.com\/de\/produkt\/farbkarte-imitationsblattgold-2\/#primaryimage\",\"url\":\"https:\/\/www.manetti.com\/wp-content\/uploads\/2025\/05\/Cartella-colori-IMI_manetti_web.png\",\"contentUrl\":\"https:\/\/www.manetti.com\/wp-content\/uploads\/2025\/05\/Cartella-colori-IMI_manetti_web.png\",\"width\":900,\"height\":900},{\"@type\":\"WebSite\",\"@id\":\"https:\/\/www.manetti.com\/de\/#website\",\"url\":\"https:\/\/www.manetti.com\/de\/\",\"name\":\"Giusto Manetti Battiloro\",\"description\":\"\",\"publisher\":{\"@id\":\"https:\/\/www.manetti.com\/de\/#organization\"},\"potentialAction\":[{\"@type\":\"SearchAction\",\"target\":{\"@type\":\"EntryPoint\",\"urlTemplate\":\"https:\/\/www.manetti.com\/de\/?s={search_term_string}\"},\"query-input\":{\"@type\":\"PropertyValueSpecification\",\"valueRequired\":true,\"valueName\":\"search_term_string\"}}],\"inLanguage\":\"de\"},{\"@type\":\"Organization\",\"@id\":\"https:\/\/www.manetti.com\/de\/#organization\",\"name\":\"GIUSTO MANETTI BATTILORO S.P.A.\",\"url\":\"https:\/\/www.manetti.com\/de\/\",\"logo\":{\"@type\":\"ImageObject\",\"inLanguage\":\"de\",\"@id\":\"https:\/\/www.manetti.com\/de\/#\/schema\/logo\/image\/\",\"url\":\"https:\/\/www.manetti.com\/wp-content\/uploads\/2025\/02\/giusto-manetti-blu_300-02.png\",\"contentUrl\":\"https:\/\/www.manetti.com\/wp-content\/uploads\/2025\/02\/giusto-manetti-blu_300-02.png\",\"width\":1123,\"height\":1093,\"caption\":\"GIUSTO MANETTI BATTILORO S.P.A.\"},\"image\":{\"@id\":\"https:\/\/www.manetti.com\/de\/#\/schema\/logo\/image\/\"},\"sameAs\":[\"https:\/\/www.facebook.com\/giustomanettibattiloro\",\"https:\/\/www.instagram.com\/giustomanettibattiloro\/\",\"https:\/\/www.linkedin.com\/company\/giusto-manetti-battiloro-s-p-a-\/\",\"https:\/\/www.youtube.com\/user\/ManettiBattiloro\"]}]}<\/script>\n<!-- \/ Yoast SEO plugin. -->","yoast_head_json":{"title":"Farbkarte \u2013 Imitationsblattgold | Giusto Manetti Battiloro","description":"Die Farbkarte \u2013 Imitationsblattgold erm\u00f6glicht den Vergleich von Farbe, Ton, Glanz und Brillanz des Imitationsgoldblatts von Giusto Manetti Battiloro .","robots":{"index":"index","follow":"follow","max-snippet":"max-snippet:-1","max-image-preview":"max-image-preview:large","max-video-preview":"max-video-preview:-1"},"canonical":"https:\/\/www.manetti.com\/de\/produkt\/farbkarte-imitationsblattgold-2\/","og_locale":"de_DE","og_type":"article","og_title":"Farbkarte \u2013 Imitationsblattgold | Giusto Manetti Battiloro","og_description":"Die Farbkarte \u2013 Imitationsblattgold erm\u00f6glicht den Vergleich von Farbe, Ton, Glanz und Brillanz des Imitationsgoldblatts von Giusto Manetti Battiloro .","og_url":"https:\/\/www.manetti.com\/de\/produkt\/farbkarte-imitationsblattgold-2\/","og_site_name":"Giusto Manetti Battiloro","article_publisher":"https:\/\/www.facebook.com\/giustomanettibattiloro","article_modified_time":"2025-05-08T15:20:47+00:00","og_image":[{"width":900,"height":900,"url":"https:\/\/www.manetti.com\/wp-content\/uploads\/2025\/05\/Cartella-colori-IMI_manetti_web.png","type":"image\/png"}],"twitter_card":"summary_large_image","schema":{"@context":"https:\/\/schema.org","@graph":[{"@type":"WebPage","@id":"https:\/\/www.manetti.com\/de\/produkt\/farbkarte-imitationsblattgold-2\/","url":"https:\/\/www.manetti.com\/de\/produkt\/farbkarte-imitationsblattgold-2\/","name":"Farbkarte \u2013 Imitationsblattgold | Giusto Manetti Battiloro","isPartOf":{"@id":"https:\/\/www.manetti.com\/de\/#website"},"primaryImageOfPage":{"@id":"https:\/\/www.manetti.com\/de\/produkt\/farbkarte-imitationsblattgold-2\/#primaryimage"},"image":{"@id":"https:\/\/www.manetti.com\/de\/produkt\/farbkarte-imitationsblattgold-2\/#primaryimage"},"thumbnailUrl":"https:\/\/www.manetti.com\/wp-content\/uploads\/2025\/05\/Cartella-colori-IMI_manetti_web.png","datePublished":"2025-05-07T08:05:10+00:00","dateModified":"2025-05-08T15:20:47+00:00","description":"Die Farbkarte \u2013 Imitationsblattgold erm\u00f6glicht den Vergleich von Farbe, Ton, Glanz und Brillanz des Imitationsgoldblatts von Giusto Manetti Battiloro .","inLanguage":"de","potentialAction":[{"@type":"ReadAction","target":["https:\/\/www.manetti.com\/de\/produkt\/farbkarte-imitationsblattgold-2\/"]}]},{"@type":"ImageObject","inLanguage":"de","@id":"https:\/\/www.manetti.com\/de\/produkt\/farbkarte-imitationsblattgold-2\/#primaryimage","url":"https:\/\/www.manetti.com\/wp-content\/uploads\/2025\/05\/Cartella-colori-IMI_manetti_web.png","contentUrl":"https:\/\/www.manetti.com\/wp-content\/uploads\/2025\/05\/Cartella-colori-IMI_manetti_web.png","width":900,"height":900},{"@type":"WebSite","@id":"https:\/\/www.manetti.com\/de\/#website","url":"https:\/\/www.manetti.com\/de\/","name":"Giusto Manetti Battiloro","description":"","publisher":{"@id":"https:\/\/www.manetti.com\/de\/#organization"},"potentialAction":[{"@type":"SearchAction","target":{"@type":"EntryPoint","urlTemplate":"https:\/\/www.manetti.com\/de\/?s={search_term_string}"},"query-input":{"@type":"PropertyValueSpecification","valueRequired":true,"valueName":"search_term_string"}}],"inLanguage":"de"},{"@type":"Organization","@id":"https:\/\/www.manetti.com\/de\/#organization","name":"GIUSTO MANETTI BATTILORO S.P.A.","url":"https:\/\/www.manetti.com\/de\/","logo":{"@type":"ImageObject","inLanguage":"de","@id":"https:\/\/www.manetti.com\/de\/#\/schema\/logo\/image\/","url":"https:\/\/www.manetti.com\/wp-content\/uploads\/2025\/02\/giusto-manetti-blu_300-02.png","contentUrl":"https:\/\/www.manetti.com\/wp-content\/uploads\/2025\/02\/giusto-manetti-blu_300-02.png","width":1123,"height":1093,"caption":"GIUSTO MANETTI BATTILORO S.P.A."},"image":{"@id":"https:\/\/www.manetti.com\/de\/#\/schema\/logo\/image\/"},"sameAs":["https:\/\/www.facebook.com\/giustomanettibattiloro","https:\/\/www.instagram.com\/giustomanettibattiloro\/","https:\/\/www.linkedin.com\/company\/giusto-manetti-battiloro-s-p-a-\/","https:\/\/www.youtube.com\/user\/ManettiBattiloro"]}]}},"_links":{"self":[{"href":"https:\/\/www.manetti.com\/de\/wp-json\/wp\/v2\/product\/81746","targetHints":{"allow":["GET"]}}],"collection":[{"href":"https:\/\/www.manetti.com\/de\/wp-json\/wp\/v2\/product"}],"about":[{"href":"https:\/\/www.manetti.com\/de\/wp-json\/wp\/v2\/types\/product"}],"wp:featuredmedia":[{"embeddable":true,"href":"https:\/\/www.manetti.com\/de\/wp-json\/wp\/v2\/media\/81721"}],"wp:attachment":[{"href":"https:\/\/www.manetti.com\/de\/wp-json\/wp\/v2\/media?parent=81746"}],"wp:term":[{"taxonomy":"product_brand","embeddable":true,"href":"https:\/\/www.manetti.com\/de\/wp-json\/wp\/v2\/product_brand?post=81746"},{"taxonomy":"product_cat","embeddable":true,"href":"https:\/\/www.manetti.com\/de\/wp-json\/wp\/v2\/product_cat?post=81746"},{"taxonomy":"product_tag","embeddable":true,"href":"https:\/\/www.manetti.com\/de\/wp-json\/wp\/v2\/product_tag?post=81746"},{"taxonomy":"product_area","embeddable":true,"href":"https:\/\/www.manetti.com\/de\/wp-json\/wp\/v2\/product_area?post=81746"},{"taxonomy":"catalog_category","embeddable":true,"href":"https:\/\/www.manetti.com\/de\/wp-json\/wp\/v2\/catalog_category?post=81746"}],"curies":[{"name":"wp","href":"https:\/\/api.w.org\/{rel}","templated":true}]}}